{"id":23321,"date":"2023-05-23T11:19:45","date_gmt":"2023-05-23T08:19:45","guid":{"rendered":"https:\/\/beautyinstitute.ee\/?post_type=product&#038;p=23321"},"modified":"2026-04-28T17:42:56","modified_gmt":"2026-04-28T14:42:56","slug":"medhyal-seerum-collagen-manager","status":"publish","type":"product","link":"https:\/\/beautyinstitute.ee\/ru\/toode\/medhyal-seerum-collagen-manager\/","title":{"rendered":"Medhyal Seerum Collagen Manager"},"content":{"rendered":"<p>GEELSEERUM KONTROLLIB KOLLAGEENI\u00a0TEKET JA JAOTUMIST<\/p>\n<p>M\u00d5JU:\u00a0Taimne kollageeni v\u00f5imendaja ja vaskpeptiidid aktiveerivad kvaliteetse kollageeni\u00a0s\u00fcnteesi. Tulemuseks on n\u00e4htav kortsude v\u00e4henemine ja n\u00e4okontuuride pinguldumine.<\/p>\n<p>NAHAT\u00dc\u00dcP:\u00a0K\u00f5ik nahat\u00fc\u00fcbid, eriti kortsude ja elastsuse kaotamise ning venitusarmide korral.<\/p>\n<p>EELISED:<\/p>\n<ul>\n<li>v\u00e4hendab kortse<\/li>\n<li>pinguldab n\u00e4okontuure<\/li>\n<li>suurendab naha tugevust\/tihedust<\/li>\n<li>parandab venitusarmide v\u00e4limust<\/li>\n<li>\u00fchildub ultraheliga<\/li>\n<\/ul>\n<p>KASUTAMINE: Kanna seerumit \u00fchtlaselt puhastatud nahale hommikul ja\/v\u00f5i \u00f5htul ja masseeri\u00a0\u00f5rnalt sisse. Seej\u00e4rel kasuta igap\u00e4evast nahahooldust. Koduhoolduseks p\u00e4rast\u00a0CNC Micro Needling PRO hooldust, ideaalne koos MED HYAL kreemiga.<\/p>\n<p>AKTIIVAINED:\u00a0Vask tripeptiid-1, taimne kollageeni\u00a0stimulaator (Bulbine fructescens),vitamiinikompleks, k\u00f5rge molekulmas-<br \/>\nsiga h\u00fcaluroonhape, kapseldatud\u00a0h\u00fcaluroonhape.<\/p>\n","protected":false},"excerpt":{"rendered":"<p>GEELSEERUM KONTROLLIB KOLLAGEENI\u00a0TEKET JA JAOTUMIST M\u00d5JU:\u00a0Taimne kollageeni v\u00f5imendaja ja vaskpeptiidid aktiveerivad kvaliteetse kollageeni\u00a0s\u00fcnteesi. Tulemuseks on n\u00e4htav kortsude v\u00e4henemine ja n\u00e4okontuuride pinguldumine. NAHAT\u00dc\u00dcP:\u00a0K\u00f5ik nahat\u00fc\u00fcbid, eriti kortsude ja elastsuse kaotamise ning venitusarmide korral. EELISED: v\u00e4hendab kortse pinguldab n\u00e4okontuure suurendab naha tugevust\/tihedust parandab venitusarmide v\u00e4limust \u00fchildub ultraheliga KASUTAMINE: Kanna seerumit \u00fchtlaselt puhastatud nahale hommikul ja\/v\u00f5i \u00f5htul ja masseeri\u00a0\u00f5rnalt [&hellip;]<\/p>\n","protected":false},"featured_media":23323,"template":"","meta":{"_acf_changed":false},"product_cat":[289,249,137,135],"product_tag":[],"class_list":["post-23321","product","type-product","status-publish","has-post-thumbnail","hentry","product_cat-medhyal-profi","product_cat-seerumid-2","product_cat-micro-needling-pen","product_cat-ultrasonic-beauty-light"],"acf":[],"yoast_head":"<!-- This site is optimized with the Yoast SEO plugin v25.4 - https:\/\/yoast.com\/wordpress\/plugins\/seo\/ -->\n<title>Medhyal Seerum Collagen Manager - Beauty Institute<\/title>\n<meta name=\"robots\" content=\"index, follow, max-snippet:-1, max-image-preview:large, max-video-preview:-1\" \/>\n<link rel=\"canonical\" href=\"https:\/\/beautyinstitute.ee\/toode\/medhyal-seerum-collagen-manager\/\" \/>\n<meta property=\"og:locale\" content=\"ru_RU\" \/>\n<meta property=\"og:type\" content=\"article\" \/>\n<meta property=\"og:title\" content=\"Medhyal Seerum Collagen Manager - Beauty Institute\" \/>\n<meta property=\"og:description\" content=\"GEELSEERUM KONTROLLIB KOLLAGEENI\u00a0TEKET JA JAOTUMIST M\u00d5JU:\u00a0Taimne kollageeni v\u00f5imendaja ja vaskpeptiidid aktiveerivad kvaliteetse kollageeni\u00a0s\u00fcnteesi. Tulemuseks on n\u00e4htav kortsude v\u00e4henemine ja n\u00e4okontuuride pinguldumine. NAHAT\u00dc\u00dcP:\u00a0K\u00f5ik nahat\u00fc\u00fcbid, eriti kortsude ja elastsuse kaotamise ning venitusarmide korral. EELISED: v\u00e4hendab kortse pinguldab n\u00e4okontuure suurendab naha tugevust\/tihedust parandab venitusarmide v\u00e4limust \u00fchildub ultraheliga KASUTAMINE: Kanna seerumit \u00fchtlaselt puhastatud nahale hommikul ja\/v\u00f5i \u00f5htul ja masseeri\u00a0\u00f5rnalt [&hellip;]\" \/>\n<meta property=\"og:url\" content=\"https:\/\/beautyinstitute.ee\/toode\/medhyal-seerum-collagen-manager\/\" \/>\n<meta property=\"og:site_name\" content=\"Beauty Institute\" \/>\n<meta property=\"article:modified_time\" content=\"2026-04-28T14:42:56+00:00\" \/>\n<meta property=\"og:image\" content=\"https:\/\/beautyinstitute.ee\/wp-content\/uploads\/2023\/05\/manager-collagen.jpeg\" \/>\n\t<meta property=\"og:image:width\" content=\"2000\" \/>\n\t<meta property=\"og:image:height\" content=\"2000\" \/>\n\t<meta property=\"og:image:type\" content=\"image\/jpeg\" \/>\n<meta name=\"twitter:card\" content=\"summary_large_image\" \/>\n<meta name=\"twitter:site\" content=\"@Beauty_Eesti\" \/>\n<meta name=\"twitter:label1\" content=\"\u041f\u0440\u0438\u043c\u0435\u0440\u043d\u043e\u0435 \u0432\u0440\u0435\u043c\u044f \u0434\u043b\u044f \u0447\u0442\u0435\u043d\u0438\u044f\" \/>\n\t<meta name=\"twitter:data1\" content=\"1 \u043c\u0438\u043d\u0443\u0442\u0430\" \/>\n<script type=\"application\/ld+json\" class=\"yoast-schema-graph\">{\"@context\":\"https:\/\/schema.org\",\"@graph\":[{\"@type\":\"WebPage\",\"@id\":\"https:\/\/beautyinstitute.ee\/toode\/medhyal-seerum-collagen-manager\/\",\"url\":\"https:\/\/beautyinstitute.ee\/toode\/medhyal-seerum-collagen-manager\/\",\"name\":\"Medhyal Seerum Collagen Manager - Beauty Institute\",\"isPartOf\":{\"@id\":\"https:\/\/beautyinstitute.ee\/#website\"},\"primaryImageOfPage\":{\"@id\":\"https:\/\/beautyinstitute.ee\/toode\/medhyal-seerum-collagen-manager\/#primaryimage\"},\"image\":{\"@id\":\"https:\/\/beautyinstitute.ee\/toode\/medhyal-seerum-collagen-manager\/#primaryimage\"},\"thumbnailUrl\":\"https:\/\/beautyinstitute.ee\/wp-content\/uploads\/2023\/05\/manager-collagen.jpeg\",\"datePublished\":\"2023-05-23T08:19:45+00:00\",\"dateModified\":\"2026-04-28T14:42:56+00:00\",\"breadcrumb\":{\"@id\":\"https:\/\/beautyinstitute.ee\/toode\/medhyal-seerum-collagen-manager\/#breadcrumb\"},\"inLanguage\":\"ru-RU\",\"potentialAction\":[{\"@type\":\"ReadAction\",\"target\":[\"https:\/\/beautyinstitute.ee\/toode\/medhyal-seerum-collagen-manager\/\"]}]},{\"@type\":\"ImageObject\",\"inLanguage\":\"ru-RU\",\"@id\":\"https:\/\/beautyinstitute.ee\/toode\/medhyal-seerum-collagen-manager\/#primaryimage\",\"url\":\"https:\/\/beautyinstitute.ee\/wp-content\/uploads\/2023\/05\/manager-collagen.jpeg\",\"contentUrl\":\"https:\/\/beautyinstitute.ee\/wp-content\/uploads\/2023\/05\/manager-collagen.jpeg\",\"width\":2000,\"height\":2000},{\"@type\":\"BreadcrumbList\",\"@id\":\"https:\/\/beautyinstitute.ee\/toode\/medhyal-seerum-collagen-manager\/#breadcrumb\",\"itemListElement\":[{\"@type\":\"ListItem\",\"position\":1,\"name\":\"Home\",\"item\":\"https:\/\/beautyinstitute.ee\/ru\/\"},{\"@type\":\"ListItem\",\"position\":2,\"name\":\"E-pood\",\"item\":\"https:\/\/beautyinstitute.ee\/e-pood\/\"},{\"@type\":\"ListItem\",\"position\":3,\"name\":\"Medhyal Seerum Collagen Manager\"}]},{\"@type\":\"WebSite\",\"@id\":\"https:\/\/beautyinstitute.ee\/#website\",\"url\":\"https:\/\/beautyinstitute.ee\/\",\"name\":\"Beauty Institute\",\"description\":\"CNC Cosmetic ametlik maaletooja ja edasim\u00fc\u00fcja Eestis, Soomes, L\u00e4tis. Aparaadikosmeetika, koolitused, kosmeetikatooted.\",\"potentialAction\":[{\"@type\":\"SearchAction\",\"target\":{\"@type\":\"EntryPoint\",\"urlTemplate\":\"https:\/\/beautyinstitute.ee\/?s={search_term_string}\"},\"query-input\":{\"@type\":\"PropertyValueSpecification\",\"valueRequired\":true,\"valueName\":\"search_term_string\"}}],\"inLanguage\":\"ru-RU\"}]}<\/script>\n<!-- \/ Yoast SEO plugin. -->","yoast_head_json":{"title":"Medhyal Seerum Collagen Manager - Beauty Institute","robots":{"index":"index","follow":"follow","max-snippet":"max-snippet:-1","max-image-preview":"max-image-preview:large","max-video-preview":"max-video-preview:-1"},"canonical":"https:\/\/beautyinstitute.ee\/toode\/medhyal-seerum-collagen-manager\/","og_locale":"ru_RU","og_type":"article","og_title":"Medhyal Seerum Collagen Manager - Beauty Institute","og_description":"GEELSEERUM KONTROLLIB KOLLAGEENI\u00a0TEKET JA JAOTUMIST M\u00d5JU:\u00a0Taimne kollageeni v\u00f5imendaja ja vaskpeptiidid aktiveerivad kvaliteetse kollageeni\u00a0s\u00fcnteesi. Tulemuseks on n\u00e4htav kortsude v\u00e4henemine ja n\u00e4okontuuride pinguldumine. NAHAT\u00dc\u00dcP:\u00a0K\u00f5ik nahat\u00fc\u00fcbid, eriti kortsude ja elastsuse kaotamise ning venitusarmide korral. EELISED: v\u00e4hendab kortse pinguldab n\u00e4okontuure suurendab naha tugevust\/tihedust parandab venitusarmide v\u00e4limust \u00fchildub ultraheliga KASUTAMINE: Kanna seerumit \u00fchtlaselt puhastatud nahale hommikul ja\/v\u00f5i \u00f5htul ja masseeri\u00a0\u00f5rnalt [&hellip;]","og_url":"https:\/\/beautyinstitute.ee\/toode\/medhyal-seerum-collagen-manager\/","og_site_name":"Beauty Institute","article_modified_time":"2026-04-28T14:42:56+00:00","og_image":[{"width":2000,"height":2000,"url":"https:\/\/beautyinstitute.ee\/wp-content\/uploads\/2023\/05\/manager-collagen.jpeg","type":"image\/jpeg"}],"twitter_card":"summary_large_image","twitter_site":"@Beauty_Eesti","twitter_misc":{"\u041f\u0440\u0438\u043c\u0435\u0440\u043d\u043e\u0435 \u0432\u0440\u0435\u043c\u044f \u0434\u043b\u044f \u0447\u0442\u0435\u043d\u0438\u044f":"1 \u043c\u0438\u043d\u0443\u0442\u0430"},"schema":{"@context":"https:\/\/schema.org","@graph":[{"@type":"WebPage","@id":"https:\/\/beautyinstitute.ee\/toode\/medhyal-seerum-collagen-manager\/","url":"https:\/\/beautyinstitute.ee\/toode\/medhyal-seerum-collagen-manager\/","name":"Medhyal Seerum Collagen Manager - Beauty Institute","isPartOf":{"@id":"https:\/\/beautyinstitute.ee\/#website"},"primaryImageOfPage":{"@id":"https:\/\/beautyinstitute.ee\/toode\/medhyal-seerum-collagen-manager\/#primaryimage"},"image":{"@id":"https:\/\/beautyinstitute.ee\/toode\/medhyal-seerum-collagen-manager\/#primaryimage"},"thumbnailUrl":"https:\/\/beautyinstitute.ee\/wp-content\/uploads\/2023\/05\/manager-collagen.jpeg","datePublished":"2023-05-23T08:19:45+00:00","dateModified":"2026-04-28T14:42:56+00:00","breadcrumb":{"@id":"https:\/\/beautyinstitute.ee\/toode\/medhyal-seerum-collagen-manager\/#breadcrumb"},"inLanguage":"ru-RU","potentialAction":[{"@type":"ReadAction","target":["https:\/\/beautyinstitute.ee\/toode\/medhyal-seerum-collagen-manager\/"]}]},{"@type":"ImageObject","inLanguage":"ru-RU","@id":"https:\/\/beautyinstitute.ee\/toode\/medhyal-seerum-collagen-manager\/#primaryimage","url":"https:\/\/beautyinstitute.ee\/wp-content\/uploads\/2023\/05\/manager-collagen.jpeg","contentUrl":"https:\/\/beautyinstitute.ee\/wp-content\/uploads\/2023\/05\/manager-collagen.jpeg","width":2000,"height":2000},{"@type":"BreadcrumbList","@id":"https:\/\/beautyinstitute.ee\/toode\/medhyal-seerum-collagen-manager\/#breadcrumb","itemListElement":[{"@type":"ListItem","position":1,"name":"Home","item":"https:\/\/beautyinstitute.ee\/ru\/"},{"@type":"ListItem","position":2,"name":"E-pood","item":"https:\/\/beautyinstitute.ee\/e-pood\/"},{"@type":"ListItem","position":3,"name":"Medhyal Seerum Collagen Manager"}]},{"@type":"WebSite","@id":"https:\/\/beautyinstitute.ee\/#website","url":"https:\/\/beautyinstitute.ee\/","name":"Beauty Institute","description":"CNC Cosmetic ametlik maaletooja ja edasim\u00fc\u00fcja Eestis, Soomes, L\u00e4tis. Aparaadikosmeetika, koolitused, kosmeetikatooted.","potentialAction":[{"@type":"SearchAction","target":{"@type":"EntryPoint","urlTemplate":"https:\/\/beautyinstitute.ee\/?s={search_term_string}"},"query-input":{"@type":"PropertyValueSpecification","valueRequired":true,"valueName":"search_term_string"}}],"inLanguage":"ru-RU"}]}},"_links":{"self":[{"href":"https:\/\/beautyinstitute.ee\/ru\/wp-json\/wp\/v2\/product\/23321","targetHints":{"allow":["GET"]}}],"collection":[{"href":"https:\/\/beautyinstitute.ee\/ru\/wp-json\/wp\/v2\/product"}],"about":[{"href":"https:\/\/beautyinstitute.ee\/ru\/wp-json\/wp\/v2\/types\/product"}],"wp:featuredmedia":[{"embeddable":true,"href":"https:\/\/beautyinstitute.ee\/ru\/wp-json\/wp\/v2\/media\/23323"}],"wp:attachment":[{"href":"https:\/\/beautyinstitute.ee\/ru\/wp-json\/wp\/v2\/media?parent=23321"}],"wp:term":[{"taxonomy":"product_cat","embeddable":true,"href":"https:\/\/beautyinstitute.ee\/ru\/wp-json\/wp\/v2\/product_cat?post=23321"},{"taxonomy":"product_tag","embeddable":true,"href":"https:\/\/beautyinstitute.ee\/ru\/wp-json\/wp\/v2\/product_tag?post=23321"}],"curies":[{"name":"wp","href":"https:\/\/api.w.org\/{rel}","templated":true}]}}