{"id":23328,"date":"2023-05-23T12:03:48","date_gmt":"2023-05-23T09:03:48","guid":{"rendered":"https:\/\/beautyinstitute.ee\/?post_type=product&#038;p=23328"},"modified":"2026-04-27T14:50:55","modified_gmt":"2026-04-27T11:50:55","slug":"edition-lift-treatment","status":"publish","type":"product","link":"https:\/\/beautyinstitute.ee\/ru\/toode\/edition-lift-treatment\/","title":{"rendered":"Edition Lift Treatment"},"content":{"rendered":"<p><strong>V\u00f5imas vananemisvastane duo: Edition Lift ampullid ja 3.5 kreem<\/strong><\/p>\n<p>Koge nooruslikkust ja eluj\u00f5udu, mida pakub meie uuenduslik vananemisvastane kuur! Alusta oma teekonda juba t\u00e4na ja m\u00e4rka selle kiireid tulemusi. Kasutades Edition Lift tooteid kuurina, m\u00e4rkad juba esimestel p\u00e4evadel, kuidas kortsud taanduvad ning nahk muutub siledaks, s\u00e4ravaks ja visuaalselt t\u00f5stetuks.<\/p>\n<p><strong>Edition Lift ampullid<\/strong> (30&#215;2 ml): Mereplankton ja bimolekulaarne h\u00fcaluroonhape t\u00e4idavad kortse juba p\u00e4rast esimest kasutamist. Ampullid muudavad naha siledaks ja nooruslikult pinguldatuks. Bioloogiliselt toodetud intelligentsete peptiidide erakordne kombinatsioon stimuleerib kollageeni kiudude taastootmist, andes nahale pringima v\u00e4limuse ja v\u00e4hendades kortse.<\/p>\n<p><strong>Edition 3.5 kreem<\/strong> (50 ml): Kolmedimensionaalne hooldus, mis t\u00f5stab n\u00e4okontuure ja silub kortse, tagades t\u00f5husa ja m\u00e4rgatava vananemisvastase toime. Tervita kevadet s\u00e4rava ja elastse nahaga. Meie kvaliteetsed tooted annavad Sinu nahale uue hingamise.<\/p>\n<p><strong>Tulemused, mida v\u00f5id oodata:\u00a0<\/strong><\/p>\n<ul>\n<li>Siledam ja nooruslikum nahk<\/li>\n<li>Intensiivne niisutus eri nahakihtides.<\/li>\n<li>Vanusest tulenevate ja miimikakortsude m\u00e4rkimisv\u00e4\u00e4rne v\u00e4henemine.<\/li>\n<li>Kollageeni tootmise stimuleerimine ja kollageeni kiu kaitsmine lagunemise eest.<\/li>\n<li>Erakordne toimeaine &#8220;Youth Gene&#8221;, mis stimuleerib nahka looma selle loomup\u00e4raseid t\u00e4iteaineid, taastades naha noorusliku v\u00e4limuse ja vol\u00fc\u00fcmi.<\/li>\n<\/ul>\n<p><em>Kuidas teha intensiivset kuuri?<\/em><br \/>\nKanna pool ampulli hommikul ja teine pool \u00f5htul puhastatud ja toniseeritud n\u00e4ole ning kaelale. P\u00e4rast seerumi t\u00e4ielikku imendumist kanna peale Edition 3.5 kreem. J\u00e4tkuva ja pikaajalise tulemuse saavutamiseks kasuta kreemi ka p\u00e4rast ampullide kuuri l\u00f5ppemist.<br \/>\nAlusta oma p\u00e4eva Edition Lift&#8217;iga ja vaata, kuidas Su nahk muutub iga p\u00e4evaga \u00fcha kaunimaks. Too oma iluhooldusesse kevade v\u00e4rskus, lase oma nahal \u00f5ide puhkeda ja tervita kevadet s\u00e4rava ning sileda nahaga.<\/p>\n<p>Meie CNC Edition Lift Treatment aitab t\u00f5sta n\u00e4okontuure ja v\u00e4hendada kortse, tuues esile Sinu loomuliku ilu.<\/p>\n<p>Pane t\u00e4hele: Tulemus, mis kestab \u2013 Edition Lift ampullid ja 3.5 kreem!<\/p>\n","protected":false},"excerpt":{"rendered":"<p>V\u00f5imas vananemisvastane duo: Edition Lift ampullid ja 3.5 kreem Koge nooruslikkust ja eluj\u00f5udu, mida pakub meie uuenduslik vananemisvastane kuur! Alusta oma teekonda juba t\u00e4na ja m\u00e4rka selle kiireid tulemusi. Kasutades Edition Lift tooteid kuurina, m\u00e4rkad juba esimestel p\u00e4evadel, kuidas kortsud taanduvad ning nahk muutub siledaks, s\u00e4ravaks ja visuaalselt t\u00f5stetuks. Edition Lift ampullid (30&#215;2 ml): Mereplankton [&hellip;]<\/p>\n","protected":false},"featured_media":23427,"template":"","meta":{"_acf_changed":false},"product_cat":[323,258,250],"product_tag":[],"class_list":["post-23328","product","type-product","status-publish","has-post-thumbnail","hentry","product_cat-jooulud-2025","product_cat-kit-komplektid","product_cat-naokreemid"],"acf":[],"yoast_head":"<!-- This site is optimized with the Yoast SEO plugin v25.4 - https:\/\/yoast.com\/wordpress\/plugins\/seo\/ -->\n<title>Edition Lift Treatment - Beauty Institute<\/title>\n<meta name=\"robots\" content=\"index, follow, max-snippet:-1, max-image-preview:large, max-video-preview:-1\" \/>\n<link rel=\"canonical\" href=\"https:\/\/beautyinstitute.ee\/toode\/edition-lift-treatment\/\" \/>\n<meta property=\"og:locale\" content=\"ru_RU\" \/>\n<meta property=\"og:type\" content=\"article\" \/>\n<meta property=\"og:title\" content=\"Edition Lift Treatment - Beauty Institute\" \/>\n<meta property=\"og:description\" content=\"V\u00f5imas vananemisvastane duo: Edition Lift ampullid ja 3.5 kreem Koge nooruslikkust ja eluj\u00f5udu, mida pakub meie uuenduslik vananemisvastane kuur! Alusta oma teekonda juba t\u00e4na ja m\u00e4rka selle kiireid tulemusi. Kasutades Edition Lift tooteid kuurina, m\u00e4rkad juba esimestel p\u00e4evadel, kuidas kortsud taanduvad ning nahk muutub siledaks, s\u00e4ravaks ja visuaalselt t\u00f5stetuks. Edition Lift ampullid (30&#215;2 ml): Mereplankton [&hellip;]\" \/>\n<meta property=\"og:url\" content=\"https:\/\/beautyinstitute.ee\/toode\/edition-lift-treatment\/\" \/>\n<meta property=\"og:site_name\" content=\"Beauty Institute\" \/>\n<meta property=\"article:modified_time\" content=\"2026-04-27T11:50:55+00:00\" \/>\n<meta property=\"og:image\" content=\"https:\/\/beautyinstitute.ee\/wp-content\/uploads\/2023\/05\/edition-lift-treatment-Produkt-Box-Ebene-1.jpg\" \/>\n\t<meta property=\"og:image:width\" content=\"2000\" \/>\n\t<meta property=\"og:image:height\" content=\"2000\" \/>\n\t<meta property=\"og:image:type\" content=\"image\/jpeg\" \/>\n<meta name=\"twitter:card\" content=\"summary_large_image\" \/>\n<meta name=\"twitter:site\" content=\"@Beauty_Eesti\" \/>\n<meta name=\"twitter:label1\" content=\"\u041f\u0440\u0438\u043c\u0435\u0440\u043d\u043e\u0435 \u0432\u0440\u0435\u043c\u044f \u0434\u043b\u044f \u0447\u0442\u0435\u043d\u0438\u044f\" \/>\n\t<meta name=\"twitter:data1\" content=\"2 \u043c\u0438\u043d\u0443\u0442\u044b\" \/>\n<script type=\"application\/ld+json\" class=\"yoast-schema-graph\">{\"@context\":\"https:\/\/schema.org\",\"@graph\":[{\"@type\":\"WebPage\",\"@id\":\"https:\/\/beautyinstitute.ee\/toode\/edition-lift-treatment\/\",\"url\":\"https:\/\/beautyinstitute.ee\/toode\/edition-lift-treatment\/\",\"name\":\"Edition Lift Treatment - Beauty Institute\",\"isPartOf\":{\"@id\":\"https:\/\/beautyinstitute.ee\/#website\"},\"primaryImageOfPage\":{\"@id\":\"https:\/\/beautyinstitute.ee\/toode\/edition-lift-treatment\/#primaryimage\"},\"image\":{\"@id\":\"https:\/\/beautyinstitute.ee\/toode\/edition-lift-treatment\/#primaryimage\"},\"thumbnailUrl\":\"https:\/\/beautyinstitute.ee\/wp-content\/uploads\/2023\/05\/edition-lift-treatment-Produkt-Box-Ebene-1.jpg\",\"datePublished\":\"2023-05-23T09:03:48+00:00\",\"dateModified\":\"2026-04-27T11:50:55+00:00\",\"breadcrumb\":{\"@id\":\"https:\/\/beautyinstitute.ee\/toode\/edition-lift-treatment\/#breadcrumb\"},\"inLanguage\":\"ru-RU\",\"potentialAction\":[{\"@type\":\"ReadAction\",\"target\":[\"https:\/\/beautyinstitute.ee\/toode\/edition-lift-treatment\/\"]}]},{\"@type\":\"ImageObject\",\"inLanguage\":\"ru-RU\",\"@id\":\"https:\/\/beautyinstitute.ee\/toode\/edition-lift-treatment\/#primaryimage\",\"url\":\"https:\/\/beautyinstitute.ee\/wp-content\/uploads\/2023\/05\/edition-lift-treatment-Produkt-Box-Ebene-1.jpg\",\"contentUrl\":\"https:\/\/beautyinstitute.ee\/wp-content\/uploads\/2023\/05\/edition-lift-treatment-Produkt-Box-Ebene-1.jpg\",\"width\":2000,\"height\":2000},{\"@type\":\"BreadcrumbList\",\"@id\":\"https:\/\/beautyinstitute.ee\/toode\/edition-lift-treatment\/#breadcrumb\",\"itemListElement\":[{\"@type\":\"ListItem\",\"position\":1,\"name\":\"Home\",\"item\":\"https:\/\/beautyinstitute.ee\/ru\/\"},{\"@type\":\"ListItem\",\"position\":2,\"name\":\"E-pood\",\"item\":\"https:\/\/beautyinstitute.ee\/e-pood\/\"},{\"@type\":\"ListItem\",\"position\":3,\"name\":\"Edition Lift Treatment\"}]},{\"@type\":\"WebSite\",\"@id\":\"https:\/\/beautyinstitute.ee\/#website\",\"url\":\"https:\/\/beautyinstitute.ee\/\",\"name\":\"Beauty Institute\",\"description\":\"CNC Cosmetic ametlik maaletooja ja edasim\u00fc\u00fcja Eestis, Soomes, L\u00e4tis. Aparaadikosmeetika, koolitused, kosmeetikatooted.\",\"potentialAction\":[{\"@type\":\"SearchAction\",\"target\":{\"@type\":\"EntryPoint\",\"urlTemplate\":\"https:\/\/beautyinstitute.ee\/?s={search_term_string}\"},\"query-input\":{\"@type\":\"PropertyValueSpecification\",\"valueRequired\":true,\"valueName\":\"search_term_string\"}}],\"inLanguage\":\"ru-RU\"}]}<\/script>\n<!-- \/ Yoast SEO plugin. -->","yoast_head_json":{"title":"Edition Lift Treatment - Beauty Institute","robots":{"index":"index","follow":"follow","max-snippet":"max-snippet:-1","max-image-preview":"max-image-preview:large","max-video-preview":"max-video-preview:-1"},"canonical":"https:\/\/beautyinstitute.ee\/toode\/edition-lift-treatment\/","og_locale":"ru_RU","og_type":"article","og_title":"Edition Lift Treatment - Beauty Institute","og_description":"V\u00f5imas vananemisvastane duo: Edition Lift ampullid ja 3.5 kreem Koge nooruslikkust ja eluj\u00f5udu, mida pakub meie uuenduslik vananemisvastane kuur! Alusta oma teekonda juba t\u00e4na ja m\u00e4rka selle kiireid tulemusi. Kasutades Edition Lift tooteid kuurina, m\u00e4rkad juba esimestel p\u00e4evadel, kuidas kortsud taanduvad ning nahk muutub siledaks, s\u00e4ravaks ja visuaalselt t\u00f5stetuks. Edition Lift ampullid (30&#215;2 ml): Mereplankton [&hellip;]","og_url":"https:\/\/beautyinstitute.ee\/toode\/edition-lift-treatment\/","og_site_name":"Beauty Institute","article_modified_time":"2026-04-27T11:50:55+00:00","og_image":[{"width":2000,"height":2000,"url":"https:\/\/beautyinstitute.ee\/wp-content\/uploads\/2023\/05\/edition-lift-treatment-Produkt-Box-Ebene-1.jpg","type":"image\/jpeg"}],"twitter_card":"summary_large_image","twitter_site":"@Beauty_Eesti","twitter_misc":{"\u041f\u0440\u0438\u043c\u0435\u0440\u043d\u043e\u0435 \u0432\u0440\u0435\u043c\u044f \u0434\u043b\u044f \u0447\u0442\u0435\u043d\u0438\u044f":"2 \u043c\u0438\u043d\u0443\u0442\u044b"},"schema":{"@context":"https:\/\/schema.org","@graph":[{"@type":"WebPage","@id":"https:\/\/beautyinstitute.ee\/toode\/edition-lift-treatment\/","url":"https:\/\/beautyinstitute.ee\/toode\/edition-lift-treatment\/","name":"Edition Lift Treatment - Beauty Institute","isPartOf":{"@id":"https:\/\/beautyinstitute.ee\/#website"},"primaryImageOfPage":{"@id":"https:\/\/beautyinstitute.ee\/toode\/edition-lift-treatment\/#primaryimage"},"image":{"@id":"https:\/\/beautyinstitute.ee\/toode\/edition-lift-treatment\/#primaryimage"},"thumbnailUrl":"https:\/\/beautyinstitute.ee\/wp-content\/uploads\/2023\/05\/edition-lift-treatment-Produkt-Box-Ebene-1.jpg","datePublished":"2023-05-23T09:03:48+00:00","dateModified":"2026-04-27T11:50:55+00:00","breadcrumb":{"@id":"https:\/\/beautyinstitute.ee\/toode\/edition-lift-treatment\/#breadcrumb"},"inLanguage":"ru-RU","potentialAction":[{"@type":"ReadAction","target":["https:\/\/beautyinstitute.ee\/toode\/edition-lift-treatment\/"]}]},{"@type":"ImageObject","inLanguage":"ru-RU","@id":"https:\/\/beautyinstitute.ee\/toode\/edition-lift-treatment\/#primaryimage","url":"https:\/\/beautyinstitute.ee\/wp-content\/uploads\/2023\/05\/edition-lift-treatment-Produkt-Box-Ebene-1.jpg","contentUrl":"https:\/\/beautyinstitute.ee\/wp-content\/uploads\/2023\/05\/edition-lift-treatment-Produkt-Box-Ebene-1.jpg","width":2000,"height":2000},{"@type":"BreadcrumbList","@id":"https:\/\/beautyinstitute.ee\/toode\/edition-lift-treatment\/#breadcrumb","itemListElement":[{"@type":"ListItem","position":1,"name":"Home","item":"https:\/\/beautyinstitute.ee\/ru\/"},{"@type":"ListItem","position":2,"name":"E-pood","item":"https:\/\/beautyinstitute.ee\/e-pood\/"},{"@type":"ListItem","position":3,"name":"Edition Lift Treatment"}]},{"@type":"WebSite","@id":"https:\/\/beautyinstitute.ee\/#website","url":"https:\/\/beautyinstitute.ee\/","name":"Beauty Institute","description":"CNC Cosmetic ametlik maaletooja ja edasim\u00fc\u00fcja Eestis, Soomes, L\u00e4tis. Aparaadikosmeetika, koolitused, kosmeetikatooted.","potentialAction":[{"@type":"SearchAction","target":{"@type":"EntryPoint","urlTemplate":"https:\/\/beautyinstitute.ee\/?s={search_term_string}"},"query-input":{"@type":"PropertyValueSpecification","valueRequired":true,"valueName":"search_term_string"}}],"inLanguage":"ru-RU"}]}},"_links":{"self":[{"href":"https:\/\/beautyinstitute.ee\/ru\/wp-json\/wp\/v2\/product\/23328","targetHints":{"allow":["GET"]}}],"collection":[{"href":"https:\/\/beautyinstitute.ee\/ru\/wp-json\/wp\/v2\/product"}],"about":[{"href":"https:\/\/beautyinstitute.ee\/ru\/wp-json\/wp\/v2\/types\/product"}],"wp:featuredmedia":[{"embeddable":true,"href":"https:\/\/beautyinstitute.ee\/ru\/wp-json\/wp\/v2\/media\/23427"}],"wp:attachment":[{"href":"https:\/\/beautyinstitute.ee\/ru\/wp-json\/wp\/v2\/media?parent=23328"}],"wp:term":[{"taxonomy":"product_cat","embeddable":true,"href":"https:\/\/beautyinstitute.ee\/ru\/wp-json\/wp\/v2\/product_cat?post=23328"},{"taxonomy":"product_tag","embeddable":true,"href":"https:\/\/beautyinstitute.ee\/ru\/wp-json\/wp\/v2\/product_tag?post=23328"}],"curies":[{"name":"wp","href":"https:\/\/api.w.org\/{rel}","templated":true}]}}