{"id":23332,"date":"2023-05-23T12:24:26","date_gmt":"2023-05-23T09:24:26","guid":{"rendered":"https:\/\/beautyinstitute.ee\/?post_type=product&#038;p=23332"},"modified":"2026-04-27T15:07:37","modified_gmt":"2026-04-27T12:07:37","slug":"medhyal-steril-10x3","status":"publish","type":"product","link":"https:\/\/beautyinstitute.ee\/ru\/toode\/medhyal-steril-10x3\/","title":{"rendered":"Medhyal Steril 10X3"},"content":{"rendered":"<p>T\u00d5ESTATUD STERIILNE MULTIMOLEKULAARNE\u00a0H\u00dcALURONHAPPESEERUM\u00a0MICRO NEEDLING PRO HOOLDUSEKS.<\/p>\n<p>M\u00d5JU: Multimolekulaarne h\u00fcaluroonhape tugevdab naha barj\u00e4\u00e4ri, muudab peened\u00a0jooned ja kortsud n\u00e4htamatuks, parandab naha elastsust, suurendab naha\u00a0tihedust ning parandab nahatekstuuri.\u00a0MED HYALi steriilne seerum toetab naha taastumist ja on spetsiaalselt loodud\u00a0Microneedling PRO hoolduseks.<\/p>\n<p>NAHAT\u00dc\u00dcP:\u00a0K\u00f5ik nahat\u00fc\u00fcbid.<\/p>\n<ul>\n<li>t\u00f5estatud steriilne toimeaine<\/li>\n<li>katab 7 molekulaarset l\u00e4bipaistvat puhast\u00a0h\u00fcaluroonhapet.<\/li>\n<\/ul>\n<p>INFO:\u00a0Ainult salongis kasutamiseks,\u00a0spetsiaalselt ette n\u00e4htud\u00a0Microneedling PRO-hoolduse jaoks (Micro needling).<\/p>\n<p>AKTIIVAINED:\u00a0Suure- ja v\u00e4ikesemolekulaarne\u00a0h\u00fcaluroonhape, h\u00fcaktiivne h\u00fcaluroonhape, oligomeerne h\u00fcaluroonhape.<\/p>\n<p>&nbsp;<\/p>\n","protected":false},"excerpt":{"rendered":"<p>T\u00d5ESTATUD STERIILNE MULTIMOLEKULAARNE\u00a0H\u00dcALURONHAPPESEERUM\u00a0MICRO NEEDLING PRO HOOLDUSEKS. M\u00d5JU: Multimolekulaarne h\u00fcaluroonhape tugevdab naha barj\u00e4\u00e4ri, muudab peened\u00a0jooned ja kortsud n\u00e4htamatuks, parandab naha elastsust, suurendab naha\u00a0tihedust ning parandab nahatekstuuri.\u00a0MED HYALi steriilne seerum toetab naha taastumist ja on spetsiaalselt loodud\u00a0Microneedling PRO hoolduseks. NAHAT\u00dc\u00dcP:\u00a0K\u00f5ik nahat\u00fc\u00fcbid. t\u00f5estatud steriilne toimeaine katab 7 molekulaarset l\u00e4bipaistvat puhast\u00a0h\u00fcaluroonhapet. INFO:\u00a0Ainult salongis kasutamiseks,\u00a0spetsiaalselt ette n\u00e4htud\u00a0Microneedling PRO-hoolduse jaoks (Micro [&hellip;]<\/p>\n","protected":false},"featured_media":23339,"template":"","meta":{"_acf_changed":false},"product_cat":[289,137],"product_tag":[],"class_list":["post-23332","product","type-product","status-publish","has-post-thumbnail","hentry","product_cat-medhyal-profi","product_cat-micro-needling-pen"],"acf":[],"yoast_head":"<!-- This site is optimized with the Yoast SEO plugin v25.4 - https:\/\/yoast.com\/wordpress\/plugins\/seo\/ -->\n<title>Medhyal Steril 10X3 - Beauty Institute<\/title>\n<meta name=\"robots\" content=\"index, follow, max-snippet:-1, max-image-preview:large, max-video-preview:-1\" \/>\n<link rel=\"canonical\" href=\"https:\/\/beautyinstitute.ee\/toode\/medhyal-steril-10x3\/\" \/>\n<meta property=\"og:locale\" content=\"ru_RU\" \/>\n<meta property=\"og:type\" content=\"article\" \/>\n<meta property=\"og:title\" content=\"Medhyal Steril 10X3 - Beauty Institute\" \/>\n<meta property=\"og:description\" content=\"T\u00d5ESTATUD STERIILNE MULTIMOLEKULAARNE\u00a0H\u00dcALURONHAPPESEERUM\u00a0MICRO NEEDLING PRO HOOLDUSEKS. M\u00d5JU: Multimolekulaarne h\u00fcaluroonhape tugevdab naha barj\u00e4\u00e4ri, muudab peened\u00a0jooned ja kortsud n\u00e4htamatuks, parandab naha elastsust, suurendab naha\u00a0tihedust ning parandab nahatekstuuri.\u00a0MED HYALi steriilne seerum toetab naha taastumist ja on spetsiaalselt loodud\u00a0Microneedling PRO hoolduseks. NAHAT\u00dc\u00dcP:\u00a0K\u00f5ik nahat\u00fc\u00fcbid. t\u00f5estatud steriilne toimeaine katab 7 molekulaarset l\u00e4bipaistvat puhast\u00a0h\u00fcaluroonhapet. INFO:\u00a0Ainult salongis kasutamiseks,\u00a0spetsiaalselt ette n\u00e4htud\u00a0Microneedling PRO-hoolduse jaoks (Micro [&hellip;]\" \/>\n<meta property=\"og:url\" content=\"https:\/\/beautyinstitute.ee\/toode\/medhyal-steril-10x3\/\" \/>\n<meta property=\"og:site_name\" content=\"Beauty Institute\" \/>\n<meta property=\"article:modified_time\" content=\"2026-04-27T12:07:37+00:00\" \/>\n<meta property=\"og:image\" content=\"https:\/\/beautyinstitute.ee\/wp-content\/uploads\/2023\/05\/steril-medhyal.jpeg\" \/>\n\t<meta property=\"og:image:width\" content=\"2000\" \/>\n\t<meta property=\"og:image:height\" content=\"2000\" \/>\n\t<meta property=\"og:image:type\" content=\"image\/jpeg\" \/>\n<meta name=\"twitter:card\" content=\"summary_large_image\" \/>\n<meta name=\"twitter:site\" content=\"@Beauty_Eesti\" \/>\n<meta name=\"twitter:label1\" content=\"\u041f\u0440\u0438\u043c\u0435\u0440\u043d\u043e\u0435 \u0432\u0440\u0435\u043c\u044f \u0434\u043b\u044f \u0447\u0442\u0435\u043d\u0438\u044f\" \/>\n\t<meta name=\"twitter:data1\" content=\"1 \u043c\u0438\u043d\u0443\u0442\u0430\" \/>\n<script type=\"application\/ld+json\" class=\"yoast-schema-graph\">{\"@context\":\"https:\/\/schema.org\",\"@graph\":[{\"@type\":\"WebPage\",\"@id\":\"https:\/\/beautyinstitute.ee\/toode\/medhyal-steril-10x3\/\",\"url\":\"https:\/\/beautyinstitute.ee\/toode\/medhyal-steril-10x3\/\",\"name\":\"Medhyal Steril 10X3 - Beauty Institute\",\"isPartOf\":{\"@id\":\"https:\/\/beautyinstitute.ee\/#website\"},\"primaryImageOfPage\":{\"@id\":\"https:\/\/beautyinstitute.ee\/toode\/medhyal-steril-10x3\/#primaryimage\"},\"image\":{\"@id\":\"https:\/\/beautyinstitute.ee\/toode\/medhyal-steril-10x3\/#primaryimage\"},\"thumbnailUrl\":\"https:\/\/beautyinstitute.ee\/wp-content\/uploads\/2023\/05\/steril-medhyal.jpeg\",\"datePublished\":\"2023-05-23T09:24:26+00:00\",\"dateModified\":\"2026-04-27T12:07:37+00:00\",\"breadcrumb\":{\"@id\":\"https:\/\/beautyinstitute.ee\/toode\/medhyal-steril-10x3\/#breadcrumb\"},\"inLanguage\":\"ru-RU\",\"potentialAction\":[{\"@type\":\"ReadAction\",\"target\":[\"https:\/\/beautyinstitute.ee\/toode\/medhyal-steril-10x3\/\"]}]},{\"@type\":\"ImageObject\",\"inLanguage\":\"ru-RU\",\"@id\":\"https:\/\/beautyinstitute.ee\/toode\/medhyal-steril-10x3\/#primaryimage\",\"url\":\"https:\/\/beautyinstitute.ee\/wp-content\/uploads\/2023\/05\/steril-medhyal.jpeg\",\"contentUrl\":\"https:\/\/beautyinstitute.ee\/wp-content\/uploads\/2023\/05\/steril-medhyal.jpeg\",\"width\":2000,\"height\":2000},{\"@type\":\"BreadcrumbList\",\"@id\":\"https:\/\/beautyinstitute.ee\/toode\/medhyal-steril-10x3\/#breadcrumb\",\"itemListElement\":[{\"@type\":\"ListItem\",\"position\":1,\"name\":\"Home\",\"item\":\"https:\/\/beautyinstitute.ee\/ru\/\"},{\"@type\":\"ListItem\",\"position\":2,\"name\":\"E-pood\",\"item\":\"https:\/\/beautyinstitute.ee\/e-pood\/\"},{\"@type\":\"ListItem\",\"position\":3,\"name\":\"Medhyal Steril 10X3\"}]},{\"@type\":\"WebSite\",\"@id\":\"https:\/\/beautyinstitute.ee\/#website\",\"url\":\"https:\/\/beautyinstitute.ee\/\",\"name\":\"Beauty Institute\",\"description\":\"CNC Cosmetic ametlik maaletooja ja edasim\u00fc\u00fcja Eestis, Soomes, L\u00e4tis. Aparaadikosmeetika, koolitused, kosmeetikatooted.\",\"potentialAction\":[{\"@type\":\"SearchAction\",\"target\":{\"@type\":\"EntryPoint\",\"urlTemplate\":\"https:\/\/beautyinstitute.ee\/?s={search_term_string}\"},\"query-input\":{\"@type\":\"PropertyValueSpecification\",\"valueRequired\":true,\"valueName\":\"search_term_string\"}}],\"inLanguage\":\"ru-RU\"}]}<\/script>\n<!-- \/ Yoast SEO plugin. -->","yoast_head_json":{"title":"Medhyal Steril 10X3 - Beauty Institute","robots":{"index":"index","follow":"follow","max-snippet":"max-snippet:-1","max-image-preview":"max-image-preview:large","max-video-preview":"max-video-preview:-1"},"canonical":"https:\/\/beautyinstitute.ee\/toode\/medhyal-steril-10x3\/","og_locale":"ru_RU","og_type":"article","og_title":"Medhyal Steril 10X3 - Beauty Institute","og_description":"T\u00d5ESTATUD STERIILNE MULTIMOLEKULAARNE\u00a0H\u00dcALURONHAPPESEERUM\u00a0MICRO NEEDLING PRO HOOLDUSEKS. M\u00d5JU: Multimolekulaarne h\u00fcaluroonhape tugevdab naha barj\u00e4\u00e4ri, muudab peened\u00a0jooned ja kortsud n\u00e4htamatuks, parandab naha elastsust, suurendab naha\u00a0tihedust ning parandab nahatekstuuri.\u00a0MED HYALi steriilne seerum toetab naha taastumist ja on spetsiaalselt loodud\u00a0Microneedling PRO hoolduseks. NAHAT\u00dc\u00dcP:\u00a0K\u00f5ik nahat\u00fc\u00fcbid. t\u00f5estatud steriilne toimeaine katab 7 molekulaarset l\u00e4bipaistvat puhast\u00a0h\u00fcaluroonhapet. INFO:\u00a0Ainult salongis kasutamiseks,\u00a0spetsiaalselt ette n\u00e4htud\u00a0Microneedling PRO-hoolduse jaoks (Micro [&hellip;]","og_url":"https:\/\/beautyinstitute.ee\/toode\/medhyal-steril-10x3\/","og_site_name":"Beauty Institute","article_modified_time":"2026-04-27T12:07:37+00:00","og_image":[{"width":2000,"height":2000,"url":"https:\/\/beautyinstitute.ee\/wp-content\/uploads\/2023\/05\/steril-medhyal.jpeg","type":"image\/jpeg"}],"twitter_card":"summary_large_image","twitter_site":"@Beauty_Eesti","twitter_misc":{"\u041f\u0440\u0438\u043c\u0435\u0440\u043d\u043e\u0435 \u0432\u0440\u0435\u043c\u044f \u0434\u043b\u044f \u0447\u0442\u0435\u043d\u0438\u044f":"1 \u043c\u0438\u043d\u0443\u0442\u0430"},"schema":{"@context":"https:\/\/schema.org","@graph":[{"@type":"WebPage","@id":"https:\/\/beautyinstitute.ee\/toode\/medhyal-steril-10x3\/","url":"https:\/\/beautyinstitute.ee\/toode\/medhyal-steril-10x3\/","name":"Medhyal Steril 10X3 - Beauty Institute","isPartOf":{"@id":"https:\/\/beautyinstitute.ee\/#website"},"primaryImageOfPage":{"@id":"https:\/\/beautyinstitute.ee\/toode\/medhyal-steril-10x3\/#primaryimage"},"image":{"@id":"https:\/\/beautyinstitute.ee\/toode\/medhyal-steril-10x3\/#primaryimage"},"thumbnailUrl":"https:\/\/beautyinstitute.ee\/wp-content\/uploads\/2023\/05\/steril-medhyal.jpeg","datePublished":"2023-05-23T09:24:26+00:00","dateModified":"2026-04-27T12:07:37+00:00","breadcrumb":{"@id":"https:\/\/beautyinstitute.ee\/toode\/medhyal-steril-10x3\/#breadcrumb"},"inLanguage":"ru-RU","potentialAction":[{"@type":"ReadAction","target":["https:\/\/beautyinstitute.ee\/toode\/medhyal-steril-10x3\/"]}]},{"@type":"ImageObject","inLanguage":"ru-RU","@id":"https:\/\/beautyinstitute.ee\/toode\/medhyal-steril-10x3\/#primaryimage","url":"https:\/\/beautyinstitute.ee\/wp-content\/uploads\/2023\/05\/steril-medhyal.jpeg","contentUrl":"https:\/\/beautyinstitute.ee\/wp-content\/uploads\/2023\/05\/steril-medhyal.jpeg","width":2000,"height":2000},{"@type":"BreadcrumbList","@id":"https:\/\/beautyinstitute.ee\/toode\/medhyal-steril-10x3\/#breadcrumb","itemListElement":[{"@type":"ListItem","position":1,"name":"Home","item":"https:\/\/beautyinstitute.ee\/ru\/"},{"@type":"ListItem","position":2,"name":"E-pood","item":"https:\/\/beautyinstitute.ee\/e-pood\/"},{"@type":"ListItem","position":3,"name":"Medhyal Steril 10X3"}]},{"@type":"WebSite","@id":"https:\/\/beautyinstitute.ee\/#website","url":"https:\/\/beautyinstitute.ee\/","name":"Beauty Institute","description":"CNC Cosmetic ametlik maaletooja ja edasim\u00fc\u00fcja Eestis, Soomes, L\u00e4tis. Aparaadikosmeetika, koolitused, kosmeetikatooted.","potentialAction":[{"@type":"SearchAction","target":{"@type":"EntryPoint","urlTemplate":"https:\/\/beautyinstitute.ee\/?s={search_term_string}"},"query-input":{"@type":"PropertyValueSpecification","valueRequired":true,"valueName":"search_term_string"}}],"inLanguage":"ru-RU"}]}},"_links":{"self":[{"href":"https:\/\/beautyinstitute.ee\/ru\/wp-json\/wp\/v2\/product\/23332","targetHints":{"allow":["GET"]}}],"collection":[{"href":"https:\/\/beautyinstitute.ee\/ru\/wp-json\/wp\/v2\/product"}],"about":[{"href":"https:\/\/beautyinstitute.ee\/ru\/wp-json\/wp\/v2\/types\/product"}],"wp:featuredmedia":[{"embeddable":true,"href":"https:\/\/beautyinstitute.ee\/ru\/wp-json\/wp\/v2\/media\/23339"}],"wp:attachment":[{"href":"https:\/\/beautyinstitute.ee\/ru\/wp-json\/wp\/v2\/media?parent=23332"}],"wp:term":[{"taxonomy":"product_cat","embeddable":true,"href":"https:\/\/beautyinstitute.ee\/ru\/wp-json\/wp\/v2\/product_cat?post=23332"},{"taxonomy":"product_tag","embeddable":true,"href":"https:\/\/beautyinstitute.ee\/ru\/wp-json\/wp\/v2\/product_tag?post=23332"}],"curies":[{"name":"wp","href":"https:\/\/api.w.org\/{rel}","templated":true}]}}