{"id":23342,"date":"2023-05-23T12:40:48","date_gmt":"2023-05-23T09:40:48","guid":{"rendered":"https:\/\/beautyinstitute.ee\/?post_type=product&#038;p=23342"},"modified":"2026-04-27T11:45:20","modified_gmt":"2026-04-27T08:45:20","slug":"vitamin-c-seerum","status":"publish","type":"product","link":"https:\/\/beautyinstitute.ee\/ru\/toode\/vitamin-c-seerum\/","title":{"rendered":"Vitamin C Seerum"},"content":{"rendered":"<p>Intensiivne vananemisvastane seerum.<\/p>\n<p>M\u00d5JU: Stabiliseeritud C-vitamiin ja feruulhape kaitsevad nahka oks\u00fcdatiivse stressi ja kahjulike keskkonnam\u00f5jude eest (N: UV-kiirgus). V\u00e4heneb kollageeni lagunemine ja stimuleeritakse naha enda kollageeni tootmist. P\u00f5letik, punetus ja pigmenidlaigud v\u00e4henevad ning nahk taasatab oma loomuliku s\u00e4ra juba m\u00f5ne kasutuskorra j\u00e4rel.<\/p>\n<p>NAHAT\u00dc\u00dcBID: SOBIB K\u00d5IKIDELE NAHAT\u00dc\u00dcPIDELE<\/p>\n<p>EELISED:<\/p>\n<ul>\n<li>neutraliseerib vabu radikaale<\/li>\n<li>v\u00e4hendab silmn\u00e4htavalt kortse ja vananemisilminguid<\/li>\n<li>naha struktuur paraneb ja ja aktiveerub kollageen-elastiini tootmine<\/li>\n<\/ul>\n<p>KASUTAMINE: \u00a0kandke 1-2 pumpa hommikul ja\/v\u00f5i \u00f5htul p\u00f5hjalikult puhastatud nahale ja patsutage \u00f5rnalt naha sisse.<\/p>\n<pre id=\"tw-target-text\" class=\"tw-data-text tw-text-large tw-ta\" dir=\"ltr\" data-placeholder=\"T\u00f5lge\"><\/pre>\n","protected":false},"excerpt":{"rendered":"<p>Intensiivne vananemisvastane seerum. M\u00d5JU: Stabiliseeritud C-vitamiin ja feruulhape kaitsevad nahka oks\u00fcdatiivse stressi ja kahjulike keskkonnam\u00f5jude eest (N: UV-kiirgus). V\u00e4heneb kollageeni lagunemine ja stimuleeritakse naha enda kollageeni tootmist. P\u00f5letik, punetus ja pigmenidlaigud v\u00e4henevad ning nahk taasatab oma loomuliku s\u00e4ra juba m\u00f5ne kasutuskorra j\u00e4rel. NAHAT\u00dc\u00dcBID: SOBIB K\u00d5IKIDELE NAHAT\u00dc\u00dcPIDELE EELISED: neutraliseerib vabu radikaale v\u00e4hendab silmn\u00e4htavalt kortse ja vananemisilminguid [&hellip;]<\/p>\n","protected":false},"featured_media":23333,"template":"","meta":{"_acf_changed":false},"product_cat":[249,118],"product_tag":[],"class_list":["post-23342","product","type-product","status-publish","has-post-thumbnail","hentry","product_cat-seerumid-2","product_cat-aesthetic-world"],"acf":[],"yoast_head":"<!-- This site is optimized with the Yoast SEO plugin v25.4 - https:\/\/yoast.com\/wordpress\/plugins\/seo\/ -->\n<title>Vitamin C Seerum - Beauty Institute<\/title>\n<meta name=\"robots\" content=\"index, follow, max-snippet:-1, max-image-preview:large, max-video-preview:-1\" \/>\n<link rel=\"canonical\" href=\"https:\/\/beautyinstitute.ee\/toode\/vitamin-c-seerum\/\" \/>\n<meta property=\"og:locale\" content=\"ru_RU\" \/>\n<meta property=\"og:type\" content=\"article\" \/>\n<meta property=\"og:title\" content=\"Vitamin C Seerum - Beauty Institute\" \/>\n<meta property=\"og:description\" content=\"Intensiivne vananemisvastane seerum. M\u00d5JU: Stabiliseeritud C-vitamiin ja feruulhape kaitsevad nahka oks\u00fcdatiivse stressi ja kahjulike keskkonnam\u00f5jude eest (N: UV-kiirgus). V\u00e4heneb kollageeni lagunemine ja stimuleeritakse naha enda kollageeni tootmist. P\u00f5letik, punetus ja pigmenidlaigud v\u00e4henevad ning nahk taasatab oma loomuliku s\u00e4ra juba m\u00f5ne kasutuskorra j\u00e4rel. NAHAT\u00dc\u00dcBID: SOBIB K\u00d5IKIDELE NAHAT\u00dc\u00dcPIDELE EELISED: neutraliseerib vabu radikaale v\u00e4hendab silmn\u00e4htavalt kortse ja vananemisilminguid [&hellip;]\" \/>\n<meta property=\"og:url\" content=\"https:\/\/beautyinstitute.ee\/toode\/vitamin-c-seerum\/\" \/>\n<meta property=\"og:site_name\" content=\"Beauty Institute\" \/>\n<meta property=\"article:modified_time\" content=\"2026-04-27T08:45:20+00:00\" \/>\n<meta property=\"og:image\" content=\"https:\/\/beautyinstitute.ee\/wp-content\/uploads\/2023\/05\/c-vita-pudel.jpeg\" \/>\n\t<meta property=\"og:image:width\" content=\"1200\" \/>\n\t<meta property=\"og:image:height\" content=\"1200\" \/>\n\t<meta property=\"og:image:type\" content=\"image\/jpeg\" \/>\n<meta name=\"twitter:card\" content=\"summary_large_image\" \/>\n<meta name=\"twitter:site\" content=\"@Beauty_Eesti\" \/>\n<meta name=\"twitter:label1\" content=\"\u041f\u0440\u0438\u043c\u0435\u0440\u043d\u043e\u0435 \u0432\u0440\u0435\u043c\u044f \u0434\u043b\u044f \u0447\u0442\u0435\u043d\u0438\u044f\" \/>\n\t<meta name=\"twitter:data1\" content=\"1 \u043c\u0438\u043d\u0443\u0442\u0430\" \/>\n<script type=\"application\/ld+json\" class=\"yoast-schema-graph\">{\"@context\":\"https:\/\/schema.org\",\"@graph\":[{\"@type\":\"WebPage\",\"@id\":\"https:\/\/beautyinstitute.ee\/toode\/vitamin-c-seerum\/\",\"url\":\"https:\/\/beautyinstitute.ee\/toode\/vitamin-c-seerum\/\",\"name\":\"Vitamin C Seerum - Beauty Institute\",\"isPartOf\":{\"@id\":\"https:\/\/beautyinstitute.ee\/#website\"},\"primaryImageOfPage\":{\"@id\":\"https:\/\/beautyinstitute.ee\/toode\/vitamin-c-seerum\/#primaryimage\"},\"image\":{\"@id\":\"https:\/\/beautyinstitute.ee\/toode\/vitamin-c-seerum\/#primaryimage\"},\"thumbnailUrl\":\"https:\/\/beautyinstitute.ee\/wp-content\/uploads\/2023\/05\/c-vita-pudel.jpeg\",\"datePublished\":\"2023-05-23T09:40:48+00:00\",\"dateModified\":\"2026-04-27T08:45:20+00:00\",\"breadcrumb\":{\"@id\":\"https:\/\/beautyinstitute.ee\/toode\/vitamin-c-seerum\/#breadcrumb\"},\"inLanguage\":\"ru-RU\",\"potentialAction\":[{\"@type\":\"ReadAction\",\"target\":[\"https:\/\/beautyinstitute.ee\/toode\/vitamin-c-seerum\/\"]}]},{\"@type\":\"ImageObject\",\"inLanguage\":\"ru-RU\",\"@id\":\"https:\/\/beautyinstitute.ee\/toode\/vitamin-c-seerum\/#primaryimage\",\"url\":\"https:\/\/beautyinstitute.ee\/wp-content\/uploads\/2023\/05\/c-vita-pudel.jpeg\",\"contentUrl\":\"https:\/\/beautyinstitute.ee\/wp-content\/uploads\/2023\/05\/c-vita-pudel.jpeg\",\"width\":1200,\"height\":1200},{\"@type\":\"BreadcrumbList\",\"@id\":\"https:\/\/beautyinstitute.ee\/toode\/vitamin-c-seerum\/#breadcrumb\",\"itemListElement\":[{\"@type\":\"ListItem\",\"position\":1,\"name\":\"Home\",\"item\":\"https:\/\/beautyinstitute.ee\/ru\/\"},{\"@type\":\"ListItem\",\"position\":2,\"name\":\"E-pood\",\"item\":\"https:\/\/beautyinstitute.ee\/e-pood\/\"},{\"@type\":\"ListItem\",\"position\":3,\"name\":\"Vitamin C Seerum\"}]},{\"@type\":\"WebSite\",\"@id\":\"https:\/\/beautyinstitute.ee\/#website\",\"url\":\"https:\/\/beautyinstitute.ee\/\",\"name\":\"Beauty Institute\",\"description\":\"CNC Cosmetic ametlik maaletooja ja edasim\u00fc\u00fcja Eestis, Soomes, L\u00e4tis. Aparaadikosmeetika, koolitused, kosmeetikatooted.\",\"potentialAction\":[{\"@type\":\"SearchAction\",\"target\":{\"@type\":\"EntryPoint\",\"urlTemplate\":\"https:\/\/beautyinstitute.ee\/?s={search_term_string}\"},\"query-input\":{\"@type\":\"PropertyValueSpecification\",\"valueRequired\":true,\"valueName\":\"search_term_string\"}}],\"inLanguage\":\"ru-RU\"}]}<\/script>\n<!-- \/ Yoast SEO plugin. -->","yoast_head_json":{"title":"Vitamin C Seerum - Beauty Institute","robots":{"index":"index","follow":"follow","max-snippet":"max-snippet:-1","max-image-preview":"max-image-preview:large","max-video-preview":"max-video-preview:-1"},"canonical":"https:\/\/beautyinstitute.ee\/toode\/vitamin-c-seerum\/","og_locale":"ru_RU","og_type":"article","og_title":"Vitamin C Seerum - Beauty Institute","og_description":"Intensiivne vananemisvastane seerum. M\u00d5JU: Stabiliseeritud C-vitamiin ja feruulhape kaitsevad nahka oks\u00fcdatiivse stressi ja kahjulike keskkonnam\u00f5jude eest (N: UV-kiirgus). V\u00e4heneb kollageeni lagunemine ja stimuleeritakse naha enda kollageeni tootmist. P\u00f5letik, punetus ja pigmenidlaigud v\u00e4henevad ning nahk taasatab oma loomuliku s\u00e4ra juba m\u00f5ne kasutuskorra j\u00e4rel. NAHAT\u00dc\u00dcBID: SOBIB K\u00d5IKIDELE NAHAT\u00dc\u00dcPIDELE EELISED: neutraliseerib vabu radikaale v\u00e4hendab silmn\u00e4htavalt kortse ja vananemisilminguid [&hellip;]","og_url":"https:\/\/beautyinstitute.ee\/toode\/vitamin-c-seerum\/","og_site_name":"Beauty Institute","article_modified_time":"2026-04-27T08:45:20+00:00","og_image":[{"width":1200,"height":1200,"url":"https:\/\/beautyinstitute.ee\/wp-content\/uploads\/2023\/05\/c-vita-pudel.jpeg","type":"image\/jpeg"}],"twitter_card":"summary_large_image","twitter_site":"@Beauty_Eesti","twitter_misc":{"\u041f\u0440\u0438\u043c\u0435\u0440\u043d\u043e\u0435 \u0432\u0440\u0435\u043c\u044f \u0434\u043b\u044f \u0447\u0442\u0435\u043d\u0438\u044f":"1 \u043c\u0438\u043d\u0443\u0442\u0430"},"schema":{"@context":"https:\/\/schema.org","@graph":[{"@type":"WebPage","@id":"https:\/\/beautyinstitute.ee\/toode\/vitamin-c-seerum\/","url":"https:\/\/beautyinstitute.ee\/toode\/vitamin-c-seerum\/","name":"Vitamin C Seerum - Beauty Institute","isPartOf":{"@id":"https:\/\/beautyinstitute.ee\/#website"},"primaryImageOfPage":{"@id":"https:\/\/beautyinstitute.ee\/toode\/vitamin-c-seerum\/#primaryimage"},"image":{"@id":"https:\/\/beautyinstitute.ee\/toode\/vitamin-c-seerum\/#primaryimage"},"thumbnailUrl":"https:\/\/beautyinstitute.ee\/wp-content\/uploads\/2023\/05\/c-vita-pudel.jpeg","datePublished":"2023-05-23T09:40:48+00:00","dateModified":"2026-04-27T08:45:20+00:00","breadcrumb":{"@id":"https:\/\/beautyinstitute.ee\/toode\/vitamin-c-seerum\/#breadcrumb"},"inLanguage":"ru-RU","potentialAction":[{"@type":"ReadAction","target":["https:\/\/beautyinstitute.ee\/toode\/vitamin-c-seerum\/"]}]},{"@type":"ImageObject","inLanguage":"ru-RU","@id":"https:\/\/beautyinstitute.ee\/toode\/vitamin-c-seerum\/#primaryimage","url":"https:\/\/beautyinstitute.ee\/wp-content\/uploads\/2023\/05\/c-vita-pudel.jpeg","contentUrl":"https:\/\/beautyinstitute.ee\/wp-content\/uploads\/2023\/05\/c-vita-pudel.jpeg","width":1200,"height":1200},{"@type":"BreadcrumbList","@id":"https:\/\/beautyinstitute.ee\/toode\/vitamin-c-seerum\/#breadcrumb","itemListElement":[{"@type":"ListItem","position":1,"name":"Home","item":"https:\/\/beautyinstitute.ee\/ru\/"},{"@type":"ListItem","position":2,"name":"E-pood","item":"https:\/\/beautyinstitute.ee\/e-pood\/"},{"@type":"ListItem","position":3,"name":"Vitamin C Seerum"}]},{"@type":"WebSite","@id":"https:\/\/beautyinstitute.ee\/#website","url":"https:\/\/beautyinstitute.ee\/","name":"Beauty Institute","description":"CNC Cosmetic ametlik maaletooja ja edasim\u00fc\u00fcja Eestis, Soomes, L\u00e4tis. Aparaadikosmeetika, koolitused, kosmeetikatooted.","potentialAction":[{"@type":"SearchAction","target":{"@type":"EntryPoint","urlTemplate":"https:\/\/beautyinstitute.ee\/?s={search_term_string}"},"query-input":{"@type":"PropertyValueSpecification","valueRequired":true,"valueName":"search_term_string"}}],"inLanguage":"ru-RU"}]}},"_links":{"self":[{"href":"https:\/\/beautyinstitute.ee\/ru\/wp-json\/wp\/v2\/product\/23342","targetHints":{"allow":["GET"]}}],"collection":[{"href":"https:\/\/beautyinstitute.ee\/ru\/wp-json\/wp\/v2\/product"}],"about":[{"href":"https:\/\/beautyinstitute.ee\/ru\/wp-json\/wp\/v2\/types\/product"}],"wp:featuredmedia":[{"embeddable":true,"href":"https:\/\/beautyinstitute.ee\/ru\/wp-json\/wp\/v2\/media\/23333"}],"wp:attachment":[{"href":"https:\/\/beautyinstitute.ee\/ru\/wp-json\/wp\/v2\/media?parent=23342"}],"wp:term":[{"taxonomy":"product_cat","embeddable":true,"href":"https:\/\/beautyinstitute.ee\/ru\/wp-json\/wp\/v2\/product_cat?post=23342"},{"taxonomy":"product_tag","embeddable":true,"href":"https:\/\/beautyinstitute.ee\/ru\/wp-json\/wp\/v2\/product_tag?post=23342"}],"curies":[{"name":"wp","href":"https:\/\/api.w.org\/{rel}","templated":true}]}}