{"id":23345,"date":"2023-05-23T13:30:29","date_gmt":"2023-05-23T10:30:29","guid":{"rendered":"https:\/\/beautyinstitute.ee\/?post_type=product&#038;p=23345"},"modified":"2026-04-14T15:19:53","modified_gmt":"2026-04-14T12:19:53","slug":"time-expert-system-hydrogel-silmapadjad-60-stk","status":"publish","type":"product","link":"https:\/\/beautyinstitute.ee\/ru\/toode\/time-expert-system-hydrogel-silmapadjad-60-stk\/","title":{"rendered":"Time Expert System &#8211; Hydrogel-Silmapadjad 60 Stk."},"content":{"rendered":"<p>Luba endale eriline hellitushetk Time Expert System\u00ae &#8211; h\u00fcdrogeel-silmapadjanditega. Kas soovid<br \/>\nnooruslikumat silma\u00fcmbrust? Uuenduslik vetikate ja rohelise tee \u00fcrdiekstraktide kombinatsioon<br \/>\nkosutab teie nahka t\u00e4nu oma pinguldavale ja jahutavale toimele. H\u00fcaluroonhappe, kollageeni ja kofeiini<br \/>\ntoimeainete kombinatsioon parandab koheselt naha niiskustasakaalu ning tagab elustava v\u00e4rskuse<br \/>\nefekti. V\u00e4sinud, l\u00f5tvunud silmapiirkond pinguldub. V\u00e4ikesed kortsud v\u00e4henevad koheselt ja silma\u00fcmbrus<br \/>\nsaab uue hingamise ja s\u00e4ra.<\/p>\n<p><strong>Kasutamine<\/strong>: Avage purk ja eemaldage \u00fcks h\u00fcdrogeelist silmapadjake ning asetage see puhtale<br \/>\nsilmaalusele nahale. V\u00f5tke teine \u200b\u200bpadjake ja asetage see teise puhastatud silma alla. Kitsas k\u00fclg on<br \/>\nsuunatud nina poole. Vajutage silmapatjadele kergelt ja \u00fchtlaselt. Hoia peal 15 &#8211; 30 min Seej\u00e4rel<br \/>\neemaldage ja visake padjad \u00e4ra. Patsutage liigne geel \u00f5rnalt nahale. Parimad tulemused saavutatakse 2-<br \/>\n3 kasutuskorraga n\u00e4dalas.\u00a0H\u00fcgieeniliselt eemaldatavad h\u00fcdrogeelist silmapadjad kaasasoleva v\u00e4ikese spaatliga.<\/p>\n<p><strong>Aktiivained:<\/strong> roheline tee, h\u00fcaluroonhape, kofeiin, kollageeni ja elastiini aktivaatorid<br \/>\n<strong>Sisu<\/strong>: 60 tk &#8211; 30 hooldust<\/p>\n","protected":false},"excerpt":{"rendered":"<p>Luba endale eriline hellitushetk Time Expert System\u00ae &#8211; h\u00fcdrogeel-silmapadjanditega. Kas soovid nooruslikumat silma\u00fcmbrust? Uuenduslik vetikate ja rohelise tee \u00fcrdiekstraktide kombinatsioon kosutab teie nahka t\u00e4nu oma pinguldavale ja jahutavale toimele. H\u00fcaluroonhappe, kollageeni ja kofeiini toimeainete kombinatsioon parandab koheselt naha niiskustasakaalu ning tagab elustava v\u00e4rskuse efekti. V\u00e4sinud, l\u00f5tvunud silmapiirkond pinguldub. V\u00e4ikesed kortsud v\u00e4henevad koheselt ja silma\u00fcmbrus saab [&hellip;]<\/p>\n","protected":false},"featured_media":23346,"template":"","meta":{"_acf_changed":false},"product_cat":[291],"product_tag":[],"class_list":["post-23345","product","type-product","status-publish","has-post-thumbnail","hentry","product_cat-baehr-cosmetic"],"acf":[],"yoast_head":"<!-- This site is optimized with the Yoast SEO plugin v25.4 - https:\/\/yoast.com\/wordpress\/plugins\/seo\/ -->\n<title>Time Expert System - Hydrogel-Silmapadjad 60 Stk. - Beauty Institute<\/title>\n<meta name=\"robots\" content=\"index, follow, max-snippet:-1, max-image-preview:large, max-video-preview:-1\" \/>\n<link rel=\"canonical\" href=\"https:\/\/beautyinstitute.ee\/toode\/time-expert-system-hydrogel-silmapadjad-60-stk\/\" \/>\n<meta property=\"og:locale\" content=\"ru_RU\" \/>\n<meta property=\"og:type\" content=\"article\" \/>\n<meta property=\"og:title\" content=\"Time Expert System - Hydrogel-Silmapadjad 60 Stk. - Beauty Institute\" \/>\n<meta property=\"og:description\" content=\"Luba endale eriline hellitushetk Time Expert System\u00ae &#8211; h\u00fcdrogeel-silmapadjanditega. Kas soovid nooruslikumat silma\u00fcmbrust? Uuenduslik vetikate ja rohelise tee \u00fcrdiekstraktide kombinatsioon kosutab teie nahka t\u00e4nu oma pinguldavale ja jahutavale toimele. H\u00fcaluroonhappe, kollageeni ja kofeiini toimeainete kombinatsioon parandab koheselt naha niiskustasakaalu ning tagab elustava v\u00e4rskuse efekti. V\u00e4sinud, l\u00f5tvunud silmapiirkond pinguldub. V\u00e4ikesed kortsud v\u00e4henevad koheselt ja silma\u00fcmbrus saab [&hellip;]\" \/>\n<meta property=\"og:url\" content=\"https:\/\/beautyinstitute.ee\/toode\/time-expert-system-hydrogel-silmapadjad-60-stk\/\" \/>\n<meta property=\"og:site_name\" content=\"Beauty Institute\" \/>\n<meta property=\"article:modified_time\" content=\"2026-04-14T12:19:53+00:00\" \/>\n<meta property=\"og:image\" content=\"https:\/\/beautyinstitute.ee\/wp-content\/uploads\/2023\/05\/silmapadjad-baehr.png\" \/>\n\t<meta property=\"og:image:width\" content=\"2500\" \/>\n\t<meta property=\"og:image:height\" content=\"2500\" \/>\n\t<meta property=\"og:image:type\" content=\"image\/png\" \/>\n<meta name=\"twitter:card\" content=\"summary_large_image\" \/>\n<meta name=\"twitter:site\" content=\"@Beauty_Eesti\" \/>\n<meta name=\"twitter:label1\" content=\"\u041f\u0440\u0438\u043c\u0435\u0440\u043d\u043e\u0435 \u0432\u0440\u0435\u043c\u044f \u0434\u043b\u044f \u0447\u0442\u0435\u043d\u0438\u044f\" \/>\n\t<meta name=\"twitter:data1\" content=\"1 \u043c\u0438\u043d\u0443\u0442\u0430\" \/>\n<script type=\"application\/ld+json\" class=\"yoast-schema-graph\">{\"@context\":\"https:\/\/schema.org\",\"@graph\":[{\"@type\":\"WebPage\",\"@id\":\"https:\/\/beautyinstitute.ee\/toode\/time-expert-system-hydrogel-silmapadjad-60-stk\/\",\"url\":\"https:\/\/beautyinstitute.ee\/toode\/time-expert-system-hydrogel-silmapadjad-60-stk\/\",\"name\":\"Time Expert System - Hydrogel-Silmapadjad 60 Stk. - Beauty Institute\",\"isPartOf\":{\"@id\":\"https:\/\/beautyinstitute.ee\/#website\"},\"primaryImageOfPage\":{\"@id\":\"https:\/\/beautyinstitute.ee\/toode\/time-expert-system-hydrogel-silmapadjad-60-stk\/#primaryimage\"},\"image\":{\"@id\":\"https:\/\/beautyinstitute.ee\/toode\/time-expert-system-hydrogel-silmapadjad-60-stk\/#primaryimage\"},\"thumbnailUrl\":\"https:\/\/beautyinstitute.ee\/wp-content\/uploads\/2023\/05\/silmapadjad-baehr.png\",\"datePublished\":\"2023-05-23T10:30:29+00:00\",\"dateModified\":\"2026-04-14T12:19:53+00:00\",\"breadcrumb\":{\"@id\":\"https:\/\/beautyinstitute.ee\/toode\/time-expert-system-hydrogel-silmapadjad-60-stk\/#breadcrumb\"},\"inLanguage\":\"ru-RU\",\"potentialAction\":[{\"@type\":\"ReadAction\",\"target\":[\"https:\/\/beautyinstitute.ee\/toode\/time-expert-system-hydrogel-silmapadjad-60-stk\/\"]}]},{\"@type\":\"ImageObject\",\"inLanguage\":\"ru-RU\",\"@id\":\"https:\/\/beautyinstitute.ee\/toode\/time-expert-system-hydrogel-silmapadjad-60-stk\/#primaryimage\",\"url\":\"https:\/\/beautyinstitute.ee\/wp-content\/uploads\/2023\/05\/silmapadjad-baehr.png\",\"contentUrl\":\"https:\/\/beautyinstitute.ee\/wp-content\/uploads\/2023\/05\/silmapadjad-baehr.png\",\"width\":2500,\"height\":2500},{\"@type\":\"BreadcrumbList\",\"@id\":\"https:\/\/beautyinstitute.ee\/toode\/time-expert-system-hydrogel-silmapadjad-60-stk\/#breadcrumb\",\"itemListElement\":[{\"@type\":\"ListItem\",\"position\":1,\"name\":\"Home\",\"item\":\"https:\/\/beautyinstitute.ee\/ru\/\"},{\"@type\":\"ListItem\",\"position\":2,\"name\":\"E-pood\",\"item\":\"https:\/\/beautyinstitute.ee\/e-pood\/\"},{\"@type\":\"ListItem\",\"position\":3,\"name\":\"Time Expert System &#8211; Hydrogel-Silmapadjad 60 Stk.\"}]},{\"@type\":\"WebSite\",\"@id\":\"https:\/\/beautyinstitute.ee\/#website\",\"url\":\"https:\/\/beautyinstitute.ee\/\",\"name\":\"Beauty Institute\",\"description\":\"CNC Cosmetic ametlik maaletooja ja edasim\u00fc\u00fcja Eestis, Soomes, L\u00e4tis. Aparaadikosmeetika, koolitused, kosmeetikatooted.\",\"potentialAction\":[{\"@type\":\"SearchAction\",\"target\":{\"@type\":\"EntryPoint\",\"urlTemplate\":\"https:\/\/beautyinstitute.ee\/?s={search_term_string}\"},\"query-input\":{\"@type\":\"PropertyValueSpecification\",\"valueRequired\":true,\"valueName\":\"search_term_string\"}}],\"inLanguage\":\"ru-RU\"}]}<\/script>\n<!-- \/ Yoast SEO plugin. -->","yoast_head_json":{"title":"Time Expert System - Hydrogel-Silmapadjad 60 Stk. - Beauty Institute","robots":{"index":"index","follow":"follow","max-snippet":"max-snippet:-1","max-image-preview":"max-image-preview:large","max-video-preview":"max-video-preview:-1"},"canonical":"https:\/\/beautyinstitute.ee\/toode\/time-expert-system-hydrogel-silmapadjad-60-stk\/","og_locale":"ru_RU","og_type":"article","og_title":"Time Expert System - Hydrogel-Silmapadjad 60 Stk. - Beauty Institute","og_description":"Luba endale eriline hellitushetk Time Expert System\u00ae &#8211; h\u00fcdrogeel-silmapadjanditega. Kas soovid nooruslikumat silma\u00fcmbrust? Uuenduslik vetikate ja rohelise tee \u00fcrdiekstraktide kombinatsioon kosutab teie nahka t\u00e4nu oma pinguldavale ja jahutavale toimele. H\u00fcaluroonhappe, kollageeni ja kofeiini toimeainete kombinatsioon parandab koheselt naha niiskustasakaalu ning tagab elustava v\u00e4rskuse efekti. V\u00e4sinud, l\u00f5tvunud silmapiirkond pinguldub. V\u00e4ikesed kortsud v\u00e4henevad koheselt ja silma\u00fcmbrus saab [&hellip;]","og_url":"https:\/\/beautyinstitute.ee\/toode\/time-expert-system-hydrogel-silmapadjad-60-stk\/","og_site_name":"Beauty Institute","article_modified_time":"2026-04-14T12:19:53+00:00","og_image":[{"width":2500,"height":2500,"url":"https:\/\/beautyinstitute.ee\/wp-content\/uploads\/2023\/05\/silmapadjad-baehr.png","type":"image\/png"}],"twitter_card":"summary_large_image","twitter_site":"@Beauty_Eesti","twitter_misc":{"\u041f\u0440\u0438\u043c\u0435\u0440\u043d\u043e\u0435 \u0432\u0440\u0435\u043c\u044f \u0434\u043b\u044f \u0447\u0442\u0435\u043d\u0438\u044f":"1 \u043c\u0438\u043d\u0443\u0442\u0430"},"schema":{"@context":"https:\/\/schema.org","@graph":[{"@type":"WebPage","@id":"https:\/\/beautyinstitute.ee\/toode\/time-expert-system-hydrogel-silmapadjad-60-stk\/","url":"https:\/\/beautyinstitute.ee\/toode\/time-expert-system-hydrogel-silmapadjad-60-stk\/","name":"Time Expert System - Hydrogel-Silmapadjad 60 Stk. - Beauty Institute","isPartOf":{"@id":"https:\/\/beautyinstitute.ee\/#website"},"primaryImageOfPage":{"@id":"https:\/\/beautyinstitute.ee\/toode\/time-expert-system-hydrogel-silmapadjad-60-stk\/#primaryimage"},"image":{"@id":"https:\/\/beautyinstitute.ee\/toode\/time-expert-system-hydrogel-silmapadjad-60-stk\/#primaryimage"},"thumbnailUrl":"https:\/\/beautyinstitute.ee\/wp-content\/uploads\/2023\/05\/silmapadjad-baehr.png","datePublished":"2023-05-23T10:30:29+00:00","dateModified":"2026-04-14T12:19:53+00:00","breadcrumb":{"@id":"https:\/\/beautyinstitute.ee\/toode\/time-expert-system-hydrogel-silmapadjad-60-stk\/#breadcrumb"},"inLanguage":"ru-RU","potentialAction":[{"@type":"ReadAction","target":["https:\/\/beautyinstitute.ee\/toode\/time-expert-system-hydrogel-silmapadjad-60-stk\/"]}]},{"@type":"ImageObject","inLanguage":"ru-RU","@id":"https:\/\/beautyinstitute.ee\/toode\/time-expert-system-hydrogel-silmapadjad-60-stk\/#primaryimage","url":"https:\/\/beautyinstitute.ee\/wp-content\/uploads\/2023\/05\/silmapadjad-baehr.png","contentUrl":"https:\/\/beautyinstitute.ee\/wp-content\/uploads\/2023\/05\/silmapadjad-baehr.png","width":2500,"height":2500},{"@type":"BreadcrumbList","@id":"https:\/\/beautyinstitute.ee\/toode\/time-expert-system-hydrogel-silmapadjad-60-stk\/#breadcrumb","itemListElement":[{"@type":"ListItem","position":1,"name":"Home","item":"https:\/\/beautyinstitute.ee\/ru\/"},{"@type":"ListItem","position":2,"name":"E-pood","item":"https:\/\/beautyinstitute.ee\/e-pood\/"},{"@type":"ListItem","position":3,"name":"Time Expert System &#8211; Hydrogel-Silmapadjad 60 Stk."}]},{"@type":"WebSite","@id":"https:\/\/beautyinstitute.ee\/#website","url":"https:\/\/beautyinstitute.ee\/","name":"Beauty Institute","description":"CNC Cosmetic ametlik maaletooja ja edasim\u00fc\u00fcja Eestis, Soomes, L\u00e4tis. Aparaadikosmeetika, koolitused, kosmeetikatooted.","potentialAction":[{"@type":"SearchAction","target":{"@type":"EntryPoint","urlTemplate":"https:\/\/beautyinstitute.ee\/?s={search_term_string}"},"query-input":{"@type":"PropertyValueSpecification","valueRequired":true,"valueName":"search_term_string"}}],"inLanguage":"ru-RU"}]}},"_links":{"self":[{"href":"https:\/\/beautyinstitute.ee\/ru\/wp-json\/wp\/v2\/product\/23345","targetHints":{"allow":["GET"]}}],"collection":[{"href":"https:\/\/beautyinstitute.ee\/ru\/wp-json\/wp\/v2\/product"}],"about":[{"href":"https:\/\/beautyinstitute.ee\/ru\/wp-json\/wp\/v2\/types\/product"}],"wp:featuredmedia":[{"embeddable":true,"href":"https:\/\/beautyinstitute.ee\/ru\/wp-json\/wp\/v2\/media\/23346"}],"wp:attachment":[{"href":"https:\/\/beautyinstitute.ee\/ru\/wp-json\/wp\/v2\/media?parent=23345"}],"wp:term":[{"taxonomy":"product_cat","embeddable":true,"href":"https:\/\/beautyinstitute.ee\/ru\/wp-json\/wp\/v2\/product_cat?post=23345"},{"taxonomy":"product_tag","embeddable":true,"href":"https:\/\/beautyinstitute.ee\/ru\/wp-json\/wp\/v2\/product_tag?post=23345"}],"curies":[{"name":"wp","href":"https:\/\/api.w.org\/{rel}","templated":true}]}}