{"id":23362,"date":"2023-05-23T13:49:00","date_gmt":"2023-05-23T10:49:00","guid":{"rendered":"https:\/\/beautyinstitute.ee\/?post_type=product&#038;p=23362"},"modified":"2026-03-04T15:54:57","modified_gmt":"2026-03-04T13:54:57","slug":"hyaluron-augenpads-1-karp-5-paari","status":"publish","type":"product","link":"https:\/\/beautyinstitute.ee\/ru\/toode\/hyaluron-augenpads-1-karp-5-paari\/","title":{"rendered":"Hyaluron+ Silmapadjad"},"content":{"rendered":"<p><strong>Hyaluron+ silmapadjad<\/strong>:\u00a0Kohene abi v\u00e4sinud, l\u00f5tvunud silma\u00fcmbruse piirkonnale. H\u00fcaluroonhape seob niiskust ja muudab\u00a0silma\u00fcmbruse siledamaks ja v\u00e4rskemaks. Vitaliseeriv vetikaekstrakt kaitseb nahka. V\u00e4ikesed kortsud<br \/>\ntaanduvad koheselt ja silma\u00fcmbrus s\u00e4rab v\u00e4rskelt. Homogeenne h\u00fcaluroonne kollageenikiht tagab\u00a0toimeainete maksimaalse imendumise ja mugava pealekandmise.<\/p>\n<p><strong>Kasutamine:<\/strong> Eemaldage Hyaluron+ silmapadjad ja eemaldage gofreeritud kaitsekile. Seej\u00e4rel asetage\u00a0puhastatud silma\u00fcmbrusele (kitsad k\u00fcljed on suunatud nina poole). Vajutage silmapatjadele kergelt ja\u00a0\u00fchtlaselt. Toimeaeg 15 &#8211; 30 min. Parimad tulemused saavutatakse 2 &#8211; 3 kasutuskorraga n\u00e4dalas.\u00a0Kasutada kohe p\u00e4rast avamist. Maskid on \u00fchekordsed.<\/p>\n<p><strong>NB! 1 karbis on 5 paari silmamaske.<\/strong><\/p>\n","protected":false},"excerpt":{"rendered":"<p>Hyaluron+ silmapadjad:\u00a0Kohene abi v\u00e4sinud, l\u00f5tvunud silma\u00fcmbruse piirkonnale. H\u00fcaluroonhape seob niiskust ja muudab\u00a0silma\u00fcmbruse siledamaks ja v\u00e4rskemaks. Vitaliseeriv vetikaekstrakt kaitseb nahka. V\u00e4ikesed kortsud taanduvad koheselt ja silma\u00fcmbrus s\u00e4rab v\u00e4rskelt. Homogeenne h\u00fcaluroonne kollageenikiht tagab\u00a0toimeainete maksimaalse imendumise ja mugava pealekandmise. Kasutamine: Eemaldage Hyaluron+ silmapadjad ja eemaldage gofreeritud kaitsekile. Seej\u00e4rel asetage\u00a0puhastatud silma\u00fcmbrusele (kitsad k\u00fcljed on suunatud nina poole). Vajutage silmapatjadele [&hellip;]<\/p>\n","protected":false},"featured_media":23363,"template":"","meta":{"_acf_changed":false},"product_cat":[291],"product_tag":[],"class_list":["post-23362","product","type-product","status-publish","has-post-thumbnail","hentry","product_cat-baehr-cosmetic"],"acf":[],"yoast_head":"<!-- This site is optimized with the Yoast SEO plugin v25.4 - https:\/\/yoast.com\/wordpress\/plugins\/seo\/ -->\n<title>Hyaluron+ Silmapadjad - Beauty Institute<\/title>\n<meta name=\"robots\" content=\"index, follow, max-snippet:-1, max-image-preview:large, max-video-preview:-1\" \/>\n<link rel=\"canonical\" href=\"https:\/\/beautyinstitute.ee\/toode\/hyaluron-augenpads-1-karp-5-paari\/\" \/>\n<meta property=\"og:locale\" content=\"ru_RU\" \/>\n<meta property=\"og:type\" content=\"article\" \/>\n<meta property=\"og:title\" content=\"Hyaluron+ Silmapadjad - Beauty Institute\" \/>\n<meta property=\"og:description\" content=\"Hyaluron+ silmapadjad:\u00a0Kohene abi v\u00e4sinud, l\u00f5tvunud silma\u00fcmbruse piirkonnale. H\u00fcaluroonhape seob niiskust ja muudab\u00a0silma\u00fcmbruse siledamaks ja v\u00e4rskemaks. Vitaliseeriv vetikaekstrakt kaitseb nahka. V\u00e4ikesed kortsud taanduvad koheselt ja silma\u00fcmbrus s\u00e4rab v\u00e4rskelt. Homogeenne h\u00fcaluroonne kollageenikiht tagab\u00a0toimeainete maksimaalse imendumise ja mugava pealekandmise. Kasutamine: Eemaldage Hyaluron+ silmapadjad ja eemaldage gofreeritud kaitsekile. Seej\u00e4rel asetage\u00a0puhastatud silma\u00fcmbrusele (kitsad k\u00fcljed on suunatud nina poole). Vajutage silmapatjadele [&hellip;]\" \/>\n<meta property=\"og:url\" content=\"https:\/\/beautyinstitute.ee\/toode\/hyaluron-augenpads-1-karp-5-paari\/\" \/>\n<meta property=\"og:site_name\" content=\"Beauty Institute\" \/>\n<meta property=\"article:modified_time\" content=\"2026-03-04T13:54:57+00:00\" \/>\n<meta property=\"og:image\" content=\"https:\/\/beautyinstitute.ee\/wp-content\/uploads\/2023\/05\/hyal-silmapadjad-1024x1024.png\" \/>\n\t<meta property=\"og:image:width\" content=\"1024\" \/>\n\t<meta property=\"og:image:height\" content=\"1024\" \/>\n\t<meta property=\"og:image:type\" content=\"image\/png\" \/>\n<meta name=\"twitter:card\" content=\"summary_large_image\" \/>\n<meta name=\"twitter:site\" content=\"@Beauty_Eesti\" \/>\n<meta name=\"twitter:label1\" content=\"\u041f\u0440\u0438\u043c\u0435\u0440\u043d\u043e\u0435 \u0432\u0440\u0435\u043c\u044f \u0434\u043b\u044f \u0447\u0442\u0435\u043d\u0438\u044f\" \/>\n\t<meta name=\"twitter:data1\" content=\"1 \u043c\u0438\u043d\u0443\u0442\u0430\" \/>\n<script type=\"application\/ld+json\" class=\"yoast-schema-graph\">{\"@context\":\"https:\/\/schema.org\",\"@graph\":[{\"@type\":\"WebPage\",\"@id\":\"https:\/\/beautyinstitute.ee\/toode\/hyaluron-augenpads-1-karp-5-paari\/\",\"url\":\"https:\/\/beautyinstitute.ee\/toode\/hyaluron-augenpads-1-karp-5-paari\/\",\"name\":\"Hyaluron+ Silmapadjad - Beauty Institute\",\"isPartOf\":{\"@id\":\"https:\/\/beautyinstitute.ee\/#website\"},\"primaryImageOfPage\":{\"@id\":\"https:\/\/beautyinstitute.ee\/toode\/hyaluron-augenpads-1-karp-5-paari\/#primaryimage\"},\"image\":{\"@id\":\"https:\/\/beautyinstitute.ee\/toode\/hyaluron-augenpads-1-karp-5-paari\/#primaryimage\"},\"thumbnailUrl\":\"https:\/\/beautyinstitute.ee\/wp-content\/uploads\/2023\/05\/hyal-silmapadjad.png\",\"datePublished\":\"2023-05-23T10:49:00+00:00\",\"dateModified\":\"2026-03-04T13:54:57+00:00\",\"breadcrumb\":{\"@id\":\"https:\/\/beautyinstitute.ee\/toode\/hyaluron-augenpads-1-karp-5-paari\/#breadcrumb\"},\"inLanguage\":\"ru-RU\",\"potentialAction\":[{\"@type\":\"ReadAction\",\"target\":[\"https:\/\/beautyinstitute.ee\/toode\/hyaluron-augenpads-1-karp-5-paari\/\"]}]},{\"@type\":\"ImageObject\",\"inLanguage\":\"ru-RU\",\"@id\":\"https:\/\/beautyinstitute.ee\/toode\/hyaluron-augenpads-1-karp-5-paari\/#primaryimage\",\"url\":\"https:\/\/beautyinstitute.ee\/wp-content\/uploads\/2023\/05\/hyal-silmapadjad.png\",\"contentUrl\":\"https:\/\/beautyinstitute.ee\/wp-content\/uploads\/2023\/05\/hyal-silmapadjad.png\",\"width\":2560,\"height\":2560},{\"@type\":\"BreadcrumbList\",\"@id\":\"https:\/\/beautyinstitute.ee\/toode\/hyaluron-augenpads-1-karp-5-paari\/#breadcrumb\",\"itemListElement\":[{\"@type\":\"ListItem\",\"position\":1,\"name\":\"Home\",\"item\":\"https:\/\/beautyinstitute.ee\/ru\/\"},{\"@type\":\"ListItem\",\"position\":2,\"name\":\"E-pood\",\"item\":\"https:\/\/beautyinstitute.ee\/e-pood\/\"},{\"@type\":\"ListItem\",\"position\":3,\"name\":\"Hyaluron+ Silmapadjad\"}]},{\"@type\":\"WebSite\",\"@id\":\"https:\/\/beautyinstitute.ee\/#website\",\"url\":\"https:\/\/beautyinstitute.ee\/\",\"name\":\"Beauty Institute\",\"description\":\"CNC Cosmetic ametlik maaletooja ja edasim\u00fc\u00fcja Eestis, Soomes, L\u00e4tis. Aparaadikosmeetika, koolitused, kosmeetikatooted.\",\"potentialAction\":[{\"@type\":\"SearchAction\",\"target\":{\"@type\":\"EntryPoint\",\"urlTemplate\":\"https:\/\/beautyinstitute.ee\/?s={search_term_string}\"},\"query-input\":{\"@type\":\"PropertyValueSpecification\",\"valueRequired\":true,\"valueName\":\"search_term_string\"}}],\"inLanguage\":\"ru-RU\"}]}<\/script>\n<!-- \/ Yoast SEO plugin. -->","yoast_head_json":{"title":"Hyaluron+ Silmapadjad - Beauty Institute","robots":{"index":"index","follow":"follow","max-snippet":"max-snippet:-1","max-image-preview":"max-image-preview:large","max-video-preview":"max-video-preview:-1"},"canonical":"https:\/\/beautyinstitute.ee\/toode\/hyaluron-augenpads-1-karp-5-paari\/","og_locale":"ru_RU","og_type":"article","og_title":"Hyaluron+ Silmapadjad - Beauty Institute","og_description":"Hyaluron+ silmapadjad:\u00a0Kohene abi v\u00e4sinud, l\u00f5tvunud silma\u00fcmbruse piirkonnale. H\u00fcaluroonhape seob niiskust ja muudab\u00a0silma\u00fcmbruse siledamaks ja v\u00e4rskemaks. Vitaliseeriv vetikaekstrakt kaitseb nahka. V\u00e4ikesed kortsud taanduvad koheselt ja silma\u00fcmbrus s\u00e4rab v\u00e4rskelt. Homogeenne h\u00fcaluroonne kollageenikiht tagab\u00a0toimeainete maksimaalse imendumise ja mugava pealekandmise. Kasutamine: Eemaldage Hyaluron+ silmapadjad ja eemaldage gofreeritud kaitsekile. Seej\u00e4rel asetage\u00a0puhastatud silma\u00fcmbrusele (kitsad k\u00fcljed on suunatud nina poole). Vajutage silmapatjadele [&hellip;]","og_url":"https:\/\/beautyinstitute.ee\/toode\/hyaluron-augenpads-1-karp-5-paari\/","og_site_name":"Beauty Institute","article_modified_time":"2026-03-04T13:54:57+00:00","og_image":[{"width":1024,"height":1024,"url":"https:\/\/beautyinstitute.ee\/wp-content\/uploads\/2023\/05\/hyal-silmapadjad-1024x1024.png","type":"image\/png"}],"twitter_card":"summary_large_image","twitter_site":"@Beauty_Eesti","twitter_misc":{"\u041f\u0440\u0438\u043c\u0435\u0440\u043d\u043e\u0435 \u0432\u0440\u0435\u043c\u044f \u0434\u043b\u044f \u0447\u0442\u0435\u043d\u0438\u044f":"1 \u043c\u0438\u043d\u0443\u0442\u0430"},"schema":{"@context":"https:\/\/schema.org","@graph":[{"@type":"WebPage","@id":"https:\/\/beautyinstitute.ee\/toode\/hyaluron-augenpads-1-karp-5-paari\/","url":"https:\/\/beautyinstitute.ee\/toode\/hyaluron-augenpads-1-karp-5-paari\/","name":"Hyaluron+ Silmapadjad - Beauty Institute","isPartOf":{"@id":"https:\/\/beautyinstitute.ee\/#website"},"primaryImageOfPage":{"@id":"https:\/\/beautyinstitute.ee\/toode\/hyaluron-augenpads-1-karp-5-paari\/#primaryimage"},"image":{"@id":"https:\/\/beautyinstitute.ee\/toode\/hyaluron-augenpads-1-karp-5-paari\/#primaryimage"},"thumbnailUrl":"https:\/\/beautyinstitute.ee\/wp-content\/uploads\/2023\/05\/hyal-silmapadjad.png","datePublished":"2023-05-23T10:49:00+00:00","dateModified":"2026-03-04T13:54:57+00:00","breadcrumb":{"@id":"https:\/\/beautyinstitute.ee\/toode\/hyaluron-augenpads-1-karp-5-paari\/#breadcrumb"},"inLanguage":"ru-RU","potentialAction":[{"@type":"ReadAction","target":["https:\/\/beautyinstitute.ee\/toode\/hyaluron-augenpads-1-karp-5-paari\/"]}]},{"@type":"ImageObject","inLanguage":"ru-RU","@id":"https:\/\/beautyinstitute.ee\/toode\/hyaluron-augenpads-1-karp-5-paari\/#primaryimage","url":"https:\/\/beautyinstitute.ee\/wp-content\/uploads\/2023\/05\/hyal-silmapadjad.png","contentUrl":"https:\/\/beautyinstitute.ee\/wp-content\/uploads\/2023\/05\/hyal-silmapadjad.png","width":2560,"height":2560},{"@type":"BreadcrumbList","@id":"https:\/\/beautyinstitute.ee\/toode\/hyaluron-augenpads-1-karp-5-paari\/#breadcrumb","itemListElement":[{"@type":"ListItem","position":1,"name":"Home","item":"https:\/\/beautyinstitute.ee\/ru\/"},{"@type":"ListItem","position":2,"name":"E-pood","item":"https:\/\/beautyinstitute.ee\/e-pood\/"},{"@type":"ListItem","position":3,"name":"Hyaluron+ Silmapadjad"}]},{"@type":"WebSite","@id":"https:\/\/beautyinstitute.ee\/#website","url":"https:\/\/beautyinstitute.ee\/","name":"Beauty Institute","description":"CNC Cosmetic ametlik maaletooja ja edasim\u00fc\u00fcja Eestis, Soomes, L\u00e4tis. Aparaadikosmeetika, koolitused, kosmeetikatooted.","potentialAction":[{"@type":"SearchAction","target":{"@type":"EntryPoint","urlTemplate":"https:\/\/beautyinstitute.ee\/?s={search_term_string}"},"query-input":{"@type":"PropertyValueSpecification","valueRequired":true,"valueName":"search_term_string"}}],"inLanguage":"ru-RU"}]}},"_links":{"self":[{"href":"https:\/\/beautyinstitute.ee\/ru\/wp-json\/wp\/v2\/product\/23362","targetHints":{"allow":["GET"]}}],"collection":[{"href":"https:\/\/beautyinstitute.ee\/ru\/wp-json\/wp\/v2\/product"}],"about":[{"href":"https:\/\/beautyinstitute.ee\/ru\/wp-json\/wp\/v2\/types\/product"}],"wp:featuredmedia":[{"embeddable":true,"href":"https:\/\/beautyinstitute.ee\/ru\/wp-json\/wp\/v2\/media\/23363"}],"wp:attachment":[{"href":"https:\/\/beautyinstitute.ee\/ru\/wp-json\/wp\/v2\/media?parent=23362"}],"wp:term":[{"taxonomy":"product_cat","embeddable":true,"href":"https:\/\/beautyinstitute.ee\/ru\/wp-json\/wp\/v2\/product_cat?post=23362"},{"taxonomy":"product_tag","embeddable":true,"href":"https:\/\/beautyinstitute.ee\/ru\/wp-json\/wp\/v2\/product_tag?post=23362"}],"curies":[{"name":"wp","href":"https:\/\/api.w.org\/{rel}","templated":true}]}}