{"id":23369,"date":"2023-05-23T13:54:10","date_gmt":"2023-05-23T10:54:10","guid":{"rendered":"https:\/\/beautyinstitute.ee\/?post_type=product&#038;p=23369"},"modified":"2026-02-19T06:53:40","modified_gmt":"2026-02-19T04:53:40","slug":"aloe-vera-silmakreem-20ml","status":"publish","type":"product","link":"https:\/\/beautyinstitute.ee\/ru\/toode\/aloe-vera-silmakreem-20ml\/","title":{"rendered":"Aloe Vera Silmakreem 20Ml"},"content":{"rendered":"<p><strong>Aloe Vera \u2013 looduslik iluime<\/strong><\/p>\n<p>Olete v\u00e4sinud? \u00a0 T\u00e4nu aloe vera silmakreemile, eksklusiivne hooldus tundlikule\u00a0silma\u00fcmbrusele. Aloe vera erilised niisutavad ja kaitsvad omadused koos uuenduslike toimeainete ning\u00a0v\u00e4\u00e4rtuslike siidipuu ja parakressi ekstraktidega v\u00e4hendavad kortse ja tumedaid varje, et anda nooruslik\u00a0v\u00e4rske s\u00e4ra. V\u00e4\u00e4rtuslikud \u00f5lid jojoba- ja brokoliseemnetest, sheav\u00f5ist ja skvalaanist tagavad pehme ja\u00a0elastse silma\u00fcmbruse. <strong>Lase oma silmadel s\u00e4rada!<\/strong><br \/>\nKasutamine: kandke hommikuti ja \u00f5htuti puhastatud silma\u00fcmbrusele ja patsutage \u00f5rnalt nahka<\/p>\n","protected":false},"excerpt":{"rendered":"<p>Aloe Vera \u2013 looduslik iluime Olete v\u00e4sinud? \u00a0 T\u00e4nu aloe vera silmakreemile, eksklusiivne hooldus tundlikule\u00a0silma\u00fcmbrusele. Aloe vera erilised niisutavad ja kaitsvad omadused koos uuenduslike toimeainete ning\u00a0v\u00e4\u00e4rtuslike siidipuu ja parakressi ekstraktidega v\u00e4hendavad kortse ja tumedaid varje, et anda nooruslik\u00a0v\u00e4rske s\u00e4ra. V\u00e4\u00e4rtuslikud \u00f5lid jojoba- ja brokoliseemnetest, sheav\u00f5ist ja skvalaanist tagavad pehme ja\u00a0elastse silma\u00fcmbruse. Lase oma silmadel s\u00e4rada! [&hellip;]<\/p>\n","protected":false},"featured_media":23370,"template":"","meta":{"_acf_changed":false},"product_cat":[291],"product_tag":[],"class_list":["post-23369","product","type-product","status-publish","has-post-thumbnail","hentry","product_cat-baehr-cosmetic"],"acf":[],"yoast_head":"<!-- This site is optimized with the Yoast SEO plugin v25.4 - https:\/\/yoast.com\/wordpress\/plugins\/seo\/ -->\n<title>Aloe Vera Silmakreem 20Ml - Beauty Institute<\/title>\n<meta name=\"robots\" content=\"index, follow, max-snippet:-1, max-image-preview:large, max-video-preview:-1\" \/>\n<link rel=\"canonical\" href=\"https:\/\/beautyinstitute.ee\/toode\/aloe-vera-silmakreem-20ml\/\" \/>\n<meta property=\"og:locale\" content=\"ru_RU\" \/>\n<meta property=\"og:type\" content=\"article\" \/>\n<meta property=\"og:title\" content=\"Aloe Vera Silmakreem 20Ml - Beauty Institute\" \/>\n<meta property=\"og:description\" content=\"Aloe Vera \u2013 looduslik iluime Olete v\u00e4sinud? \u00a0 T\u00e4nu aloe vera silmakreemile, eksklusiivne hooldus tundlikule\u00a0silma\u00fcmbrusele. Aloe vera erilised niisutavad ja kaitsvad omadused koos uuenduslike toimeainete ning\u00a0v\u00e4\u00e4rtuslike siidipuu ja parakressi ekstraktidega v\u00e4hendavad kortse ja tumedaid varje, et anda nooruslik\u00a0v\u00e4rske s\u00e4ra. V\u00e4\u00e4rtuslikud \u00f5lid jojoba- ja brokoliseemnetest, sheav\u00f5ist ja skvalaanist tagavad pehme ja\u00a0elastse silma\u00fcmbruse. Lase oma silmadel s\u00e4rada! [&hellip;]\" \/>\n<meta property=\"og:url\" content=\"https:\/\/beautyinstitute.ee\/toode\/aloe-vera-silmakreem-20ml\/\" \/>\n<meta property=\"og:site_name\" content=\"Beauty Institute\" \/>\n<meta property=\"article:modified_time\" content=\"2026-02-19T04:53:40+00:00\" \/>\n<meta property=\"og:image\" content=\"https:\/\/beautyinstitute.ee\/wp-content\/uploads\/2023\/05\/aloe-vera-silmakreem.png\" \/>\n\t<meta property=\"og:image:width\" content=\"2424\" \/>\n\t<meta property=\"og:image:height\" content=\"2424\" \/>\n\t<meta property=\"og:image:type\" content=\"image\/png\" \/>\n<meta name=\"twitter:card\" content=\"summary_large_image\" \/>\n<meta name=\"twitter:site\" content=\"@Beauty_Eesti\" \/>\n<meta name=\"twitter:label1\" content=\"\u041f\u0440\u0438\u043c\u0435\u0440\u043d\u043e\u0435 \u0432\u0440\u0435\u043c\u044f \u0434\u043b\u044f \u0447\u0442\u0435\u043d\u0438\u044f\" \/>\n\t<meta name=\"twitter:data1\" content=\"1 \u043c\u0438\u043d\u0443\u0442\u0430\" \/>\n<script type=\"application\/ld+json\" class=\"yoast-schema-graph\">{\"@context\":\"https:\/\/schema.org\",\"@graph\":[{\"@type\":\"WebPage\",\"@id\":\"https:\/\/beautyinstitute.ee\/toode\/aloe-vera-silmakreem-20ml\/\",\"url\":\"https:\/\/beautyinstitute.ee\/toode\/aloe-vera-silmakreem-20ml\/\",\"name\":\"Aloe Vera Silmakreem 20Ml - Beauty Institute\",\"isPartOf\":{\"@id\":\"https:\/\/beautyinstitute.ee\/#website\"},\"primaryImageOfPage\":{\"@id\":\"https:\/\/beautyinstitute.ee\/toode\/aloe-vera-silmakreem-20ml\/#primaryimage\"},\"image\":{\"@id\":\"https:\/\/beautyinstitute.ee\/toode\/aloe-vera-silmakreem-20ml\/#primaryimage\"},\"thumbnailUrl\":\"https:\/\/beautyinstitute.ee\/wp-content\/uploads\/2023\/05\/aloe-vera-silmakreem.png\",\"datePublished\":\"2023-05-23T10:54:10+00:00\",\"dateModified\":\"2026-02-19T04:53:40+00:00\",\"breadcrumb\":{\"@id\":\"https:\/\/beautyinstitute.ee\/toode\/aloe-vera-silmakreem-20ml\/#breadcrumb\"},\"inLanguage\":\"ru-RU\",\"potentialAction\":[{\"@type\":\"ReadAction\",\"target\":[\"https:\/\/beautyinstitute.ee\/toode\/aloe-vera-silmakreem-20ml\/\"]}]},{\"@type\":\"ImageObject\",\"inLanguage\":\"ru-RU\",\"@id\":\"https:\/\/beautyinstitute.ee\/toode\/aloe-vera-silmakreem-20ml\/#primaryimage\",\"url\":\"https:\/\/beautyinstitute.ee\/wp-content\/uploads\/2023\/05\/aloe-vera-silmakreem.png\",\"contentUrl\":\"https:\/\/beautyinstitute.ee\/wp-content\/uploads\/2023\/05\/aloe-vera-silmakreem.png\",\"width\":2424,\"height\":2424},{\"@type\":\"BreadcrumbList\",\"@id\":\"https:\/\/beautyinstitute.ee\/toode\/aloe-vera-silmakreem-20ml\/#breadcrumb\",\"itemListElement\":[{\"@type\":\"ListItem\",\"position\":1,\"name\":\"Home\",\"item\":\"https:\/\/beautyinstitute.ee\/ru\/\"},{\"@type\":\"ListItem\",\"position\":2,\"name\":\"E-pood\",\"item\":\"https:\/\/beautyinstitute.ee\/e-pood\/\"},{\"@type\":\"ListItem\",\"position\":3,\"name\":\"Aloe Vera Silmakreem 20Ml\"}]},{\"@type\":\"WebSite\",\"@id\":\"https:\/\/beautyinstitute.ee\/#website\",\"url\":\"https:\/\/beautyinstitute.ee\/\",\"name\":\"Beauty Institute\",\"description\":\"CNC Cosmetic ametlik maaletooja ja edasim\u00fc\u00fcja Eestis, Soomes, L\u00e4tis. Aparaadikosmeetika, koolitused, kosmeetikatooted.\",\"potentialAction\":[{\"@type\":\"SearchAction\",\"target\":{\"@type\":\"EntryPoint\",\"urlTemplate\":\"https:\/\/beautyinstitute.ee\/?s={search_term_string}\"},\"query-input\":{\"@type\":\"PropertyValueSpecification\",\"valueRequired\":true,\"valueName\":\"search_term_string\"}}],\"inLanguage\":\"ru-RU\"}]}<\/script>\n<!-- \/ Yoast SEO plugin. -->","yoast_head_json":{"title":"Aloe Vera Silmakreem 20Ml - Beauty Institute","robots":{"index":"index","follow":"follow","max-snippet":"max-snippet:-1","max-image-preview":"max-image-preview:large","max-video-preview":"max-video-preview:-1"},"canonical":"https:\/\/beautyinstitute.ee\/toode\/aloe-vera-silmakreem-20ml\/","og_locale":"ru_RU","og_type":"article","og_title":"Aloe Vera Silmakreem 20Ml - Beauty Institute","og_description":"Aloe Vera \u2013 looduslik iluime Olete v\u00e4sinud? \u00a0 T\u00e4nu aloe vera silmakreemile, eksklusiivne hooldus tundlikule\u00a0silma\u00fcmbrusele. Aloe vera erilised niisutavad ja kaitsvad omadused koos uuenduslike toimeainete ning\u00a0v\u00e4\u00e4rtuslike siidipuu ja parakressi ekstraktidega v\u00e4hendavad kortse ja tumedaid varje, et anda nooruslik\u00a0v\u00e4rske s\u00e4ra. V\u00e4\u00e4rtuslikud \u00f5lid jojoba- ja brokoliseemnetest, sheav\u00f5ist ja skvalaanist tagavad pehme ja\u00a0elastse silma\u00fcmbruse. Lase oma silmadel s\u00e4rada! [&hellip;]","og_url":"https:\/\/beautyinstitute.ee\/toode\/aloe-vera-silmakreem-20ml\/","og_site_name":"Beauty Institute","article_modified_time":"2026-02-19T04:53:40+00:00","og_image":[{"width":2424,"height":2424,"url":"https:\/\/beautyinstitute.ee\/wp-content\/uploads\/2023\/05\/aloe-vera-silmakreem.png","type":"image\/png"}],"twitter_card":"summary_large_image","twitter_site":"@Beauty_Eesti","twitter_misc":{"\u041f\u0440\u0438\u043c\u0435\u0440\u043d\u043e\u0435 \u0432\u0440\u0435\u043c\u044f \u0434\u043b\u044f \u0447\u0442\u0435\u043d\u0438\u044f":"1 \u043c\u0438\u043d\u0443\u0442\u0430"},"schema":{"@context":"https:\/\/schema.org","@graph":[{"@type":"WebPage","@id":"https:\/\/beautyinstitute.ee\/toode\/aloe-vera-silmakreem-20ml\/","url":"https:\/\/beautyinstitute.ee\/toode\/aloe-vera-silmakreem-20ml\/","name":"Aloe Vera Silmakreem 20Ml - Beauty Institute","isPartOf":{"@id":"https:\/\/beautyinstitute.ee\/#website"},"primaryImageOfPage":{"@id":"https:\/\/beautyinstitute.ee\/toode\/aloe-vera-silmakreem-20ml\/#primaryimage"},"image":{"@id":"https:\/\/beautyinstitute.ee\/toode\/aloe-vera-silmakreem-20ml\/#primaryimage"},"thumbnailUrl":"https:\/\/beautyinstitute.ee\/wp-content\/uploads\/2023\/05\/aloe-vera-silmakreem.png","datePublished":"2023-05-23T10:54:10+00:00","dateModified":"2026-02-19T04:53:40+00:00","breadcrumb":{"@id":"https:\/\/beautyinstitute.ee\/toode\/aloe-vera-silmakreem-20ml\/#breadcrumb"},"inLanguage":"ru-RU","potentialAction":[{"@type":"ReadAction","target":["https:\/\/beautyinstitute.ee\/toode\/aloe-vera-silmakreem-20ml\/"]}]},{"@type":"ImageObject","inLanguage":"ru-RU","@id":"https:\/\/beautyinstitute.ee\/toode\/aloe-vera-silmakreem-20ml\/#primaryimage","url":"https:\/\/beautyinstitute.ee\/wp-content\/uploads\/2023\/05\/aloe-vera-silmakreem.png","contentUrl":"https:\/\/beautyinstitute.ee\/wp-content\/uploads\/2023\/05\/aloe-vera-silmakreem.png","width":2424,"height":2424},{"@type":"BreadcrumbList","@id":"https:\/\/beautyinstitute.ee\/toode\/aloe-vera-silmakreem-20ml\/#breadcrumb","itemListElement":[{"@type":"ListItem","position":1,"name":"Home","item":"https:\/\/beautyinstitute.ee\/ru\/"},{"@type":"ListItem","position":2,"name":"E-pood","item":"https:\/\/beautyinstitute.ee\/e-pood\/"},{"@type":"ListItem","position":3,"name":"Aloe Vera Silmakreem 20Ml"}]},{"@type":"WebSite","@id":"https:\/\/beautyinstitute.ee\/#website","url":"https:\/\/beautyinstitute.ee\/","name":"Beauty Institute","description":"CNC Cosmetic ametlik maaletooja ja edasim\u00fc\u00fcja Eestis, Soomes, L\u00e4tis. Aparaadikosmeetika, koolitused, kosmeetikatooted.","potentialAction":[{"@type":"SearchAction","target":{"@type":"EntryPoint","urlTemplate":"https:\/\/beautyinstitute.ee\/?s={search_term_string}"},"query-input":{"@type":"PropertyValueSpecification","valueRequired":true,"valueName":"search_term_string"}}],"inLanguage":"ru-RU"}]}},"_links":{"self":[{"href":"https:\/\/beautyinstitute.ee\/ru\/wp-json\/wp\/v2\/product\/23369","targetHints":{"allow":["GET"]}}],"collection":[{"href":"https:\/\/beautyinstitute.ee\/ru\/wp-json\/wp\/v2\/product"}],"about":[{"href":"https:\/\/beautyinstitute.ee\/ru\/wp-json\/wp\/v2\/types\/product"}],"wp:featuredmedia":[{"embeddable":true,"href":"https:\/\/beautyinstitute.ee\/ru\/wp-json\/wp\/v2\/media\/23370"}],"wp:attachment":[{"href":"https:\/\/beautyinstitute.ee\/ru\/wp-json\/wp\/v2\/media?parent=23369"}],"wp:term":[{"taxonomy":"product_cat","embeddable":true,"href":"https:\/\/beautyinstitute.ee\/ru\/wp-json\/wp\/v2\/product_cat?post=23369"},{"taxonomy":"product_tag","embeddable":true,"href":"https:\/\/beautyinstitute.ee\/ru\/wp-json\/wp\/v2\/product_tag?post=23369"}],"curies":[{"name":"wp","href":"https:\/\/api.w.org\/{rel}","templated":true}]}}