{"id":23373,"date":"2023-05-23T13:58:53","date_gmt":"2023-05-23T10:58:53","guid":{"rendered":"https:\/\/beautyinstitute.ee\/?post_type=product&#038;p=23373"},"modified":"2026-03-26T14:30:50","modified_gmt":"2026-03-26T12:30:50","slug":"vitamin-c-mineral-spray-150-ml","status":"publish","type":"product","link":"https:\/\/beautyinstitute.ee\/ru\/toode\/vitamin-c-mineral-spray-150-ml\/","title":{"rendered":"Vitamin C-Mineral-Spray 150 Ml"},"content":{"rendered":"<p>Niisutav n\u00e4osprei on ideaalne v\u00e4rskuse turgutaja v\u00e4sinud ja stressis nahale. Meresool, Bad Pyrmonti\u00a0allikavesi ja C-vitamiini derivaat annavad nahale elut\u00e4htsaid mineraalaineid ja antioks\u00fcdante. Koos naha\u00a0enda niisutavate faktoritega on nahk kaitstud ja muutub silm\u00e4htavalt elastsemaks. Allantoiin rahustab\u00a0nahka. Nahk on h\u00fcdreeritud, v\u00e4rske ja s\u00e4rav. Tulemus: meeldiv v\u00e4rskus ja tasakaalustatud s\u00e4rav jume.\u00a0Valmistab naha optimaalselt ette BAEHR BEAUTY CONCEPT h\u00fcaluroonseerumi 4-kordse seerumi\u00a0toimeainete imendumiseks.<br \/>\n<strong>Kasutamine:<\/strong> enne kasutamist loksutada. Pihusta hommikuti ja \u00f5htuti puhastatud nahale ca 25-30 cm\u00a0kauguselt n\u00e4ole, kaelale ja dekolteepiirkonnale ning lase kuivada. Mitte pihustada silma.<\/p>\n<p>Pealekandmine neljakordse h\u00fcaluroonseerumiga: P\u00e4rast C-vitamiini sprei kasutamist on nahk<br \/>\noptimaalselt ette valmistatud BAEHR BEAUTY CONCEPT rubiinpuudriga neljakordse h\u00fcaluroonseerumi\u00a0toimeainete imendumiseks. P\u00e4rast pealekandmist laske sprei t\u00e4ielikult imenduda ja seej\u00e4rel masseerige\u00a0rubiinipulbriga h\u00fcaluroonseerumiga nahka.<\/p>\n","protected":false},"excerpt":{"rendered":"<p>Niisutav n\u00e4osprei on ideaalne v\u00e4rskuse turgutaja v\u00e4sinud ja stressis nahale. Meresool, Bad Pyrmonti\u00a0allikavesi ja C-vitamiini derivaat annavad nahale elut\u00e4htsaid mineraalaineid ja antioks\u00fcdante. Koos naha\u00a0enda niisutavate faktoritega on nahk kaitstud ja muutub silm\u00e4htavalt elastsemaks. Allantoiin rahustab\u00a0nahka. Nahk on h\u00fcdreeritud, v\u00e4rske ja s\u00e4rav. Tulemus: meeldiv v\u00e4rskus ja tasakaalustatud s\u00e4rav jume.\u00a0Valmistab naha optimaalselt ette BAEHR BEAUTY CONCEPT h\u00fcaluroonseerumi [&hellip;]<\/p>\n","protected":false},"featured_media":23374,"template":"","meta":{"_acf_changed":false},"product_cat":[291],"product_tag":[],"class_list":["post-23373","product","type-product","status-publish","has-post-thumbnail","hentry","product_cat-baehr-cosmetic"],"acf":[],"yoast_head":"<!-- This site is optimized with the Yoast SEO plugin v25.4 - https:\/\/yoast.com\/wordpress\/plugins\/seo\/ -->\n<title>Vitamin C-Mineral-Spray 150 Ml - Beauty Institute<\/title>\n<meta name=\"robots\" content=\"index, follow, max-snippet:-1, max-image-preview:large, max-video-preview:-1\" \/>\n<link rel=\"canonical\" href=\"https:\/\/beautyinstitute.ee\/toode\/vitamin-c-mineral-spray-150-ml\/\" \/>\n<meta property=\"og:locale\" content=\"ru_RU\" \/>\n<meta property=\"og:type\" content=\"article\" \/>\n<meta property=\"og:title\" content=\"Vitamin C-Mineral-Spray 150 Ml - Beauty Institute\" \/>\n<meta property=\"og:description\" content=\"Niisutav n\u00e4osprei on ideaalne v\u00e4rskuse turgutaja v\u00e4sinud ja stressis nahale. Meresool, Bad Pyrmonti\u00a0allikavesi ja C-vitamiini derivaat annavad nahale elut\u00e4htsaid mineraalaineid ja antioks\u00fcdante. Koos naha\u00a0enda niisutavate faktoritega on nahk kaitstud ja muutub silm\u00e4htavalt elastsemaks. Allantoiin rahustab\u00a0nahka. Nahk on h\u00fcdreeritud, v\u00e4rske ja s\u00e4rav. Tulemus: meeldiv v\u00e4rskus ja tasakaalustatud s\u00e4rav jume.\u00a0Valmistab naha optimaalselt ette BAEHR BEAUTY CONCEPT h\u00fcaluroonseerumi [&hellip;]\" \/>\n<meta property=\"og:url\" content=\"https:\/\/beautyinstitute.ee\/toode\/vitamin-c-mineral-spray-150-ml\/\" \/>\n<meta property=\"og:site_name\" content=\"Beauty Institute\" \/>\n<meta property=\"article:modified_time\" content=\"2026-03-26T12:30:50+00:00\" \/>\n<meta property=\"og:image\" content=\"https:\/\/beautyinstitute.ee\/wp-content\/uploads\/2023\/05\/vitamin-c-mineral-spray_25376_1_1280x1280@2x.png\" \/>\n\t<meta property=\"og:image:width\" content=\"2560\" \/>\n\t<meta property=\"og:image:height\" content=\"2560\" \/>\n\t<meta property=\"og:image:type\" content=\"image\/png\" \/>\n<meta name=\"twitter:card\" content=\"summary_large_image\" \/>\n<meta name=\"twitter:site\" content=\"@Beauty_Eesti\" \/>\n<meta name=\"twitter:label1\" content=\"\u041f\u0440\u0438\u043c\u0435\u0440\u043d\u043e\u0435 \u0432\u0440\u0435\u043c\u044f \u0434\u043b\u044f \u0447\u0442\u0435\u043d\u0438\u044f\" \/>\n\t<meta name=\"twitter:data1\" content=\"1 \u043c\u0438\u043d\u0443\u0442\u0430\" \/>\n<script type=\"application\/ld+json\" class=\"yoast-schema-graph\">{\"@context\":\"https:\/\/schema.org\",\"@graph\":[{\"@type\":\"WebPage\",\"@id\":\"https:\/\/beautyinstitute.ee\/toode\/vitamin-c-mineral-spray-150-ml\/\",\"url\":\"https:\/\/beautyinstitute.ee\/toode\/vitamin-c-mineral-spray-150-ml\/\",\"name\":\"Vitamin C-Mineral-Spray 150 Ml - Beauty Institute\",\"isPartOf\":{\"@id\":\"https:\/\/beautyinstitute.ee\/#website\"},\"primaryImageOfPage\":{\"@id\":\"https:\/\/beautyinstitute.ee\/toode\/vitamin-c-mineral-spray-150-ml\/#primaryimage\"},\"image\":{\"@id\":\"https:\/\/beautyinstitute.ee\/toode\/vitamin-c-mineral-spray-150-ml\/#primaryimage\"},\"thumbnailUrl\":\"https:\/\/beautyinstitute.ee\/wp-content\/uploads\/2023\/05\/vitamin-c-mineral-spray_25376_1_1280x1280@2x.png\",\"datePublished\":\"2023-05-23T10:58:53+00:00\",\"dateModified\":\"2026-03-26T12:30:50+00:00\",\"breadcrumb\":{\"@id\":\"https:\/\/beautyinstitute.ee\/toode\/vitamin-c-mineral-spray-150-ml\/#breadcrumb\"},\"inLanguage\":\"ru-RU\",\"potentialAction\":[{\"@type\":\"ReadAction\",\"target\":[\"https:\/\/beautyinstitute.ee\/toode\/vitamin-c-mineral-spray-150-ml\/\"]}]},{\"@type\":\"ImageObject\",\"inLanguage\":\"ru-RU\",\"@id\":\"https:\/\/beautyinstitute.ee\/toode\/vitamin-c-mineral-spray-150-ml\/#primaryimage\",\"url\":\"https:\/\/beautyinstitute.ee\/wp-content\/uploads\/2023\/05\/vitamin-c-mineral-spray_25376_1_1280x1280@2x.png\",\"contentUrl\":\"https:\/\/beautyinstitute.ee\/wp-content\/uploads\/2023\/05\/vitamin-c-mineral-spray_25376_1_1280x1280@2x.png\",\"width\":2560,\"height\":2560},{\"@type\":\"BreadcrumbList\",\"@id\":\"https:\/\/beautyinstitute.ee\/toode\/vitamin-c-mineral-spray-150-ml\/#breadcrumb\",\"itemListElement\":[{\"@type\":\"ListItem\",\"position\":1,\"name\":\"Home\",\"item\":\"https:\/\/beautyinstitute.ee\/ru\/\"},{\"@type\":\"ListItem\",\"position\":2,\"name\":\"E-pood\",\"item\":\"https:\/\/beautyinstitute.ee\/e-pood\/\"},{\"@type\":\"ListItem\",\"position\":3,\"name\":\"Vitamin C-Mineral-Spray 150 Ml\"}]},{\"@type\":\"WebSite\",\"@id\":\"https:\/\/beautyinstitute.ee\/#website\",\"url\":\"https:\/\/beautyinstitute.ee\/\",\"name\":\"Beauty Institute\",\"description\":\"CNC Cosmetic ametlik maaletooja ja edasim\u00fc\u00fcja Eestis, Soomes, L\u00e4tis. Aparaadikosmeetika, koolitused, kosmeetikatooted.\",\"potentialAction\":[{\"@type\":\"SearchAction\",\"target\":{\"@type\":\"EntryPoint\",\"urlTemplate\":\"https:\/\/beautyinstitute.ee\/?s={search_term_string}\"},\"query-input\":{\"@type\":\"PropertyValueSpecification\",\"valueRequired\":true,\"valueName\":\"search_term_string\"}}],\"inLanguage\":\"ru-RU\"}]}<\/script>\n<!-- \/ Yoast SEO plugin. -->","yoast_head_json":{"title":"Vitamin C-Mineral-Spray 150 Ml - Beauty Institute","robots":{"index":"index","follow":"follow","max-snippet":"max-snippet:-1","max-image-preview":"max-image-preview:large","max-video-preview":"max-video-preview:-1"},"canonical":"https:\/\/beautyinstitute.ee\/toode\/vitamin-c-mineral-spray-150-ml\/","og_locale":"ru_RU","og_type":"article","og_title":"Vitamin C-Mineral-Spray 150 Ml - Beauty Institute","og_description":"Niisutav n\u00e4osprei on ideaalne v\u00e4rskuse turgutaja v\u00e4sinud ja stressis nahale. Meresool, Bad Pyrmonti\u00a0allikavesi ja C-vitamiini derivaat annavad nahale elut\u00e4htsaid mineraalaineid ja antioks\u00fcdante. Koos naha\u00a0enda niisutavate faktoritega on nahk kaitstud ja muutub silm\u00e4htavalt elastsemaks. Allantoiin rahustab\u00a0nahka. Nahk on h\u00fcdreeritud, v\u00e4rske ja s\u00e4rav. Tulemus: meeldiv v\u00e4rskus ja tasakaalustatud s\u00e4rav jume.\u00a0Valmistab naha optimaalselt ette BAEHR BEAUTY CONCEPT h\u00fcaluroonseerumi [&hellip;]","og_url":"https:\/\/beautyinstitute.ee\/toode\/vitamin-c-mineral-spray-150-ml\/","og_site_name":"Beauty Institute","article_modified_time":"2026-03-26T12:30:50+00:00","og_image":[{"width":2560,"height":2560,"url":"https:\/\/beautyinstitute.ee\/wp-content\/uploads\/2023\/05\/vitamin-c-mineral-spray_25376_1_1280x1280@2x.png","type":"image\/png"}],"twitter_card":"summary_large_image","twitter_site":"@Beauty_Eesti","twitter_misc":{"\u041f\u0440\u0438\u043c\u0435\u0440\u043d\u043e\u0435 \u0432\u0440\u0435\u043c\u044f \u0434\u043b\u044f \u0447\u0442\u0435\u043d\u0438\u044f":"1 \u043c\u0438\u043d\u0443\u0442\u0430"},"schema":{"@context":"https:\/\/schema.org","@graph":[{"@type":"WebPage","@id":"https:\/\/beautyinstitute.ee\/toode\/vitamin-c-mineral-spray-150-ml\/","url":"https:\/\/beautyinstitute.ee\/toode\/vitamin-c-mineral-spray-150-ml\/","name":"Vitamin C-Mineral-Spray 150 Ml - Beauty Institute","isPartOf":{"@id":"https:\/\/beautyinstitute.ee\/#website"},"primaryImageOfPage":{"@id":"https:\/\/beautyinstitute.ee\/toode\/vitamin-c-mineral-spray-150-ml\/#primaryimage"},"image":{"@id":"https:\/\/beautyinstitute.ee\/toode\/vitamin-c-mineral-spray-150-ml\/#primaryimage"},"thumbnailUrl":"https:\/\/beautyinstitute.ee\/wp-content\/uploads\/2023\/05\/vitamin-c-mineral-spray_25376_1_1280x1280@2x.png","datePublished":"2023-05-23T10:58:53+00:00","dateModified":"2026-03-26T12:30:50+00:00","breadcrumb":{"@id":"https:\/\/beautyinstitute.ee\/toode\/vitamin-c-mineral-spray-150-ml\/#breadcrumb"},"inLanguage":"ru-RU","potentialAction":[{"@type":"ReadAction","target":["https:\/\/beautyinstitute.ee\/toode\/vitamin-c-mineral-spray-150-ml\/"]}]},{"@type":"ImageObject","inLanguage":"ru-RU","@id":"https:\/\/beautyinstitute.ee\/toode\/vitamin-c-mineral-spray-150-ml\/#primaryimage","url":"https:\/\/beautyinstitute.ee\/wp-content\/uploads\/2023\/05\/vitamin-c-mineral-spray_25376_1_1280x1280@2x.png","contentUrl":"https:\/\/beautyinstitute.ee\/wp-content\/uploads\/2023\/05\/vitamin-c-mineral-spray_25376_1_1280x1280@2x.png","width":2560,"height":2560},{"@type":"BreadcrumbList","@id":"https:\/\/beautyinstitute.ee\/toode\/vitamin-c-mineral-spray-150-ml\/#breadcrumb","itemListElement":[{"@type":"ListItem","position":1,"name":"Home","item":"https:\/\/beautyinstitute.ee\/ru\/"},{"@type":"ListItem","position":2,"name":"E-pood","item":"https:\/\/beautyinstitute.ee\/e-pood\/"},{"@type":"ListItem","position":3,"name":"Vitamin C-Mineral-Spray 150 Ml"}]},{"@type":"WebSite","@id":"https:\/\/beautyinstitute.ee\/#website","url":"https:\/\/beautyinstitute.ee\/","name":"Beauty Institute","description":"CNC Cosmetic ametlik maaletooja ja edasim\u00fc\u00fcja Eestis, Soomes, L\u00e4tis. Aparaadikosmeetika, koolitused, kosmeetikatooted.","potentialAction":[{"@type":"SearchAction","target":{"@type":"EntryPoint","urlTemplate":"https:\/\/beautyinstitute.ee\/?s={search_term_string}"},"query-input":{"@type":"PropertyValueSpecification","valueRequired":true,"valueName":"search_term_string"}}],"inLanguage":"ru-RU"}]}},"_links":{"self":[{"href":"https:\/\/beautyinstitute.ee\/ru\/wp-json\/wp\/v2\/product\/23373","targetHints":{"allow":["GET"]}}],"collection":[{"href":"https:\/\/beautyinstitute.ee\/ru\/wp-json\/wp\/v2\/product"}],"about":[{"href":"https:\/\/beautyinstitute.ee\/ru\/wp-json\/wp\/v2\/types\/product"}],"wp:featuredmedia":[{"embeddable":true,"href":"https:\/\/beautyinstitute.ee\/ru\/wp-json\/wp\/v2\/media\/23374"}],"wp:attachment":[{"href":"https:\/\/beautyinstitute.ee\/ru\/wp-json\/wp\/v2\/media?parent=23373"}],"wp:term":[{"taxonomy":"product_cat","embeddable":true,"href":"https:\/\/beautyinstitute.ee\/ru\/wp-json\/wp\/v2\/product_cat?post=23373"},{"taxonomy":"product_tag","embeddable":true,"href":"https:\/\/beautyinstitute.ee\/ru\/wp-json\/wp\/v2\/product_tag?post=23373"}],"curies":[{"name":"wp","href":"https:\/\/api.w.org\/{rel}","templated":true}]}}