{"id":23380,"date":"2023-05-23T14:09:11","date_gmt":"2023-05-23T11:09:11","guid":{"rendered":"https:\/\/beautyinstitute.ee\/?post_type=product&#038;p=23380"},"modified":"2026-03-02T09:53:17","modified_gmt":"2026-03-02T07:53:17","slug":"silmamask-150ml","status":"publish","type":"product","link":"https:\/\/beautyinstitute.ee\/ru\/toode\/silmamask-150ml\/","title":{"rendered":"Silmamask 150Ml"},"content":{"rendered":"<p><strong>L\u00f5dvestab, jahutab ja v\u00e4rskendab silmakontuure<\/strong><\/p>\n<ul>\n<li>Rukkilille (Centaurea cyanus) ekstraktid v\u00e4rskendavad ja m\u00f5juvad soodsalt v\u00e4sinud silmadele<\/li>\n<li>Jaapani pagoodipuu (Sophora japonica) \u00f5ieekstrakt koos p\u00e4rmiekstraktiga avaldadab turset leevendavat\u00a0toimet<\/li>\n<li>Gl\u00fctseriin tagab silma\u00fcmbruse pehmuse ja parema niisutuse<\/li>\n<li>Puus\u00f5najala ekstrakt moodustab nahale siluva toimega kile<\/li>\n<\/ul>\n<p>Parema v\u00e4rskuse efekti saavutamiseks soovitame hoida maski jahedas ja kasutada jahutatult.<\/p>\n<p><strong>Kasutamine<\/strong>: kandke kord n\u00e4dalas silma\u00fcmbruspiirkonnale (v\u00e4ltige silmalauge). Laske m\u00f5juda 10 minutit<br \/>\nja eemaldage \u00f5rnalt niiskete patjadega.<\/p>\n","protected":false},"excerpt":{"rendered":"<p>L\u00f5dvestab, jahutab ja v\u00e4rskendab silmakontuure Rukkilille (Centaurea cyanus) ekstraktid v\u00e4rskendavad ja m\u00f5juvad soodsalt v\u00e4sinud silmadele Jaapani pagoodipuu (Sophora japonica) \u00f5ieekstrakt koos p\u00e4rmiekstraktiga avaldadab turset leevendavat\u00a0toimet Gl\u00fctseriin tagab silma\u00fcmbruse pehmuse ja parema niisutuse Puus\u00f5najala ekstrakt moodustab nahale siluva toimega kile Parema v\u00e4rskuse efekti saavutamiseks soovitame hoida maski jahedas ja kasutada jahutatult. Kasutamine: kandke kord n\u00e4dalas silma\u00fcmbruspiirkonnale [&hellip;]<\/p>\n","protected":false},"featured_media":23381,"template":"","meta":{"_acf_changed":false},"product_cat":[291,248,147],"product_tag":[],"class_list":["post-23380","product","type-product","status-publish","has-post-thumbnail","hentry","product_cat-baehr-cosmetic","product_cat-maskid-2","product_cat-kreemmaskid"],"acf":[],"yoast_head":"<!-- This site is optimized with the Yoast SEO plugin v25.4 - https:\/\/yoast.com\/wordpress\/plugins\/seo\/ -->\n<title>Silmamask 150Ml - Beauty Institute<\/title>\n<meta name=\"robots\" content=\"index, follow, max-snippet:-1, max-image-preview:large, max-video-preview:-1\" \/>\n<link rel=\"canonical\" href=\"https:\/\/beautyinstitute.ee\/toode\/silmamask-150ml\/\" \/>\n<meta property=\"og:locale\" content=\"ru_RU\" \/>\n<meta property=\"og:type\" content=\"article\" \/>\n<meta property=\"og:title\" content=\"Silmamask 150Ml - Beauty Institute\" \/>\n<meta property=\"og:description\" content=\"L\u00f5dvestab, jahutab ja v\u00e4rskendab silmakontuure Rukkilille (Centaurea cyanus) ekstraktid v\u00e4rskendavad ja m\u00f5juvad soodsalt v\u00e4sinud silmadele Jaapani pagoodipuu (Sophora japonica) \u00f5ieekstrakt koos p\u00e4rmiekstraktiga avaldadab turset leevendavat\u00a0toimet Gl\u00fctseriin tagab silma\u00fcmbruse pehmuse ja parema niisutuse Puus\u00f5najala ekstrakt moodustab nahale siluva toimega kile Parema v\u00e4rskuse efekti saavutamiseks soovitame hoida maski jahedas ja kasutada jahutatult. Kasutamine: kandke kord n\u00e4dalas silma\u00fcmbruspiirkonnale [&hellip;]\" \/>\n<meta property=\"og:url\" content=\"https:\/\/beautyinstitute.ee\/toode\/silmamask-150ml\/\" \/>\n<meta property=\"og:site_name\" content=\"Beauty Institute\" \/>\n<meta property=\"article:modified_time\" content=\"2026-03-02T07:53:17+00:00\" \/>\n<meta property=\"og:image\" content=\"https:\/\/beautyinstitute.ee\/wp-content\/uploads\/2023\/05\/silmakreemmask-150.png\" \/>\n\t<meta property=\"og:image:width\" content=\"2340\" \/>\n\t<meta property=\"og:image:height\" content=\"2340\" \/>\n\t<meta property=\"og:image:type\" content=\"image\/png\" \/>\n<meta name=\"twitter:card\" content=\"summary_large_image\" \/>\n<meta name=\"twitter:site\" content=\"@Beauty_Eesti\" \/>\n<meta name=\"twitter:label1\" content=\"\u041f\u0440\u0438\u043c\u0435\u0440\u043d\u043e\u0435 \u0432\u0440\u0435\u043c\u044f \u0434\u043b\u044f \u0447\u0442\u0435\u043d\u0438\u044f\" \/>\n\t<meta name=\"twitter:data1\" content=\"1 \u043c\u0438\u043d\u0443\u0442\u0430\" \/>\n<script type=\"application\/ld+json\" class=\"yoast-schema-graph\">{\"@context\":\"https:\/\/schema.org\",\"@graph\":[{\"@type\":\"WebPage\",\"@id\":\"https:\/\/beautyinstitute.ee\/toode\/silmamask-150ml\/\",\"url\":\"https:\/\/beautyinstitute.ee\/toode\/silmamask-150ml\/\",\"name\":\"Silmamask 150Ml - Beauty Institute\",\"isPartOf\":{\"@id\":\"https:\/\/beautyinstitute.ee\/#website\"},\"primaryImageOfPage\":{\"@id\":\"https:\/\/beautyinstitute.ee\/toode\/silmamask-150ml\/#primaryimage\"},\"image\":{\"@id\":\"https:\/\/beautyinstitute.ee\/toode\/silmamask-150ml\/#primaryimage\"},\"thumbnailUrl\":\"https:\/\/beautyinstitute.ee\/wp-content\/uploads\/2023\/05\/silmakreemmask-150.png\",\"datePublished\":\"2023-05-23T11:09:11+00:00\",\"dateModified\":\"2026-03-02T07:53:17+00:00\",\"breadcrumb\":{\"@id\":\"https:\/\/beautyinstitute.ee\/toode\/silmamask-150ml\/#breadcrumb\"},\"inLanguage\":\"ru-RU\",\"potentialAction\":[{\"@type\":\"ReadAction\",\"target\":[\"https:\/\/beautyinstitute.ee\/toode\/silmamask-150ml\/\"]}]},{\"@type\":\"ImageObject\",\"inLanguage\":\"ru-RU\",\"@id\":\"https:\/\/beautyinstitute.ee\/toode\/silmamask-150ml\/#primaryimage\",\"url\":\"https:\/\/beautyinstitute.ee\/wp-content\/uploads\/2023\/05\/silmakreemmask-150.png\",\"contentUrl\":\"https:\/\/beautyinstitute.ee\/wp-content\/uploads\/2023\/05\/silmakreemmask-150.png\",\"width\":2340,\"height\":2340},{\"@type\":\"BreadcrumbList\",\"@id\":\"https:\/\/beautyinstitute.ee\/toode\/silmamask-150ml\/#breadcrumb\",\"itemListElement\":[{\"@type\":\"ListItem\",\"position\":1,\"name\":\"Home\",\"item\":\"https:\/\/beautyinstitute.ee\/ru\/\"},{\"@type\":\"ListItem\",\"position\":2,\"name\":\"E-pood\",\"item\":\"https:\/\/beautyinstitute.ee\/e-pood\/\"},{\"@type\":\"ListItem\",\"position\":3,\"name\":\"Silmamask 150Ml\"}]},{\"@type\":\"WebSite\",\"@id\":\"https:\/\/beautyinstitute.ee\/#website\",\"url\":\"https:\/\/beautyinstitute.ee\/\",\"name\":\"Beauty Institute\",\"description\":\"CNC Cosmetic ametlik maaletooja ja edasim\u00fc\u00fcja Eestis, Soomes, L\u00e4tis. Aparaadikosmeetika, koolitused, kosmeetikatooted.\",\"potentialAction\":[{\"@type\":\"SearchAction\",\"target\":{\"@type\":\"EntryPoint\",\"urlTemplate\":\"https:\/\/beautyinstitute.ee\/?s={search_term_string}\"},\"query-input\":{\"@type\":\"PropertyValueSpecification\",\"valueRequired\":true,\"valueName\":\"search_term_string\"}}],\"inLanguage\":\"ru-RU\"}]}<\/script>\n<!-- \/ Yoast SEO plugin. -->","yoast_head_json":{"title":"Silmamask 150Ml - Beauty Institute","robots":{"index":"index","follow":"follow","max-snippet":"max-snippet:-1","max-image-preview":"max-image-preview:large","max-video-preview":"max-video-preview:-1"},"canonical":"https:\/\/beautyinstitute.ee\/toode\/silmamask-150ml\/","og_locale":"ru_RU","og_type":"article","og_title":"Silmamask 150Ml - Beauty Institute","og_description":"L\u00f5dvestab, jahutab ja v\u00e4rskendab silmakontuure Rukkilille (Centaurea cyanus) ekstraktid v\u00e4rskendavad ja m\u00f5juvad soodsalt v\u00e4sinud silmadele Jaapani pagoodipuu (Sophora japonica) \u00f5ieekstrakt koos p\u00e4rmiekstraktiga avaldadab turset leevendavat\u00a0toimet Gl\u00fctseriin tagab silma\u00fcmbruse pehmuse ja parema niisutuse Puus\u00f5najala ekstrakt moodustab nahale siluva toimega kile Parema v\u00e4rskuse efekti saavutamiseks soovitame hoida maski jahedas ja kasutada jahutatult. Kasutamine: kandke kord n\u00e4dalas silma\u00fcmbruspiirkonnale [&hellip;]","og_url":"https:\/\/beautyinstitute.ee\/toode\/silmamask-150ml\/","og_site_name":"Beauty Institute","article_modified_time":"2026-03-02T07:53:17+00:00","og_image":[{"width":2340,"height":2340,"url":"https:\/\/beautyinstitute.ee\/wp-content\/uploads\/2023\/05\/silmakreemmask-150.png","type":"image\/png"}],"twitter_card":"summary_large_image","twitter_site":"@Beauty_Eesti","twitter_misc":{"\u041f\u0440\u0438\u043c\u0435\u0440\u043d\u043e\u0435 \u0432\u0440\u0435\u043c\u044f \u0434\u043b\u044f \u0447\u0442\u0435\u043d\u0438\u044f":"1 \u043c\u0438\u043d\u0443\u0442\u0430"},"schema":{"@context":"https:\/\/schema.org","@graph":[{"@type":"WebPage","@id":"https:\/\/beautyinstitute.ee\/toode\/silmamask-150ml\/","url":"https:\/\/beautyinstitute.ee\/toode\/silmamask-150ml\/","name":"Silmamask 150Ml - Beauty Institute","isPartOf":{"@id":"https:\/\/beautyinstitute.ee\/#website"},"primaryImageOfPage":{"@id":"https:\/\/beautyinstitute.ee\/toode\/silmamask-150ml\/#primaryimage"},"image":{"@id":"https:\/\/beautyinstitute.ee\/toode\/silmamask-150ml\/#primaryimage"},"thumbnailUrl":"https:\/\/beautyinstitute.ee\/wp-content\/uploads\/2023\/05\/silmakreemmask-150.png","datePublished":"2023-05-23T11:09:11+00:00","dateModified":"2026-03-02T07:53:17+00:00","breadcrumb":{"@id":"https:\/\/beautyinstitute.ee\/toode\/silmamask-150ml\/#breadcrumb"},"inLanguage":"ru-RU","potentialAction":[{"@type":"ReadAction","target":["https:\/\/beautyinstitute.ee\/toode\/silmamask-150ml\/"]}]},{"@type":"ImageObject","inLanguage":"ru-RU","@id":"https:\/\/beautyinstitute.ee\/toode\/silmamask-150ml\/#primaryimage","url":"https:\/\/beautyinstitute.ee\/wp-content\/uploads\/2023\/05\/silmakreemmask-150.png","contentUrl":"https:\/\/beautyinstitute.ee\/wp-content\/uploads\/2023\/05\/silmakreemmask-150.png","width":2340,"height":2340},{"@type":"BreadcrumbList","@id":"https:\/\/beautyinstitute.ee\/toode\/silmamask-150ml\/#breadcrumb","itemListElement":[{"@type":"ListItem","position":1,"name":"Home","item":"https:\/\/beautyinstitute.ee\/ru\/"},{"@type":"ListItem","position":2,"name":"E-pood","item":"https:\/\/beautyinstitute.ee\/e-pood\/"},{"@type":"ListItem","position":3,"name":"Silmamask 150Ml"}]},{"@type":"WebSite","@id":"https:\/\/beautyinstitute.ee\/#website","url":"https:\/\/beautyinstitute.ee\/","name":"Beauty Institute","description":"CNC Cosmetic ametlik maaletooja ja edasim\u00fc\u00fcja Eestis, Soomes, L\u00e4tis. Aparaadikosmeetika, koolitused, kosmeetikatooted.","potentialAction":[{"@type":"SearchAction","target":{"@type":"EntryPoint","urlTemplate":"https:\/\/beautyinstitute.ee\/?s={search_term_string}"},"query-input":{"@type":"PropertyValueSpecification","valueRequired":true,"valueName":"search_term_string"}}],"inLanguage":"ru-RU"}]}},"_links":{"self":[{"href":"https:\/\/beautyinstitute.ee\/ru\/wp-json\/wp\/v2\/product\/23380","targetHints":{"allow":["GET"]}}],"collection":[{"href":"https:\/\/beautyinstitute.ee\/ru\/wp-json\/wp\/v2\/product"}],"about":[{"href":"https:\/\/beautyinstitute.ee\/ru\/wp-json\/wp\/v2\/types\/product"}],"wp:featuredmedia":[{"embeddable":true,"href":"https:\/\/beautyinstitute.ee\/ru\/wp-json\/wp\/v2\/media\/23381"}],"wp:attachment":[{"href":"https:\/\/beautyinstitute.ee\/ru\/wp-json\/wp\/v2\/media?parent=23380"}],"wp:term":[{"taxonomy":"product_cat","embeddable":true,"href":"https:\/\/beautyinstitute.ee\/ru\/wp-json\/wp\/v2\/product_cat?post=23380"},{"taxonomy":"product_tag","embeddable":true,"href":"https:\/\/beautyinstitute.ee\/ru\/wp-json\/wp\/v2\/product_tag?post=23380"}],"curies":[{"name":"wp","href":"https:\/\/api.w.org\/{rel}","templated":true}]}}