{"id":23398,"date":"2023-05-23T14:52:34","date_gmt":"2023-05-23T11:52:34","guid":{"rendered":"https:\/\/beautyinstitute.ee\/?post_type=product&#038;p=23398"},"modified":"2026-04-27T09:44:24","modified_gmt":"2026-04-27T06:44:24","slug":"hyaluron-filler-mitmekordse-toimega-hualuroonhape","status":"publish","type":"product","link":"https:\/\/beautyinstitute.ee\/ru\/toode\/hyaluron-filler-mitmekordse-toimega-hualuroonhape\/","title":{"rendered":"Hyaluron+ Filler \u2013 Mitmekordse Toimega H\u00fcaluroonhape"},"content":{"rendered":"<p>Topelth\u00fcaluroonhappe v\u00f5imendusosakestega Hyaluron+ Filler taandab kortsub koheselt ja pikaajalisel\u00a0kasutamisel pikaajaliselt. Madalmolekulaarne ja liposoomidesse kapseldatud (keskmise ja pika ahelaga)\u00a0h\u00fcaluroonhape tagab nahale intensiivse niisutuse ja aitab s\u00e4ilitada ja uuendada naha enda\u00a0h\u00fcaluroonhapet. Paraneb naha siledus ja naha struktuurne terviklikkus. Nahk tundub nooruslikum,\u00a0\u00fchtlasem ja siledam.<\/p>\n<p><strong>Kasutamine:<\/strong> V\u00f5ib kasutada igap\u00e4evaselt v\u00f5i kuurina. Kanna 1 ml (0,5+0,5) hommikul ja \u00f5htul n\u00e4ole,<br \/>\nkaelale ja dekolteepiirkonnale ning patsuta \u00f5rnalt nahka. Seej\u00e4rel kasuta Hyaluron+ p\u00e4eva- ja \u00f6\u00f6kreemi.\u00a0Kasutage ainult v\u00e4liselt.<\/p>\n<p>Kasutamine: V\u00f5ib kasutada \u00fcksi v\u00f5i koos aktiivse kompleksiga.<\/p>\n","protected":false},"excerpt":{"rendered":"<p>Topelth\u00fcaluroonhappe v\u00f5imendusosakestega Hyaluron+ Filler taandab kortsub koheselt ja pikaajalisel\u00a0kasutamisel pikaajaliselt. Madalmolekulaarne ja liposoomidesse kapseldatud (keskmise ja pika ahelaga)\u00a0h\u00fcaluroonhape tagab nahale intensiivse niisutuse ja aitab s\u00e4ilitada ja uuendada naha enda\u00a0h\u00fcaluroonhapet. Paraneb naha siledus ja naha struktuurne terviklikkus. Nahk tundub nooruslikum,\u00a0\u00fchtlasem ja siledam. Kasutamine: V\u00f5ib kasutada igap\u00e4evaselt v\u00f5i kuurina. Kanna 1 ml (0,5+0,5) hommikul ja \u00f5htul n\u00e4ole, [&hellip;]<\/p>\n","protected":false},"featured_media":23400,"template":"","meta":{"_acf_changed":false},"product_cat":[291],"product_tag":[],"class_list":["post-23398","product","type-product","status-publish","has-post-thumbnail","hentry","product_cat-baehr-cosmetic"],"acf":[],"yoast_head":"<!-- This site is optimized with the Yoast SEO plugin v25.4 - https:\/\/yoast.com\/wordpress\/plugins\/seo\/ -->\n<title>Hyaluron+ Filler \u2013 Mitmekordse Toimega H\u00fcaluroonhape - Beauty Institute<\/title>\n<meta name=\"robots\" content=\"index, follow, max-snippet:-1, max-image-preview:large, max-video-preview:-1\" \/>\n<link rel=\"canonical\" href=\"https:\/\/beautyinstitute.ee\/toode\/hyaluron-filler-mitmekordse-toimega-hualuroonhape\/\" \/>\n<meta property=\"og:locale\" content=\"ru_RU\" \/>\n<meta property=\"og:type\" content=\"article\" \/>\n<meta property=\"og:title\" content=\"Hyaluron+ Filler \u2013 Mitmekordse Toimega H\u00fcaluroonhape - Beauty Institute\" \/>\n<meta property=\"og:description\" content=\"Topelth\u00fcaluroonhappe v\u00f5imendusosakestega Hyaluron+ Filler taandab kortsub koheselt ja pikaajalisel\u00a0kasutamisel pikaajaliselt. Madalmolekulaarne ja liposoomidesse kapseldatud (keskmise ja pika ahelaga)\u00a0h\u00fcaluroonhape tagab nahale intensiivse niisutuse ja aitab s\u00e4ilitada ja uuendada naha enda\u00a0h\u00fcaluroonhapet. Paraneb naha siledus ja naha struktuurne terviklikkus. Nahk tundub nooruslikum,\u00a0\u00fchtlasem ja siledam. Kasutamine: V\u00f5ib kasutada igap\u00e4evaselt v\u00f5i kuurina. Kanna 1 ml (0,5+0,5) hommikul ja \u00f5htul n\u00e4ole, [&hellip;]\" \/>\n<meta property=\"og:url\" content=\"https:\/\/beautyinstitute.ee\/toode\/hyaluron-filler-mitmekordse-toimega-hualuroonhape\/\" \/>\n<meta property=\"og:site_name\" content=\"Beauty Institute\" \/>\n<meta property=\"article:modified_time\" content=\"2026-04-27T06:44:24+00:00\" \/>\n<meta property=\"og:image\" content=\"https:\/\/beautyinstitute.ee\/wp-content\/uploads\/2023\/05\/hyaluron-filler_25035_1280x1280@2x.png\" \/>\n\t<meta property=\"og:image:width\" content=\"2500\" \/>\n\t<meta property=\"og:image:height\" content=\"2500\" \/>\n\t<meta property=\"og:image:type\" content=\"image\/png\" \/>\n<meta name=\"twitter:card\" content=\"summary_large_image\" \/>\n<meta name=\"twitter:site\" content=\"@Beauty_Eesti\" \/>\n<meta name=\"twitter:label1\" content=\"\u041f\u0440\u0438\u043c\u0435\u0440\u043d\u043e\u0435 \u0432\u0440\u0435\u043c\u044f \u0434\u043b\u044f \u0447\u0442\u0435\u043d\u0438\u044f\" \/>\n\t<meta name=\"twitter:data1\" content=\"1 \u043c\u0438\u043d\u0443\u0442\u0430\" \/>\n<script type=\"application\/ld+json\" class=\"yoast-schema-graph\">{\"@context\":\"https:\/\/schema.org\",\"@graph\":[{\"@type\":\"WebPage\",\"@id\":\"https:\/\/beautyinstitute.ee\/toode\/hyaluron-filler-mitmekordse-toimega-hualuroonhape\/\",\"url\":\"https:\/\/beautyinstitute.ee\/toode\/hyaluron-filler-mitmekordse-toimega-hualuroonhape\/\",\"name\":\"Hyaluron+ Filler \u2013 Mitmekordse Toimega H\u00fcaluroonhape - Beauty Institute\",\"isPartOf\":{\"@id\":\"https:\/\/beautyinstitute.ee\/#website\"},\"primaryImageOfPage\":{\"@id\":\"https:\/\/beautyinstitute.ee\/toode\/hyaluron-filler-mitmekordse-toimega-hualuroonhape\/#primaryimage\"},\"image\":{\"@id\":\"https:\/\/beautyinstitute.ee\/toode\/hyaluron-filler-mitmekordse-toimega-hualuroonhape\/#primaryimage\"},\"thumbnailUrl\":\"https:\/\/beautyinstitute.ee\/wp-content\/uploads\/2023\/05\/hyaluron-filler_25035_1280x1280@2x.png\",\"datePublished\":\"2023-05-23T11:52:34+00:00\",\"dateModified\":\"2026-04-27T06:44:24+00:00\",\"breadcrumb\":{\"@id\":\"https:\/\/beautyinstitute.ee\/toode\/hyaluron-filler-mitmekordse-toimega-hualuroonhape\/#breadcrumb\"},\"inLanguage\":\"ru-RU\",\"potentialAction\":[{\"@type\":\"ReadAction\",\"target\":[\"https:\/\/beautyinstitute.ee\/toode\/hyaluron-filler-mitmekordse-toimega-hualuroonhape\/\"]}]},{\"@type\":\"ImageObject\",\"inLanguage\":\"ru-RU\",\"@id\":\"https:\/\/beautyinstitute.ee\/toode\/hyaluron-filler-mitmekordse-toimega-hualuroonhape\/#primaryimage\",\"url\":\"https:\/\/beautyinstitute.ee\/wp-content\/uploads\/2023\/05\/hyaluron-filler_25035_1280x1280@2x.png\",\"contentUrl\":\"https:\/\/beautyinstitute.ee\/wp-content\/uploads\/2023\/05\/hyaluron-filler_25035_1280x1280@2x.png\",\"width\":2500,\"height\":2500},{\"@type\":\"BreadcrumbList\",\"@id\":\"https:\/\/beautyinstitute.ee\/toode\/hyaluron-filler-mitmekordse-toimega-hualuroonhape\/#breadcrumb\",\"itemListElement\":[{\"@type\":\"ListItem\",\"position\":1,\"name\":\"Home\",\"item\":\"https:\/\/beautyinstitute.ee\/ru\/\"},{\"@type\":\"ListItem\",\"position\":2,\"name\":\"E-pood\",\"item\":\"https:\/\/beautyinstitute.ee\/e-pood\/\"},{\"@type\":\"ListItem\",\"position\":3,\"name\":\"Hyaluron+ Filler \u2013 Mitmekordse Toimega H\u00fcaluroonhape\"}]},{\"@type\":\"WebSite\",\"@id\":\"https:\/\/beautyinstitute.ee\/#website\",\"url\":\"https:\/\/beautyinstitute.ee\/\",\"name\":\"Beauty Institute\",\"description\":\"CNC Cosmetic ametlik maaletooja ja edasim\u00fc\u00fcja Eestis, Soomes, L\u00e4tis. Aparaadikosmeetika, koolitused, kosmeetikatooted.\",\"potentialAction\":[{\"@type\":\"SearchAction\",\"target\":{\"@type\":\"EntryPoint\",\"urlTemplate\":\"https:\/\/beautyinstitute.ee\/?s={search_term_string}\"},\"query-input\":{\"@type\":\"PropertyValueSpecification\",\"valueRequired\":true,\"valueName\":\"search_term_string\"}}],\"inLanguage\":\"ru-RU\"}]}<\/script>\n<!-- \/ Yoast SEO plugin. -->","yoast_head_json":{"title":"Hyaluron+ Filler \u2013 Mitmekordse Toimega H\u00fcaluroonhape - Beauty Institute","robots":{"index":"index","follow":"follow","max-snippet":"max-snippet:-1","max-image-preview":"max-image-preview:large","max-video-preview":"max-video-preview:-1"},"canonical":"https:\/\/beautyinstitute.ee\/toode\/hyaluron-filler-mitmekordse-toimega-hualuroonhape\/","og_locale":"ru_RU","og_type":"article","og_title":"Hyaluron+ Filler \u2013 Mitmekordse Toimega H\u00fcaluroonhape - Beauty Institute","og_description":"Topelth\u00fcaluroonhappe v\u00f5imendusosakestega Hyaluron+ Filler taandab kortsub koheselt ja pikaajalisel\u00a0kasutamisel pikaajaliselt. Madalmolekulaarne ja liposoomidesse kapseldatud (keskmise ja pika ahelaga)\u00a0h\u00fcaluroonhape tagab nahale intensiivse niisutuse ja aitab s\u00e4ilitada ja uuendada naha enda\u00a0h\u00fcaluroonhapet. Paraneb naha siledus ja naha struktuurne terviklikkus. Nahk tundub nooruslikum,\u00a0\u00fchtlasem ja siledam. Kasutamine: V\u00f5ib kasutada igap\u00e4evaselt v\u00f5i kuurina. Kanna 1 ml (0,5+0,5) hommikul ja \u00f5htul n\u00e4ole, [&hellip;]","og_url":"https:\/\/beautyinstitute.ee\/toode\/hyaluron-filler-mitmekordse-toimega-hualuroonhape\/","og_site_name":"Beauty Institute","article_modified_time":"2026-04-27T06:44:24+00:00","og_image":[{"width":2500,"height":2500,"url":"https:\/\/beautyinstitute.ee\/wp-content\/uploads\/2023\/05\/hyaluron-filler_25035_1280x1280@2x.png","type":"image\/png"}],"twitter_card":"summary_large_image","twitter_site":"@Beauty_Eesti","twitter_misc":{"\u041f\u0440\u0438\u043c\u0435\u0440\u043d\u043e\u0435 \u0432\u0440\u0435\u043c\u044f \u0434\u043b\u044f \u0447\u0442\u0435\u043d\u0438\u044f":"1 \u043c\u0438\u043d\u0443\u0442\u0430"},"schema":{"@context":"https:\/\/schema.org","@graph":[{"@type":"WebPage","@id":"https:\/\/beautyinstitute.ee\/toode\/hyaluron-filler-mitmekordse-toimega-hualuroonhape\/","url":"https:\/\/beautyinstitute.ee\/toode\/hyaluron-filler-mitmekordse-toimega-hualuroonhape\/","name":"Hyaluron+ Filler \u2013 Mitmekordse Toimega H\u00fcaluroonhape - Beauty Institute","isPartOf":{"@id":"https:\/\/beautyinstitute.ee\/#website"},"primaryImageOfPage":{"@id":"https:\/\/beautyinstitute.ee\/toode\/hyaluron-filler-mitmekordse-toimega-hualuroonhape\/#primaryimage"},"image":{"@id":"https:\/\/beautyinstitute.ee\/toode\/hyaluron-filler-mitmekordse-toimega-hualuroonhape\/#primaryimage"},"thumbnailUrl":"https:\/\/beautyinstitute.ee\/wp-content\/uploads\/2023\/05\/hyaluron-filler_25035_1280x1280@2x.png","datePublished":"2023-05-23T11:52:34+00:00","dateModified":"2026-04-27T06:44:24+00:00","breadcrumb":{"@id":"https:\/\/beautyinstitute.ee\/toode\/hyaluron-filler-mitmekordse-toimega-hualuroonhape\/#breadcrumb"},"inLanguage":"ru-RU","potentialAction":[{"@type":"ReadAction","target":["https:\/\/beautyinstitute.ee\/toode\/hyaluron-filler-mitmekordse-toimega-hualuroonhape\/"]}]},{"@type":"ImageObject","inLanguage":"ru-RU","@id":"https:\/\/beautyinstitute.ee\/toode\/hyaluron-filler-mitmekordse-toimega-hualuroonhape\/#primaryimage","url":"https:\/\/beautyinstitute.ee\/wp-content\/uploads\/2023\/05\/hyaluron-filler_25035_1280x1280@2x.png","contentUrl":"https:\/\/beautyinstitute.ee\/wp-content\/uploads\/2023\/05\/hyaluron-filler_25035_1280x1280@2x.png","width":2500,"height":2500},{"@type":"BreadcrumbList","@id":"https:\/\/beautyinstitute.ee\/toode\/hyaluron-filler-mitmekordse-toimega-hualuroonhape\/#breadcrumb","itemListElement":[{"@type":"ListItem","position":1,"name":"Home","item":"https:\/\/beautyinstitute.ee\/ru\/"},{"@type":"ListItem","position":2,"name":"E-pood","item":"https:\/\/beautyinstitute.ee\/e-pood\/"},{"@type":"ListItem","position":3,"name":"Hyaluron+ Filler \u2013 Mitmekordse Toimega H\u00fcaluroonhape"}]},{"@type":"WebSite","@id":"https:\/\/beautyinstitute.ee\/#website","url":"https:\/\/beautyinstitute.ee\/","name":"Beauty Institute","description":"CNC Cosmetic ametlik maaletooja ja edasim\u00fc\u00fcja Eestis, Soomes, L\u00e4tis. Aparaadikosmeetika, koolitused, kosmeetikatooted.","potentialAction":[{"@type":"SearchAction","target":{"@type":"EntryPoint","urlTemplate":"https:\/\/beautyinstitute.ee\/?s={search_term_string}"},"query-input":{"@type":"PropertyValueSpecification","valueRequired":true,"valueName":"search_term_string"}}],"inLanguage":"ru-RU"}]}},"_links":{"self":[{"href":"https:\/\/beautyinstitute.ee\/ru\/wp-json\/wp\/v2\/product\/23398","targetHints":{"allow":["GET"]}}],"collection":[{"href":"https:\/\/beautyinstitute.ee\/ru\/wp-json\/wp\/v2\/product"}],"about":[{"href":"https:\/\/beautyinstitute.ee\/ru\/wp-json\/wp\/v2\/types\/product"}],"wp:featuredmedia":[{"embeddable":true,"href":"https:\/\/beautyinstitute.ee\/ru\/wp-json\/wp\/v2\/media\/23400"}],"wp:attachment":[{"href":"https:\/\/beautyinstitute.ee\/ru\/wp-json\/wp\/v2\/media?parent=23398"}],"wp:term":[{"taxonomy":"product_cat","embeddable":true,"href":"https:\/\/beautyinstitute.ee\/ru\/wp-json\/wp\/v2\/product_cat?post=23398"},{"taxonomy":"product_tag","embeddable":true,"href":"https:\/\/beautyinstitute.ee\/ru\/wp-json\/wp\/v2\/product_tag?post=23398"}],"curies":[{"name":"wp","href":"https:\/\/api.w.org\/{rel}","templated":true}]}}