{"id":2357,"date":"2019-01-18T17:08:42","date_gmt":"2019-01-18T17:08:42","guid":{"rendered":"https:\/\/beautyinstitute.ee\/?post_type=product&#038;p=2357"},"modified":"2026-03-05T12:02:37","modified_gmt":"2026-03-05T10:02:37","slug":"q10-maske","status":"publish","type":"product","link":"https:\/\/beautyinstitute.ee\/ru\/toode\/q10-maske\/","title":{"rendered":"Q10 Maske"},"content":{"rendered":"<p><strong>Rikkalikult hellitav mask.<\/strong><\/p>\n<p>Ideaalne mask toetamaks stressis olevat nahka. Aitab kaasa loomulikule naha uuenemisele, kaitseb nahka ja t\u00e4idab nahaaluseid t\u00fchimike. Nahk tundub pringim ja l\u00f5dvestunum.<\/p>\n<p><strong>Eelised:<\/strong><\/p>\n<ul>\n<li>naha taastumine<\/li>\n<li>intensiivne hooldus<\/li>\n<\/ul>\n<p><strong>Sobilik:<\/strong> lipiididevaene nahk, mis vajab taastumist.<\/p>\n<p><strong>Toimeained:<\/strong> koens\u00fc\u00fcm Q10, virsiku kivi \u00f5li, jojoba \u00f5li, sheav\u00f5i, tokoferool, allantoiin.<\/p>\n","protected":false},"excerpt":{"rendered":"<p>Rikkalikult hellitav mask. Ideaalne mask toetamaks stressis olevat nahka. Aitab kaasa loomulikule naha uuenemisele, kaitseb nahka ja t\u00e4idab nahaaluseid t\u00fchimike. Nahk tundub pringim ja l\u00f5dvestunum. Eelised: naha taastumine intensiivne hooldus Sobilik: lipiididevaene nahk, mis vajab taastumist. Toimeained: koens\u00fc\u00fcm Q10, virsiku kivi \u00f5li, jojoba \u00f5li, sheav\u00f5i, tokoferool, allantoiin.<\/p>\n","protected":false},"featured_media":12200,"template":"","meta":{"_acf_changed":false},"product_cat":[248,147,114,130],"product_tag":[],"class_list":["post-2357","product","type-product","status-publish","has-post-thumbnail","hentry","product_cat-maskid-2","product_cat-kreemmaskid","product_cat-tootesarjad","product_cat-q-10-cell-energie"],"acf":[],"yoast_head":"<!-- This site is optimized with the Yoast SEO plugin v25.4 - https:\/\/yoast.com\/wordpress\/plugins\/seo\/ -->\n<title>Q10 Maske - Beauty Institute<\/title>\n<meta name=\"robots\" content=\"index, follow, max-snippet:-1, max-image-preview:large, max-video-preview:-1\" \/>\n<link rel=\"canonical\" href=\"https:\/\/beautyinstitute.ee\/toode\/q10-maske\/\" \/>\n<meta property=\"og:locale\" content=\"ru_RU\" \/>\n<meta property=\"og:type\" content=\"article\" \/>\n<meta property=\"og:title\" content=\"Q10 Maske - Beauty Institute\" \/>\n<meta property=\"og:description\" content=\"Rikkalikult hellitav mask. Ideaalne mask toetamaks stressis olevat nahka. Aitab kaasa loomulikule naha uuenemisele, kaitseb nahka ja t\u00e4idab nahaaluseid t\u00fchimike. Nahk tundub pringim ja l\u00f5dvestunum. Eelised: naha taastumine intensiivne hooldus Sobilik: lipiididevaene nahk, mis vajab taastumist. Toimeained: koens\u00fc\u00fcm Q10, virsiku kivi \u00f5li, jojoba \u00f5li, sheav\u00f5i, tokoferool, allantoiin.\" \/>\n<meta property=\"og:url\" content=\"https:\/\/beautyinstitute.ee\/toode\/q10-maske\/\" \/>\n<meta property=\"og:site_name\" content=\"Beauty Institute\" \/>\n<meta property=\"article:modified_time\" content=\"2026-03-05T10:02:37+00:00\" \/>\n<meta property=\"og:image\" content=\"https:\/\/beautyinstitute.ee\/wp-content\/uploads\/2019\/01\/Q10-maske.jpg\" \/>\n\t<meta property=\"og:image:width\" content=\"750\" \/>\n\t<meta property=\"og:image:height\" content=\"711\" \/>\n\t<meta property=\"og:image:type\" content=\"image\/jpeg\" \/>\n<meta name=\"twitter:card\" content=\"summary_large_image\" \/>\n<meta name=\"twitter:site\" content=\"@Beauty_Eesti\" \/>\n<script type=\"application\/ld+json\" class=\"yoast-schema-graph\">{\"@context\":\"https:\/\/schema.org\",\"@graph\":[{\"@type\":\"WebPage\",\"@id\":\"https:\/\/beautyinstitute.ee\/toode\/q10-maske\/\",\"url\":\"https:\/\/beautyinstitute.ee\/toode\/q10-maske\/\",\"name\":\"Q10 Maske - Beauty Institute\",\"isPartOf\":{\"@id\":\"https:\/\/beautyinstitute.ee\/#website\"},\"primaryImageOfPage\":{\"@id\":\"https:\/\/beautyinstitute.ee\/toode\/q10-maske\/#primaryimage\"},\"image\":{\"@id\":\"https:\/\/beautyinstitute.ee\/toode\/q10-maske\/#primaryimage\"},\"thumbnailUrl\":\"https:\/\/beautyinstitute.ee\/wp-content\/uploads\/2019\/01\/Q10-maske.jpg\",\"datePublished\":\"2019-01-18T17:08:42+00:00\",\"dateModified\":\"2026-03-05T10:02:37+00:00\",\"breadcrumb\":{\"@id\":\"https:\/\/beautyinstitute.ee\/toode\/q10-maske\/#breadcrumb\"},\"inLanguage\":\"ru-RU\",\"potentialAction\":[{\"@type\":\"ReadAction\",\"target\":[\"https:\/\/beautyinstitute.ee\/toode\/q10-maske\/\"]}]},{\"@type\":\"ImageObject\",\"inLanguage\":\"ru-RU\",\"@id\":\"https:\/\/beautyinstitute.ee\/toode\/q10-maske\/#primaryimage\",\"url\":\"https:\/\/beautyinstitute.ee\/wp-content\/uploads\/2019\/01\/Q10-maske.jpg\",\"contentUrl\":\"https:\/\/beautyinstitute.ee\/wp-content\/uploads\/2019\/01\/Q10-maske.jpg\",\"width\":750,\"height\":711},{\"@type\":\"BreadcrumbList\",\"@id\":\"https:\/\/beautyinstitute.ee\/toode\/q10-maske\/#breadcrumb\",\"itemListElement\":[{\"@type\":\"ListItem\",\"position\":1,\"name\":\"Home\",\"item\":\"https:\/\/beautyinstitute.ee\/ru\/\"},{\"@type\":\"ListItem\",\"position\":2,\"name\":\"E-pood\",\"item\":\"https:\/\/beautyinstitute.ee\/e-pood\/\"},{\"@type\":\"ListItem\",\"position\":3,\"name\":\"Q10 Maske\"}]},{\"@type\":\"WebSite\",\"@id\":\"https:\/\/beautyinstitute.ee\/#website\",\"url\":\"https:\/\/beautyinstitute.ee\/\",\"name\":\"Beauty Institute\",\"description\":\"CNC Cosmetic ametlik maaletooja ja edasim\u00fc\u00fcja Eestis, Soomes, L\u00e4tis. Aparaadikosmeetika, koolitused, kosmeetikatooted.\",\"potentialAction\":[{\"@type\":\"SearchAction\",\"target\":{\"@type\":\"EntryPoint\",\"urlTemplate\":\"https:\/\/beautyinstitute.ee\/?s={search_term_string}\"},\"query-input\":{\"@type\":\"PropertyValueSpecification\",\"valueRequired\":true,\"valueName\":\"search_term_string\"}}],\"inLanguage\":\"ru-RU\"}]}<\/script>\n<!-- \/ Yoast SEO plugin. -->","yoast_head_json":{"title":"Q10 Maske - Beauty Institute","robots":{"index":"index","follow":"follow","max-snippet":"max-snippet:-1","max-image-preview":"max-image-preview:large","max-video-preview":"max-video-preview:-1"},"canonical":"https:\/\/beautyinstitute.ee\/toode\/q10-maske\/","og_locale":"ru_RU","og_type":"article","og_title":"Q10 Maske - Beauty Institute","og_description":"Rikkalikult hellitav mask. Ideaalne mask toetamaks stressis olevat nahka. Aitab kaasa loomulikule naha uuenemisele, kaitseb nahka ja t\u00e4idab nahaaluseid t\u00fchimike. Nahk tundub pringim ja l\u00f5dvestunum. Eelised: naha taastumine intensiivne hooldus Sobilik: lipiididevaene nahk, mis vajab taastumist. Toimeained: koens\u00fc\u00fcm Q10, virsiku kivi \u00f5li, jojoba \u00f5li, sheav\u00f5i, tokoferool, allantoiin.","og_url":"https:\/\/beautyinstitute.ee\/toode\/q10-maske\/","og_site_name":"Beauty Institute","article_modified_time":"2026-03-05T10:02:37+00:00","og_image":[{"width":750,"height":711,"url":"https:\/\/beautyinstitute.ee\/wp-content\/uploads\/2019\/01\/Q10-maske.jpg","type":"image\/jpeg"}],"twitter_card":"summary_large_image","twitter_site":"@Beauty_Eesti","schema":{"@context":"https:\/\/schema.org","@graph":[{"@type":"WebPage","@id":"https:\/\/beautyinstitute.ee\/toode\/q10-maske\/","url":"https:\/\/beautyinstitute.ee\/toode\/q10-maske\/","name":"Q10 Maske - Beauty Institute","isPartOf":{"@id":"https:\/\/beautyinstitute.ee\/#website"},"primaryImageOfPage":{"@id":"https:\/\/beautyinstitute.ee\/toode\/q10-maske\/#primaryimage"},"image":{"@id":"https:\/\/beautyinstitute.ee\/toode\/q10-maske\/#primaryimage"},"thumbnailUrl":"https:\/\/beautyinstitute.ee\/wp-content\/uploads\/2019\/01\/Q10-maske.jpg","datePublished":"2019-01-18T17:08:42+00:00","dateModified":"2026-03-05T10:02:37+00:00","breadcrumb":{"@id":"https:\/\/beautyinstitute.ee\/toode\/q10-maske\/#breadcrumb"},"inLanguage":"ru-RU","potentialAction":[{"@type":"ReadAction","target":["https:\/\/beautyinstitute.ee\/toode\/q10-maske\/"]}]},{"@type":"ImageObject","inLanguage":"ru-RU","@id":"https:\/\/beautyinstitute.ee\/toode\/q10-maske\/#primaryimage","url":"https:\/\/beautyinstitute.ee\/wp-content\/uploads\/2019\/01\/Q10-maske.jpg","contentUrl":"https:\/\/beautyinstitute.ee\/wp-content\/uploads\/2019\/01\/Q10-maske.jpg","width":750,"height":711},{"@type":"BreadcrumbList","@id":"https:\/\/beautyinstitute.ee\/toode\/q10-maske\/#breadcrumb","itemListElement":[{"@type":"ListItem","position":1,"name":"Home","item":"https:\/\/beautyinstitute.ee\/ru\/"},{"@type":"ListItem","position":2,"name":"E-pood","item":"https:\/\/beautyinstitute.ee\/e-pood\/"},{"@type":"ListItem","position":3,"name":"Q10 Maske"}]},{"@type":"WebSite","@id":"https:\/\/beautyinstitute.ee\/#website","url":"https:\/\/beautyinstitute.ee\/","name":"Beauty Institute","description":"CNC Cosmetic ametlik maaletooja ja edasim\u00fc\u00fcja Eestis, Soomes, L\u00e4tis. Aparaadikosmeetika, koolitused, kosmeetikatooted.","potentialAction":[{"@type":"SearchAction","target":{"@type":"EntryPoint","urlTemplate":"https:\/\/beautyinstitute.ee\/?s={search_term_string}"},"query-input":{"@type":"PropertyValueSpecification","valueRequired":true,"valueName":"search_term_string"}}],"inLanguage":"ru-RU"}]}},"_links":{"self":[{"href":"https:\/\/beautyinstitute.ee\/ru\/wp-json\/wp\/v2\/product\/2357","targetHints":{"allow":["GET"]}}],"collection":[{"href":"https:\/\/beautyinstitute.ee\/ru\/wp-json\/wp\/v2\/product"}],"about":[{"href":"https:\/\/beautyinstitute.ee\/ru\/wp-json\/wp\/v2\/types\/product"}],"wp:featuredmedia":[{"embeddable":true,"href":"https:\/\/beautyinstitute.ee\/ru\/wp-json\/wp\/v2\/media\/12200"}],"wp:attachment":[{"href":"https:\/\/beautyinstitute.ee\/ru\/wp-json\/wp\/v2\/media?parent=2357"}],"wp:term":[{"taxonomy":"product_cat","embeddable":true,"href":"https:\/\/beautyinstitute.ee\/ru\/wp-json\/wp\/v2\/product_cat?post=2357"},{"taxonomy":"product_tag","embeddable":true,"href":"https:\/\/beautyinstitute.ee\/ru\/wp-json\/wp\/v2\/product_tag?post=2357"}],"curies":[{"name":"wp","href":"https:\/\/api.w.org\/{rel}","templated":true}]}}