{"id":2364,"date":"2019-01-18T19:12:24","date_gmt":"2019-01-18T17:12:24","guid":{"rendered":"https:\/\/beautyinstitute.ee\/?post_type=product&#038;p=2364"},"modified":"2026-04-28T16:47:01","modified_gmt":"2026-04-28T13:47:01","slug":"24-h-kreem","status":"publish","type":"product","link":"https:\/\/beautyinstitute.ee\/ru\/toode\/24-h-kreem\/","title":{"rendered":"Men Relax 24-H Creme 50Ml"},"content":{"rendered":"<p><strong>Kahefunktsionaalne kerge geeljas kreem.<\/strong><\/p>\n<p>Kreem on m\u00f5eldud kasutamiseks n\u00e4ohoolduseks ja peale habemeajamist.\u00a0 Toimep\u00f5hine aktiivainete kompleks tagab nahale intensiivse niisutuse, elustab nahka ja j\u00e4tab naha v\u00e4rskes, siledaks ja klaariks. Vitamiinid kaitsevad vabade radikaalide\u00a0 ja kahjulike keskkonnam\u00f5jude eest.\u00a0 Viskiekstrakt muudab v\u00e4sinud ja jumetu naha\u00a0 taas v\u00e4rskeks ja elavaks.<\/p>\n<p><strong>Eelised:<\/strong><\/p>\n<ul>\n<li>sobib n\u00e4ohoolduseks ja p\u00e4rast raseerimist<\/li>\n<li>tagab \u00fchtlase jume<\/li>\n<li>naha enneaegse vananemise vastu<\/li>\n<\/ul>\n<p><strong>Sobilik:<\/strong> n\u00f5udlik, deh\u00fcdreeritud meesnahk<\/p>\n<p><strong>Toimeained:<\/strong> mandli\u00f5li, maisit\u00e4rklis, suhkrupeediekstrakt, aloe vera ekstrakt, linnaseekstrakt, vitamiin A ja E, pantenool, allantoiin, letsitiin.<\/p>\n","protected":false},"excerpt":{"rendered":"<p>Kahefunktsionaalne kerge geeljas kreem. Kreem on m\u00f5eldud kasutamiseks n\u00e4ohoolduseks ja peale habemeajamist.\u00a0 Toimep\u00f5hine aktiivainete kompleks tagab nahale intensiivse niisutuse, elustab nahka ja j\u00e4tab naha v\u00e4rskes, siledaks ja klaariks. Vitamiinid kaitsevad vabade radikaalide\u00a0 ja kahjulike keskkonnam\u00f5jude eest.\u00a0 Viskiekstrakt muudab v\u00e4sinud ja jumetu naha\u00a0 taas v\u00e4rskeks ja elavaks. Eelised: sobib n\u00e4ohoolduseks ja p\u00e4rast raseerimist tagab \u00fchtlase jume [&hellip;]<\/p>\n","protected":false},"featured_media":2365,"template":"","meta":{"_acf_changed":false},"product_cat":[250,114,132],"product_tag":[],"class_list":["post-2364","product","type-product","status-publish","has-post-thumbnail","hentry","product_cat-naokreemid","product_cat-tootesarjad","product_cat-men-relax"],"acf":[],"yoast_head":"<!-- This site is optimized with the Yoast SEO plugin v25.4 - https:\/\/yoast.com\/wordpress\/plugins\/seo\/ -->\n<title>Men Relax 24-H Creme 50Ml - Beauty Institute<\/title>\n<meta name=\"robots\" content=\"index, follow, max-snippet:-1, max-image-preview:large, max-video-preview:-1\" \/>\n<link rel=\"canonical\" href=\"https:\/\/beautyinstitute.ee\/toode\/24-h-kreem\/\" \/>\n<meta property=\"og:locale\" content=\"ru_RU\" \/>\n<meta property=\"og:type\" content=\"article\" \/>\n<meta property=\"og:title\" content=\"Men Relax 24-H Creme 50Ml - Beauty Institute\" \/>\n<meta property=\"og:description\" content=\"Kahefunktsionaalne kerge geeljas kreem. Kreem on m\u00f5eldud kasutamiseks n\u00e4ohoolduseks ja peale habemeajamist.\u00a0 Toimep\u00f5hine aktiivainete kompleks tagab nahale intensiivse niisutuse, elustab nahka ja j\u00e4tab naha v\u00e4rskes, siledaks ja klaariks. Vitamiinid kaitsevad vabade radikaalide\u00a0 ja kahjulike keskkonnam\u00f5jude eest.\u00a0 Viskiekstrakt muudab v\u00e4sinud ja jumetu naha\u00a0 taas v\u00e4rskeks ja elavaks. Eelised: sobib n\u00e4ohoolduseks ja p\u00e4rast raseerimist tagab \u00fchtlase jume [&hellip;]\" \/>\n<meta property=\"og:url\" content=\"https:\/\/beautyinstitute.ee\/toode\/24-h-kreem\/\" \/>\n<meta property=\"og:site_name\" content=\"Beauty Institute\" \/>\n<meta property=\"article:modified_time\" content=\"2026-04-28T13:47:01+00:00\" \/>\n<meta property=\"og:image\" content=\"https:\/\/beautyinstitute.ee\/wp-content\/uploads\/2019\/01\/men-krem.jpg\" \/>\n\t<meta property=\"og:image:width\" content=\"750\" \/>\n\t<meta property=\"og:image:height\" content=\"711\" \/>\n\t<meta property=\"og:image:type\" content=\"image\/jpeg\" \/>\n<meta name=\"twitter:card\" content=\"summary_large_image\" \/>\n<meta name=\"twitter:site\" content=\"@Beauty_Eesti\" \/>\n<script type=\"application\/ld+json\" class=\"yoast-schema-graph\">{\"@context\":\"https:\/\/schema.org\",\"@graph\":[{\"@type\":\"WebPage\",\"@id\":\"https:\/\/beautyinstitute.ee\/toode\/24-h-kreem\/\",\"url\":\"https:\/\/beautyinstitute.ee\/toode\/24-h-kreem\/\",\"name\":\"Men Relax 24-H Creme 50Ml - Beauty Institute\",\"isPartOf\":{\"@id\":\"https:\/\/beautyinstitute.ee\/#website\"},\"primaryImageOfPage\":{\"@id\":\"https:\/\/beautyinstitute.ee\/toode\/24-h-kreem\/#primaryimage\"},\"image\":{\"@id\":\"https:\/\/beautyinstitute.ee\/toode\/24-h-kreem\/#primaryimage\"},\"thumbnailUrl\":\"https:\/\/beautyinstitute.ee\/wp-content\/uploads\/2019\/01\/men-krem.jpg\",\"datePublished\":\"2019-01-18T17:12:24+00:00\",\"dateModified\":\"2026-04-28T13:47:01+00:00\",\"breadcrumb\":{\"@id\":\"https:\/\/beautyinstitute.ee\/toode\/24-h-kreem\/#breadcrumb\"},\"inLanguage\":\"ru-RU\",\"potentialAction\":[{\"@type\":\"ReadAction\",\"target\":[\"https:\/\/beautyinstitute.ee\/toode\/24-h-kreem\/\"]}]},{\"@type\":\"ImageObject\",\"inLanguage\":\"ru-RU\",\"@id\":\"https:\/\/beautyinstitute.ee\/toode\/24-h-kreem\/#primaryimage\",\"url\":\"https:\/\/beautyinstitute.ee\/wp-content\/uploads\/2019\/01\/men-krem.jpg\",\"contentUrl\":\"https:\/\/beautyinstitute.ee\/wp-content\/uploads\/2019\/01\/men-krem.jpg\",\"width\":750,\"height\":711},{\"@type\":\"BreadcrumbList\",\"@id\":\"https:\/\/beautyinstitute.ee\/toode\/24-h-kreem\/#breadcrumb\",\"itemListElement\":[{\"@type\":\"ListItem\",\"position\":1,\"name\":\"Home\",\"item\":\"https:\/\/beautyinstitute.ee\/ru\/\"},{\"@type\":\"ListItem\",\"position\":2,\"name\":\"E-pood\",\"item\":\"https:\/\/beautyinstitute.ee\/e-pood\/\"},{\"@type\":\"ListItem\",\"position\":3,\"name\":\"Men Relax 24-H Creme 50Ml\"}]},{\"@type\":\"WebSite\",\"@id\":\"https:\/\/beautyinstitute.ee\/#website\",\"url\":\"https:\/\/beautyinstitute.ee\/\",\"name\":\"Beauty Institute\",\"description\":\"CNC Cosmetic ametlik maaletooja ja edasim\u00fc\u00fcja Eestis, Soomes, L\u00e4tis. Aparaadikosmeetika, koolitused, kosmeetikatooted.\",\"potentialAction\":[{\"@type\":\"SearchAction\",\"target\":{\"@type\":\"EntryPoint\",\"urlTemplate\":\"https:\/\/beautyinstitute.ee\/?s={search_term_string}\"},\"query-input\":{\"@type\":\"PropertyValueSpecification\",\"valueRequired\":true,\"valueName\":\"search_term_string\"}}],\"inLanguage\":\"ru-RU\"}]}<\/script>\n<!-- \/ Yoast SEO plugin. -->","yoast_head_json":{"title":"Men Relax 24-H Creme 50Ml - Beauty Institute","robots":{"index":"index","follow":"follow","max-snippet":"max-snippet:-1","max-image-preview":"max-image-preview:large","max-video-preview":"max-video-preview:-1"},"canonical":"https:\/\/beautyinstitute.ee\/toode\/24-h-kreem\/","og_locale":"ru_RU","og_type":"article","og_title":"Men Relax 24-H Creme 50Ml - Beauty Institute","og_description":"Kahefunktsionaalne kerge geeljas kreem. Kreem on m\u00f5eldud kasutamiseks n\u00e4ohoolduseks ja peale habemeajamist.\u00a0 Toimep\u00f5hine aktiivainete kompleks tagab nahale intensiivse niisutuse, elustab nahka ja j\u00e4tab naha v\u00e4rskes, siledaks ja klaariks. Vitamiinid kaitsevad vabade radikaalide\u00a0 ja kahjulike keskkonnam\u00f5jude eest.\u00a0 Viskiekstrakt muudab v\u00e4sinud ja jumetu naha\u00a0 taas v\u00e4rskeks ja elavaks. Eelised: sobib n\u00e4ohoolduseks ja p\u00e4rast raseerimist tagab \u00fchtlase jume [&hellip;]","og_url":"https:\/\/beautyinstitute.ee\/toode\/24-h-kreem\/","og_site_name":"Beauty Institute","article_modified_time":"2026-04-28T13:47:01+00:00","og_image":[{"width":750,"height":711,"url":"https:\/\/beautyinstitute.ee\/wp-content\/uploads\/2019\/01\/men-krem.jpg","type":"image\/jpeg"}],"twitter_card":"summary_large_image","twitter_site":"@Beauty_Eesti","schema":{"@context":"https:\/\/schema.org","@graph":[{"@type":"WebPage","@id":"https:\/\/beautyinstitute.ee\/toode\/24-h-kreem\/","url":"https:\/\/beautyinstitute.ee\/toode\/24-h-kreem\/","name":"Men Relax 24-H Creme 50Ml - Beauty Institute","isPartOf":{"@id":"https:\/\/beautyinstitute.ee\/#website"},"primaryImageOfPage":{"@id":"https:\/\/beautyinstitute.ee\/toode\/24-h-kreem\/#primaryimage"},"image":{"@id":"https:\/\/beautyinstitute.ee\/toode\/24-h-kreem\/#primaryimage"},"thumbnailUrl":"https:\/\/beautyinstitute.ee\/wp-content\/uploads\/2019\/01\/men-krem.jpg","datePublished":"2019-01-18T17:12:24+00:00","dateModified":"2026-04-28T13:47:01+00:00","breadcrumb":{"@id":"https:\/\/beautyinstitute.ee\/toode\/24-h-kreem\/#breadcrumb"},"inLanguage":"ru-RU","potentialAction":[{"@type":"ReadAction","target":["https:\/\/beautyinstitute.ee\/toode\/24-h-kreem\/"]}]},{"@type":"ImageObject","inLanguage":"ru-RU","@id":"https:\/\/beautyinstitute.ee\/toode\/24-h-kreem\/#primaryimage","url":"https:\/\/beautyinstitute.ee\/wp-content\/uploads\/2019\/01\/men-krem.jpg","contentUrl":"https:\/\/beautyinstitute.ee\/wp-content\/uploads\/2019\/01\/men-krem.jpg","width":750,"height":711},{"@type":"BreadcrumbList","@id":"https:\/\/beautyinstitute.ee\/toode\/24-h-kreem\/#breadcrumb","itemListElement":[{"@type":"ListItem","position":1,"name":"Home","item":"https:\/\/beautyinstitute.ee\/ru\/"},{"@type":"ListItem","position":2,"name":"E-pood","item":"https:\/\/beautyinstitute.ee\/e-pood\/"},{"@type":"ListItem","position":3,"name":"Men Relax 24-H Creme 50Ml"}]},{"@type":"WebSite","@id":"https:\/\/beautyinstitute.ee\/#website","url":"https:\/\/beautyinstitute.ee\/","name":"Beauty Institute","description":"CNC Cosmetic ametlik maaletooja ja edasim\u00fc\u00fcja Eestis, Soomes, L\u00e4tis. Aparaadikosmeetika, koolitused, kosmeetikatooted.","potentialAction":[{"@type":"SearchAction","target":{"@type":"EntryPoint","urlTemplate":"https:\/\/beautyinstitute.ee\/?s={search_term_string}"},"query-input":{"@type":"PropertyValueSpecification","valueRequired":true,"valueName":"search_term_string"}}],"inLanguage":"ru-RU"}]}},"_links":{"self":[{"href":"https:\/\/beautyinstitute.ee\/ru\/wp-json\/wp\/v2\/product\/2364","targetHints":{"allow":["GET"]}}],"collection":[{"href":"https:\/\/beautyinstitute.ee\/ru\/wp-json\/wp\/v2\/product"}],"about":[{"href":"https:\/\/beautyinstitute.ee\/ru\/wp-json\/wp\/v2\/types\/product"}],"wp:featuredmedia":[{"embeddable":true,"href":"https:\/\/beautyinstitute.ee\/ru\/wp-json\/wp\/v2\/media\/2365"}],"wp:attachment":[{"href":"https:\/\/beautyinstitute.ee\/ru\/wp-json\/wp\/v2\/media?parent=2364"}],"wp:term":[{"taxonomy":"product_cat","embeddable":true,"href":"https:\/\/beautyinstitute.ee\/ru\/wp-json\/wp\/v2\/product_cat?post=2364"},{"taxonomy":"product_tag","embeddable":true,"href":"https:\/\/beautyinstitute.ee\/ru\/wp-json\/wp\/v2\/product_tag?post=2364"}],"curies":[{"name":"wp","href":"https:\/\/api.w.org\/{rel}","templated":true}]}}