{"id":23738,"date":"2023-06-13T11:21:54","date_gmt":"2023-06-13T08:21:54","guid":{"rendered":"https:\/\/beautyinstitute.ee\/?post_type=product&#038;p=23738"},"modified":"2026-04-15T12:25:28","modified_gmt":"2026-04-15T09:25:28","slug":"hyaluron-24h-kreem-50ml","status":"publish","type":"product","link":"https:\/\/beautyinstitute.ee\/ru\/toode\/hyaluron-24h-kreem-50ml\/","title":{"rendered":"Hyaluron+ 24H- Kreem"},"content":{"rendered":"<p>Intensiivselt elustav ja niisutav kreem koosneb h\u00fcaluroonhappest, skvalaanist, jojoba\u00f5list ja<span class=\"Apple-converted-space\">\u00a0 <\/span>v\u00e4\u00e4rtuslikust antioks\u00fcdantide poolest rikkast viinamarjaseemne\u00f5list, Taastab noorusliku s\u00e4ra, nahk tundub siledam, niisutatum ja pringim.<\/p>\n<ul>\n<li><span class=\"Apple-converted-space\">\u00a0\u00a0 \u00a0 <\/span>Esmaklassiline koostis h\u00fcaluroonhappest, viinamarjaseemne\u00f5list, skvalaanist ja jojoba\u00f5list<\/li>\n<li><span class=\"Apple-converted-space\">\u00a0\u00a0 \u00a0 <\/span>Pinguldav ja silendav toime annab koheselt noorusliku jume.<\/li>\n<li><span class=\"Apple-converted-space\">\u00a0\u00a0 \u00a0 <\/span>V\u00e4rskendav v\u00e4\u00e4rtuslike antioks\u00fcdantidega detox efekt nahale<\/li>\n<\/ul>\n<p><strong>Kasutamine:<\/strong> Kandke nahale hommikul ja \u00f5htul p\u00e4rast seerumit.<\/p>\n","protected":false},"excerpt":{"rendered":"<p>Intensiivselt elustav ja niisutav kreem koosneb h\u00fcaluroonhappest, skvalaanist, jojoba\u00f5list ja\u00a0 v\u00e4\u00e4rtuslikust antioks\u00fcdantide poolest rikkast viinamarjaseemne\u00f5list, Taastab noorusliku s\u00e4ra, nahk tundub siledam, niisutatum ja pringim. \u00a0\u00a0 \u00a0 Esmaklassiline koostis h\u00fcaluroonhappest, viinamarjaseemne\u00f5list, skvalaanist ja jojoba\u00f5list \u00a0\u00a0 \u00a0 Pinguldav ja silendav toime annab koheselt noorusliku jume. \u00a0\u00a0 \u00a0 V\u00e4rskendav v\u00e4\u00e4rtuslike antioks\u00fcdantidega detox efekt nahale Kasutamine: Kandke nahale hommikul [&hellip;]<\/p>\n","protected":false},"featured_media":23739,"template":"","meta":{"_acf_changed":false},"product_cat":[291,250],"product_tag":[],"class_list":["post-23738","product","type-product","status-publish","has-post-thumbnail","hentry","product_cat-baehr-cosmetic","product_cat-naokreemid"],"acf":[],"yoast_head":"<!-- This site is optimized with the Yoast SEO plugin v25.4 - https:\/\/yoast.com\/wordpress\/plugins\/seo\/ -->\n<title>Hyaluron+ 24H- Kreem - Beauty Institute<\/title>\n<meta name=\"robots\" content=\"index, follow, max-snippet:-1, max-image-preview:large, max-video-preview:-1\" \/>\n<link rel=\"canonical\" href=\"https:\/\/beautyinstitute.ee\/toode\/hyaluron-24h-kreem-50ml\/\" \/>\n<meta property=\"og:locale\" content=\"ru_RU\" \/>\n<meta property=\"og:type\" content=\"article\" \/>\n<meta property=\"og:title\" content=\"Hyaluron+ 24H- Kreem - Beauty Institute\" \/>\n<meta property=\"og:description\" content=\"Intensiivselt elustav ja niisutav kreem koosneb h\u00fcaluroonhappest, skvalaanist, jojoba\u00f5list ja\u00a0 v\u00e4\u00e4rtuslikust antioks\u00fcdantide poolest rikkast viinamarjaseemne\u00f5list, Taastab noorusliku s\u00e4ra, nahk tundub siledam, niisutatum ja pringim. \u00a0\u00a0 \u00a0 Esmaklassiline koostis h\u00fcaluroonhappest, viinamarjaseemne\u00f5list, skvalaanist ja jojoba\u00f5list \u00a0\u00a0 \u00a0 Pinguldav ja silendav toime annab koheselt noorusliku jume. \u00a0\u00a0 \u00a0 V\u00e4rskendav v\u00e4\u00e4rtuslike antioks\u00fcdantidega detox efekt nahale Kasutamine: Kandke nahale hommikul [&hellip;]\" \/>\n<meta property=\"og:url\" content=\"https:\/\/beautyinstitute.ee\/toode\/hyaluron-24h-kreem-50ml\/\" \/>\n<meta property=\"og:site_name\" content=\"Beauty Institute\" \/>\n<meta property=\"article:modified_time\" content=\"2026-04-15T09:25:28+00:00\" \/>\n<meta property=\"og:image\" content=\"https:\/\/beautyinstitute.ee\/wp-content\/uploads\/2023\/06\/hyaluron-tag-nacht-creme_25275_1280x1280@2x.png\" \/>\n\t<meta property=\"og:image:width\" content=\"2095\" \/>\n\t<meta property=\"og:image:height\" content=\"2095\" \/>\n\t<meta property=\"og:image:type\" content=\"image\/png\" \/>\n<meta name=\"twitter:card\" content=\"summary_large_image\" \/>\n<meta name=\"twitter:site\" content=\"@Beauty_Eesti\" \/>\n<meta name=\"twitter:label1\" content=\"\u041f\u0440\u0438\u043c\u0435\u0440\u043d\u043e\u0435 \u0432\u0440\u0435\u043c\u044f \u0434\u043b\u044f \u0447\u0442\u0435\u043d\u0438\u044f\" \/>\n\t<meta name=\"twitter:data1\" content=\"1 \u043c\u0438\u043d\u0443\u0442\u0430\" \/>\n<script type=\"application\/ld+json\" class=\"yoast-schema-graph\">{\"@context\":\"https:\/\/schema.org\",\"@graph\":[{\"@type\":\"WebPage\",\"@id\":\"https:\/\/beautyinstitute.ee\/toode\/hyaluron-24h-kreem-50ml\/\",\"url\":\"https:\/\/beautyinstitute.ee\/toode\/hyaluron-24h-kreem-50ml\/\",\"name\":\"Hyaluron+ 24H- Kreem - Beauty Institute\",\"isPartOf\":{\"@id\":\"https:\/\/beautyinstitute.ee\/#website\"},\"primaryImageOfPage\":{\"@id\":\"https:\/\/beautyinstitute.ee\/toode\/hyaluron-24h-kreem-50ml\/#primaryimage\"},\"image\":{\"@id\":\"https:\/\/beautyinstitute.ee\/toode\/hyaluron-24h-kreem-50ml\/#primaryimage\"},\"thumbnailUrl\":\"https:\/\/beautyinstitute.ee\/wp-content\/uploads\/2023\/06\/hyaluron-tag-nacht-creme_25275_1280x1280@2x.png\",\"datePublished\":\"2023-06-13T08:21:54+00:00\",\"dateModified\":\"2026-04-15T09:25:28+00:00\",\"breadcrumb\":{\"@id\":\"https:\/\/beautyinstitute.ee\/toode\/hyaluron-24h-kreem-50ml\/#breadcrumb\"},\"inLanguage\":\"ru-RU\",\"potentialAction\":[{\"@type\":\"ReadAction\",\"target\":[\"https:\/\/beautyinstitute.ee\/toode\/hyaluron-24h-kreem-50ml\/\"]}]},{\"@type\":\"ImageObject\",\"inLanguage\":\"ru-RU\",\"@id\":\"https:\/\/beautyinstitute.ee\/toode\/hyaluron-24h-kreem-50ml\/#primaryimage\",\"url\":\"https:\/\/beautyinstitute.ee\/wp-content\/uploads\/2023\/06\/hyaluron-tag-nacht-creme_25275_1280x1280@2x.png\",\"contentUrl\":\"https:\/\/beautyinstitute.ee\/wp-content\/uploads\/2023\/06\/hyaluron-tag-nacht-creme_25275_1280x1280@2x.png\",\"width\":2095,\"height\":2095},{\"@type\":\"BreadcrumbList\",\"@id\":\"https:\/\/beautyinstitute.ee\/toode\/hyaluron-24h-kreem-50ml\/#breadcrumb\",\"itemListElement\":[{\"@type\":\"ListItem\",\"position\":1,\"name\":\"Home\",\"item\":\"https:\/\/beautyinstitute.ee\/ru\/\"},{\"@type\":\"ListItem\",\"position\":2,\"name\":\"E-pood\",\"item\":\"https:\/\/beautyinstitute.ee\/e-pood\/\"},{\"@type\":\"ListItem\",\"position\":3,\"name\":\"Hyaluron+ 24H- Kreem\"}]},{\"@type\":\"WebSite\",\"@id\":\"https:\/\/beautyinstitute.ee\/#website\",\"url\":\"https:\/\/beautyinstitute.ee\/\",\"name\":\"Beauty Institute\",\"description\":\"CNC Cosmetic ametlik maaletooja ja edasim\u00fc\u00fcja Eestis, Soomes, L\u00e4tis. Aparaadikosmeetika, koolitused, kosmeetikatooted.\",\"potentialAction\":[{\"@type\":\"SearchAction\",\"target\":{\"@type\":\"EntryPoint\",\"urlTemplate\":\"https:\/\/beautyinstitute.ee\/?s={search_term_string}\"},\"query-input\":{\"@type\":\"PropertyValueSpecification\",\"valueRequired\":true,\"valueName\":\"search_term_string\"}}],\"inLanguage\":\"ru-RU\"}]}<\/script>\n<!-- \/ Yoast SEO plugin. -->","yoast_head_json":{"title":"Hyaluron+ 24H- Kreem - Beauty Institute","robots":{"index":"index","follow":"follow","max-snippet":"max-snippet:-1","max-image-preview":"max-image-preview:large","max-video-preview":"max-video-preview:-1"},"canonical":"https:\/\/beautyinstitute.ee\/toode\/hyaluron-24h-kreem-50ml\/","og_locale":"ru_RU","og_type":"article","og_title":"Hyaluron+ 24H- Kreem - Beauty Institute","og_description":"Intensiivselt elustav ja niisutav kreem koosneb h\u00fcaluroonhappest, skvalaanist, jojoba\u00f5list ja\u00a0 v\u00e4\u00e4rtuslikust antioks\u00fcdantide poolest rikkast viinamarjaseemne\u00f5list, Taastab noorusliku s\u00e4ra, nahk tundub siledam, niisutatum ja pringim. \u00a0\u00a0 \u00a0 Esmaklassiline koostis h\u00fcaluroonhappest, viinamarjaseemne\u00f5list, skvalaanist ja jojoba\u00f5list \u00a0\u00a0 \u00a0 Pinguldav ja silendav toime annab koheselt noorusliku jume. \u00a0\u00a0 \u00a0 V\u00e4rskendav v\u00e4\u00e4rtuslike antioks\u00fcdantidega detox efekt nahale Kasutamine: Kandke nahale hommikul [&hellip;]","og_url":"https:\/\/beautyinstitute.ee\/toode\/hyaluron-24h-kreem-50ml\/","og_site_name":"Beauty Institute","article_modified_time":"2026-04-15T09:25:28+00:00","og_image":[{"width":2095,"height":2095,"url":"https:\/\/beautyinstitute.ee\/wp-content\/uploads\/2023\/06\/hyaluron-tag-nacht-creme_25275_1280x1280@2x.png","type":"image\/png"}],"twitter_card":"summary_large_image","twitter_site":"@Beauty_Eesti","twitter_misc":{"\u041f\u0440\u0438\u043c\u0435\u0440\u043d\u043e\u0435 \u0432\u0440\u0435\u043c\u044f \u0434\u043b\u044f \u0447\u0442\u0435\u043d\u0438\u044f":"1 \u043c\u0438\u043d\u0443\u0442\u0430"},"schema":{"@context":"https:\/\/schema.org","@graph":[{"@type":"WebPage","@id":"https:\/\/beautyinstitute.ee\/toode\/hyaluron-24h-kreem-50ml\/","url":"https:\/\/beautyinstitute.ee\/toode\/hyaluron-24h-kreem-50ml\/","name":"Hyaluron+ 24H- Kreem - Beauty Institute","isPartOf":{"@id":"https:\/\/beautyinstitute.ee\/#website"},"primaryImageOfPage":{"@id":"https:\/\/beautyinstitute.ee\/toode\/hyaluron-24h-kreem-50ml\/#primaryimage"},"image":{"@id":"https:\/\/beautyinstitute.ee\/toode\/hyaluron-24h-kreem-50ml\/#primaryimage"},"thumbnailUrl":"https:\/\/beautyinstitute.ee\/wp-content\/uploads\/2023\/06\/hyaluron-tag-nacht-creme_25275_1280x1280@2x.png","datePublished":"2023-06-13T08:21:54+00:00","dateModified":"2026-04-15T09:25:28+00:00","breadcrumb":{"@id":"https:\/\/beautyinstitute.ee\/toode\/hyaluron-24h-kreem-50ml\/#breadcrumb"},"inLanguage":"ru-RU","potentialAction":[{"@type":"ReadAction","target":["https:\/\/beautyinstitute.ee\/toode\/hyaluron-24h-kreem-50ml\/"]}]},{"@type":"ImageObject","inLanguage":"ru-RU","@id":"https:\/\/beautyinstitute.ee\/toode\/hyaluron-24h-kreem-50ml\/#primaryimage","url":"https:\/\/beautyinstitute.ee\/wp-content\/uploads\/2023\/06\/hyaluron-tag-nacht-creme_25275_1280x1280@2x.png","contentUrl":"https:\/\/beautyinstitute.ee\/wp-content\/uploads\/2023\/06\/hyaluron-tag-nacht-creme_25275_1280x1280@2x.png","width":2095,"height":2095},{"@type":"BreadcrumbList","@id":"https:\/\/beautyinstitute.ee\/toode\/hyaluron-24h-kreem-50ml\/#breadcrumb","itemListElement":[{"@type":"ListItem","position":1,"name":"Home","item":"https:\/\/beautyinstitute.ee\/ru\/"},{"@type":"ListItem","position":2,"name":"E-pood","item":"https:\/\/beautyinstitute.ee\/e-pood\/"},{"@type":"ListItem","position":3,"name":"Hyaluron+ 24H- Kreem"}]},{"@type":"WebSite","@id":"https:\/\/beautyinstitute.ee\/#website","url":"https:\/\/beautyinstitute.ee\/","name":"Beauty Institute","description":"CNC Cosmetic ametlik maaletooja ja edasim\u00fc\u00fcja Eestis, Soomes, L\u00e4tis. Aparaadikosmeetika, koolitused, kosmeetikatooted.","potentialAction":[{"@type":"SearchAction","target":{"@type":"EntryPoint","urlTemplate":"https:\/\/beautyinstitute.ee\/?s={search_term_string}"},"query-input":{"@type":"PropertyValueSpecification","valueRequired":true,"valueName":"search_term_string"}}],"inLanguage":"ru-RU"}]}},"_links":{"self":[{"href":"https:\/\/beautyinstitute.ee\/ru\/wp-json\/wp\/v2\/product\/23738","targetHints":{"allow":["GET"]}}],"collection":[{"href":"https:\/\/beautyinstitute.ee\/ru\/wp-json\/wp\/v2\/product"}],"about":[{"href":"https:\/\/beautyinstitute.ee\/ru\/wp-json\/wp\/v2\/types\/product"}],"wp:featuredmedia":[{"embeddable":true,"href":"https:\/\/beautyinstitute.ee\/ru\/wp-json\/wp\/v2\/media\/23739"}],"wp:attachment":[{"href":"https:\/\/beautyinstitute.ee\/ru\/wp-json\/wp\/v2\/media?parent=23738"}],"wp:term":[{"taxonomy":"product_cat","embeddable":true,"href":"https:\/\/beautyinstitute.ee\/ru\/wp-json\/wp\/v2\/product_cat?post=23738"},{"taxonomy":"product_tag","embeddable":true,"href":"https:\/\/beautyinstitute.ee\/ru\/wp-json\/wp\/v2\/product_tag?post=23738"}],"curies":[{"name":"wp","href":"https:\/\/api.w.org\/{rel}","templated":true}]}}