{"id":23752,"date":"2023-06-13T12:17:26","date_gmt":"2023-06-13T09:17:26","guid":{"rendered":"https:\/\/beautyinstitute.ee\/?post_type=product&#038;p=23752"},"modified":"2026-04-27T09:44:24","modified_gmt":"2026-04-27T06:44:24","slug":"hyaluron-fliismask","status":"publish","type":"product","link":"https:\/\/beautyinstitute.ee\/ru\/toode\/hyaluron-fliismask\/","title":{"rendered":"Hyaluron+ Fliismask\/Seerum\/Kreem"},"content":{"rendered":"<p>H\u00fcaluroonfliismask, h\u00fcalurooniga p\u00e4eva- ja \u00f6\u00f6seerumist ning h\u00fcaluroonhappega p\u00e4eva- ja \u00f6\u00f6kreemist koosnev kolmekordne niiskuse suurendamise komplekt annab<span class=\"Apple-converted-space\">\u00a0 <\/span>nahale ainulaadse t\u00f5stva efekti.<\/p>\n<p>K\u00f5rgmolekulaarse, madalmolekulaarse ja liposomatiiline kapseldatud h\u00fcaluroonhappe koostis tagab p\u00fcsiva niisutuse ja ahvatlevalt s\u00e4rava jume. M\u00e4rgatavalt suurem elastsus ja n\u00e4htav naha siledus annavad nahale nooruse ja v\u00e4rskuse.<\/p>\n<ul>\n<li>Ainulaadne taaselustav kombinatsioon maskist, seerumist ja kreemist<\/li>\n<li>Niisutab nahka kuni 24 tundi<\/li>\n<li>N\u00e4gu saavutab nooruslikuma s\u00e4ra<\/li>\n<li>Silendav ja pinguldav toime, \u00a0kortsud taanduvad<\/li>\n<\/ul>\n<p><strong>Kasutamine:<\/strong><\/p>\n<p>1. samm:<span class=\"Apple-converted-space\">\u00a0<\/span>avage fliismask punktide 2 ja 3 perforeeritud joone juurest. Avage kotike m\u00e4rgi juurest. Eemaldage kile ja keerake mask lahti. Asetage mask n\u00e4ole, t\u00f5mmake pingule ja vajutage \u00fchtlaselt nahale. Laske m\u00f5juda 15-20 minutit. Eemaldage mask ja masseerige sisse k\u00f5ik toimeainete j\u00e4\u00e4gid.<\/p>\n<p>2. samm Seerum: avage kotike m\u00e4rgi juurest ja kandke seerum n\u00e4ole.<\/p>\n<p>3. samm Kreem: avage kotike m\u00e4rgi juurest ja kandke kreem n\u00e4ole.<\/p>\n","protected":false},"excerpt":{"rendered":"<p>H\u00fcaluroonfliismask, h\u00fcalurooniga p\u00e4eva- ja \u00f6\u00f6seerumist ning h\u00fcaluroonhappega p\u00e4eva- ja \u00f6\u00f6kreemist koosnev kolmekordne niiskuse suurendamise komplekt annab\u00a0 nahale ainulaadse t\u00f5stva efekti. K\u00f5rgmolekulaarse, madalmolekulaarse ja liposomatiiline kapseldatud h\u00fcaluroonhappe koostis tagab p\u00fcsiva niisutuse ja ahvatlevalt s\u00e4rava jume. M\u00e4rgatavalt suurem elastsus ja n\u00e4htav naha siledus annavad nahale nooruse ja v\u00e4rskuse. Ainulaadne taaselustav kombinatsioon maskist, seerumist ja kreemist Niisutab nahka [&hellip;]<\/p>\n","protected":false},"featured_media":23753,"template":"","meta":{"_acf_changed":false},"product_cat":[291,284,248],"product_tag":[],"class_list":["post-23752","product","type-product","status-publish","has-post-thumbnail","hentry","product_cat-baehr-cosmetic","product_cat-lehtmaskid","product_cat-maskid-2"],"acf":[],"yoast_head":"<!-- This site is optimized with the Yoast SEO plugin v25.4 - https:\/\/yoast.com\/wordpress\/plugins\/seo\/ -->\n<title>Hyaluron+ Fliismask\/Seerum\/Kreem - Beauty Institute<\/title>\n<meta name=\"robots\" content=\"index, follow, max-snippet:-1, max-image-preview:large, max-video-preview:-1\" \/>\n<link rel=\"canonical\" href=\"https:\/\/beautyinstitute.ee\/toode\/hyaluron-fliismask\/\" \/>\n<meta property=\"og:locale\" content=\"ru_RU\" \/>\n<meta property=\"og:type\" content=\"article\" \/>\n<meta property=\"og:title\" content=\"Hyaluron+ Fliismask\/Seerum\/Kreem - Beauty Institute\" \/>\n<meta property=\"og:description\" content=\"H\u00fcaluroonfliismask, h\u00fcalurooniga p\u00e4eva- ja \u00f6\u00f6seerumist ning h\u00fcaluroonhappega p\u00e4eva- ja \u00f6\u00f6kreemist koosnev kolmekordne niiskuse suurendamise komplekt annab\u00a0 nahale ainulaadse t\u00f5stva efekti. K\u00f5rgmolekulaarse, madalmolekulaarse ja liposomatiiline kapseldatud h\u00fcaluroonhappe koostis tagab p\u00fcsiva niisutuse ja ahvatlevalt s\u00e4rava jume. M\u00e4rgatavalt suurem elastsus ja n\u00e4htav naha siledus annavad nahale nooruse ja v\u00e4rskuse. Ainulaadne taaselustav kombinatsioon maskist, seerumist ja kreemist Niisutab nahka [&hellip;]\" \/>\n<meta property=\"og:url\" content=\"https:\/\/beautyinstitute.ee\/toode\/hyaluron-fliismask\/\" \/>\n<meta property=\"og:site_name\" content=\"Beauty Institute\" \/>\n<meta property=\"article:modified_time\" content=\"2026-04-27T06:44:24+00:00\" \/>\n<meta property=\"og:image\" content=\"https:\/\/beautyinstitute.ee\/wp-content\/uploads\/2023\/06\/hyaluron-vliesmaske-1-1024x1024.png\" \/>\n\t<meta property=\"og:image:width\" content=\"1024\" \/>\n\t<meta property=\"og:image:height\" content=\"1024\" \/>\n\t<meta property=\"og:image:type\" content=\"image\/png\" \/>\n<meta name=\"twitter:card\" content=\"summary_large_image\" \/>\n<meta name=\"twitter:site\" content=\"@Beauty_Eesti\" \/>\n<meta name=\"twitter:label1\" content=\"\u041f\u0440\u0438\u043c\u0435\u0440\u043d\u043e\u0435 \u0432\u0440\u0435\u043c\u044f \u0434\u043b\u044f \u0447\u0442\u0435\u043d\u0438\u044f\" \/>\n\t<meta name=\"twitter:data1\" content=\"1 \u043c\u0438\u043d\u0443\u0442\u0430\" \/>\n<script type=\"application\/ld+json\" class=\"yoast-schema-graph\">{\"@context\":\"https:\/\/schema.org\",\"@graph\":[{\"@type\":\"WebPage\",\"@id\":\"https:\/\/beautyinstitute.ee\/toode\/hyaluron-fliismask\/\",\"url\":\"https:\/\/beautyinstitute.ee\/toode\/hyaluron-fliismask\/\",\"name\":\"Hyaluron+ Fliismask\/Seerum\/Kreem - Beauty Institute\",\"isPartOf\":{\"@id\":\"https:\/\/beautyinstitute.ee\/#website\"},\"primaryImageOfPage\":{\"@id\":\"https:\/\/beautyinstitute.ee\/toode\/hyaluron-fliismask\/#primaryimage\"},\"image\":{\"@id\":\"https:\/\/beautyinstitute.ee\/toode\/hyaluron-fliismask\/#primaryimage\"},\"thumbnailUrl\":\"https:\/\/beautyinstitute.ee\/wp-content\/uploads\/2023\/06\/hyaluron-vliesmaske-1.png\",\"datePublished\":\"2023-06-13T09:17:26+00:00\",\"dateModified\":\"2026-04-27T06:44:24+00:00\",\"breadcrumb\":{\"@id\":\"https:\/\/beautyinstitute.ee\/toode\/hyaluron-fliismask\/#breadcrumb\"},\"inLanguage\":\"ru-RU\",\"potentialAction\":[{\"@type\":\"ReadAction\",\"target\":[\"https:\/\/beautyinstitute.ee\/toode\/hyaluron-fliismask\/\"]}]},{\"@type\":\"ImageObject\",\"inLanguage\":\"ru-RU\",\"@id\":\"https:\/\/beautyinstitute.ee\/toode\/hyaluron-fliismask\/#primaryimage\",\"url\":\"https:\/\/beautyinstitute.ee\/wp-content\/uploads\/2023\/06\/hyaluron-vliesmaske-1.png\",\"contentUrl\":\"https:\/\/beautyinstitute.ee\/wp-content\/uploads\/2023\/06\/hyaluron-vliesmaske-1.png\",\"width\":2560,\"height\":2560},{\"@type\":\"BreadcrumbList\",\"@id\":\"https:\/\/beautyinstitute.ee\/toode\/hyaluron-fliismask\/#breadcrumb\",\"itemListElement\":[{\"@type\":\"ListItem\",\"position\":1,\"name\":\"Home\",\"item\":\"https:\/\/beautyinstitute.ee\/ru\/\"},{\"@type\":\"ListItem\",\"position\":2,\"name\":\"E-pood\",\"item\":\"https:\/\/beautyinstitute.ee\/e-pood\/\"},{\"@type\":\"ListItem\",\"position\":3,\"name\":\"Hyaluron+ Fliismask\/Seerum\/Kreem\"}]},{\"@type\":\"WebSite\",\"@id\":\"https:\/\/beautyinstitute.ee\/#website\",\"url\":\"https:\/\/beautyinstitute.ee\/\",\"name\":\"Beauty Institute\",\"description\":\"CNC Cosmetic ametlik maaletooja ja edasim\u00fc\u00fcja Eestis, Soomes, L\u00e4tis. Aparaadikosmeetika, koolitused, kosmeetikatooted.\",\"potentialAction\":[{\"@type\":\"SearchAction\",\"target\":{\"@type\":\"EntryPoint\",\"urlTemplate\":\"https:\/\/beautyinstitute.ee\/?s={search_term_string}\"},\"query-input\":{\"@type\":\"PropertyValueSpecification\",\"valueRequired\":true,\"valueName\":\"search_term_string\"}}],\"inLanguage\":\"ru-RU\"}]}<\/script>\n<!-- \/ Yoast SEO plugin. -->","yoast_head_json":{"title":"Hyaluron+ Fliismask\/Seerum\/Kreem - Beauty Institute","robots":{"index":"index","follow":"follow","max-snippet":"max-snippet:-1","max-image-preview":"max-image-preview:large","max-video-preview":"max-video-preview:-1"},"canonical":"https:\/\/beautyinstitute.ee\/toode\/hyaluron-fliismask\/","og_locale":"ru_RU","og_type":"article","og_title":"Hyaluron+ Fliismask\/Seerum\/Kreem - Beauty Institute","og_description":"H\u00fcaluroonfliismask, h\u00fcalurooniga p\u00e4eva- ja \u00f6\u00f6seerumist ning h\u00fcaluroonhappega p\u00e4eva- ja \u00f6\u00f6kreemist koosnev kolmekordne niiskuse suurendamise komplekt annab\u00a0 nahale ainulaadse t\u00f5stva efekti. K\u00f5rgmolekulaarse, madalmolekulaarse ja liposomatiiline kapseldatud h\u00fcaluroonhappe koostis tagab p\u00fcsiva niisutuse ja ahvatlevalt s\u00e4rava jume. M\u00e4rgatavalt suurem elastsus ja n\u00e4htav naha siledus annavad nahale nooruse ja v\u00e4rskuse. Ainulaadne taaselustav kombinatsioon maskist, seerumist ja kreemist Niisutab nahka [&hellip;]","og_url":"https:\/\/beautyinstitute.ee\/toode\/hyaluron-fliismask\/","og_site_name":"Beauty Institute","article_modified_time":"2026-04-27T06:44:24+00:00","og_image":[{"width":1024,"height":1024,"url":"https:\/\/beautyinstitute.ee\/wp-content\/uploads\/2023\/06\/hyaluron-vliesmaske-1-1024x1024.png","type":"image\/png"}],"twitter_card":"summary_large_image","twitter_site":"@Beauty_Eesti","twitter_misc":{"\u041f\u0440\u0438\u043c\u0435\u0440\u043d\u043e\u0435 \u0432\u0440\u0435\u043c\u044f \u0434\u043b\u044f \u0447\u0442\u0435\u043d\u0438\u044f":"1 \u043c\u0438\u043d\u0443\u0442\u0430"},"schema":{"@context":"https:\/\/schema.org","@graph":[{"@type":"WebPage","@id":"https:\/\/beautyinstitute.ee\/toode\/hyaluron-fliismask\/","url":"https:\/\/beautyinstitute.ee\/toode\/hyaluron-fliismask\/","name":"Hyaluron+ Fliismask\/Seerum\/Kreem - Beauty Institute","isPartOf":{"@id":"https:\/\/beautyinstitute.ee\/#website"},"primaryImageOfPage":{"@id":"https:\/\/beautyinstitute.ee\/toode\/hyaluron-fliismask\/#primaryimage"},"image":{"@id":"https:\/\/beautyinstitute.ee\/toode\/hyaluron-fliismask\/#primaryimage"},"thumbnailUrl":"https:\/\/beautyinstitute.ee\/wp-content\/uploads\/2023\/06\/hyaluron-vliesmaske-1.png","datePublished":"2023-06-13T09:17:26+00:00","dateModified":"2026-04-27T06:44:24+00:00","breadcrumb":{"@id":"https:\/\/beautyinstitute.ee\/toode\/hyaluron-fliismask\/#breadcrumb"},"inLanguage":"ru-RU","potentialAction":[{"@type":"ReadAction","target":["https:\/\/beautyinstitute.ee\/toode\/hyaluron-fliismask\/"]}]},{"@type":"ImageObject","inLanguage":"ru-RU","@id":"https:\/\/beautyinstitute.ee\/toode\/hyaluron-fliismask\/#primaryimage","url":"https:\/\/beautyinstitute.ee\/wp-content\/uploads\/2023\/06\/hyaluron-vliesmaske-1.png","contentUrl":"https:\/\/beautyinstitute.ee\/wp-content\/uploads\/2023\/06\/hyaluron-vliesmaske-1.png","width":2560,"height":2560},{"@type":"BreadcrumbList","@id":"https:\/\/beautyinstitute.ee\/toode\/hyaluron-fliismask\/#breadcrumb","itemListElement":[{"@type":"ListItem","position":1,"name":"Home","item":"https:\/\/beautyinstitute.ee\/ru\/"},{"@type":"ListItem","position":2,"name":"E-pood","item":"https:\/\/beautyinstitute.ee\/e-pood\/"},{"@type":"ListItem","position":3,"name":"Hyaluron+ Fliismask\/Seerum\/Kreem"}]},{"@type":"WebSite","@id":"https:\/\/beautyinstitute.ee\/#website","url":"https:\/\/beautyinstitute.ee\/","name":"Beauty Institute","description":"CNC Cosmetic ametlik maaletooja ja edasim\u00fc\u00fcja Eestis, Soomes, L\u00e4tis. Aparaadikosmeetika, koolitused, kosmeetikatooted.","potentialAction":[{"@type":"SearchAction","target":{"@type":"EntryPoint","urlTemplate":"https:\/\/beautyinstitute.ee\/?s={search_term_string}"},"query-input":{"@type":"PropertyValueSpecification","valueRequired":true,"valueName":"search_term_string"}}],"inLanguage":"ru-RU"}]}},"_links":{"self":[{"href":"https:\/\/beautyinstitute.ee\/ru\/wp-json\/wp\/v2\/product\/23752","targetHints":{"allow":["GET"]}}],"collection":[{"href":"https:\/\/beautyinstitute.ee\/ru\/wp-json\/wp\/v2\/product"}],"about":[{"href":"https:\/\/beautyinstitute.ee\/ru\/wp-json\/wp\/v2\/types\/product"}],"wp:featuredmedia":[{"embeddable":true,"href":"https:\/\/beautyinstitute.ee\/ru\/wp-json\/wp\/v2\/media\/23753"}],"wp:attachment":[{"href":"https:\/\/beautyinstitute.ee\/ru\/wp-json\/wp\/v2\/media?parent=23752"}],"wp:term":[{"taxonomy":"product_cat","embeddable":true,"href":"https:\/\/beautyinstitute.ee\/ru\/wp-json\/wp\/v2\/product_cat?post=23752"},{"taxonomy":"product_tag","embeddable":true,"href":"https:\/\/beautyinstitute.ee\/ru\/wp-json\/wp\/v2\/product_tag?post=23752"}],"curies":[{"name":"wp","href":"https:\/\/api.w.org\/{rel}","templated":true}]}}