{"id":23760,"date":"2023-06-13T13:39:50","date_gmt":"2023-06-13T10:39:50","guid":{"rendered":"https:\/\/beautyinstitute.ee\/?post_type=product&#038;p=23760"},"modified":"2026-03-26T09:06:50","modified_gmt":"2026-03-26T07:06:50","slug":"suhkrukoorija-roheline-tee-150ml","status":"publish","type":"product","link":"https:\/\/beautyinstitute.ee\/ru\/toode\/suhkrukoorija-roheline-tee-150ml\/","title":{"rendered":"Suhkrukoorija Roheline Tee 150Ml"},"content":{"rendered":"<p>Intensiivselt puhastav ja taastav suhkrukoorija annab nahale koheselt n\u00e4htava s\u00e4ra. Nahk muutub silmn\u00e4htavalt s\u00e4ravamaks. Selles sisalduv roheline tee on tuntud oma kaitsvate detox-omaduste poolest. Koorija parandab naha s\u00e4ra ja v\u00e4hendab pigmentatsiooni. Suhkur ja toorkakaopulber eemaldavad t\u00f5husalt surnud naharakud. Koorija on ens\u00fc\u00fcmne, sisaldades \u00f5rnu suhkruosasid, mis sulanduvad nahal.<\/p>\n<p><strong>Kasutamine:<\/strong> Kandke \u00f5huke kiht kuivale ja puhastatud n\u00e4o- ja kaelanahale. Masseerige ringjate liigutustega sisse, emulgeeri veega ja masseeri \u00f5rnalt. Loputage hoolikalt veega. V\u00e4ltige silma\u00fcmbruse piirkonda.<\/p>\n<p>Toode sisaldab looduslikke koostisosi, mis v\u00f5ivad p\u00f5hjustada toote v\u00e4rvimuutust, ilma et see m\u00f5jutaks toote kvaliteeti.<\/p>\n","protected":false},"excerpt":{"rendered":"<p>Intensiivselt puhastav ja taastav suhkrukoorija annab nahale koheselt n\u00e4htava s\u00e4ra. Nahk muutub silmn\u00e4htavalt s\u00e4ravamaks. Selles sisalduv roheline tee on tuntud oma kaitsvate detox-omaduste poolest. Koorija parandab naha s\u00e4ra ja v\u00e4hendab pigmentatsiooni. Suhkur ja toorkakaopulber eemaldavad t\u00f5husalt surnud naharakud. Koorija on ens\u00fc\u00fcmne, sisaldades \u00f5rnu suhkruosasid, mis sulanduvad nahal. Kasutamine: Kandke \u00f5huke kiht kuivale ja puhastatud n\u00e4o- [&hellip;]<\/p>\n","protected":false},"featured_media":23761,"template":"","meta":{"_acf_changed":false},"product_cat":[291,247],"product_tag":[],"class_list":["post-23760","product","type-product","status-publish","has-post-thumbnail","hentry","product_cat-baehr-cosmetic","product_cat-koorijad"],"acf":[],"yoast_head":"<!-- This site is optimized with the Yoast SEO plugin v25.4 - https:\/\/yoast.com\/wordpress\/plugins\/seo\/ -->\n<title>Suhkrukoorija Roheline Tee 150Ml - Beauty Institute<\/title>\n<meta name=\"robots\" content=\"index, follow, max-snippet:-1, max-image-preview:large, max-video-preview:-1\" \/>\n<link rel=\"canonical\" href=\"https:\/\/beautyinstitute.ee\/toode\/suhkrukoorija-roheline-tee-150ml\/\" \/>\n<meta property=\"og:locale\" content=\"ru_RU\" \/>\n<meta property=\"og:type\" content=\"article\" \/>\n<meta property=\"og:title\" content=\"Suhkrukoorija Roheline Tee 150Ml - Beauty Institute\" \/>\n<meta property=\"og:description\" content=\"Intensiivselt puhastav ja taastav suhkrukoorija annab nahale koheselt n\u00e4htava s\u00e4ra. Nahk muutub silmn\u00e4htavalt s\u00e4ravamaks. Selles sisalduv roheline tee on tuntud oma kaitsvate detox-omaduste poolest. Koorija parandab naha s\u00e4ra ja v\u00e4hendab pigmentatsiooni. Suhkur ja toorkakaopulber eemaldavad t\u00f5husalt surnud naharakud. Koorija on ens\u00fc\u00fcmne, sisaldades \u00f5rnu suhkruosasid, mis sulanduvad nahal. Kasutamine: Kandke \u00f5huke kiht kuivale ja puhastatud n\u00e4o- [&hellip;]\" \/>\n<meta property=\"og:url\" content=\"https:\/\/beautyinstitute.ee\/toode\/suhkrukoorija-roheline-tee-150ml\/\" \/>\n<meta property=\"og:site_name\" content=\"Beauty Institute\" \/>\n<meta property=\"article:modified_time\" content=\"2026-03-26T07:06:50+00:00\" \/>\n<meta property=\"og:image\" content=\"https:\/\/beautyinstitute.ee\/wp-content\/uploads\/2023\/06\/zuckerpeeling-gr-ner-tee_25179_1280x1280@2x.png\" \/>\n\t<meta property=\"og:image:width\" content=\"2095\" \/>\n\t<meta property=\"og:image:height\" content=\"2095\" \/>\n\t<meta property=\"og:image:type\" content=\"image\/png\" \/>\n<meta name=\"twitter:card\" content=\"summary_large_image\" \/>\n<meta name=\"twitter:site\" content=\"@Beauty_Eesti\" \/>\n<meta name=\"twitter:label1\" content=\"\u041f\u0440\u0438\u043c\u0435\u0440\u043d\u043e\u0435 \u0432\u0440\u0435\u043c\u044f \u0434\u043b\u044f \u0447\u0442\u0435\u043d\u0438\u044f\" \/>\n\t<meta name=\"twitter:data1\" content=\"1 \u043c\u0438\u043d\u0443\u0442\u0430\" \/>\n<script type=\"application\/ld+json\" class=\"yoast-schema-graph\">{\"@context\":\"https:\/\/schema.org\",\"@graph\":[{\"@type\":\"WebPage\",\"@id\":\"https:\/\/beautyinstitute.ee\/toode\/suhkrukoorija-roheline-tee-150ml\/\",\"url\":\"https:\/\/beautyinstitute.ee\/toode\/suhkrukoorija-roheline-tee-150ml\/\",\"name\":\"Suhkrukoorija Roheline Tee 150Ml - Beauty Institute\",\"isPartOf\":{\"@id\":\"https:\/\/beautyinstitute.ee\/#website\"},\"primaryImageOfPage\":{\"@id\":\"https:\/\/beautyinstitute.ee\/toode\/suhkrukoorija-roheline-tee-150ml\/#primaryimage\"},\"image\":{\"@id\":\"https:\/\/beautyinstitute.ee\/toode\/suhkrukoorija-roheline-tee-150ml\/#primaryimage\"},\"thumbnailUrl\":\"https:\/\/beautyinstitute.ee\/wp-content\/uploads\/2023\/06\/zuckerpeeling-gr-ner-tee_25179_1280x1280@2x.png\",\"datePublished\":\"2023-06-13T10:39:50+00:00\",\"dateModified\":\"2026-03-26T07:06:50+00:00\",\"breadcrumb\":{\"@id\":\"https:\/\/beautyinstitute.ee\/toode\/suhkrukoorija-roheline-tee-150ml\/#breadcrumb\"},\"inLanguage\":\"ru-RU\",\"potentialAction\":[{\"@type\":\"ReadAction\",\"target\":[\"https:\/\/beautyinstitute.ee\/toode\/suhkrukoorija-roheline-tee-150ml\/\"]}]},{\"@type\":\"ImageObject\",\"inLanguage\":\"ru-RU\",\"@id\":\"https:\/\/beautyinstitute.ee\/toode\/suhkrukoorija-roheline-tee-150ml\/#primaryimage\",\"url\":\"https:\/\/beautyinstitute.ee\/wp-content\/uploads\/2023\/06\/zuckerpeeling-gr-ner-tee_25179_1280x1280@2x.png\",\"contentUrl\":\"https:\/\/beautyinstitute.ee\/wp-content\/uploads\/2023\/06\/zuckerpeeling-gr-ner-tee_25179_1280x1280@2x.png\",\"width\":2095,\"height\":2095},{\"@type\":\"BreadcrumbList\",\"@id\":\"https:\/\/beautyinstitute.ee\/toode\/suhkrukoorija-roheline-tee-150ml\/#breadcrumb\",\"itemListElement\":[{\"@type\":\"ListItem\",\"position\":1,\"name\":\"Home\",\"item\":\"https:\/\/beautyinstitute.ee\/ru\/\"},{\"@type\":\"ListItem\",\"position\":2,\"name\":\"E-pood\",\"item\":\"https:\/\/beautyinstitute.ee\/e-pood\/\"},{\"@type\":\"ListItem\",\"position\":3,\"name\":\"Suhkrukoorija Roheline Tee 150Ml\"}]},{\"@type\":\"WebSite\",\"@id\":\"https:\/\/beautyinstitute.ee\/#website\",\"url\":\"https:\/\/beautyinstitute.ee\/\",\"name\":\"Beauty Institute\",\"description\":\"CNC Cosmetic ametlik maaletooja ja edasim\u00fc\u00fcja Eestis, Soomes, L\u00e4tis. Aparaadikosmeetika, koolitused, kosmeetikatooted.\",\"potentialAction\":[{\"@type\":\"SearchAction\",\"target\":{\"@type\":\"EntryPoint\",\"urlTemplate\":\"https:\/\/beautyinstitute.ee\/?s={search_term_string}\"},\"query-input\":{\"@type\":\"PropertyValueSpecification\",\"valueRequired\":true,\"valueName\":\"search_term_string\"}}],\"inLanguage\":\"ru-RU\"}]}<\/script>\n<!-- \/ Yoast SEO plugin. -->","yoast_head_json":{"title":"Suhkrukoorija Roheline Tee 150Ml - Beauty Institute","robots":{"index":"index","follow":"follow","max-snippet":"max-snippet:-1","max-image-preview":"max-image-preview:large","max-video-preview":"max-video-preview:-1"},"canonical":"https:\/\/beautyinstitute.ee\/toode\/suhkrukoorija-roheline-tee-150ml\/","og_locale":"ru_RU","og_type":"article","og_title":"Suhkrukoorija Roheline Tee 150Ml - Beauty Institute","og_description":"Intensiivselt puhastav ja taastav suhkrukoorija annab nahale koheselt n\u00e4htava s\u00e4ra. Nahk muutub silmn\u00e4htavalt s\u00e4ravamaks. Selles sisalduv roheline tee on tuntud oma kaitsvate detox-omaduste poolest. Koorija parandab naha s\u00e4ra ja v\u00e4hendab pigmentatsiooni. Suhkur ja toorkakaopulber eemaldavad t\u00f5husalt surnud naharakud. Koorija on ens\u00fc\u00fcmne, sisaldades \u00f5rnu suhkruosasid, mis sulanduvad nahal. Kasutamine: Kandke \u00f5huke kiht kuivale ja puhastatud n\u00e4o- [&hellip;]","og_url":"https:\/\/beautyinstitute.ee\/toode\/suhkrukoorija-roheline-tee-150ml\/","og_site_name":"Beauty Institute","article_modified_time":"2026-03-26T07:06:50+00:00","og_image":[{"width":2095,"height":2095,"url":"https:\/\/beautyinstitute.ee\/wp-content\/uploads\/2023\/06\/zuckerpeeling-gr-ner-tee_25179_1280x1280@2x.png","type":"image\/png"}],"twitter_card":"summary_large_image","twitter_site":"@Beauty_Eesti","twitter_misc":{"\u041f\u0440\u0438\u043c\u0435\u0440\u043d\u043e\u0435 \u0432\u0440\u0435\u043c\u044f \u0434\u043b\u044f \u0447\u0442\u0435\u043d\u0438\u044f":"1 \u043c\u0438\u043d\u0443\u0442\u0430"},"schema":{"@context":"https:\/\/schema.org","@graph":[{"@type":"WebPage","@id":"https:\/\/beautyinstitute.ee\/toode\/suhkrukoorija-roheline-tee-150ml\/","url":"https:\/\/beautyinstitute.ee\/toode\/suhkrukoorija-roheline-tee-150ml\/","name":"Suhkrukoorija Roheline Tee 150Ml - Beauty Institute","isPartOf":{"@id":"https:\/\/beautyinstitute.ee\/#website"},"primaryImageOfPage":{"@id":"https:\/\/beautyinstitute.ee\/toode\/suhkrukoorija-roheline-tee-150ml\/#primaryimage"},"image":{"@id":"https:\/\/beautyinstitute.ee\/toode\/suhkrukoorija-roheline-tee-150ml\/#primaryimage"},"thumbnailUrl":"https:\/\/beautyinstitute.ee\/wp-content\/uploads\/2023\/06\/zuckerpeeling-gr-ner-tee_25179_1280x1280@2x.png","datePublished":"2023-06-13T10:39:50+00:00","dateModified":"2026-03-26T07:06:50+00:00","breadcrumb":{"@id":"https:\/\/beautyinstitute.ee\/toode\/suhkrukoorija-roheline-tee-150ml\/#breadcrumb"},"inLanguage":"ru-RU","potentialAction":[{"@type":"ReadAction","target":["https:\/\/beautyinstitute.ee\/toode\/suhkrukoorija-roheline-tee-150ml\/"]}]},{"@type":"ImageObject","inLanguage":"ru-RU","@id":"https:\/\/beautyinstitute.ee\/toode\/suhkrukoorija-roheline-tee-150ml\/#primaryimage","url":"https:\/\/beautyinstitute.ee\/wp-content\/uploads\/2023\/06\/zuckerpeeling-gr-ner-tee_25179_1280x1280@2x.png","contentUrl":"https:\/\/beautyinstitute.ee\/wp-content\/uploads\/2023\/06\/zuckerpeeling-gr-ner-tee_25179_1280x1280@2x.png","width":2095,"height":2095},{"@type":"BreadcrumbList","@id":"https:\/\/beautyinstitute.ee\/toode\/suhkrukoorija-roheline-tee-150ml\/#breadcrumb","itemListElement":[{"@type":"ListItem","position":1,"name":"Home","item":"https:\/\/beautyinstitute.ee\/ru\/"},{"@type":"ListItem","position":2,"name":"E-pood","item":"https:\/\/beautyinstitute.ee\/e-pood\/"},{"@type":"ListItem","position":3,"name":"Suhkrukoorija Roheline Tee 150Ml"}]},{"@type":"WebSite","@id":"https:\/\/beautyinstitute.ee\/#website","url":"https:\/\/beautyinstitute.ee\/","name":"Beauty Institute","description":"CNC Cosmetic ametlik maaletooja ja edasim\u00fc\u00fcja Eestis, Soomes, L\u00e4tis. Aparaadikosmeetika, koolitused, kosmeetikatooted.","potentialAction":[{"@type":"SearchAction","target":{"@type":"EntryPoint","urlTemplate":"https:\/\/beautyinstitute.ee\/?s={search_term_string}"},"query-input":{"@type":"PropertyValueSpecification","valueRequired":true,"valueName":"search_term_string"}}],"inLanguage":"ru-RU"}]}},"_links":{"self":[{"href":"https:\/\/beautyinstitute.ee\/ru\/wp-json\/wp\/v2\/product\/23760","targetHints":{"allow":["GET"]}}],"collection":[{"href":"https:\/\/beautyinstitute.ee\/ru\/wp-json\/wp\/v2\/product"}],"about":[{"href":"https:\/\/beautyinstitute.ee\/ru\/wp-json\/wp\/v2\/types\/product"}],"wp:featuredmedia":[{"embeddable":true,"href":"https:\/\/beautyinstitute.ee\/ru\/wp-json\/wp\/v2\/media\/23761"}],"wp:attachment":[{"href":"https:\/\/beautyinstitute.ee\/ru\/wp-json\/wp\/v2\/media?parent=23760"}],"wp:term":[{"taxonomy":"product_cat","embeddable":true,"href":"https:\/\/beautyinstitute.ee\/ru\/wp-json\/wp\/v2\/product_cat?post=23760"},{"taxonomy":"product_tag","embeddable":true,"href":"https:\/\/beautyinstitute.ee\/ru\/wp-json\/wp\/v2\/product_tag?post=23760"}],"curies":[{"name":"wp","href":"https:\/\/api.w.org\/{rel}","templated":true}]}}