{"id":23776,"date":"2023-06-13T14:22:00","date_gmt":"2023-06-13T11:22:00","guid":{"rendered":"https:\/\/beautyinstitute.ee\/?post_type=product&#038;p=23776"},"modified":"2026-04-21T16:26:30","modified_gmt":"2026-04-21T13:26:30","slug":"sinnes-oase-fliismask-katele","status":"publish","type":"product","link":"https:\/\/beautyinstitute.ee\/ru\/toode\/sinnes-oase-fliismask-katele\/","title":{"rendered":"Sinnes Oase Fliismask K\u00e4tele"},"content":{"rendered":"<p id=\"tw-target-text\" class=\"tw-data-text tw-text-large tw-ta\" dir=\"ltr\" data-placeholder=\"T\u00f5lge\"><span class=\"Y2IQFc\" lang=\"et\">\u00a0Nautige seda ainulaadset k\u00e4tehooldust, pehmet puudutust. \u00dclirikas sheav\u00f5i ja makadaamia\u00f5li muudavad naha pehmeks ja elastseks. Antioks\u00fcdandid nagu sirelite ja edelweissi ekstraktid kaitsevad teid v\u00e4liste kahjustuste eest ja aitavad parandada olemasolevaid kahjustusi. Pol\u00fcsahhariid beetagl\u00fckaan aktiveerib naha uuenemise, et muuta see siledamaks. Ja meeltele: sidrunheina ja apelsini elustav, vabastav l\u00f5hn. Pane k\u00e4tte. L\u00f5\u00f5gastu. L\u00fclitu v\u00e4lja. <\/span><\/p>\n<p class=\"tw-data-text tw-text-large tw-ta\" dir=\"ltr\" data-placeholder=\"T\u00f5lge\"><span class=\"Y2IQFc\" lang=\"et\"><strong>Kasutamine:<\/strong> T\u00f5mmake fliiskindad puhastele ja kuivadele k\u00e4tele, vajutage vastu k\u00e4tt. Laske m\u00f5juda 20-30 minutit. Eemaldage fliis ja masseerige j\u00e4relej\u00e4\u00e4nud j\u00e4\u00e4k sisse.\u00a0<\/span><\/p>\n","protected":false},"excerpt":{"rendered":"<p>\u00a0Nautige seda ainulaadset k\u00e4tehooldust, pehmet puudutust. \u00dclirikas sheav\u00f5i ja makadaamia\u00f5li muudavad naha pehmeks ja elastseks. Antioks\u00fcdandid nagu sirelite ja edelweissi ekstraktid kaitsevad teid v\u00e4liste kahjustuste eest ja aitavad parandada olemasolevaid kahjustusi. Pol\u00fcsahhariid beetagl\u00fckaan aktiveerib naha uuenemise, et muuta see siledamaks. Ja meeltele: sidrunheina ja apelsini elustav, vabastav l\u00f5hn. Pane k\u00e4tte. L\u00f5\u00f5gastu. L\u00fclitu v\u00e4lja. Kasutamine: T\u00f5mmake [&hellip;]<\/p>\n","protected":false},"featured_media":23777,"template":"","meta":{"_acf_changed":false},"product_cat":[291,254],"product_tag":[],"class_list":["post-23776","product","type-product","status-publish","has-post-thumbnail","hentry","product_cat-baehr-cosmetic","product_cat-katehooldustooted"],"acf":[],"yoast_head":"<!-- This site is optimized with the Yoast SEO plugin v25.4 - https:\/\/yoast.com\/wordpress\/plugins\/seo\/ -->\n<title>Sinnes Oase Fliismask K\u00e4tele - Beauty Institute<\/title>\n<meta name=\"robots\" content=\"index, follow, max-snippet:-1, max-image-preview:large, max-video-preview:-1\" \/>\n<link rel=\"canonical\" href=\"https:\/\/beautyinstitute.ee\/toode\/sinnes-oase-fliismask-katele\/\" \/>\n<meta property=\"og:locale\" content=\"ru_RU\" \/>\n<meta property=\"og:type\" content=\"article\" \/>\n<meta property=\"og:title\" content=\"Sinnes Oase Fliismask K\u00e4tele - Beauty Institute\" \/>\n<meta property=\"og:description\" content=\"\u00a0Nautige seda ainulaadset k\u00e4tehooldust, pehmet puudutust. \u00dclirikas sheav\u00f5i ja makadaamia\u00f5li muudavad naha pehmeks ja elastseks. Antioks\u00fcdandid nagu sirelite ja edelweissi ekstraktid kaitsevad teid v\u00e4liste kahjustuste eest ja aitavad parandada olemasolevaid kahjustusi. Pol\u00fcsahhariid beetagl\u00fckaan aktiveerib naha uuenemise, et muuta see siledamaks. Ja meeltele: sidrunheina ja apelsini elustav, vabastav l\u00f5hn. Pane k\u00e4tte. L\u00f5\u00f5gastu. L\u00fclitu v\u00e4lja. Kasutamine: T\u00f5mmake [&hellip;]\" \/>\n<meta property=\"og:url\" content=\"https:\/\/beautyinstitute.ee\/toode\/sinnes-oase-fliismask-katele\/\" \/>\n<meta property=\"og:site_name\" content=\"Beauty Institute\" \/>\n<meta property=\"article:modified_time\" content=\"2026-04-21T13:26:30+00:00\" \/>\n<meta property=\"og:image\" content=\"https:\/\/beautyinstitute.ee\/wp-content\/uploads\/2023\/06\/sinnes-oase-hand-vliesmaske_25223.jpeg\" \/>\n\t<meta property=\"og:image:width\" content=\"1600\" \/>\n\t<meta property=\"og:image:height\" content=\"1600\" \/>\n\t<meta property=\"og:image:type\" content=\"image\/jpeg\" \/>\n<meta name=\"twitter:card\" content=\"summary_large_image\" \/>\n<meta name=\"twitter:site\" content=\"@Beauty_Eesti\" \/>\n<meta name=\"twitter:label1\" content=\"\u041f\u0440\u0438\u043c\u0435\u0440\u043d\u043e\u0435 \u0432\u0440\u0435\u043c\u044f \u0434\u043b\u044f \u0447\u0442\u0435\u043d\u0438\u044f\" \/>\n\t<meta name=\"twitter:data1\" content=\"1 \u043c\u0438\u043d\u0443\u0442\u0430\" \/>\n<script type=\"application\/ld+json\" class=\"yoast-schema-graph\">{\"@context\":\"https:\/\/schema.org\",\"@graph\":[{\"@type\":\"WebPage\",\"@id\":\"https:\/\/beautyinstitute.ee\/toode\/sinnes-oase-fliismask-katele\/\",\"url\":\"https:\/\/beautyinstitute.ee\/toode\/sinnes-oase-fliismask-katele\/\",\"name\":\"Sinnes Oase Fliismask K\u00e4tele - Beauty Institute\",\"isPartOf\":{\"@id\":\"https:\/\/beautyinstitute.ee\/#website\"},\"primaryImageOfPage\":{\"@id\":\"https:\/\/beautyinstitute.ee\/toode\/sinnes-oase-fliismask-katele\/#primaryimage\"},\"image\":{\"@id\":\"https:\/\/beautyinstitute.ee\/toode\/sinnes-oase-fliismask-katele\/#primaryimage\"},\"thumbnailUrl\":\"https:\/\/beautyinstitute.ee\/wp-content\/uploads\/2023\/06\/sinnes-oase-hand-vliesmaske_25223.jpeg\",\"datePublished\":\"2023-06-13T11:22:00+00:00\",\"dateModified\":\"2026-04-21T13:26:30+00:00\",\"breadcrumb\":{\"@id\":\"https:\/\/beautyinstitute.ee\/toode\/sinnes-oase-fliismask-katele\/#breadcrumb\"},\"inLanguage\":\"ru-RU\",\"potentialAction\":[{\"@type\":\"ReadAction\",\"target\":[\"https:\/\/beautyinstitute.ee\/toode\/sinnes-oase-fliismask-katele\/\"]}]},{\"@type\":\"ImageObject\",\"inLanguage\":\"ru-RU\",\"@id\":\"https:\/\/beautyinstitute.ee\/toode\/sinnes-oase-fliismask-katele\/#primaryimage\",\"url\":\"https:\/\/beautyinstitute.ee\/wp-content\/uploads\/2023\/06\/sinnes-oase-hand-vliesmaske_25223.jpeg\",\"contentUrl\":\"https:\/\/beautyinstitute.ee\/wp-content\/uploads\/2023\/06\/sinnes-oase-hand-vliesmaske_25223.jpeg\",\"width\":1600,\"height\":1600},{\"@type\":\"BreadcrumbList\",\"@id\":\"https:\/\/beautyinstitute.ee\/toode\/sinnes-oase-fliismask-katele\/#breadcrumb\",\"itemListElement\":[{\"@type\":\"ListItem\",\"position\":1,\"name\":\"Home\",\"item\":\"https:\/\/beautyinstitute.ee\/ru\/\"},{\"@type\":\"ListItem\",\"position\":2,\"name\":\"E-pood\",\"item\":\"https:\/\/beautyinstitute.ee\/e-pood\/\"},{\"@type\":\"ListItem\",\"position\":3,\"name\":\"Sinnes Oase Fliismask K\u00e4tele\"}]},{\"@type\":\"WebSite\",\"@id\":\"https:\/\/beautyinstitute.ee\/#website\",\"url\":\"https:\/\/beautyinstitute.ee\/\",\"name\":\"Beauty Institute\",\"description\":\"CNC Cosmetic ametlik maaletooja ja edasim\u00fc\u00fcja Eestis, Soomes, L\u00e4tis. Aparaadikosmeetika, koolitused, kosmeetikatooted.\",\"potentialAction\":[{\"@type\":\"SearchAction\",\"target\":{\"@type\":\"EntryPoint\",\"urlTemplate\":\"https:\/\/beautyinstitute.ee\/?s={search_term_string}\"},\"query-input\":{\"@type\":\"PropertyValueSpecification\",\"valueRequired\":true,\"valueName\":\"search_term_string\"}}],\"inLanguage\":\"ru-RU\"}]}<\/script>\n<!-- \/ Yoast SEO plugin. -->","yoast_head_json":{"title":"Sinnes Oase Fliismask K\u00e4tele - Beauty Institute","robots":{"index":"index","follow":"follow","max-snippet":"max-snippet:-1","max-image-preview":"max-image-preview:large","max-video-preview":"max-video-preview:-1"},"canonical":"https:\/\/beautyinstitute.ee\/toode\/sinnes-oase-fliismask-katele\/","og_locale":"ru_RU","og_type":"article","og_title":"Sinnes Oase Fliismask K\u00e4tele - Beauty Institute","og_description":"\u00a0Nautige seda ainulaadset k\u00e4tehooldust, pehmet puudutust. \u00dclirikas sheav\u00f5i ja makadaamia\u00f5li muudavad naha pehmeks ja elastseks. Antioks\u00fcdandid nagu sirelite ja edelweissi ekstraktid kaitsevad teid v\u00e4liste kahjustuste eest ja aitavad parandada olemasolevaid kahjustusi. Pol\u00fcsahhariid beetagl\u00fckaan aktiveerib naha uuenemise, et muuta see siledamaks. Ja meeltele: sidrunheina ja apelsini elustav, vabastav l\u00f5hn. Pane k\u00e4tte. L\u00f5\u00f5gastu. L\u00fclitu v\u00e4lja. Kasutamine: T\u00f5mmake [&hellip;]","og_url":"https:\/\/beautyinstitute.ee\/toode\/sinnes-oase-fliismask-katele\/","og_site_name":"Beauty Institute","article_modified_time":"2026-04-21T13:26:30+00:00","og_image":[{"width":1600,"height":1600,"url":"https:\/\/beautyinstitute.ee\/wp-content\/uploads\/2023\/06\/sinnes-oase-hand-vliesmaske_25223.jpeg","type":"image\/jpeg"}],"twitter_card":"summary_large_image","twitter_site":"@Beauty_Eesti","twitter_misc":{"\u041f\u0440\u0438\u043c\u0435\u0440\u043d\u043e\u0435 \u0432\u0440\u0435\u043c\u044f \u0434\u043b\u044f \u0447\u0442\u0435\u043d\u0438\u044f":"1 \u043c\u0438\u043d\u0443\u0442\u0430"},"schema":{"@context":"https:\/\/schema.org","@graph":[{"@type":"WebPage","@id":"https:\/\/beautyinstitute.ee\/toode\/sinnes-oase-fliismask-katele\/","url":"https:\/\/beautyinstitute.ee\/toode\/sinnes-oase-fliismask-katele\/","name":"Sinnes Oase Fliismask K\u00e4tele - Beauty Institute","isPartOf":{"@id":"https:\/\/beautyinstitute.ee\/#website"},"primaryImageOfPage":{"@id":"https:\/\/beautyinstitute.ee\/toode\/sinnes-oase-fliismask-katele\/#primaryimage"},"image":{"@id":"https:\/\/beautyinstitute.ee\/toode\/sinnes-oase-fliismask-katele\/#primaryimage"},"thumbnailUrl":"https:\/\/beautyinstitute.ee\/wp-content\/uploads\/2023\/06\/sinnes-oase-hand-vliesmaske_25223.jpeg","datePublished":"2023-06-13T11:22:00+00:00","dateModified":"2026-04-21T13:26:30+00:00","breadcrumb":{"@id":"https:\/\/beautyinstitute.ee\/toode\/sinnes-oase-fliismask-katele\/#breadcrumb"},"inLanguage":"ru-RU","potentialAction":[{"@type":"ReadAction","target":["https:\/\/beautyinstitute.ee\/toode\/sinnes-oase-fliismask-katele\/"]}]},{"@type":"ImageObject","inLanguage":"ru-RU","@id":"https:\/\/beautyinstitute.ee\/toode\/sinnes-oase-fliismask-katele\/#primaryimage","url":"https:\/\/beautyinstitute.ee\/wp-content\/uploads\/2023\/06\/sinnes-oase-hand-vliesmaske_25223.jpeg","contentUrl":"https:\/\/beautyinstitute.ee\/wp-content\/uploads\/2023\/06\/sinnes-oase-hand-vliesmaske_25223.jpeg","width":1600,"height":1600},{"@type":"BreadcrumbList","@id":"https:\/\/beautyinstitute.ee\/toode\/sinnes-oase-fliismask-katele\/#breadcrumb","itemListElement":[{"@type":"ListItem","position":1,"name":"Home","item":"https:\/\/beautyinstitute.ee\/ru\/"},{"@type":"ListItem","position":2,"name":"E-pood","item":"https:\/\/beautyinstitute.ee\/e-pood\/"},{"@type":"ListItem","position":3,"name":"Sinnes Oase Fliismask K\u00e4tele"}]},{"@type":"WebSite","@id":"https:\/\/beautyinstitute.ee\/#website","url":"https:\/\/beautyinstitute.ee\/","name":"Beauty Institute","description":"CNC Cosmetic ametlik maaletooja ja edasim\u00fc\u00fcja Eestis, Soomes, L\u00e4tis. Aparaadikosmeetika, koolitused, kosmeetikatooted.","potentialAction":[{"@type":"SearchAction","target":{"@type":"EntryPoint","urlTemplate":"https:\/\/beautyinstitute.ee\/?s={search_term_string}"},"query-input":{"@type":"PropertyValueSpecification","valueRequired":true,"valueName":"search_term_string"}}],"inLanguage":"ru-RU"}]}},"_links":{"self":[{"href":"https:\/\/beautyinstitute.ee\/ru\/wp-json\/wp\/v2\/product\/23776","targetHints":{"allow":["GET"]}}],"collection":[{"href":"https:\/\/beautyinstitute.ee\/ru\/wp-json\/wp\/v2\/product"}],"about":[{"href":"https:\/\/beautyinstitute.ee\/ru\/wp-json\/wp\/v2\/types\/product"}],"wp:featuredmedia":[{"embeddable":true,"href":"https:\/\/beautyinstitute.ee\/ru\/wp-json\/wp\/v2\/media\/23777"}],"wp:attachment":[{"href":"https:\/\/beautyinstitute.ee\/ru\/wp-json\/wp\/v2\/media?parent=23776"}],"wp:term":[{"taxonomy":"product_cat","embeddable":true,"href":"https:\/\/beautyinstitute.ee\/ru\/wp-json\/wp\/v2\/product_cat?post=23776"},{"taxonomy":"product_tag","embeddable":true,"href":"https:\/\/beautyinstitute.ee\/ru\/wp-json\/wp\/v2\/product_tag?post=23776"}],"curies":[{"name":"wp","href":"https:\/\/api.w.org\/{rel}","templated":true}]}}