{"id":23780,"date":"2023-06-13T15:04:55","date_gmt":"2023-06-13T12:04:55","guid":{"rendered":"https:\/\/beautyinstitute.ee\/?post_type=product&#038;p=23780"},"modified":"2026-04-14T12:18:04","modified_gmt":"2026-04-14T09:18:04","slug":"massaazialus-komplekt","status":"publish","type":"product","link":"https:\/\/beautyinstitute.ee\/ru\/toode\/massaazialus-komplekt\/","title":{"rendered":"Massaa\u017eialus Komplekt"},"content":{"rendered":"<p id=\"tw-target-text\" class=\"tw-data-text tw-text-large tw-ta\" dir=\"ltr\" data-placeholder=\"T\u00f5lge\"><span class=\"Y2IQFc\" lang=\"et\">T\u00e4iuslik massa\u017eikomplekt Creative Mix dekoratiivsel alusel.<\/span><\/p>\n<p class=\"tw-data-text tw-text-large tw-ta\" dir=\"ltr\" data-placeholder=\"T\u00f5lge\"><span class=\"Y2IQFc\" lang=\"et\">Saab kasutada vastavalt klientide individuaalsetele vajadustele: <\/span><\/p>\n<p class=\"tw-data-text tw-text-large tw-ta\" dir=\"ltr\" data-placeholder=\"T\u00f5lge\"><span class=\"Y2IQFc\" lang=\"et\">Aktiivsed kompleksid (taimeekstraktid\/eeterlike \u00f5lide segud) aktiveerivad koos massaa\u017eikreemiga spetsiifiliselt naha olulisi funktsioone. \u00a0<\/span><\/p>\n<p class=\"tw-data-text tw-text-large tw-ta\" dir=\"ltr\" data-placeholder=\"T\u00f5lge\"><span class=\"Y2IQFc\" lang=\"et\">Komplekti kuulub:<\/span><\/p>\n<ul>\n<li class=\"tw-data-text tw-text-large tw-ta\" dir=\"ltr\" data-placeholder=\"T\u00f5lge\"><span class=\"Y2IQFc\" lang=\"et\"> Massaa\u017eikreem 500 ml pumbaga purgis<\/span><\/li>\n<li class=\"tw-data-text tw-text-large tw-ta\" dir=\"ltr\" data-placeholder=\"T\u00f5lge\"><span class=\"Y2IQFc\" lang=\"et\">7 erinevat aktiivkompleksi 13 ml doseerimispudelis <\/span><\/li>\n<li class=\"tw-data-text tw-text-large tw-ta\" dir=\"ltr\" data-placeholder=\"T\u00f5lge\"><span class=\"Y2IQFc\" lang=\"et\">1 kauss segamiseks<\/span><\/li>\n<\/ul>\n<p><span class=\"Y2IQFc\" lang=\"et\">Sega 3-5 tilka massaa\u017eikreemi sisse \u00fche protseduuri kohta.<\/span><\/p>\n<p><span class=\"Y2IQFc\" lang=\"et\"><strong> M\u00e4rkus:<\/strong> \u00c4rge kasutage\u00a0eeterlikke \u00f5lisid raseduse ajal!<\/span><\/p>\n<p>AKTIV-KOMPLEX FETTIGE HAUT FLACON &#8211; rasune nahk<\/p>\n<p>Salvei, m\u00fcrt, k\u00fcpress, geraanium, t\u00fc\u00fcmian, rosmariin<\/p>\n<p>AKTIV-KOMPLEX MISCHHAUT FLACON -kombineeritud nahk<br \/>\nLavendel, kadakas, salvei, t\u00fc\u00fcmian, rosmariin, geranium<\/p>\n<p>AKTIV-KOMPLEX TROCKENE\/SENSIBLE HAUT- kuiv ja tundlik\u00a0nahk<br \/>\nToitev ja pehmendav magusmandli\u00f5li ja E-vitamiiniga, eeterlik \u00f5li: geranium<\/p>\n<p>AKTIV-KOMPLEX FEUCHTIGKEIT FLACON &#8211; niisutus\u00a0deh\u00fcdreeritud nahale<br \/>\nAvokaado\u00f5li ja lipiididega, eeterlikud \u00f5lid: Geranium, mandariin, apelsin, greip<\/p>\n<p>AKTIV-KOMPLEX OXYGENANT- kahvatu, stressis nahk<\/p>\n<p>P\u00e4evalille\u00f5liga, eeterlik \u00f5li: rosmariin<br \/>\nAKTIV-KOMPLEX STRAFFUNG-n\u00f5udlikule, k\u00fcpsele nahale<br \/>\navokaado\u00f5liga, \u00f5htune priimula\u00f5li, eeterlikud \u00f5lid: nt. sandlipuu, k\u00fcpress<\/p>\n<p>AKTIV-KOMPLEX HAUTBERUHIGUNG- rahustav,\u00a0naha punetuse korral<br \/>\nsarapuup\u00e4hkli- ja maisi\u00f5liga, eeterlikud \u00f5lid: k\u00fcpress, seeder ja rosmariin<\/p>\n","protected":false},"excerpt":{"rendered":"<p>T\u00e4iuslik massa\u017eikomplekt Creative Mix dekoratiivsel alusel. Saab kasutada vastavalt klientide individuaalsetele vajadustele: Aktiivsed kompleksid (taimeekstraktid\/eeterlike \u00f5lide segud) aktiveerivad koos massaa\u017eikreemiga spetsiifiliselt naha olulisi funktsioone. \u00a0 Komplekti kuulub: Massaa\u017eikreem 500 ml pumbaga purgis 7 erinevat aktiivkompleksi 13 ml doseerimispudelis 1 kauss segamiseks Sega 3-5 tilka massaa\u017eikreemi sisse \u00fche protseduuri kohta. M\u00e4rkus: \u00c4rge kasutage\u00a0eeterlikke \u00f5lisid raseduse ajal! [&hellip;]<\/p>\n","protected":false},"featured_media":23785,"template":"","meta":{"_acf_changed":false},"product_cat":[291,256],"product_tag":[],"class_list":["post-23780","product","type-product","status-publish","has-post-thumbnail","hentry","product_cat-baehr-cosmetic","product_cat-kehahooldustooted"],"acf":[],"yoast_head":"<!-- This site is optimized with the Yoast SEO plugin v25.4 - https:\/\/yoast.com\/wordpress\/plugins\/seo\/ -->\n<title>Massaa\u017eialus Komplekt - Beauty Institute<\/title>\n<meta name=\"robots\" content=\"index, follow, max-snippet:-1, max-image-preview:large, max-video-preview:-1\" \/>\n<link rel=\"canonical\" href=\"https:\/\/beautyinstitute.ee\/toode\/massaazialus-komplekt\/\" \/>\n<meta property=\"og:locale\" content=\"ru_RU\" \/>\n<meta property=\"og:type\" content=\"article\" \/>\n<meta property=\"og:title\" content=\"Massaa\u017eialus Komplekt - Beauty Institute\" \/>\n<meta property=\"og:description\" content=\"T\u00e4iuslik massa\u017eikomplekt Creative Mix dekoratiivsel alusel. Saab kasutada vastavalt klientide individuaalsetele vajadustele: Aktiivsed kompleksid (taimeekstraktid\/eeterlike \u00f5lide segud) aktiveerivad koos massaa\u017eikreemiga spetsiifiliselt naha olulisi funktsioone. \u00a0 Komplekti kuulub: Massaa\u017eikreem 500 ml pumbaga purgis 7 erinevat aktiivkompleksi 13 ml doseerimispudelis 1 kauss segamiseks Sega 3-5 tilka massaa\u017eikreemi sisse \u00fche protseduuri kohta. M\u00e4rkus: \u00c4rge kasutage\u00a0eeterlikke \u00f5lisid raseduse ajal! [&hellip;]\" \/>\n<meta property=\"og:url\" content=\"https:\/\/beautyinstitute.ee\/toode\/massaazialus-komplekt\/\" \/>\n<meta property=\"og:site_name\" content=\"Beauty Institute\" \/>\n<meta property=\"article:modified_time\" content=\"2026-04-14T09:18:04+00:00\" \/>\n<meta property=\"og:image\" content=\"https:\/\/beautyinstitute.ee\/wp-content\/uploads\/2023\/06\/creativ-mix-im-display_25090_3_1280x1280@2x-1024x1024.png\" \/>\n\t<meta property=\"og:image:width\" content=\"1024\" \/>\n\t<meta property=\"og:image:height\" content=\"1024\" \/>\n\t<meta property=\"og:image:type\" content=\"image\/png\" \/>\n<meta name=\"twitter:card\" content=\"summary_large_image\" \/>\n<meta name=\"twitter:site\" content=\"@Beauty_Eesti\" \/>\n<meta name=\"twitter:label1\" content=\"\u041f\u0440\u0438\u043c\u0435\u0440\u043d\u043e\u0435 \u0432\u0440\u0435\u043c\u044f \u0434\u043b\u044f \u0447\u0442\u0435\u043d\u0438\u044f\" \/>\n\t<meta name=\"twitter:data1\" content=\"1 \u043c\u0438\u043d\u0443\u0442\u0430\" \/>\n<script type=\"application\/ld+json\" class=\"yoast-schema-graph\">{\"@context\":\"https:\/\/schema.org\",\"@graph\":[{\"@type\":\"WebPage\",\"@id\":\"https:\/\/beautyinstitute.ee\/toode\/massaazialus-komplekt\/\",\"url\":\"https:\/\/beautyinstitute.ee\/toode\/massaazialus-komplekt\/\",\"name\":\"Massaa\u017eialus Komplekt - Beauty Institute\",\"isPartOf\":{\"@id\":\"https:\/\/beautyinstitute.ee\/#website\"},\"primaryImageOfPage\":{\"@id\":\"https:\/\/beautyinstitute.ee\/toode\/massaazialus-komplekt\/#primaryimage\"},\"image\":{\"@id\":\"https:\/\/beautyinstitute.ee\/toode\/massaazialus-komplekt\/#primaryimage\"},\"thumbnailUrl\":\"https:\/\/beautyinstitute.ee\/wp-content\/uploads\/2023\/06\/creativ-mix-im-display_25090_3_1280x1280@2x.png\",\"datePublished\":\"2023-06-13T12:04:55+00:00\",\"dateModified\":\"2026-04-14T09:18:04+00:00\",\"breadcrumb\":{\"@id\":\"https:\/\/beautyinstitute.ee\/toode\/massaazialus-komplekt\/#breadcrumb\"},\"inLanguage\":\"ru-RU\",\"potentialAction\":[{\"@type\":\"ReadAction\",\"target\":[\"https:\/\/beautyinstitute.ee\/toode\/massaazialus-komplekt\/\"]}]},{\"@type\":\"ImageObject\",\"inLanguage\":\"ru-RU\",\"@id\":\"https:\/\/beautyinstitute.ee\/toode\/massaazialus-komplekt\/#primaryimage\",\"url\":\"https:\/\/beautyinstitute.ee\/wp-content\/uploads\/2023\/06\/creativ-mix-im-display_25090_3_1280x1280@2x.png\",\"contentUrl\":\"https:\/\/beautyinstitute.ee\/wp-content\/uploads\/2023\/06\/creativ-mix-im-display_25090_3_1280x1280@2x.png\",\"width\":2560,\"height\":2560},{\"@type\":\"BreadcrumbList\",\"@id\":\"https:\/\/beautyinstitute.ee\/toode\/massaazialus-komplekt\/#breadcrumb\",\"itemListElement\":[{\"@type\":\"ListItem\",\"position\":1,\"name\":\"Home\",\"item\":\"https:\/\/beautyinstitute.ee\/ru\/\"},{\"@type\":\"ListItem\",\"position\":2,\"name\":\"E-pood\",\"item\":\"https:\/\/beautyinstitute.ee\/e-pood\/\"},{\"@type\":\"ListItem\",\"position\":3,\"name\":\"Massaa\u017eialus Komplekt\"}]},{\"@type\":\"WebSite\",\"@id\":\"https:\/\/beautyinstitute.ee\/#website\",\"url\":\"https:\/\/beautyinstitute.ee\/\",\"name\":\"Beauty Institute\",\"description\":\"CNC Cosmetic ametlik maaletooja ja edasim\u00fc\u00fcja Eestis, Soomes, L\u00e4tis. Aparaadikosmeetika, koolitused, kosmeetikatooted.\",\"potentialAction\":[{\"@type\":\"SearchAction\",\"target\":{\"@type\":\"EntryPoint\",\"urlTemplate\":\"https:\/\/beautyinstitute.ee\/?s={search_term_string}\"},\"query-input\":{\"@type\":\"PropertyValueSpecification\",\"valueRequired\":true,\"valueName\":\"search_term_string\"}}],\"inLanguage\":\"ru-RU\"}]}<\/script>\n<!-- \/ Yoast SEO plugin. -->","yoast_head_json":{"title":"Massaa\u017eialus Komplekt - Beauty Institute","robots":{"index":"index","follow":"follow","max-snippet":"max-snippet:-1","max-image-preview":"max-image-preview:large","max-video-preview":"max-video-preview:-1"},"canonical":"https:\/\/beautyinstitute.ee\/toode\/massaazialus-komplekt\/","og_locale":"ru_RU","og_type":"article","og_title":"Massaa\u017eialus Komplekt - Beauty Institute","og_description":"T\u00e4iuslik massa\u017eikomplekt Creative Mix dekoratiivsel alusel. Saab kasutada vastavalt klientide individuaalsetele vajadustele: Aktiivsed kompleksid (taimeekstraktid\/eeterlike \u00f5lide segud) aktiveerivad koos massaa\u017eikreemiga spetsiifiliselt naha olulisi funktsioone. \u00a0 Komplekti kuulub: Massaa\u017eikreem 500 ml pumbaga purgis 7 erinevat aktiivkompleksi 13 ml doseerimispudelis 1 kauss segamiseks Sega 3-5 tilka massaa\u017eikreemi sisse \u00fche protseduuri kohta. M\u00e4rkus: \u00c4rge kasutage\u00a0eeterlikke \u00f5lisid raseduse ajal! [&hellip;]","og_url":"https:\/\/beautyinstitute.ee\/toode\/massaazialus-komplekt\/","og_site_name":"Beauty Institute","article_modified_time":"2026-04-14T09:18:04+00:00","og_image":[{"width":1024,"height":1024,"url":"https:\/\/beautyinstitute.ee\/wp-content\/uploads\/2023\/06\/creativ-mix-im-display_25090_3_1280x1280@2x-1024x1024.png","type":"image\/png"}],"twitter_card":"summary_large_image","twitter_site":"@Beauty_Eesti","twitter_misc":{"\u041f\u0440\u0438\u043c\u0435\u0440\u043d\u043e\u0435 \u0432\u0440\u0435\u043c\u044f \u0434\u043b\u044f \u0447\u0442\u0435\u043d\u0438\u044f":"1 \u043c\u0438\u043d\u0443\u0442\u0430"},"schema":{"@context":"https:\/\/schema.org","@graph":[{"@type":"WebPage","@id":"https:\/\/beautyinstitute.ee\/toode\/massaazialus-komplekt\/","url":"https:\/\/beautyinstitute.ee\/toode\/massaazialus-komplekt\/","name":"Massaa\u017eialus Komplekt - Beauty Institute","isPartOf":{"@id":"https:\/\/beautyinstitute.ee\/#website"},"primaryImageOfPage":{"@id":"https:\/\/beautyinstitute.ee\/toode\/massaazialus-komplekt\/#primaryimage"},"image":{"@id":"https:\/\/beautyinstitute.ee\/toode\/massaazialus-komplekt\/#primaryimage"},"thumbnailUrl":"https:\/\/beautyinstitute.ee\/wp-content\/uploads\/2023\/06\/creativ-mix-im-display_25090_3_1280x1280@2x.png","datePublished":"2023-06-13T12:04:55+00:00","dateModified":"2026-04-14T09:18:04+00:00","breadcrumb":{"@id":"https:\/\/beautyinstitute.ee\/toode\/massaazialus-komplekt\/#breadcrumb"},"inLanguage":"ru-RU","potentialAction":[{"@type":"ReadAction","target":["https:\/\/beautyinstitute.ee\/toode\/massaazialus-komplekt\/"]}]},{"@type":"ImageObject","inLanguage":"ru-RU","@id":"https:\/\/beautyinstitute.ee\/toode\/massaazialus-komplekt\/#primaryimage","url":"https:\/\/beautyinstitute.ee\/wp-content\/uploads\/2023\/06\/creativ-mix-im-display_25090_3_1280x1280@2x.png","contentUrl":"https:\/\/beautyinstitute.ee\/wp-content\/uploads\/2023\/06\/creativ-mix-im-display_25090_3_1280x1280@2x.png","width":2560,"height":2560},{"@type":"BreadcrumbList","@id":"https:\/\/beautyinstitute.ee\/toode\/massaazialus-komplekt\/#breadcrumb","itemListElement":[{"@type":"ListItem","position":1,"name":"Home","item":"https:\/\/beautyinstitute.ee\/ru\/"},{"@type":"ListItem","position":2,"name":"E-pood","item":"https:\/\/beautyinstitute.ee\/e-pood\/"},{"@type":"ListItem","position":3,"name":"Massaa\u017eialus Komplekt"}]},{"@type":"WebSite","@id":"https:\/\/beautyinstitute.ee\/#website","url":"https:\/\/beautyinstitute.ee\/","name":"Beauty Institute","description":"CNC Cosmetic ametlik maaletooja ja edasim\u00fc\u00fcja Eestis, Soomes, L\u00e4tis. Aparaadikosmeetika, koolitused, kosmeetikatooted.","potentialAction":[{"@type":"SearchAction","target":{"@type":"EntryPoint","urlTemplate":"https:\/\/beautyinstitute.ee\/?s={search_term_string}"},"query-input":{"@type":"PropertyValueSpecification","valueRequired":true,"valueName":"search_term_string"}}],"inLanguage":"ru-RU"}]}},"_links":{"self":[{"href":"https:\/\/beautyinstitute.ee\/ru\/wp-json\/wp\/v2\/product\/23780","targetHints":{"allow":["GET"]}}],"collection":[{"href":"https:\/\/beautyinstitute.ee\/ru\/wp-json\/wp\/v2\/product"}],"about":[{"href":"https:\/\/beautyinstitute.ee\/ru\/wp-json\/wp\/v2\/types\/product"}],"wp:featuredmedia":[{"embeddable":true,"href":"https:\/\/beautyinstitute.ee\/ru\/wp-json\/wp\/v2\/media\/23785"}],"wp:attachment":[{"href":"https:\/\/beautyinstitute.ee\/ru\/wp-json\/wp\/v2\/media?parent=23780"}],"wp:term":[{"taxonomy":"product_cat","embeddable":true,"href":"https:\/\/beautyinstitute.ee\/ru\/wp-json\/wp\/v2\/product_cat?post=23780"},{"taxonomy":"product_tag","embeddable":true,"href":"https:\/\/beautyinstitute.ee\/ru\/wp-json\/wp\/v2\/product_tag?post=23780"}],"curies":[{"name":"wp","href":"https:\/\/api.w.org\/{rel}","templated":true}]}}