{"id":23808,"date":"2023-06-14T10:30:53","date_gmt":"2023-06-14T07:30:53","guid":{"rendered":"https:\/\/beautyinstitute.ee\/?post_type=product&#038;p=23808"},"modified":"2026-02-04T15:58:02","modified_gmt":"2026-02-04T13:58:02","slug":"dusivaht-200ml","status":"publish","type":"product","link":"https:\/\/beautyinstitute.ee\/ru\/toode\/dusivaht-200ml\/","title":{"rendered":"Du\u0161ivaht Sinnes Oase 200Ml"},"content":{"rendered":"<p id=\"tw-target-text\" class=\"tw-data-text tw-text-large tw-ta\" dir=\"ltr\" data-placeholder=\"T\u00f5lge\"><span class=\"Y2IQFc\" lang=\"et\">Laske end hellitada v\u00e4ga erilise du\u0161ielamusega! Rikkalik \u00a0du\u0161ivaht puhastab nahka \u00f5rnalt. Unikaalse koostisega \u00a0geel muutub \u00a0veega kokkupuutel kreemjaks vahuks. Toitev vaht sorbitooliga annab nahale niisutust imepehme tunde saamiseks. Sellele erakordsele du\u0161ihetkele lisab \u00a0sidrunheina ja apelsini\u00f5li l\u00f5hnaelamus, mis kosutab ja l\u00f5\u00f5gastab teid samal ajal. Igap\u00e4evane stress on kohe kadunud. <\/span><\/p>\n<p class=\"tw-data-text tw-text-large tw-ta\" dir=\"ltr\" data-placeholder=\"T\u00f5lge\"><span class=\"Y2IQFc\" lang=\"et\"><strong>Kasutamine:<\/strong>\u00a0 Jaotage du\u0161ivaht \u00fchtlaselt niiskele nahale ja nautige kreemjat vahtu oma nahal. Seej\u00e4rel loputage hoolikalt.<\/span><\/p>\n","protected":false},"excerpt":{"rendered":"<p>Laske end hellitada v\u00e4ga erilise du\u0161ielamusega! Rikkalik \u00a0du\u0161ivaht puhastab nahka \u00f5rnalt. Unikaalse koostisega \u00a0geel muutub \u00a0veega kokkupuutel kreemjaks vahuks. Toitev vaht sorbitooliga annab nahale niisutust imepehme tunde saamiseks. Sellele erakordsele du\u0161ihetkele lisab \u00a0sidrunheina ja apelsini\u00f5li l\u00f5hnaelamus, mis kosutab ja l\u00f5\u00f5gastab teid samal ajal. Igap\u00e4evane stress on kohe kadunud. Kasutamine:\u00a0 Jaotage du\u0161ivaht \u00fchtlaselt niiskele nahale ja [&hellip;]<\/p>\n","protected":false},"featured_media":23809,"template":"","meta":{"_acf_changed":false},"product_cat":[291,256],"product_tag":[],"class_list":["post-23808","product","type-product","status-publish","has-post-thumbnail","hentry","product_cat-baehr-cosmetic","product_cat-kehahooldustooted"],"acf":[],"yoast_head":"<!-- This site is optimized with the Yoast SEO plugin v25.4 - https:\/\/yoast.com\/wordpress\/plugins\/seo\/ -->\n<title>Du\u0161ivaht Sinnes Oase 200Ml - Beauty Institute<\/title>\n<meta name=\"robots\" content=\"index, follow, max-snippet:-1, max-image-preview:large, max-video-preview:-1\" \/>\n<link rel=\"canonical\" href=\"https:\/\/beautyinstitute.ee\/toode\/dusivaht-200ml\/\" \/>\n<meta property=\"og:locale\" content=\"ru_RU\" \/>\n<meta property=\"og:type\" content=\"article\" \/>\n<meta property=\"og:title\" content=\"Du\u0161ivaht Sinnes Oase 200Ml - Beauty Institute\" \/>\n<meta property=\"og:description\" content=\"Laske end hellitada v\u00e4ga erilise du\u0161ielamusega! Rikkalik \u00a0du\u0161ivaht puhastab nahka \u00f5rnalt. Unikaalse koostisega \u00a0geel muutub \u00a0veega kokkupuutel kreemjaks vahuks. Toitev vaht sorbitooliga annab nahale niisutust imepehme tunde saamiseks. Sellele erakordsele du\u0161ihetkele lisab \u00a0sidrunheina ja apelsini\u00f5li l\u00f5hnaelamus, mis kosutab ja l\u00f5\u00f5gastab teid samal ajal. Igap\u00e4evane stress on kohe kadunud. Kasutamine:\u00a0 Jaotage du\u0161ivaht \u00fchtlaselt niiskele nahale ja [&hellip;]\" \/>\n<meta property=\"og:url\" content=\"https:\/\/beautyinstitute.ee\/toode\/dusivaht-200ml\/\" \/>\n<meta property=\"og:site_name\" content=\"Beauty Institute\" \/>\n<meta property=\"article:modified_time\" content=\"2026-02-04T13:58:02+00:00\" \/>\n<meta property=\"og:image\" content=\"https:\/\/beautyinstitute.ee\/wp-content\/uploads\/2023\/06\/sinnes-oase-dusch-schaum_25240HZal4ZR76c2fW_1280x1280@2x.png\" \/>\n\t<meta property=\"og:image:width\" content=\"2500\" \/>\n\t<meta property=\"og:image:height\" content=\"2500\" \/>\n\t<meta property=\"og:image:type\" content=\"image\/png\" \/>\n<meta name=\"twitter:card\" content=\"summary_large_image\" \/>\n<meta name=\"twitter:site\" content=\"@Beauty_Eesti\" \/>\n<meta name=\"twitter:label1\" content=\"\u041f\u0440\u0438\u043c\u0435\u0440\u043d\u043e\u0435 \u0432\u0440\u0435\u043c\u044f \u0434\u043b\u044f \u0447\u0442\u0435\u043d\u0438\u044f\" \/>\n\t<meta name=\"twitter:data1\" content=\"1 \u043c\u0438\u043d\u0443\u0442\u0430\" \/>\n<script type=\"application\/ld+json\" class=\"yoast-schema-graph\">{\"@context\":\"https:\/\/schema.org\",\"@graph\":[{\"@type\":\"WebPage\",\"@id\":\"https:\/\/beautyinstitute.ee\/toode\/dusivaht-200ml\/\",\"url\":\"https:\/\/beautyinstitute.ee\/toode\/dusivaht-200ml\/\",\"name\":\"Du\u0161ivaht Sinnes Oase 200Ml - Beauty Institute\",\"isPartOf\":{\"@id\":\"https:\/\/beautyinstitute.ee\/#website\"},\"primaryImageOfPage\":{\"@id\":\"https:\/\/beautyinstitute.ee\/toode\/dusivaht-200ml\/#primaryimage\"},\"image\":{\"@id\":\"https:\/\/beautyinstitute.ee\/toode\/dusivaht-200ml\/#primaryimage\"},\"thumbnailUrl\":\"https:\/\/beautyinstitute.ee\/wp-content\/uploads\/2023\/06\/sinnes-oase-dusch-schaum_25240HZal4ZR76c2fW_1280x1280@2x.png\",\"datePublished\":\"2023-06-14T07:30:53+00:00\",\"dateModified\":\"2026-02-04T13:58:02+00:00\",\"breadcrumb\":{\"@id\":\"https:\/\/beautyinstitute.ee\/toode\/dusivaht-200ml\/#breadcrumb\"},\"inLanguage\":\"ru-RU\",\"potentialAction\":[{\"@type\":\"ReadAction\",\"target\":[\"https:\/\/beautyinstitute.ee\/toode\/dusivaht-200ml\/\"]}]},{\"@type\":\"ImageObject\",\"inLanguage\":\"ru-RU\",\"@id\":\"https:\/\/beautyinstitute.ee\/toode\/dusivaht-200ml\/#primaryimage\",\"url\":\"https:\/\/beautyinstitute.ee\/wp-content\/uploads\/2023\/06\/sinnes-oase-dusch-schaum_25240HZal4ZR76c2fW_1280x1280@2x.png\",\"contentUrl\":\"https:\/\/beautyinstitute.ee\/wp-content\/uploads\/2023\/06\/sinnes-oase-dusch-schaum_25240HZal4ZR76c2fW_1280x1280@2x.png\",\"width\":2500,\"height\":2500},{\"@type\":\"BreadcrumbList\",\"@id\":\"https:\/\/beautyinstitute.ee\/toode\/dusivaht-200ml\/#breadcrumb\",\"itemListElement\":[{\"@type\":\"ListItem\",\"position\":1,\"name\":\"Home\",\"item\":\"https:\/\/beautyinstitute.ee\/ru\/\"},{\"@type\":\"ListItem\",\"position\":2,\"name\":\"E-pood\",\"item\":\"https:\/\/beautyinstitute.ee\/e-pood\/\"},{\"@type\":\"ListItem\",\"position\":3,\"name\":\"Du\u0161ivaht Sinnes Oase 200Ml\"}]},{\"@type\":\"WebSite\",\"@id\":\"https:\/\/beautyinstitute.ee\/#website\",\"url\":\"https:\/\/beautyinstitute.ee\/\",\"name\":\"Beauty Institute\",\"description\":\"CNC Cosmetic ametlik maaletooja ja edasim\u00fc\u00fcja Eestis, Soomes, L\u00e4tis. Aparaadikosmeetika, koolitused, kosmeetikatooted.\",\"potentialAction\":[{\"@type\":\"SearchAction\",\"target\":{\"@type\":\"EntryPoint\",\"urlTemplate\":\"https:\/\/beautyinstitute.ee\/?s={search_term_string}\"},\"query-input\":{\"@type\":\"PropertyValueSpecification\",\"valueRequired\":true,\"valueName\":\"search_term_string\"}}],\"inLanguage\":\"ru-RU\"}]}<\/script>\n<!-- \/ Yoast SEO plugin. -->","yoast_head_json":{"title":"Du\u0161ivaht Sinnes Oase 200Ml - Beauty Institute","robots":{"index":"index","follow":"follow","max-snippet":"max-snippet:-1","max-image-preview":"max-image-preview:large","max-video-preview":"max-video-preview:-1"},"canonical":"https:\/\/beautyinstitute.ee\/toode\/dusivaht-200ml\/","og_locale":"ru_RU","og_type":"article","og_title":"Du\u0161ivaht Sinnes Oase 200Ml - Beauty Institute","og_description":"Laske end hellitada v\u00e4ga erilise du\u0161ielamusega! Rikkalik \u00a0du\u0161ivaht puhastab nahka \u00f5rnalt. Unikaalse koostisega \u00a0geel muutub \u00a0veega kokkupuutel kreemjaks vahuks. Toitev vaht sorbitooliga annab nahale niisutust imepehme tunde saamiseks. Sellele erakordsele du\u0161ihetkele lisab \u00a0sidrunheina ja apelsini\u00f5li l\u00f5hnaelamus, mis kosutab ja l\u00f5\u00f5gastab teid samal ajal. Igap\u00e4evane stress on kohe kadunud. Kasutamine:\u00a0 Jaotage du\u0161ivaht \u00fchtlaselt niiskele nahale ja [&hellip;]","og_url":"https:\/\/beautyinstitute.ee\/toode\/dusivaht-200ml\/","og_site_name":"Beauty Institute","article_modified_time":"2026-02-04T13:58:02+00:00","og_image":[{"width":2500,"height":2500,"url":"https:\/\/beautyinstitute.ee\/wp-content\/uploads\/2023\/06\/sinnes-oase-dusch-schaum_25240HZal4ZR76c2fW_1280x1280@2x.png","type":"image\/png"}],"twitter_card":"summary_large_image","twitter_site":"@Beauty_Eesti","twitter_misc":{"\u041f\u0440\u0438\u043c\u0435\u0440\u043d\u043e\u0435 \u0432\u0440\u0435\u043c\u044f \u0434\u043b\u044f \u0447\u0442\u0435\u043d\u0438\u044f":"1 \u043c\u0438\u043d\u0443\u0442\u0430"},"schema":{"@context":"https:\/\/schema.org","@graph":[{"@type":"WebPage","@id":"https:\/\/beautyinstitute.ee\/toode\/dusivaht-200ml\/","url":"https:\/\/beautyinstitute.ee\/toode\/dusivaht-200ml\/","name":"Du\u0161ivaht Sinnes Oase 200Ml - Beauty Institute","isPartOf":{"@id":"https:\/\/beautyinstitute.ee\/#website"},"primaryImageOfPage":{"@id":"https:\/\/beautyinstitute.ee\/toode\/dusivaht-200ml\/#primaryimage"},"image":{"@id":"https:\/\/beautyinstitute.ee\/toode\/dusivaht-200ml\/#primaryimage"},"thumbnailUrl":"https:\/\/beautyinstitute.ee\/wp-content\/uploads\/2023\/06\/sinnes-oase-dusch-schaum_25240HZal4ZR76c2fW_1280x1280@2x.png","datePublished":"2023-06-14T07:30:53+00:00","dateModified":"2026-02-04T13:58:02+00:00","breadcrumb":{"@id":"https:\/\/beautyinstitute.ee\/toode\/dusivaht-200ml\/#breadcrumb"},"inLanguage":"ru-RU","potentialAction":[{"@type":"ReadAction","target":["https:\/\/beautyinstitute.ee\/toode\/dusivaht-200ml\/"]}]},{"@type":"ImageObject","inLanguage":"ru-RU","@id":"https:\/\/beautyinstitute.ee\/toode\/dusivaht-200ml\/#primaryimage","url":"https:\/\/beautyinstitute.ee\/wp-content\/uploads\/2023\/06\/sinnes-oase-dusch-schaum_25240HZal4ZR76c2fW_1280x1280@2x.png","contentUrl":"https:\/\/beautyinstitute.ee\/wp-content\/uploads\/2023\/06\/sinnes-oase-dusch-schaum_25240HZal4ZR76c2fW_1280x1280@2x.png","width":2500,"height":2500},{"@type":"BreadcrumbList","@id":"https:\/\/beautyinstitute.ee\/toode\/dusivaht-200ml\/#breadcrumb","itemListElement":[{"@type":"ListItem","position":1,"name":"Home","item":"https:\/\/beautyinstitute.ee\/ru\/"},{"@type":"ListItem","position":2,"name":"E-pood","item":"https:\/\/beautyinstitute.ee\/e-pood\/"},{"@type":"ListItem","position":3,"name":"Du\u0161ivaht Sinnes Oase 200Ml"}]},{"@type":"WebSite","@id":"https:\/\/beautyinstitute.ee\/#website","url":"https:\/\/beautyinstitute.ee\/","name":"Beauty Institute","description":"CNC Cosmetic ametlik maaletooja ja edasim\u00fc\u00fcja Eestis, Soomes, L\u00e4tis. Aparaadikosmeetika, koolitused, kosmeetikatooted.","potentialAction":[{"@type":"SearchAction","target":{"@type":"EntryPoint","urlTemplate":"https:\/\/beautyinstitute.ee\/?s={search_term_string}"},"query-input":{"@type":"PropertyValueSpecification","valueRequired":true,"valueName":"search_term_string"}}],"inLanguage":"ru-RU"}]}},"_links":{"self":[{"href":"https:\/\/beautyinstitute.ee\/ru\/wp-json\/wp\/v2\/product\/23808","targetHints":{"allow":["GET"]}}],"collection":[{"href":"https:\/\/beautyinstitute.ee\/ru\/wp-json\/wp\/v2\/product"}],"about":[{"href":"https:\/\/beautyinstitute.ee\/ru\/wp-json\/wp\/v2\/types\/product"}],"wp:featuredmedia":[{"embeddable":true,"href":"https:\/\/beautyinstitute.ee\/ru\/wp-json\/wp\/v2\/media\/23809"}],"wp:attachment":[{"href":"https:\/\/beautyinstitute.ee\/ru\/wp-json\/wp\/v2\/media?parent=23808"}],"wp:term":[{"taxonomy":"product_cat","embeddable":true,"href":"https:\/\/beautyinstitute.ee\/ru\/wp-json\/wp\/v2\/product_cat?post=23808"},{"taxonomy":"product_tag","embeddable":true,"href":"https:\/\/beautyinstitute.ee\/ru\/wp-json\/wp\/v2\/product_tag?post=23808"}],"curies":[{"name":"wp","href":"https:\/\/api.w.org\/{rel}","templated":true}]}}