{"id":2381,"date":"2019-01-21T11:33:02","date_gmt":"2019-01-21T09:33:02","guid":{"rendered":"https:\/\/beautyinstitute.ee\/?post_type=product&#038;p=2381"},"modified":"2026-04-28T13:08:12","modified_gmt":"2026-04-28T10:08:12","slug":"crystal-deo-roll-on","status":"publish","type":"product","link":"https:\/\/beautyinstitute.ee\/ru\/toode\/crystal-deo-roll-on\/","title":{"rendered":"Men Relax Deo Roll"},"content":{"rendered":"<p><strong>Rulldeodorant meestele.<\/strong><\/p>\n<p>Aktiivse toimega deodorant sisaldab kristalle, mis annavad nahale pikaajalise kaitse. Deodorant ei sisalda l\u00f5hnaaineid ega keemilisi \u00fchendeid. Sobib kasutada ka v\u00e4ga tundliku naha puhul. Sisaldab v\u00e4rskendavat Aloe verat. Kaitse higistamise vastu 24 tundi.<\/p>\n<p><strong>Eelised:<\/strong><\/p>\n<ul>\n<li>ilma parf\u00fc\u00fcmide ja v\u00e4rvaineteta<\/li>\n<li>&#8220;must have&#8221; toode iga mehe jaoks<\/li>\n<\/ul>\n<p><strong>Sobilik<\/strong>: k\u00f5ikidele nahat\u00fc\u00fcpidele<\/p>\n<p><strong>Toimeained:<\/strong> aaloe veera ekstrakt<\/p>\n","protected":false},"excerpt":{"rendered":"<p>Rulldeodorant meestele. Aktiivse toimega deodorant sisaldab kristalle, mis annavad nahale pikaajalise kaitse. Deodorant ei sisalda l\u00f5hnaaineid ega keemilisi \u00fchendeid. Sobib kasutada ka v\u00e4ga tundliku naha puhul. Sisaldab v\u00e4rskendavat Aloe verat. Kaitse higistamise vastu 24 tundi. Eelised: ilma parf\u00fc\u00fcmide ja v\u00e4rvaineteta &#8220;must have&#8221; toode iga mehe jaoks Sobilik: k\u00f5ikidele nahat\u00fc\u00fcpidele Toimeained: aaloe veera ekstrakt<\/p>\n","protected":false},"featured_media":11989,"template":"","meta":{"_acf_changed":false},"product_cat":[256,114,132],"product_tag":[],"class_list":["post-2381","product","type-product","status-publish","has-post-thumbnail","hentry","product_cat-kehahooldustooted","product_cat-tootesarjad","product_cat-men-relax"],"acf":[],"yoast_head":"<!-- This site is optimized with the Yoast SEO plugin v25.4 - https:\/\/yoast.com\/wordpress\/plugins\/seo\/ -->\n<title>Men Relax Deo Roll - Beauty Institute<\/title>\n<meta name=\"robots\" content=\"index, follow, max-snippet:-1, max-image-preview:large, max-video-preview:-1\" \/>\n<link rel=\"canonical\" href=\"https:\/\/beautyinstitute.ee\/toode\/crystal-deo-roll-on\/\" \/>\n<meta property=\"og:locale\" content=\"ru_RU\" \/>\n<meta property=\"og:type\" content=\"article\" \/>\n<meta property=\"og:title\" content=\"Men Relax Deo Roll - Beauty Institute\" \/>\n<meta property=\"og:description\" content=\"Rulldeodorant meestele. Aktiivse toimega deodorant sisaldab kristalle, mis annavad nahale pikaajalise kaitse. Deodorant ei sisalda l\u00f5hnaaineid ega keemilisi \u00fchendeid. Sobib kasutada ka v\u00e4ga tundliku naha puhul. Sisaldab v\u00e4rskendavat Aloe verat. Kaitse higistamise vastu 24 tundi. Eelised: ilma parf\u00fc\u00fcmide ja v\u00e4rvaineteta &#8220;must have&#8221; toode iga mehe jaoks Sobilik: k\u00f5ikidele nahat\u00fc\u00fcpidele Toimeained: aaloe veera ekstrakt\" \/>\n<meta property=\"og:url\" content=\"https:\/\/beautyinstitute.ee\/toode\/crystal-deo-roll-on\/\" \/>\n<meta property=\"og:site_name\" content=\"Beauty Institute\" \/>\n<meta property=\"article:modified_time\" content=\"2026-04-28T10:08:12+00:00\" \/>\n<meta property=\"og:image\" content=\"https:\/\/beautyinstitute.ee\/wp-content\/uploads\/2019\/01\/MRelax-rolldeo.jpg\" \/>\n\t<meta property=\"og:image:width\" content=\"750\" \/>\n\t<meta property=\"og:image:height\" content=\"711\" \/>\n\t<meta property=\"og:image:type\" content=\"image\/jpeg\" \/>\n<meta name=\"twitter:card\" content=\"summary_large_image\" \/>\n<meta name=\"twitter:site\" content=\"@Beauty_Eesti\" \/>\n<meta name=\"twitter:label1\" content=\"\u041f\u0440\u0438\u043c\u0435\u0440\u043d\u043e\u0435 \u0432\u0440\u0435\u043c\u044f \u0434\u043b\u044f \u0447\u0442\u0435\u043d\u0438\u044f\" \/>\n\t<meta name=\"twitter:data1\" content=\"1 \u043c\u0438\u043d\u0443\u0442\u0430\" \/>\n<script type=\"application\/ld+json\" class=\"yoast-schema-graph\">{\"@context\":\"https:\/\/schema.org\",\"@graph\":[{\"@type\":\"WebPage\",\"@id\":\"https:\/\/beautyinstitute.ee\/toode\/crystal-deo-roll-on\/\",\"url\":\"https:\/\/beautyinstitute.ee\/toode\/crystal-deo-roll-on\/\",\"name\":\"Men Relax Deo Roll - Beauty Institute\",\"isPartOf\":{\"@id\":\"https:\/\/beautyinstitute.ee\/#website\"},\"primaryImageOfPage\":{\"@id\":\"https:\/\/beautyinstitute.ee\/toode\/crystal-deo-roll-on\/#primaryimage\"},\"image\":{\"@id\":\"https:\/\/beautyinstitute.ee\/toode\/crystal-deo-roll-on\/#primaryimage\"},\"thumbnailUrl\":\"https:\/\/beautyinstitute.ee\/wp-content\/uploads\/2019\/01\/MRelax-rolldeo.jpg\",\"datePublished\":\"2019-01-21T09:33:02+00:00\",\"dateModified\":\"2026-04-28T10:08:12+00:00\",\"breadcrumb\":{\"@id\":\"https:\/\/beautyinstitute.ee\/toode\/crystal-deo-roll-on\/#breadcrumb\"},\"inLanguage\":\"ru-RU\",\"potentialAction\":[{\"@type\":\"ReadAction\",\"target\":[\"https:\/\/beautyinstitute.ee\/toode\/crystal-deo-roll-on\/\"]}]},{\"@type\":\"ImageObject\",\"inLanguage\":\"ru-RU\",\"@id\":\"https:\/\/beautyinstitute.ee\/toode\/crystal-deo-roll-on\/#primaryimage\",\"url\":\"https:\/\/beautyinstitute.ee\/wp-content\/uploads\/2019\/01\/MRelax-rolldeo.jpg\",\"contentUrl\":\"https:\/\/beautyinstitute.ee\/wp-content\/uploads\/2019\/01\/MRelax-rolldeo.jpg\",\"width\":750,\"height\":711},{\"@type\":\"BreadcrumbList\",\"@id\":\"https:\/\/beautyinstitute.ee\/toode\/crystal-deo-roll-on\/#breadcrumb\",\"itemListElement\":[{\"@type\":\"ListItem\",\"position\":1,\"name\":\"Home\",\"item\":\"https:\/\/beautyinstitute.ee\/ru\/\"},{\"@type\":\"ListItem\",\"position\":2,\"name\":\"E-pood\",\"item\":\"https:\/\/beautyinstitute.ee\/e-pood\/\"},{\"@type\":\"ListItem\",\"position\":3,\"name\":\"Men Relax Deo Roll\"}]},{\"@type\":\"WebSite\",\"@id\":\"https:\/\/beautyinstitute.ee\/#website\",\"url\":\"https:\/\/beautyinstitute.ee\/\",\"name\":\"Beauty Institute\",\"description\":\"CNC Cosmetic ametlik maaletooja ja edasim\u00fc\u00fcja Eestis, Soomes, L\u00e4tis. Aparaadikosmeetika, koolitused, kosmeetikatooted.\",\"potentialAction\":[{\"@type\":\"SearchAction\",\"target\":{\"@type\":\"EntryPoint\",\"urlTemplate\":\"https:\/\/beautyinstitute.ee\/?s={search_term_string}\"},\"query-input\":{\"@type\":\"PropertyValueSpecification\",\"valueRequired\":true,\"valueName\":\"search_term_string\"}}],\"inLanguage\":\"ru-RU\"}]}<\/script>\n<!-- \/ Yoast SEO plugin. -->","yoast_head_json":{"title":"Men Relax Deo Roll - Beauty Institute","robots":{"index":"index","follow":"follow","max-snippet":"max-snippet:-1","max-image-preview":"max-image-preview:large","max-video-preview":"max-video-preview:-1"},"canonical":"https:\/\/beautyinstitute.ee\/toode\/crystal-deo-roll-on\/","og_locale":"ru_RU","og_type":"article","og_title":"Men Relax Deo Roll - Beauty Institute","og_description":"Rulldeodorant meestele. Aktiivse toimega deodorant sisaldab kristalle, mis annavad nahale pikaajalise kaitse. Deodorant ei sisalda l\u00f5hnaaineid ega keemilisi \u00fchendeid. Sobib kasutada ka v\u00e4ga tundliku naha puhul. Sisaldab v\u00e4rskendavat Aloe verat. Kaitse higistamise vastu 24 tundi. Eelised: ilma parf\u00fc\u00fcmide ja v\u00e4rvaineteta &#8220;must have&#8221; toode iga mehe jaoks Sobilik: k\u00f5ikidele nahat\u00fc\u00fcpidele Toimeained: aaloe veera ekstrakt","og_url":"https:\/\/beautyinstitute.ee\/toode\/crystal-deo-roll-on\/","og_site_name":"Beauty Institute","article_modified_time":"2026-04-28T10:08:12+00:00","og_image":[{"width":750,"height":711,"url":"https:\/\/beautyinstitute.ee\/wp-content\/uploads\/2019\/01\/MRelax-rolldeo.jpg","type":"image\/jpeg"}],"twitter_card":"summary_large_image","twitter_site":"@Beauty_Eesti","twitter_misc":{"\u041f\u0440\u0438\u043c\u0435\u0440\u043d\u043e\u0435 \u0432\u0440\u0435\u043c\u044f \u0434\u043b\u044f \u0447\u0442\u0435\u043d\u0438\u044f":"1 \u043c\u0438\u043d\u0443\u0442\u0430"},"schema":{"@context":"https:\/\/schema.org","@graph":[{"@type":"WebPage","@id":"https:\/\/beautyinstitute.ee\/toode\/crystal-deo-roll-on\/","url":"https:\/\/beautyinstitute.ee\/toode\/crystal-deo-roll-on\/","name":"Men Relax Deo Roll - Beauty Institute","isPartOf":{"@id":"https:\/\/beautyinstitute.ee\/#website"},"primaryImageOfPage":{"@id":"https:\/\/beautyinstitute.ee\/toode\/crystal-deo-roll-on\/#primaryimage"},"image":{"@id":"https:\/\/beautyinstitute.ee\/toode\/crystal-deo-roll-on\/#primaryimage"},"thumbnailUrl":"https:\/\/beautyinstitute.ee\/wp-content\/uploads\/2019\/01\/MRelax-rolldeo.jpg","datePublished":"2019-01-21T09:33:02+00:00","dateModified":"2026-04-28T10:08:12+00:00","breadcrumb":{"@id":"https:\/\/beautyinstitute.ee\/toode\/crystal-deo-roll-on\/#breadcrumb"},"inLanguage":"ru-RU","potentialAction":[{"@type":"ReadAction","target":["https:\/\/beautyinstitute.ee\/toode\/crystal-deo-roll-on\/"]}]},{"@type":"ImageObject","inLanguage":"ru-RU","@id":"https:\/\/beautyinstitute.ee\/toode\/crystal-deo-roll-on\/#primaryimage","url":"https:\/\/beautyinstitute.ee\/wp-content\/uploads\/2019\/01\/MRelax-rolldeo.jpg","contentUrl":"https:\/\/beautyinstitute.ee\/wp-content\/uploads\/2019\/01\/MRelax-rolldeo.jpg","width":750,"height":711},{"@type":"BreadcrumbList","@id":"https:\/\/beautyinstitute.ee\/toode\/crystal-deo-roll-on\/#breadcrumb","itemListElement":[{"@type":"ListItem","position":1,"name":"Home","item":"https:\/\/beautyinstitute.ee\/ru\/"},{"@type":"ListItem","position":2,"name":"E-pood","item":"https:\/\/beautyinstitute.ee\/e-pood\/"},{"@type":"ListItem","position":3,"name":"Men Relax Deo Roll"}]},{"@type":"WebSite","@id":"https:\/\/beautyinstitute.ee\/#website","url":"https:\/\/beautyinstitute.ee\/","name":"Beauty Institute","description":"CNC Cosmetic ametlik maaletooja ja edasim\u00fc\u00fcja Eestis, Soomes, L\u00e4tis. Aparaadikosmeetika, koolitused, kosmeetikatooted.","potentialAction":[{"@type":"SearchAction","target":{"@type":"EntryPoint","urlTemplate":"https:\/\/beautyinstitute.ee\/?s={search_term_string}"},"query-input":{"@type":"PropertyValueSpecification","valueRequired":true,"valueName":"search_term_string"}}],"inLanguage":"ru-RU"}]}},"_links":{"self":[{"href":"https:\/\/beautyinstitute.ee\/ru\/wp-json\/wp\/v2\/product\/2381","targetHints":{"allow":["GET"]}}],"collection":[{"href":"https:\/\/beautyinstitute.ee\/ru\/wp-json\/wp\/v2\/product"}],"about":[{"href":"https:\/\/beautyinstitute.ee\/ru\/wp-json\/wp\/v2\/types\/product"}],"wp:featuredmedia":[{"embeddable":true,"href":"https:\/\/beautyinstitute.ee\/ru\/wp-json\/wp\/v2\/media\/11989"}],"wp:attachment":[{"href":"https:\/\/beautyinstitute.ee\/ru\/wp-json\/wp\/v2\/media?parent=2381"}],"wp:term":[{"taxonomy":"product_cat","embeddable":true,"href":"https:\/\/beautyinstitute.ee\/ru\/wp-json\/wp\/v2\/product_cat?post=2381"},{"taxonomy":"product_tag","embeddable":true,"href":"https:\/\/beautyinstitute.ee\/ru\/wp-json\/wp\/v2\/product_tag?post=2381"}],"curies":[{"name":"wp","href":"https:\/\/api.w.org\/{rel}","templated":true}]}}