{"id":23814,"date":"2023-06-14T10:55:58","date_gmt":"2023-06-14T07:55:58","guid":{"rendered":"https:\/\/beautyinstitute.ee\/?post_type=product&#038;p=23814"},"modified":"2025-11-11T11:24:39","modified_gmt":"2025-11-11T09:24:39","slug":"massaazi-essents-niisutav-13ml","status":"publish","type":"product","link":"https:\/\/beautyinstitute.ee\/ru\/toode\/massaazi-essents-niisutav-13ml\/","title":{"rendered":"Massaa\u017ei Essents Niisutav 13Ml"},"content":{"rendered":"<p id=\"tw-target-text\" class=\"tw-data-text tw-text-large tw-ta\" dir=\"ltr\" data-placeholder=\"T\u00f5lge\"><span class=\"Y2IQFc\" lang=\"et\">Elustav massaa\u017e aktiivsete essentsidega deh\u00fcdreerunud nahale. Iga nahat\u00fc\u00fcbi jaoks kohandatud. Valite \u00fche seitsmest v\u00e4\u00e4rtuslikust aktiivkompleksist (taimeekstraktid\/eeterlike \u00f5lide segud) ja segate \u2013 olenevalt nahat\u00fc\u00fcbist \u2013 kliendi silme all individuaalse massaa\u017eikreemi. Massaa\u017ei k\u00e4igus aktiveerib koostoime aktiivsete komplekside olulisi nahafunktsioone ja toidab nahka optimaalselt.\u00a0<\/span><\/p>\n<p class=\"tw-data-text tw-text-large tw-ta\" dir=\"ltr\" data-placeholder=\"T\u00f5lge\"><span class=\"Y2IQFc\" lang=\"et\"><strong>NB!<\/strong>\u00a0Kasutage looduslikke ekstrakte ainult koos massaa\u017eikreemiga,\u00a0<\/span>3-5 tilka massaa\u017eikreemi sisse \u00fche protseduuri kohta.<\/p>\n<p>Toitev ja niisutav essents\u00a0avokaado\u00f5li ja lipiididega, eeterlikud \u00f5lid: \u00a0Geranium, mandariin, apelsin, greip<\/p>\n<p><strong>M\u00e4rkus:<\/strong> \u00c4rge kasutage\u00a0eeterlikke \u00f5lisid raseduse ajal!<\/p>\n<p>Saadaval ka massaa\u017ei baaskreem v\u00f5i stardikomlekt alusel.<\/p>\n","protected":false},"excerpt":{"rendered":"<p>Elustav massaa\u017e aktiivsete essentsidega deh\u00fcdreerunud nahale. Iga nahat\u00fc\u00fcbi jaoks kohandatud. Valite \u00fche seitsmest v\u00e4\u00e4rtuslikust aktiivkompleksist (taimeekstraktid\/eeterlike \u00f5lide segud) ja segate \u2013 olenevalt nahat\u00fc\u00fcbist \u2013 kliendi silme all individuaalse massaa\u017eikreemi. Massaa\u017ei k\u00e4igus aktiveerib koostoime aktiivsete komplekside olulisi nahafunktsioone ja toidab nahka optimaalselt.\u00a0 NB!\u00a0Kasutage looduslikke ekstrakte ainult koos massaa\u017eikreemiga,\u00a03-5 tilka massaa\u017eikreemi sisse \u00fche protseduuri kohta. Toitev ja [&hellip;]<\/p>\n","protected":false},"featured_media":23815,"template":"","meta":{"_acf_changed":false},"product_cat":[291],"product_tag":[],"class_list":["post-23814","product","type-product","status-publish","has-post-thumbnail","hentry","product_cat-baehr-cosmetic"],"acf":[],"yoast_head":"<!-- This site is optimized with the Yoast SEO plugin v25.4 - https:\/\/yoast.com\/wordpress\/plugins\/seo\/ -->\n<title>Massaa\u017ei Essents Niisutav 13Ml - Beauty Institute<\/title>\n<meta name=\"robots\" content=\"index, follow, max-snippet:-1, max-image-preview:large, max-video-preview:-1\" \/>\n<link rel=\"canonical\" href=\"https:\/\/beautyinstitute.ee\/toode\/massaazi-essents-niisutav-13ml\/\" \/>\n<meta property=\"og:locale\" content=\"ru_RU\" \/>\n<meta property=\"og:type\" content=\"article\" \/>\n<meta property=\"og:title\" content=\"Massaa\u017ei Essents Niisutav 13Ml - Beauty Institute\" \/>\n<meta property=\"og:description\" content=\"Elustav massaa\u017e aktiivsete essentsidega deh\u00fcdreerunud nahale. Iga nahat\u00fc\u00fcbi jaoks kohandatud. Valite \u00fche seitsmest v\u00e4\u00e4rtuslikust aktiivkompleksist (taimeekstraktid\/eeterlike \u00f5lide segud) ja segate \u2013 olenevalt nahat\u00fc\u00fcbist \u2013 kliendi silme all individuaalse massaa\u017eikreemi. Massaa\u017ei k\u00e4igus aktiveerib koostoime aktiivsete komplekside olulisi nahafunktsioone ja toidab nahka optimaalselt.\u00a0 NB!\u00a0Kasutage looduslikke ekstrakte ainult koos massaa\u017eikreemiga,\u00a03-5 tilka massaa\u017eikreemi sisse \u00fche protseduuri kohta. Toitev ja [&hellip;]\" \/>\n<meta property=\"og:url\" content=\"https:\/\/beautyinstitute.ee\/toode\/massaazi-essents-niisutav-13ml\/\" \/>\n<meta property=\"og:site_name\" content=\"Beauty Institute\" \/>\n<meta property=\"article:modified_time\" content=\"2025-11-11T09:24:39+00:00\" \/>\n<meta property=\"og:image\" content=\"https:\/\/beautyinstitute.ee\/wp-content\/uploads\/2023\/06\/aktiv-komplex-feuchtigkeit-flacon_25064_1280x1280@2x.png\" \/>\n\t<meta property=\"og:image:width\" content=\"2414\" \/>\n\t<meta property=\"og:image:height\" content=\"2414\" \/>\n\t<meta property=\"og:image:type\" content=\"image\/png\" \/>\n<meta name=\"twitter:card\" content=\"summary_large_image\" \/>\n<meta name=\"twitter:site\" content=\"@Beauty_Eesti\" \/>\n<meta name=\"twitter:label1\" content=\"\u041f\u0440\u0438\u043c\u0435\u0440\u043d\u043e\u0435 \u0432\u0440\u0435\u043c\u044f \u0434\u043b\u044f \u0447\u0442\u0435\u043d\u0438\u044f\" \/>\n\t<meta name=\"twitter:data1\" content=\"1 \u043c\u0438\u043d\u0443\u0442\u0430\" \/>\n<script type=\"application\/ld+json\" class=\"yoast-schema-graph\">{\"@context\":\"https:\/\/schema.org\",\"@graph\":[{\"@type\":\"WebPage\",\"@id\":\"https:\/\/beautyinstitute.ee\/toode\/massaazi-essents-niisutav-13ml\/\",\"url\":\"https:\/\/beautyinstitute.ee\/toode\/massaazi-essents-niisutav-13ml\/\",\"name\":\"Massaa\u017ei Essents Niisutav 13Ml - Beauty Institute\",\"isPartOf\":{\"@id\":\"https:\/\/beautyinstitute.ee\/#website\"},\"primaryImageOfPage\":{\"@id\":\"https:\/\/beautyinstitute.ee\/toode\/massaazi-essents-niisutav-13ml\/#primaryimage\"},\"image\":{\"@id\":\"https:\/\/beautyinstitute.ee\/toode\/massaazi-essents-niisutav-13ml\/#primaryimage\"},\"thumbnailUrl\":\"https:\/\/beautyinstitute.ee\/wp-content\/uploads\/2023\/06\/aktiv-komplex-feuchtigkeit-flacon_25064_1280x1280@2x.png\",\"datePublished\":\"2023-06-14T07:55:58+00:00\",\"dateModified\":\"2025-11-11T09:24:39+00:00\",\"breadcrumb\":{\"@id\":\"https:\/\/beautyinstitute.ee\/toode\/massaazi-essents-niisutav-13ml\/#breadcrumb\"},\"inLanguage\":\"ru-RU\",\"potentialAction\":[{\"@type\":\"ReadAction\",\"target\":[\"https:\/\/beautyinstitute.ee\/toode\/massaazi-essents-niisutav-13ml\/\"]}]},{\"@type\":\"ImageObject\",\"inLanguage\":\"ru-RU\",\"@id\":\"https:\/\/beautyinstitute.ee\/toode\/massaazi-essents-niisutav-13ml\/#primaryimage\",\"url\":\"https:\/\/beautyinstitute.ee\/wp-content\/uploads\/2023\/06\/aktiv-komplex-feuchtigkeit-flacon_25064_1280x1280@2x.png\",\"contentUrl\":\"https:\/\/beautyinstitute.ee\/wp-content\/uploads\/2023\/06\/aktiv-komplex-feuchtigkeit-flacon_25064_1280x1280@2x.png\",\"width\":2414,\"height\":2414},{\"@type\":\"BreadcrumbList\",\"@id\":\"https:\/\/beautyinstitute.ee\/toode\/massaazi-essents-niisutav-13ml\/#breadcrumb\",\"itemListElement\":[{\"@type\":\"ListItem\",\"position\":1,\"name\":\"Home\",\"item\":\"https:\/\/beautyinstitute.ee\/ru\/\"},{\"@type\":\"ListItem\",\"position\":2,\"name\":\"E-pood\",\"item\":\"https:\/\/beautyinstitute.ee\/e-pood\/\"},{\"@type\":\"ListItem\",\"position\":3,\"name\":\"Massaa\u017ei Essents Niisutav 13Ml\"}]},{\"@type\":\"WebSite\",\"@id\":\"https:\/\/beautyinstitute.ee\/#website\",\"url\":\"https:\/\/beautyinstitute.ee\/\",\"name\":\"Beauty Institute\",\"description\":\"CNC Cosmetic ametlik maaletooja ja edasim\u00fc\u00fcja Eestis, Soomes, L\u00e4tis. Aparaadikosmeetika, koolitused, kosmeetikatooted.\",\"potentialAction\":[{\"@type\":\"SearchAction\",\"target\":{\"@type\":\"EntryPoint\",\"urlTemplate\":\"https:\/\/beautyinstitute.ee\/?s={search_term_string}\"},\"query-input\":{\"@type\":\"PropertyValueSpecification\",\"valueRequired\":true,\"valueName\":\"search_term_string\"}}],\"inLanguage\":\"ru-RU\"}]}<\/script>\n<!-- \/ Yoast SEO plugin. -->","yoast_head_json":{"title":"Massaa\u017ei Essents Niisutav 13Ml - Beauty Institute","robots":{"index":"index","follow":"follow","max-snippet":"max-snippet:-1","max-image-preview":"max-image-preview:large","max-video-preview":"max-video-preview:-1"},"canonical":"https:\/\/beautyinstitute.ee\/toode\/massaazi-essents-niisutav-13ml\/","og_locale":"ru_RU","og_type":"article","og_title":"Massaa\u017ei Essents Niisutav 13Ml - Beauty Institute","og_description":"Elustav massaa\u017e aktiivsete essentsidega deh\u00fcdreerunud nahale. Iga nahat\u00fc\u00fcbi jaoks kohandatud. Valite \u00fche seitsmest v\u00e4\u00e4rtuslikust aktiivkompleksist (taimeekstraktid\/eeterlike \u00f5lide segud) ja segate \u2013 olenevalt nahat\u00fc\u00fcbist \u2013 kliendi silme all individuaalse massaa\u017eikreemi. Massaa\u017ei k\u00e4igus aktiveerib koostoime aktiivsete komplekside olulisi nahafunktsioone ja toidab nahka optimaalselt.\u00a0 NB!\u00a0Kasutage looduslikke ekstrakte ainult koos massaa\u017eikreemiga,\u00a03-5 tilka massaa\u017eikreemi sisse \u00fche protseduuri kohta. Toitev ja [&hellip;]","og_url":"https:\/\/beautyinstitute.ee\/toode\/massaazi-essents-niisutav-13ml\/","og_site_name":"Beauty Institute","article_modified_time":"2025-11-11T09:24:39+00:00","og_image":[{"width":2414,"height":2414,"url":"https:\/\/beautyinstitute.ee\/wp-content\/uploads\/2023\/06\/aktiv-komplex-feuchtigkeit-flacon_25064_1280x1280@2x.png","type":"image\/png"}],"twitter_card":"summary_large_image","twitter_site":"@Beauty_Eesti","twitter_misc":{"\u041f\u0440\u0438\u043c\u0435\u0440\u043d\u043e\u0435 \u0432\u0440\u0435\u043c\u044f \u0434\u043b\u044f \u0447\u0442\u0435\u043d\u0438\u044f":"1 \u043c\u0438\u043d\u0443\u0442\u0430"},"schema":{"@context":"https:\/\/schema.org","@graph":[{"@type":"WebPage","@id":"https:\/\/beautyinstitute.ee\/toode\/massaazi-essents-niisutav-13ml\/","url":"https:\/\/beautyinstitute.ee\/toode\/massaazi-essents-niisutav-13ml\/","name":"Massaa\u017ei Essents Niisutav 13Ml - Beauty Institute","isPartOf":{"@id":"https:\/\/beautyinstitute.ee\/#website"},"primaryImageOfPage":{"@id":"https:\/\/beautyinstitute.ee\/toode\/massaazi-essents-niisutav-13ml\/#primaryimage"},"image":{"@id":"https:\/\/beautyinstitute.ee\/toode\/massaazi-essents-niisutav-13ml\/#primaryimage"},"thumbnailUrl":"https:\/\/beautyinstitute.ee\/wp-content\/uploads\/2023\/06\/aktiv-komplex-feuchtigkeit-flacon_25064_1280x1280@2x.png","datePublished":"2023-06-14T07:55:58+00:00","dateModified":"2025-11-11T09:24:39+00:00","breadcrumb":{"@id":"https:\/\/beautyinstitute.ee\/toode\/massaazi-essents-niisutav-13ml\/#breadcrumb"},"inLanguage":"ru-RU","potentialAction":[{"@type":"ReadAction","target":["https:\/\/beautyinstitute.ee\/toode\/massaazi-essents-niisutav-13ml\/"]}]},{"@type":"ImageObject","inLanguage":"ru-RU","@id":"https:\/\/beautyinstitute.ee\/toode\/massaazi-essents-niisutav-13ml\/#primaryimage","url":"https:\/\/beautyinstitute.ee\/wp-content\/uploads\/2023\/06\/aktiv-komplex-feuchtigkeit-flacon_25064_1280x1280@2x.png","contentUrl":"https:\/\/beautyinstitute.ee\/wp-content\/uploads\/2023\/06\/aktiv-komplex-feuchtigkeit-flacon_25064_1280x1280@2x.png","width":2414,"height":2414},{"@type":"BreadcrumbList","@id":"https:\/\/beautyinstitute.ee\/toode\/massaazi-essents-niisutav-13ml\/#breadcrumb","itemListElement":[{"@type":"ListItem","position":1,"name":"Home","item":"https:\/\/beautyinstitute.ee\/ru\/"},{"@type":"ListItem","position":2,"name":"E-pood","item":"https:\/\/beautyinstitute.ee\/e-pood\/"},{"@type":"ListItem","position":3,"name":"Massaa\u017ei Essents Niisutav 13Ml"}]},{"@type":"WebSite","@id":"https:\/\/beautyinstitute.ee\/#website","url":"https:\/\/beautyinstitute.ee\/","name":"Beauty Institute","description":"CNC Cosmetic ametlik maaletooja ja edasim\u00fc\u00fcja Eestis, Soomes, L\u00e4tis. Aparaadikosmeetika, koolitused, kosmeetikatooted.","potentialAction":[{"@type":"SearchAction","target":{"@type":"EntryPoint","urlTemplate":"https:\/\/beautyinstitute.ee\/?s={search_term_string}"},"query-input":{"@type":"PropertyValueSpecification","valueRequired":true,"valueName":"search_term_string"}}],"inLanguage":"ru-RU"}]}},"_links":{"self":[{"href":"https:\/\/beautyinstitute.ee\/ru\/wp-json\/wp\/v2\/product\/23814","targetHints":{"allow":["GET"]}}],"collection":[{"href":"https:\/\/beautyinstitute.ee\/ru\/wp-json\/wp\/v2\/product"}],"about":[{"href":"https:\/\/beautyinstitute.ee\/ru\/wp-json\/wp\/v2\/types\/product"}],"wp:featuredmedia":[{"embeddable":true,"href":"https:\/\/beautyinstitute.ee\/ru\/wp-json\/wp\/v2\/media\/23815"}],"wp:attachment":[{"href":"https:\/\/beautyinstitute.ee\/ru\/wp-json\/wp\/v2\/media?parent=23814"}],"wp:term":[{"taxonomy":"product_cat","embeddable":true,"href":"https:\/\/beautyinstitute.ee\/ru\/wp-json\/wp\/v2\/product_cat?post=23814"},{"taxonomy":"product_tag","embeddable":true,"href":"https:\/\/beautyinstitute.ee\/ru\/wp-json\/wp\/v2\/product_tag?post=23814"}],"curies":[{"name":"wp","href":"https:\/\/api.w.org\/{rel}","templated":true}]}}