{"id":23833,"date":"2023-06-14T13:23:53","date_gmt":"2023-06-14T10:23:53","guid":{"rendered":"https:\/\/beautyinstitute.ee\/?post_type=product&#038;p=23833"},"modified":"2025-12-16T11:11:44","modified_gmt":"2025-12-16T09:11:44","slug":"rubiiniga-4-molekulaarne-hualuroonseerum","status":"publish","type":"product","link":"https:\/\/beautyinstitute.ee\/ru\/toode\/rubiiniga-4-molekulaarne-hualuroonseerum\/","title":{"rendered":"Rubiiniga 4-Molekulaarne H\u00fcaluroonseerum"},"content":{"rendered":"<p id=\"tw-target-text\" class=\"tw-data-text tw-text-large tw-ta\" dir=\"ltr\" data-placeholder=\"T\u00f5lge\"><span class=\"Y2IQFc\" lang=\"et\">Luksuslik seerum kapseldatud rubiinipuudriga tagab nahale p\u00fcsiva ja intensiivse niisutuse ning v\u00e4hendab kiiresti ja n\u00e4htavalt kortse. \u00a0Punastes p\u00e4rlites sisalduv rubiinipulber omab ergutavat toimet. H\u00fcaluroonhape ja pantenool niisutavad nahka. K\u00f5rgmolekulaarne, madalmolekulaarne, ristseotud ja liposoomidesse kapseldatud h\u00fcaluroonhape tagab, et nahk n\u00e4eb v\u00e4lja prink ja nooruslikult pinguldatud. 4-kordne h\u00fcaluroonseerum annab nahale nooruslikuma v\u00e4limuse ja elastsuse. Seerum on dekoratiivsete \u00f5humullidega. <\/span><\/p>\n<p class=\"tw-data-text tw-text-large tw-ta\" dir=\"ltr\" data-placeholder=\"T\u00f5lge\"><span class=\"Y2IQFc\" lang=\"et\"><strong>Kasutamine:<\/strong>\u00a0Kandke v\u00e4ike kogus puhtale ja kuivale nahale hommikul ja \u00f5htul. Masseerige kergelt sisse. Peale kandke kreemi.<\/span><\/p>\n<p class=\"tw-data-text tw-text-large tw-ta\" dir=\"ltr\" data-placeholder=\"T\u00f5lge\"><span class=\"Y2IQFc\" lang=\"et\"><strong>Kasutamine C-vitamiini spreiga:<\/strong> P\u00e4rast C-vitamiini sprei kasutamist on nahk optimaalselt ette valmistatud \u00a0seerumi toimeainete imendumiseks. P\u00e4rast pealekandmist laske c-vitamiin t\u00e4ielikult imenduda, \u00a0seej\u00e4rel masseerige rubiinipulbriga h\u00fcaluroonseerumit.<\/span><\/p>\n","protected":false},"excerpt":{"rendered":"<p>Luksuslik seerum kapseldatud rubiinipuudriga tagab nahale p\u00fcsiva ja intensiivse niisutuse ning v\u00e4hendab kiiresti ja n\u00e4htavalt kortse. \u00a0Punastes p\u00e4rlites sisalduv rubiinipulber omab ergutavat toimet. H\u00fcaluroonhape ja pantenool niisutavad nahka. K\u00f5rgmolekulaarne, madalmolekulaarne, ristseotud ja liposoomidesse kapseldatud h\u00fcaluroonhape tagab, et nahk n\u00e4eb v\u00e4lja prink ja nooruslikult pinguldatud. 4-kordne h\u00fcaluroonseerum annab nahale nooruslikuma v\u00e4limuse ja elastsuse. Seerum on dekoratiivsete [&hellip;]<\/p>\n","protected":false},"featured_media":23836,"template":"","meta":{"_acf_changed":false},"product_cat":[291],"product_tag":[],"class_list":["post-23833","product","type-product","status-publish","has-post-thumbnail","hentry","product_cat-baehr-cosmetic"],"acf":[],"yoast_head":"<!-- This site is optimized with the Yoast SEO plugin v25.4 - https:\/\/yoast.com\/wordpress\/plugins\/seo\/ -->\n<title>Rubiiniga 4-Molekulaarne H\u00fcaluroonseerum - Beauty Institute<\/title>\n<meta name=\"robots\" content=\"index, follow, max-snippet:-1, max-image-preview:large, max-video-preview:-1\" \/>\n<link rel=\"canonical\" href=\"https:\/\/beautyinstitute.ee\/toode\/rubiiniga-4-molekulaarne-hualuroonseerum\/\" \/>\n<meta property=\"og:locale\" content=\"ru_RU\" \/>\n<meta property=\"og:type\" content=\"article\" \/>\n<meta property=\"og:title\" content=\"Rubiiniga 4-Molekulaarne H\u00fcaluroonseerum - Beauty Institute\" \/>\n<meta property=\"og:description\" content=\"Luksuslik seerum kapseldatud rubiinipuudriga tagab nahale p\u00fcsiva ja intensiivse niisutuse ning v\u00e4hendab kiiresti ja n\u00e4htavalt kortse. \u00a0Punastes p\u00e4rlites sisalduv rubiinipulber omab ergutavat toimet. H\u00fcaluroonhape ja pantenool niisutavad nahka. K\u00f5rgmolekulaarne, madalmolekulaarne, ristseotud ja liposoomidesse kapseldatud h\u00fcaluroonhape tagab, et nahk n\u00e4eb v\u00e4lja prink ja nooruslikult pinguldatud. 4-kordne h\u00fcaluroonseerum annab nahale nooruslikuma v\u00e4limuse ja elastsuse. Seerum on dekoratiivsete [&hellip;]\" \/>\n<meta property=\"og:url\" content=\"https:\/\/beautyinstitute.ee\/toode\/rubiiniga-4-molekulaarne-hualuroonseerum\/\" \/>\n<meta property=\"og:site_name\" content=\"Beauty Institute\" \/>\n<meta property=\"article:modified_time\" content=\"2025-12-16T09:11:44+00:00\" \/>\n<meta property=\"og:image\" content=\"https:\/\/beautyinstitute.ee\/wp-content\/uploads\/2023\/06\/Hyaluron_4-fach_Serum_30ml_BAEHR-BEAUTY-CONCEPT_25375_1280x1280@2x.png\" \/>\n\t<meta property=\"og:image:width\" content=\"2500\" \/>\n\t<meta property=\"og:image:height\" content=\"2500\" \/>\n\t<meta property=\"og:image:type\" content=\"image\/png\" \/>\n<meta name=\"twitter:card\" content=\"summary_large_image\" \/>\n<meta name=\"twitter:site\" content=\"@Beauty_Eesti\" \/>\n<meta name=\"twitter:label1\" content=\"\u041f\u0440\u0438\u043c\u0435\u0440\u043d\u043e\u0435 \u0432\u0440\u0435\u043c\u044f \u0434\u043b\u044f \u0447\u0442\u0435\u043d\u0438\u044f\" \/>\n\t<meta name=\"twitter:data1\" content=\"1 \u043c\u0438\u043d\u0443\u0442\u0430\" \/>\n<script type=\"application\/ld+json\" class=\"yoast-schema-graph\">{\"@context\":\"https:\/\/schema.org\",\"@graph\":[{\"@type\":\"WebPage\",\"@id\":\"https:\/\/beautyinstitute.ee\/toode\/rubiiniga-4-molekulaarne-hualuroonseerum\/\",\"url\":\"https:\/\/beautyinstitute.ee\/toode\/rubiiniga-4-molekulaarne-hualuroonseerum\/\",\"name\":\"Rubiiniga 4-Molekulaarne H\u00fcaluroonseerum - Beauty Institute\",\"isPartOf\":{\"@id\":\"https:\/\/beautyinstitute.ee\/#website\"},\"primaryImageOfPage\":{\"@id\":\"https:\/\/beautyinstitute.ee\/toode\/rubiiniga-4-molekulaarne-hualuroonseerum\/#primaryimage\"},\"image\":{\"@id\":\"https:\/\/beautyinstitute.ee\/toode\/rubiiniga-4-molekulaarne-hualuroonseerum\/#primaryimage\"},\"thumbnailUrl\":\"https:\/\/beautyinstitute.ee\/wp-content\/uploads\/2023\/06\/Hyaluron_4-fach_Serum_30ml_BAEHR-BEAUTY-CONCEPT_25375_1280x1280@2x.png\",\"datePublished\":\"2023-06-14T10:23:53+00:00\",\"dateModified\":\"2025-12-16T09:11:44+00:00\",\"breadcrumb\":{\"@id\":\"https:\/\/beautyinstitute.ee\/toode\/rubiiniga-4-molekulaarne-hualuroonseerum\/#breadcrumb\"},\"inLanguage\":\"ru-RU\",\"potentialAction\":[{\"@type\":\"ReadAction\",\"target\":[\"https:\/\/beautyinstitute.ee\/toode\/rubiiniga-4-molekulaarne-hualuroonseerum\/\"]}]},{\"@type\":\"ImageObject\",\"inLanguage\":\"ru-RU\",\"@id\":\"https:\/\/beautyinstitute.ee\/toode\/rubiiniga-4-molekulaarne-hualuroonseerum\/#primaryimage\",\"url\":\"https:\/\/beautyinstitute.ee\/wp-content\/uploads\/2023\/06\/Hyaluron_4-fach_Serum_30ml_BAEHR-BEAUTY-CONCEPT_25375_1280x1280@2x.png\",\"contentUrl\":\"https:\/\/beautyinstitute.ee\/wp-content\/uploads\/2023\/06\/Hyaluron_4-fach_Serum_30ml_BAEHR-BEAUTY-CONCEPT_25375_1280x1280@2x.png\",\"width\":2500,\"height\":2500},{\"@type\":\"BreadcrumbList\",\"@id\":\"https:\/\/beautyinstitute.ee\/toode\/rubiiniga-4-molekulaarne-hualuroonseerum\/#breadcrumb\",\"itemListElement\":[{\"@type\":\"ListItem\",\"position\":1,\"name\":\"Home\",\"item\":\"https:\/\/beautyinstitute.ee\/ru\/\"},{\"@type\":\"ListItem\",\"position\":2,\"name\":\"E-pood\",\"item\":\"https:\/\/beautyinstitute.ee\/e-pood\/\"},{\"@type\":\"ListItem\",\"position\":3,\"name\":\"Rubiiniga 4-Molekulaarne H\u00fcaluroonseerum\"}]},{\"@type\":\"WebSite\",\"@id\":\"https:\/\/beautyinstitute.ee\/#website\",\"url\":\"https:\/\/beautyinstitute.ee\/\",\"name\":\"Beauty Institute\",\"description\":\"CNC Cosmetic ametlik maaletooja ja edasim\u00fc\u00fcja Eestis, Soomes, L\u00e4tis. Aparaadikosmeetika, koolitused, kosmeetikatooted.\",\"potentialAction\":[{\"@type\":\"SearchAction\",\"target\":{\"@type\":\"EntryPoint\",\"urlTemplate\":\"https:\/\/beautyinstitute.ee\/?s={search_term_string}\"},\"query-input\":{\"@type\":\"PropertyValueSpecification\",\"valueRequired\":true,\"valueName\":\"search_term_string\"}}],\"inLanguage\":\"ru-RU\"}]}<\/script>\n<!-- \/ Yoast SEO plugin. -->","yoast_head_json":{"title":"Rubiiniga 4-Molekulaarne H\u00fcaluroonseerum - Beauty Institute","robots":{"index":"index","follow":"follow","max-snippet":"max-snippet:-1","max-image-preview":"max-image-preview:large","max-video-preview":"max-video-preview:-1"},"canonical":"https:\/\/beautyinstitute.ee\/toode\/rubiiniga-4-molekulaarne-hualuroonseerum\/","og_locale":"ru_RU","og_type":"article","og_title":"Rubiiniga 4-Molekulaarne H\u00fcaluroonseerum - Beauty Institute","og_description":"Luksuslik seerum kapseldatud rubiinipuudriga tagab nahale p\u00fcsiva ja intensiivse niisutuse ning v\u00e4hendab kiiresti ja n\u00e4htavalt kortse. \u00a0Punastes p\u00e4rlites sisalduv rubiinipulber omab ergutavat toimet. H\u00fcaluroonhape ja pantenool niisutavad nahka. K\u00f5rgmolekulaarne, madalmolekulaarne, ristseotud ja liposoomidesse kapseldatud h\u00fcaluroonhape tagab, et nahk n\u00e4eb v\u00e4lja prink ja nooruslikult pinguldatud. 4-kordne h\u00fcaluroonseerum annab nahale nooruslikuma v\u00e4limuse ja elastsuse. Seerum on dekoratiivsete [&hellip;]","og_url":"https:\/\/beautyinstitute.ee\/toode\/rubiiniga-4-molekulaarne-hualuroonseerum\/","og_site_name":"Beauty Institute","article_modified_time":"2025-12-16T09:11:44+00:00","og_image":[{"width":2500,"height":2500,"url":"https:\/\/beautyinstitute.ee\/wp-content\/uploads\/2023\/06\/Hyaluron_4-fach_Serum_30ml_BAEHR-BEAUTY-CONCEPT_25375_1280x1280@2x.png","type":"image\/png"}],"twitter_card":"summary_large_image","twitter_site":"@Beauty_Eesti","twitter_misc":{"\u041f\u0440\u0438\u043c\u0435\u0440\u043d\u043e\u0435 \u0432\u0440\u0435\u043c\u044f \u0434\u043b\u044f \u0447\u0442\u0435\u043d\u0438\u044f":"1 \u043c\u0438\u043d\u0443\u0442\u0430"},"schema":{"@context":"https:\/\/schema.org","@graph":[{"@type":"WebPage","@id":"https:\/\/beautyinstitute.ee\/toode\/rubiiniga-4-molekulaarne-hualuroonseerum\/","url":"https:\/\/beautyinstitute.ee\/toode\/rubiiniga-4-molekulaarne-hualuroonseerum\/","name":"Rubiiniga 4-Molekulaarne H\u00fcaluroonseerum - Beauty Institute","isPartOf":{"@id":"https:\/\/beautyinstitute.ee\/#website"},"primaryImageOfPage":{"@id":"https:\/\/beautyinstitute.ee\/toode\/rubiiniga-4-molekulaarne-hualuroonseerum\/#primaryimage"},"image":{"@id":"https:\/\/beautyinstitute.ee\/toode\/rubiiniga-4-molekulaarne-hualuroonseerum\/#primaryimage"},"thumbnailUrl":"https:\/\/beautyinstitute.ee\/wp-content\/uploads\/2023\/06\/Hyaluron_4-fach_Serum_30ml_BAEHR-BEAUTY-CONCEPT_25375_1280x1280@2x.png","datePublished":"2023-06-14T10:23:53+00:00","dateModified":"2025-12-16T09:11:44+00:00","breadcrumb":{"@id":"https:\/\/beautyinstitute.ee\/toode\/rubiiniga-4-molekulaarne-hualuroonseerum\/#breadcrumb"},"inLanguage":"ru-RU","potentialAction":[{"@type":"ReadAction","target":["https:\/\/beautyinstitute.ee\/toode\/rubiiniga-4-molekulaarne-hualuroonseerum\/"]}]},{"@type":"ImageObject","inLanguage":"ru-RU","@id":"https:\/\/beautyinstitute.ee\/toode\/rubiiniga-4-molekulaarne-hualuroonseerum\/#primaryimage","url":"https:\/\/beautyinstitute.ee\/wp-content\/uploads\/2023\/06\/Hyaluron_4-fach_Serum_30ml_BAEHR-BEAUTY-CONCEPT_25375_1280x1280@2x.png","contentUrl":"https:\/\/beautyinstitute.ee\/wp-content\/uploads\/2023\/06\/Hyaluron_4-fach_Serum_30ml_BAEHR-BEAUTY-CONCEPT_25375_1280x1280@2x.png","width":2500,"height":2500},{"@type":"BreadcrumbList","@id":"https:\/\/beautyinstitute.ee\/toode\/rubiiniga-4-molekulaarne-hualuroonseerum\/#breadcrumb","itemListElement":[{"@type":"ListItem","position":1,"name":"Home","item":"https:\/\/beautyinstitute.ee\/ru\/"},{"@type":"ListItem","position":2,"name":"E-pood","item":"https:\/\/beautyinstitute.ee\/e-pood\/"},{"@type":"ListItem","position":3,"name":"Rubiiniga 4-Molekulaarne H\u00fcaluroonseerum"}]},{"@type":"WebSite","@id":"https:\/\/beautyinstitute.ee\/#website","url":"https:\/\/beautyinstitute.ee\/","name":"Beauty Institute","description":"CNC Cosmetic ametlik maaletooja ja edasim\u00fc\u00fcja Eestis, Soomes, L\u00e4tis. Aparaadikosmeetika, koolitused, kosmeetikatooted.","potentialAction":[{"@type":"SearchAction","target":{"@type":"EntryPoint","urlTemplate":"https:\/\/beautyinstitute.ee\/?s={search_term_string}"},"query-input":{"@type":"PropertyValueSpecification","valueRequired":true,"valueName":"search_term_string"}}],"inLanguage":"ru-RU"}]}},"_links":{"self":[{"href":"https:\/\/beautyinstitute.ee\/ru\/wp-json\/wp\/v2\/product\/23833","targetHints":{"allow":["GET"]}}],"collection":[{"href":"https:\/\/beautyinstitute.ee\/ru\/wp-json\/wp\/v2\/product"}],"about":[{"href":"https:\/\/beautyinstitute.ee\/ru\/wp-json\/wp\/v2\/types\/product"}],"wp:featuredmedia":[{"embeddable":true,"href":"https:\/\/beautyinstitute.ee\/ru\/wp-json\/wp\/v2\/media\/23836"}],"wp:attachment":[{"href":"https:\/\/beautyinstitute.ee\/ru\/wp-json\/wp\/v2\/media?parent=23833"}],"wp:term":[{"taxonomy":"product_cat","embeddable":true,"href":"https:\/\/beautyinstitute.ee\/ru\/wp-json\/wp\/v2\/product_cat?post=23833"},{"taxonomy":"product_tag","embeddable":true,"href":"https:\/\/beautyinstitute.ee\/ru\/wp-json\/wp\/v2\/product_tag?post=23833"}],"curies":[{"name":"wp","href":"https:\/\/api.w.org\/{rel}","templated":true}]}}