{"id":23839,"date":"2023-06-14T13:57:24","date_gmt":"2023-06-14T10:57:24","guid":{"rendered":"https:\/\/beautyinstitute.ee\/?post_type=product&#038;p=23839"},"modified":"2026-02-19T13:54:38","modified_gmt":"2026-02-19T11:54:38","slug":"massaazikuunal-jaapani-ploom-50ml","status":"publish","type":"product","link":"https:\/\/beautyinstitute.ee\/ru\/toode\/massaazikuunal-jaapani-ploom-50ml\/","title":{"rendered":"Bio-Massaa\u017eik\u00fc\u00fcnal Jaapani Ploom 50Ml"},"content":{"rendered":"<p id=\"tw-target-text\" class=\"tw-data-text tw-text-large tw-ta\" dir=\"ltr\" data-placeholder=\"T\u00f5lge\"><span class=\"Y2IQFc\" lang=\"et\">\u00a0BAEHR Beauty Concept massaa\u017eik\u00fc\u00fcnlad metallist tilaga topsikeses. \u00a0Sinu sensuaalne, eksootiline ja salap\u00e4rase aroomiga\u00a0l\u00f5dvestusreis. Kehasooja massaa\u017eikreemi, hoolduspalsami ja niisutava kreemiga pakuvad massaa\u017eik\u00fc\u00fcnlad ainulaadset heaolu \u00a0kogemust ja puhast sensuaalset naudingut.<\/span><\/p>\n<p class=\"tw-data-text tw-text-large tw-ta\" dir=\"ltr\" data-placeholder=\"T\u00f5lge\"><span class=\"Y2IQFc\" lang=\"et\">Saadaval nelja erineva l\u00f5hnaga kontrollitud koostisosadega: looduslik kookos\u00f5li, 100% puhas mesilasvaha ja hinnalised, looduslikud l\u00f5hnaained. Eksklusiivsed l\u00f5hnad puhastavad \u00f5hkkonda ja soojad massaa\u017eik\u00fc\u00fcnlad hellitavad ja l\u00f5\u00f5gastavad \u00a0keha ja vaimu.<\/span><\/p>\n<p class=\"tw-data-text tw-text-large tw-ta\" dir=\"ltr\" data-placeholder=\"T\u00f5lge\"><span class=\"Y2IQFc\" lang=\"et\"><strong>Kasutamine:<\/strong> S\u00fc\u00fcdake taht ja oodake m\u00f5ni minut, kuni k\u00fc\u00fcnal on vedel. Kustutage leek, oodake veidi ja masseerige m\u00f5nusalt sooja palsamit \u00f5rnalt nahale.<\/span><\/p>\n<p>&nbsp;<\/p>\n","protected":false},"excerpt":{"rendered":"<p>\u00a0BAEHR Beauty Concept massaa\u017eik\u00fc\u00fcnlad metallist tilaga topsikeses. \u00a0Sinu sensuaalne, eksootiline ja salap\u00e4rase aroomiga\u00a0l\u00f5dvestusreis. Kehasooja massaa\u017eikreemi, hoolduspalsami ja niisutava kreemiga pakuvad massaa\u017eik\u00fc\u00fcnlad ainulaadset heaolu \u00a0kogemust ja puhast sensuaalset naudingut. Saadaval nelja erineva l\u00f5hnaga kontrollitud koostisosadega: looduslik kookos\u00f5li, 100% puhas mesilasvaha ja hinnalised, looduslikud l\u00f5hnaained. Eksklusiivsed l\u00f5hnad puhastavad \u00f5hkkonda ja soojad massaa\u017eik\u00fc\u00fcnlad hellitavad ja l\u00f5\u00f5gastavad \u00a0keha ja [&hellip;]<\/p>\n","protected":false},"featured_media":23840,"template":"","meta":{"_acf_changed":false},"product_cat":[291],"product_tag":[],"class_list":["post-23839","product","type-product","status-publish","has-post-thumbnail","hentry","product_cat-baehr-cosmetic"],"acf":[],"yoast_head":"<!-- This site is optimized with the Yoast SEO plugin v25.4 - https:\/\/yoast.com\/wordpress\/plugins\/seo\/ -->\n<title>Bio-Massaa\u017eik\u00fc\u00fcnal Jaapani Ploom 50Ml - Beauty Institute<\/title>\n<meta name=\"robots\" content=\"index, follow, max-snippet:-1, max-image-preview:large, max-video-preview:-1\" \/>\n<link rel=\"canonical\" href=\"https:\/\/beautyinstitute.ee\/toode\/massaazikuunal-jaapani-ploom-50ml\/\" \/>\n<meta property=\"og:locale\" content=\"ru_RU\" \/>\n<meta property=\"og:type\" content=\"article\" \/>\n<meta property=\"og:title\" content=\"Bio-Massaa\u017eik\u00fc\u00fcnal Jaapani Ploom 50Ml - Beauty Institute\" \/>\n<meta property=\"og:description\" content=\"\u00a0BAEHR Beauty Concept massaa\u017eik\u00fc\u00fcnlad metallist tilaga topsikeses. \u00a0Sinu sensuaalne, eksootiline ja salap\u00e4rase aroomiga\u00a0l\u00f5dvestusreis. Kehasooja massaa\u017eikreemi, hoolduspalsami ja niisutava kreemiga pakuvad massaa\u017eik\u00fc\u00fcnlad ainulaadset heaolu \u00a0kogemust ja puhast sensuaalset naudingut. Saadaval nelja erineva l\u00f5hnaga kontrollitud koostisosadega: looduslik kookos\u00f5li, 100% puhas mesilasvaha ja hinnalised, looduslikud l\u00f5hnaained. Eksklusiivsed l\u00f5hnad puhastavad \u00f5hkkonda ja soojad massaa\u017eik\u00fc\u00fcnlad hellitavad ja l\u00f5\u00f5gastavad \u00a0keha ja [&hellip;]\" \/>\n<meta property=\"og:url\" content=\"https:\/\/beautyinstitute.ee\/toode\/massaazikuunal-jaapani-ploom-50ml\/\" \/>\n<meta property=\"og:site_name\" content=\"Beauty Institute\" \/>\n<meta property=\"article:modified_time\" content=\"2026-02-19T11:54:38+00:00\" \/>\n<meta property=\"og:image\" content=\"https:\/\/beautyinstitute.ee\/wp-content\/uploads\/2023\/06\/massagekerze-japanische-pflaume_25840_1280x1280@2x.png\" \/>\n\t<meta property=\"og:image:width\" content=\"1180\" \/>\n\t<meta property=\"og:image:height\" content=\"1180\" \/>\n\t<meta property=\"og:image:type\" content=\"image\/png\" \/>\n<meta name=\"twitter:card\" content=\"summary_large_image\" \/>\n<meta name=\"twitter:site\" content=\"@Beauty_Eesti\" \/>\n<meta name=\"twitter:label1\" content=\"\u041f\u0440\u0438\u043c\u0435\u0440\u043d\u043e\u0435 \u0432\u0440\u0435\u043c\u044f \u0434\u043b\u044f \u0447\u0442\u0435\u043d\u0438\u044f\" \/>\n\t<meta name=\"twitter:data1\" content=\"1 \u043c\u0438\u043d\u0443\u0442\u0430\" \/>\n<script type=\"application\/ld+json\" class=\"yoast-schema-graph\">{\"@context\":\"https:\/\/schema.org\",\"@graph\":[{\"@type\":\"WebPage\",\"@id\":\"https:\/\/beautyinstitute.ee\/toode\/massaazikuunal-jaapani-ploom-50ml\/\",\"url\":\"https:\/\/beautyinstitute.ee\/toode\/massaazikuunal-jaapani-ploom-50ml\/\",\"name\":\"Bio-Massaa\u017eik\u00fc\u00fcnal Jaapani Ploom 50Ml - Beauty Institute\",\"isPartOf\":{\"@id\":\"https:\/\/beautyinstitute.ee\/#website\"},\"primaryImageOfPage\":{\"@id\":\"https:\/\/beautyinstitute.ee\/toode\/massaazikuunal-jaapani-ploom-50ml\/#primaryimage\"},\"image\":{\"@id\":\"https:\/\/beautyinstitute.ee\/toode\/massaazikuunal-jaapani-ploom-50ml\/#primaryimage\"},\"thumbnailUrl\":\"https:\/\/beautyinstitute.ee\/wp-content\/uploads\/2023\/06\/massagekerze-japanische-pflaume_25840_1280x1280@2x.png\",\"datePublished\":\"2023-06-14T10:57:24+00:00\",\"dateModified\":\"2026-02-19T11:54:38+00:00\",\"breadcrumb\":{\"@id\":\"https:\/\/beautyinstitute.ee\/toode\/massaazikuunal-jaapani-ploom-50ml\/#breadcrumb\"},\"inLanguage\":\"ru-RU\",\"potentialAction\":[{\"@type\":\"ReadAction\",\"target\":[\"https:\/\/beautyinstitute.ee\/toode\/massaazikuunal-jaapani-ploom-50ml\/\"]}]},{\"@type\":\"ImageObject\",\"inLanguage\":\"ru-RU\",\"@id\":\"https:\/\/beautyinstitute.ee\/toode\/massaazikuunal-jaapani-ploom-50ml\/#primaryimage\",\"url\":\"https:\/\/beautyinstitute.ee\/wp-content\/uploads\/2023\/06\/massagekerze-japanische-pflaume_25840_1280x1280@2x.png\",\"contentUrl\":\"https:\/\/beautyinstitute.ee\/wp-content\/uploads\/2023\/06\/massagekerze-japanische-pflaume_25840_1280x1280@2x.png\",\"width\":1180,\"height\":1180},{\"@type\":\"BreadcrumbList\",\"@id\":\"https:\/\/beautyinstitute.ee\/toode\/massaazikuunal-jaapani-ploom-50ml\/#breadcrumb\",\"itemListElement\":[{\"@type\":\"ListItem\",\"position\":1,\"name\":\"Home\",\"item\":\"https:\/\/beautyinstitute.ee\/ru\/\"},{\"@type\":\"ListItem\",\"position\":2,\"name\":\"E-pood\",\"item\":\"https:\/\/beautyinstitute.ee\/e-pood\/\"},{\"@type\":\"ListItem\",\"position\":3,\"name\":\"Bio-Massaa\u017eik\u00fc\u00fcnal Jaapani Ploom 50Ml\"}]},{\"@type\":\"WebSite\",\"@id\":\"https:\/\/beautyinstitute.ee\/#website\",\"url\":\"https:\/\/beautyinstitute.ee\/\",\"name\":\"Beauty Institute\",\"description\":\"CNC Cosmetic ametlik maaletooja ja edasim\u00fc\u00fcja Eestis, Soomes, L\u00e4tis. Aparaadikosmeetika, koolitused, kosmeetikatooted.\",\"potentialAction\":[{\"@type\":\"SearchAction\",\"target\":{\"@type\":\"EntryPoint\",\"urlTemplate\":\"https:\/\/beautyinstitute.ee\/?s={search_term_string}\"},\"query-input\":{\"@type\":\"PropertyValueSpecification\",\"valueRequired\":true,\"valueName\":\"search_term_string\"}}],\"inLanguage\":\"ru-RU\"}]}<\/script>\n<!-- \/ Yoast SEO plugin. -->","yoast_head_json":{"title":"Bio-Massaa\u017eik\u00fc\u00fcnal Jaapani Ploom 50Ml - Beauty Institute","robots":{"index":"index","follow":"follow","max-snippet":"max-snippet:-1","max-image-preview":"max-image-preview:large","max-video-preview":"max-video-preview:-1"},"canonical":"https:\/\/beautyinstitute.ee\/toode\/massaazikuunal-jaapani-ploom-50ml\/","og_locale":"ru_RU","og_type":"article","og_title":"Bio-Massaa\u017eik\u00fc\u00fcnal Jaapani Ploom 50Ml - Beauty Institute","og_description":"\u00a0BAEHR Beauty Concept massaa\u017eik\u00fc\u00fcnlad metallist tilaga topsikeses. \u00a0Sinu sensuaalne, eksootiline ja salap\u00e4rase aroomiga\u00a0l\u00f5dvestusreis. Kehasooja massaa\u017eikreemi, hoolduspalsami ja niisutava kreemiga pakuvad massaa\u017eik\u00fc\u00fcnlad ainulaadset heaolu \u00a0kogemust ja puhast sensuaalset naudingut. Saadaval nelja erineva l\u00f5hnaga kontrollitud koostisosadega: looduslik kookos\u00f5li, 100% puhas mesilasvaha ja hinnalised, looduslikud l\u00f5hnaained. Eksklusiivsed l\u00f5hnad puhastavad \u00f5hkkonda ja soojad massaa\u017eik\u00fc\u00fcnlad hellitavad ja l\u00f5\u00f5gastavad \u00a0keha ja [&hellip;]","og_url":"https:\/\/beautyinstitute.ee\/toode\/massaazikuunal-jaapani-ploom-50ml\/","og_site_name":"Beauty Institute","article_modified_time":"2026-02-19T11:54:38+00:00","og_image":[{"width":1180,"height":1180,"url":"https:\/\/beautyinstitute.ee\/wp-content\/uploads\/2023\/06\/massagekerze-japanische-pflaume_25840_1280x1280@2x.png","type":"image\/png"}],"twitter_card":"summary_large_image","twitter_site":"@Beauty_Eesti","twitter_misc":{"\u041f\u0440\u0438\u043c\u0435\u0440\u043d\u043e\u0435 \u0432\u0440\u0435\u043c\u044f \u0434\u043b\u044f \u0447\u0442\u0435\u043d\u0438\u044f":"1 \u043c\u0438\u043d\u0443\u0442\u0430"},"schema":{"@context":"https:\/\/schema.org","@graph":[{"@type":"WebPage","@id":"https:\/\/beautyinstitute.ee\/toode\/massaazikuunal-jaapani-ploom-50ml\/","url":"https:\/\/beautyinstitute.ee\/toode\/massaazikuunal-jaapani-ploom-50ml\/","name":"Bio-Massaa\u017eik\u00fc\u00fcnal Jaapani Ploom 50Ml - Beauty Institute","isPartOf":{"@id":"https:\/\/beautyinstitute.ee\/#website"},"primaryImageOfPage":{"@id":"https:\/\/beautyinstitute.ee\/toode\/massaazikuunal-jaapani-ploom-50ml\/#primaryimage"},"image":{"@id":"https:\/\/beautyinstitute.ee\/toode\/massaazikuunal-jaapani-ploom-50ml\/#primaryimage"},"thumbnailUrl":"https:\/\/beautyinstitute.ee\/wp-content\/uploads\/2023\/06\/massagekerze-japanische-pflaume_25840_1280x1280@2x.png","datePublished":"2023-06-14T10:57:24+00:00","dateModified":"2026-02-19T11:54:38+00:00","breadcrumb":{"@id":"https:\/\/beautyinstitute.ee\/toode\/massaazikuunal-jaapani-ploom-50ml\/#breadcrumb"},"inLanguage":"ru-RU","potentialAction":[{"@type":"ReadAction","target":["https:\/\/beautyinstitute.ee\/toode\/massaazikuunal-jaapani-ploom-50ml\/"]}]},{"@type":"ImageObject","inLanguage":"ru-RU","@id":"https:\/\/beautyinstitute.ee\/toode\/massaazikuunal-jaapani-ploom-50ml\/#primaryimage","url":"https:\/\/beautyinstitute.ee\/wp-content\/uploads\/2023\/06\/massagekerze-japanische-pflaume_25840_1280x1280@2x.png","contentUrl":"https:\/\/beautyinstitute.ee\/wp-content\/uploads\/2023\/06\/massagekerze-japanische-pflaume_25840_1280x1280@2x.png","width":1180,"height":1180},{"@type":"BreadcrumbList","@id":"https:\/\/beautyinstitute.ee\/toode\/massaazikuunal-jaapani-ploom-50ml\/#breadcrumb","itemListElement":[{"@type":"ListItem","position":1,"name":"Home","item":"https:\/\/beautyinstitute.ee\/ru\/"},{"@type":"ListItem","position":2,"name":"E-pood","item":"https:\/\/beautyinstitute.ee\/e-pood\/"},{"@type":"ListItem","position":3,"name":"Bio-Massaa\u017eik\u00fc\u00fcnal Jaapani Ploom 50Ml"}]},{"@type":"WebSite","@id":"https:\/\/beautyinstitute.ee\/#website","url":"https:\/\/beautyinstitute.ee\/","name":"Beauty Institute","description":"CNC Cosmetic ametlik maaletooja ja edasim\u00fc\u00fcja Eestis, Soomes, L\u00e4tis. Aparaadikosmeetika, koolitused, kosmeetikatooted.","potentialAction":[{"@type":"SearchAction","target":{"@type":"EntryPoint","urlTemplate":"https:\/\/beautyinstitute.ee\/?s={search_term_string}"},"query-input":{"@type":"PropertyValueSpecification","valueRequired":true,"valueName":"search_term_string"}}],"inLanguage":"ru-RU"}]}},"_links":{"self":[{"href":"https:\/\/beautyinstitute.ee\/ru\/wp-json\/wp\/v2\/product\/23839","targetHints":{"allow":["GET"]}}],"collection":[{"href":"https:\/\/beautyinstitute.ee\/ru\/wp-json\/wp\/v2\/product"}],"about":[{"href":"https:\/\/beautyinstitute.ee\/ru\/wp-json\/wp\/v2\/types\/product"}],"wp:featuredmedia":[{"embeddable":true,"href":"https:\/\/beautyinstitute.ee\/ru\/wp-json\/wp\/v2\/media\/23840"}],"wp:attachment":[{"href":"https:\/\/beautyinstitute.ee\/ru\/wp-json\/wp\/v2\/media?parent=23839"}],"wp:term":[{"taxonomy":"product_cat","embeddable":true,"href":"https:\/\/beautyinstitute.ee\/ru\/wp-json\/wp\/v2\/product_cat?post=23839"},{"taxonomy":"product_tag","embeddable":true,"href":"https:\/\/beautyinstitute.ee\/ru\/wp-json\/wp\/v2\/product_tag?post=23839"}],"curies":[{"name":"wp","href":"https:\/\/api.w.org\/{rel}","templated":true}]}}