{"id":2384,"date":"2019-01-21T09:45:54","date_gmt":"2019-01-21T09:45:54","guid":{"rendered":"https:\/\/beautyinstitute.ee\/?post_type=product&#038;p=2384"},"modified":"2026-04-26T13:07:31","modified_gmt":"2026-04-26T10:07:31","slug":"microsilver-kuivale-nahale","status":"publish","type":"product","link":"https:\/\/beautyinstitute.ee\/ru\/toode\/microsilver-kuivale-nahale\/","title":{"rendered":"Microsilver \u2013 Jalavaht Kuivale Nahale"},"content":{"rendered":"<p><strong>Niisutav jalavaht<\/strong><\/p>\n<p>Sisaldab 10% uurea ja microsilverit, mis niisutab ja ravib nahka. Uurea ja gl\u00fctseriin seob niiskust\u00a0 naha s\u00fcgavamates kihtides. Muudab kalluse pehmeks ja pidurdab uue teket. Vaht parandab jala naha struktuuri ja muudab nahapinna siledaks.<\/p>\n<p><strong>Sobilik:<\/strong><\/p>\n<ul>\n<li>10% uurea<\/li>\n<li>antibakteriaalse ja desinfitseeriva toimega<\/li>\n<li>parandab naha struktuuri<\/li>\n<li>PEG, v\u00e4rvainete ja s\u00e4ilitusaineteta<\/li>\n<\/ul>\n<p><strong>Eelised<\/strong>: kuiv nahk jalgadel<\/p>\n<p><strong>Toimeained:<\/strong> 10% uurea, pantenooli, Skvalaani, microsilver, jojoba\u00f5li, allantoiin.<\/p>\n","protected":false},"excerpt":{"rendered":"<p>Niisutav jalavaht Sisaldab 10% uurea ja microsilverit, mis niisutab ja ravib nahka. Uurea ja gl\u00fctseriin seob niiskust\u00a0 naha s\u00fcgavamates kihtides. Muudab kalluse pehmeks ja pidurdab uue teket. Vaht parandab jala naha struktuuri ja muudab nahapinna siledaks. Sobilik: 10% uurea antibakteriaalse ja desinfitseeriva toimega parandab naha struktuuri PEG, v\u00e4rvainete ja s\u00e4ilitusaineteta Eelised: kuiv nahk jalgadel Toimeained: [&hellip;]<\/p>\n","protected":false},"featured_media":11984,"template":"","meta":{"_acf_changed":false},"product_cat":[133,114,128],"product_tag":[],"class_list":["post-2384","product","type-product","status-publish","has-post-thumbnail","hentry","product_cat-jalavahud","product_cat-tootesarjad","product_cat-microsilver"],"acf":[],"yoast_head":"<!-- This site is optimized with the Yoast SEO plugin v25.4 - https:\/\/yoast.com\/wordpress\/plugins\/seo\/ -->\n<title>Microsilver \u2013 Jalavaht Kuivale Nahale - Beauty Institute<\/title>\n<meta name=\"robots\" content=\"index, follow, max-snippet:-1, max-image-preview:large, max-video-preview:-1\" \/>\n<link rel=\"canonical\" href=\"https:\/\/beautyinstitute.ee\/toode\/microsilver-kuivale-nahale\/\" \/>\n<meta property=\"og:locale\" content=\"ru_RU\" \/>\n<meta property=\"og:type\" content=\"article\" \/>\n<meta property=\"og:title\" content=\"Microsilver \u2013 Jalavaht Kuivale Nahale - Beauty Institute\" \/>\n<meta property=\"og:description\" content=\"Niisutav jalavaht Sisaldab 10% uurea ja microsilverit, mis niisutab ja ravib nahka. Uurea ja gl\u00fctseriin seob niiskust\u00a0 naha s\u00fcgavamates kihtides. Muudab kalluse pehmeks ja pidurdab uue teket. Vaht parandab jala naha struktuuri ja muudab nahapinna siledaks. Sobilik: 10% uurea antibakteriaalse ja desinfitseeriva toimega parandab naha struktuuri PEG, v\u00e4rvainete ja s\u00e4ilitusaineteta Eelised: kuiv nahk jalgadel Toimeained: [&hellip;]\" \/>\n<meta property=\"og:url\" content=\"https:\/\/beautyinstitute.ee\/toode\/microsilver-kuivale-nahale\/\" \/>\n<meta property=\"og:site_name\" content=\"Beauty Institute\" \/>\n<meta property=\"article:modified_time\" content=\"2026-04-26T10:07:31+00:00\" \/>\n<meta property=\"og:image\" content=\"https:\/\/beautyinstitute.ee\/wp-content\/uploads\/2019\/01\/MS-jalg.jpg\" \/>\n\t<meta property=\"og:image:width\" content=\"1500\" \/>\n\t<meta property=\"og:image:height\" content=\"1422\" \/>\n\t<meta property=\"og:image:type\" content=\"image\/jpeg\" \/>\n<meta name=\"twitter:card\" content=\"summary_large_image\" \/>\n<meta name=\"twitter:site\" content=\"@Beauty_Eesti\" \/>\n<script type=\"application\/ld+json\" class=\"yoast-schema-graph\">{\"@context\":\"https:\/\/schema.org\",\"@graph\":[{\"@type\":\"WebPage\",\"@id\":\"https:\/\/beautyinstitute.ee\/toode\/microsilver-kuivale-nahale\/\",\"url\":\"https:\/\/beautyinstitute.ee\/toode\/microsilver-kuivale-nahale\/\",\"name\":\"Microsilver \u2013 Jalavaht Kuivale Nahale - Beauty Institute\",\"isPartOf\":{\"@id\":\"https:\/\/beautyinstitute.ee\/#website\"},\"primaryImageOfPage\":{\"@id\":\"https:\/\/beautyinstitute.ee\/toode\/microsilver-kuivale-nahale\/#primaryimage\"},\"image\":{\"@id\":\"https:\/\/beautyinstitute.ee\/toode\/microsilver-kuivale-nahale\/#primaryimage\"},\"thumbnailUrl\":\"https:\/\/beautyinstitute.ee\/wp-content\/uploads\/2019\/01\/MS-jalg.jpg\",\"datePublished\":\"2019-01-21T09:45:54+00:00\",\"dateModified\":\"2026-04-26T10:07:31+00:00\",\"breadcrumb\":{\"@id\":\"https:\/\/beautyinstitute.ee\/toode\/microsilver-kuivale-nahale\/#breadcrumb\"},\"inLanguage\":\"ru-RU\",\"potentialAction\":[{\"@type\":\"ReadAction\",\"target\":[\"https:\/\/beautyinstitute.ee\/toode\/microsilver-kuivale-nahale\/\"]}]},{\"@type\":\"ImageObject\",\"inLanguage\":\"ru-RU\",\"@id\":\"https:\/\/beautyinstitute.ee\/toode\/microsilver-kuivale-nahale\/#primaryimage\",\"url\":\"https:\/\/beautyinstitute.ee\/wp-content\/uploads\/2019\/01\/MS-jalg.jpg\",\"contentUrl\":\"https:\/\/beautyinstitute.ee\/wp-content\/uploads\/2019\/01\/MS-jalg.jpg\",\"width\":1500,\"height\":1422},{\"@type\":\"BreadcrumbList\",\"@id\":\"https:\/\/beautyinstitute.ee\/toode\/microsilver-kuivale-nahale\/#breadcrumb\",\"itemListElement\":[{\"@type\":\"ListItem\",\"position\":1,\"name\":\"Home\",\"item\":\"https:\/\/beautyinstitute.ee\/ru\/\"},{\"@type\":\"ListItem\",\"position\":2,\"name\":\"E-pood\",\"item\":\"https:\/\/beautyinstitute.ee\/e-pood\/\"},{\"@type\":\"ListItem\",\"position\":3,\"name\":\"Microsilver \u2013 Jalavaht Kuivale Nahale\"}]},{\"@type\":\"WebSite\",\"@id\":\"https:\/\/beautyinstitute.ee\/#website\",\"url\":\"https:\/\/beautyinstitute.ee\/\",\"name\":\"Beauty Institute\",\"description\":\"CNC Cosmetic ametlik maaletooja ja edasim\u00fc\u00fcja Eestis, Soomes, L\u00e4tis. Aparaadikosmeetika, koolitused, kosmeetikatooted.\",\"potentialAction\":[{\"@type\":\"SearchAction\",\"target\":{\"@type\":\"EntryPoint\",\"urlTemplate\":\"https:\/\/beautyinstitute.ee\/?s={search_term_string}\"},\"query-input\":{\"@type\":\"PropertyValueSpecification\",\"valueRequired\":true,\"valueName\":\"search_term_string\"}}],\"inLanguage\":\"ru-RU\"}]}<\/script>\n<!-- \/ Yoast SEO plugin. -->","yoast_head_json":{"title":"Microsilver \u2013 Jalavaht Kuivale Nahale - Beauty Institute","robots":{"index":"index","follow":"follow","max-snippet":"max-snippet:-1","max-image-preview":"max-image-preview:large","max-video-preview":"max-video-preview:-1"},"canonical":"https:\/\/beautyinstitute.ee\/toode\/microsilver-kuivale-nahale\/","og_locale":"ru_RU","og_type":"article","og_title":"Microsilver \u2013 Jalavaht Kuivale Nahale - Beauty Institute","og_description":"Niisutav jalavaht Sisaldab 10% uurea ja microsilverit, mis niisutab ja ravib nahka. Uurea ja gl\u00fctseriin seob niiskust\u00a0 naha s\u00fcgavamates kihtides. Muudab kalluse pehmeks ja pidurdab uue teket. Vaht parandab jala naha struktuuri ja muudab nahapinna siledaks. Sobilik: 10% uurea antibakteriaalse ja desinfitseeriva toimega parandab naha struktuuri PEG, v\u00e4rvainete ja s\u00e4ilitusaineteta Eelised: kuiv nahk jalgadel Toimeained: [&hellip;]","og_url":"https:\/\/beautyinstitute.ee\/toode\/microsilver-kuivale-nahale\/","og_site_name":"Beauty Institute","article_modified_time":"2026-04-26T10:07:31+00:00","og_image":[{"width":1500,"height":1422,"url":"https:\/\/beautyinstitute.ee\/wp-content\/uploads\/2019\/01\/MS-jalg.jpg","type":"image\/jpeg"}],"twitter_card":"summary_large_image","twitter_site":"@Beauty_Eesti","schema":{"@context":"https:\/\/schema.org","@graph":[{"@type":"WebPage","@id":"https:\/\/beautyinstitute.ee\/toode\/microsilver-kuivale-nahale\/","url":"https:\/\/beautyinstitute.ee\/toode\/microsilver-kuivale-nahale\/","name":"Microsilver \u2013 Jalavaht Kuivale Nahale - Beauty Institute","isPartOf":{"@id":"https:\/\/beautyinstitute.ee\/#website"},"primaryImageOfPage":{"@id":"https:\/\/beautyinstitute.ee\/toode\/microsilver-kuivale-nahale\/#primaryimage"},"image":{"@id":"https:\/\/beautyinstitute.ee\/toode\/microsilver-kuivale-nahale\/#primaryimage"},"thumbnailUrl":"https:\/\/beautyinstitute.ee\/wp-content\/uploads\/2019\/01\/MS-jalg.jpg","datePublished":"2019-01-21T09:45:54+00:00","dateModified":"2026-04-26T10:07:31+00:00","breadcrumb":{"@id":"https:\/\/beautyinstitute.ee\/toode\/microsilver-kuivale-nahale\/#breadcrumb"},"inLanguage":"ru-RU","potentialAction":[{"@type":"ReadAction","target":["https:\/\/beautyinstitute.ee\/toode\/microsilver-kuivale-nahale\/"]}]},{"@type":"ImageObject","inLanguage":"ru-RU","@id":"https:\/\/beautyinstitute.ee\/toode\/microsilver-kuivale-nahale\/#primaryimage","url":"https:\/\/beautyinstitute.ee\/wp-content\/uploads\/2019\/01\/MS-jalg.jpg","contentUrl":"https:\/\/beautyinstitute.ee\/wp-content\/uploads\/2019\/01\/MS-jalg.jpg","width":1500,"height":1422},{"@type":"BreadcrumbList","@id":"https:\/\/beautyinstitute.ee\/toode\/microsilver-kuivale-nahale\/#breadcrumb","itemListElement":[{"@type":"ListItem","position":1,"name":"Home","item":"https:\/\/beautyinstitute.ee\/ru\/"},{"@type":"ListItem","position":2,"name":"E-pood","item":"https:\/\/beautyinstitute.ee\/e-pood\/"},{"@type":"ListItem","position":3,"name":"Microsilver \u2013 Jalavaht Kuivale Nahale"}]},{"@type":"WebSite","@id":"https:\/\/beautyinstitute.ee\/#website","url":"https:\/\/beautyinstitute.ee\/","name":"Beauty Institute","description":"CNC Cosmetic ametlik maaletooja ja edasim\u00fc\u00fcja Eestis, Soomes, L\u00e4tis. Aparaadikosmeetika, koolitused, kosmeetikatooted.","potentialAction":[{"@type":"SearchAction","target":{"@type":"EntryPoint","urlTemplate":"https:\/\/beautyinstitute.ee\/?s={search_term_string}"},"query-input":{"@type":"PropertyValueSpecification","valueRequired":true,"valueName":"search_term_string"}}],"inLanguage":"ru-RU"}]}},"_links":{"self":[{"href":"https:\/\/beautyinstitute.ee\/ru\/wp-json\/wp\/v2\/product\/2384","targetHints":{"allow":["GET"]}}],"collection":[{"href":"https:\/\/beautyinstitute.ee\/ru\/wp-json\/wp\/v2\/product"}],"about":[{"href":"https:\/\/beautyinstitute.ee\/ru\/wp-json\/wp\/v2\/types\/product"}],"wp:featuredmedia":[{"embeddable":true,"href":"https:\/\/beautyinstitute.ee\/ru\/wp-json\/wp\/v2\/media\/11984"}],"wp:attachment":[{"href":"https:\/\/beautyinstitute.ee\/ru\/wp-json\/wp\/v2\/media?parent=2384"}],"wp:term":[{"taxonomy":"product_cat","embeddable":true,"href":"https:\/\/beautyinstitute.ee\/ru\/wp-json\/wp\/v2\/product_cat?post=2384"},{"taxonomy":"product_tag","embeddable":true,"href":"https:\/\/beautyinstitute.ee\/ru\/wp-json\/wp\/v2\/product_tag?post=2384"}],"curies":[{"name":"wp","href":"https:\/\/api.w.org\/{rel}","templated":true}]}}