{"id":23861,"date":"2023-06-14T15:17:17","date_gmt":"2023-06-14T12:17:17","guid":{"rendered":"https:\/\/beautyinstitute.ee\/?post_type=product&#038;p=23861"},"modified":"2026-02-09T11:36:02","modified_gmt":"2026-02-09T09:36:02","slug":"kate-ja-kuuntekreem-sinnes-oase-30ml","status":"publish","type":"product","link":"https:\/\/beautyinstitute.ee\/ru\/toode\/kate-ja-kuuntekreem-sinnes-oase-30ml\/","title":{"rendered":"K\u00e4te- Ja K\u00fc\u00fcntekreem Sinnes Oase 30Ml"},"content":{"rendered":"<p id=\"tw-target-text\" class=\"tw-data-text tw-text-large tw-ta\" dir=\"ltr\" data-placeholder=\"T\u00f5lge\"><span class=\"Y2IQFc\" lang=\"et\">Kas olete v\u00e4sinud ja stressis? Lubage endale t\u00e4iuslikku tasakaalu spetsiaalse k\u00e4tehooldusega. See rikkalik k\u00e4te- ja k\u00fc\u00fcnekreem hooldab nahka intensiivselt. Lase end turgutada v\u00e4rskel sidrunheina l\u00f5hnal, mis kosutab sind nagu v\u00e4rske tuule\u00f5hk, enne kui m\u00f5nusalt soojendav apelsinil\u00f5hn sind endasse haarab ja l\u00f5dvestab. Intensiivselt hooldavad mandli- ja avokaado\u00f5lid koos kakaov\u00f5iga niisutavad nahka ja k\u00fc\u00fcsi intensiivselt ning tasakaalustavad rasvhappeid. Nahk ja k\u00fc\u00fcnenahad muutuvad siledamaks ja pehmemaks. Mangov\u00f5i ja avokaado\u00f5li tugevdavad naha kaitsebarj\u00e4\u00e4ri. Mereplanktoni ekstrakt t\u00e4iustab veelgi hoolduskogemust. Peale kreemitamist on k\u00e4ed ja k\u00fc\u00fcned ilusad, taaselustatud ja v\u00e4ga meeldiva sidrunheina l\u00f5hnaga.<\/span><\/p>\n<p class=\"tw-data-text tw-text-large tw-ta\" dir=\"ltr\" data-placeholder=\"T\u00f5lge\"><span class=\"Y2IQFc\" lang=\"et\"><strong>Kasutamine:<\/strong> Kandke hommikul ja \u00f5htul k\u00e4tele ja k\u00fc\u00fcntele ning masseerige h\u00e4sti.<\/span><\/p>\n","protected":false},"excerpt":{"rendered":"<p>Kas olete v\u00e4sinud ja stressis? Lubage endale t\u00e4iuslikku tasakaalu spetsiaalse k\u00e4tehooldusega. See rikkalik k\u00e4te- ja k\u00fc\u00fcnekreem hooldab nahka intensiivselt. Lase end turgutada v\u00e4rskel sidrunheina l\u00f5hnal, mis kosutab sind nagu v\u00e4rske tuule\u00f5hk, enne kui m\u00f5nusalt soojendav apelsinil\u00f5hn sind endasse haarab ja l\u00f5dvestab. Intensiivselt hooldavad mandli- ja avokaado\u00f5lid koos kakaov\u00f5iga niisutavad nahka ja k\u00fc\u00fcsi intensiivselt ning tasakaalustavad [&hellip;]<\/p>\n","protected":false},"featured_media":23862,"template":"","meta":{"_acf_changed":false},"product_cat":[291,254],"product_tag":[],"class_list":["post-23861","product","type-product","status-publish","has-post-thumbnail","hentry","product_cat-baehr-cosmetic","product_cat-katehooldustooted"],"acf":[],"yoast_head":"<!-- This site is optimized with the Yoast SEO plugin v25.4 - https:\/\/yoast.com\/wordpress\/plugins\/seo\/ -->\n<title>K\u00e4te- Ja K\u00fc\u00fcntekreem Sinnes Oase 30Ml - Beauty Institute<\/title>\n<meta name=\"robots\" content=\"index, follow, max-snippet:-1, max-image-preview:large, max-video-preview:-1\" \/>\n<link rel=\"canonical\" href=\"https:\/\/beautyinstitute.ee\/toode\/kate-ja-kuuntekreem-sinnes-oase-30ml\/\" \/>\n<meta property=\"og:locale\" content=\"ru_RU\" \/>\n<meta property=\"og:type\" content=\"article\" \/>\n<meta property=\"og:title\" content=\"K\u00e4te- Ja K\u00fc\u00fcntekreem Sinnes Oase 30Ml - Beauty Institute\" \/>\n<meta property=\"og:description\" content=\"Kas olete v\u00e4sinud ja stressis? Lubage endale t\u00e4iuslikku tasakaalu spetsiaalse k\u00e4tehooldusega. See rikkalik k\u00e4te- ja k\u00fc\u00fcnekreem hooldab nahka intensiivselt. Lase end turgutada v\u00e4rskel sidrunheina l\u00f5hnal, mis kosutab sind nagu v\u00e4rske tuule\u00f5hk, enne kui m\u00f5nusalt soojendav apelsinil\u00f5hn sind endasse haarab ja l\u00f5dvestab. Intensiivselt hooldavad mandli- ja avokaado\u00f5lid koos kakaov\u00f5iga niisutavad nahka ja k\u00fc\u00fcsi intensiivselt ning tasakaalustavad [&hellip;]\" \/>\n<meta property=\"og:url\" content=\"https:\/\/beautyinstitute.ee\/toode\/kate-ja-kuuntekreem-sinnes-oase-30ml\/\" \/>\n<meta property=\"og:site_name\" content=\"Beauty Institute\" \/>\n<meta property=\"article:modified_time\" content=\"2026-02-09T09:36:02+00:00\" \/>\n<meta property=\"og:image\" content=\"https:\/\/beautyinstitute.ee\/wp-content\/uploads\/2023\/06\/sinnes-oase-hand-und-nagelcreme_25037_1_1280x1280@2x.png\" \/>\n\t<meta property=\"og:image:width\" content=\"1772\" \/>\n\t<meta property=\"og:image:height\" content=\"1772\" \/>\n\t<meta property=\"og:image:type\" content=\"image\/png\" \/>\n<meta name=\"twitter:card\" content=\"summary_large_image\" \/>\n<meta name=\"twitter:site\" content=\"@Beauty_Eesti\" \/>\n<meta name=\"twitter:label1\" content=\"\u041f\u0440\u0438\u043c\u0435\u0440\u043d\u043e\u0435 \u0432\u0440\u0435\u043c\u044f \u0434\u043b\u044f \u0447\u0442\u0435\u043d\u0438\u044f\" \/>\n\t<meta name=\"twitter:data1\" content=\"1 \u043c\u0438\u043d\u0443\u0442\u0430\" \/>\n<script type=\"application\/ld+json\" class=\"yoast-schema-graph\">{\"@context\":\"https:\/\/schema.org\",\"@graph\":[{\"@type\":\"WebPage\",\"@id\":\"https:\/\/beautyinstitute.ee\/toode\/kate-ja-kuuntekreem-sinnes-oase-30ml\/\",\"url\":\"https:\/\/beautyinstitute.ee\/toode\/kate-ja-kuuntekreem-sinnes-oase-30ml\/\",\"name\":\"K\u00e4te- Ja K\u00fc\u00fcntekreem Sinnes Oase 30Ml - Beauty Institute\",\"isPartOf\":{\"@id\":\"https:\/\/beautyinstitute.ee\/#website\"},\"primaryImageOfPage\":{\"@id\":\"https:\/\/beautyinstitute.ee\/toode\/kate-ja-kuuntekreem-sinnes-oase-30ml\/#primaryimage\"},\"image\":{\"@id\":\"https:\/\/beautyinstitute.ee\/toode\/kate-ja-kuuntekreem-sinnes-oase-30ml\/#primaryimage\"},\"thumbnailUrl\":\"https:\/\/beautyinstitute.ee\/wp-content\/uploads\/2023\/06\/sinnes-oase-hand-und-nagelcreme_25037_1_1280x1280@2x.png\",\"datePublished\":\"2023-06-14T12:17:17+00:00\",\"dateModified\":\"2026-02-09T09:36:02+00:00\",\"breadcrumb\":{\"@id\":\"https:\/\/beautyinstitute.ee\/toode\/kate-ja-kuuntekreem-sinnes-oase-30ml\/#breadcrumb\"},\"inLanguage\":\"ru-RU\",\"potentialAction\":[{\"@type\":\"ReadAction\",\"target\":[\"https:\/\/beautyinstitute.ee\/toode\/kate-ja-kuuntekreem-sinnes-oase-30ml\/\"]}]},{\"@type\":\"ImageObject\",\"inLanguage\":\"ru-RU\",\"@id\":\"https:\/\/beautyinstitute.ee\/toode\/kate-ja-kuuntekreem-sinnes-oase-30ml\/#primaryimage\",\"url\":\"https:\/\/beautyinstitute.ee\/wp-content\/uploads\/2023\/06\/sinnes-oase-hand-und-nagelcreme_25037_1_1280x1280@2x.png\",\"contentUrl\":\"https:\/\/beautyinstitute.ee\/wp-content\/uploads\/2023\/06\/sinnes-oase-hand-und-nagelcreme_25037_1_1280x1280@2x.png\",\"width\":1772,\"height\":1772},{\"@type\":\"BreadcrumbList\",\"@id\":\"https:\/\/beautyinstitute.ee\/toode\/kate-ja-kuuntekreem-sinnes-oase-30ml\/#breadcrumb\",\"itemListElement\":[{\"@type\":\"ListItem\",\"position\":1,\"name\":\"Home\",\"item\":\"https:\/\/beautyinstitute.ee\/ru\/\"},{\"@type\":\"ListItem\",\"position\":2,\"name\":\"E-pood\",\"item\":\"https:\/\/beautyinstitute.ee\/e-pood\/\"},{\"@type\":\"ListItem\",\"position\":3,\"name\":\"K\u00e4te- Ja K\u00fc\u00fcntekreem Sinnes Oase 30Ml\"}]},{\"@type\":\"WebSite\",\"@id\":\"https:\/\/beautyinstitute.ee\/#website\",\"url\":\"https:\/\/beautyinstitute.ee\/\",\"name\":\"Beauty Institute\",\"description\":\"CNC Cosmetic ametlik maaletooja ja edasim\u00fc\u00fcja Eestis, Soomes, L\u00e4tis. Aparaadikosmeetika, koolitused, kosmeetikatooted.\",\"potentialAction\":[{\"@type\":\"SearchAction\",\"target\":{\"@type\":\"EntryPoint\",\"urlTemplate\":\"https:\/\/beautyinstitute.ee\/?s={search_term_string}\"},\"query-input\":{\"@type\":\"PropertyValueSpecification\",\"valueRequired\":true,\"valueName\":\"search_term_string\"}}],\"inLanguage\":\"ru-RU\"}]}<\/script>\n<!-- \/ Yoast SEO plugin. -->","yoast_head_json":{"title":"K\u00e4te- Ja K\u00fc\u00fcntekreem Sinnes Oase 30Ml - Beauty Institute","robots":{"index":"index","follow":"follow","max-snippet":"max-snippet:-1","max-image-preview":"max-image-preview:large","max-video-preview":"max-video-preview:-1"},"canonical":"https:\/\/beautyinstitute.ee\/toode\/kate-ja-kuuntekreem-sinnes-oase-30ml\/","og_locale":"ru_RU","og_type":"article","og_title":"K\u00e4te- Ja K\u00fc\u00fcntekreem Sinnes Oase 30Ml - Beauty Institute","og_description":"Kas olete v\u00e4sinud ja stressis? Lubage endale t\u00e4iuslikku tasakaalu spetsiaalse k\u00e4tehooldusega. See rikkalik k\u00e4te- ja k\u00fc\u00fcnekreem hooldab nahka intensiivselt. Lase end turgutada v\u00e4rskel sidrunheina l\u00f5hnal, mis kosutab sind nagu v\u00e4rske tuule\u00f5hk, enne kui m\u00f5nusalt soojendav apelsinil\u00f5hn sind endasse haarab ja l\u00f5dvestab. Intensiivselt hooldavad mandli- ja avokaado\u00f5lid koos kakaov\u00f5iga niisutavad nahka ja k\u00fc\u00fcsi intensiivselt ning tasakaalustavad [&hellip;]","og_url":"https:\/\/beautyinstitute.ee\/toode\/kate-ja-kuuntekreem-sinnes-oase-30ml\/","og_site_name":"Beauty Institute","article_modified_time":"2026-02-09T09:36:02+00:00","og_image":[{"width":1772,"height":1772,"url":"https:\/\/beautyinstitute.ee\/wp-content\/uploads\/2023\/06\/sinnes-oase-hand-und-nagelcreme_25037_1_1280x1280@2x.png","type":"image\/png"}],"twitter_card":"summary_large_image","twitter_site":"@Beauty_Eesti","twitter_misc":{"\u041f\u0440\u0438\u043c\u0435\u0440\u043d\u043e\u0435 \u0432\u0440\u0435\u043c\u044f \u0434\u043b\u044f \u0447\u0442\u0435\u043d\u0438\u044f":"1 \u043c\u0438\u043d\u0443\u0442\u0430"},"schema":{"@context":"https:\/\/schema.org","@graph":[{"@type":"WebPage","@id":"https:\/\/beautyinstitute.ee\/toode\/kate-ja-kuuntekreem-sinnes-oase-30ml\/","url":"https:\/\/beautyinstitute.ee\/toode\/kate-ja-kuuntekreem-sinnes-oase-30ml\/","name":"K\u00e4te- Ja K\u00fc\u00fcntekreem Sinnes Oase 30Ml - Beauty Institute","isPartOf":{"@id":"https:\/\/beautyinstitute.ee\/#website"},"primaryImageOfPage":{"@id":"https:\/\/beautyinstitute.ee\/toode\/kate-ja-kuuntekreem-sinnes-oase-30ml\/#primaryimage"},"image":{"@id":"https:\/\/beautyinstitute.ee\/toode\/kate-ja-kuuntekreem-sinnes-oase-30ml\/#primaryimage"},"thumbnailUrl":"https:\/\/beautyinstitute.ee\/wp-content\/uploads\/2023\/06\/sinnes-oase-hand-und-nagelcreme_25037_1_1280x1280@2x.png","datePublished":"2023-06-14T12:17:17+00:00","dateModified":"2026-02-09T09:36:02+00:00","breadcrumb":{"@id":"https:\/\/beautyinstitute.ee\/toode\/kate-ja-kuuntekreem-sinnes-oase-30ml\/#breadcrumb"},"inLanguage":"ru-RU","potentialAction":[{"@type":"ReadAction","target":["https:\/\/beautyinstitute.ee\/toode\/kate-ja-kuuntekreem-sinnes-oase-30ml\/"]}]},{"@type":"ImageObject","inLanguage":"ru-RU","@id":"https:\/\/beautyinstitute.ee\/toode\/kate-ja-kuuntekreem-sinnes-oase-30ml\/#primaryimage","url":"https:\/\/beautyinstitute.ee\/wp-content\/uploads\/2023\/06\/sinnes-oase-hand-und-nagelcreme_25037_1_1280x1280@2x.png","contentUrl":"https:\/\/beautyinstitute.ee\/wp-content\/uploads\/2023\/06\/sinnes-oase-hand-und-nagelcreme_25037_1_1280x1280@2x.png","width":1772,"height":1772},{"@type":"BreadcrumbList","@id":"https:\/\/beautyinstitute.ee\/toode\/kate-ja-kuuntekreem-sinnes-oase-30ml\/#breadcrumb","itemListElement":[{"@type":"ListItem","position":1,"name":"Home","item":"https:\/\/beautyinstitute.ee\/ru\/"},{"@type":"ListItem","position":2,"name":"E-pood","item":"https:\/\/beautyinstitute.ee\/e-pood\/"},{"@type":"ListItem","position":3,"name":"K\u00e4te- Ja K\u00fc\u00fcntekreem Sinnes Oase 30Ml"}]},{"@type":"WebSite","@id":"https:\/\/beautyinstitute.ee\/#website","url":"https:\/\/beautyinstitute.ee\/","name":"Beauty Institute","description":"CNC Cosmetic ametlik maaletooja ja edasim\u00fc\u00fcja Eestis, Soomes, L\u00e4tis. Aparaadikosmeetika, koolitused, kosmeetikatooted.","potentialAction":[{"@type":"SearchAction","target":{"@type":"EntryPoint","urlTemplate":"https:\/\/beautyinstitute.ee\/?s={search_term_string}"},"query-input":{"@type":"PropertyValueSpecification","valueRequired":true,"valueName":"search_term_string"}}],"inLanguage":"ru-RU"}]}},"_links":{"self":[{"href":"https:\/\/beautyinstitute.ee\/ru\/wp-json\/wp\/v2\/product\/23861","targetHints":{"allow":["GET"]}}],"collection":[{"href":"https:\/\/beautyinstitute.ee\/ru\/wp-json\/wp\/v2\/product"}],"about":[{"href":"https:\/\/beautyinstitute.ee\/ru\/wp-json\/wp\/v2\/types\/product"}],"wp:featuredmedia":[{"embeddable":true,"href":"https:\/\/beautyinstitute.ee\/ru\/wp-json\/wp\/v2\/media\/23862"}],"wp:attachment":[{"href":"https:\/\/beautyinstitute.ee\/ru\/wp-json\/wp\/v2\/media?parent=23861"}],"wp:term":[{"taxonomy":"product_cat","embeddable":true,"href":"https:\/\/beautyinstitute.ee\/ru\/wp-json\/wp\/v2\/product_cat?post=23861"},{"taxonomy":"product_tag","embeddable":true,"href":"https:\/\/beautyinstitute.ee\/ru\/wp-json\/wp\/v2\/product_tag?post=23861"}],"curies":[{"name":"wp","href":"https:\/\/api.w.org\/{rel}","templated":true}]}}