{"id":23881,"date":"2023-06-14T16:24:34","date_gmt":"2023-06-14T13:24:34","guid":{"rendered":"https:\/\/beautyinstitute.ee\/?post_type=product&#038;p=23881"},"modified":"2026-02-15T19:54:06","modified_gmt":"2026-02-15T17:54:06","slug":"seerum-oxygenant-30ml","status":"publish","type":"product","link":"https:\/\/beautyinstitute.ee\/ru\/toode\/seerum-oxygenant-30ml\/","title":{"rendered":"Seerum Oxygenant 30Ml"},"content":{"rendered":"<p id=\"tw-target-text\" class=\"tw-data-text tw-text-large tw-ta\" dir=\"ltr\" data-placeholder=\"T\u00f5lge\"><span class=\"Y2IQFc\" lang=\"et\"><strong>Kaitseb naha enda \u00f6kos\u00fcsteemi.<\/strong> <\/span><\/p>\n<p class=\"tw-data-text tw-text-large tw-ta\" dir=\"ltr\" data-placeholder=\"T\u00f5lge\"><span class=\"Y2IQFc\" lang=\"et\">Punavetikaekstrakti ja oligosahhariididega seerum on energiav\u00f5imendaja k\u00f5ikidele nahat\u00fc\u00fcpidele, hooldab v\u00e4sinud ja stressis nahka. Imeliselt kerge seerum imendub kiiresti, ei j\u00e4ta nahka \u00a0rasvaseks ja annab kohese v\u00e4rskustunde. <\/span><\/p>\n<p class=\"tw-data-text tw-text-large tw-ta\" dir=\"ltr\" data-placeholder=\"T\u00f5lge\"><span class=\"Y2IQFc\" lang=\"et\">Seerumid \u2013 intensiivhooldus nii p\u00e4evaks kui \u00f6\u00f6ks. K\u00f5rgelt kontsentreeritud aktiivainetega seerumeid on t\u00e4nu \u00f5rnale peenele konsistentsile imelihtne hajutada. Need toidavad nahka v\u00e4\u00e4rtuslike hooldusainetega ja aktiveerivad olulisi nahafunktsioone.\u00a0<\/span><\/p>\n<p class=\"tw-data-text tw-text-large tw-ta\" dir=\"ltr\" data-placeholder=\"T\u00f5lge\"><span class=\"Y2IQFc\" lang=\"et\"><strong>Kasutamine:<\/strong> Kandke kas hommikul v\u00f5i vastavalt vajadusele puhastatud nahale ja masseerige \u00f5rnalt. Kui nahk on v\u00e4ga kuiv, v\u00f5ib peale kanda kreemi.<\/span><\/p>\n","protected":false},"excerpt":{"rendered":"<p>Kaitseb naha enda \u00f6kos\u00fcsteemi. Punavetikaekstrakti ja oligosahhariididega seerum on energiav\u00f5imendaja k\u00f5ikidele nahat\u00fc\u00fcpidele, hooldab v\u00e4sinud ja stressis nahka. Imeliselt kerge seerum imendub kiiresti, ei j\u00e4ta nahka \u00a0rasvaseks ja annab kohese v\u00e4rskustunde. Seerumid \u2013 intensiivhooldus nii p\u00e4evaks kui \u00f6\u00f6ks. K\u00f5rgelt kontsentreeritud aktiivainetega seerumeid on t\u00e4nu \u00f5rnale peenele konsistentsile imelihtne hajutada. Need toidavad nahka v\u00e4\u00e4rtuslike hooldusainetega ja aktiveerivad [&hellip;]<\/p>\n","protected":false},"featured_media":23883,"template":"","meta":{"_acf_changed":false},"product_cat":[291,249],"product_tag":[],"class_list":["post-23881","product","type-product","status-publish","has-post-thumbnail","hentry","product_cat-baehr-cosmetic","product_cat-seerumid-2"],"acf":[],"yoast_head":"<!-- This site is optimized with the Yoast SEO plugin v25.4 - https:\/\/yoast.com\/wordpress\/plugins\/seo\/ -->\n<title>Seerum Oxygenant 30Ml - Beauty Institute<\/title>\n<meta name=\"robots\" content=\"index, follow, max-snippet:-1, max-image-preview:large, max-video-preview:-1\" \/>\n<link rel=\"canonical\" href=\"https:\/\/beautyinstitute.ee\/toode\/seerum-oxygenant-30ml\/\" \/>\n<meta property=\"og:locale\" content=\"ru_RU\" \/>\n<meta property=\"og:type\" content=\"article\" \/>\n<meta property=\"og:title\" content=\"Seerum Oxygenant 30Ml - Beauty Institute\" \/>\n<meta property=\"og:description\" content=\"Kaitseb naha enda \u00f6kos\u00fcsteemi. Punavetikaekstrakti ja oligosahhariididega seerum on energiav\u00f5imendaja k\u00f5ikidele nahat\u00fc\u00fcpidele, hooldab v\u00e4sinud ja stressis nahka. Imeliselt kerge seerum imendub kiiresti, ei j\u00e4ta nahka \u00a0rasvaseks ja annab kohese v\u00e4rskustunde. Seerumid \u2013 intensiivhooldus nii p\u00e4evaks kui \u00f6\u00f6ks. K\u00f5rgelt kontsentreeritud aktiivainetega seerumeid on t\u00e4nu \u00f5rnale peenele konsistentsile imelihtne hajutada. Need toidavad nahka v\u00e4\u00e4rtuslike hooldusainetega ja aktiveerivad [&hellip;]\" \/>\n<meta property=\"og:url\" content=\"https:\/\/beautyinstitute.ee\/toode\/seerum-oxygenant-30ml\/\" \/>\n<meta property=\"og:site_name\" content=\"Beauty Institute\" \/>\n<meta property=\"article:modified_time\" content=\"2026-02-15T17:54:06+00:00\" \/>\n<meta property=\"og:image\" content=\"https:\/\/beautyinstitute.ee\/wp-content\/uploads\/2023\/06\/serum-oxygenant_25115_1280x1280@2x.png\" \/>\n\t<meta property=\"og:image:width\" content=\"2560\" \/>\n\t<meta property=\"og:image:height\" content=\"2560\" \/>\n\t<meta property=\"og:image:type\" content=\"image\/png\" \/>\n<meta name=\"twitter:card\" content=\"summary_large_image\" \/>\n<meta name=\"twitter:site\" content=\"@Beauty_Eesti\" \/>\n<meta name=\"twitter:label1\" content=\"\u041f\u0440\u0438\u043c\u0435\u0440\u043d\u043e\u0435 \u0432\u0440\u0435\u043c\u044f \u0434\u043b\u044f \u0447\u0442\u0435\u043d\u0438\u044f\" \/>\n\t<meta name=\"twitter:data1\" content=\"1 \u043c\u0438\u043d\u0443\u0442\u0430\" \/>\n<script type=\"application\/ld+json\" class=\"yoast-schema-graph\">{\"@context\":\"https:\/\/schema.org\",\"@graph\":[{\"@type\":\"WebPage\",\"@id\":\"https:\/\/beautyinstitute.ee\/toode\/seerum-oxygenant-30ml\/\",\"url\":\"https:\/\/beautyinstitute.ee\/toode\/seerum-oxygenant-30ml\/\",\"name\":\"Seerum Oxygenant 30Ml - Beauty Institute\",\"isPartOf\":{\"@id\":\"https:\/\/beautyinstitute.ee\/#website\"},\"primaryImageOfPage\":{\"@id\":\"https:\/\/beautyinstitute.ee\/toode\/seerum-oxygenant-30ml\/#primaryimage\"},\"image\":{\"@id\":\"https:\/\/beautyinstitute.ee\/toode\/seerum-oxygenant-30ml\/#primaryimage\"},\"thumbnailUrl\":\"https:\/\/beautyinstitute.ee\/wp-content\/uploads\/2023\/06\/serum-oxygenant_25115_1280x1280@2x.png\",\"datePublished\":\"2023-06-14T13:24:34+00:00\",\"dateModified\":\"2026-02-15T17:54:06+00:00\",\"breadcrumb\":{\"@id\":\"https:\/\/beautyinstitute.ee\/toode\/seerum-oxygenant-30ml\/#breadcrumb\"},\"inLanguage\":\"ru-RU\",\"potentialAction\":[{\"@type\":\"ReadAction\",\"target\":[\"https:\/\/beautyinstitute.ee\/toode\/seerum-oxygenant-30ml\/\"]}]},{\"@type\":\"ImageObject\",\"inLanguage\":\"ru-RU\",\"@id\":\"https:\/\/beautyinstitute.ee\/toode\/seerum-oxygenant-30ml\/#primaryimage\",\"url\":\"https:\/\/beautyinstitute.ee\/wp-content\/uploads\/2023\/06\/serum-oxygenant_25115_1280x1280@2x.png\",\"contentUrl\":\"https:\/\/beautyinstitute.ee\/wp-content\/uploads\/2023\/06\/serum-oxygenant_25115_1280x1280@2x.png\",\"width\":2560,\"height\":2560},{\"@type\":\"BreadcrumbList\",\"@id\":\"https:\/\/beautyinstitute.ee\/toode\/seerum-oxygenant-30ml\/#breadcrumb\",\"itemListElement\":[{\"@type\":\"ListItem\",\"position\":1,\"name\":\"Home\",\"item\":\"https:\/\/beautyinstitute.ee\/ru\/\"},{\"@type\":\"ListItem\",\"position\":2,\"name\":\"E-pood\",\"item\":\"https:\/\/beautyinstitute.ee\/e-pood\/\"},{\"@type\":\"ListItem\",\"position\":3,\"name\":\"Seerum Oxygenant 30Ml\"}]},{\"@type\":\"WebSite\",\"@id\":\"https:\/\/beautyinstitute.ee\/#website\",\"url\":\"https:\/\/beautyinstitute.ee\/\",\"name\":\"Beauty Institute\",\"description\":\"CNC Cosmetic ametlik maaletooja ja edasim\u00fc\u00fcja Eestis, Soomes, L\u00e4tis. Aparaadikosmeetika, koolitused, kosmeetikatooted.\",\"potentialAction\":[{\"@type\":\"SearchAction\",\"target\":{\"@type\":\"EntryPoint\",\"urlTemplate\":\"https:\/\/beautyinstitute.ee\/?s={search_term_string}\"},\"query-input\":{\"@type\":\"PropertyValueSpecification\",\"valueRequired\":true,\"valueName\":\"search_term_string\"}}],\"inLanguage\":\"ru-RU\"}]}<\/script>\n<!-- \/ Yoast SEO plugin. -->","yoast_head_json":{"title":"Seerum Oxygenant 30Ml - Beauty Institute","robots":{"index":"index","follow":"follow","max-snippet":"max-snippet:-1","max-image-preview":"max-image-preview:large","max-video-preview":"max-video-preview:-1"},"canonical":"https:\/\/beautyinstitute.ee\/toode\/seerum-oxygenant-30ml\/","og_locale":"ru_RU","og_type":"article","og_title":"Seerum Oxygenant 30Ml - Beauty Institute","og_description":"Kaitseb naha enda \u00f6kos\u00fcsteemi. Punavetikaekstrakti ja oligosahhariididega seerum on energiav\u00f5imendaja k\u00f5ikidele nahat\u00fc\u00fcpidele, hooldab v\u00e4sinud ja stressis nahka. Imeliselt kerge seerum imendub kiiresti, ei j\u00e4ta nahka \u00a0rasvaseks ja annab kohese v\u00e4rskustunde. Seerumid \u2013 intensiivhooldus nii p\u00e4evaks kui \u00f6\u00f6ks. K\u00f5rgelt kontsentreeritud aktiivainetega seerumeid on t\u00e4nu \u00f5rnale peenele konsistentsile imelihtne hajutada. Need toidavad nahka v\u00e4\u00e4rtuslike hooldusainetega ja aktiveerivad [&hellip;]","og_url":"https:\/\/beautyinstitute.ee\/toode\/seerum-oxygenant-30ml\/","og_site_name":"Beauty Institute","article_modified_time":"2026-02-15T17:54:06+00:00","og_image":[{"width":2560,"height":2560,"url":"https:\/\/beautyinstitute.ee\/wp-content\/uploads\/2023\/06\/serum-oxygenant_25115_1280x1280@2x.png","type":"image\/png"}],"twitter_card":"summary_large_image","twitter_site":"@Beauty_Eesti","twitter_misc":{"\u041f\u0440\u0438\u043c\u0435\u0440\u043d\u043e\u0435 \u0432\u0440\u0435\u043c\u044f \u0434\u043b\u044f \u0447\u0442\u0435\u043d\u0438\u044f":"1 \u043c\u0438\u043d\u0443\u0442\u0430"},"schema":{"@context":"https:\/\/schema.org","@graph":[{"@type":"WebPage","@id":"https:\/\/beautyinstitute.ee\/toode\/seerum-oxygenant-30ml\/","url":"https:\/\/beautyinstitute.ee\/toode\/seerum-oxygenant-30ml\/","name":"Seerum Oxygenant 30Ml - Beauty Institute","isPartOf":{"@id":"https:\/\/beautyinstitute.ee\/#website"},"primaryImageOfPage":{"@id":"https:\/\/beautyinstitute.ee\/toode\/seerum-oxygenant-30ml\/#primaryimage"},"image":{"@id":"https:\/\/beautyinstitute.ee\/toode\/seerum-oxygenant-30ml\/#primaryimage"},"thumbnailUrl":"https:\/\/beautyinstitute.ee\/wp-content\/uploads\/2023\/06\/serum-oxygenant_25115_1280x1280@2x.png","datePublished":"2023-06-14T13:24:34+00:00","dateModified":"2026-02-15T17:54:06+00:00","breadcrumb":{"@id":"https:\/\/beautyinstitute.ee\/toode\/seerum-oxygenant-30ml\/#breadcrumb"},"inLanguage":"ru-RU","potentialAction":[{"@type":"ReadAction","target":["https:\/\/beautyinstitute.ee\/toode\/seerum-oxygenant-30ml\/"]}]},{"@type":"ImageObject","inLanguage":"ru-RU","@id":"https:\/\/beautyinstitute.ee\/toode\/seerum-oxygenant-30ml\/#primaryimage","url":"https:\/\/beautyinstitute.ee\/wp-content\/uploads\/2023\/06\/serum-oxygenant_25115_1280x1280@2x.png","contentUrl":"https:\/\/beautyinstitute.ee\/wp-content\/uploads\/2023\/06\/serum-oxygenant_25115_1280x1280@2x.png","width":2560,"height":2560},{"@type":"BreadcrumbList","@id":"https:\/\/beautyinstitute.ee\/toode\/seerum-oxygenant-30ml\/#breadcrumb","itemListElement":[{"@type":"ListItem","position":1,"name":"Home","item":"https:\/\/beautyinstitute.ee\/ru\/"},{"@type":"ListItem","position":2,"name":"E-pood","item":"https:\/\/beautyinstitute.ee\/e-pood\/"},{"@type":"ListItem","position":3,"name":"Seerum Oxygenant 30Ml"}]},{"@type":"WebSite","@id":"https:\/\/beautyinstitute.ee\/#website","url":"https:\/\/beautyinstitute.ee\/","name":"Beauty Institute","description":"CNC Cosmetic ametlik maaletooja ja edasim\u00fc\u00fcja Eestis, Soomes, L\u00e4tis. Aparaadikosmeetika, koolitused, kosmeetikatooted.","potentialAction":[{"@type":"SearchAction","target":{"@type":"EntryPoint","urlTemplate":"https:\/\/beautyinstitute.ee\/?s={search_term_string}"},"query-input":{"@type":"PropertyValueSpecification","valueRequired":true,"valueName":"search_term_string"}}],"inLanguage":"ru-RU"}]}},"_links":{"self":[{"href":"https:\/\/beautyinstitute.ee\/ru\/wp-json\/wp\/v2\/product\/23881","targetHints":{"allow":["GET"]}}],"collection":[{"href":"https:\/\/beautyinstitute.ee\/ru\/wp-json\/wp\/v2\/product"}],"about":[{"href":"https:\/\/beautyinstitute.ee\/ru\/wp-json\/wp\/v2\/types\/product"}],"wp:featuredmedia":[{"embeddable":true,"href":"https:\/\/beautyinstitute.ee\/ru\/wp-json\/wp\/v2\/media\/23883"}],"wp:attachment":[{"href":"https:\/\/beautyinstitute.ee\/ru\/wp-json\/wp\/v2\/media?parent=23881"}],"wp:term":[{"taxonomy":"product_cat","embeddable":true,"href":"https:\/\/beautyinstitute.ee\/ru\/wp-json\/wp\/v2\/product_cat?post=23881"},{"taxonomy":"product_tag","embeddable":true,"href":"https:\/\/beautyinstitute.ee\/ru\/wp-json\/wp\/v2\/product_tag?post=23881"}],"curies":[{"name":"wp","href":"https:\/\/api.w.org\/{rel}","templated":true}]}}