{"id":23892,"date":"2023-06-15T10:50:44","date_gmt":"2023-06-15T07:50:44","guid":{"rendered":"https:\/\/beautyinstitute.ee\/?post_type=product&#038;p=23892"},"modified":"2026-04-14T12:18:04","modified_gmt":"2026-04-14T09:18:04","slug":"professionaalne-silmahooldus-komplekt-seerum-kreem-mask","status":"publish","type":"product","link":"https:\/\/beautyinstitute.ee\/ru\/toode\/professionaalne-silmahooldus-komplekt-seerum-kreem-mask\/","title":{"rendered":"Professionaalne Silmahooldus Komplekt Seerum-Kreem-Mask"},"content":{"rendered":"<p id=\"tw-target-text\" class=\"tw-data-text tw-text-large tw-ta\" dir=\"ltr\" data-placeholder=\"T\u00f5lge\"><span class=\"Y2IQFc\" lang=\"et\">3-osaline komplekt, mis sisaldab \u00a0silmaseerumit, silma\u00fcmbruse geelkreemi, silmamaski.<\/span><\/p>\n<p class=\"tw-data-text tw-text-large tw-ta\" dir=\"ltr\" data-placeholder=\"T\u00f5lge\"><span class=\"Y2IQFc\" lang=\"et\">Silmahoolduskomplekt &#8220;Professional&#8221; on ideaalne erihooldus silmadele. Tooted pakuvad optimaalset hooldust ja kaitset \u00f6\u00f6p\u00e4evaringselt. Eriti nahas\u00f5bralike ainete kombinatsioonid tagavad niiskustasakaalu, aktiveerivad naha funktsioone ja parandavad naha elastsust.Spetsiaalsed Silmahooldustooted sobivad eriti h\u00e4sti tundlikule silma\u00fcmbruspiirkonnale ning sisaldavad hooldavaid, rahustavaid, v\u00e4rskendavaid v\u00f5i jahutavaid toimeaineid.<\/span><\/p>\n<p><b>Silmaseerum, 30 ml<\/b><\/p>\n<p>Intensiivselt hooldav seerum kuivale, kontuuri kaotanud silma\u00fcmbrusele.<\/p>\n<p>Astelpaju-, granaat\u00f5una- ja kaeraseemneekstrakti ning h\u00fcaluroonhappe toimeainete kompleks hooldab ja silub silmakontuure ning aitab v\u00e4hendada tumedaid ringe ja kotte silmade all. Silma\u00fcmbrus tundub koheselt s\u00e4ravam. Geeli tekstuur imendub kergesti ja annab kohese<span class=\"Apple-converted-space\">\u00a0 <\/span>v\u00e4rskuse.<\/p>\n<p><strong>Kasutamine:<\/strong> Kandke silma\u00fcmbruspiirkonnale ja masseerige \u00f5rnalt.<\/p>\n<p>M\u00e4rkus: Toode sisaldab looduslikke koostisosi, mis v\u00f5ivad p\u00f5hjustada toote v\u00e4rvimuutust, ilma et see m\u00f5jutaks toote kvaliteeti.<\/p>\n<p>&nbsp;<\/p>\n<p><b>Silma geelkreem, 30 ml <\/b><\/p>\n<p>Geeljas kreem stressis, deh\u00fcdreerunud silma\u00fcmbruse hooldamiseks.<\/p>\n<p>Taastavate toimeainetega, nagu<span class=\"Apple-converted-space\">\u00a0 <\/span>h\u00fcaluroonhape ja pol\u00fcsahhariidid, annab see kreem-seerum tundlikule, veetustatud silma\u00fcmbrusele pehmuse ja elastsuse.<\/p>\n<p><strong>Kasutamine:<\/strong> Kandke vastavalt vajadusele silma\u00fcmbrusele ja masseerige \u00f5rnalt.<\/p>\n<p>M\u00e4rkus: Toode sisaldab looduslikke koostisosi, mis v\u00f5ivad p\u00f5hjustada toote v\u00e4rvimuutust, ilma et see m\u00f5jutaks toote kvaliteeti.<\/p>\n<p>&nbsp;<\/p>\n<p><b>Silmamask, 150 ml<span class=\"Apple-converted-space\">\u00a0<\/span><\/b><\/p>\n<p>L\u00f5dvestab, jahutab ja v\u00e4rskendab silmakontuure.<\/p>\n<p>Rukkilille (Centaurea cyanus) ekstraktid v\u00e4rskendavad ja m\u00f5juvad turgutavalt v\u00e4sinud silmadele.<\/p>\n<p>Jaapani pagoodipuu (Sophora japonica) \u00f5ieekstrakt koos p\u00e4rmiekstraktiga<span class=\"Apple-converted-space\">\u00a0 <\/span>avaldadab turset leevendavat toimet.<\/p>\n<p>Gl\u00fctseriin tagab silma\u00fcmbruse pehmuse ja parema niisutuse.<\/p>\n<p>Puus\u00f5najala ekstrakt moodustab nahale siluva toimega kile.<\/p>\n<p>Parema v\u00e4rskuse efekti saavutamiseks soovitame hoida maski jahedas ja kasutada jahutatult.<\/p>\n<p>Kasutamine: kandke kord n\u00e4dalas silma\u00fcmbruspiirkonnale (v\u00e4ltige silmalauge). Laske m\u00f5juda 10 minutit ja eemaldage \u00f5rnalt niiskete patjadega.<\/p>\n<p>&nbsp;<\/p>\n","protected":false},"excerpt":{"rendered":"<p>3-osaline komplekt, mis sisaldab \u00a0silmaseerumit, silma\u00fcmbruse geelkreemi, silmamaski. Silmahoolduskomplekt &#8220;Professional&#8221; on ideaalne erihooldus silmadele. Tooted pakuvad optimaalset hooldust ja kaitset \u00f6\u00f6p\u00e4evaringselt. Eriti nahas\u00f5bralike ainete kombinatsioonid tagavad niiskustasakaalu, aktiveerivad naha funktsioone ja parandavad naha elastsust.Spetsiaalsed Silmahooldustooted sobivad eriti h\u00e4sti tundlikule silma\u00fcmbruspiirkonnale ning sisaldavad hooldavaid, rahustavaid, v\u00e4rskendavaid v\u00f5i jahutavaid toimeaineid. Silmaseerum, 30 ml Intensiivselt hooldav seerum kuivale, [&hellip;]<\/p>\n","protected":false},"featured_media":23893,"template":"","meta":{"_acf_changed":false},"product_cat":[291,251],"product_tag":[],"class_list":["post-23892","product","type-product","status-publish","has-post-thumbnail","hentry","product_cat-baehr-cosmetic","product_cat-silmakreemid"],"acf":[],"yoast_head":"<!-- This site is optimized with the Yoast SEO plugin v25.4 - https:\/\/yoast.com\/wordpress\/plugins\/seo\/ -->\n<title>Professionaalne Silmahooldus Komplekt Seerum-Kreem-Mask - Beauty Institute<\/title>\n<meta name=\"robots\" content=\"index, follow, max-snippet:-1, max-image-preview:large, max-video-preview:-1\" \/>\n<link rel=\"canonical\" href=\"https:\/\/beautyinstitute.ee\/toode\/professionaalne-silmahooldus-komplekt-seerum-kreem-mask\/\" \/>\n<meta property=\"og:locale\" content=\"ru_RU\" \/>\n<meta property=\"og:type\" content=\"article\" \/>\n<meta property=\"og:title\" content=\"Professionaalne Silmahooldus Komplekt Seerum-Kreem-Mask - Beauty Institute\" \/>\n<meta property=\"og:description\" content=\"3-osaline komplekt, mis sisaldab \u00a0silmaseerumit, silma\u00fcmbruse geelkreemi, silmamaski. Silmahoolduskomplekt &#8220;Professional&#8221; on ideaalne erihooldus silmadele. Tooted pakuvad optimaalset hooldust ja kaitset \u00f6\u00f6p\u00e4evaringselt. Eriti nahas\u00f5bralike ainete kombinatsioonid tagavad niiskustasakaalu, aktiveerivad naha funktsioone ja parandavad naha elastsust.Spetsiaalsed Silmahooldustooted sobivad eriti h\u00e4sti tundlikule silma\u00fcmbruspiirkonnale ning sisaldavad hooldavaid, rahustavaid, v\u00e4rskendavaid v\u00f5i jahutavaid toimeaineid. Silmaseerum, 30 ml Intensiivselt hooldav seerum kuivale, [&hellip;]\" \/>\n<meta property=\"og:url\" content=\"https:\/\/beautyinstitute.ee\/toode\/professionaalne-silmahooldus-komplekt-seerum-kreem-mask\/\" \/>\n<meta property=\"og:site_name\" content=\"Beauty Institute\" \/>\n<meta property=\"article:modified_time\" content=\"2026-04-14T09:18:04+00:00\" \/>\n<meta property=\"og:image\" content=\"https:\/\/beautyinstitute.ee\/wp-content\/uploads\/2023\/06\/augenpflege-set-professional_25092_1_1280x1280@2x-1024x1024.png\" \/>\n\t<meta property=\"og:image:width\" content=\"1024\" \/>\n\t<meta property=\"og:image:height\" content=\"1024\" \/>\n\t<meta property=\"og:image:type\" content=\"image\/png\" \/>\n<meta name=\"twitter:card\" content=\"summary_large_image\" \/>\n<meta name=\"twitter:site\" content=\"@Beauty_Eesti\" \/>\n<meta name=\"twitter:label1\" content=\"\u041f\u0440\u0438\u043c\u0435\u0440\u043d\u043e\u0435 \u0432\u0440\u0435\u043c\u044f \u0434\u043b\u044f \u0447\u0442\u0435\u043d\u0438\u044f\" \/>\n\t<meta name=\"twitter:data1\" content=\"2 \u043c\u0438\u043d\u0443\u0442\u044b\" \/>\n<script type=\"application\/ld+json\" class=\"yoast-schema-graph\">{\"@context\":\"https:\/\/schema.org\",\"@graph\":[{\"@type\":\"WebPage\",\"@id\":\"https:\/\/beautyinstitute.ee\/toode\/professionaalne-silmahooldus-komplekt-seerum-kreem-mask\/\",\"url\":\"https:\/\/beautyinstitute.ee\/toode\/professionaalne-silmahooldus-komplekt-seerum-kreem-mask\/\",\"name\":\"Professionaalne Silmahooldus Komplekt Seerum-Kreem-Mask - Beauty Institute\",\"isPartOf\":{\"@id\":\"https:\/\/beautyinstitute.ee\/#website\"},\"primaryImageOfPage\":{\"@id\":\"https:\/\/beautyinstitute.ee\/toode\/professionaalne-silmahooldus-komplekt-seerum-kreem-mask\/#primaryimage\"},\"image\":{\"@id\":\"https:\/\/beautyinstitute.ee\/toode\/professionaalne-silmahooldus-komplekt-seerum-kreem-mask\/#primaryimage\"},\"thumbnailUrl\":\"https:\/\/beautyinstitute.ee\/wp-content\/uploads\/2023\/06\/augenpflege-set-professional_25092_1_1280x1280@2x.png\",\"datePublished\":\"2023-06-15T07:50:44+00:00\",\"dateModified\":\"2026-04-14T09:18:04+00:00\",\"breadcrumb\":{\"@id\":\"https:\/\/beautyinstitute.ee\/toode\/professionaalne-silmahooldus-komplekt-seerum-kreem-mask\/#breadcrumb\"},\"inLanguage\":\"ru-RU\",\"potentialAction\":[{\"@type\":\"ReadAction\",\"target\":[\"https:\/\/beautyinstitute.ee\/toode\/professionaalne-silmahooldus-komplekt-seerum-kreem-mask\/\"]}]},{\"@type\":\"ImageObject\",\"inLanguage\":\"ru-RU\",\"@id\":\"https:\/\/beautyinstitute.ee\/toode\/professionaalne-silmahooldus-komplekt-seerum-kreem-mask\/#primaryimage\",\"url\":\"https:\/\/beautyinstitute.ee\/wp-content\/uploads\/2023\/06\/augenpflege-set-professional_25092_1_1280x1280@2x.png\",\"contentUrl\":\"https:\/\/beautyinstitute.ee\/wp-content\/uploads\/2023\/06\/augenpflege-set-professional_25092_1_1280x1280@2x.png\",\"width\":2560,\"height\":2560},{\"@type\":\"BreadcrumbList\",\"@id\":\"https:\/\/beautyinstitute.ee\/toode\/professionaalne-silmahooldus-komplekt-seerum-kreem-mask\/#breadcrumb\",\"itemListElement\":[{\"@type\":\"ListItem\",\"position\":1,\"name\":\"Home\",\"item\":\"https:\/\/beautyinstitute.ee\/ru\/\"},{\"@type\":\"ListItem\",\"position\":2,\"name\":\"E-pood\",\"item\":\"https:\/\/beautyinstitute.ee\/e-pood\/\"},{\"@type\":\"ListItem\",\"position\":3,\"name\":\"Professionaalne Silmahooldus Komplekt Seerum-Kreem-Mask\"}]},{\"@type\":\"WebSite\",\"@id\":\"https:\/\/beautyinstitute.ee\/#website\",\"url\":\"https:\/\/beautyinstitute.ee\/\",\"name\":\"Beauty Institute\",\"description\":\"CNC Cosmetic ametlik maaletooja ja edasim\u00fc\u00fcja Eestis, Soomes, L\u00e4tis. Aparaadikosmeetika, koolitused, kosmeetikatooted.\",\"potentialAction\":[{\"@type\":\"SearchAction\",\"target\":{\"@type\":\"EntryPoint\",\"urlTemplate\":\"https:\/\/beautyinstitute.ee\/?s={search_term_string}\"},\"query-input\":{\"@type\":\"PropertyValueSpecification\",\"valueRequired\":true,\"valueName\":\"search_term_string\"}}],\"inLanguage\":\"ru-RU\"}]}<\/script>\n<!-- \/ Yoast SEO plugin. -->","yoast_head_json":{"title":"Professionaalne Silmahooldus Komplekt Seerum-Kreem-Mask - Beauty Institute","robots":{"index":"index","follow":"follow","max-snippet":"max-snippet:-1","max-image-preview":"max-image-preview:large","max-video-preview":"max-video-preview:-1"},"canonical":"https:\/\/beautyinstitute.ee\/toode\/professionaalne-silmahooldus-komplekt-seerum-kreem-mask\/","og_locale":"ru_RU","og_type":"article","og_title":"Professionaalne Silmahooldus Komplekt Seerum-Kreem-Mask - Beauty Institute","og_description":"3-osaline komplekt, mis sisaldab \u00a0silmaseerumit, silma\u00fcmbruse geelkreemi, silmamaski. Silmahoolduskomplekt &#8220;Professional&#8221; on ideaalne erihooldus silmadele. Tooted pakuvad optimaalset hooldust ja kaitset \u00f6\u00f6p\u00e4evaringselt. Eriti nahas\u00f5bralike ainete kombinatsioonid tagavad niiskustasakaalu, aktiveerivad naha funktsioone ja parandavad naha elastsust.Spetsiaalsed Silmahooldustooted sobivad eriti h\u00e4sti tundlikule silma\u00fcmbruspiirkonnale ning sisaldavad hooldavaid, rahustavaid, v\u00e4rskendavaid v\u00f5i jahutavaid toimeaineid. Silmaseerum, 30 ml Intensiivselt hooldav seerum kuivale, [&hellip;]","og_url":"https:\/\/beautyinstitute.ee\/toode\/professionaalne-silmahooldus-komplekt-seerum-kreem-mask\/","og_site_name":"Beauty Institute","article_modified_time":"2026-04-14T09:18:04+00:00","og_image":[{"width":1024,"height":1024,"url":"https:\/\/beautyinstitute.ee\/wp-content\/uploads\/2023\/06\/augenpflege-set-professional_25092_1_1280x1280@2x-1024x1024.png","type":"image\/png"}],"twitter_card":"summary_large_image","twitter_site":"@Beauty_Eesti","twitter_misc":{"\u041f\u0440\u0438\u043c\u0435\u0440\u043d\u043e\u0435 \u0432\u0440\u0435\u043c\u044f \u0434\u043b\u044f \u0447\u0442\u0435\u043d\u0438\u044f":"2 \u043c\u0438\u043d\u0443\u0442\u044b"},"schema":{"@context":"https:\/\/schema.org","@graph":[{"@type":"WebPage","@id":"https:\/\/beautyinstitute.ee\/toode\/professionaalne-silmahooldus-komplekt-seerum-kreem-mask\/","url":"https:\/\/beautyinstitute.ee\/toode\/professionaalne-silmahooldus-komplekt-seerum-kreem-mask\/","name":"Professionaalne Silmahooldus Komplekt Seerum-Kreem-Mask - Beauty Institute","isPartOf":{"@id":"https:\/\/beautyinstitute.ee\/#website"},"primaryImageOfPage":{"@id":"https:\/\/beautyinstitute.ee\/toode\/professionaalne-silmahooldus-komplekt-seerum-kreem-mask\/#primaryimage"},"image":{"@id":"https:\/\/beautyinstitute.ee\/toode\/professionaalne-silmahooldus-komplekt-seerum-kreem-mask\/#primaryimage"},"thumbnailUrl":"https:\/\/beautyinstitute.ee\/wp-content\/uploads\/2023\/06\/augenpflege-set-professional_25092_1_1280x1280@2x.png","datePublished":"2023-06-15T07:50:44+00:00","dateModified":"2026-04-14T09:18:04+00:00","breadcrumb":{"@id":"https:\/\/beautyinstitute.ee\/toode\/professionaalne-silmahooldus-komplekt-seerum-kreem-mask\/#breadcrumb"},"inLanguage":"ru-RU","potentialAction":[{"@type":"ReadAction","target":["https:\/\/beautyinstitute.ee\/toode\/professionaalne-silmahooldus-komplekt-seerum-kreem-mask\/"]}]},{"@type":"ImageObject","inLanguage":"ru-RU","@id":"https:\/\/beautyinstitute.ee\/toode\/professionaalne-silmahooldus-komplekt-seerum-kreem-mask\/#primaryimage","url":"https:\/\/beautyinstitute.ee\/wp-content\/uploads\/2023\/06\/augenpflege-set-professional_25092_1_1280x1280@2x.png","contentUrl":"https:\/\/beautyinstitute.ee\/wp-content\/uploads\/2023\/06\/augenpflege-set-professional_25092_1_1280x1280@2x.png","width":2560,"height":2560},{"@type":"BreadcrumbList","@id":"https:\/\/beautyinstitute.ee\/toode\/professionaalne-silmahooldus-komplekt-seerum-kreem-mask\/#breadcrumb","itemListElement":[{"@type":"ListItem","position":1,"name":"Home","item":"https:\/\/beautyinstitute.ee\/ru\/"},{"@type":"ListItem","position":2,"name":"E-pood","item":"https:\/\/beautyinstitute.ee\/e-pood\/"},{"@type":"ListItem","position":3,"name":"Professionaalne Silmahooldus Komplekt Seerum-Kreem-Mask"}]},{"@type":"WebSite","@id":"https:\/\/beautyinstitute.ee\/#website","url":"https:\/\/beautyinstitute.ee\/","name":"Beauty Institute","description":"CNC Cosmetic ametlik maaletooja ja edasim\u00fc\u00fcja Eestis, Soomes, L\u00e4tis. Aparaadikosmeetika, koolitused, kosmeetikatooted.","potentialAction":[{"@type":"SearchAction","target":{"@type":"EntryPoint","urlTemplate":"https:\/\/beautyinstitute.ee\/?s={search_term_string}"},"query-input":{"@type":"PropertyValueSpecification","valueRequired":true,"valueName":"search_term_string"}}],"inLanguage":"ru-RU"}]}},"_links":{"self":[{"href":"https:\/\/beautyinstitute.ee\/ru\/wp-json\/wp\/v2\/product\/23892","targetHints":{"allow":["GET"]}}],"collection":[{"href":"https:\/\/beautyinstitute.ee\/ru\/wp-json\/wp\/v2\/product"}],"about":[{"href":"https:\/\/beautyinstitute.ee\/ru\/wp-json\/wp\/v2\/types\/product"}],"wp:featuredmedia":[{"embeddable":true,"href":"https:\/\/beautyinstitute.ee\/ru\/wp-json\/wp\/v2\/media\/23893"}],"wp:attachment":[{"href":"https:\/\/beautyinstitute.ee\/ru\/wp-json\/wp\/v2\/media?parent=23892"}],"wp:term":[{"taxonomy":"product_cat","embeddable":true,"href":"https:\/\/beautyinstitute.ee\/ru\/wp-json\/wp\/v2\/product_cat?post=23892"},{"taxonomy":"product_tag","embeddable":true,"href":"https:\/\/beautyinstitute.ee\/ru\/wp-json\/wp\/v2\/product_tag?post=23892"}],"curies":[{"name":"wp","href":"https:\/\/api.w.org\/{rel}","templated":true}]}}