{"id":23900,"date":"2023-06-15T11:32:59","date_gmt":"2023-06-15T08:32:59","guid":{"rendered":"https:\/\/beautyinstitute.ee\/?post_type=product&#038;p=23900"},"modified":"2026-02-05T13:09:20","modified_gmt":"2026-02-05T11:09:20","slug":"ooseerum-time-expert-system","status":"publish","type":"product","link":"https:\/\/beautyinstitute.ee\/ru\/toode\/ooseerum-time-expert-system\/","title":{"rendered":"\u00d6\u00f6seerum Time Expert System"},"content":{"rendered":"<p id=\"tw-target-text\" class=\"tw-data-text tw-text-large tw-ta\" dir=\"ltr\" data-placeholder=\"T\u00f5lge\"><span class=\"Y2IQFc\" lang=\"et\">Intensiivselt toitev vananemisvastane \u00f6\u00f6seerum soodustab naha enda h\u00fcaluroonhappe, elastiini ja kollageeni tootmist. H\u00fcaluroon-kollageeni v\u00f5imendaja ja aktiivne peptiid parandavad naha struktuuri s\u00fcgavuti. Naha vananemise m\u00e4rgid v\u00e4henevad m\u00e4rgatavalt. Panthenool ja allantoiin soodustavad naha taastumist ja s\u00e4ilitavad selle loomuliku h\u00fcdrolipiidide tasakaalu, et nahk oleks sile ja elastne. Kuukivi ekstrakt ja tiigrihein v\u00e4hendavad v\u00e4simuse m\u00e4rke ja viimistlevad t\u00e4iusliku jume. Nahk tundub nooruslikult pingul. <\/span><\/p>\n<p class=\"tw-data-text tw-text-large tw-ta\" dir=\"ltr\" data-placeholder=\"T\u00f5lge\"><span class=\"Y2IQFc\" lang=\"et\"><strong>Kasutamine:<\/strong> Kandke \u00f5htul puhastatud nahale ja masseerige \u00f5rnalt. Seej\u00e4rel kanna peale p\u00e4eva- ja \u00f6\u00f6kreem Hyaluron+<\/span><\/p>\n<p dir=\"ltr\" data-placeholder=\"T\u00f5lge\">\n","protected":false},"excerpt":{"rendered":"<p>Intensiivselt toitev vananemisvastane \u00f6\u00f6seerum soodustab naha enda h\u00fcaluroonhappe, elastiini ja kollageeni tootmist. H\u00fcaluroon-kollageeni v\u00f5imendaja ja aktiivne peptiid parandavad naha struktuuri s\u00fcgavuti. Naha vananemise m\u00e4rgid v\u00e4henevad m\u00e4rgatavalt. Panthenool ja allantoiin soodustavad naha taastumist ja s\u00e4ilitavad selle loomuliku h\u00fcdrolipiidide tasakaalu, et nahk oleks sile ja elastne. Kuukivi ekstrakt ja tiigrihein v\u00e4hendavad v\u00e4simuse m\u00e4rke ja viimistlevad t\u00e4iusliku jume. [&hellip;]<\/p>\n","protected":false},"featured_media":23901,"template":"","meta":{"_acf_changed":false},"product_cat":[291,249],"product_tag":[],"class_list":["post-23900","product","type-product","status-publish","has-post-thumbnail","hentry","product_cat-baehr-cosmetic","product_cat-seerumid-2"],"acf":[],"yoast_head":"<!-- This site is optimized with the Yoast SEO plugin v25.4 - https:\/\/yoast.com\/wordpress\/plugins\/seo\/ -->\n<title>\u00d6\u00f6seerum Time Expert System - Beauty Institute<\/title>\n<meta name=\"robots\" content=\"index, follow, max-snippet:-1, max-image-preview:large, max-video-preview:-1\" \/>\n<link rel=\"canonical\" href=\"https:\/\/beautyinstitute.ee\/toode\/ooseerum-time-expert-system\/\" \/>\n<meta property=\"og:locale\" content=\"ru_RU\" \/>\n<meta property=\"og:type\" content=\"article\" \/>\n<meta property=\"og:title\" content=\"\u00d6\u00f6seerum Time Expert System - Beauty Institute\" \/>\n<meta property=\"og:description\" content=\"Intensiivselt toitev vananemisvastane \u00f6\u00f6seerum soodustab naha enda h\u00fcaluroonhappe, elastiini ja kollageeni tootmist. H\u00fcaluroon-kollageeni v\u00f5imendaja ja aktiivne peptiid parandavad naha struktuuri s\u00fcgavuti. Naha vananemise m\u00e4rgid v\u00e4henevad m\u00e4rgatavalt. Panthenool ja allantoiin soodustavad naha taastumist ja s\u00e4ilitavad selle loomuliku h\u00fcdrolipiidide tasakaalu, et nahk oleks sile ja elastne. Kuukivi ekstrakt ja tiigrihein v\u00e4hendavad v\u00e4simuse m\u00e4rke ja viimistlevad t\u00e4iusliku jume. [&hellip;]\" \/>\n<meta property=\"og:url\" content=\"https:\/\/beautyinstitute.ee\/toode\/ooseerum-time-expert-system\/\" \/>\n<meta property=\"og:site_name\" content=\"Beauty Institute\" \/>\n<meta property=\"article:modified_time\" content=\"2026-02-05T11:09:20+00:00\" \/>\n<meta property=\"og:image\" content=\"https:\/\/beautyinstitute.ee\/wp-content\/uploads\/2023\/06\/time-expert-system-night-serum_25228_1_1280x1280@2x-1024x1024.png\" \/>\n\t<meta property=\"og:image:width\" content=\"1024\" \/>\n\t<meta property=\"og:image:height\" content=\"1024\" \/>\n\t<meta property=\"og:image:type\" content=\"image\/png\" \/>\n<meta name=\"twitter:card\" content=\"summary_large_image\" \/>\n<meta name=\"twitter:site\" content=\"@Beauty_Eesti\" \/>\n<meta name=\"twitter:label1\" content=\"\u041f\u0440\u0438\u043c\u0435\u0440\u043d\u043e\u0435 \u0432\u0440\u0435\u043c\u044f \u0434\u043b\u044f \u0447\u0442\u0435\u043d\u0438\u044f\" \/>\n\t<meta name=\"twitter:data1\" content=\"1 \u043c\u0438\u043d\u0443\u0442\u0430\" \/>\n<script type=\"application\/ld+json\" class=\"yoast-schema-graph\">{\"@context\":\"https:\/\/schema.org\",\"@graph\":[{\"@type\":\"WebPage\",\"@id\":\"https:\/\/beautyinstitute.ee\/toode\/ooseerum-time-expert-system\/\",\"url\":\"https:\/\/beautyinstitute.ee\/toode\/ooseerum-time-expert-system\/\",\"name\":\"\u00d6\u00f6seerum Time Expert System - Beauty Institute\",\"isPartOf\":{\"@id\":\"https:\/\/beautyinstitute.ee\/#website\"},\"primaryImageOfPage\":{\"@id\":\"https:\/\/beautyinstitute.ee\/toode\/ooseerum-time-expert-system\/#primaryimage\"},\"image\":{\"@id\":\"https:\/\/beautyinstitute.ee\/toode\/ooseerum-time-expert-system\/#primaryimage\"},\"thumbnailUrl\":\"https:\/\/beautyinstitute.ee\/wp-content\/uploads\/2023\/06\/time-expert-system-night-serum_25228_1_1280x1280@2x.png\",\"datePublished\":\"2023-06-15T08:32:59+00:00\",\"dateModified\":\"2026-02-05T11:09:20+00:00\",\"breadcrumb\":{\"@id\":\"https:\/\/beautyinstitute.ee\/toode\/ooseerum-time-expert-system\/#breadcrumb\"},\"inLanguage\":\"ru-RU\",\"potentialAction\":[{\"@type\":\"ReadAction\",\"target\":[\"https:\/\/beautyinstitute.ee\/toode\/ooseerum-time-expert-system\/\"]}]},{\"@type\":\"ImageObject\",\"inLanguage\":\"ru-RU\",\"@id\":\"https:\/\/beautyinstitute.ee\/toode\/ooseerum-time-expert-system\/#primaryimage\",\"url\":\"https:\/\/beautyinstitute.ee\/wp-content\/uploads\/2023\/06\/time-expert-system-night-serum_25228_1_1280x1280@2x.png\",\"contentUrl\":\"https:\/\/beautyinstitute.ee\/wp-content\/uploads\/2023\/06\/time-expert-system-night-serum_25228_1_1280x1280@2x.png\",\"width\":2560,\"height\":2560},{\"@type\":\"BreadcrumbList\",\"@id\":\"https:\/\/beautyinstitute.ee\/toode\/ooseerum-time-expert-system\/#breadcrumb\",\"itemListElement\":[{\"@type\":\"ListItem\",\"position\":1,\"name\":\"Home\",\"item\":\"https:\/\/beautyinstitute.ee\/ru\/\"},{\"@type\":\"ListItem\",\"position\":2,\"name\":\"E-pood\",\"item\":\"https:\/\/beautyinstitute.ee\/e-pood\/\"},{\"@type\":\"ListItem\",\"position\":3,\"name\":\"\u00d6\u00f6seerum Time Expert System\"}]},{\"@type\":\"WebSite\",\"@id\":\"https:\/\/beautyinstitute.ee\/#website\",\"url\":\"https:\/\/beautyinstitute.ee\/\",\"name\":\"Beauty Institute\",\"description\":\"CNC Cosmetic ametlik maaletooja ja edasim\u00fc\u00fcja Eestis, Soomes, L\u00e4tis. Aparaadikosmeetika, koolitused, kosmeetikatooted.\",\"potentialAction\":[{\"@type\":\"SearchAction\",\"target\":{\"@type\":\"EntryPoint\",\"urlTemplate\":\"https:\/\/beautyinstitute.ee\/?s={search_term_string}\"},\"query-input\":{\"@type\":\"PropertyValueSpecification\",\"valueRequired\":true,\"valueName\":\"search_term_string\"}}],\"inLanguage\":\"ru-RU\"}]}<\/script>\n<!-- \/ Yoast SEO plugin. -->","yoast_head_json":{"title":"\u00d6\u00f6seerum Time Expert System - Beauty Institute","robots":{"index":"index","follow":"follow","max-snippet":"max-snippet:-1","max-image-preview":"max-image-preview:large","max-video-preview":"max-video-preview:-1"},"canonical":"https:\/\/beautyinstitute.ee\/toode\/ooseerum-time-expert-system\/","og_locale":"ru_RU","og_type":"article","og_title":"\u00d6\u00f6seerum Time Expert System - Beauty Institute","og_description":"Intensiivselt toitev vananemisvastane \u00f6\u00f6seerum soodustab naha enda h\u00fcaluroonhappe, elastiini ja kollageeni tootmist. H\u00fcaluroon-kollageeni v\u00f5imendaja ja aktiivne peptiid parandavad naha struktuuri s\u00fcgavuti. Naha vananemise m\u00e4rgid v\u00e4henevad m\u00e4rgatavalt. Panthenool ja allantoiin soodustavad naha taastumist ja s\u00e4ilitavad selle loomuliku h\u00fcdrolipiidide tasakaalu, et nahk oleks sile ja elastne. Kuukivi ekstrakt ja tiigrihein v\u00e4hendavad v\u00e4simuse m\u00e4rke ja viimistlevad t\u00e4iusliku jume. [&hellip;]","og_url":"https:\/\/beautyinstitute.ee\/toode\/ooseerum-time-expert-system\/","og_site_name":"Beauty Institute","article_modified_time":"2026-02-05T11:09:20+00:00","og_image":[{"width":1024,"height":1024,"url":"https:\/\/beautyinstitute.ee\/wp-content\/uploads\/2023\/06\/time-expert-system-night-serum_25228_1_1280x1280@2x-1024x1024.png","type":"image\/png"}],"twitter_card":"summary_large_image","twitter_site":"@Beauty_Eesti","twitter_misc":{"\u041f\u0440\u0438\u043c\u0435\u0440\u043d\u043e\u0435 \u0432\u0440\u0435\u043c\u044f \u0434\u043b\u044f \u0447\u0442\u0435\u043d\u0438\u044f":"1 \u043c\u0438\u043d\u0443\u0442\u0430"},"schema":{"@context":"https:\/\/schema.org","@graph":[{"@type":"WebPage","@id":"https:\/\/beautyinstitute.ee\/toode\/ooseerum-time-expert-system\/","url":"https:\/\/beautyinstitute.ee\/toode\/ooseerum-time-expert-system\/","name":"\u00d6\u00f6seerum Time Expert System - Beauty Institute","isPartOf":{"@id":"https:\/\/beautyinstitute.ee\/#website"},"primaryImageOfPage":{"@id":"https:\/\/beautyinstitute.ee\/toode\/ooseerum-time-expert-system\/#primaryimage"},"image":{"@id":"https:\/\/beautyinstitute.ee\/toode\/ooseerum-time-expert-system\/#primaryimage"},"thumbnailUrl":"https:\/\/beautyinstitute.ee\/wp-content\/uploads\/2023\/06\/time-expert-system-night-serum_25228_1_1280x1280@2x.png","datePublished":"2023-06-15T08:32:59+00:00","dateModified":"2026-02-05T11:09:20+00:00","breadcrumb":{"@id":"https:\/\/beautyinstitute.ee\/toode\/ooseerum-time-expert-system\/#breadcrumb"},"inLanguage":"ru-RU","potentialAction":[{"@type":"ReadAction","target":["https:\/\/beautyinstitute.ee\/toode\/ooseerum-time-expert-system\/"]}]},{"@type":"ImageObject","inLanguage":"ru-RU","@id":"https:\/\/beautyinstitute.ee\/toode\/ooseerum-time-expert-system\/#primaryimage","url":"https:\/\/beautyinstitute.ee\/wp-content\/uploads\/2023\/06\/time-expert-system-night-serum_25228_1_1280x1280@2x.png","contentUrl":"https:\/\/beautyinstitute.ee\/wp-content\/uploads\/2023\/06\/time-expert-system-night-serum_25228_1_1280x1280@2x.png","width":2560,"height":2560},{"@type":"BreadcrumbList","@id":"https:\/\/beautyinstitute.ee\/toode\/ooseerum-time-expert-system\/#breadcrumb","itemListElement":[{"@type":"ListItem","position":1,"name":"Home","item":"https:\/\/beautyinstitute.ee\/ru\/"},{"@type":"ListItem","position":2,"name":"E-pood","item":"https:\/\/beautyinstitute.ee\/e-pood\/"},{"@type":"ListItem","position":3,"name":"\u00d6\u00f6seerum Time Expert System"}]},{"@type":"WebSite","@id":"https:\/\/beautyinstitute.ee\/#website","url":"https:\/\/beautyinstitute.ee\/","name":"Beauty Institute","description":"CNC Cosmetic ametlik maaletooja ja edasim\u00fc\u00fcja Eestis, Soomes, L\u00e4tis. Aparaadikosmeetika, koolitused, kosmeetikatooted.","potentialAction":[{"@type":"SearchAction","target":{"@type":"EntryPoint","urlTemplate":"https:\/\/beautyinstitute.ee\/?s={search_term_string}"},"query-input":{"@type":"PropertyValueSpecification","valueRequired":true,"valueName":"search_term_string"}}],"inLanguage":"ru-RU"}]}},"_links":{"self":[{"href":"https:\/\/beautyinstitute.ee\/ru\/wp-json\/wp\/v2\/product\/23900","targetHints":{"allow":["GET"]}}],"collection":[{"href":"https:\/\/beautyinstitute.ee\/ru\/wp-json\/wp\/v2\/product"}],"about":[{"href":"https:\/\/beautyinstitute.ee\/ru\/wp-json\/wp\/v2\/types\/product"}],"wp:featuredmedia":[{"embeddable":true,"href":"https:\/\/beautyinstitute.ee\/ru\/wp-json\/wp\/v2\/media\/23901"}],"wp:attachment":[{"href":"https:\/\/beautyinstitute.ee\/ru\/wp-json\/wp\/v2\/media?parent=23900"}],"wp:term":[{"taxonomy":"product_cat","embeddable":true,"href":"https:\/\/beautyinstitute.ee\/ru\/wp-json\/wp\/v2\/product_cat?post=23900"},{"taxonomy":"product_tag","embeddable":true,"href":"https:\/\/beautyinstitute.ee\/ru\/wp-json\/wp\/v2\/product_tag?post=23900"}],"curies":[{"name":"wp","href":"https:\/\/api.w.org\/{rel}","templated":true}]}}