{"id":23906,"date":"2023-06-15T13:59:42","date_gmt":"2023-06-15T10:59:42","guid":{"rendered":"https:\/\/beautyinstitute.ee\/?post_type=product&#038;p=23906"},"modified":"2026-04-27T14:47:17","modified_gmt":"2026-04-27T11:47:17","slug":"detox-ravikomlekt-rohelise-ja-valge-teega-5-osa","status":"publish","type":"product","link":"https:\/\/beautyinstitute.ee\/ru\/toode\/detox-ravikomlekt-rohelise-ja-valge-teega-5-osa\/","title":{"rendered":"Detox Hoolduskomlekt Rohelise-Ja Valge Teega &#8211; 5 Osa"},"content":{"rendered":"<p id=\"tw-target-text\" class=\"tw-data-text tw-text-large tw-ta\" dir=\"ltr\" data-placeholder=\"T\u00f5lge\"><strong><span class=\"Y2IQFc\" lang=\"et\">Jumele s\u00e4ra andvate hooldustoodete komplekt, millest j\u00e4tkub v\u00e4hemalt 10 hoolduseks.<\/span><\/strong><\/p>\n<p class=\"tw-data-text tw-text-large tw-ta\" dir=\"ltr\" data-placeholder=\"T\u00f5lge\"><span class=\"Y2IQFc\" lang=\"et\"> See kosutav detox hooldussari annab jumele suurep\u00e4rase s\u00e4ra. N\u00e4ojooned tunduvad pingevabamad ja on keskkonnam\u00f5jude eest kaitstud. Nahk tundub siledam ja v\u00e4rskem. Valge tee ekstrakt on rikas pol\u00fcfenoolide poolest ja rohelise tee ekstrakt on rikas katehhiinide poolest: need on tuntud oma antioks\u00fcdantsete omaduste ja vabade radikaalide p\u00fc\u00fcdjana naha enneaegse vananemise vastu. Nad parandavad naha s\u00e4ra ja v\u00e4hendavad naha iluvigasid. Iluhoolduses on \u00fchendatud valitud toitvad toimeained erilise l\u00f5hnaga: rohelise tee peen l\u00f5hn pakub l\u00f5\u00f5gastumist ja heaolutunnet.<\/span><\/p>\n<p><strong>1. Suhkrukoorija 75 ml<\/strong><\/p>\n<p>Intensiivselt puhastav ja taastav suhkrukoorija annab nahale koheselt n\u00e4htava s\u00e4ra. Nahk muutub silmn\u00e4htavalt s\u00e4ravamaks. Selles sisalduv roheline tee on tuntud oma kaitsvate detox-omaduste poolest. Koorija parandab naha s\u00e4ra ja v\u00e4hendab pigmentatsiooni. Suhkur ja toorkakaopulber eemaldavad t\u00f5husalt surnud naharakud. Koorija on ens\u00fc\u00fcmne, sisaldades \u00f5rnu suhkruosasid, mis sulanduvad nahal.<\/p>\n<p><strong>Kasutamine:<\/strong> Kandke \u00f5huke kiht kuivale ja puhastatud n\u00e4o- ja kaelanahale. Masseerige ringjate liigutustega sisse, emulgeeri veega ja masseeri \u00f5rnalt. Loputage hoolikalt veega. V\u00e4ltige silma\u00fcmbruse piirkonda.<\/p>\n<p>Toode sisaldab looduslikke koostisosi, mis v\u00f5ivad p\u00f5hjustada toote v\u00e4rvimuutust, ilma et see m\u00f5jutaks toote kvaliteeti.<\/p>\n<p><strong>2.Kooriv mask pinguldava efektiga 100 ml<\/strong><\/p>\n<p id=\"tw-target-text\" class=\"tw-data-text tw-text-large tw-ta\" dir=\"ltr\" data-placeholder=\"T\u00f5lge\"><span class=\"Y2IQFc\" lang=\"et\">Kosutav mask annab nahale \u00a0s\u00e4ra ja j\u00e4tab hea v\u00e4rske tunde. Magusa mandli proteiinide biopol\u00fcmeerid annavad m\u00e4rgatava t\u00f5stva efekti. Valge ja rohelise tee ekstraktid on tuntud oma kaitsvate detox-omaduste poolest, tagab \u00fchtlase ja klaari jume.<\/span><\/p>\n<p class=\"tw-data-text tw-text-large tw-ta\" dir=\"ltr\" data-placeholder=\"T\u00f5lge\"><span class=\"Y2IQFc\" lang=\"et\"><strong>Kasutamine:<\/strong> Kandke mask\u00a0\u00fchtlase \u00f5hukese kihina n\u00e4ole ja kaelale (v\u00e4ltige silma\u00fcmbrust). Laske maskil korralikult kuivada 25 minutit. Eemaldage mask. Loputage veega. <\/span><\/p>\n<p class=\"tw-data-text tw-text-large tw-ta\" dir=\"ltr\" data-placeholder=\"T\u00f5lge\"><span class=\"Y2IQFc\" lang=\"et\">Toode sisaldab looduslikke koostisosi, mis v\u00f5ivad p\u00f5hjustada toote v\u00e4rvimuutust, ilma et see m\u00f5jutaks toote kvaliteeti.<\/span><\/p>\n<p dir=\"ltr\" data-placeholder=\"T\u00f5lge\"><strong>3.Pinguldava efektiga seerum 75 ml<\/strong><\/p>\n<p id=\"tw-target-text\" class=\"tw-data-text tw-text-large tw-ta\" dir=\"ltr\" data-placeholder=\"T\u00f5lge\"><span class=\"Y2IQFc\" lang=\"et\">Kosutav detox seerum on \u00a0siluva vananemisvastase toimega. Nahka kaitsevad optimaalselt keskkonnam\u00f5jude eest selles sisalduvad kreeka p\u00e4hkli, rohelise ja valge tee ekstraktid. Siidipuu, maniokki ja p\u00e4hklipuu koostisosad muudavad kortsud siledamaks ning muudavad n\u00e4o s\u00e4ravamaks ja siledamaks. Taimne toimeainekompleks ja k\u00f5rgmolekulaarne h\u00fcaluroonhape on tuntud oma niisutavate omaduste poolest. <\/span><\/p>\n<p class=\"tw-data-text tw-text-large tw-ta\" dir=\"ltr\" data-placeholder=\"T\u00f5lge\"><span class=\"Y2IQFc\" lang=\"et\"><strong>Kasutamine:<\/strong> Kandke hommikuti ja \u00f5htuti n\u00e4ole ja kaelale (v\u00e4ltige silmakontuure). Masseerige \u00f5rnalt sisse. Seej\u00e4rel v\u00f5ib peale kanda hoolduskreemi.<\/span><\/p>\n<p dir=\"ltr\" data-placeholder=\"T\u00f5lge\"><strong>4.Pinguldav kreem 30 ml<\/strong><\/p>\n<p id=\"tw-target-text\" class=\"tw-data-text tw-text-large tw-ta\" dir=\"ltr\" data-placeholder=\"T\u00f5lge\"><span class=\"Y2IQFc\" lang=\"et\">Siluv detox kreem kaitseb nahka kahjulike keskkonnam\u00f5jude eest t\u00e4nu siidipuu, rohelise ja valge tee ekstraktidele. Siidipuu ekstrakt koos h\u00fcaluroonhappe \u00a0ja peptiididega on siluvate \u00a0ja s\u00e4ra andvate omadustega.<\/span><\/p>\n<p class=\"tw-data-text tw-text-large tw-ta\" dir=\"ltr\" data-placeholder=\"T\u00f5lge\"><span class=\"Y2IQFc\" lang=\"et\"><strong>Kasutamine:<\/strong> kandke hommikul ja \u00f5htul n\u00e4ole ja kaelale. Toode sisaldab looduslikke koostisosi, mis v\u00f5ivad p\u00f5hjustada toote v\u00e4rvimuutust, ilma et see m\u00f5jutaks toote kvaliteeti.<\/span><\/p>\n<p dir=\"ltr\" data-placeholder=\"T\u00f5lge\"><strong>5.N\u00e4omassaa\u017ei rullik<\/strong><\/p>\n","protected":false},"excerpt":{"rendered":"<p>Jumele s\u00e4ra andvate hooldustoodete komplekt, millest j\u00e4tkub v\u00e4hemalt 10 hoolduseks. See kosutav detox hooldussari annab jumele suurep\u00e4rase s\u00e4ra. N\u00e4ojooned tunduvad pingevabamad ja on keskkonnam\u00f5jude eest kaitstud. Nahk tundub siledam ja v\u00e4rskem. Valge tee ekstrakt on rikas pol\u00fcfenoolide poolest ja rohelise tee ekstrakt on rikas katehhiinide poolest: need on tuntud oma antioks\u00fcdantsete omaduste ja vabade radikaalide [&hellip;]<\/p>\n","protected":false},"featured_media":23912,"template":"","meta":{"_acf_changed":false},"product_cat":[291,15],"product_tag":[],"class_list":["post-23906","product","type-product","status-publish","has-post-thumbnail","hentry","product_cat-baehr-cosmetic","product_cat-muud-tooted"],"acf":[],"yoast_head":"<!-- This site is optimized with the Yoast SEO plugin v25.4 - https:\/\/yoast.com\/wordpress\/plugins\/seo\/ -->\n<title>Detox Hoolduskomlekt Rohelise-Ja Valge Teega - 5 Osa - Beauty Institute<\/title>\n<meta name=\"robots\" content=\"index, follow, max-snippet:-1, max-image-preview:large, max-video-preview:-1\" \/>\n<link rel=\"canonical\" href=\"https:\/\/beautyinstitute.ee\/toode\/detox-ravikomlekt-rohelise-ja-valge-teega-5-osa\/\" \/>\n<meta property=\"og:locale\" content=\"ru_RU\" \/>\n<meta property=\"og:type\" content=\"article\" \/>\n<meta property=\"og:title\" content=\"Detox Hoolduskomlekt Rohelise-Ja Valge Teega - 5 Osa - Beauty Institute\" \/>\n<meta property=\"og:description\" content=\"Jumele s\u00e4ra andvate hooldustoodete komplekt, millest j\u00e4tkub v\u00e4hemalt 10 hoolduseks. See kosutav detox hooldussari annab jumele suurep\u00e4rase s\u00e4ra. N\u00e4ojooned tunduvad pingevabamad ja on keskkonnam\u00f5jude eest kaitstud. Nahk tundub siledam ja v\u00e4rskem. Valge tee ekstrakt on rikas pol\u00fcfenoolide poolest ja rohelise tee ekstrakt on rikas katehhiinide poolest: need on tuntud oma antioks\u00fcdantsete omaduste ja vabade radikaalide [&hellip;]\" \/>\n<meta property=\"og:url\" content=\"https:\/\/beautyinstitute.ee\/toode\/detox-ravikomlekt-rohelise-ja-valge-teega-5-osa\/\" \/>\n<meta property=\"og:site_name\" content=\"Beauty Institute\" \/>\n<meta property=\"article:modified_time\" content=\"2026-04-27T11:47:17+00:00\" \/>\n<meta property=\"og:image\" content=\"https:\/\/beautyinstitute.ee\/wp-content\/uploads\/2023\/06\/detox-institutsbehandlungs-set-1.-1024x1024.png\" \/>\n\t<meta property=\"og:image:width\" content=\"1024\" \/>\n\t<meta property=\"og:image:height\" content=\"1024\" \/>\n\t<meta property=\"og:image:type\" content=\"image\/png\" \/>\n<meta name=\"twitter:card\" content=\"summary_large_image\" \/>\n<meta name=\"twitter:site\" content=\"@Beauty_Eesti\" \/>\n<meta name=\"twitter:label1\" content=\"\u041f\u0440\u0438\u043c\u0435\u0440\u043d\u043e\u0435 \u0432\u0440\u0435\u043c\u044f \u0434\u043b\u044f \u0447\u0442\u0435\u043d\u0438\u044f\" \/>\n\t<meta name=\"twitter:data1\" content=\"3 \u043c\u0438\u043d\u0443\u0442\u044b\" \/>\n<script type=\"application\/ld+json\" class=\"yoast-schema-graph\">{\"@context\":\"https:\/\/schema.org\",\"@graph\":[{\"@type\":\"WebPage\",\"@id\":\"https:\/\/beautyinstitute.ee\/toode\/detox-ravikomlekt-rohelise-ja-valge-teega-5-osa\/\",\"url\":\"https:\/\/beautyinstitute.ee\/toode\/detox-ravikomlekt-rohelise-ja-valge-teega-5-osa\/\",\"name\":\"Detox Hoolduskomlekt Rohelise-Ja Valge Teega - 5 Osa - Beauty Institute\",\"isPartOf\":{\"@id\":\"https:\/\/beautyinstitute.ee\/#website\"},\"primaryImageOfPage\":{\"@id\":\"https:\/\/beautyinstitute.ee\/toode\/detox-ravikomlekt-rohelise-ja-valge-teega-5-osa\/#primaryimage\"},\"image\":{\"@id\":\"https:\/\/beautyinstitute.ee\/toode\/detox-ravikomlekt-rohelise-ja-valge-teega-5-osa\/#primaryimage\"},\"thumbnailUrl\":\"https:\/\/beautyinstitute.ee\/wp-content\/uploads\/2023\/06\/detox-institutsbehandlungs-set-1..png\",\"datePublished\":\"2023-06-15T10:59:42+00:00\",\"dateModified\":\"2026-04-27T11:47:17+00:00\",\"breadcrumb\":{\"@id\":\"https:\/\/beautyinstitute.ee\/toode\/detox-ravikomlekt-rohelise-ja-valge-teega-5-osa\/#breadcrumb\"},\"inLanguage\":\"ru-RU\",\"potentialAction\":[{\"@type\":\"ReadAction\",\"target\":[\"https:\/\/beautyinstitute.ee\/toode\/detox-ravikomlekt-rohelise-ja-valge-teega-5-osa\/\"]}]},{\"@type\":\"ImageObject\",\"inLanguage\":\"ru-RU\",\"@id\":\"https:\/\/beautyinstitute.ee\/toode\/detox-ravikomlekt-rohelise-ja-valge-teega-5-osa\/#primaryimage\",\"url\":\"https:\/\/beautyinstitute.ee\/wp-content\/uploads\/2023\/06\/detox-institutsbehandlungs-set-1..png\",\"contentUrl\":\"https:\/\/beautyinstitute.ee\/wp-content\/uploads\/2023\/06\/detox-institutsbehandlungs-set-1..png\",\"width\":2560,\"height\":2560},{\"@type\":\"BreadcrumbList\",\"@id\":\"https:\/\/beautyinstitute.ee\/toode\/detox-ravikomlekt-rohelise-ja-valge-teega-5-osa\/#breadcrumb\",\"itemListElement\":[{\"@type\":\"ListItem\",\"position\":1,\"name\":\"Home\",\"item\":\"https:\/\/beautyinstitute.ee\/ru\/\"},{\"@type\":\"ListItem\",\"position\":2,\"name\":\"E-pood\",\"item\":\"https:\/\/beautyinstitute.ee\/e-pood\/\"},{\"@type\":\"ListItem\",\"position\":3,\"name\":\"Detox Hoolduskomlekt Rohelise-Ja Valge Teega &#8211; 5 Osa\"}]},{\"@type\":\"WebSite\",\"@id\":\"https:\/\/beautyinstitute.ee\/#website\",\"url\":\"https:\/\/beautyinstitute.ee\/\",\"name\":\"Beauty Institute\",\"description\":\"CNC Cosmetic ametlik maaletooja ja edasim\u00fc\u00fcja Eestis, Soomes, L\u00e4tis. Aparaadikosmeetika, koolitused, kosmeetikatooted.\",\"potentialAction\":[{\"@type\":\"SearchAction\",\"target\":{\"@type\":\"EntryPoint\",\"urlTemplate\":\"https:\/\/beautyinstitute.ee\/?s={search_term_string}\"},\"query-input\":{\"@type\":\"PropertyValueSpecification\",\"valueRequired\":true,\"valueName\":\"search_term_string\"}}],\"inLanguage\":\"ru-RU\"}]}<\/script>\n<!-- \/ Yoast SEO plugin. -->","yoast_head_json":{"title":"Detox Hoolduskomlekt Rohelise-Ja Valge Teega - 5 Osa - Beauty Institute","robots":{"index":"index","follow":"follow","max-snippet":"max-snippet:-1","max-image-preview":"max-image-preview:large","max-video-preview":"max-video-preview:-1"},"canonical":"https:\/\/beautyinstitute.ee\/toode\/detox-ravikomlekt-rohelise-ja-valge-teega-5-osa\/","og_locale":"ru_RU","og_type":"article","og_title":"Detox Hoolduskomlekt Rohelise-Ja Valge Teega - 5 Osa - Beauty Institute","og_description":"Jumele s\u00e4ra andvate hooldustoodete komplekt, millest j\u00e4tkub v\u00e4hemalt 10 hoolduseks. See kosutav detox hooldussari annab jumele suurep\u00e4rase s\u00e4ra. N\u00e4ojooned tunduvad pingevabamad ja on keskkonnam\u00f5jude eest kaitstud. Nahk tundub siledam ja v\u00e4rskem. Valge tee ekstrakt on rikas pol\u00fcfenoolide poolest ja rohelise tee ekstrakt on rikas katehhiinide poolest: need on tuntud oma antioks\u00fcdantsete omaduste ja vabade radikaalide [&hellip;]","og_url":"https:\/\/beautyinstitute.ee\/toode\/detox-ravikomlekt-rohelise-ja-valge-teega-5-osa\/","og_site_name":"Beauty Institute","article_modified_time":"2026-04-27T11:47:17+00:00","og_image":[{"width":1024,"height":1024,"url":"https:\/\/beautyinstitute.ee\/wp-content\/uploads\/2023\/06\/detox-institutsbehandlungs-set-1.-1024x1024.png","type":"image\/png"}],"twitter_card":"summary_large_image","twitter_site":"@Beauty_Eesti","twitter_misc":{"\u041f\u0440\u0438\u043c\u0435\u0440\u043d\u043e\u0435 \u0432\u0440\u0435\u043c\u044f \u0434\u043b\u044f \u0447\u0442\u0435\u043d\u0438\u044f":"3 \u043c\u0438\u043d\u0443\u0442\u044b"},"schema":{"@context":"https:\/\/schema.org","@graph":[{"@type":"WebPage","@id":"https:\/\/beautyinstitute.ee\/toode\/detox-ravikomlekt-rohelise-ja-valge-teega-5-osa\/","url":"https:\/\/beautyinstitute.ee\/toode\/detox-ravikomlekt-rohelise-ja-valge-teega-5-osa\/","name":"Detox Hoolduskomlekt Rohelise-Ja Valge Teega - 5 Osa - Beauty Institute","isPartOf":{"@id":"https:\/\/beautyinstitute.ee\/#website"},"primaryImageOfPage":{"@id":"https:\/\/beautyinstitute.ee\/toode\/detox-ravikomlekt-rohelise-ja-valge-teega-5-osa\/#primaryimage"},"image":{"@id":"https:\/\/beautyinstitute.ee\/toode\/detox-ravikomlekt-rohelise-ja-valge-teega-5-osa\/#primaryimage"},"thumbnailUrl":"https:\/\/beautyinstitute.ee\/wp-content\/uploads\/2023\/06\/detox-institutsbehandlungs-set-1..png","datePublished":"2023-06-15T10:59:42+00:00","dateModified":"2026-04-27T11:47:17+00:00","breadcrumb":{"@id":"https:\/\/beautyinstitute.ee\/toode\/detox-ravikomlekt-rohelise-ja-valge-teega-5-osa\/#breadcrumb"},"inLanguage":"ru-RU","potentialAction":[{"@type":"ReadAction","target":["https:\/\/beautyinstitute.ee\/toode\/detox-ravikomlekt-rohelise-ja-valge-teega-5-osa\/"]}]},{"@type":"ImageObject","inLanguage":"ru-RU","@id":"https:\/\/beautyinstitute.ee\/toode\/detox-ravikomlekt-rohelise-ja-valge-teega-5-osa\/#primaryimage","url":"https:\/\/beautyinstitute.ee\/wp-content\/uploads\/2023\/06\/detox-institutsbehandlungs-set-1..png","contentUrl":"https:\/\/beautyinstitute.ee\/wp-content\/uploads\/2023\/06\/detox-institutsbehandlungs-set-1..png","width":2560,"height":2560},{"@type":"BreadcrumbList","@id":"https:\/\/beautyinstitute.ee\/toode\/detox-ravikomlekt-rohelise-ja-valge-teega-5-osa\/#breadcrumb","itemListElement":[{"@type":"ListItem","position":1,"name":"Home","item":"https:\/\/beautyinstitute.ee\/ru\/"},{"@type":"ListItem","position":2,"name":"E-pood","item":"https:\/\/beautyinstitute.ee\/e-pood\/"},{"@type":"ListItem","position":3,"name":"Detox Hoolduskomlekt Rohelise-Ja Valge Teega &#8211; 5 Osa"}]},{"@type":"WebSite","@id":"https:\/\/beautyinstitute.ee\/#website","url":"https:\/\/beautyinstitute.ee\/","name":"Beauty Institute","description":"CNC Cosmetic ametlik maaletooja ja edasim\u00fc\u00fcja Eestis, Soomes, L\u00e4tis. Aparaadikosmeetika, koolitused, kosmeetikatooted.","potentialAction":[{"@type":"SearchAction","target":{"@type":"EntryPoint","urlTemplate":"https:\/\/beautyinstitute.ee\/?s={search_term_string}"},"query-input":{"@type":"PropertyValueSpecification","valueRequired":true,"valueName":"search_term_string"}}],"inLanguage":"ru-RU"}]}},"_links":{"self":[{"href":"https:\/\/beautyinstitute.ee\/ru\/wp-json\/wp\/v2\/product\/23906","targetHints":{"allow":["GET"]}}],"collection":[{"href":"https:\/\/beautyinstitute.ee\/ru\/wp-json\/wp\/v2\/product"}],"about":[{"href":"https:\/\/beautyinstitute.ee\/ru\/wp-json\/wp\/v2\/types\/product"}],"wp:featuredmedia":[{"embeddable":true,"href":"https:\/\/beautyinstitute.ee\/ru\/wp-json\/wp\/v2\/media\/23912"}],"wp:attachment":[{"href":"https:\/\/beautyinstitute.ee\/ru\/wp-json\/wp\/v2\/media?parent=23906"}],"wp:term":[{"taxonomy":"product_cat","embeddable":true,"href":"https:\/\/beautyinstitute.ee\/ru\/wp-json\/wp\/v2\/product_cat?post=23906"},{"taxonomy":"product_tag","embeddable":true,"href":"https:\/\/beautyinstitute.ee\/ru\/wp-json\/wp\/v2\/product_tag?post=23906"}],"curies":[{"name":"wp","href":"https:\/\/api.w.org\/{rel}","templated":true}]}}