{"id":23970,"date":"2023-06-21T12:57:07","date_gmt":"2023-06-21T09:57:07","guid":{"rendered":"https:\/\/beautyinstitute.ee\/?post_type=product&#038;p=23970"},"modified":"2025-11-11T15:48:57","modified_gmt":"2025-11-11T13:48:57","slug":"aloe-vera-geel-kontsentraat-pumppudelis-150ml","status":"publish","type":"product","link":"https:\/\/beautyinstitute.ee\/ru\/toode\/aloe-vera-geel-kontsentraat-pumppudelis-150ml\/","title":{"rendered":"Aloe Vera Geel Kontsentraat Pumppudelis 150Ml"},"content":{"rendered":"<p><strong>Aloe Vera kontsentreeritud j\u00f5ud!<\/strong><\/p>\n<p><strong>Aloe Vera Gel Konzentrat<\/strong> sisaldab Aloe Barbadensis lehtedest saadud\u00a0v\u00e4\u00e4rtuslikku viljaliha\u00a0viiekordselt kontsentreeritud kujul. Viljalihas sisaldub kuni 160 kehale vajalikku ainet, nagu vitamiinid, mineraalid ja ens\u00fc\u00fcmid. See kerge, mitte-rasvane geel sobib suurep\u00e4raselt igap\u00e4evaseks kehahoolduseks, tagab nahale niiskuse ja loomuliku elastsuse. Geelil on taastavad ja nahka kaitsvad omadused, \u00a0m\u00f5jub nahale jahutavalt, rahustavalt ning aitab p\u00e4ikesep\u00f5letuse korral. Pole lisatud l\u00f5hnaaineid.<\/p>\n<p><strong>Kasutamine:<\/strong> Masseerige nahale igap\u00e4evaselt.<\/p>\n<p>&nbsp;<\/p>\n","protected":false},"excerpt":{"rendered":"<p>Aloe Vera kontsentreeritud j\u00f5ud! Aloe Vera Gel Konzentrat sisaldab Aloe Barbadensis lehtedest saadud\u00a0v\u00e4\u00e4rtuslikku viljaliha\u00a0viiekordselt kontsentreeritud kujul. Viljalihas sisaldub kuni 160 kehale vajalikku ainet, nagu vitamiinid, mineraalid ja ens\u00fc\u00fcmid. See kerge, mitte-rasvane geel sobib suurep\u00e4raselt igap\u00e4evaseks kehahoolduseks, tagab nahale niiskuse ja loomuliku elastsuse. Geelil on taastavad ja nahka kaitsvad omadused, \u00a0m\u00f5jub nahale jahutavalt, rahustavalt ning aitab [&hellip;]<\/p>\n","protected":false},"featured_media":23971,"template":"","meta":{"_acf_changed":false},"product_cat":[291,256],"product_tag":[],"class_list":["post-23970","product","type-product","status-publish","has-post-thumbnail","hentry","product_cat-baehr-cosmetic","product_cat-kehahooldustooted"],"acf":[],"yoast_head":"<!-- This site is optimized with the Yoast SEO plugin v25.4 - https:\/\/yoast.com\/wordpress\/plugins\/seo\/ -->\n<title>Aloe Vera Geel Kontsentraat Pumppudelis 150Ml - Beauty Institute<\/title>\n<meta name=\"robots\" content=\"index, follow, max-snippet:-1, max-image-preview:large, max-video-preview:-1\" \/>\n<link rel=\"canonical\" href=\"https:\/\/beautyinstitute.ee\/toode\/aloe-vera-geel-kontsentraat-pumppudelis-150ml\/\" \/>\n<meta property=\"og:locale\" content=\"ru_RU\" \/>\n<meta property=\"og:type\" content=\"article\" \/>\n<meta property=\"og:title\" content=\"Aloe Vera Geel Kontsentraat Pumppudelis 150Ml - Beauty Institute\" \/>\n<meta property=\"og:description\" content=\"Aloe Vera kontsentreeritud j\u00f5ud! Aloe Vera Gel Konzentrat sisaldab Aloe Barbadensis lehtedest saadud\u00a0v\u00e4\u00e4rtuslikku viljaliha\u00a0viiekordselt kontsentreeritud kujul. Viljalihas sisaldub kuni 160 kehale vajalikku ainet, nagu vitamiinid, mineraalid ja ens\u00fc\u00fcmid. See kerge, mitte-rasvane geel sobib suurep\u00e4raselt igap\u00e4evaseks kehahoolduseks, tagab nahale niiskuse ja loomuliku elastsuse. Geelil on taastavad ja nahka kaitsvad omadused, \u00a0m\u00f5jub nahale jahutavalt, rahustavalt ning aitab [&hellip;]\" \/>\n<meta property=\"og:url\" content=\"https:\/\/beautyinstitute.ee\/toode\/aloe-vera-geel-kontsentraat-pumppudelis-150ml\/\" \/>\n<meta property=\"og:site_name\" content=\"Beauty Institute\" \/>\n<meta property=\"article:modified_time\" content=\"2025-11-11T13:48:57+00:00\" \/>\n<meta property=\"og:image\" content=\"https:\/\/beautyinstitute.ee\/wp-content\/uploads\/2023\/06\/aloe-vera-gelkonzentrat-pumpflasche_25260_1280x1280@2x.png\" \/>\n\t<meta property=\"og:image:width\" content=\"2560\" \/>\n\t<meta property=\"og:image:height\" content=\"2560\" \/>\n\t<meta property=\"og:image:type\" content=\"image\/png\" \/>\n<meta name=\"twitter:card\" content=\"summary_large_image\" \/>\n<meta name=\"twitter:site\" content=\"@Beauty_Eesti\" \/>\n<meta name=\"twitter:label1\" content=\"\u041f\u0440\u0438\u043c\u0435\u0440\u043d\u043e\u0435 \u0432\u0440\u0435\u043c\u044f \u0434\u043b\u044f \u0447\u0442\u0435\u043d\u0438\u044f\" \/>\n\t<meta name=\"twitter:data1\" content=\"1 \u043c\u0438\u043d\u0443\u0442\u0430\" \/>\n<script type=\"application\/ld+json\" class=\"yoast-schema-graph\">{\"@context\":\"https:\/\/schema.org\",\"@graph\":[{\"@type\":\"WebPage\",\"@id\":\"https:\/\/beautyinstitute.ee\/toode\/aloe-vera-geel-kontsentraat-pumppudelis-150ml\/\",\"url\":\"https:\/\/beautyinstitute.ee\/toode\/aloe-vera-geel-kontsentraat-pumppudelis-150ml\/\",\"name\":\"Aloe Vera Geel Kontsentraat Pumppudelis 150Ml - Beauty Institute\",\"isPartOf\":{\"@id\":\"https:\/\/beautyinstitute.ee\/#website\"},\"primaryImageOfPage\":{\"@id\":\"https:\/\/beautyinstitute.ee\/toode\/aloe-vera-geel-kontsentraat-pumppudelis-150ml\/#primaryimage\"},\"image\":{\"@id\":\"https:\/\/beautyinstitute.ee\/toode\/aloe-vera-geel-kontsentraat-pumppudelis-150ml\/#primaryimage\"},\"thumbnailUrl\":\"https:\/\/beautyinstitute.ee\/wp-content\/uploads\/2023\/06\/aloe-vera-gelkonzentrat-pumpflasche_25260_1280x1280@2x.png\",\"datePublished\":\"2023-06-21T09:57:07+00:00\",\"dateModified\":\"2025-11-11T13:48:57+00:00\",\"breadcrumb\":{\"@id\":\"https:\/\/beautyinstitute.ee\/toode\/aloe-vera-geel-kontsentraat-pumppudelis-150ml\/#breadcrumb\"},\"inLanguage\":\"ru-RU\",\"potentialAction\":[{\"@type\":\"ReadAction\",\"target\":[\"https:\/\/beautyinstitute.ee\/toode\/aloe-vera-geel-kontsentraat-pumppudelis-150ml\/\"]}]},{\"@type\":\"ImageObject\",\"inLanguage\":\"ru-RU\",\"@id\":\"https:\/\/beautyinstitute.ee\/toode\/aloe-vera-geel-kontsentraat-pumppudelis-150ml\/#primaryimage\",\"url\":\"https:\/\/beautyinstitute.ee\/wp-content\/uploads\/2023\/06\/aloe-vera-gelkonzentrat-pumpflasche_25260_1280x1280@2x.png\",\"contentUrl\":\"https:\/\/beautyinstitute.ee\/wp-content\/uploads\/2023\/06\/aloe-vera-gelkonzentrat-pumpflasche_25260_1280x1280@2x.png\",\"width\":2560,\"height\":2560},{\"@type\":\"BreadcrumbList\",\"@id\":\"https:\/\/beautyinstitute.ee\/toode\/aloe-vera-geel-kontsentraat-pumppudelis-150ml\/#breadcrumb\",\"itemListElement\":[{\"@type\":\"ListItem\",\"position\":1,\"name\":\"Home\",\"item\":\"https:\/\/beautyinstitute.ee\/ru\/\"},{\"@type\":\"ListItem\",\"position\":2,\"name\":\"E-pood\",\"item\":\"https:\/\/beautyinstitute.ee\/e-pood\/\"},{\"@type\":\"ListItem\",\"position\":3,\"name\":\"Aloe Vera Geel Kontsentraat Pumppudelis 150Ml\"}]},{\"@type\":\"WebSite\",\"@id\":\"https:\/\/beautyinstitute.ee\/#website\",\"url\":\"https:\/\/beautyinstitute.ee\/\",\"name\":\"Beauty Institute\",\"description\":\"CNC Cosmetic ametlik maaletooja ja edasim\u00fc\u00fcja Eestis, Soomes, L\u00e4tis. Aparaadikosmeetika, koolitused, kosmeetikatooted.\",\"potentialAction\":[{\"@type\":\"SearchAction\",\"target\":{\"@type\":\"EntryPoint\",\"urlTemplate\":\"https:\/\/beautyinstitute.ee\/?s={search_term_string}\"},\"query-input\":{\"@type\":\"PropertyValueSpecification\",\"valueRequired\":true,\"valueName\":\"search_term_string\"}}],\"inLanguage\":\"ru-RU\"}]}<\/script>\n<!-- \/ Yoast SEO plugin. -->","yoast_head_json":{"title":"Aloe Vera Geel Kontsentraat Pumppudelis 150Ml - Beauty Institute","robots":{"index":"index","follow":"follow","max-snippet":"max-snippet:-1","max-image-preview":"max-image-preview:large","max-video-preview":"max-video-preview:-1"},"canonical":"https:\/\/beautyinstitute.ee\/toode\/aloe-vera-geel-kontsentraat-pumppudelis-150ml\/","og_locale":"ru_RU","og_type":"article","og_title":"Aloe Vera Geel Kontsentraat Pumppudelis 150Ml - Beauty Institute","og_description":"Aloe Vera kontsentreeritud j\u00f5ud! Aloe Vera Gel Konzentrat sisaldab Aloe Barbadensis lehtedest saadud\u00a0v\u00e4\u00e4rtuslikku viljaliha\u00a0viiekordselt kontsentreeritud kujul. Viljalihas sisaldub kuni 160 kehale vajalikku ainet, nagu vitamiinid, mineraalid ja ens\u00fc\u00fcmid. See kerge, mitte-rasvane geel sobib suurep\u00e4raselt igap\u00e4evaseks kehahoolduseks, tagab nahale niiskuse ja loomuliku elastsuse. Geelil on taastavad ja nahka kaitsvad omadused, \u00a0m\u00f5jub nahale jahutavalt, rahustavalt ning aitab [&hellip;]","og_url":"https:\/\/beautyinstitute.ee\/toode\/aloe-vera-geel-kontsentraat-pumppudelis-150ml\/","og_site_name":"Beauty Institute","article_modified_time":"2025-11-11T13:48:57+00:00","og_image":[{"width":2560,"height":2560,"url":"https:\/\/beautyinstitute.ee\/wp-content\/uploads\/2023\/06\/aloe-vera-gelkonzentrat-pumpflasche_25260_1280x1280@2x.png","type":"image\/png"}],"twitter_card":"summary_large_image","twitter_site":"@Beauty_Eesti","twitter_misc":{"\u041f\u0440\u0438\u043c\u0435\u0440\u043d\u043e\u0435 \u0432\u0440\u0435\u043c\u044f \u0434\u043b\u044f \u0447\u0442\u0435\u043d\u0438\u044f":"1 \u043c\u0438\u043d\u0443\u0442\u0430"},"schema":{"@context":"https:\/\/schema.org","@graph":[{"@type":"WebPage","@id":"https:\/\/beautyinstitute.ee\/toode\/aloe-vera-geel-kontsentraat-pumppudelis-150ml\/","url":"https:\/\/beautyinstitute.ee\/toode\/aloe-vera-geel-kontsentraat-pumppudelis-150ml\/","name":"Aloe Vera Geel Kontsentraat Pumppudelis 150Ml - Beauty Institute","isPartOf":{"@id":"https:\/\/beautyinstitute.ee\/#website"},"primaryImageOfPage":{"@id":"https:\/\/beautyinstitute.ee\/toode\/aloe-vera-geel-kontsentraat-pumppudelis-150ml\/#primaryimage"},"image":{"@id":"https:\/\/beautyinstitute.ee\/toode\/aloe-vera-geel-kontsentraat-pumppudelis-150ml\/#primaryimage"},"thumbnailUrl":"https:\/\/beautyinstitute.ee\/wp-content\/uploads\/2023\/06\/aloe-vera-gelkonzentrat-pumpflasche_25260_1280x1280@2x.png","datePublished":"2023-06-21T09:57:07+00:00","dateModified":"2025-11-11T13:48:57+00:00","breadcrumb":{"@id":"https:\/\/beautyinstitute.ee\/toode\/aloe-vera-geel-kontsentraat-pumppudelis-150ml\/#breadcrumb"},"inLanguage":"ru-RU","potentialAction":[{"@type":"ReadAction","target":["https:\/\/beautyinstitute.ee\/toode\/aloe-vera-geel-kontsentraat-pumppudelis-150ml\/"]}]},{"@type":"ImageObject","inLanguage":"ru-RU","@id":"https:\/\/beautyinstitute.ee\/toode\/aloe-vera-geel-kontsentraat-pumppudelis-150ml\/#primaryimage","url":"https:\/\/beautyinstitute.ee\/wp-content\/uploads\/2023\/06\/aloe-vera-gelkonzentrat-pumpflasche_25260_1280x1280@2x.png","contentUrl":"https:\/\/beautyinstitute.ee\/wp-content\/uploads\/2023\/06\/aloe-vera-gelkonzentrat-pumpflasche_25260_1280x1280@2x.png","width":2560,"height":2560},{"@type":"BreadcrumbList","@id":"https:\/\/beautyinstitute.ee\/toode\/aloe-vera-geel-kontsentraat-pumppudelis-150ml\/#breadcrumb","itemListElement":[{"@type":"ListItem","position":1,"name":"Home","item":"https:\/\/beautyinstitute.ee\/ru\/"},{"@type":"ListItem","position":2,"name":"E-pood","item":"https:\/\/beautyinstitute.ee\/e-pood\/"},{"@type":"ListItem","position":3,"name":"Aloe Vera Geel Kontsentraat Pumppudelis 150Ml"}]},{"@type":"WebSite","@id":"https:\/\/beautyinstitute.ee\/#website","url":"https:\/\/beautyinstitute.ee\/","name":"Beauty Institute","description":"CNC Cosmetic ametlik maaletooja ja edasim\u00fc\u00fcja Eestis, Soomes, L\u00e4tis. Aparaadikosmeetika, koolitused, kosmeetikatooted.","potentialAction":[{"@type":"SearchAction","target":{"@type":"EntryPoint","urlTemplate":"https:\/\/beautyinstitute.ee\/?s={search_term_string}"},"query-input":{"@type":"PropertyValueSpecification","valueRequired":true,"valueName":"search_term_string"}}],"inLanguage":"ru-RU"}]}},"_links":{"self":[{"href":"https:\/\/beautyinstitute.ee\/ru\/wp-json\/wp\/v2\/product\/23970","targetHints":{"allow":["GET"]}}],"collection":[{"href":"https:\/\/beautyinstitute.ee\/ru\/wp-json\/wp\/v2\/product"}],"about":[{"href":"https:\/\/beautyinstitute.ee\/ru\/wp-json\/wp\/v2\/types\/product"}],"wp:featuredmedia":[{"embeddable":true,"href":"https:\/\/beautyinstitute.ee\/ru\/wp-json\/wp\/v2\/media\/23971"}],"wp:attachment":[{"href":"https:\/\/beautyinstitute.ee\/ru\/wp-json\/wp\/v2\/media?parent=23970"}],"wp:term":[{"taxonomy":"product_cat","embeddable":true,"href":"https:\/\/beautyinstitute.ee\/ru\/wp-json\/wp\/v2\/product_cat?post=23970"},{"taxonomy":"product_tag","embeddable":true,"href":"https:\/\/beautyinstitute.ee\/ru\/wp-json\/wp\/v2\/product_tag?post=23970"}],"curies":[{"name":"wp","href":"https:\/\/api.w.org\/{rel}","templated":true}]}}