{"id":23976,"date":"2023-06-21T14:24:27","date_gmt":"2023-06-21T11:24:27","guid":{"rendered":"https:\/\/beautyinstitute.ee\/?post_type=product&#038;p=23976"},"modified":"2026-04-18T22:42:18","modified_gmt":"2026-04-18T19:42:18","slug":"aloe-vera-niisutav-fliismask-naokreem-silmakreem","status":"publish","type":"product","link":"https:\/\/beautyinstitute.ee\/ru\/toode\/aloe-vera-niisutav-fliismask-naokreem-silmakreem\/","title":{"rendered":"Aloe Vera Niisutav Fliismask\/ N\u00e4okreem\/ Silmakreem"},"content":{"rendered":"<p><strong>Aloe Vera 3-astmeline niisutav mask, 24h kreemi ja silmakreemiga.<\/strong><\/p>\n<p>Nahka uuendav hooldus t\u00e4nu aloe vera eriomadustele. Aloe Vera niisutav 3 osaline komplekt pakub igak\u00fclgset hellitust ja taastumist koos fliisimaskiga, kerge silmakreemiga ja 24h kreemiga. Aloe vera niisutavate ja kaitsvate omaduste kombinatsioon kvaliteetsete taimeekstraktidega niisutab nahka intensiivselt, nii et kuivale n\u00e4onahale ei ole mingit v\u00f5imalust. V\u00e4\u00e4rtuslikud koostisained nagu kummel, karikakar, samuti pantenool, E-vitamiin ja allantoiin soodustavad naha kiiret taastumist, et tagada \u00fchtlane jume. Kvaliteetsed \u00f5lid ja sheav\u00f5i kindlustavad naha rasvhapete tasakaalu, mis tagab hingematvalt sametpehme naha. <strong>Kohene v\u00e4rskusimpulss n\u00e4ole! <\/strong><\/p>\n<p>&nbsp;<\/p>\n","protected":false},"excerpt":{"rendered":"<p>Aloe Vera 3-astmeline niisutav mask, 24h kreemi ja silmakreemiga. Nahka uuendav hooldus t\u00e4nu aloe vera eriomadustele. Aloe Vera niisutav 3 osaline komplekt pakub igak\u00fclgset hellitust ja taastumist koos fliisimaskiga, kerge silmakreemiga ja 24h kreemiga. Aloe vera niisutavate ja kaitsvate omaduste kombinatsioon kvaliteetsete taimeekstraktidega niisutab nahka intensiivselt, nii et kuivale n\u00e4onahale ei ole mingit v\u00f5imalust. V\u00e4\u00e4rtuslikud [&hellip;]<\/p>\n","protected":false},"featured_media":23983,"template":"","meta":{"_acf_changed":false},"product_cat":[291,284,248],"product_tag":[],"class_list":["post-23976","product","type-product","status-publish","has-post-thumbnail","hentry","product_cat-baehr-cosmetic","product_cat-lehtmaskid","product_cat-maskid-2"],"acf":[],"yoast_head":"<!-- This site is optimized with the Yoast SEO plugin v25.4 - https:\/\/yoast.com\/wordpress\/plugins\/seo\/ -->\n<title>Aloe Vera Niisutav Fliismask\/ N\u00e4okreem\/ Silmakreem - Beauty Institute<\/title>\n<meta name=\"robots\" content=\"index, follow, max-snippet:-1, max-image-preview:large, max-video-preview:-1\" \/>\n<link rel=\"canonical\" href=\"https:\/\/beautyinstitute.ee\/toode\/aloe-vera-niisutav-fliismask-naokreem-silmakreem\/\" \/>\n<meta property=\"og:locale\" content=\"ru_RU\" \/>\n<meta property=\"og:type\" content=\"article\" \/>\n<meta property=\"og:title\" content=\"Aloe Vera Niisutav Fliismask\/ N\u00e4okreem\/ Silmakreem - Beauty Institute\" \/>\n<meta property=\"og:description\" content=\"Aloe Vera 3-astmeline niisutav mask, 24h kreemi ja silmakreemiga. Nahka uuendav hooldus t\u00e4nu aloe vera eriomadustele. Aloe Vera niisutav 3 osaline komplekt pakub igak\u00fclgset hellitust ja taastumist koos fliisimaskiga, kerge silmakreemiga ja 24h kreemiga. Aloe vera niisutavate ja kaitsvate omaduste kombinatsioon kvaliteetsete taimeekstraktidega niisutab nahka intensiivselt, nii et kuivale n\u00e4onahale ei ole mingit v\u00f5imalust. V\u00e4\u00e4rtuslikud [&hellip;]\" \/>\n<meta property=\"og:url\" content=\"https:\/\/beautyinstitute.ee\/toode\/aloe-vera-niisutav-fliismask-naokreem-silmakreem\/\" \/>\n<meta property=\"og:site_name\" content=\"Beauty Institute\" \/>\n<meta property=\"article:modified_time\" content=\"2026-04-18T19:42:18+00:00\" \/>\n<meta property=\"og:image\" content=\"https:\/\/beautyinstitute.ee\/wp-content\/uploads\/2023\/06\/baehr-beauty-concept-aloe-vera-3-step-maske2.png\" \/>\n\t<meta property=\"og:image:width\" content=\"800\" \/>\n\t<meta property=\"og:image:height\" content=\"800\" \/>\n\t<meta property=\"og:image:type\" content=\"image\/png\" \/>\n<meta name=\"twitter:card\" content=\"summary_large_image\" \/>\n<meta name=\"twitter:site\" content=\"@Beauty_Eesti\" \/>\n<meta name=\"twitter:label1\" content=\"\u041f\u0440\u0438\u043c\u0435\u0440\u043d\u043e\u0435 \u0432\u0440\u0435\u043c\u044f \u0434\u043b\u044f \u0447\u0442\u0435\u043d\u0438\u044f\" \/>\n\t<meta name=\"twitter:data1\" content=\"1 \u043c\u0438\u043d\u0443\u0442\u0430\" \/>\n<script type=\"application\/ld+json\" class=\"yoast-schema-graph\">{\"@context\":\"https:\/\/schema.org\",\"@graph\":[{\"@type\":\"WebPage\",\"@id\":\"https:\/\/beautyinstitute.ee\/toode\/aloe-vera-niisutav-fliismask-naokreem-silmakreem\/\",\"url\":\"https:\/\/beautyinstitute.ee\/toode\/aloe-vera-niisutav-fliismask-naokreem-silmakreem\/\",\"name\":\"Aloe Vera Niisutav Fliismask\/ N\u00e4okreem\/ Silmakreem - Beauty Institute\",\"isPartOf\":{\"@id\":\"https:\/\/beautyinstitute.ee\/#website\"},\"primaryImageOfPage\":{\"@id\":\"https:\/\/beautyinstitute.ee\/toode\/aloe-vera-niisutav-fliismask-naokreem-silmakreem\/#primaryimage\"},\"image\":{\"@id\":\"https:\/\/beautyinstitute.ee\/toode\/aloe-vera-niisutav-fliismask-naokreem-silmakreem\/#primaryimage\"},\"thumbnailUrl\":\"https:\/\/beautyinstitute.ee\/wp-content\/uploads\/2023\/06\/baehr-beauty-concept-aloe-vera-3-step-maske2.png\",\"datePublished\":\"2023-06-21T11:24:27+00:00\",\"dateModified\":\"2026-04-18T19:42:18+00:00\",\"breadcrumb\":{\"@id\":\"https:\/\/beautyinstitute.ee\/toode\/aloe-vera-niisutav-fliismask-naokreem-silmakreem\/#breadcrumb\"},\"inLanguage\":\"ru-RU\",\"potentialAction\":[{\"@type\":\"ReadAction\",\"target\":[\"https:\/\/beautyinstitute.ee\/toode\/aloe-vera-niisutav-fliismask-naokreem-silmakreem\/\"]}]},{\"@type\":\"ImageObject\",\"inLanguage\":\"ru-RU\",\"@id\":\"https:\/\/beautyinstitute.ee\/toode\/aloe-vera-niisutav-fliismask-naokreem-silmakreem\/#primaryimage\",\"url\":\"https:\/\/beautyinstitute.ee\/wp-content\/uploads\/2023\/06\/baehr-beauty-concept-aloe-vera-3-step-maske2.png\",\"contentUrl\":\"https:\/\/beautyinstitute.ee\/wp-content\/uploads\/2023\/06\/baehr-beauty-concept-aloe-vera-3-step-maske2.png\",\"width\":800,\"height\":800},{\"@type\":\"BreadcrumbList\",\"@id\":\"https:\/\/beautyinstitute.ee\/toode\/aloe-vera-niisutav-fliismask-naokreem-silmakreem\/#breadcrumb\",\"itemListElement\":[{\"@type\":\"ListItem\",\"position\":1,\"name\":\"Home\",\"item\":\"https:\/\/beautyinstitute.ee\/ru\/\"},{\"@type\":\"ListItem\",\"position\":2,\"name\":\"E-pood\",\"item\":\"https:\/\/beautyinstitute.ee\/e-pood\/\"},{\"@type\":\"ListItem\",\"position\":3,\"name\":\"Aloe Vera Niisutav Fliismask\/ N\u00e4okreem\/ Silmakreem\"}]},{\"@type\":\"WebSite\",\"@id\":\"https:\/\/beautyinstitute.ee\/#website\",\"url\":\"https:\/\/beautyinstitute.ee\/\",\"name\":\"Beauty Institute\",\"description\":\"CNC Cosmetic ametlik maaletooja ja edasim\u00fc\u00fcja Eestis, Soomes, L\u00e4tis. Aparaadikosmeetika, koolitused, kosmeetikatooted.\",\"potentialAction\":[{\"@type\":\"SearchAction\",\"target\":{\"@type\":\"EntryPoint\",\"urlTemplate\":\"https:\/\/beautyinstitute.ee\/?s={search_term_string}\"},\"query-input\":{\"@type\":\"PropertyValueSpecification\",\"valueRequired\":true,\"valueName\":\"search_term_string\"}}],\"inLanguage\":\"ru-RU\"}]}<\/script>\n<!-- \/ Yoast SEO plugin. -->","yoast_head_json":{"title":"Aloe Vera Niisutav Fliismask\/ N\u00e4okreem\/ Silmakreem - Beauty Institute","robots":{"index":"index","follow":"follow","max-snippet":"max-snippet:-1","max-image-preview":"max-image-preview:large","max-video-preview":"max-video-preview:-1"},"canonical":"https:\/\/beautyinstitute.ee\/toode\/aloe-vera-niisutav-fliismask-naokreem-silmakreem\/","og_locale":"ru_RU","og_type":"article","og_title":"Aloe Vera Niisutav Fliismask\/ N\u00e4okreem\/ Silmakreem - Beauty Institute","og_description":"Aloe Vera 3-astmeline niisutav mask, 24h kreemi ja silmakreemiga. Nahka uuendav hooldus t\u00e4nu aloe vera eriomadustele. Aloe Vera niisutav 3 osaline komplekt pakub igak\u00fclgset hellitust ja taastumist koos fliisimaskiga, kerge silmakreemiga ja 24h kreemiga. Aloe vera niisutavate ja kaitsvate omaduste kombinatsioon kvaliteetsete taimeekstraktidega niisutab nahka intensiivselt, nii et kuivale n\u00e4onahale ei ole mingit v\u00f5imalust. V\u00e4\u00e4rtuslikud [&hellip;]","og_url":"https:\/\/beautyinstitute.ee\/toode\/aloe-vera-niisutav-fliismask-naokreem-silmakreem\/","og_site_name":"Beauty Institute","article_modified_time":"2026-04-18T19:42:18+00:00","og_image":[{"width":800,"height":800,"url":"https:\/\/beautyinstitute.ee\/wp-content\/uploads\/2023\/06\/baehr-beauty-concept-aloe-vera-3-step-maske2.png","type":"image\/png"}],"twitter_card":"summary_large_image","twitter_site":"@Beauty_Eesti","twitter_misc":{"\u041f\u0440\u0438\u043c\u0435\u0440\u043d\u043e\u0435 \u0432\u0440\u0435\u043c\u044f \u0434\u043b\u044f \u0447\u0442\u0435\u043d\u0438\u044f":"1 \u043c\u0438\u043d\u0443\u0442\u0430"},"schema":{"@context":"https:\/\/schema.org","@graph":[{"@type":"WebPage","@id":"https:\/\/beautyinstitute.ee\/toode\/aloe-vera-niisutav-fliismask-naokreem-silmakreem\/","url":"https:\/\/beautyinstitute.ee\/toode\/aloe-vera-niisutav-fliismask-naokreem-silmakreem\/","name":"Aloe Vera Niisutav Fliismask\/ N\u00e4okreem\/ Silmakreem - Beauty Institute","isPartOf":{"@id":"https:\/\/beautyinstitute.ee\/#website"},"primaryImageOfPage":{"@id":"https:\/\/beautyinstitute.ee\/toode\/aloe-vera-niisutav-fliismask-naokreem-silmakreem\/#primaryimage"},"image":{"@id":"https:\/\/beautyinstitute.ee\/toode\/aloe-vera-niisutav-fliismask-naokreem-silmakreem\/#primaryimage"},"thumbnailUrl":"https:\/\/beautyinstitute.ee\/wp-content\/uploads\/2023\/06\/baehr-beauty-concept-aloe-vera-3-step-maske2.png","datePublished":"2023-06-21T11:24:27+00:00","dateModified":"2026-04-18T19:42:18+00:00","breadcrumb":{"@id":"https:\/\/beautyinstitute.ee\/toode\/aloe-vera-niisutav-fliismask-naokreem-silmakreem\/#breadcrumb"},"inLanguage":"ru-RU","potentialAction":[{"@type":"ReadAction","target":["https:\/\/beautyinstitute.ee\/toode\/aloe-vera-niisutav-fliismask-naokreem-silmakreem\/"]}]},{"@type":"ImageObject","inLanguage":"ru-RU","@id":"https:\/\/beautyinstitute.ee\/toode\/aloe-vera-niisutav-fliismask-naokreem-silmakreem\/#primaryimage","url":"https:\/\/beautyinstitute.ee\/wp-content\/uploads\/2023\/06\/baehr-beauty-concept-aloe-vera-3-step-maske2.png","contentUrl":"https:\/\/beautyinstitute.ee\/wp-content\/uploads\/2023\/06\/baehr-beauty-concept-aloe-vera-3-step-maske2.png","width":800,"height":800},{"@type":"BreadcrumbList","@id":"https:\/\/beautyinstitute.ee\/toode\/aloe-vera-niisutav-fliismask-naokreem-silmakreem\/#breadcrumb","itemListElement":[{"@type":"ListItem","position":1,"name":"Home","item":"https:\/\/beautyinstitute.ee\/ru\/"},{"@type":"ListItem","position":2,"name":"E-pood","item":"https:\/\/beautyinstitute.ee\/e-pood\/"},{"@type":"ListItem","position":3,"name":"Aloe Vera Niisutav Fliismask\/ N\u00e4okreem\/ Silmakreem"}]},{"@type":"WebSite","@id":"https:\/\/beautyinstitute.ee\/#website","url":"https:\/\/beautyinstitute.ee\/","name":"Beauty Institute","description":"CNC Cosmetic ametlik maaletooja ja edasim\u00fc\u00fcja Eestis, Soomes, L\u00e4tis. Aparaadikosmeetika, koolitused, kosmeetikatooted.","potentialAction":[{"@type":"SearchAction","target":{"@type":"EntryPoint","urlTemplate":"https:\/\/beautyinstitute.ee\/?s={search_term_string}"},"query-input":{"@type":"PropertyValueSpecification","valueRequired":true,"valueName":"search_term_string"}}],"inLanguage":"ru-RU"}]}},"_links":{"self":[{"href":"https:\/\/beautyinstitute.ee\/ru\/wp-json\/wp\/v2\/product\/23976","targetHints":{"allow":["GET"]}}],"collection":[{"href":"https:\/\/beautyinstitute.ee\/ru\/wp-json\/wp\/v2\/product"}],"about":[{"href":"https:\/\/beautyinstitute.ee\/ru\/wp-json\/wp\/v2\/types\/product"}],"wp:featuredmedia":[{"embeddable":true,"href":"https:\/\/beautyinstitute.ee\/ru\/wp-json\/wp\/v2\/media\/23983"}],"wp:attachment":[{"href":"https:\/\/beautyinstitute.ee\/ru\/wp-json\/wp\/v2\/media?parent=23976"}],"wp:term":[{"taxonomy":"product_cat","embeddable":true,"href":"https:\/\/beautyinstitute.ee\/ru\/wp-json\/wp\/v2\/product_cat?post=23976"},{"taxonomy":"product_tag","embeddable":true,"href":"https:\/\/beautyinstitute.ee\/ru\/wp-json\/wp\/v2\/product_tag?post=23976"}],"curies":[{"name":"wp","href":"https:\/\/api.w.org\/{rel}","templated":true}]}}