{"id":23995,"date":"2023-06-21T14:54:56","date_gmt":"2023-06-21T11:54:56","guid":{"rendered":"https:\/\/beautyinstitute.ee\/?post_type=product&#038;p=23995"},"modified":"2026-04-27T09:44:24","modified_gmt":"2026-04-27T06:44:24","slug":"kooriv-mask-tostva-efektiga-150ml","status":"publish","type":"product","link":"https:\/\/beautyinstitute.ee\/ru\/toode\/kooriv-mask-tostva-efektiga-150ml\/","title":{"rendered":"T\u00f5stva Efektiga Peel-Off Mask Rohelise Ja Valge Teega150Ml"},"content":{"rendered":"<p id=\"tw-target-text\" class=\"tw-data-text tw-text-large tw-ta\" dir=\"ltr\" data-placeholder=\"T\u00f5lge\"><span class=\"Y2IQFc\" lang=\"et\"><strong>Kosutav mahakooruv mask<\/strong> annab nahale s\u00e4ra ja j\u00e4tab hea tunde. Maskis sisalduvad magusa mandli proteiinide biopol\u00fcmeerid annavad m\u00e4rgatava t\u00f5stva efekti. Valge ja rohelise tee ekstraktid on tuntud oma kaitsvate detox-omaduste poolest, parandades s\u00e4ra ja v\u00e4hendades naha probleeme.<\/span><\/p>\n<p class=\"tw-data-text tw-text-large tw-ta\" dir=\"ltr\" data-placeholder=\"T\u00f5lge\"><span class=\"Y2IQFc\" lang=\"et\"><strong>Kasutamine:<\/strong> Kandke mask \u00f5hukese \u00fchtlase kihina n\u00e4ole ja kaelale (v\u00e4ltige silmakontuure). Hoida peal \u00a025 minutit, laske maskil t\u00e4ielikult kuivada, . Koorige mask n\u00e4olt. Puhastage veega. <\/span><\/p>\n<p class=\"tw-data-text tw-text-large tw-ta\" dir=\"ltr\" data-placeholder=\"T\u00f5lge\"><span class=\"Y2IQFc\" lang=\"et\">Toode sisaldab looduslikke koostisosi, mis v\u00f5ivad p\u00f5hjustada toote v\u00e4rvimuutust, ilma et see m\u00f5jutaks toote kvaliteeti.<\/span><\/p>\n<p dir=\"ltr\" data-placeholder=\"T\u00f5lge\">\n","protected":false},"excerpt":{"rendered":"<p>Kosutav mahakooruv mask annab nahale s\u00e4ra ja j\u00e4tab hea tunde. Maskis sisalduvad magusa mandli proteiinide biopol\u00fcmeerid annavad m\u00e4rgatava t\u00f5stva efekti. Valge ja rohelise tee ekstraktid on tuntud oma kaitsvate detox-omaduste poolest, parandades s\u00e4ra ja v\u00e4hendades naha probleeme. Kasutamine: Kandke mask \u00f5hukese \u00fchtlase kihina n\u00e4ole ja kaelale (v\u00e4ltige silmakontuure). Hoida peal \u00a025 minutit, laske maskil t\u00e4ielikult [&hellip;]<\/p>\n","protected":false},"featured_media":23996,"template":"","meta":{"_acf_changed":false},"product_cat":[291,248,147],"product_tag":[],"class_list":["post-23995","product","type-product","status-publish","has-post-thumbnail","hentry","product_cat-baehr-cosmetic","product_cat-maskid-2","product_cat-kreemmaskid"],"acf":[],"yoast_head":"<!-- This site is optimized with the Yoast SEO plugin v25.4 - https:\/\/yoast.com\/wordpress\/plugins\/seo\/ -->\n<title>T\u00f5stva Efektiga Peel-Off Mask Rohelise Ja Valge Teega150Ml - Beauty Institute<\/title>\n<meta name=\"robots\" content=\"index, follow, max-snippet:-1, max-image-preview:large, max-video-preview:-1\" \/>\n<link rel=\"canonical\" href=\"https:\/\/beautyinstitute.ee\/toode\/kooriv-mask-tostva-efektiga-150ml\/\" \/>\n<meta property=\"og:locale\" content=\"ru_RU\" \/>\n<meta property=\"og:type\" content=\"article\" \/>\n<meta property=\"og:title\" content=\"T\u00f5stva Efektiga Peel-Off Mask Rohelise Ja Valge Teega150Ml - Beauty Institute\" \/>\n<meta property=\"og:description\" content=\"Kosutav mahakooruv mask annab nahale s\u00e4ra ja j\u00e4tab hea tunde. Maskis sisalduvad magusa mandli proteiinide biopol\u00fcmeerid annavad m\u00e4rgatava t\u00f5stva efekti. Valge ja rohelise tee ekstraktid on tuntud oma kaitsvate detox-omaduste poolest, parandades s\u00e4ra ja v\u00e4hendades naha probleeme. Kasutamine: Kandke mask \u00f5hukese \u00fchtlase kihina n\u00e4ole ja kaelale (v\u00e4ltige silmakontuure). Hoida peal \u00a025 minutit, laske maskil t\u00e4ielikult [&hellip;]\" \/>\n<meta property=\"og:url\" content=\"https:\/\/beautyinstitute.ee\/toode\/kooriv-mask-tostva-efektiga-150ml\/\" \/>\n<meta property=\"og:site_name\" content=\"Beauty Institute\" \/>\n<meta property=\"article:modified_time\" content=\"2026-04-27T06:44:24+00:00\" \/>\n<meta property=\"og:image\" content=\"https:\/\/beautyinstitute.ee\/wp-content\/uploads\/2023\/06\/peel-off-maske-lifting-effekt_25180_1280x1280@2x.png\" \/>\n\t<meta property=\"og:image:width\" content=\"2095\" \/>\n\t<meta property=\"og:image:height\" content=\"2095\" \/>\n\t<meta property=\"og:image:type\" content=\"image\/png\" \/>\n<meta name=\"twitter:card\" content=\"summary_large_image\" \/>\n<meta name=\"twitter:site\" content=\"@Beauty_Eesti\" \/>\n<meta name=\"twitter:label1\" content=\"\u041f\u0440\u0438\u043c\u0435\u0440\u043d\u043e\u0435 \u0432\u0440\u0435\u043c\u044f \u0434\u043b\u044f \u0447\u0442\u0435\u043d\u0438\u044f\" \/>\n\t<meta name=\"twitter:data1\" content=\"1 \u043c\u0438\u043d\u0443\u0442\u0430\" \/>\n<script type=\"application\/ld+json\" class=\"yoast-schema-graph\">{\"@context\":\"https:\/\/schema.org\",\"@graph\":[{\"@type\":\"WebPage\",\"@id\":\"https:\/\/beautyinstitute.ee\/toode\/kooriv-mask-tostva-efektiga-150ml\/\",\"url\":\"https:\/\/beautyinstitute.ee\/toode\/kooriv-mask-tostva-efektiga-150ml\/\",\"name\":\"T\u00f5stva Efektiga Peel-Off Mask Rohelise Ja Valge Teega150Ml - Beauty Institute\",\"isPartOf\":{\"@id\":\"https:\/\/beautyinstitute.ee\/#website\"},\"primaryImageOfPage\":{\"@id\":\"https:\/\/beautyinstitute.ee\/toode\/kooriv-mask-tostva-efektiga-150ml\/#primaryimage\"},\"image\":{\"@id\":\"https:\/\/beautyinstitute.ee\/toode\/kooriv-mask-tostva-efektiga-150ml\/#primaryimage\"},\"thumbnailUrl\":\"https:\/\/beautyinstitute.ee\/wp-content\/uploads\/2023\/06\/peel-off-maske-lifting-effekt_25180_1280x1280@2x.png\",\"datePublished\":\"2023-06-21T11:54:56+00:00\",\"dateModified\":\"2026-04-27T06:44:24+00:00\",\"breadcrumb\":{\"@id\":\"https:\/\/beautyinstitute.ee\/toode\/kooriv-mask-tostva-efektiga-150ml\/#breadcrumb\"},\"inLanguage\":\"ru-RU\",\"potentialAction\":[{\"@type\":\"ReadAction\",\"target\":[\"https:\/\/beautyinstitute.ee\/toode\/kooriv-mask-tostva-efektiga-150ml\/\"]}]},{\"@type\":\"ImageObject\",\"inLanguage\":\"ru-RU\",\"@id\":\"https:\/\/beautyinstitute.ee\/toode\/kooriv-mask-tostva-efektiga-150ml\/#primaryimage\",\"url\":\"https:\/\/beautyinstitute.ee\/wp-content\/uploads\/2023\/06\/peel-off-maske-lifting-effekt_25180_1280x1280@2x.png\",\"contentUrl\":\"https:\/\/beautyinstitute.ee\/wp-content\/uploads\/2023\/06\/peel-off-maske-lifting-effekt_25180_1280x1280@2x.png\",\"width\":2095,\"height\":2095},{\"@type\":\"BreadcrumbList\",\"@id\":\"https:\/\/beautyinstitute.ee\/toode\/kooriv-mask-tostva-efektiga-150ml\/#breadcrumb\",\"itemListElement\":[{\"@type\":\"ListItem\",\"position\":1,\"name\":\"Home\",\"item\":\"https:\/\/beautyinstitute.ee\/ru\/\"},{\"@type\":\"ListItem\",\"position\":2,\"name\":\"E-pood\",\"item\":\"https:\/\/beautyinstitute.ee\/e-pood\/\"},{\"@type\":\"ListItem\",\"position\":3,\"name\":\"T\u00f5stva Efektiga Peel-Off Mask Rohelise Ja Valge Teega150Ml\"}]},{\"@type\":\"WebSite\",\"@id\":\"https:\/\/beautyinstitute.ee\/#website\",\"url\":\"https:\/\/beautyinstitute.ee\/\",\"name\":\"Beauty Institute\",\"description\":\"CNC Cosmetic ametlik maaletooja ja edasim\u00fc\u00fcja Eestis, Soomes, L\u00e4tis. Aparaadikosmeetika, koolitused, kosmeetikatooted.\",\"potentialAction\":[{\"@type\":\"SearchAction\",\"target\":{\"@type\":\"EntryPoint\",\"urlTemplate\":\"https:\/\/beautyinstitute.ee\/?s={search_term_string}\"},\"query-input\":{\"@type\":\"PropertyValueSpecification\",\"valueRequired\":true,\"valueName\":\"search_term_string\"}}],\"inLanguage\":\"ru-RU\"}]}<\/script>\n<!-- \/ Yoast SEO plugin. -->","yoast_head_json":{"title":"T\u00f5stva Efektiga Peel-Off Mask Rohelise Ja Valge Teega150Ml - Beauty Institute","robots":{"index":"index","follow":"follow","max-snippet":"max-snippet:-1","max-image-preview":"max-image-preview:large","max-video-preview":"max-video-preview:-1"},"canonical":"https:\/\/beautyinstitute.ee\/toode\/kooriv-mask-tostva-efektiga-150ml\/","og_locale":"ru_RU","og_type":"article","og_title":"T\u00f5stva Efektiga Peel-Off Mask Rohelise Ja Valge Teega150Ml - Beauty Institute","og_description":"Kosutav mahakooruv mask annab nahale s\u00e4ra ja j\u00e4tab hea tunde. Maskis sisalduvad magusa mandli proteiinide biopol\u00fcmeerid annavad m\u00e4rgatava t\u00f5stva efekti. Valge ja rohelise tee ekstraktid on tuntud oma kaitsvate detox-omaduste poolest, parandades s\u00e4ra ja v\u00e4hendades naha probleeme. Kasutamine: Kandke mask \u00f5hukese \u00fchtlase kihina n\u00e4ole ja kaelale (v\u00e4ltige silmakontuure). Hoida peal \u00a025 minutit, laske maskil t\u00e4ielikult [&hellip;]","og_url":"https:\/\/beautyinstitute.ee\/toode\/kooriv-mask-tostva-efektiga-150ml\/","og_site_name":"Beauty Institute","article_modified_time":"2026-04-27T06:44:24+00:00","og_image":[{"width":2095,"height":2095,"url":"https:\/\/beautyinstitute.ee\/wp-content\/uploads\/2023\/06\/peel-off-maske-lifting-effekt_25180_1280x1280@2x.png","type":"image\/png"}],"twitter_card":"summary_large_image","twitter_site":"@Beauty_Eesti","twitter_misc":{"\u041f\u0440\u0438\u043c\u0435\u0440\u043d\u043e\u0435 \u0432\u0440\u0435\u043c\u044f \u0434\u043b\u044f \u0447\u0442\u0435\u043d\u0438\u044f":"1 \u043c\u0438\u043d\u0443\u0442\u0430"},"schema":{"@context":"https:\/\/schema.org","@graph":[{"@type":"WebPage","@id":"https:\/\/beautyinstitute.ee\/toode\/kooriv-mask-tostva-efektiga-150ml\/","url":"https:\/\/beautyinstitute.ee\/toode\/kooriv-mask-tostva-efektiga-150ml\/","name":"T\u00f5stva Efektiga Peel-Off Mask Rohelise Ja Valge Teega150Ml - Beauty Institute","isPartOf":{"@id":"https:\/\/beautyinstitute.ee\/#website"},"primaryImageOfPage":{"@id":"https:\/\/beautyinstitute.ee\/toode\/kooriv-mask-tostva-efektiga-150ml\/#primaryimage"},"image":{"@id":"https:\/\/beautyinstitute.ee\/toode\/kooriv-mask-tostva-efektiga-150ml\/#primaryimage"},"thumbnailUrl":"https:\/\/beautyinstitute.ee\/wp-content\/uploads\/2023\/06\/peel-off-maske-lifting-effekt_25180_1280x1280@2x.png","datePublished":"2023-06-21T11:54:56+00:00","dateModified":"2026-04-27T06:44:24+00:00","breadcrumb":{"@id":"https:\/\/beautyinstitute.ee\/toode\/kooriv-mask-tostva-efektiga-150ml\/#breadcrumb"},"inLanguage":"ru-RU","potentialAction":[{"@type":"ReadAction","target":["https:\/\/beautyinstitute.ee\/toode\/kooriv-mask-tostva-efektiga-150ml\/"]}]},{"@type":"ImageObject","inLanguage":"ru-RU","@id":"https:\/\/beautyinstitute.ee\/toode\/kooriv-mask-tostva-efektiga-150ml\/#primaryimage","url":"https:\/\/beautyinstitute.ee\/wp-content\/uploads\/2023\/06\/peel-off-maske-lifting-effekt_25180_1280x1280@2x.png","contentUrl":"https:\/\/beautyinstitute.ee\/wp-content\/uploads\/2023\/06\/peel-off-maske-lifting-effekt_25180_1280x1280@2x.png","width":2095,"height":2095},{"@type":"BreadcrumbList","@id":"https:\/\/beautyinstitute.ee\/toode\/kooriv-mask-tostva-efektiga-150ml\/#breadcrumb","itemListElement":[{"@type":"ListItem","position":1,"name":"Home","item":"https:\/\/beautyinstitute.ee\/ru\/"},{"@type":"ListItem","position":2,"name":"E-pood","item":"https:\/\/beautyinstitute.ee\/e-pood\/"},{"@type":"ListItem","position":3,"name":"T\u00f5stva Efektiga Peel-Off Mask Rohelise Ja Valge Teega150Ml"}]},{"@type":"WebSite","@id":"https:\/\/beautyinstitute.ee\/#website","url":"https:\/\/beautyinstitute.ee\/","name":"Beauty Institute","description":"CNC Cosmetic ametlik maaletooja ja edasim\u00fc\u00fcja Eestis, Soomes, L\u00e4tis. Aparaadikosmeetika, koolitused, kosmeetikatooted.","potentialAction":[{"@type":"SearchAction","target":{"@type":"EntryPoint","urlTemplate":"https:\/\/beautyinstitute.ee\/?s={search_term_string}"},"query-input":{"@type":"PropertyValueSpecification","valueRequired":true,"valueName":"search_term_string"}}],"inLanguage":"ru-RU"}]}},"_links":{"self":[{"href":"https:\/\/beautyinstitute.ee\/ru\/wp-json\/wp\/v2\/product\/23995","targetHints":{"allow":["GET"]}}],"collection":[{"href":"https:\/\/beautyinstitute.ee\/ru\/wp-json\/wp\/v2\/product"}],"about":[{"href":"https:\/\/beautyinstitute.ee\/ru\/wp-json\/wp\/v2\/types\/product"}],"wp:featuredmedia":[{"embeddable":true,"href":"https:\/\/beautyinstitute.ee\/ru\/wp-json\/wp\/v2\/media\/23996"}],"wp:attachment":[{"href":"https:\/\/beautyinstitute.ee\/ru\/wp-json\/wp\/v2\/media?parent=23995"}],"wp:term":[{"taxonomy":"product_cat","embeddable":true,"href":"https:\/\/beautyinstitute.ee\/ru\/wp-json\/wp\/v2\/product_cat?post=23995"},{"taxonomy":"product_tag","embeddable":true,"href":"https:\/\/beautyinstitute.ee\/ru\/wp-json\/wp\/v2\/product_tag?post=23995"}],"curies":[{"name":"wp","href":"https:\/\/api.w.org\/{rel}","templated":true}]}}