{"id":24007,"date":"2023-06-21T16:18:37","date_gmt":"2023-06-21T13:18:37","guid":{"rendered":"https:\/\/beautyinstitute.ee\/?post_type=product&#038;p=24007"},"modified":"2026-03-17T13:49:50","modified_gmt":"2026-03-17T11:49:50","slug":"pinguldavad-ampullid-102ml","status":"publish","type":"product","link":"https:\/\/beautyinstitute.ee\/ru\/toode\/pinguldavad-ampullid-102ml\/","title":{"rendered":"Pinguldavad Ampullid 10*2Ml"},"content":{"rendered":"<ul>\n<li>Intensiivseks hoolduseks k\u00fcpsele ja n\u00f5udlikule nahale.<\/li>\n<li>Soja ja nisu toimeained parandavad \u00a0naha elastsust ja vastupidavust.<\/li>\n<li>N\u00f5iapuu on tuntud oma rahustavate omaduste poolest.<\/li>\n<li>Magusa mandli ekstrakt muudab naha tugevamaks ja siledamaks.<\/li>\n<li>L\u00f5hnaainete vaba<\/li>\n<\/ul>\n<p><strong>Kasutamine:<\/strong> Kandke puhastatud nahale ja patsutage \u00f5rnalt sisse. Kasutage ainult v\u00e4lispidiselt. V\u00e4ltige kokkupuudet silmadega.<br \/>\nP\u00e4rast puhastamist ja koorimist avavad ampullide v\u00e4\u00e4rtuslikud kontsentraadid oma k\u00f5ige intensiivsema toime.<br \/>\n<strong>N\u00f5uanne:<\/strong> l\u00f5\u00f5gastav massaa\u017e p\u00e4rast seda t\u00e4iustab optimaalselt ampullide kontsentraatide m\u00f5ju.<\/p>\n<p>&nbsp;<\/p>\n","protected":false},"excerpt":{"rendered":"<p>Intensiivseks hoolduseks k\u00fcpsele ja n\u00f5udlikule nahale. Soja ja nisu toimeained parandavad \u00a0naha elastsust ja vastupidavust. N\u00f5iapuu on tuntud oma rahustavate omaduste poolest. Magusa mandli ekstrakt muudab naha tugevamaks ja siledamaks. L\u00f5hnaainete vaba Kasutamine: Kandke puhastatud nahale ja patsutage \u00f5rnalt sisse. Kasutage ainult v\u00e4lispidiselt. V\u00e4ltige kokkupuudet silmadega. P\u00e4rast puhastamist ja koorimist avavad ampullide v\u00e4\u00e4rtuslikud kontsentraadid oma [&hellip;]<\/p>\n","protected":false},"featured_media":24009,"template":"","meta":{"_acf_changed":false},"product_cat":[291,150],"product_tag":[],"class_list":["post-24007","product","type-product","status-publish","has-post-thumbnail","hentry","product_cat-baehr-cosmetic","product_cat-ampullikontsentraadid"],"acf":[],"yoast_head":"<!-- This site is optimized with the Yoast SEO plugin v25.4 - https:\/\/yoast.com\/wordpress\/plugins\/seo\/ -->\n<title>Pinguldavad Ampullid 10*2Ml - Beauty Institute<\/title>\n<meta name=\"robots\" content=\"index, follow, max-snippet:-1, max-image-preview:large, max-video-preview:-1\" \/>\n<link rel=\"canonical\" href=\"https:\/\/beautyinstitute.ee\/toode\/pinguldavad-ampullid-102ml\/\" \/>\n<meta property=\"og:locale\" content=\"ru_RU\" \/>\n<meta property=\"og:type\" content=\"article\" \/>\n<meta property=\"og:title\" content=\"Pinguldavad Ampullid 10*2Ml - Beauty Institute\" \/>\n<meta property=\"og:description\" content=\"Intensiivseks hoolduseks k\u00fcpsele ja n\u00f5udlikule nahale. Soja ja nisu toimeained parandavad \u00a0naha elastsust ja vastupidavust. N\u00f5iapuu on tuntud oma rahustavate omaduste poolest. Magusa mandli ekstrakt muudab naha tugevamaks ja siledamaks. L\u00f5hnaainete vaba Kasutamine: Kandke puhastatud nahale ja patsutage \u00f5rnalt sisse. Kasutage ainult v\u00e4lispidiselt. V\u00e4ltige kokkupuudet silmadega. P\u00e4rast puhastamist ja koorimist avavad ampullide v\u00e4\u00e4rtuslikud kontsentraadid oma [&hellip;]\" \/>\n<meta property=\"og:url\" content=\"https:\/\/beautyinstitute.ee\/toode\/pinguldavad-ampullid-102ml\/\" \/>\n<meta property=\"og:site_name\" content=\"Beauty Institute\" \/>\n<meta property=\"article:modified_time\" content=\"2026-03-17T11:49:50+00:00\" \/>\n<meta property=\"og:image\" content=\"https:\/\/beautyinstitute.ee\/wp-content\/uploads\/2023\/06\/ampulle-straffung_25132AZPSFFWiKrYGf_1280x1280@2x.png\" \/>\n\t<meta property=\"og:image:width\" content=\"2560\" \/>\n\t<meta property=\"og:image:height\" content=\"2560\" \/>\n\t<meta property=\"og:image:type\" content=\"image\/png\" \/>\n<meta name=\"twitter:card\" content=\"summary_large_image\" \/>\n<meta name=\"twitter:site\" content=\"@Beauty_Eesti\" \/>\n<meta name=\"twitter:label1\" content=\"\u041f\u0440\u0438\u043c\u0435\u0440\u043d\u043e\u0435 \u0432\u0440\u0435\u043c\u044f \u0434\u043b\u044f \u0447\u0442\u0435\u043d\u0438\u044f\" \/>\n\t<meta name=\"twitter:data1\" content=\"1 \u043c\u0438\u043d\u0443\u0442\u0430\" \/>\n<script type=\"application\/ld+json\" class=\"yoast-schema-graph\">{\"@context\":\"https:\/\/schema.org\",\"@graph\":[{\"@type\":\"WebPage\",\"@id\":\"https:\/\/beautyinstitute.ee\/toode\/pinguldavad-ampullid-102ml\/\",\"url\":\"https:\/\/beautyinstitute.ee\/toode\/pinguldavad-ampullid-102ml\/\",\"name\":\"Pinguldavad Ampullid 10*2Ml - Beauty Institute\",\"isPartOf\":{\"@id\":\"https:\/\/beautyinstitute.ee\/#website\"},\"primaryImageOfPage\":{\"@id\":\"https:\/\/beautyinstitute.ee\/toode\/pinguldavad-ampullid-102ml\/#primaryimage\"},\"image\":{\"@id\":\"https:\/\/beautyinstitute.ee\/toode\/pinguldavad-ampullid-102ml\/#primaryimage\"},\"thumbnailUrl\":\"https:\/\/beautyinstitute.ee\/wp-content\/uploads\/2023\/06\/ampulle-straffung_25132AZPSFFWiKrYGf_1280x1280@2x.png\",\"datePublished\":\"2023-06-21T13:18:37+00:00\",\"dateModified\":\"2026-03-17T11:49:50+00:00\",\"breadcrumb\":{\"@id\":\"https:\/\/beautyinstitute.ee\/toode\/pinguldavad-ampullid-102ml\/#breadcrumb\"},\"inLanguage\":\"ru-RU\",\"potentialAction\":[{\"@type\":\"ReadAction\",\"target\":[\"https:\/\/beautyinstitute.ee\/toode\/pinguldavad-ampullid-102ml\/\"]}]},{\"@type\":\"ImageObject\",\"inLanguage\":\"ru-RU\",\"@id\":\"https:\/\/beautyinstitute.ee\/toode\/pinguldavad-ampullid-102ml\/#primaryimage\",\"url\":\"https:\/\/beautyinstitute.ee\/wp-content\/uploads\/2023\/06\/ampulle-straffung_25132AZPSFFWiKrYGf_1280x1280@2x.png\",\"contentUrl\":\"https:\/\/beautyinstitute.ee\/wp-content\/uploads\/2023\/06\/ampulle-straffung_25132AZPSFFWiKrYGf_1280x1280@2x.png\",\"width\":2560,\"height\":2560},{\"@type\":\"BreadcrumbList\",\"@id\":\"https:\/\/beautyinstitute.ee\/toode\/pinguldavad-ampullid-102ml\/#breadcrumb\",\"itemListElement\":[{\"@type\":\"ListItem\",\"position\":1,\"name\":\"Home\",\"item\":\"https:\/\/beautyinstitute.ee\/ru\/\"},{\"@type\":\"ListItem\",\"position\":2,\"name\":\"E-pood\",\"item\":\"https:\/\/beautyinstitute.ee\/e-pood\/\"},{\"@type\":\"ListItem\",\"position\":3,\"name\":\"Pinguldavad Ampullid 10*2Ml\"}]},{\"@type\":\"WebSite\",\"@id\":\"https:\/\/beautyinstitute.ee\/#website\",\"url\":\"https:\/\/beautyinstitute.ee\/\",\"name\":\"Beauty Institute\",\"description\":\"CNC Cosmetic ametlik maaletooja ja edasim\u00fc\u00fcja Eestis, Soomes, L\u00e4tis. Aparaadikosmeetika, koolitused, kosmeetikatooted.\",\"potentialAction\":[{\"@type\":\"SearchAction\",\"target\":{\"@type\":\"EntryPoint\",\"urlTemplate\":\"https:\/\/beautyinstitute.ee\/?s={search_term_string}\"},\"query-input\":{\"@type\":\"PropertyValueSpecification\",\"valueRequired\":true,\"valueName\":\"search_term_string\"}}],\"inLanguage\":\"ru-RU\"}]}<\/script>\n<!-- \/ Yoast SEO plugin. -->","yoast_head_json":{"title":"Pinguldavad Ampullid 10*2Ml - Beauty Institute","robots":{"index":"index","follow":"follow","max-snippet":"max-snippet:-1","max-image-preview":"max-image-preview:large","max-video-preview":"max-video-preview:-1"},"canonical":"https:\/\/beautyinstitute.ee\/toode\/pinguldavad-ampullid-102ml\/","og_locale":"ru_RU","og_type":"article","og_title":"Pinguldavad Ampullid 10*2Ml - Beauty Institute","og_description":"Intensiivseks hoolduseks k\u00fcpsele ja n\u00f5udlikule nahale. Soja ja nisu toimeained parandavad \u00a0naha elastsust ja vastupidavust. N\u00f5iapuu on tuntud oma rahustavate omaduste poolest. Magusa mandli ekstrakt muudab naha tugevamaks ja siledamaks. L\u00f5hnaainete vaba Kasutamine: Kandke puhastatud nahale ja patsutage \u00f5rnalt sisse. Kasutage ainult v\u00e4lispidiselt. V\u00e4ltige kokkupuudet silmadega. P\u00e4rast puhastamist ja koorimist avavad ampullide v\u00e4\u00e4rtuslikud kontsentraadid oma [&hellip;]","og_url":"https:\/\/beautyinstitute.ee\/toode\/pinguldavad-ampullid-102ml\/","og_site_name":"Beauty Institute","article_modified_time":"2026-03-17T11:49:50+00:00","og_image":[{"width":2560,"height":2560,"url":"https:\/\/beautyinstitute.ee\/wp-content\/uploads\/2023\/06\/ampulle-straffung_25132AZPSFFWiKrYGf_1280x1280@2x.png","type":"image\/png"}],"twitter_card":"summary_large_image","twitter_site":"@Beauty_Eesti","twitter_misc":{"\u041f\u0440\u0438\u043c\u0435\u0440\u043d\u043e\u0435 \u0432\u0440\u0435\u043c\u044f \u0434\u043b\u044f \u0447\u0442\u0435\u043d\u0438\u044f":"1 \u043c\u0438\u043d\u0443\u0442\u0430"},"schema":{"@context":"https:\/\/schema.org","@graph":[{"@type":"WebPage","@id":"https:\/\/beautyinstitute.ee\/toode\/pinguldavad-ampullid-102ml\/","url":"https:\/\/beautyinstitute.ee\/toode\/pinguldavad-ampullid-102ml\/","name":"Pinguldavad Ampullid 10*2Ml - Beauty Institute","isPartOf":{"@id":"https:\/\/beautyinstitute.ee\/#website"},"primaryImageOfPage":{"@id":"https:\/\/beautyinstitute.ee\/toode\/pinguldavad-ampullid-102ml\/#primaryimage"},"image":{"@id":"https:\/\/beautyinstitute.ee\/toode\/pinguldavad-ampullid-102ml\/#primaryimage"},"thumbnailUrl":"https:\/\/beautyinstitute.ee\/wp-content\/uploads\/2023\/06\/ampulle-straffung_25132AZPSFFWiKrYGf_1280x1280@2x.png","datePublished":"2023-06-21T13:18:37+00:00","dateModified":"2026-03-17T11:49:50+00:00","breadcrumb":{"@id":"https:\/\/beautyinstitute.ee\/toode\/pinguldavad-ampullid-102ml\/#breadcrumb"},"inLanguage":"ru-RU","potentialAction":[{"@type":"ReadAction","target":["https:\/\/beautyinstitute.ee\/toode\/pinguldavad-ampullid-102ml\/"]}]},{"@type":"ImageObject","inLanguage":"ru-RU","@id":"https:\/\/beautyinstitute.ee\/toode\/pinguldavad-ampullid-102ml\/#primaryimage","url":"https:\/\/beautyinstitute.ee\/wp-content\/uploads\/2023\/06\/ampulle-straffung_25132AZPSFFWiKrYGf_1280x1280@2x.png","contentUrl":"https:\/\/beautyinstitute.ee\/wp-content\/uploads\/2023\/06\/ampulle-straffung_25132AZPSFFWiKrYGf_1280x1280@2x.png","width":2560,"height":2560},{"@type":"BreadcrumbList","@id":"https:\/\/beautyinstitute.ee\/toode\/pinguldavad-ampullid-102ml\/#breadcrumb","itemListElement":[{"@type":"ListItem","position":1,"name":"Home","item":"https:\/\/beautyinstitute.ee\/ru\/"},{"@type":"ListItem","position":2,"name":"E-pood","item":"https:\/\/beautyinstitute.ee\/e-pood\/"},{"@type":"ListItem","position":3,"name":"Pinguldavad Ampullid 10*2Ml"}]},{"@type":"WebSite","@id":"https:\/\/beautyinstitute.ee\/#website","url":"https:\/\/beautyinstitute.ee\/","name":"Beauty Institute","description":"CNC Cosmetic ametlik maaletooja ja edasim\u00fc\u00fcja Eestis, Soomes, L\u00e4tis. Aparaadikosmeetika, koolitused, kosmeetikatooted.","potentialAction":[{"@type":"SearchAction","target":{"@type":"EntryPoint","urlTemplate":"https:\/\/beautyinstitute.ee\/?s={search_term_string}"},"query-input":{"@type":"PropertyValueSpecification","valueRequired":true,"valueName":"search_term_string"}}],"inLanguage":"ru-RU"}]}},"_links":{"self":[{"href":"https:\/\/beautyinstitute.ee\/ru\/wp-json\/wp\/v2\/product\/24007","targetHints":{"allow":["GET"]}}],"collection":[{"href":"https:\/\/beautyinstitute.ee\/ru\/wp-json\/wp\/v2\/product"}],"about":[{"href":"https:\/\/beautyinstitute.ee\/ru\/wp-json\/wp\/v2\/types\/product"}],"wp:featuredmedia":[{"embeddable":true,"href":"https:\/\/beautyinstitute.ee\/ru\/wp-json\/wp\/v2\/media\/24009"}],"wp:attachment":[{"href":"https:\/\/beautyinstitute.ee\/ru\/wp-json\/wp\/v2\/media?parent=24007"}],"wp:term":[{"taxonomy":"product_cat","embeddable":true,"href":"https:\/\/beautyinstitute.ee\/ru\/wp-json\/wp\/v2\/product_cat?post=24007"},{"taxonomy":"product_tag","embeddable":true,"href":"https:\/\/beautyinstitute.ee\/ru\/wp-json\/wp\/v2\/product_tag?post=24007"}],"curies":[{"name":"wp","href":"https:\/\/api.w.org\/{rel}","templated":true}]}}