{"id":2405,"date":"2019-01-21T12:09:37","date_gmt":"2019-01-21T10:09:37","guid":{"rendered":"https:\/\/beautyinstitute.ee\/?post_type=product&#038;p=2405"},"modified":"2026-04-25T10:33:19","modified_gmt":"2026-04-25T07:33:19","slug":"decollete-mask-4tk","status":"publish","type":"product","link":"https:\/\/beautyinstitute.ee\/ru\/toode\/decollete-mask-4tk\/","title":{"rendered":"Decollete Mask 4Tk"},"content":{"rendered":"<p><strong>Intensiivne niisutav mask, mis tagab pinguldatud ja\u00a0 sileda dekoltee.<\/strong><\/p>\n<p>Mask v\u00e4hendab silmn\u00e4htavalt kortse ja v\u00f5itleb h\u00fcperpigmentatsiooniga. Sobib normaalsele, kuivale, k\u00fcpsele, kahjustatud nahale.<\/p>\n<p><strong>Eelised:<\/strong><\/p>\n<ul>\n<li>silub kortse<\/li>\n<li>muudab nahapigmenti \u00fchtlasemaks<\/li>\n<\/ul>\n<p><strong>Sobilik:<\/strong> normaalne kuni deh\u00fcdreeritud nahk, n\u00f5udlik, k\u00fcps nahk, mis vajab taastamist.<\/p>\n<p><strong>Toimeained:<\/strong> kollageen, h\u00fcaluroonhape, aloe vera, C-vitamiin, niacinamide, adenosiin, rohelise tee ekstrakt, koeens\u00fc\u00fcm Q10.<\/p>\n<p>T\u00f5hus kasutada koos\u00a0 Bust UP seerumiga!<\/p>\n","protected":false},"excerpt":{"rendered":"<p>Intensiivne niisutav mask, mis tagab pinguldatud ja\u00a0 sileda dekoltee. Mask v\u00e4hendab silmn\u00e4htavalt kortse ja v\u00f5itleb h\u00fcperpigmentatsiooniga. Sobib normaalsele, kuivale, k\u00fcpsele, kahjustatud nahale. Eelised: silub kortse muudab nahapigmenti \u00fchtlasemaks Sobilik: normaalne kuni deh\u00fcdreeritud nahk, n\u00f5udlik, k\u00fcps nahk, mis vajab taastamist. Toimeained: kollageen, h\u00fcaluroonhape, aloe vera, C-vitamiin, niacinamide, adenosiin, rohelise tee ekstrakt, koeens\u00fc\u00fcm Q10. T\u00f5hus kasutada koos\u00a0 [&hellip;]<\/p>\n","protected":false},"featured_media":12337,"template":"","meta":{"_acf_changed":false},"product_cat":[248,148,114],"product_tag":[],"class_list":["post-2405","product","type-product","status-publish","has-post-thumbnail","hentry","product_cat-maskid-2","product_cat-hudrogeel-tehnoloogia","product_cat-tootesarjad"],"acf":[],"yoast_head":"<!-- This site is optimized with the Yoast SEO plugin v25.4 - https:\/\/yoast.com\/wordpress\/plugins\/seo\/ -->\n<title>Decollete Mask 4Tk - Beauty Institute<\/title>\n<meta name=\"robots\" content=\"index, follow, max-snippet:-1, max-image-preview:large, max-video-preview:-1\" \/>\n<link rel=\"canonical\" href=\"https:\/\/beautyinstitute.ee\/toode\/decollete-mask-4tk\/\" \/>\n<meta property=\"og:locale\" content=\"ru_RU\" \/>\n<meta property=\"og:type\" content=\"article\" \/>\n<meta property=\"og:title\" content=\"Decollete Mask 4Tk - Beauty Institute\" \/>\n<meta property=\"og:description\" content=\"Intensiivne niisutav mask, mis tagab pinguldatud ja\u00a0 sileda dekoltee. Mask v\u00e4hendab silmn\u00e4htavalt kortse ja v\u00f5itleb h\u00fcperpigmentatsiooniga. Sobib normaalsele, kuivale, k\u00fcpsele, kahjustatud nahale. Eelised: silub kortse muudab nahapigmenti \u00fchtlasemaks Sobilik: normaalne kuni deh\u00fcdreeritud nahk, n\u00f5udlik, k\u00fcps nahk, mis vajab taastamist. Toimeained: kollageen, h\u00fcaluroonhape, aloe vera, C-vitamiin, niacinamide, adenosiin, rohelise tee ekstrakt, koeens\u00fc\u00fcm Q10. T\u00f5hus kasutada koos\u00a0 [&hellip;]\" \/>\n<meta property=\"og:url\" content=\"https:\/\/beautyinstitute.ee\/toode\/decollete-mask-4tk\/\" \/>\n<meta property=\"og:site_name\" content=\"Beauty Institute\" \/>\n<meta property=\"article:modified_time\" content=\"2026-04-25T07:33:19+00:00\" \/>\n<meta property=\"og:image\" content=\"https:\/\/beautyinstitute.ee\/wp-content\/uploads\/2019\/01\/Decollete-mask-4tk-1024x854.jpg\" \/>\n\t<meta property=\"og:image:width\" content=\"1024\" \/>\n\t<meta property=\"og:image:height\" content=\"854\" \/>\n\t<meta property=\"og:image:type\" content=\"image\/jpeg\" \/>\n<meta name=\"twitter:card\" content=\"summary_large_image\" \/>\n<meta name=\"twitter:site\" content=\"@Beauty_Eesti\" \/>\n<script type=\"application\/ld+json\" class=\"yoast-schema-graph\">{\"@context\":\"https:\/\/schema.org\",\"@graph\":[{\"@type\":\"WebPage\",\"@id\":\"https:\/\/beautyinstitute.ee\/toode\/decollete-mask-4tk\/\",\"url\":\"https:\/\/beautyinstitute.ee\/toode\/decollete-mask-4tk\/\",\"name\":\"Decollete Mask 4Tk - Beauty Institute\",\"isPartOf\":{\"@id\":\"https:\/\/beautyinstitute.ee\/#website\"},\"primaryImageOfPage\":{\"@id\":\"https:\/\/beautyinstitute.ee\/toode\/decollete-mask-4tk\/#primaryimage\"},\"image\":{\"@id\":\"https:\/\/beautyinstitute.ee\/toode\/decollete-mask-4tk\/#primaryimage\"},\"thumbnailUrl\":\"https:\/\/beautyinstitute.ee\/wp-content\/uploads\/2019\/01\/Decollete-mask-4tk.jpg\",\"datePublished\":\"2019-01-21T10:09:37+00:00\",\"dateModified\":\"2026-04-25T07:33:19+00:00\",\"breadcrumb\":{\"@id\":\"https:\/\/beautyinstitute.ee\/toode\/decollete-mask-4tk\/#breadcrumb\"},\"inLanguage\":\"ru-RU\",\"potentialAction\":[{\"@type\":\"ReadAction\",\"target\":[\"https:\/\/beautyinstitute.ee\/toode\/decollete-mask-4tk\/\"]}]},{\"@type\":\"ImageObject\",\"inLanguage\":\"ru-RU\",\"@id\":\"https:\/\/beautyinstitute.ee\/toode\/decollete-mask-4tk\/#primaryimage\",\"url\":\"https:\/\/beautyinstitute.ee\/wp-content\/uploads\/2019\/01\/Decollete-mask-4tk.jpg\",\"contentUrl\":\"https:\/\/beautyinstitute.ee\/wp-content\/uploads\/2019\/01\/Decollete-mask-4tk.jpg\",\"width\":2362,\"height\":1969},{\"@type\":\"BreadcrumbList\",\"@id\":\"https:\/\/beautyinstitute.ee\/toode\/decollete-mask-4tk\/#breadcrumb\",\"itemListElement\":[{\"@type\":\"ListItem\",\"position\":1,\"name\":\"Home\",\"item\":\"https:\/\/beautyinstitute.ee\/ru\/\"},{\"@type\":\"ListItem\",\"position\":2,\"name\":\"E-pood\",\"item\":\"https:\/\/beautyinstitute.ee\/e-pood\/\"},{\"@type\":\"ListItem\",\"position\":3,\"name\":\"Decollete Mask 4Tk\"}]},{\"@type\":\"WebSite\",\"@id\":\"https:\/\/beautyinstitute.ee\/#website\",\"url\":\"https:\/\/beautyinstitute.ee\/\",\"name\":\"Beauty Institute\",\"description\":\"CNC Cosmetic ametlik maaletooja ja edasim\u00fc\u00fcja Eestis, Soomes, L\u00e4tis. Aparaadikosmeetika, koolitused, kosmeetikatooted.\",\"potentialAction\":[{\"@type\":\"SearchAction\",\"target\":{\"@type\":\"EntryPoint\",\"urlTemplate\":\"https:\/\/beautyinstitute.ee\/?s={search_term_string}\"},\"query-input\":{\"@type\":\"PropertyValueSpecification\",\"valueRequired\":true,\"valueName\":\"search_term_string\"}}],\"inLanguage\":\"ru-RU\"}]}<\/script>\n<!-- \/ Yoast SEO plugin. -->","yoast_head_json":{"title":"Decollete Mask 4Tk - Beauty Institute","robots":{"index":"index","follow":"follow","max-snippet":"max-snippet:-1","max-image-preview":"max-image-preview:large","max-video-preview":"max-video-preview:-1"},"canonical":"https:\/\/beautyinstitute.ee\/toode\/decollete-mask-4tk\/","og_locale":"ru_RU","og_type":"article","og_title":"Decollete Mask 4Tk - Beauty Institute","og_description":"Intensiivne niisutav mask, mis tagab pinguldatud ja\u00a0 sileda dekoltee. Mask v\u00e4hendab silmn\u00e4htavalt kortse ja v\u00f5itleb h\u00fcperpigmentatsiooniga. Sobib normaalsele, kuivale, k\u00fcpsele, kahjustatud nahale. Eelised: silub kortse muudab nahapigmenti \u00fchtlasemaks Sobilik: normaalne kuni deh\u00fcdreeritud nahk, n\u00f5udlik, k\u00fcps nahk, mis vajab taastamist. Toimeained: kollageen, h\u00fcaluroonhape, aloe vera, C-vitamiin, niacinamide, adenosiin, rohelise tee ekstrakt, koeens\u00fc\u00fcm Q10. T\u00f5hus kasutada koos\u00a0 [&hellip;]","og_url":"https:\/\/beautyinstitute.ee\/toode\/decollete-mask-4tk\/","og_site_name":"Beauty Institute","article_modified_time":"2026-04-25T07:33:19+00:00","og_image":[{"width":1024,"height":854,"url":"https:\/\/beautyinstitute.ee\/wp-content\/uploads\/2019\/01\/Decollete-mask-4tk-1024x854.jpg","type":"image\/jpeg"}],"twitter_card":"summary_large_image","twitter_site":"@Beauty_Eesti","schema":{"@context":"https:\/\/schema.org","@graph":[{"@type":"WebPage","@id":"https:\/\/beautyinstitute.ee\/toode\/decollete-mask-4tk\/","url":"https:\/\/beautyinstitute.ee\/toode\/decollete-mask-4tk\/","name":"Decollete Mask 4Tk - Beauty Institute","isPartOf":{"@id":"https:\/\/beautyinstitute.ee\/#website"},"primaryImageOfPage":{"@id":"https:\/\/beautyinstitute.ee\/toode\/decollete-mask-4tk\/#primaryimage"},"image":{"@id":"https:\/\/beautyinstitute.ee\/toode\/decollete-mask-4tk\/#primaryimage"},"thumbnailUrl":"https:\/\/beautyinstitute.ee\/wp-content\/uploads\/2019\/01\/Decollete-mask-4tk.jpg","datePublished":"2019-01-21T10:09:37+00:00","dateModified":"2026-04-25T07:33:19+00:00","breadcrumb":{"@id":"https:\/\/beautyinstitute.ee\/toode\/decollete-mask-4tk\/#breadcrumb"},"inLanguage":"ru-RU","potentialAction":[{"@type":"ReadAction","target":["https:\/\/beautyinstitute.ee\/toode\/decollete-mask-4tk\/"]}]},{"@type":"ImageObject","inLanguage":"ru-RU","@id":"https:\/\/beautyinstitute.ee\/toode\/decollete-mask-4tk\/#primaryimage","url":"https:\/\/beautyinstitute.ee\/wp-content\/uploads\/2019\/01\/Decollete-mask-4tk.jpg","contentUrl":"https:\/\/beautyinstitute.ee\/wp-content\/uploads\/2019\/01\/Decollete-mask-4tk.jpg","width":2362,"height":1969},{"@type":"BreadcrumbList","@id":"https:\/\/beautyinstitute.ee\/toode\/decollete-mask-4tk\/#breadcrumb","itemListElement":[{"@type":"ListItem","position":1,"name":"Home","item":"https:\/\/beautyinstitute.ee\/ru\/"},{"@type":"ListItem","position":2,"name":"E-pood","item":"https:\/\/beautyinstitute.ee\/e-pood\/"},{"@type":"ListItem","position":3,"name":"Decollete Mask 4Tk"}]},{"@type":"WebSite","@id":"https:\/\/beautyinstitute.ee\/#website","url":"https:\/\/beautyinstitute.ee\/","name":"Beauty Institute","description":"CNC Cosmetic ametlik maaletooja ja edasim\u00fc\u00fcja Eestis, Soomes, L\u00e4tis. Aparaadikosmeetika, koolitused, kosmeetikatooted.","potentialAction":[{"@type":"SearchAction","target":{"@type":"EntryPoint","urlTemplate":"https:\/\/beautyinstitute.ee\/?s={search_term_string}"},"query-input":{"@type":"PropertyValueSpecification","valueRequired":true,"valueName":"search_term_string"}}],"inLanguage":"ru-RU"}]}},"_links":{"self":[{"href":"https:\/\/beautyinstitute.ee\/ru\/wp-json\/wp\/v2\/product\/2405","targetHints":{"allow":["GET"]}}],"collection":[{"href":"https:\/\/beautyinstitute.ee\/ru\/wp-json\/wp\/v2\/product"}],"about":[{"href":"https:\/\/beautyinstitute.ee\/ru\/wp-json\/wp\/v2\/types\/product"}],"wp:featuredmedia":[{"embeddable":true,"href":"https:\/\/beautyinstitute.ee\/ru\/wp-json\/wp\/v2\/media\/12337"}],"wp:attachment":[{"href":"https:\/\/beautyinstitute.ee\/ru\/wp-json\/wp\/v2\/media?parent=2405"}],"wp:term":[{"taxonomy":"product_cat","embeddable":true,"href":"https:\/\/beautyinstitute.ee\/ru\/wp-json\/wp\/v2\/product_cat?post=2405"},{"taxonomy":"product_tag","embeddable":true,"href":"https:\/\/beautyinstitute.ee\/ru\/wp-json\/wp\/v2\/product_tag?post=2405"}],"curies":[{"name":"wp","href":"https:\/\/api.w.org\/{rel}","templated":true}]}}