{"id":24063,"date":"2023-06-26T13:19:06","date_gmt":"2023-06-26T10:19:06","guid":{"rendered":"https:\/\/beautyinstitute.ee\/?post_type=product&#038;p=24063"},"modified":"2026-04-16T11:43:38","modified_gmt":"2026-04-16T08:43:38","slug":"detox-pinguldav-kreem-50ml-baehr","status":"publish","type":"product","link":"https:\/\/beautyinstitute.ee\/ru\/toode\/detox-pinguldav-kreem-50ml-baehr\/","title":{"rendered":"Detox Pinguldav Kreem 50Ml Baehr"},"content":{"rendered":"<p dir=\"ltr\" data-placeholder=\"T\u00f5lge\"><strong>Pinguldav kreem\u00a0<\/strong><\/p>\n<p id=\"tw-target-text\" class=\"tw-data-text tw-text-large tw-ta\" dir=\"ltr\" data-placeholder=\"T\u00f5lge\"><span class=\"Y2IQFc\" lang=\"et\">Siluv detox kreem kaitseb nahka kahjulike keskkonnam\u00f5jude eest t\u00e4nu siidipuu, rohelise- ja valge tee ekstraktidele. Siidipuu ekstrakt koos h\u00fcaluroonhappe \u00a0ja peptiididega on siluvate \u00a0ja s\u00e4ra andvate omadustega.<\/span><\/p>\n<p class=\"tw-data-text tw-text-large tw-ta\" dir=\"ltr\" data-placeholder=\"T\u00f5lge\"><span class=\"Y2IQFc\" lang=\"et\"><strong>Kasutamine:<\/strong> kandke hommikul ja \u00f5htul n\u00e4ole ja kaelale. Toode sisaldab looduslikke koostisosi, mis v\u00f5ivad p\u00f5hjustada toote v\u00e4rvimuutust, ilma et see m\u00f5jutaks toote kvaliteeti.<\/span><\/p>\n<p dir=\"ltr\" data-placeholder=\"T\u00f5lge\">\n","protected":false},"excerpt":{"rendered":"<p>Pinguldav kreem\u00a0 Siluv detox kreem kaitseb nahka kahjulike keskkonnam\u00f5jude eest t\u00e4nu siidipuu, rohelise- ja valge tee ekstraktidele. Siidipuu ekstrakt koos h\u00fcaluroonhappe \u00a0ja peptiididega on siluvate \u00a0ja s\u00e4ra andvate omadustega. Kasutamine: kandke hommikul ja \u00f5htul n\u00e4ole ja kaelale. Toode sisaldab looduslikke koostisosi, mis v\u00f5ivad p\u00f5hjustada toote v\u00e4rvimuutust, ilma et see m\u00f5jutaks toote kvaliteeti.<\/p>\n","protected":false},"featured_media":24065,"template":"","meta":{"_acf_changed":false},"product_cat":[291,250],"product_tag":[],"class_list":["post-24063","product","type-product","status-publish","has-post-thumbnail","hentry","product_cat-baehr-cosmetic","product_cat-naokreemid"],"acf":[],"yoast_head":"<!-- This site is optimized with the Yoast SEO plugin v25.4 - https:\/\/yoast.com\/wordpress\/plugins\/seo\/ -->\n<title>Detox Pinguldav Kreem 50Ml Baehr - Beauty Institute<\/title>\n<meta name=\"robots\" content=\"index, follow, max-snippet:-1, max-image-preview:large, max-video-preview:-1\" \/>\n<link rel=\"canonical\" href=\"https:\/\/beautyinstitute.ee\/toode\/detox-pinguldav-kreem-50ml-baehr\/\" \/>\n<meta property=\"og:locale\" content=\"ru_RU\" \/>\n<meta property=\"og:type\" content=\"article\" \/>\n<meta property=\"og:title\" content=\"Detox Pinguldav Kreem 50Ml Baehr - Beauty Institute\" \/>\n<meta property=\"og:description\" content=\"Pinguldav kreem\u00a0 Siluv detox kreem kaitseb nahka kahjulike keskkonnam\u00f5jude eest t\u00e4nu siidipuu, rohelise- ja valge tee ekstraktidele. Siidipuu ekstrakt koos h\u00fcaluroonhappe \u00a0ja peptiididega on siluvate \u00a0ja s\u00e4ra andvate omadustega. Kasutamine: kandke hommikul ja \u00f5htul n\u00e4ole ja kaelale. Toode sisaldab looduslikke koostisosi, mis v\u00f5ivad p\u00f5hjustada toote v\u00e4rvimuutust, ilma et see m\u00f5jutaks toote kvaliteeti.\" \/>\n<meta property=\"og:url\" content=\"https:\/\/beautyinstitute.ee\/toode\/detox-pinguldav-kreem-50ml-baehr\/\" \/>\n<meta property=\"og:site_name\" content=\"Beauty Institute\" \/>\n<meta property=\"article:modified_time\" content=\"2026-04-16T08:43:38+00:00\" \/>\n<meta property=\"og:image\" content=\"https:\/\/beautyinstitute.ee\/wp-content\/uploads\/2023\/06\/detox-gl-ttungscreme_25183_1280x1280@2x.png\" \/>\n\t<meta property=\"og:image:width\" content=\"2095\" \/>\n\t<meta property=\"og:image:height\" content=\"2095\" \/>\n\t<meta property=\"og:image:type\" content=\"image\/png\" \/>\n<meta name=\"twitter:card\" content=\"summary_large_image\" \/>\n<meta name=\"twitter:site\" content=\"@Beauty_Eesti\" \/>\n<meta name=\"twitter:label1\" content=\"\u041f\u0440\u0438\u043c\u0435\u0440\u043d\u043e\u0435 \u0432\u0440\u0435\u043c\u044f \u0434\u043b\u044f \u0447\u0442\u0435\u043d\u0438\u044f\" \/>\n\t<meta name=\"twitter:data1\" content=\"1 \u043c\u0438\u043d\u0443\u0442\u0430\" \/>\n<script type=\"application\/ld+json\" class=\"yoast-schema-graph\">{\"@context\":\"https:\/\/schema.org\",\"@graph\":[{\"@type\":\"WebPage\",\"@id\":\"https:\/\/beautyinstitute.ee\/toode\/detox-pinguldav-kreem-50ml-baehr\/\",\"url\":\"https:\/\/beautyinstitute.ee\/toode\/detox-pinguldav-kreem-50ml-baehr\/\",\"name\":\"Detox Pinguldav Kreem 50Ml Baehr - Beauty Institute\",\"isPartOf\":{\"@id\":\"https:\/\/beautyinstitute.ee\/#website\"},\"primaryImageOfPage\":{\"@id\":\"https:\/\/beautyinstitute.ee\/toode\/detox-pinguldav-kreem-50ml-baehr\/#primaryimage\"},\"image\":{\"@id\":\"https:\/\/beautyinstitute.ee\/toode\/detox-pinguldav-kreem-50ml-baehr\/#primaryimage\"},\"thumbnailUrl\":\"https:\/\/beautyinstitute.ee\/wp-content\/uploads\/2023\/06\/detox-gl-ttungscreme_25183_1280x1280@2x.png\",\"datePublished\":\"2023-06-26T10:19:06+00:00\",\"dateModified\":\"2026-04-16T08:43:38+00:00\",\"breadcrumb\":{\"@id\":\"https:\/\/beautyinstitute.ee\/toode\/detox-pinguldav-kreem-50ml-baehr\/#breadcrumb\"},\"inLanguage\":\"ru-RU\",\"potentialAction\":[{\"@type\":\"ReadAction\",\"target\":[\"https:\/\/beautyinstitute.ee\/toode\/detox-pinguldav-kreem-50ml-baehr\/\"]}]},{\"@type\":\"ImageObject\",\"inLanguage\":\"ru-RU\",\"@id\":\"https:\/\/beautyinstitute.ee\/toode\/detox-pinguldav-kreem-50ml-baehr\/#primaryimage\",\"url\":\"https:\/\/beautyinstitute.ee\/wp-content\/uploads\/2023\/06\/detox-gl-ttungscreme_25183_1280x1280@2x.png\",\"contentUrl\":\"https:\/\/beautyinstitute.ee\/wp-content\/uploads\/2023\/06\/detox-gl-ttungscreme_25183_1280x1280@2x.png\",\"width\":2095,\"height\":2095},{\"@type\":\"BreadcrumbList\",\"@id\":\"https:\/\/beautyinstitute.ee\/toode\/detox-pinguldav-kreem-50ml-baehr\/#breadcrumb\",\"itemListElement\":[{\"@type\":\"ListItem\",\"position\":1,\"name\":\"Home\",\"item\":\"https:\/\/beautyinstitute.ee\/ru\/\"},{\"@type\":\"ListItem\",\"position\":2,\"name\":\"E-pood\",\"item\":\"https:\/\/beautyinstitute.ee\/e-pood\/\"},{\"@type\":\"ListItem\",\"position\":3,\"name\":\"Detox Pinguldav Kreem 50Ml Baehr\"}]},{\"@type\":\"WebSite\",\"@id\":\"https:\/\/beautyinstitute.ee\/#website\",\"url\":\"https:\/\/beautyinstitute.ee\/\",\"name\":\"Beauty Institute\",\"description\":\"CNC Cosmetic ametlik maaletooja ja edasim\u00fc\u00fcja Eestis, Soomes, L\u00e4tis. Aparaadikosmeetika, koolitused, kosmeetikatooted.\",\"potentialAction\":[{\"@type\":\"SearchAction\",\"target\":{\"@type\":\"EntryPoint\",\"urlTemplate\":\"https:\/\/beautyinstitute.ee\/?s={search_term_string}\"},\"query-input\":{\"@type\":\"PropertyValueSpecification\",\"valueRequired\":true,\"valueName\":\"search_term_string\"}}],\"inLanguage\":\"ru-RU\"}]}<\/script>\n<!-- \/ Yoast SEO plugin. -->","yoast_head_json":{"title":"Detox Pinguldav Kreem 50Ml Baehr - Beauty Institute","robots":{"index":"index","follow":"follow","max-snippet":"max-snippet:-1","max-image-preview":"max-image-preview:large","max-video-preview":"max-video-preview:-1"},"canonical":"https:\/\/beautyinstitute.ee\/toode\/detox-pinguldav-kreem-50ml-baehr\/","og_locale":"ru_RU","og_type":"article","og_title":"Detox Pinguldav Kreem 50Ml Baehr - Beauty Institute","og_description":"Pinguldav kreem\u00a0 Siluv detox kreem kaitseb nahka kahjulike keskkonnam\u00f5jude eest t\u00e4nu siidipuu, rohelise- ja valge tee ekstraktidele. Siidipuu ekstrakt koos h\u00fcaluroonhappe \u00a0ja peptiididega on siluvate \u00a0ja s\u00e4ra andvate omadustega. Kasutamine: kandke hommikul ja \u00f5htul n\u00e4ole ja kaelale. Toode sisaldab looduslikke koostisosi, mis v\u00f5ivad p\u00f5hjustada toote v\u00e4rvimuutust, ilma et see m\u00f5jutaks toote kvaliteeti.","og_url":"https:\/\/beautyinstitute.ee\/toode\/detox-pinguldav-kreem-50ml-baehr\/","og_site_name":"Beauty Institute","article_modified_time":"2026-04-16T08:43:38+00:00","og_image":[{"width":2095,"height":2095,"url":"https:\/\/beautyinstitute.ee\/wp-content\/uploads\/2023\/06\/detox-gl-ttungscreme_25183_1280x1280@2x.png","type":"image\/png"}],"twitter_card":"summary_large_image","twitter_site":"@Beauty_Eesti","twitter_misc":{"\u041f\u0440\u0438\u043c\u0435\u0440\u043d\u043e\u0435 \u0432\u0440\u0435\u043c\u044f \u0434\u043b\u044f \u0447\u0442\u0435\u043d\u0438\u044f":"1 \u043c\u0438\u043d\u0443\u0442\u0430"},"schema":{"@context":"https:\/\/schema.org","@graph":[{"@type":"WebPage","@id":"https:\/\/beautyinstitute.ee\/toode\/detox-pinguldav-kreem-50ml-baehr\/","url":"https:\/\/beautyinstitute.ee\/toode\/detox-pinguldav-kreem-50ml-baehr\/","name":"Detox Pinguldav Kreem 50Ml Baehr - Beauty Institute","isPartOf":{"@id":"https:\/\/beautyinstitute.ee\/#website"},"primaryImageOfPage":{"@id":"https:\/\/beautyinstitute.ee\/toode\/detox-pinguldav-kreem-50ml-baehr\/#primaryimage"},"image":{"@id":"https:\/\/beautyinstitute.ee\/toode\/detox-pinguldav-kreem-50ml-baehr\/#primaryimage"},"thumbnailUrl":"https:\/\/beautyinstitute.ee\/wp-content\/uploads\/2023\/06\/detox-gl-ttungscreme_25183_1280x1280@2x.png","datePublished":"2023-06-26T10:19:06+00:00","dateModified":"2026-04-16T08:43:38+00:00","breadcrumb":{"@id":"https:\/\/beautyinstitute.ee\/toode\/detox-pinguldav-kreem-50ml-baehr\/#breadcrumb"},"inLanguage":"ru-RU","potentialAction":[{"@type":"ReadAction","target":["https:\/\/beautyinstitute.ee\/toode\/detox-pinguldav-kreem-50ml-baehr\/"]}]},{"@type":"ImageObject","inLanguage":"ru-RU","@id":"https:\/\/beautyinstitute.ee\/toode\/detox-pinguldav-kreem-50ml-baehr\/#primaryimage","url":"https:\/\/beautyinstitute.ee\/wp-content\/uploads\/2023\/06\/detox-gl-ttungscreme_25183_1280x1280@2x.png","contentUrl":"https:\/\/beautyinstitute.ee\/wp-content\/uploads\/2023\/06\/detox-gl-ttungscreme_25183_1280x1280@2x.png","width":2095,"height":2095},{"@type":"BreadcrumbList","@id":"https:\/\/beautyinstitute.ee\/toode\/detox-pinguldav-kreem-50ml-baehr\/#breadcrumb","itemListElement":[{"@type":"ListItem","position":1,"name":"Home","item":"https:\/\/beautyinstitute.ee\/ru\/"},{"@type":"ListItem","position":2,"name":"E-pood","item":"https:\/\/beautyinstitute.ee\/e-pood\/"},{"@type":"ListItem","position":3,"name":"Detox Pinguldav Kreem 50Ml Baehr"}]},{"@type":"WebSite","@id":"https:\/\/beautyinstitute.ee\/#website","url":"https:\/\/beautyinstitute.ee\/","name":"Beauty Institute","description":"CNC Cosmetic ametlik maaletooja ja edasim\u00fc\u00fcja Eestis, Soomes, L\u00e4tis. Aparaadikosmeetika, koolitused, kosmeetikatooted.","potentialAction":[{"@type":"SearchAction","target":{"@type":"EntryPoint","urlTemplate":"https:\/\/beautyinstitute.ee\/?s={search_term_string}"},"query-input":{"@type":"PropertyValueSpecification","valueRequired":true,"valueName":"search_term_string"}}],"inLanguage":"ru-RU"}]}},"_links":{"self":[{"href":"https:\/\/beautyinstitute.ee\/ru\/wp-json\/wp\/v2\/product\/24063","targetHints":{"allow":["GET"]}}],"collection":[{"href":"https:\/\/beautyinstitute.ee\/ru\/wp-json\/wp\/v2\/product"}],"about":[{"href":"https:\/\/beautyinstitute.ee\/ru\/wp-json\/wp\/v2\/types\/product"}],"wp:featuredmedia":[{"embeddable":true,"href":"https:\/\/beautyinstitute.ee\/ru\/wp-json\/wp\/v2\/media\/24065"}],"wp:attachment":[{"href":"https:\/\/beautyinstitute.ee\/ru\/wp-json\/wp\/v2\/media?parent=24063"}],"wp:term":[{"taxonomy":"product_cat","embeddable":true,"href":"https:\/\/beautyinstitute.ee\/ru\/wp-json\/wp\/v2\/product_cat?post=24063"},{"taxonomy":"product_tag","embeddable":true,"href":"https:\/\/beautyinstitute.ee\/ru\/wp-json\/wp\/v2\/product_tag?post=24063"}],"curies":[{"name":"wp","href":"https:\/\/api.w.org\/{rel}","templated":true}]}}