{"id":2408,"date":"2019-01-21T12:11:23","date_gmt":"2019-01-21T10:11:23","guid":{"rendered":"https:\/\/beautyinstitute.ee\/?post_type=product&#038;p=2408"},"modified":"2026-04-08T05:51:20","modified_gmt":"2026-04-08T02:51:20","slug":"kinnmaske-v-line-4-tk","status":"publish","type":"product","link":"https:\/\/beautyinstitute.ee\/ru\/toode\/kinnmaske-v-line-4-tk\/","title":{"rendered":"Kinnmaske V-Line 4 Tk"},"content":{"rendered":"<p><strong>L\u00f5uamask annab nahale intensiivse pingulduse ja taastab kontuurid.<\/strong><\/p>\n<p>Paljude toimeainete kombinatsioon v\u00f5itleb l\u00f5tvunud, toonusest v\u00e4ljas nahaga, langenud p\u00f5skede ja n\u00e4o kontuuri\u00a0 vajumise eest. Mask t\u00f5stab, tugevdab ja niisutab nahka, kaitseb rakke. Kaitseb kronoloogilise vananemise eest. Alumine n\u00e4o osa saab tagasi noorusliku v\u00e4limuse ja V-kuju.<\/p>\n<p><strong>Eelised:\u00a0<\/strong><\/p>\n<ul>\n<li>toetab naha loomulikku tugevust<\/li>\n<li>s\u00fcgavad jooned ja kortsud l\u00f5ua piirkonnas tunduvad sujuvamad<\/li>\n<\/ul>\n<p><strong>Sobilik:<\/strong> k\u00f5ikidele nahat\u00fc\u00fcpidele.<\/p>\n<p><strong>Toimeained:<\/strong> kollageen, h\u00fcaluroonhape, aloe vera ekstrakt, rohelise tee ekstrakt, kaoliin, adenosiin.<\/p>\n","protected":false},"excerpt":{"rendered":"<p>L\u00f5uamask annab nahale intensiivse pingulduse ja taastab kontuurid. Paljude toimeainete kombinatsioon v\u00f5itleb l\u00f5tvunud, toonusest v\u00e4ljas nahaga, langenud p\u00f5skede ja n\u00e4o kontuuri\u00a0 vajumise eest. Mask t\u00f5stab, tugevdab ja niisutab nahka, kaitseb rakke. Kaitseb kronoloogilise vananemise eest. Alumine n\u00e4o osa saab tagasi noorusliku v\u00e4limuse ja V-kuju. Eelised:\u00a0 toetab naha loomulikku tugevust s\u00fcgavad jooned ja kortsud l\u00f5ua piirkonnas [&hellip;]<\/p>\n","protected":false},"featured_media":11684,"template":"","meta":{"_acf_changed":false},"product_cat":[248,148,114],"product_tag":[],"class_list":["post-2408","product","type-product","status-publish","has-post-thumbnail","hentry","product_cat-maskid-2","product_cat-hudrogeel-tehnoloogia","product_cat-tootesarjad"],"acf":[],"yoast_head":"<!-- This site is optimized with the Yoast SEO plugin v25.4 - https:\/\/yoast.com\/wordpress\/plugins\/seo\/ -->\n<title>Kinnmaske V-Line 4 Tk - Beauty Institute<\/title>\n<meta name=\"robots\" content=\"index, follow, max-snippet:-1, max-image-preview:large, max-video-preview:-1\" \/>\n<link rel=\"canonical\" href=\"https:\/\/beautyinstitute.ee\/toode\/kinnmaske-v-line-4-tk\/\" \/>\n<meta property=\"og:locale\" content=\"ru_RU\" \/>\n<meta property=\"og:type\" content=\"article\" \/>\n<meta property=\"og:title\" content=\"Kinnmaske V-Line 4 Tk - Beauty Institute\" \/>\n<meta property=\"og:description\" content=\"L\u00f5uamask annab nahale intensiivse pingulduse ja taastab kontuurid. Paljude toimeainete kombinatsioon v\u00f5itleb l\u00f5tvunud, toonusest v\u00e4ljas nahaga, langenud p\u00f5skede ja n\u00e4o kontuuri\u00a0 vajumise eest. Mask t\u00f5stab, tugevdab ja niisutab nahka, kaitseb rakke. Kaitseb kronoloogilise vananemise eest. Alumine n\u00e4o osa saab tagasi noorusliku v\u00e4limuse ja V-kuju. Eelised:\u00a0 toetab naha loomulikku tugevust s\u00fcgavad jooned ja kortsud l\u00f5ua piirkonnas [&hellip;]\" \/>\n<meta property=\"og:url\" content=\"https:\/\/beautyinstitute.ee\/toode\/kinnmaske-v-line-4-tk\/\" \/>\n<meta property=\"og:site_name\" content=\"Beauty Institute\" \/>\n<meta property=\"article:modified_time\" content=\"2026-04-08T02:51:20+00:00\" \/>\n<meta property=\"og:image\" content=\"https:\/\/beautyinstitute.ee\/wp-content\/uploads\/2019\/01\/hydrogel-v-line-mask.jpg\" \/>\n\t<meta property=\"og:image:width\" content=\"750\" \/>\n\t<meta property=\"og:image:height\" content=\"711\" \/>\n\t<meta property=\"og:image:type\" content=\"image\/jpeg\" \/>\n<meta name=\"twitter:card\" content=\"summary_large_image\" \/>\n<meta name=\"twitter:site\" content=\"@Beauty_Eesti\" \/>\n<meta name=\"twitter:label1\" content=\"\u041f\u0440\u0438\u043c\u0435\u0440\u043d\u043e\u0435 \u0432\u0440\u0435\u043c\u044f \u0434\u043b\u044f \u0447\u0442\u0435\u043d\u0438\u044f\" \/>\n\t<meta name=\"twitter:data1\" content=\"1 \u043c\u0438\u043d\u0443\u0442\u0430\" \/>\n<script type=\"application\/ld+json\" class=\"yoast-schema-graph\">{\"@context\":\"https:\/\/schema.org\",\"@graph\":[{\"@type\":\"WebPage\",\"@id\":\"https:\/\/beautyinstitute.ee\/toode\/kinnmaske-v-line-4-tk\/\",\"url\":\"https:\/\/beautyinstitute.ee\/toode\/kinnmaske-v-line-4-tk\/\",\"name\":\"Kinnmaske V-Line 4 Tk - Beauty Institute\",\"isPartOf\":{\"@id\":\"https:\/\/beautyinstitute.ee\/#website\"},\"primaryImageOfPage\":{\"@id\":\"https:\/\/beautyinstitute.ee\/toode\/kinnmaske-v-line-4-tk\/#primaryimage\"},\"image\":{\"@id\":\"https:\/\/beautyinstitute.ee\/toode\/kinnmaske-v-line-4-tk\/#primaryimage\"},\"thumbnailUrl\":\"https:\/\/beautyinstitute.ee\/wp-content\/uploads\/2019\/01\/hydrogel-v-line-mask.jpg\",\"datePublished\":\"2019-01-21T10:11:23+00:00\",\"dateModified\":\"2026-04-08T02:51:20+00:00\",\"breadcrumb\":{\"@id\":\"https:\/\/beautyinstitute.ee\/toode\/kinnmaske-v-line-4-tk\/#breadcrumb\"},\"inLanguage\":\"ru-RU\",\"potentialAction\":[{\"@type\":\"ReadAction\",\"target\":[\"https:\/\/beautyinstitute.ee\/toode\/kinnmaske-v-line-4-tk\/\"]}]},{\"@type\":\"ImageObject\",\"inLanguage\":\"ru-RU\",\"@id\":\"https:\/\/beautyinstitute.ee\/toode\/kinnmaske-v-line-4-tk\/#primaryimage\",\"url\":\"https:\/\/beautyinstitute.ee\/wp-content\/uploads\/2019\/01\/hydrogel-v-line-mask.jpg\",\"contentUrl\":\"https:\/\/beautyinstitute.ee\/wp-content\/uploads\/2019\/01\/hydrogel-v-line-mask.jpg\",\"width\":750,\"height\":711},{\"@type\":\"BreadcrumbList\",\"@id\":\"https:\/\/beautyinstitute.ee\/toode\/kinnmaske-v-line-4-tk\/#breadcrumb\",\"itemListElement\":[{\"@type\":\"ListItem\",\"position\":1,\"name\":\"Home\",\"item\":\"https:\/\/beautyinstitute.ee\/ru\/\"},{\"@type\":\"ListItem\",\"position\":2,\"name\":\"E-pood\",\"item\":\"https:\/\/beautyinstitute.ee\/e-pood\/\"},{\"@type\":\"ListItem\",\"position\":3,\"name\":\"Kinnmaske V-Line 4 Tk\"}]},{\"@type\":\"WebSite\",\"@id\":\"https:\/\/beautyinstitute.ee\/#website\",\"url\":\"https:\/\/beautyinstitute.ee\/\",\"name\":\"Beauty Institute\",\"description\":\"CNC Cosmetic ametlik maaletooja ja edasim\u00fc\u00fcja Eestis, Soomes, L\u00e4tis. Aparaadikosmeetika, koolitused, kosmeetikatooted.\",\"potentialAction\":[{\"@type\":\"SearchAction\",\"target\":{\"@type\":\"EntryPoint\",\"urlTemplate\":\"https:\/\/beautyinstitute.ee\/?s={search_term_string}\"},\"query-input\":{\"@type\":\"PropertyValueSpecification\",\"valueRequired\":true,\"valueName\":\"search_term_string\"}}],\"inLanguage\":\"ru-RU\"}]}<\/script>\n<!-- \/ Yoast SEO plugin. -->","yoast_head_json":{"title":"Kinnmaske V-Line 4 Tk - Beauty Institute","robots":{"index":"index","follow":"follow","max-snippet":"max-snippet:-1","max-image-preview":"max-image-preview:large","max-video-preview":"max-video-preview:-1"},"canonical":"https:\/\/beautyinstitute.ee\/toode\/kinnmaske-v-line-4-tk\/","og_locale":"ru_RU","og_type":"article","og_title":"Kinnmaske V-Line 4 Tk - Beauty Institute","og_description":"L\u00f5uamask annab nahale intensiivse pingulduse ja taastab kontuurid. Paljude toimeainete kombinatsioon v\u00f5itleb l\u00f5tvunud, toonusest v\u00e4ljas nahaga, langenud p\u00f5skede ja n\u00e4o kontuuri\u00a0 vajumise eest. Mask t\u00f5stab, tugevdab ja niisutab nahka, kaitseb rakke. Kaitseb kronoloogilise vananemise eest. Alumine n\u00e4o osa saab tagasi noorusliku v\u00e4limuse ja V-kuju. Eelised:\u00a0 toetab naha loomulikku tugevust s\u00fcgavad jooned ja kortsud l\u00f5ua piirkonnas [&hellip;]","og_url":"https:\/\/beautyinstitute.ee\/toode\/kinnmaske-v-line-4-tk\/","og_site_name":"Beauty Institute","article_modified_time":"2026-04-08T02:51:20+00:00","og_image":[{"width":750,"height":711,"url":"https:\/\/beautyinstitute.ee\/wp-content\/uploads\/2019\/01\/hydrogel-v-line-mask.jpg","type":"image\/jpeg"}],"twitter_card":"summary_large_image","twitter_site":"@Beauty_Eesti","twitter_misc":{"\u041f\u0440\u0438\u043c\u0435\u0440\u043d\u043e\u0435 \u0432\u0440\u0435\u043c\u044f \u0434\u043b\u044f \u0447\u0442\u0435\u043d\u0438\u044f":"1 \u043c\u0438\u043d\u0443\u0442\u0430"},"schema":{"@context":"https:\/\/schema.org","@graph":[{"@type":"WebPage","@id":"https:\/\/beautyinstitute.ee\/toode\/kinnmaske-v-line-4-tk\/","url":"https:\/\/beautyinstitute.ee\/toode\/kinnmaske-v-line-4-tk\/","name":"Kinnmaske V-Line 4 Tk - Beauty Institute","isPartOf":{"@id":"https:\/\/beautyinstitute.ee\/#website"},"primaryImageOfPage":{"@id":"https:\/\/beautyinstitute.ee\/toode\/kinnmaske-v-line-4-tk\/#primaryimage"},"image":{"@id":"https:\/\/beautyinstitute.ee\/toode\/kinnmaske-v-line-4-tk\/#primaryimage"},"thumbnailUrl":"https:\/\/beautyinstitute.ee\/wp-content\/uploads\/2019\/01\/hydrogel-v-line-mask.jpg","datePublished":"2019-01-21T10:11:23+00:00","dateModified":"2026-04-08T02:51:20+00:00","breadcrumb":{"@id":"https:\/\/beautyinstitute.ee\/toode\/kinnmaske-v-line-4-tk\/#breadcrumb"},"inLanguage":"ru-RU","potentialAction":[{"@type":"ReadAction","target":["https:\/\/beautyinstitute.ee\/toode\/kinnmaske-v-line-4-tk\/"]}]},{"@type":"ImageObject","inLanguage":"ru-RU","@id":"https:\/\/beautyinstitute.ee\/toode\/kinnmaske-v-line-4-tk\/#primaryimage","url":"https:\/\/beautyinstitute.ee\/wp-content\/uploads\/2019\/01\/hydrogel-v-line-mask.jpg","contentUrl":"https:\/\/beautyinstitute.ee\/wp-content\/uploads\/2019\/01\/hydrogel-v-line-mask.jpg","width":750,"height":711},{"@type":"BreadcrumbList","@id":"https:\/\/beautyinstitute.ee\/toode\/kinnmaske-v-line-4-tk\/#breadcrumb","itemListElement":[{"@type":"ListItem","position":1,"name":"Home","item":"https:\/\/beautyinstitute.ee\/ru\/"},{"@type":"ListItem","position":2,"name":"E-pood","item":"https:\/\/beautyinstitute.ee\/e-pood\/"},{"@type":"ListItem","position":3,"name":"Kinnmaske V-Line 4 Tk"}]},{"@type":"WebSite","@id":"https:\/\/beautyinstitute.ee\/#website","url":"https:\/\/beautyinstitute.ee\/","name":"Beauty Institute","description":"CNC Cosmetic ametlik maaletooja ja edasim\u00fc\u00fcja Eestis, Soomes, L\u00e4tis. Aparaadikosmeetika, koolitused, kosmeetikatooted.","potentialAction":[{"@type":"SearchAction","target":{"@type":"EntryPoint","urlTemplate":"https:\/\/beautyinstitute.ee\/?s={search_term_string}"},"query-input":{"@type":"PropertyValueSpecification","valueRequired":true,"valueName":"search_term_string"}}],"inLanguage":"ru-RU"}]}},"_links":{"self":[{"href":"https:\/\/beautyinstitute.ee\/ru\/wp-json\/wp\/v2\/product\/2408","targetHints":{"allow":["GET"]}}],"collection":[{"href":"https:\/\/beautyinstitute.ee\/ru\/wp-json\/wp\/v2\/product"}],"about":[{"href":"https:\/\/beautyinstitute.ee\/ru\/wp-json\/wp\/v2\/types\/product"}],"wp:featuredmedia":[{"embeddable":true,"href":"https:\/\/beautyinstitute.ee\/ru\/wp-json\/wp\/v2\/media\/11684"}],"wp:attachment":[{"href":"https:\/\/beautyinstitute.ee\/ru\/wp-json\/wp\/v2\/media?parent=2408"}],"wp:term":[{"taxonomy":"product_cat","embeddable":true,"href":"https:\/\/beautyinstitute.ee\/ru\/wp-json\/wp\/v2\/product_cat?post=2408"},{"taxonomy":"product_tag","embeddable":true,"href":"https:\/\/beautyinstitute.ee\/ru\/wp-json\/wp\/v2\/product_tag?post=2408"}],"curies":[{"name":"wp","href":"https:\/\/api.w.org\/{rel}","templated":true}]}}