{"id":24082,"date":"2023-06-26T14:49:38","date_gmt":"2023-06-26T11:49:38","guid":{"rendered":"https:\/\/beautyinstitute.ee\/?post_type=product&#038;p=24082"},"modified":"2025-08-17T20:07:54","modified_gmt":"2025-08-17T17:07:54","slug":"soojenduskuul-gold-massaaziks-1tk","status":"publish","type":"product","link":"https:\/\/beautyinstitute.ee\/ru\/toode\/soojenduskuul-gold-massaaziks-1tk\/","title":{"rendered":"Soojenduskuul Gold Massaa\u017eiks 1Tk"},"content":{"rendered":"<p>Uuenduslikud \u00a0soojenduskuulid GOLD muudavad teie raviprotseduure revolutsiooniliselt. Saate\u00a0kinkida oma klientidele spetsiaalselt kohandatud hoolitsusi ja pakkuda optimaalset harmooniat ja heaolu. Kuulid, mis on valmistatud borosilikaatklaasist, \u00a0sisaldavad spetsiaalset vedelikku,\u00a0mis soojenevad kuumas vees. K\u00e4epide on valmistatud silikoonist. Soojuskuulid soodustavad toimeainete imendumist. Kuulikestele on iseloomulik \u00a0lihaseid l\u00f5dvestav toime ja seet\u00f5ttu on need ideaalsed kaela massaa\u017eiks. Soojuskuulid GOLD on parimad l\u00f5\u00f5gastushoolduseks, sobivad ideaalselt n\u00e4ole ja kehale. Soojuskuuli kasutamine ei n\u00f5ua uute massaa\u017eitehnikate \u00f5ppimist, \u00a0massaa\u017eitehnika on sarnane kuumakivihooldusele. \u00a0Ainult professionaalseks kasutamiseks.<br \/>\n<strong>Ettevalmistus:<\/strong><\/p>\n<p>T\u00e4itke kuuman\u00f5u veega, mis suudab hoida temperatuuri 45 \u00b0C, soojendage vesi. Asetage\u00a0soojuskuul GOLD t\u00e4ielikult vette, oodake 10-15 minutit. \u00a0V\u00f5tke kuul veest v\u00e4lja, kuivatage ja alustage v\u00f5i j\u00e4tkake ravi.<\/p>\n<p><strong>Kasutamine:<\/strong><\/p>\n<p>Maksimaalne kasu saadakse kahe soojakuuli samaaegsel kasutamisel. On oluline, et \u00a0oleks olemas soojad \u00a0kuulid juhuks, kui esimesed kuulid jahtuvad . Nii v\u00e4ldite j\u00e4rske temperatuurimuutusi. Asetage soojakuulid GOLD \u00a0n\u00e4ole, rinnale ja kehale. V\u00f5imalik kasutada ka koos massaa\u017ei\u00f5lide v\u00f5i eeterlike \u00f5lidega, \u00a0tehke paralleel-, risti-, spiraal- v\u00f5i ringikujulisi liigutusi. S\u00f5ltuvalt tehtava massaa\u017ei t\u00fc\u00fcbist ja ravitavast probleemist rakendatakse erinevat survet. Kuuli saab kasutada ka seerumite, geelmaskide, biotselluloosimaskide, termoesteetiliste sidemete v\u00f5i termomudadega keham\u00e4histe puhul, et suurendada t\u00f5husust ja klientide heaolu. Kasutada kuuli alumist pida, et saaks maksimaalselt tunda selle soojust. Samas saab kasutada ka kitsamate k\u00fclgedega osa, kui soovite spetsiaalselt ravida teatud kehaosi, kuhu laia k\u00fcljega on raske ligi p\u00e4\u00e4seda.<br \/>\n<strong>Puhastamine:<\/strong><br \/>\nMassaa\u017eikuuli saab h\u00f5lpsasti puhastada ja desinfitseerida vee ja antibakteriaalse pesuvahendiga.<br \/>\n<strong>Vastun\u00e4idustused:<\/strong><br \/>\n\u00c4rge kasutage soojenduskuule rasedatel, vigastuste, lahtiste haavade ja kapillaaride hapruse korral. Kahtluse korral k\u00fcsige alati enne ravi alustamist n\u00f5u arstilt.<\/p>\n","protected":false},"excerpt":{"rendered":"<p>Uuenduslikud \u00a0soojenduskuulid GOLD muudavad teie raviprotseduure revolutsiooniliselt. Saate\u00a0kinkida oma klientidele spetsiaalselt kohandatud hoolitsusi ja pakkuda optimaalset harmooniat ja heaolu. Kuulid, mis on valmistatud borosilikaatklaasist, \u00a0sisaldavad spetsiaalset vedelikku,\u00a0mis soojenevad kuumas vees. K\u00e4epide on valmistatud silikoonist. Soojuskuulid soodustavad toimeainete imendumist. Kuulikestele on iseloomulik \u00a0lihaseid l\u00f5dvestav toime ja seet\u00f5ttu on need ideaalsed kaela massaa\u017eiks. Soojuskuulid GOLD on parimad [&hellip;]<\/p>\n","protected":false},"featured_media":24083,"template":"","meta":{"_acf_changed":false},"product_cat":[291,191],"product_tag":[],"class_list":["post-24082","product","type-product","status-publish","has-post-thumbnail","hentry","product_cat-baehr-cosmetic","product_cat-kabineti-tooted"],"acf":[],"yoast_head":"<!-- This site is optimized with the Yoast SEO plugin v25.4 - https:\/\/yoast.com\/wordpress\/plugins\/seo\/ -->\n<title>Soojenduskuul Gold Massaa\u017eiks 1Tk - Beauty Institute<\/title>\n<meta name=\"robots\" content=\"index, follow, max-snippet:-1, max-image-preview:large, max-video-preview:-1\" \/>\n<link rel=\"canonical\" href=\"https:\/\/beautyinstitute.ee\/toode\/soojenduskuul-gold-massaaziks-1tk\/\" \/>\n<meta property=\"og:locale\" content=\"ru_RU\" \/>\n<meta property=\"og:type\" content=\"article\" \/>\n<meta property=\"og:title\" content=\"Soojenduskuul Gold Massaa\u017eiks 1Tk - Beauty Institute\" \/>\n<meta property=\"og:description\" content=\"Uuenduslikud \u00a0soojenduskuulid GOLD muudavad teie raviprotseduure revolutsiooniliselt. Saate\u00a0kinkida oma klientidele spetsiaalselt kohandatud hoolitsusi ja pakkuda optimaalset harmooniat ja heaolu. Kuulid, mis on valmistatud borosilikaatklaasist, \u00a0sisaldavad spetsiaalset vedelikku,\u00a0mis soojenevad kuumas vees. K\u00e4epide on valmistatud silikoonist. Soojuskuulid soodustavad toimeainete imendumist. Kuulikestele on iseloomulik \u00a0lihaseid l\u00f5dvestav toime ja seet\u00f5ttu on need ideaalsed kaela massaa\u017eiks. Soojuskuulid GOLD on parimad [&hellip;]\" \/>\n<meta property=\"og:url\" content=\"https:\/\/beautyinstitute.ee\/toode\/soojenduskuul-gold-massaaziks-1tk\/\" \/>\n<meta property=\"og:site_name\" content=\"Beauty Institute\" \/>\n<meta property=\"article:modified_time\" content=\"2025-08-17T17:07:54+00:00\" \/>\n<meta property=\"og:image\" content=\"https:\/\/beautyinstitute.ee\/wp-content\/uploads\/2023\/06\/w-rmekugel-gold_30420_1_1280x1280@2x.png\" \/>\n\t<meta property=\"og:image:width\" content=\"1890\" \/>\n\t<meta property=\"og:image:height\" content=\"1890\" \/>\n\t<meta property=\"og:image:type\" content=\"image\/png\" \/>\n<meta name=\"twitter:card\" content=\"summary_large_image\" \/>\n<meta name=\"twitter:site\" content=\"@Beauty_Eesti\" \/>\n<meta name=\"twitter:label1\" content=\"\u041f\u0440\u0438\u043c\u0435\u0440\u043d\u043e\u0435 \u0432\u0440\u0435\u043c\u044f \u0434\u043b\u044f \u0447\u0442\u0435\u043d\u0438\u044f\" \/>\n\t<meta name=\"twitter:data1\" content=\"2 \u043c\u0438\u043d\u0443\u0442\u044b\" \/>\n<script type=\"application\/ld+json\" class=\"yoast-schema-graph\">{\"@context\":\"https:\/\/schema.org\",\"@graph\":[{\"@type\":\"WebPage\",\"@id\":\"https:\/\/beautyinstitute.ee\/toode\/soojenduskuul-gold-massaaziks-1tk\/\",\"url\":\"https:\/\/beautyinstitute.ee\/toode\/soojenduskuul-gold-massaaziks-1tk\/\",\"name\":\"Soojenduskuul Gold Massaa\u017eiks 1Tk - Beauty Institute\",\"isPartOf\":{\"@id\":\"https:\/\/beautyinstitute.ee\/#website\"},\"primaryImageOfPage\":{\"@id\":\"https:\/\/beautyinstitute.ee\/toode\/soojenduskuul-gold-massaaziks-1tk\/#primaryimage\"},\"image\":{\"@id\":\"https:\/\/beautyinstitute.ee\/toode\/soojenduskuul-gold-massaaziks-1tk\/#primaryimage\"},\"thumbnailUrl\":\"https:\/\/beautyinstitute.ee\/wp-content\/uploads\/2023\/06\/w-rmekugel-gold_30420_1_1280x1280@2x.png\",\"datePublished\":\"2023-06-26T11:49:38+00:00\",\"dateModified\":\"2025-08-17T17:07:54+00:00\",\"breadcrumb\":{\"@id\":\"https:\/\/beautyinstitute.ee\/toode\/soojenduskuul-gold-massaaziks-1tk\/#breadcrumb\"},\"inLanguage\":\"ru-RU\",\"potentialAction\":[{\"@type\":\"ReadAction\",\"target\":[\"https:\/\/beautyinstitute.ee\/toode\/soojenduskuul-gold-massaaziks-1tk\/\"]}]},{\"@type\":\"ImageObject\",\"inLanguage\":\"ru-RU\",\"@id\":\"https:\/\/beautyinstitute.ee\/toode\/soojenduskuul-gold-massaaziks-1tk\/#primaryimage\",\"url\":\"https:\/\/beautyinstitute.ee\/wp-content\/uploads\/2023\/06\/w-rmekugel-gold_30420_1_1280x1280@2x.png\",\"contentUrl\":\"https:\/\/beautyinstitute.ee\/wp-content\/uploads\/2023\/06\/w-rmekugel-gold_30420_1_1280x1280@2x.png\",\"width\":1890,\"height\":1890},{\"@type\":\"BreadcrumbList\",\"@id\":\"https:\/\/beautyinstitute.ee\/toode\/soojenduskuul-gold-massaaziks-1tk\/#breadcrumb\",\"itemListElement\":[{\"@type\":\"ListItem\",\"position\":1,\"name\":\"Home\",\"item\":\"https:\/\/beautyinstitute.ee\/ru\/\"},{\"@type\":\"ListItem\",\"position\":2,\"name\":\"E-pood\",\"item\":\"https:\/\/beautyinstitute.ee\/e-pood\/\"},{\"@type\":\"ListItem\",\"position\":3,\"name\":\"Soojenduskuul Gold Massaa\u017eiks 1Tk\"}]},{\"@type\":\"WebSite\",\"@id\":\"https:\/\/beautyinstitute.ee\/#website\",\"url\":\"https:\/\/beautyinstitute.ee\/\",\"name\":\"Beauty Institute\",\"description\":\"CNC Cosmetic ametlik maaletooja ja edasim\u00fc\u00fcja Eestis, Soomes, L\u00e4tis. Aparaadikosmeetika, koolitused, kosmeetikatooted.\",\"potentialAction\":[{\"@type\":\"SearchAction\",\"target\":{\"@type\":\"EntryPoint\",\"urlTemplate\":\"https:\/\/beautyinstitute.ee\/?s={search_term_string}\"},\"query-input\":{\"@type\":\"PropertyValueSpecification\",\"valueRequired\":true,\"valueName\":\"search_term_string\"}}],\"inLanguage\":\"ru-RU\"}]}<\/script>\n<!-- \/ Yoast SEO plugin. -->","yoast_head_json":{"title":"Soojenduskuul Gold Massaa\u017eiks 1Tk - Beauty Institute","robots":{"index":"index","follow":"follow","max-snippet":"max-snippet:-1","max-image-preview":"max-image-preview:large","max-video-preview":"max-video-preview:-1"},"canonical":"https:\/\/beautyinstitute.ee\/toode\/soojenduskuul-gold-massaaziks-1tk\/","og_locale":"ru_RU","og_type":"article","og_title":"Soojenduskuul Gold Massaa\u017eiks 1Tk - Beauty Institute","og_description":"Uuenduslikud \u00a0soojenduskuulid GOLD muudavad teie raviprotseduure revolutsiooniliselt. Saate\u00a0kinkida oma klientidele spetsiaalselt kohandatud hoolitsusi ja pakkuda optimaalset harmooniat ja heaolu. Kuulid, mis on valmistatud borosilikaatklaasist, \u00a0sisaldavad spetsiaalset vedelikku,\u00a0mis soojenevad kuumas vees. K\u00e4epide on valmistatud silikoonist. Soojuskuulid soodustavad toimeainete imendumist. Kuulikestele on iseloomulik \u00a0lihaseid l\u00f5dvestav toime ja seet\u00f5ttu on need ideaalsed kaela massaa\u017eiks. Soojuskuulid GOLD on parimad [&hellip;]","og_url":"https:\/\/beautyinstitute.ee\/toode\/soojenduskuul-gold-massaaziks-1tk\/","og_site_name":"Beauty Institute","article_modified_time":"2025-08-17T17:07:54+00:00","og_image":[{"width":1890,"height":1890,"url":"https:\/\/beautyinstitute.ee\/wp-content\/uploads\/2023\/06\/w-rmekugel-gold_30420_1_1280x1280@2x.png","type":"image\/png"}],"twitter_card":"summary_large_image","twitter_site":"@Beauty_Eesti","twitter_misc":{"\u041f\u0440\u0438\u043c\u0435\u0440\u043d\u043e\u0435 \u0432\u0440\u0435\u043c\u044f \u0434\u043b\u044f \u0447\u0442\u0435\u043d\u0438\u044f":"2 \u043c\u0438\u043d\u0443\u0442\u044b"},"schema":{"@context":"https:\/\/schema.org","@graph":[{"@type":"WebPage","@id":"https:\/\/beautyinstitute.ee\/toode\/soojenduskuul-gold-massaaziks-1tk\/","url":"https:\/\/beautyinstitute.ee\/toode\/soojenduskuul-gold-massaaziks-1tk\/","name":"Soojenduskuul Gold Massaa\u017eiks 1Tk - Beauty Institute","isPartOf":{"@id":"https:\/\/beautyinstitute.ee\/#website"},"primaryImageOfPage":{"@id":"https:\/\/beautyinstitute.ee\/toode\/soojenduskuul-gold-massaaziks-1tk\/#primaryimage"},"image":{"@id":"https:\/\/beautyinstitute.ee\/toode\/soojenduskuul-gold-massaaziks-1tk\/#primaryimage"},"thumbnailUrl":"https:\/\/beautyinstitute.ee\/wp-content\/uploads\/2023\/06\/w-rmekugel-gold_30420_1_1280x1280@2x.png","datePublished":"2023-06-26T11:49:38+00:00","dateModified":"2025-08-17T17:07:54+00:00","breadcrumb":{"@id":"https:\/\/beautyinstitute.ee\/toode\/soojenduskuul-gold-massaaziks-1tk\/#breadcrumb"},"inLanguage":"ru-RU","potentialAction":[{"@type":"ReadAction","target":["https:\/\/beautyinstitute.ee\/toode\/soojenduskuul-gold-massaaziks-1tk\/"]}]},{"@type":"ImageObject","inLanguage":"ru-RU","@id":"https:\/\/beautyinstitute.ee\/toode\/soojenduskuul-gold-massaaziks-1tk\/#primaryimage","url":"https:\/\/beautyinstitute.ee\/wp-content\/uploads\/2023\/06\/w-rmekugel-gold_30420_1_1280x1280@2x.png","contentUrl":"https:\/\/beautyinstitute.ee\/wp-content\/uploads\/2023\/06\/w-rmekugel-gold_30420_1_1280x1280@2x.png","width":1890,"height":1890},{"@type":"BreadcrumbList","@id":"https:\/\/beautyinstitute.ee\/toode\/soojenduskuul-gold-massaaziks-1tk\/#breadcrumb","itemListElement":[{"@type":"ListItem","position":1,"name":"Home","item":"https:\/\/beautyinstitute.ee\/ru\/"},{"@type":"ListItem","position":2,"name":"E-pood","item":"https:\/\/beautyinstitute.ee\/e-pood\/"},{"@type":"ListItem","position":3,"name":"Soojenduskuul Gold Massaa\u017eiks 1Tk"}]},{"@type":"WebSite","@id":"https:\/\/beautyinstitute.ee\/#website","url":"https:\/\/beautyinstitute.ee\/","name":"Beauty Institute","description":"CNC Cosmetic ametlik maaletooja ja edasim\u00fc\u00fcja Eestis, Soomes, L\u00e4tis. Aparaadikosmeetika, koolitused, kosmeetikatooted.","potentialAction":[{"@type":"SearchAction","target":{"@type":"EntryPoint","urlTemplate":"https:\/\/beautyinstitute.ee\/?s={search_term_string}"},"query-input":{"@type":"PropertyValueSpecification","valueRequired":true,"valueName":"search_term_string"}}],"inLanguage":"ru-RU"}]}},"_links":{"self":[{"href":"https:\/\/beautyinstitute.ee\/ru\/wp-json\/wp\/v2\/product\/24082","targetHints":{"allow":["GET"]}}],"collection":[{"href":"https:\/\/beautyinstitute.ee\/ru\/wp-json\/wp\/v2\/product"}],"about":[{"href":"https:\/\/beautyinstitute.ee\/ru\/wp-json\/wp\/v2\/types\/product"}],"wp:featuredmedia":[{"embeddable":true,"href":"https:\/\/beautyinstitute.ee\/ru\/wp-json\/wp\/v2\/media\/24083"}],"wp:attachment":[{"href":"https:\/\/beautyinstitute.ee\/ru\/wp-json\/wp\/v2\/media?parent=24082"}],"wp:term":[{"taxonomy":"product_cat","embeddable":true,"href":"https:\/\/beautyinstitute.ee\/ru\/wp-json\/wp\/v2\/product_cat?post=24082"},{"taxonomy":"product_tag","embeddable":true,"href":"https:\/\/beautyinstitute.ee\/ru\/wp-json\/wp\/v2\/product_tag?post=24082"}],"curies":[{"name":"wp","href":"https:\/\/api.w.org\/{rel}","templated":true}]}}