{"id":24090,"date":"2023-06-26T15:15:52","date_gmt":"2023-06-26T12:15:52","guid":{"rendered":"https:\/\/beautyinstitute.ee\/?post_type=product&#038;p=24090"},"modified":"2026-04-14T12:18:04","modified_gmt":"2026-04-14T09:18:04","slug":"massaazikuulide-komplekt-gold-aqua","status":"publish","type":"product","link":"https:\/\/beautyinstitute.ee\/ru\/toode\/massaazikuulide-komplekt-gold-aqua\/","title":{"rendered":"Massaa\u017eikuulide Komplekt Gold +Aqua"},"content":{"rendered":"<p><strong>GOLD soojuskuul ja AQUA j\u00e4\u00e4kuul.<\/strong><\/p>\n<p>Harmoonia ja heaolu teie klientidele.<\/p>\n<p>Uuenduslikud soojuskuulid GOLD ja j\u00e4\u00e4kuulid AQUA muudavad teie raviprotseduurid revolutsiooniliseks. Saate luua oma klientidele spetsiaalseid hoolitsusi ja pakkuda optimaalset harmooniat ja heaolu. Soojuskuulid on valmistatud borosilikaatklaasist, mis sisaldavad spetsiaalset vedelikku, mis soojuskuuli GOLD puhul kuumeneb kokkupuutel kuuma veega v\u00f5i j\u00e4\u00e4kuuli AQUA puhul jahtub jahedas l\u00fchikese aja jooksul. K\u00e4epide on valmistatud silikoonist.<br \/>\n<strong>BAEHR soojuskuul GOLD:<\/strong> soojuskuulid soodustavad toimeainete imendumist ja neid iseloomustab eriti lihaseid l\u00f5dvestav toime. Seet\u00f5ttu on need ideaalsed kaelalihaste l\u00f5dvestamiseks. Kuulid GOLD on parimad l\u00f5\u00f5gastushoolduseks ning sobivad ideaalselt nii n\u00e4ole kui ka kehale.<br \/>\n<strong>BAEHR j\u00e4\u00e4kuul AQUA:<\/strong> J\u00e4\u00e4kuulid AQUA aitavad v\u00f5idelda naha probleemidega ja muuta stressis ja v\u00e4sinud naha taas s\u00e4ravaks. Nad v\u00f5ivad v\u00e4hendada jalgade turset ja turgutada v\u00e4sinud jalgu. Kuulide kasutamine ei n\u00f5ua uute massaa\u017eitehnikate \u00f5ppimist, sest massaa\u017eitehnika on sarnane kuumakivihooldusele.<br \/>\nAinult professionaalseks kasutamiseks.<\/p>\n","protected":false},"excerpt":{"rendered":"<p>GOLD soojuskuul ja AQUA j\u00e4\u00e4kuul. Harmoonia ja heaolu teie klientidele. Uuenduslikud soojuskuulid GOLD ja j\u00e4\u00e4kuulid AQUA muudavad teie raviprotseduurid revolutsiooniliseks. Saate luua oma klientidele spetsiaalseid hoolitsusi ja pakkuda optimaalset harmooniat ja heaolu. Soojuskuulid on valmistatud borosilikaatklaasist, mis sisaldavad spetsiaalset vedelikku, mis soojuskuuli GOLD puhul kuumeneb kokkupuutel kuuma veega v\u00f5i j\u00e4\u00e4kuuli AQUA puhul jahtub jahedas l\u00fchikese [&hellip;]<\/p>\n","protected":false},"featured_media":24092,"template":"","meta":{"_acf_changed":false},"product_cat":[291,15],"product_tag":[],"class_list":["post-24090","product","type-product","status-publish","has-post-thumbnail","hentry","product_cat-baehr-cosmetic","product_cat-muud-tooted"],"acf":[],"yoast_head":"<!-- This site is optimized with the Yoast SEO plugin v25.4 - https:\/\/yoast.com\/wordpress\/plugins\/seo\/ -->\n<title>Massaa\u017eikuulide Komplekt Gold +Aqua - Beauty Institute<\/title>\n<meta name=\"robots\" content=\"index, follow, max-snippet:-1, max-image-preview:large, max-video-preview:-1\" \/>\n<link rel=\"canonical\" href=\"https:\/\/beautyinstitute.ee\/toode\/massaazikuulide-komplekt-gold-aqua\/\" \/>\n<meta property=\"og:locale\" content=\"ru_RU\" \/>\n<meta property=\"og:type\" content=\"article\" \/>\n<meta property=\"og:title\" content=\"Massaa\u017eikuulide Komplekt Gold +Aqua - Beauty Institute\" \/>\n<meta property=\"og:description\" content=\"GOLD soojuskuul ja AQUA j\u00e4\u00e4kuul. Harmoonia ja heaolu teie klientidele. Uuenduslikud soojuskuulid GOLD ja j\u00e4\u00e4kuulid AQUA muudavad teie raviprotseduurid revolutsiooniliseks. Saate luua oma klientidele spetsiaalseid hoolitsusi ja pakkuda optimaalset harmooniat ja heaolu. Soojuskuulid on valmistatud borosilikaatklaasist, mis sisaldavad spetsiaalset vedelikku, mis soojuskuuli GOLD puhul kuumeneb kokkupuutel kuuma veega v\u00f5i j\u00e4\u00e4kuuli AQUA puhul jahtub jahedas l\u00fchikese [&hellip;]\" \/>\n<meta property=\"og:url\" content=\"https:\/\/beautyinstitute.ee\/toode\/massaazikuulide-komplekt-gold-aqua\/\" \/>\n<meta property=\"og:site_name\" content=\"Beauty Institute\" \/>\n<meta property=\"article:modified_time\" content=\"2026-04-14T09:18:04+00:00\" \/>\n<meta property=\"og:image\" content=\"https:\/\/beautyinstitute.ee\/wp-content\/uploads\/2023\/06\/massagekugeln-set-gold-aqua_80046_1280x1280@2x.png\" \/>\n\t<meta property=\"og:image:width\" content=\"2250\" \/>\n\t<meta property=\"og:image:height\" content=\"2250\" \/>\n\t<meta property=\"og:image:type\" content=\"image\/png\" \/>\n<meta name=\"twitter:card\" content=\"summary_large_image\" \/>\n<meta name=\"twitter:site\" content=\"@Beauty_Eesti\" \/>\n<meta name=\"twitter:label1\" content=\"\u041f\u0440\u0438\u043c\u0435\u0440\u043d\u043e\u0435 \u0432\u0440\u0435\u043c\u044f \u0434\u043b\u044f \u0447\u0442\u0435\u043d\u0438\u044f\" \/>\n\t<meta name=\"twitter:data1\" content=\"1 \u043c\u0438\u043d\u0443\u0442\u0430\" \/>\n<script type=\"application\/ld+json\" class=\"yoast-schema-graph\">{\"@context\":\"https:\/\/schema.org\",\"@graph\":[{\"@type\":\"WebPage\",\"@id\":\"https:\/\/beautyinstitute.ee\/toode\/massaazikuulide-komplekt-gold-aqua\/\",\"url\":\"https:\/\/beautyinstitute.ee\/toode\/massaazikuulide-komplekt-gold-aqua\/\",\"name\":\"Massaa\u017eikuulide Komplekt Gold +Aqua - Beauty Institute\",\"isPartOf\":{\"@id\":\"https:\/\/beautyinstitute.ee\/#website\"},\"primaryImageOfPage\":{\"@id\":\"https:\/\/beautyinstitute.ee\/toode\/massaazikuulide-komplekt-gold-aqua\/#primaryimage\"},\"image\":{\"@id\":\"https:\/\/beautyinstitute.ee\/toode\/massaazikuulide-komplekt-gold-aqua\/#primaryimage\"},\"thumbnailUrl\":\"https:\/\/beautyinstitute.ee\/wp-content\/uploads\/2023\/06\/massagekugeln-set-gold-aqua_80046_1280x1280@2x.png\",\"datePublished\":\"2023-06-26T12:15:52+00:00\",\"dateModified\":\"2026-04-14T09:18:04+00:00\",\"breadcrumb\":{\"@id\":\"https:\/\/beautyinstitute.ee\/toode\/massaazikuulide-komplekt-gold-aqua\/#breadcrumb\"},\"inLanguage\":\"ru-RU\",\"potentialAction\":[{\"@type\":\"ReadAction\",\"target\":[\"https:\/\/beautyinstitute.ee\/toode\/massaazikuulide-komplekt-gold-aqua\/\"]}]},{\"@type\":\"ImageObject\",\"inLanguage\":\"ru-RU\",\"@id\":\"https:\/\/beautyinstitute.ee\/toode\/massaazikuulide-komplekt-gold-aqua\/#primaryimage\",\"url\":\"https:\/\/beautyinstitute.ee\/wp-content\/uploads\/2023\/06\/massagekugeln-set-gold-aqua_80046_1280x1280@2x.png\",\"contentUrl\":\"https:\/\/beautyinstitute.ee\/wp-content\/uploads\/2023\/06\/massagekugeln-set-gold-aqua_80046_1280x1280@2x.png\",\"width\":2250,\"height\":2250},{\"@type\":\"BreadcrumbList\",\"@id\":\"https:\/\/beautyinstitute.ee\/toode\/massaazikuulide-komplekt-gold-aqua\/#breadcrumb\",\"itemListElement\":[{\"@type\":\"ListItem\",\"position\":1,\"name\":\"Home\",\"item\":\"https:\/\/beautyinstitute.ee\/ru\/\"},{\"@type\":\"ListItem\",\"position\":2,\"name\":\"E-pood\",\"item\":\"https:\/\/beautyinstitute.ee\/e-pood\/\"},{\"@type\":\"ListItem\",\"position\":3,\"name\":\"Massaa\u017eikuulide Komplekt Gold +Aqua\"}]},{\"@type\":\"WebSite\",\"@id\":\"https:\/\/beautyinstitute.ee\/#website\",\"url\":\"https:\/\/beautyinstitute.ee\/\",\"name\":\"Beauty Institute\",\"description\":\"CNC Cosmetic ametlik maaletooja ja edasim\u00fc\u00fcja Eestis, Soomes, L\u00e4tis. Aparaadikosmeetika, koolitused, kosmeetikatooted.\",\"potentialAction\":[{\"@type\":\"SearchAction\",\"target\":{\"@type\":\"EntryPoint\",\"urlTemplate\":\"https:\/\/beautyinstitute.ee\/?s={search_term_string}\"},\"query-input\":{\"@type\":\"PropertyValueSpecification\",\"valueRequired\":true,\"valueName\":\"search_term_string\"}}],\"inLanguage\":\"ru-RU\"}]}<\/script>\n<!-- \/ Yoast SEO plugin. -->","yoast_head_json":{"title":"Massaa\u017eikuulide Komplekt Gold +Aqua - Beauty Institute","robots":{"index":"index","follow":"follow","max-snippet":"max-snippet:-1","max-image-preview":"max-image-preview:large","max-video-preview":"max-video-preview:-1"},"canonical":"https:\/\/beautyinstitute.ee\/toode\/massaazikuulide-komplekt-gold-aqua\/","og_locale":"ru_RU","og_type":"article","og_title":"Massaa\u017eikuulide Komplekt Gold +Aqua - Beauty Institute","og_description":"GOLD soojuskuul ja AQUA j\u00e4\u00e4kuul. Harmoonia ja heaolu teie klientidele. Uuenduslikud soojuskuulid GOLD ja j\u00e4\u00e4kuulid AQUA muudavad teie raviprotseduurid revolutsiooniliseks. Saate luua oma klientidele spetsiaalseid hoolitsusi ja pakkuda optimaalset harmooniat ja heaolu. Soojuskuulid on valmistatud borosilikaatklaasist, mis sisaldavad spetsiaalset vedelikku, mis soojuskuuli GOLD puhul kuumeneb kokkupuutel kuuma veega v\u00f5i j\u00e4\u00e4kuuli AQUA puhul jahtub jahedas l\u00fchikese [&hellip;]","og_url":"https:\/\/beautyinstitute.ee\/toode\/massaazikuulide-komplekt-gold-aqua\/","og_site_name":"Beauty Institute","article_modified_time":"2026-04-14T09:18:04+00:00","og_image":[{"width":2250,"height":2250,"url":"https:\/\/beautyinstitute.ee\/wp-content\/uploads\/2023\/06\/massagekugeln-set-gold-aqua_80046_1280x1280@2x.png","type":"image\/png"}],"twitter_card":"summary_large_image","twitter_site":"@Beauty_Eesti","twitter_misc":{"\u041f\u0440\u0438\u043c\u0435\u0440\u043d\u043e\u0435 \u0432\u0440\u0435\u043c\u044f \u0434\u043b\u044f \u0447\u0442\u0435\u043d\u0438\u044f":"1 \u043c\u0438\u043d\u0443\u0442\u0430"},"schema":{"@context":"https:\/\/schema.org","@graph":[{"@type":"WebPage","@id":"https:\/\/beautyinstitute.ee\/toode\/massaazikuulide-komplekt-gold-aqua\/","url":"https:\/\/beautyinstitute.ee\/toode\/massaazikuulide-komplekt-gold-aqua\/","name":"Massaa\u017eikuulide Komplekt Gold +Aqua - Beauty Institute","isPartOf":{"@id":"https:\/\/beautyinstitute.ee\/#website"},"primaryImageOfPage":{"@id":"https:\/\/beautyinstitute.ee\/toode\/massaazikuulide-komplekt-gold-aqua\/#primaryimage"},"image":{"@id":"https:\/\/beautyinstitute.ee\/toode\/massaazikuulide-komplekt-gold-aqua\/#primaryimage"},"thumbnailUrl":"https:\/\/beautyinstitute.ee\/wp-content\/uploads\/2023\/06\/massagekugeln-set-gold-aqua_80046_1280x1280@2x.png","datePublished":"2023-06-26T12:15:52+00:00","dateModified":"2026-04-14T09:18:04+00:00","breadcrumb":{"@id":"https:\/\/beautyinstitute.ee\/toode\/massaazikuulide-komplekt-gold-aqua\/#breadcrumb"},"inLanguage":"ru-RU","potentialAction":[{"@type":"ReadAction","target":["https:\/\/beautyinstitute.ee\/toode\/massaazikuulide-komplekt-gold-aqua\/"]}]},{"@type":"ImageObject","inLanguage":"ru-RU","@id":"https:\/\/beautyinstitute.ee\/toode\/massaazikuulide-komplekt-gold-aqua\/#primaryimage","url":"https:\/\/beautyinstitute.ee\/wp-content\/uploads\/2023\/06\/massagekugeln-set-gold-aqua_80046_1280x1280@2x.png","contentUrl":"https:\/\/beautyinstitute.ee\/wp-content\/uploads\/2023\/06\/massagekugeln-set-gold-aqua_80046_1280x1280@2x.png","width":2250,"height":2250},{"@type":"BreadcrumbList","@id":"https:\/\/beautyinstitute.ee\/toode\/massaazikuulide-komplekt-gold-aqua\/#breadcrumb","itemListElement":[{"@type":"ListItem","position":1,"name":"Home","item":"https:\/\/beautyinstitute.ee\/ru\/"},{"@type":"ListItem","position":2,"name":"E-pood","item":"https:\/\/beautyinstitute.ee\/e-pood\/"},{"@type":"ListItem","position":3,"name":"Massaa\u017eikuulide Komplekt Gold +Aqua"}]},{"@type":"WebSite","@id":"https:\/\/beautyinstitute.ee\/#website","url":"https:\/\/beautyinstitute.ee\/","name":"Beauty Institute","description":"CNC Cosmetic ametlik maaletooja ja edasim\u00fc\u00fcja Eestis, Soomes, L\u00e4tis. Aparaadikosmeetika, koolitused, kosmeetikatooted.","potentialAction":[{"@type":"SearchAction","target":{"@type":"EntryPoint","urlTemplate":"https:\/\/beautyinstitute.ee\/?s={search_term_string}"},"query-input":{"@type":"PropertyValueSpecification","valueRequired":true,"valueName":"search_term_string"}}],"inLanguage":"ru-RU"}]}},"_links":{"self":[{"href":"https:\/\/beautyinstitute.ee\/ru\/wp-json\/wp\/v2\/product\/24090","targetHints":{"allow":["GET"]}}],"collection":[{"href":"https:\/\/beautyinstitute.ee\/ru\/wp-json\/wp\/v2\/product"}],"about":[{"href":"https:\/\/beautyinstitute.ee\/ru\/wp-json\/wp\/v2\/types\/product"}],"wp:featuredmedia":[{"embeddable":true,"href":"https:\/\/beautyinstitute.ee\/ru\/wp-json\/wp\/v2\/media\/24092"}],"wp:attachment":[{"href":"https:\/\/beautyinstitute.ee\/ru\/wp-json\/wp\/v2\/media?parent=24090"}],"wp:term":[{"taxonomy":"product_cat","embeddable":true,"href":"https:\/\/beautyinstitute.ee\/ru\/wp-json\/wp\/v2\/product_cat?post=24090"},{"taxonomy":"product_tag","embeddable":true,"href":"https:\/\/beautyinstitute.ee\/ru\/wp-json\/wp\/v2\/product_tag?post=24090"}],"curies":[{"name":"wp","href":"https:\/\/api.w.org\/{rel}","templated":true}]}}