{"id":2411,"date":"2019-01-21T10:15:51","date_gmt":"2019-01-21T08:15:51","guid":{"rendered":"https:\/\/beautyinstitute.ee\/?post_type=product&#038;p=2411"},"modified":"2026-04-14T15:19:54","modified_gmt":"2026-04-14T12:19:54","slug":"hydrogel-eye-pads","status":"publish","type":"product","link":"https:\/\/beautyinstitute.ee\/ru\/toode\/hydrogel-eye-pads\/","title":{"rendered":"Hydrogel Eye Pads"},"content":{"rendered":"<p><strong>Jahutavad, v\u00e4rskendavad geelipadjad.<\/strong><\/p>\n<p>Ideaalne ravi silmaalustele kottidele, tursetele, k\u00fcpsele nahale, kortsus ja v\u00e4sinud silma\u00fcmbrusele.<\/p>\n<p><strong>Eelised:<\/strong><\/p>\n<ul>\n<li>v\u00e4hendab ajutiselt turses, tumedaid ja kottis silmaaluseid<\/li>\n<\/ul>\n<p><strong>Sobilik:<\/strong> k\u00fcpsele nahale, mis on kortsujoontega ja v\u00e4sinud silma\u00fcmbruse nahale.<\/p>\n<p><strong>Toimeained:<\/strong> Lotus lille ekstrakt, kurgiekstrakt, aloe vera ekstrakt, rohelise tee ekstrakt, vitamiin A ja E, koeens\u00fc\u00fcm Q10, k\u00f5rvitsaseemne- ekstrakt, bambuseekstrakt.<\/p>\n","protected":false},"excerpt":{"rendered":"<p>Jahutavad, v\u00e4rskendavad geelipadjad. Ideaalne ravi silmaalustele kottidele, tursetele, k\u00fcpsele nahale, kortsus ja v\u00e4sinud silma\u00fcmbrusele. Eelised: v\u00e4hendab ajutiselt turses, tumedaid ja kottis silmaaluseid Sobilik: k\u00fcpsele nahale, mis on kortsujoontega ja v\u00e4sinud silma\u00fcmbruse nahale. Toimeained: Lotus lille ekstrakt, kurgiekstrakt, aloe vera ekstrakt, rohelise tee ekstrakt, vitamiin A ja E, koeens\u00fc\u00fcm Q10, k\u00f5rvitsaseemne- ekstrakt, bambuseekstrakt.<\/p>\n","protected":false},"featured_media":11692,"template":"","meta":{"_acf_changed":false},"product_cat":[314,148,114],"product_tag":[],"class_list":["post-2411","product","type-product","status-publish","has-post-thumbnail","hentry","product_cat-silmamaskid","product_cat-hudrogeel-tehnoloogia","product_cat-tootesarjad"],"acf":[],"yoast_head":"<!-- This site is optimized with the Yoast SEO plugin v25.4 - https:\/\/yoast.com\/wordpress\/plugins\/seo\/ -->\n<title>Hydrogel Eye Pads - Beauty Institute<\/title>\n<meta name=\"robots\" content=\"index, follow, max-snippet:-1, max-image-preview:large, max-video-preview:-1\" \/>\n<link rel=\"canonical\" href=\"https:\/\/beautyinstitute.ee\/toode\/hydrogel-eye-pads\/\" \/>\n<meta property=\"og:locale\" content=\"ru_RU\" \/>\n<meta property=\"og:type\" content=\"article\" \/>\n<meta property=\"og:title\" content=\"Hydrogel Eye Pads - Beauty Institute\" \/>\n<meta property=\"og:description\" content=\"Jahutavad, v\u00e4rskendavad geelipadjad. Ideaalne ravi silmaalustele kottidele, tursetele, k\u00fcpsele nahale, kortsus ja v\u00e4sinud silma\u00fcmbrusele. Eelised: v\u00e4hendab ajutiselt turses, tumedaid ja kottis silmaaluseid Sobilik: k\u00fcpsele nahale, mis on kortsujoontega ja v\u00e4sinud silma\u00fcmbruse nahale. Toimeained: Lotus lille ekstrakt, kurgiekstrakt, aloe vera ekstrakt, rohelise tee ekstrakt, vitamiin A ja E, koeens\u00fc\u00fcm Q10, k\u00f5rvitsaseemne- ekstrakt, bambuseekstrakt.\" \/>\n<meta property=\"og:url\" content=\"https:\/\/beautyinstitute.ee\/toode\/hydrogel-eye-pads\/\" \/>\n<meta property=\"og:site_name\" content=\"Beauty Institute\" \/>\n<meta property=\"article:modified_time\" content=\"2026-04-14T12:19:54+00:00\" \/>\n<meta property=\"og:image\" content=\"https:\/\/beautyinstitute.ee\/wp-content\/uploads\/2019\/01\/hydrogel-eye-pads.jpg\" \/>\n\t<meta property=\"og:image:width\" content=\"750\" \/>\n\t<meta property=\"og:image:height\" content=\"711\" \/>\n\t<meta property=\"og:image:type\" content=\"image\/jpeg\" \/>\n<meta name=\"twitter:card\" content=\"summary_large_image\" \/>\n<meta name=\"twitter:site\" content=\"@Beauty_Eesti\" \/>\n<script type=\"application\/ld+json\" class=\"yoast-schema-graph\">{\"@context\":\"https:\/\/schema.org\",\"@graph\":[{\"@type\":\"WebPage\",\"@id\":\"https:\/\/beautyinstitute.ee\/toode\/hydrogel-eye-pads\/\",\"url\":\"https:\/\/beautyinstitute.ee\/toode\/hydrogel-eye-pads\/\",\"name\":\"Hydrogel Eye Pads - Beauty Institute\",\"isPartOf\":{\"@id\":\"https:\/\/beautyinstitute.ee\/#website\"},\"primaryImageOfPage\":{\"@id\":\"https:\/\/beautyinstitute.ee\/toode\/hydrogel-eye-pads\/#primaryimage\"},\"image\":{\"@id\":\"https:\/\/beautyinstitute.ee\/toode\/hydrogel-eye-pads\/#primaryimage\"},\"thumbnailUrl\":\"https:\/\/beautyinstitute.ee\/wp-content\/uploads\/2019\/01\/hydrogel-eye-pads.jpg\",\"datePublished\":\"2019-01-21T08:15:51+00:00\",\"dateModified\":\"2026-04-14T12:19:54+00:00\",\"breadcrumb\":{\"@id\":\"https:\/\/beautyinstitute.ee\/toode\/hydrogel-eye-pads\/#breadcrumb\"},\"inLanguage\":\"ru-RU\",\"potentialAction\":[{\"@type\":\"ReadAction\",\"target\":[\"https:\/\/beautyinstitute.ee\/toode\/hydrogel-eye-pads\/\"]}]},{\"@type\":\"ImageObject\",\"inLanguage\":\"ru-RU\",\"@id\":\"https:\/\/beautyinstitute.ee\/toode\/hydrogel-eye-pads\/#primaryimage\",\"url\":\"https:\/\/beautyinstitute.ee\/wp-content\/uploads\/2019\/01\/hydrogel-eye-pads.jpg\",\"contentUrl\":\"https:\/\/beautyinstitute.ee\/wp-content\/uploads\/2019\/01\/hydrogel-eye-pads.jpg\",\"width\":750,\"height\":711},{\"@type\":\"BreadcrumbList\",\"@id\":\"https:\/\/beautyinstitute.ee\/toode\/hydrogel-eye-pads\/#breadcrumb\",\"itemListElement\":[{\"@type\":\"ListItem\",\"position\":1,\"name\":\"Home\",\"item\":\"https:\/\/beautyinstitute.ee\/ru\/\"},{\"@type\":\"ListItem\",\"position\":2,\"name\":\"E-pood\",\"item\":\"https:\/\/beautyinstitute.ee\/e-pood\/\"},{\"@type\":\"ListItem\",\"position\":3,\"name\":\"Hydrogel Eye Pads\"}]},{\"@type\":\"WebSite\",\"@id\":\"https:\/\/beautyinstitute.ee\/#website\",\"url\":\"https:\/\/beautyinstitute.ee\/\",\"name\":\"Beauty Institute\",\"description\":\"CNC Cosmetic ametlik maaletooja ja edasim\u00fc\u00fcja Eestis, Soomes, L\u00e4tis. Aparaadikosmeetika, koolitused, kosmeetikatooted.\",\"potentialAction\":[{\"@type\":\"SearchAction\",\"target\":{\"@type\":\"EntryPoint\",\"urlTemplate\":\"https:\/\/beautyinstitute.ee\/?s={search_term_string}\"},\"query-input\":{\"@type\":\"PropertyValueSpecification\",\"valueRequired\":true,\"valueName\":\"search_term_string\"}}],\"inLanguage\":\"ru-RU\"}]}<\/script>\n<!-- \/ Yoast SEO plugin. -->","yoast_head_json":{"title":"Hydrogel Eye Pads - Beauty Institute","robots":{"index":"index","follow":"follow","max-snippet":"max-snippet:-1","max-image-preview":"max-image-preview:large","max-video-preview":"max-video-preview:-1"},"canonical":"https:\/\/beautyinstitute.ee\/toode\/hydrogel-eye-pads\/","og_locale":"ru_RU","og_type":"article","og_title":"Hydrogel Eye Pads - Beauty Institute","og_description":"Jahutavad, v\u00e4rskendavad geelipadjad. Ideaalne ravi silmaalustele kottidele, tursetele, k\u00fcpsele nahale, kortsus ja v\u00e4sinud silma\u00fcmbrusele. Eelised: v\u00e4hendab ajutiselt turses, tumedaid ja kottis silmaaluseid Sobilik: k\u00fcpsele nahale, mis on kortsujoontega ja v\u00e4sinud silma\u00fcmbruse nahale. Toimeained: Lotus lille ekstrakt, kurgiekstrakt, aloe vera ekstrakt, rohelise tee ekstrakt, vitamiin A ja E, koeens\u00fc\u00fcm Q10, k\u00f5rvitsaseemne- ekstrakt, bambuseekstrakt.","og_url":"https:\/\/beautyinstitute.ee\/toode\/hydrogel-eye-pads\/","og_site_name":"Beauty Institute","article_modified_time":"2026-04-14T12:19:54+00:00","og_image":[{"width":750,"height":711,"url":"https:\/\/beautyinstitute.ee\/wp-content\/uploads\/2019\/01\/hydrogel-eye-pads.jpg","type":"image\/jpeg"}],"twitter_card":"summary_large_image","twitter_site":"@Beauty_Eesti","schema":{"@context":"https:\/\/schema.org","@graph":[{"@type":"WebPage","@id":"https:\/\/beautyinstitute.ee\/toode\/hydrogel-eye-pads\/","url":"https:\/\/beautyinstitute.ee\/toode\/hydrogel-eye-pads\/","name":"Hydrogel Eye Pads - Beauty Institute","isPartOf":{"@id":"https:\/\/beautyinstitute.ee\/#website"},"primaryImageOfPage":{"@id":"https:\/\/beautyinstitute.ee\/toode\/hydrogel-eye-pads\/#primaryimage"},"image":{"@id":"https:\/\/beautyinstitute.ee\/toode\/hydrogel-eye-pads\/#primaryimage"},"thumbnailUrl":"https:\/\/beautyinstitute.ee\/wp-content\/uploads\/2019\/01\/hydrogel-eye-pads.jpg","datePublished":"2019-01-21T08:15:51+00:00","dateModified":"2026-04-14T12:19:54+00:00","breadcrumb":{"@id":"https:\/\/beautyinstitute.ee\/toode\/hydrogel-eye-pads\/#breadcrumb"},"inLanguage":"ru-RU","potentialAction":[{"@type":"ReadAction","target":["https:\/\/beautyinstitute.ee\/toode\/hydrogel-eye-pads\/"]}]},{"@type":"ImageObject","inLanguage":"ru-RU","@id":"https:\/\/beautyinstitute.ee\/toode\/hydrogel-eye-pads\/#primaryimage","url":"https:\/\/beautyinstitute.ee\/wp-content\/uploads\/2019\/01\/hydrogel-eye-pads.jpg","contentUrl":"https:\/\/beautyinstitute.ee\/wp-content\/uploads\/2019\/01\/hydrogel-eye-pads.jpg","width":750,"height":711},{"@type":"BreadcrumbList","@id":"https:\/\/beautyinstitute.ee\/toode\/hydrogel-eye-pads\/#breadcrumb","itemListElement":[{"@type":"ListItem","position":1,"name":"Home","item":"https:\/\/beautyinstitute.ee\/ru\/"},{"@type":"ListItem","position":2,"name":"E-pood","item":"https:\/\/beautyinstitute.ee\/e-pood\/"},{"@type":"ListItem","position":3,"name":"Hydrogel Eye Pads"}]},{"@type":"WebSite","@id":"https:\/\/beautyinstitute.ee\/#website","url":"https:\/\/beautyinstitute.ee\/","name":"Beauty Institute","description":"CNC Cosmetic ametlik maaletooja ja edasim\u00fc\u00fcja Eestis, Soomes, L\u00e4tis. Aparaadikosmeetika, koolitused, kosmeetikatooted.","potentialAction":[{"@type":"SearchAction","target":{"@type":"EntryPoint","urlTemplate":"https:\/\/beautyinstitute.ee\/?s={search_term_string}"},"query-input":{"@type":"PropertyValueSpecification","valueRequired":true,"valueName":"search_term_string"}}],"inLanguage":"ru-RU"}]}},"_links":{"self":[{"href":"https:\/\/beautyinstitute.ee\/ru\/wp-json\/wp\/v2\/product\/2411","targetHints":{"allow":["GET"]}}],"collection":[{"href":"https:\/\/beautyinstitute.ee\/ru\/wp-json\/wp\/v2\/product"}],"about":[{"href":"https:\/\/beautyinstitute.ee\/ru\/wp-json\/wp\/v2\/types\/product"}],"wp:featuredmedia":[{"embeddable":true,"href":"https:\/\/beautyinstitute.ee\/ru\/wp-json\/wp\/v2\/media\/11692"}],"wp:attachment":[{"href":"https:\/\/beautyinstitute.ee\/ru\/wp-json\/wp\/v2\/media?parent=2411"}],"wp:term":[{"taxonomy":"product_cat","embeddable":true,"href":"https:\/\/beautyinstitute.ee\/ru\/wp-json\/wp\/v2\/product_cat?post=2411"},{"taxonomy":"product_tag","embeddable":true,"href":"https:\/\/beautyinstitute.ee\/ru\/wp-json\/wp\/v2\/product_tag?post=2411"}],"curies":[{"name":"wp","href":"https:\/\/api.w.org\/{rel}","templated":true}]}}