{"id":2416,"date":"2019-01-21T12:18:40","date_gmt":"2019-01-21T10:18:40","guid":{"rendered":"https:\/\/beautyinstitute.ee\/?post_type=product&#038;p=2416"},"modified":"2026-04-27T09:43:03","modified_gmt":"2026-04-27T06:43:03","slug":"hydrogel-mask-naole-ja-kaelale-6tk","status":"publish","type":"product","link":"https:\/\/beautyinstitute.ee\/ru\/toode\/hydrogel-mask-naole-ja-kaelale-6tk\/","title":{"rendered":"Hydrogel Mask N\u00e4ole Ja Kaelale"},"content":{"rendered":"<p><strong>Kohese t\u00f5sta efektiga mask, mis j\u00e4tab naha puhtaks ja klaariks.<\/strong><\/p>\n<p>Rahustab \u00e4rritust ja punetust, niisutab nahka intensiivselt. K\u00fcpsele ja nahale, mis on oma kontuurid kaotanud, samuti ebapuhtale ja rasusele nahale.<\/p>\n<p><strong>Eelised:<\/strong><\/p>\n<ul>\n<li>jahutab ja kosutab nahka, leevendab \u00e4rritust ja punetust<\/li>\n<li>annab nahale l\u00f5dvestunud ja elulise v\u00e4limuse<\/li>\n<\/ul>\n<p><strong>Sobilik:\u00a0<\/strong>k\u00fcps nahk, kontuuri kadu, rasune nahk.<\/p>\n<p><strong>Toimeained:<\/strong> kaoliin, kollageen, vitamiin A ja E, roheline tee, tokoferool, allantoiin, aloe vera ekstrakt.<\/p>\n","protected":false},"excerpt":{"rendered":"<p>Kohese t\u00f5sta efektiga mask, mis j\u00e4tab naha puhtaks ja klaariks. Rahustab \u00e4rritust ja punetust, niisutab nahka intensiivselt. K\u00fcpsele ja nahale, mis on oma kontuurid kaotanud, samuti ebapuhtale ja rasusele nahale. Eelised: jahutab ja kosutab nahka, leevendab \u00e4rritust ja punetust annab nahale l\u00f5dvestunud ja elulise v\u00e4limuse Sobilik:\u00a0k\u00fcps nahk, kontuuri kadu, rasune nahk. Toimeained: kaoliin, kollageen, vitamiin [&hellip;]<\/p>\n","protected":false},"featured_media":11681,"template":"","meta":{"_acf_changed":false},"product_cat":[248,148,114],"product_tag":[],"class_list":["post-2416","product","type-product","status-publish","has-post-thumbnail","hentry","product_cat-maskid-2","product_cat-hudrogeel-tehnoloogia","product_cat-tootesarjad"],"acf":[],"yoast_head":"<!-- This site is optimized with the Yoast SEO plugin v25.4 - https:\/\/yoast.com\/wordpress\/plugins\/seo\/ -->\n<title>Hydrogel Mask N\u00e4ole Ja Kaelale - Beauty Institute<\/title>\n<meta name=\"robots\" content=\"index, follow, max-snippet:-1, max-image-preview:large, max-video-preview:-1\" \/>\n<link rel=\"canonical\" href=\"https:\/\/beautyinstitute.ee\/toode\/hydrogel-mask-naole-ja-kaelale-6tk\/\" \/>\n<meta property=\"og:locale\" content=\"ru_RU\" \/>\n<meta property=\"og:type\" content=\"article\" \/>\n<meta property=\"og:title\" content=\"Hydrogel Mask N\u00e4ole Ja Kaelale - Beauty Institute\" \/>\n<meta property=\"og:description\" content=\"Kohese t\u00f5sta efektiga mask, mis j\u00e4tab naha puhtaks ja klaariks. Rahustab \u00e4rritust ja punetust, niisutab nahka intensiivselt. K\u00fcpsele ja nahale, mis on oma kontuurid kaotanud, samuti ebapuhtale ja rasusele nahale. Eelised: jahutab ja kosutab nahka, leevendab \u00e4rritust ja punetust annab nahale l\u00f5dvestunud ja elulise v\u00e4limuse Sobilik:\u00a0k\u00fcps nahk, kontuuri kadu, rasune nahk. Toimeained: kaoliin, kollageen, vitamiin [&hellip;]\" \/>\n<meta property=\"og:url\" content=\"https:\/\/beautyinstitute.ee\/toode\/hydrogel-mask-naole-ja-kaelale-6tk\/\" \/>\n<meta property=\"og:site_name\" content=\"Beauty Institute\" \/>\n<meta property=\"article:modified_time\" content=\"2026-04-27T06:43:03+00:00\" \/>\n<meta property=\"og:image\" content=\"https:\/\/beautyinstitute.ee\/wp-content\/uploads\/2019\/01\/hydroge-kolmene-mask.jpg\" \/>\n\t<meta property=\"og:image:width\" content=\"750\" \/>\n\t<meta property=\"og:image:height\" content=\"711\" \/>\n\t<meta property=\"og:image:type\" content=\"image\/jpeg\" \/>\n<meta name=\"twitter:card\" content=\"summary_large_image\" \/>\n<meta name=\"twitter:site\" content=\"@Beauty_Eesti\" \/>\n<meta name=\"twitter:label1\" content=\"\u041f\u0440\u0438\u043c\u0435\u0440\u043d\u043e\u0435 \u0432\u0440\u0435\u043c\u044f \u0434\u043b\u044f \u0447\u0442\u0435\u043d\u0438\u044f\" \/>\n\t<meta name=\"twitter:data1\" content=\"1 \u043c\u0438\u043d\u0443\u0442\u0430\" \/>\n<script type=\"application\/ld+json\" class=\"yoast-schema-graph\">{\"@context\":\"https:\/\/schema.org\",\"@graph\":[{\"@type\":\"WebPage\",\"@id\":\"https:\/\/beautyinstitute.ee\/toode\/hydrogel-mask-naole-ja-kaelale-6tk\/\",\"url\":\"https:\/\/beautyinstitute.ee\/toode\/hydrogel-mask-naole-ja-kaelale-6tk\/\",\"name\":\"Hydrogel Mask N\u00e4ole Ja Kaelale - Beauty Institute\",\"isPartOf\":{\"@id\":\"https:\/\/beautyinstitute.ee\/#website\"},\"primaryImageOfPage\":{\"@id\":\"https:\/\/beautyinstitute.ee\/toode\/hydrogel-mask-naole-ja-kaelale-6tk\/#primaryimage\"},\"image\":{\"@id\":\"https:\/\/beautyinstitute.ee\/toode\/hydrogel-mask-naole-ja-kaelale-6tk\/#primaryimage\"},\"thumbnailUrl\":\"https:\/\/beautyinstitute.ee\/wp-content\/uploads\/2019\/01\/hydroge-kolmene-mask.jpg\",\"datePublished\":\"2019-01-21T10:18:40+00:00\",\"dateModified\":\"2026-04-27T06:43:03+00:00\",\"breadcrumb\":{\"@id\":\"https:\/\/beautyinstitute.ee\/toode\/hydrogel-mask-naole-ja-kaelale-6tk\/#breadcrumb\"},\"inLanguage\":\"ru-RU\",\"potentialAction\":[{\"@type\":\"ReadAction\",\"target\":[\"https:\/\/beautyinstitute.ee\/toode\/hydrogel-mask-naole-ja-kaelale-6tk\/\"]}]},{\"@type\":\"ImageObject\",\"inLanguage\":\"ru-RU\",\"@id\":\"https:\/\/beautyinstitute.ee\/toode\/hydrogel-mask-naole-ja-kaelale-6tk\/#primaryimage\",\"url\":\"https:\/\/beautyinstitute.ee\/wp-content\/uploads\/2019\/01\/hydroge-kolmene-mask.jpg\",\"contentUrl\":\"https:\/\/beautyinstitute.ee\/wp-content\/uploads\/2019\/01\/hydroge-kolmene-mask.jpg\",\"width\":750,\"height\":711},{\"@type\":\"BreadcrumbList\",\"@id\":\"https:\/\/beautyinstitute.ee\/toode\/hydrogel-mask-naole-ja-kaelale-6tk\/#breadcrumb\",\"itemListElement\":[{\"@type\":\"ListItem\",\"position\":1,\"name\":\"Home\",\"item\":\"https:\/\/beautyinstitute.ee\/ru\/\"},{\"@type\":\"ListItem\",\"position\":2,\"name\":\"E-pood\",\"item\":\"https:\/\/beautyinstitute.ee\/e-pood\/\"},{\"@type\":\"ListItem\",\"position\":3,\"name\":\"Hydrogel Mask N\u00e4ole Ja Kaelale\"}]},{\"@type\":\"WebSite\",\"@id\":\"https:\/\/beautyinstitute.ee\/#website\",\"url\":\"https:\/\/beautyinstitute.ee\/\",\"name\":\"Beauty Institute\",\"description\":\"CNC Cosmetic ametlik maaletooja ja edasim\u00fc\u00fcja Eestis, Soomes, L\u00e4tis. Aparaadikosmeetika, koolitused, kosmeetikatooted.\",\"potentialAction\":[{\"@type\":\"SearchAction\",\"target\":{\"@type\":\"EntryPoint\",\"urlTemplate\":\"https:\/\/beautyinstitute.ee\/?s={search_term_string}\"},\"query-input\":{\"@type\":\"PropertyValueSpecification\",\"valueRequired\":true,\"valueName\":\"search_term_string\"}}],\"inLanguage\":\"ru-RU\"}]}<\/script>\n<!-- \/ Yoast SEO plugin. -->","yoast_head_json":{"title":"Hydrogel Mask N\u00e4ole Ja Kaelale - Beauty Institute","robots":{"index":"index","follow":"follow","max-snippet":"max-snippet:-1","max-image-preview":"max-image-preview:large","max-video-preview":"max-video-preview:-1"},"canonical":"https:\/\/beautyinstitute.ee\/toode\/hydrogel-mask-naole-ja-kaelale-6tk\/","og_locale":"ru_RU","og_type":"article","og_title":"Hydrogel Mask N\u00e4ole Ja Kaelale - Beauty Institute","og_description":"Kohese t\u00f5sta efektiga mask, mis j\u00e4tab naha puhtaks ja klaariks. Rahustab \u00e4rritust ja punetust, niisutab nahka intensiivselt. K\u00fcpsele ja nahale, mis on oma kontuurid kaotanud, samuti ebapuhtale ja rasusele nahale. Eelised: jahutab ja kosutab nahka, leevendab \u00e4rritust ja punetust annab nahale l\u00f5dvestunud ja elulise v\u00e4limuse Sobilik:\u00a0k\u00fcps nahk, kontuuri kadu, rasune nahk. Toimeained: kaoliin, kollageen, vitamiin [&hellip;]","og_url":"https:\/\/beautyinstitute.ee\/toode\/hydrogel-mask-naole-ja-kaelale-6tk\/","og_site_name":"Beauty Institute","article_modified_time":"2026-04-27T06:43:03+00:00","og_image":[{"width":750,"height":711,"url":"https:\/\/beautyinstitute.ee\/wp-content\/uploads\/2019\/01\/hydroge-kolmene-mask.jpg","type":"image\/jpeg"}],"twitter_card":"summary_large_image","twitter_site":"@Beauty_Eesti","twitter_misc":{"\u041f\u0440\u0438\u043c\u0435\u0440\u043d\u043e\u0435 \u0432\u0440\u0435\u043c\u044f \u0434\u043b\u044f \u0447\u0442\u0435\u043d\u0438\u044f":"1 \u043c\u0438\u043d\u0443\u0442\u0430"},"schema":{"@context":"https:\/\/schema.org","@graph":[{"@type":"WebPage","@id":"https:\/\/beautyinstitute.ee\/toode\/hydrogel-mask-naole-ja-kaelale-6tk\/","url":"https:\/\/beautyinstitute.ee\/toode\/hydrogel-mask-naole-ja-kaelale-6tk\/","name":"Hydrogel Mask N\u00e4ole Ja Kaelale - Beauty Institute","isPartOf":{"@id":"https:\/\/beautyinstitute.ee\/#website"},"primaryImageOfPage":{"@id":"https:\/\/beautyinstitute.ee\/toode\/hydrogel-mask-naole-ja-kaelale-6tk\/#primaryimage"},"image":{"@id":"https:\/\/beautyinstitute.ee\/toode\/hydrogel-mask-naole-ja-kaelale-6tk\/#primaryimage"},"thumbnailUrl":"https:\/\/beautyinstitute.ee\/wp-content\/uploads\/2019\/01\/hydroge-kolmene-mask.jpg","datePublished":"2019-01-21T10:18:40+00:00","dateModified":"2026-04-27T06:43:03+00:00","breadcrumb":{"@id":"https:\/\/beautyinstitute.ee\/toode\/hydrogel-mask-naole-ja-kaelale-6tk\/#breadcrumb"},"inLanguage":"ru-RU","potentialAction":[{"@type":"ReadAction","target":["https:\/\/beautyinstitute.ee\/toode\/hydrogel-mask-naole-ja-kaelale-6tk\/"]}]},{"@type":"ImageObject","inLanguage":"ru-RU","@id":"https:\/\/beautyinstitute.ee\/toode\/hydrogel-mask-naole-ja-kaelale-6tk\/#primaryimage","url":"https:\/\/beautyinstitute.ee\/wp-content\/uploads\/2019\/01\/hydroge-kolmene-mask.jpg","contentUrl":"https:\/\/beautyinstitute.ee\/wp-content\/uploads\/2019\/01\/hydroge-kolmene-mask.jpg","width":750,"height":711},{"@type":"BreadcrumbList","@id":"https:\/\/beautyinstitute.ee\/toode\/hydrogel-mask-naole-ja-kaelale-6tk\/#breadcrumb","itemListElement":[{"@type":"ListItem","position":1,"name":"Home","item":"https:\/\/beautyinstitute.ee\/ru\/"},{"@type":"ListItem","position":2,"name":"E-pood","item":"https:\/\/beautyinstitute.ee\/e-pood\/"},{"@type":"ListItem","position":3,"name":"Hydrogel Mask N\u00e4ole Ja Kaelale"}]},{"@type":"WebSite","@id":"https:\/\/beautyinstitute.ee\/#website","url":"https:\/\/beautyinstitute.ee\/","name":"Beauty Institute","description":"CNC Cosmetic ametlik maaletooja ja edasim\u00fc\u00fcja Eestis, Soomes, L\u00e4tis. Aparaadikosmeetika, koolitused, kosmeetikatooted.","potentialAction":[{"@type":"SearchAction","target":{"@type":"EntryPoint","urlTemplate":"https:\/\/beautyinstitute.ee\/?s={search_term_string}"},"query-input":{"@type":"PropertyValueSpecification","valueRequired":true,"valueName":"search_term_string"}}],"inLanguage":"ru-RU"}]}},"_links":{"self":[{"href":"https:\/\/beautyinstitute.ee\/ru\/wp-json\/wp\/v2\/product\/2416","targetHints":{"allow":["GET"]}}],"collection":[{"href":"https:\/\/beautyinstitute.ee\/ru\/wp-json\/wp\/v2\/product"}],"about":[{"href":"https:\/\/beautyinstitute.ee\/ru\/wp-json\/wp\/v2\/types\/product"}],"wp:featuredmedia":[{"embeddable":true,"href":"https:\/\/beautyinstitute.ee\/ru\/wp-json\/wp\/v2\/media\/11681"}],"wp:attachment":[{"href":"https:\/\/beautyinstitute.ee\/ru\/wp-json\/wp\/v2\/media?parent=2416"}],"wp:term":[{"taxonomy":"product_cat","embeddable":true,"href":"https:\/\/beautyinstitute.ee\/ru\/wp-json\/wp\/v2\/product_cat?post=2416"},{"taxonomy":"product_tag","embeddable":true,"href":"https:\/\/beautyinstitute.ee\/ru\/wp-json\/wp\/v2\/product_tag?post=2416"}],"curies":[{"name":"wp","href":"https:\/\/api.w.org\/{rel}","templated":true}]}}