{"id":2419,"date":"2019-01-21T12:22:05","date_gmt":"2019-01-21T10:22:05","guid":{"rendered":"https:\/\/beautyinstitute.ee\/?post_type=product&#038;p=2419"},"modified":"2026-04-15T10:47:46","modified_gmt":"2026-04-15T07:47:46","slug":"hydrogel-gold-lip-mask-2tk","status":"publish","type":"product","link":"https:\/\/beautyinstitute.ee\/ru\/toode\/hydrogel-gold-lip-mask-2tk\/","title":{"rendered":"Hydrogel Gold Lip Mask 2Tk"},"content":{"rendered":"<p>Hydrogel Gold Lip MaskSisaldab: Adenosini ( nahaomane DNA \u00fclesehitaja ), mis aktiveerib kollageeni s\u00fcnteesi, kaitseb rakke vananemise eest ja l\u00f5dvestab miimikalihaseid. Kollageeni , mis pinguldab, niisutab ja on nahka taastava toimega. Kuld, mis on rahustava toimega ja tagab maksimaalse s\u00e4ra. Greipfruidi ekstrakti, mis stimuleerib vereringet huultes. Peale maski kautamist on peenikesed kortsud huule\u00fcmbrusest taandunud, huuled on nooruslikult s\u00e4ravad ja toonuses.<\/p>\n<p><strong>Eelised:<\/strong><\/p>\n<ul>\n<li>24 K kuld kohese s\u00e4raefekti saamiseks<\/li>\n<li>silub ja pingutab suu \u00fcmber peeneid kortsujooni<\/li>\n<li>rahustab karedaid ja kuivi huuli koheselt ja s\u00e4\u00e4stvalt<\/li>\n<\/ul>\n<p><strong>Sobilik:\u00a0<\/strong>kuivad, karedad huuled.<\/p>\n<p><strong>Toimeained:<\/strong> adenosiin, lahustunud kollageen, taimeekstraktid (greibi ekstrakt, roosiekstrakt), 24 K kuld.<\/p>\n","protected":false},"excerpt":{"rendered":"<p>Hydrogel Gold Lip MaskSisaldab: Adenosini ( nahaomane DNA \u00fclesehitaja ), mis aktiveerib kollageeni s\u00fcnteesi, kaitseb rakke vananemise eest ja l\u00f5dvestab miimikalihaseid. Kollageeni , mis pinguldab, niisutab ja on nahka taastava toimega. Kuld, mis on rahustava toimega ja tagab maksimaalse s\u00e4ra. Greipfruidi ekstrakti, mis stimuleerib vereringet huultes. Peale maski kautamist on peenikesed kortsud huule\u00fcmbrusest taandunud, huuled [&hellip;]<\/p>\n","protected":false},"featured_media":11676,"template":"","meta":{"_acf_changed":false},"product_cat":[248,148,114],"product_tag":[],"class_list":["post-2419","product","type-product","status-publish","has-post-thumbnail","hentry","product_cat-maskid-2","product_cat-hudrogeel-tehnoloogia","product_cat-tootesarjad"],"acf":[],"yoast_head":"<!-- This site is optimized with the Yoast SEO plugin v25.4 - https:\/\/yoast.com\/wordpress\/plugins\/seo\/ -->\n<title>Hydrogel Gold Lip Mask 2Tk - Beauty Institute<\/title>\n<meta name=\"robots\" content=\"index, follow, max-snippet:-1, max-image-preview:large, max-video-preview:-1\" \/>\n<link rel=\"canonical\" href=\"https:\/\/beautyinstitute.ee\/toode\/hydrogel-gold-lip-mask-2tk\/\" \/>\n<meta property=\"og:locale\" content=\"ru_RU\" \/>\n<meta property=\"og:type\" content=\"article\" \/>\n<meta property=\"og:title\" content=\"Hydrogel Gold Lip Mask 2Tk - Beauty Institute\" \/>\n<meta property=\"og:description\" content=\"Hydrogel Gold Lip MaskSisaldab: Adenosini ( nahaomane DNA \u00fclesehitaja ), mis aktiveerib kollageeni s\u00fcnteesi, kaitseb rakke vananemise eest ja l\u00f5dvestab miimikalihaseid. Kollageeni , mis pinguldab, niisutab ja on nahka taastava toimega. Kuld, mis on rahustava toimega ja tagab maksimaalse s\u00e4ra. Greipfruidi ekstrakti, mis stimuleerib vereringet huultes. Peale maski kautamist on peenikesed kortsud huule\u00fcmbrusest taandunud, huuled [&hellip;]\" \/>\n<meta property=\"og:url\" content=\"https:\/\/beautyinstitute.ee\/toode\/hydrogel-gold-lip-mask-2tk\/\" \/>\n<meta property=\"og:site_name\" content=\"Beauty Institute\" \/>\n<meta property=\"article:modified_time\" content=\"2026-04-15T07:47:46+00:00\" \/>\n<meta name=\"twitter:card\" content=\"summary_large_image\" \/>\n<meta name=\"twitter:site\" content=\"@Beauty_Eesti\" \/>\n<script type=\"application\/ld+json\" class=\"yoast-schema-graph\">{\"@context\":\"https:\/\/schema.org\",\"@graph\":[{\"@type\":\"WebPage\",\"@id\":\"https:\/\/beautyinstitute.ee\/toode\/hydrogel-gold-lip-mask-2tk\/\",\"url\":\"https:\/\/beautyinstitute.ee\/toode\/hydrogel-gold-lip-mask-2tk\/\",\"name\":\"Hydrogel Gold Lip Mask 2Tk - Beauty Institute\",\"isPartOf\":{\"@id\":\"https:\/\/beautyinstitute.ee\/#website\"},\"primaryImageOfPage\":{\"@id\":\"https:\/\/beautyinstitute.ee\/toode\/hydrogel-gold-lip-mask-2tk\/#primaryimage\"},\"image\":{\"@id\":\"https:\/\/beautyinstitute.ee\/toode\/hydrogel-gold-lip-mask-2tk\/#primaryimage\"},\"thumbnailUrl\":\"https:\/\/beautyinstitute.ee\/wp-content\/uploads\/2019\/01\/hydrogel-gold-lip-mask.bmp\",\"datePublished\":\"2019-01-21T10:22:05+00:00\",\"dateModified\":\"2026-04-15T07:47:46+00:00\",\"breadcrumb\":{\"@id\":\"https:\/\/beautyinstitute.ee\/toode\/hydrogel-gold-lip-mask-2tk\/#breadcrumb\"},\"inLanguage\":\"ru-RU\",\"potentialAction\":[{\"@type\":\"ReadAction\",\"target\":[\"https:\/\/beautyinstitute.ee\/toode\/hydrogel-gold-lip-mask-2tk\/\"]}]},{\"@type\":\"ImageObject\",\"inLanguage\":\"ru-RU\",\"@id\":\"https:\/\/beautyinstitute.ee\/toode\/hydrogel-gold-lip-mask-2tk\/#primaryimage\",\"url\":\"https:\/\/beautyinstitute.ee\/wp-content\/uploads\/2019\/01\/hydrogel-gold-lip-mask.bmp\",\"contentUrl\":\"https:\/\/beautyinstitute.ee\/wp-content\/uploads\/2019\/01\/hydrogel-gold-lip-mask.bmp\",\"width\":217,\"height\":192},{\"@type\":\"BreadcrumbList\",\"@id\":\"https:\/\/beautyinstitute.ee\/toode\/hydrogel-gold-lip-mask-2tk\/#breadcrumb\",\"itemListElement\":[{\"@type\":\"ListItem\",\"position\":1,\"name\":\"Home\",\"item\":\"https:\/\/beautyinstitute.ee\/ru\/\"},{\"@type\":\"ListItem\",\"position\":2,\"name\":\"E-pood\",\"item\":\"https:\/\/beautyinstitute.ee\/e-pood\/\"},{\"@type\":\"ListItem\",\"position\":3,\"name\":\"Hydrogel Gold Lip Mask 2Tk\"}]},{\"@type\":\"WebSite\",\"@id\":\"https:\/\/beautyinstitute.ee\/#website\",\"url\":\"https:\/\/beautyinstitute.ee\/\",\"name\":\"Beauty Institute\",\"description\":\"CNC Cosmetic ametlik maaletooja ja edasim\u00fc\u00fcja Eestis, Soomes, L\u00e4tis. Aparaadikosmeetika, koolitused, kosmeetikatooted.\",\"potentialAction\":[{\"@type\":\"SearchAction\",\"target\":{\"@type\":\"EntryPoint\",\"urlTemplate\":\"https:\/\/beautyinstitute.ee\/?s={search_term_string}\"},\"query-input\":{\"@type\":\"PropertyValueSpecification\",\"valueRequired\":true,\"valueName\":\"search_term_string\"}}],\"inLanguage\":\"ru-RU\"}]}<\/script>\n<!-- \/ Yoast SEO plugin. -->","yoast_head_json":{"title":"Hydrogel Gold Lip Mask 2Tk - Beauty Institute","robots":{"index":"index","follow":"follow","max-snippet":"max-snippet:-1","max-image-preview":"max-image-preview:large","max-video-preview":"max-video-preview:-1"},"canonical":"https:\/\/beautyinstitute.ee\/toode\/hydrogel-gold-lip-mask-2tk\/","og_locale":"ru_RU","og_type":"article","og_title":"Hydrogel Gold Lip Mask 2Tk - Beauty Institute","og_description":"Hydrogel Gold Lip MaskSisaldab: Adenosini ( nahaomane DNA \u00fclesehitaja ), mis aktiveerib kollageeni s\u00fcnteesi, kaitseb rakke vananemise eest ja l\u00f5dvestab miimikalihaseid. Kollageeni , mis pinguldab, niisutab ja on nahka taastava toimega. Kuld, mis on rahustava toimega ja tagab maksimaalse s\u00e4ra. Greipfruidi ekstrakti, mis stimuleerib vereringet huultes. Peale maski kautamist on peenikesed kortsud huule\u00fcmbrusest taandunud, huuled [&hellip;]","og_url":"https:\/\/beautyinstitute.ee\/toode\/hydrogel-gold-lip-mask-2tk\/","og_site_name":"Beauty Institute","article_modified_time":"2026-04-15T07:47:46+00:00","twitter_card":"summary_large_image","twitter_site":"@Beauty_Eesti","schema":{"@context":"https:\/\/schema.org","@graph":[{"@type":"WebPage","@id":"https:\/\/beautyinstitute.ee\/toode\/hydrogel-gold-lip-mask-2tk\/","url":"https:\/\/beautyinstitute.ee\/toode\/hydrogel-gold-lip-mask-2tk\/","name":"Hydrogel Gold Lip Mask 2Tk - Beauty Institute","isPartOf":{"@id":"https:\/\/beautyinstitute.ee\/#website"},"primaryImageOfPage":{"@id":"https:\/\/beautyinstitute.ee\/toode\/hydrogel-gold-lip-mask-2tk\/#primaryimage"},"image":{"@id":"https:\/\/beautyinstitute.ee\/toode\/hydrogel-gold-lip-mask-2tk\/#primaryimage"},"thumbnailUrl":"https:\/\/beautyinstitute.ee\/wp-content\/uploads\/2019\/01\/hydrogel-gold-lip-mask.bmp","datePublished":"2019-01-21T10:22:05+00:00","dateModified":"2026-04-15T07:47:46+00:00","breadcrumb":{"@id":"https:\/\/beautyinstitute.ee\/toode\/hydrogel-gold-lip-mask-2tk\/#breadcrumb"},"inLanguage":"ru-RU","potentialAction":[{"@type":"ReadAction","target":["https:\/\/beautyinstitute.ee\/toode\/hydrogel-gold-lip-mask-2tk\/"]}]},{"@type":"ImageObject","inLanguage":"ru-RU","@id":"https:\/\/beautyinstitute.ee\/toode\/hydrogel-gold-lip-mask-2tk\/#primaryimage","url":"https:\/\/beautyinstitute.ee\/wp-content\/uploads\/2019\/01\/hydrogel-gold-lip-mask.bmp","contentUrl":"https:\/\/beautyinstitute.ee\/wp-content\/uploads\/2019\/01\/hydrogel-gold-lip-mask.bmp","width":217,"height":192},{"@type":"BreadcrumbList","@id":"https:\/\/beautyinstitute.ee\/toode\/hydrogel-gold-lip-mask-2tk\/#breadcrumb","itemListElement":[{"@type":"ListItem","position":1,"name":"Home","item":"https:\/\/beautyinstitute.ee\/ru\/"},{"@type":"ListItem","position":2,"name":"E-pood","item":"https:\/\/beautyinstitute.ee\/e-pood\/"},{"@type":"ListItem","position":3,"name":"Hydrogel Gold Lip Mask 2Tk"}]},{"@type":"WebSite","@id":"https:\/\/beautyinstitute.ee\/#website","url":"https:\/\/beautyinstitute.ee\/","name":"Beauty Institute","description":"CNC Cosmetic ametlik maaletooja ja edasim\u00fc\u00fcja Eestis, Soomes, L\u00e4tis. Aparaadikosmeetika, koolitused, kosmeetikatooted.","potentialAction":[{"@type":"SearchAction","target":{"@type":"EntryPoint","urlTemplate":"https:\/\/beautyinstitute.ee\/?s={search_term_string}"},"query-input":{"@type":"PropertyValueSpecification","valueRequired":true,"valueName":"search_term_string"}}],"inLanguage":"ru-RU"}]}},"_links":{"self":[{"href":"https:\/\/beautyinstitute.ee\/ru\/wp-json\/wp\/v2\/product\/2419","targetHints":{"allow":["GET"]}}],"collection":[{"href":"https:\/\/beautyinstitute.ee\/ru\/wp-json\/wp\/v2\/product"}],"about":[{"href":"https:\/\/beautyinstitute.ee\/ru\/wp-json\/wp\/v2\/types\/product"}],"wp:featuredmedia":[{"embeddable":true,"href":"https:\/\/beautyinstitute.ee\/ru\/wp-json\/wp\/v2\/media\/11676"}],"wp:attachment":[{"href":"https:\/\/beautyinstitute.ee\/ru\/wp-json\/wp\/v2\/media?parent=2419"}],"wp:term":[{"taxonomy":"product_cat","embeddable":true,"href":"https:\/\/beautyinstitute.ee\/ru\/wp-json\/wp\/v2\/product_cat?post=2419"},{"taxonomy":"product_tag","embeddable":true,"href":"https:\/\/beautyinstitute.ee\/ru\/wp-json\/wp\/v2\/product_tag?post=2419"}],"curies":[{"name":"wp","href":"https:\/\/api.w.org\/{rel}","templated":true}]}}