{"id":2427,"date":"2019-01-21T12:32:01","date_gmt":"2019-01-21T10:32:01","guid":{"rendered":"https:\/\/beautyinstitute.ee\/?post_type=product&#038;p=2427"},"modified":"2026-04-22T13:47:33","modified_gmt":"2026-04-22T10:47:33","slug":"pure-collagen-10-tk","status":"publish","type":"product","link":"https:\/\/beautyinstitute.ee\/ru\/toode\/pure-collagen-10-tk\/","title":{"rendered":"Pure Collagen 1 Tk"},"content":{"rendered":"<p>Matricol maskides sisaldub k\u00f5rgmolekulaarne kollageen, mis on pulbristatud ja pressitud lehtedeks. Eelnevalt on mereline kollageen s\u00fcgavk\u00fclmutatud. \u00dclit\u00f5hus mask annab kohese tulemuse. Tugevdab maatriksit, seob kollageenikiudu ja taastab naha v\u00e4limust. V\u00e4ikesed kortsukesed kaovad silmn\u00e4htavalt, nahk tundub sile ja pringim. Mask kantakse n\u00e4ole toonikuga pintseldades v\u00f5i spreiga pihustades. Kaetakse soojade r\u00e4ttidega ja hoitakse peal 20 minutit.<\/p>\n<p>Taastav ja naha struktuuri tugevdav ja parandav mask . Ideaalne l\u00f5tvunud v\u00f5i kuperoose naha raviks.<\/p>\n<p><strong>Eelised:<\/strong><\/p>\n<ul>\n<li>sujuvad kontuurid<\/li>\n<li>v\u00e4hendab kortse<\/li>\n<li>parandab kuperoosi v\u00e4limust<\/li>\n<\/ul>\n<p><strong>Sobilik:<\/strong> k\u00fcps nahk, mis vajab taastumist, naha l\u00f5tvumine, kuperoosa.<\/p>\n","protected":false},"excerpt":{"rendered":"<p>Matricol maskides sisaldub k\u00f5rgmolekulaarne kollageen, mis on pulbristatud ja pressitud lehtedeks. Eelnevalt on mereline kollageen s\u00fcgavk\u00fclmutatud. \u00dclit\u00f5hus mask annab kohese tulemuse. Tugevdab maatriksit, seob kollageenikiudu ja taastab naha v\u00e4limust. V\u00e4ikesed kortsukesed kaovad silmn\u00e4htavalt, nahk tundub sile ja pringim. Mask kantakse n\u00e4ole toonikuga pintseldades v\u00f5i spreiga pihustades. Kaetakse soojade r\u00e4ttidega ja hoitakse peal 20 minutit. Taastav [&hellip;]<\/p>\n","protected":false},"featured_media":11670,"template":"","meta":{"_acf_changed":false},"product_cat":[248,272,114],"product_tag":[],"class_list":["post-2427","product","type-product","status-publish","has-post-thumbnail","hentry","product_cat-maskid-2","product_cat-kollageenimaskid","product_cat-tootesarjad"],"acf":[],"yoast_head":"<!-- This site is optimized with the Yoast SEO plugin v25.4 - https:\/\/yoast.com\/wordpress\/plugins\/seo\/ -->\n<title>Pure Collagen 1 Tk - Beauty Institute<\/title>\n<meta name=\"robots\" content=\"index, follow, max-snippet:-1, max-image-preview:large, max-video-preview:-1\" \/>\n<link rel=\"canonical\" href=\"https:\/\/beautyinstitute.ee\/toode\/pure-collagen-10-tk\/\" \/>\n<meta property=\"og:locale\" content=\"ru_RU\" \/>\n<meta property=\"og:type\" content=\"article\" \/>\n<meta property=\"og:title\" content=\"Pure Collagen 1 Tk - Beauty Institute\" \/>\n<meta property=\"og:description\" content=\"Matricol maskides sisaldub k\u00f5rgmolekulaarne kollageen, mis on pulbristatud ja pressitud lehtedeks. Eelnevalt on mereline kollageen s\u00fcgavk\u00fclmutatud. \u00dclit\u00f5hus mask annab kohese tulemuse. Tugevdab maatriksit, seob kollageenikiudu ja taastab naha v\u00e4limust. V\u00e4ikesed kortsukesed kaovad silmn\u00e4htavalt, nahk tundub sile ja pringim. Mask kantakse n\u00e4ole toonikuga pintseldades v\u00f5i spreiga pihustades. Kaetakse soojade r\u00e4ttidega ja hoitakse peal 20 minutit. Taastav [&hellip;]\" \/>\n<meta property=\"og:url\" content=\"https:\/\/beautyinstitute.ee\/toode\/pure-collagen-10-tk\/\" \/>\n<meta property=\"og:site_name\" content=\"Beauty Institute\" \/>\n<meta property=\"article:modified_time\" content=\"2026-04-22T10:47:33+00:00\" \/>\n<meta property=\"og:image\" content=\"https:\/\/beautyinstitute.ee\/wp-content\/uploads\/2019\/01\/collagen-vaike-2.jpg\" \/>\n\t<meta property=\"og:image:width\" content=\"2480\" \/>\n\t<meta property=\"og:image:height\" content=\"2477\" \/>\n\t<meta property=\"og:image:type\" content=\"image\/jpeg\" \/>\n<meta name=\"twitter:card\" content=\"summary_large_image\" \/>\n<meta name=\"twitter:site\" content=\"@Beauty_Eesti\" \/>\n<meta name=\"twitter:label1\" content=\"\u041f\u0440\u0438\u043c\u0435\u0440\u043d\u043e\u0435 \u0432\u0440\u0435\u043c\u044f \u0434\u043b\u044f \u0447\u0442\u0435\u043d\u0438\u044f\" \/>\n\t<meta name=\"twitter:data1\" content=\"1 \u043c\u0438\u043d\u0443\u0442\u0430\" \/>\n<script type=\"application\/ld+json\" class=\"yoast-schema-graph\">{\"@context\":\"https:\/\/schema.org\",\"@graph\":[{\"@type\":\"WebPage\",\"@id\":\"https:\/\/beautyinstitute.ee\/toode\/pure-collagen-10-tk\/\",\"url\":\"https:\/\/beautyinstitute.ee\/toode\/pure-collagen-10-tk\/\",\"name\":\"Pure Collagen 1 Tk - Beauty Institute\",\"isPartOf\":{\"@id\":\"https:\/\/beautyinstitute.ee\/#website\"},\"primaryImageOfPage\":{\"@id\":\"https:\/\/beautyinstitute.ee\/toode\/pure-collagen-10-tk\/#primaryimage\"},\"image\":{\"@id\":\"https:\/\/beautyinstitute.ee\/toode\/pure-collagen-10-tk\/#primaryimage\"},\"thumbnailUrl\":\"https:\/\/beautyinstitute.ee\/wp-content\/uploads\/2019\/01\/collagen-vaike-2.jpg\",\"datePublished\":\"2019-01-21T10:32:01+00:00\",\"dateModified\":\"2026-04-22T10:47:33+00:00\",\"breadcrumb\":{\"@id\":\"https:\/\/beautyinstitute.ee\/toode\/pure-collagen-10-tk\/#breadcrumb\"},\"inLanguage\":\"ru-RU\",\"potentialAction\":[{\"@type\":\"ReadAction\",\"target\":[\"https:\/\/beautyinstitute.ee\/toode\/pure-collagen-10-tk\/\"]}]},{\"@type\":\"ImageObject\",\"inLanguage\":\"ru-RU\",\"@id\":\"https:\/\/beautyinstitute.ee\/toode\/pure-collagen-10-tk\/#primaryimage\",\"url\":\"https:\/\/beautyinstitute.ee\/wp-content\/uploads\/2019\/01\/collagen-vaike-2.jpg\",\"contentUrl\":\"https:\/\/beautyinstitute.ee\/wp-content\/uploads\/2019\/01\/collagen-vaike-2.jpg\",\"width\":2480,\"height\":2477},{\"@type\":\"BreadcrumbList\",\"@id\":\"https:\/\/beautyinstitute.ee\/toode\/pure-collagen-10-tk\/#breadcrumb\",\"itemListElement\":[{\"@type\":\"ListItem\",\"position\":1,\"name\":\"Home\",\"item\":\"https:\/\/beautyinstitute.ee\/ru\/\"},{\"@type\":\"ListItem\",\"position\":2,\"name\":\"E-pood\",\"item\":\"https:\/\/beautyinstitute.ee\/e-pood\/\"},{\"@type\":\"ListItem\",\"position\":3,\"name\":\"Pure Collagen 1 Tk\"}]},{\"@type\":\"WebSite\",\"@id\":\"https:\/\/beautyinstitute.ee\/#website\",\"url\":\"https:\/\/beautyinstitute.ee\/\",\"name\":\"Beauty Institute\",\"description\":\"CNC Cosmetic ametlik maaletooja ja edasim\u00fc\u00fcja Eestis, Soomes, L\u00e4tis. Aparaadikosmeetika, koolitused, kosmeetikatooted.\",\"potentialAction\":[{\"@type\":\"SearchAction\",\"target\":{\"@type\":\"EntryPoint\",\"urlTemplate\":\"https:\/\/beautyinstitute.ee\/?s={search_term_string}\"},\"query-input\":{\"@type\":\"PropertyValueSpecification\",\"valueRequired\":true,\"valueName\":\"search_term_string\"}}],\"inLanguage\":\"ru-RU\"}]}<\/script>\n<!-- \/ Yoast SEO plugin. -->","yoast_head_json":{"title":"Pure Collagen 1 Tk - Beauty Institute","robots":{"index":"index","follow":"follow","max-snippet":"max-snippet:-1","max-image-preview":"max-image-preview:large","max-video-preview":"max-video-preview:-1"},"canonical":"https:\/\/beautyinstitute.ee\/toode\/pure-collagen-10-tk\/","og_locale":"ru_RU","og_type":"article","og_title":"Pure Collagen 1 Tk - Beauty Institute","og_description":"Matricol maskides sisaldub k\u00f5rgmolekulaarne kollageen, mis on pulbristatud ja pressitud lehtedeks. Eelnevalt on mereline kollageen s\u00fcgavk\u00fclmutatud. \u00dclit\u00f5hus mask annab kohese tulemuse. Tugevdab maatriksit, seob kollageenikiudu ja taastab naha v\u00e4limust. V\u00e4ikesed kortsukesed kaovad silmn\u00e4htavalt, nahk tundub sile ja pringim. Mask kantakse n\u00e4ole toonikuga pintseldades v\u00f5i spreiga pihustades. Kaetakse soojade r\u00e4ttidega ja hoitakse peal 20 minutit. Taastav [&hellip;]","og_url":"https:\/\/beautyinstitute.ee\/toode\/pure-collagen-10-tk\/","og_site_name":"Beauty Institute","article_modified_time":"2026-04-22T10:47:33+00:00","og_image":[{"width":2480,"height":2477,"url":"https:\/\/beautyinstitute.ee\/wp-content\/uploads\/2019\/01\/collagen-vaike-2.jpg","type":"image\/jpeg"}],"twitter_card":"summary_large_image","twitter_site":"@Beauty_Eesti","twitter_misc":{"\u041f\u0440\u0438\u043c\u0435\u0440\u043d\u043e\u0435 \u0432\u0440\u0435\u043c\u044f \u0434\u043b\u044f \u0447\u0442\u0435\u043d\u0438\u044f":"1 \u043c\u0438\u043d\u0443\u0442\u0430"},"schema":{"@context":"https:\/\/schema.org","@graph":[{"@type":"WebPage","@id":"https:\/\/beautyinstitute.ee\/toode\/pure-collagen-10-tk\/","url":"https:\/\/beautyinstitute.ee\/toode\/pure-collagen-10-tk\/","name":"Pure Collagen 1 Tk - Beauty Institute","isPartOf":{"@id":"https:\/\/beautyinstitute.ee\/#website"},"primaryImageOfPage":{"@id":"https:\/\/beautyinstitute.ee\/toode\/pure-collagen-10-tk\/#primaryimage"},"image":{"@id":"https:\/\/beautyinstitute.ee\/toode\/pure-collagen-10-tk\/#primaryimage"},"thumbnailUrl":"https:\/\/beautyinstitute.ee\/wp-content\/uploads\/2019\/01\/collagen-vaike-2.jpg","datePublished":"2019-01-21T10:32:01+00:00","dateModified":"2026-04-22T10:47:33+00:00","breadcrumb":{"@id":"https:\/\/beautyinstitute.ee\/toode\/pure-collagen-10-tk\/#breadcrumb"},"inLanguage":"ru-RU","potentialAction":[{"@type":"ReadAction","target":["https:\/\/beautyinstitute.ee\/toode\/pure-collagen-10-tk\/"]}]},{"@type":"ImageObject","inLanguage":"ru-RU","@id":"https:\/\/beautyinstitute.ee\/toode\/pure-collagen-10-tk\/#primaryimage","url":"https:\/\/beautyinstitute.ee\/wp-content\/uploads\/2019\/01\/collagen-vaike-2.jpg","contentUrl":"https:\/\/beautyinstitute.ee\/wp-content\/uploads\/2019\/01\/collagen-vaike-2.jpg","width":2480,"height":2477},{"@type":"BreadcrumbList","@id":"https:\/\/beautyinstitute.ee\/toode\/pure-collagen-10-tk\/#breadcrumb","itemListElement":[{"@type":"ListItem","position":1,"name":"Home","item":"https:\/\/beautyinstitute.ee\/ru\/"},{"@type":"ListItem","position":2,"name":"E-pood","item":"https:\/\/beautyinstitute.ee\/e-pood\/"},{"@type":"ListItem","position":3,"name":"Pure Collagen 1 Tk"}]},{"@type":"WebSite","@id":"https:\/\/beautyinstitute.ee\/#website","url":"https:\/\/beautyinstitute.ee\/","name":"Beauty Institute","description":"CNC Cosmetic ametlik maaletooja ja edasim\u00fc\u00fcja Eestis, Soomes, L\u00e4tis. Aparaadikosmeetika, koolitused, kosmeetikatooted.","potentialAction":[{"@type":"SearchAction","target":{"@type":"EntryPoint","urlTemplate":"https:\/\/beautyinstitute.ee\/?s={search_term_string}"},"query-input":{"@type":"PropertyValueSpecification","valueRequired":true,"valueName":"search_term_string"}}],"inLanguage":"ru-RU"}]}},"_links":{"self":[{"href":"https:\/\/beautyinstitute.ee\/ru\/wp-json\/wp\/v2\/product\/2427","targetHints":{"allow":["GET"]}}],"collection":[{"href":"https:\/\/beautyinstitute.ee\/ru\/wp-json\/wp\/v2\/product"}],"about":[{"href":"https:\/\/beautyinstitute.ee\/ru\/wp-json\/wp\/v2\/types\/product"}],"wp:featuredmedia":[{"embeddable":true,"href":"https:\/\/beautyinstitute.ee\/ru\/wp-json\/wp\/v2\/media\/11670"}],"wp:attachment":[{"href":"https:\/\/beautyinstitute.ee\/ru\/wp-json\/wp\/v2\/media?parent=2427"}],"wp:term":[{"taxonomy":"product_cat","embeddable":true,"href":"https:\/\/beautyinstitute.ee\/ru\/wp-json\/wp\/v2\/product_cat?post=2427"},{"taxonomy":"product_tag","embeddable":true,"href":"https:\/\/beautyinstitute.ee\/ru\/wp-json\/wp\/v2\/product_tag?post=2427"}],"curies":[{"name":"wp","href":"https:\/\/api.w.org\/{rel}","templated":true}]}}