{"id":24391,"date":"2023-08-02T14:06:20","date_gmt":"2023-08-02T11:06:20","guid":{"rendered":"https:\/\/beautyinstitute.ee\/?post_type=product&#038;p=24391"},"modified":"2026-02-27T10:46:13","modified_gmt":"2026-02-27T08:46:13","slug":"mask-kuivale-ja-tundlikule-nahale-150ml-baehr","status":"publish","type":"product","link":"https:\/\/beautyinstitute.ee\/ru\/toode\/mask-kuivale-ja-tundlikule-nahale-150ml-baehr\/","title":{"rendered":"Mask Kuivale Ja Tundlikule Nahale 150Ml"},"content":{"rendered":"<p>Rikkalik kreem-mask n\u00e4ole on optimaalselt sobitatud kuivale ja tundlikule nahale. Tagab t\u00e4iusliku hoolduse, v\u00e4rskendatud, l\u00f5\u00f5gastunud ja kaitstud naha t\u00e4nu sheav\u00f5ile ja magusmandli \u00f5lile.\u00a0Sobib eriti h\u00e4sti tundlikule ja punetavale nahale.<\/p>\n<p>Aloe vera, letsitiini ja sarapuup\u00e4hkli lehtedest saadud flavonoidide toimeainekompleks annab nahale siidiselt pehme heaolutunde. \u00a0Mask on\u00a0ilma l\u00f5hnaaineteta.<\/p>\n<p><strong>Kasutamine:<\/strong> Kandke paks kiht kreem-maski puhastatud nahale (n\u00e4ole ja kaelale). J\u00e4tke nahale 10-15 minutiks. Puhastage \u00fclej\u00e4\u00e4k niiske k\u00e4snaga.<\/p>\n","protected":false},"excerpt":{"rendered":"<p>Rikkalik kreem-mask n\u00e4ole on optimaalselt sobitatud kuivale ja tundlikule nahale. Tagab t\u00e4iusliku hoolduse, v\u00e4rskendatud, l\u00f5\u00f5gastunud ja kaitstud naha t\u00e4nu sheav\u00f5ile ja magusmandli \u00f5lile.\u00a0Sobib eriti h\u00e4sti tundlikule ja punetavale nahale. Aloe vera, letsitiini ja sarapuup\u00e4hkli lehtedest saadud flavonoidide toimeainekompleks annab nahale siidiselt pehme heaolutunde. \u00a0Mask on\u00a0ilma l\u00f5hnaaineteta. Kasutamine: Kandke paks kiht kreem-maski puhastatud nahale (n\u00e4ole ja [&hellip;]<\/p>\n","protected":false},"featured_media":24392,"template":"","meta":{"_acf_changed":false},"product_cat":[291,248,147],"product_tag":[],"class_list":["post-24391","product","type-product","status-publish","has-post-thumbnail","hentry","product_cat-baehr-cosmetic","product_cat-maskid-2","product_cat-kreemmaskid"],"acf":[],"yoast_head":"<!-- This site is optimized with the Yoast SEO plugin v25.4 - https:\/\/yoast.com\/wordpress\/plugins\/seo\/ -->\n<title>Mask Kuivale Ja Tundlikule Nahale 150Ml - Beauty Institute<\/title>\n<meta name=\"robots\" content=\"index, follow, max-snippet:-1, max-image-preview:large, max-video-preview:-1\" \/>\n<link rel=\"canonical\" href=\"https:\/\/beautyinstitute.ee\/toode\/mask-kuivale-ja-tundlikule-nahale-150ml-baehr\/\" \/>\n<meta property=\"og:locale\" content=\"ru_RU\" \/>\n<meta property=\"og:type\" content=\"article\" \/>\n<meta property=\"og:title\" content=\"Mask Kuivale Ja Tundlikule Nahale 150Ml - Beauty Institute\" \/>\n<meta property=\"og:description\" content=\"Rikkalik kreem-mask n\u00e4ole on optimaalselt sobitatud kuivale ja tundlikule nahale. Tagab t\u00e4iusliku hoolduse, v\u00e4rskendatud, l\u00f5\u00f5gastunud ja kaitstud naha t\u00e4nu sheav\u00f5ile ja magusmandli \u00f5lile.\u00a0Sobib eriti h\u00e4sti tundlikule ja punetavale nahale. Aloe vera, letsitiini ja sarapuup\u00e4hkli lehtedest saadud flavonoidide toimeainekompleks annab nahale siidiselt pehme heaolutunde. \u00a0Mask on\u00a0ilma l\u00f5hnaaineteta. Kasutamine: Kandke paks kiht kreem-maski puhastatud nahale (n\u00e4ole ja [&hellip;]\" \/>\n<meta property=\"og:url\" content=\"https:\/\/beautyinstitute.ee\/toode\/mask-kuivale-ja-tundlikule-nahale-150ml-baehr\/\" \/>\n<meta property=\"og:site_name\" content=\"Beauty Institute\" \/>\n<meta property=\"article:modified_time\" content=\"2026-02-27T08:46:13+00:00\" \/>\n<meta property=\"og:image\" content=\"https:\/\/beautyinstitute.ee\/wp-content\/uploads\/2023\/08\/maske-trockene-und-sensible-haut_25155_1280x1280@2x.png\" \/>\n\t<meta property=\"og:image:width\" content=\"2560\" \/>\n\t<meta property=\"og:image:height\" content=\"2560\" \/>\n\t<meta property=\"og:image:type\" content=\"image\/png\" \/>\n<meta name=\"twitter:card\" content=\"summary_large_image\" \/>\n<meta name=\"twitter:site\" content=\"@Beauty_Eesti\" \/>\n<meta name=\"twitter:label1\" content=\"\u041f\u0440\u0438\u043c\u0435\u0440\u043d\u043e\u0435 \u0432\u0440\u0435\u043c\u044f \u0434\u043b\u044f \u0447\u0442\u0435\u043d\u0438\u044f\" \/>\n\t<meta name=\"twitter:data1\" content=\"1 \u043c\u0438\u043d\u0443\u0442\u0430\" \/>\n<script type=\"application\/ld+json\" class=\"yoast-schema-graph\">{\"@context\":\"https:\/\/schema.org\",\"@graph\":[{\"@type\":\"WebPage\",\"@id\":\"https:\/\/beautyinstitute.ee\/toode\/mask-kuivale-ja-tundlikule-nahale-150ml-baehr\/\",\"url\":\"https:\/\/beautyinstitute.ee\/toode\/mask-kuivale-ja-tundlikule-nahale-150ml-baehr\/\",\"name\":\"Mask Kuivale Ja Tundlikule Nahale 150Ml - Beauty Institute\",\"isPartOf\":{\"@id\":\"https:\/\/beautyinstitute.ee\/#website\"},\"primaryImageOfPage\":{\"@id\":\"https:\/\/beautyinstitute.ee\/toode\/mask-kuivale-ja-tundlikule-nahale-150ml-baehr\/#primaryimage\"},\"image\":{\"@id\":\"https:\/\/beautyinstitute.ee\/toode\/mask-kuivale-ja-tundlikule-nahale-150ml-baehr\/#primaryimage\"},\"thumbnailUrl\":\"https:\/\/beautyinstitute.ee\/wp-content\/uploads\/2023\/08\/maske-trockene-und-sensible-haut_25155_1280x1280@2x.png\",\"datePublished\":\"2023-08-02T11:06:20+00:00\",\"dateModified\":\"2026-02-27T08:46:13+00:00\",\"breadcrumb\":{\"@id\":\"https:\/\/beautyinstitute.ee\/toode\/mask-kuivale-ja-tundlikule-nahale-150ml-baehr\/#breadcrumb\"},\"inLanguage\":\"ru-RU\",\"potentialAction\":[{\"@type\":\"ReadAction\",\"target\":[\"https:\/\/beautyinstitute.ee\/toode\/mask-kuivale-ja-tundlikule-nahale-150ml-baehr\/\"]}]},{\"@type\":\"ImageObject\",\"inLanguage\":\"ru-RU\",\"@id\":\"https:\/\/beautyinstitute.ee\/toode\/mask-kuivale-ja-tundlikule-nahale-150ml-baehr\/#primaryimage\",\"url\":\"https:\/\/beautyinstitute.ee\/wp-content\/uploads\/2023\/08\/maske-trockene-und-sensible-haut_25155_1280x1280@2x.png\",\"contentUrl\":\"https:\/\/beautyinstitute.ee\/wp-content\/uploads\/2023\/08\/maske-trockene-und-sensible-haut_25155_1280x1280@2x.png\",\"width\":2560,\"height\":2560},{\"@type\":\"BreadcrumbList\",\"@id\":\"https:\/\/beautyinstitute.ee\/toode\/mask-kuivale-ja-tundlikule-nahale-150ml-baehr\/#breadcrumb\",\"itemListElement\":[{\"@type\":\"ListItem\",\"position\":1,\"name\":\"Home\",\"item\":\"https:\/\/beautyinstitute.ee\/ru\/\"},{\"@type\":\"ListItem\",\"position\":2,\"name\":\"E-pood\",\"item\":\"https:\/\/beautyinstitute.ee\/e-pood\/\"},{\"@type\":\"ListItem\",\"position\":3,\"name\":\"Mask Kuivale Ja Tundlikule Nahale 150Ml\"}]},{\"@type\":\"WebSite\",\"@id\":\"https:\/\/beautyinstitute.ee\/#website\",\"url\":\"https:\/\/beautyinstitute.ee\/\",\"name\":\"Beauty Institute\",\"description\":\"CNC Cosmetic ametlik maaletooja ja edasim\u00fc\u00fcja Eestis, Soomes, L\u00e4tis. Aparaadikosmeetika, koolitused, kosmeetikatooted.\",\"potentialAction\":[{\"@type\":\"SearchAction\",\"target\":{\"@type\":\"EntryPoint\",\"urlTemplate\":\"https:\/\/beautyinstitute.ee\/?s={search_term_string}\"},\"query-input\":{\"@type\":\"PropertyValueSpecification\",\"valueRequired\":true,\"valueName\":\"search_term_string\"}}],\"inLanguage\":\"ru-RU\"}]}<\/script>\n<!-- \/ Yoast SEO plugin. -->","yoast_head_json":{"title":"Mask Kuivale Ja Tundlikule Nahale 150Ml - Beauty Institute","robots":{"index":"index","follow":"follow","max-snippet":"max-snippet:-1","max-image-preview":"max-image-preview:large","max-video-preview":"max-video-preview:-1"},"canonical":"https:\/\/beautyinstitute.ee\/toode\/mask-kuivale-ja-tundlikule-nahale-150ml-baehr\/","og_locale":"ru_RU","og_type":"article","og_title":"Mask Kuivale Ja Tundlikule Nahale 150Ml - Beauty Institute","og_description":"Rikkalik kreem-mask n\u00e4ole on optimaalselt sobitatud kuivale ja tundlikule nahale. Tagab t\u00e4iusliku hoolduse, v\u00e4rskendatud, l\u00f5\u00f5gastunud ja kaitstud naha t\u00e4nu sheav\u00f5ile ja magusmandli \u00f5lile.\u00a0Sobib eriti h\u00e4sti tundlikule ja punetavale nahale. Aloe vera, letsitiini ja sarapuup\u00e4hkli lehtedest saadud flavonoidide toimeainekompleks annab nahale siidiselt pehme heaolutunde. \u00a0Mask on\u00a0ilma l\u00f5hnaaineteta. Kasutamine: Kandke paks kiht kreem-maski puhastatud nahale (n\u00e4ole ja [&hellip;]","og_url":"https:\/\/beautyinstitute.ee\/toode\/mask-kuivale-ja-tundlikule-nahale-150ml-baehr\/","og_site_name":"Beauty Institute","article_modified_time":"2026-02-27T08:46:13+00:00","og_image":[{"width":2560,"height":2560,"url":"https:\/\/beautyinstitute.ee\/wp-content\/uploads\/2023\/08\/maske-trockene-und-sensible-haut_25155_1280x1280@2x.png","type":"image\/png"}],"twitter_card":"summary_large_image","twitter_site":"@Beauty_Eesti","twitter_misc":{"\u041f\u0440\u0438\u043c\u0435\u0440\u043d\u043e\u0435 \u0432\u0440\u0435\u043c\u044f \u0434\u043b\u044f \u0447\u0442\u0435\u043d\u0438\u044f":"1 \u043c\u0438\u043d\u0443\u0442\u0430"},"schema":{"@context":"https:\/\/schema.org","@graph":[{"@type":"WebPage","@id":"https:\/\/beautyinstitute.ee\/toode\/mask-kuivale-ja-tundlikule-nahale-150ml-baehr\/","url":"https:\/\/beautyinstitute.ee\/toode\/mask-kuivale-ja-tundlikule-nahale-150ml-baehr\/","name":"Mask Kuivale Ja Tundlikule Nahale 150Ml - Beauty Institute","isPartOf":{"@id":"https:\/\/beautyinstitute.ee\/#website"},"primaryImageOfPage":{"@id":"https:\/\/beautyinstitute.ee\/toode\/mask-kuivale-ja-tundlikule-nahale-150ml-baehr\/#primaryimage"},"image":{"@id":"https:\/\/beautyinstitute.ee\/toode\/mask-kuivale-ja-tundlikule-nahale-150ml-baehr\/#primaryimage"},"thumbnailUrl":"https:\/\/beautyinstitute.ee\/wp-content\/uploads\/2023\/08\/maske-trockene-und-sensible-haut_25155_1280x1280@2x.png","datePublished":"2023-08-02T11:06:20+00:00","dateModified":"2026-02-27T08:46:13+00:00","breadcrumb":{"@id":"https:\/\/beautyinstitute.ee\/toode\/mask-kuivale-ja-tundlikule-nahale-150ml-baehr\/#breadcrumb"},"inLanguage":"ru-RU","potentialAction":[{"@type":"ReadAction","target":["https:\/\/beautyinstitute.ee\/toode\/mask-kuivale-ja-tundlikule-nahale-150ml-baehr\/"]}]},{"@type":"ImageObject","inLanguage":"ru-RU","@id":"https:\/\/beautyinstitute.ee\/toode\/mask-kuivale-ja-tundlikule-nahale-150ml-baehr\/#primaryimage","url":"https:\/\/beautyinstitute.ee\/wp-content\/uploads\/2023\/08\/maske-trockene-und-sensible-haut_25155_1280x1280@2x.png","contentUrl":"https:\/\/beautyinstitute.ee\/wp-content\/uploads\/2023\/08\/maske-trockene-und-sensible-haut_25155_1280x1280@2x.png","width":2560,"height":2560},{"@type":"BreadcrumbList","@id":"https:\/\/beautyinstitute.ee\/toode\/mask-kuivale-ja-tundlikule-nahale-150ml-baehr\/#breadcrumb","itemListElement":[{"@type":"ListItem","position":1,"name":"Home","item":"https:\/\/beautyinstitute.ee\/ru\/"},{"@type":"ListItem","position":2,"name":"E-pood","item":"https:\/\/beautyinstitute.ee\/e-pood\/"},{"@type":"ListItem","position":3,"name":"Mask Kuivale Ja Tundlikule Nahale 150Ml"}]},{"@type":"WebSite","@id":"https:\/\/beautyinstitute.ee\/#website","url":"https:\/\/beautyinstitute.ee\/","name":"Beauty Institute","description":"CNC Cosmetic ametlik maaletooja ja edasim\u00fc\u00fcja Eestis, Soomes, L\u00e4tis. Aparaadikosmeetika, koolitused, kosmeetikatooted.","potentialAction":[{"@type":"SearchAction","target":{"@type":"EntryPoint","urlTemplate":"https:\/\/beautyinstitute.ee\/?s={search_term_string}"},"query-input":{"@type":"PropertyValueSpecification","valueRequired":true,"valueName":"search_term_string"}}],"inLanguage":"ru-RU"}]}},"_links":{"self":[{"href":"https:\/\/beautyinstitute.ee\/ru\/wp-json\/wp\/v2\/product\/24391","targetHints":{"allow":["GET"]}}],"collection":[{"href":"https:\/\/beautyinstitute.ee\/ru\/wp-json\/wp\/v2\/product"}],"about":[{"href":"https:\/\/beautyinstitute.ee\/ru\/wp-json\/wp\/v2\/types\/product"}],"wp:featuredmedia":[{"embeddable":true,"href":"https:\/\/beautyinstitute.ee\/ru\/wp-json\/wp\/v2\/media\/24392"}],"wp:attachment":[{"href":"https:\/\/beautyinstitute.ee\/ru\/wp-json\/wp\/v2\/media?parent=24391"}],"wp:term":[{"taxonomy":"product_cat","embeddable":true,"href":"https:\/\/beautyinstitute.ee\/ru\/wp-json\/wp\/v2\/product_cat?post=24391"},{"taxonomy":"product_tag","embeddable":true,"href":"https:\/\/beautyinstitute.ee\/ru\/wp-json\/wp\/v2\/product_tag?post=24391"}],"curies":[{"name":"wp","href":"https:\/\/api.w.org\/{rel}","templated":true}]}}