{"id":24405,"date":"2023-08-02T14:02:44","date_gmt":"2023-08-02T11:02:44","guid":{"rendered":"https:\/\/beautyinstitute.ee\/?post_type=product&#038;p=24405"},"modified":"2026-01-29T10:06:24","modified_gmt":"2026-01-29T08:06:24","slug":"mask-straffung-150ml-baehr","status":"publish","type":"product","link":"https:\/\/beautyinstitute.ee\/ru\/toode\/mask-straffung-150ml-baehr\/","title":{"rendered":"Pinguldav Mask, K\u00fcpsele Nahale 150Ml"},"content":{"rendered":"<p>Rikkalik mask on optimaalselt kohandatud vastavalt naha vajadustele, tagavad t\u00e4iusliku hoolduse ja v\u00e4rskendatud, l\u00f5\u00f5gastunud naha.<br \/>\nPinguldav, vananemisvastane mask. Hoolitseb k\u00fcpse ,n\u00f5udliku nahka eest, nahk on koheselt siledam. Kaerasuhkrud kohanduvad oma 3D-struktuuri abil naha mikroreljeefiga, aidates n\u00e4htavalt siluda kortsukesi. Gl\u00fctseriin ja k\u00f5rgmolekulaarne h\u00fcaluroonhape niisutavad nahka, v\u00e4hendades kortsude ilmnemist.<\/p>\n<p><strong>Kasutamine:<\/strong> kandke keskmise paksusega kiht n\u00e4ole ja kaelale (v\u00e4ltides silmakontuuri). Hoidke 10 minutit. Puhastage niiske k\u00e4snaga. Kasutage 1 &#8211; 2 korda n\u00e4dalas.<\/p>\n","protected":false},"excerpt":{"rendered":"<p>Rikkalik mask on optimaalselt kohandatud vastavalt naha vajadustele, tagavad t\u00e4iusliku hoolduse ja v\u00e4rskendatud, l\u00f5\u00f5gastunud naha. Pinguldav, vananemisvastane mask. Hoolitseb k\u00fcpse ,n\u00f5udliku nahka eest, nahk on koheselt siledam. Kaerasuhkrud kohanduvad oma 3D-struktuuri abil naha mikroreljeefiga, aidates n\u00e4htavalt siluda kortsukesi. Gl\u00fctseriin ja k\u00f5rgmolekulaarne h\u00fcaluroonhape niisutavad nahka, v\u00e4hendades kortsude ilmnemist. Kasutamine: kandke keskmise paksusega kiht n\u00e4ole ja kaelale [&hellip;]<\/p>\n","protected":false},"featured_media":24406,"template":"","meta":{"_acf_changed":false},"product_cat":[291,248],"product_tag":[],"class_list":["post-24405","product","type-product","status-publish","has-post-thumbnail","hentry","product_cat-baehr-cosmetic","product_cat-maskid-2"],"acf":[],"yoast_head":"<!-- This site is optimized with the Yoast SEO plugin v25.4 - https:\/\/yoast.com\/wordpress\/plugins\/seo\/ -->\n<title>Pinguldav Mask, K\u00fcpsele Nahale 150Ml - Beauty Institute<\/title>\n<meta name=\"robots\" content=\"index, follow, max-snippet:-1, max-image-preview:large, max-video-preview:-1\" \/>\n<link rel=\"canonical\" href=\"https:\/\/beautyinstitute.ee\/toode\/mask-straffung-150ml-baehr\/\" \/>\n<meta property=\"og:locale\" content=\"ru_RU\" \/>\n<meta property=\"og:type\" content=\"article\" \/>\n<meta property=\"og:title\" content=\"Pinguldav Mask, K\u00fcpsele Nahale 150Ml - Beauty Institute\" \/>\n<meta property=\"og:description\" content=\"Rikkalik mask on optimaalselt kohandatud vastavalt naha vajadustele, tagavad t\u00e4iusliku hoolduse ja v\u00e4rskendatud, l\u00f5\u00f5gastunud naha. Pinguldav, vananemisvastane mask. Hoolitseb k\u00fcpse ,n\u00f5udliku nahka eest, nahk on koheselt siledam. Kaerasuhkrud kohanduvad oma 3D-struktuuri abil naha mikroreljeefiga, aidates n\u00e4htavalt siluda kortsukesi. Gl\u00fctseriin ja k\u00f5rgmolekulaarne h\u00fcaluroonhape niisutavad nahka, v\u00e4hendades kortsude ilmnemist. Kasutamine: kandke keskmise paksusega kiht n\u00e4ole ja kaelale [&hellip;]\" \/>\n<meta property=\"og:url\" content=\"https:\/\/beautyinstitute.ee\/toode\/mask-straffung-150ml-baehr\/\" \/>\n<meta property=\"og:site_name\" content=\"Beauty Institute\" \/>\n<meta property=\"article:modified_time\" content=\"2026-01-29T08:06:24+00:00\" \/>\n<meta property=\"og:image\" content=\"https:\/\/beautyinstitute.ee\/wp-content\/uploads\/2023\/08\/maske-straffung_25139_1280x1280@2x.png\" \/>\n\t<meta property=\"og:image:width\" content=\"2375\" \/>\n\t<meta property=\"og:image:height\" content=\"2375\" \/>\n\t<meta property=\"og:image:type\" content=\"image\/png\" \/>\n<meta name=\"twitter:card\" content=\"summary_large_image\" \/>\n<meta name=\"twitter:site\" content=\"@Beauty_Eesti\" \/>\n<meta name=\"twitter:label1\" content=\"\u041f\u0440\u0438\u043c\u0435\u0440\u043d\u043e\u0435 \u0432\u0440\u0435\u043c\u044f \u0434\u043b\u044f \u0447\u0442\u0435\u043d\u0438\u044f\" \/>\n\t<meta name=\"twitter:data1\" content=\"1 \u043c\u0438\u043d\u0443\u0442\u0430\" \/>\n<script type=\"application\/ld+json\" class=\"yoast-schema-graph\">{\"@context\":\"https:\/\/schema.org\",\"@graph\":[{\"@type\":\"WebPage\",\"@id\":\"https:\/\/beautyinstitute.ee\/toode\/mask-straffung-150ml-baehr\/\",\"url\":\"https:\/\/beautyinstitute.ee\/toode\/mask-straffung-150ml-baehr\/\",\"name\":\"Pinguldav Mask, K\u00fcpsele Nahale 150Ml - Beauty Institute\",\"isPartOf\":{\"@id\":\"https:\/\/beautyinstitute.ee\/#website\"},\"primaryImageOfPage\":{\"@id\":\"https:\/\/beautyinstitute.ee\/toode\/mask-straffung-150ml-baehr\/#primaryimage\"},\"image\":{\"@id\":\"https:\/\/beautyinstitute.ee\/toode\/mask-straffung-150ml-baehr\/#primaryimage\"},\"thumbnailUrl\":\"https:\/\/beautyinstitute.ee\/wp-content\/uploads\/2023\/08\/maske-straffung_25139_1280x1280@2x.png\",\"datePublished\":\"2023-08-02T11:02:44+00:00\",\"dateModified\":\"2026-01-29T08:06:24+00:00\",\"breadcrumb\":{\"@id\":\"https:\/\/beautyinstitute.ee\/toode\/mask-straffung-150ml-baehr\/#breadcrumb\"},\"inLanguage\":\"ru-RU\",\"potentialAction\":[{\"@type\":\"ReadAction\",\"target\":[\"https:\/\/beautyinstitute.ee\/toode\/mask-straffung-150ml-baehr\/\"]}]},{\"@type\":\"ImageObject\",\"inLanguage\":\"ru-RU\",\"@id\":\"https:\/\/beautyinstitute.ee\/toode\/mask-straffung-150ml-baehr\/#primaryimage\",\"url\":\"https:\/\/beautyinstitute.ee\/wp-content\/uploads\/2023\/08\/maske-straffung_25139_1280x1280@2x.png\",\"contentUrl\":\"https:\/\/beautyinstitute.ee\/wp-content\/uploads\/2023\/08\/maske-straffung_25139_1280x1280@2x.png\",\"width\":2375,\"height\":2375},{\"@type\":\"BreadcrumbList\",\"@id\":\"https:\/\/beautyinstitute.ee\/toode\/mask-straffung-150ml-baehr\/#breadcrumb\",\"itemListElement\":[{\"@type\":\"ListItem\",\"position\":1,\"name\":\"Home\",\"item\":\"https:\/\/beautyinstitute.ee\/ru\/\"},{\"@type\":\"ListItem\",\"position\":2,\"name\":\"E-pood\",\"item\":\"https:\/\/beautyinstitute.ee\/e-pood\/\"},{\"@type\":\"ListItem\",\"position\":3,\"name\":\"Pinguldav Mask, K\u00fcpsele Nahale 150Ml\"}]},{\"@type\":\"WebSite\",\"@id\":\"https:\/\/beautyinstitute.ee\/#website\",\"url\":\"https:\/\/beautyinstitute.ee\/\",\"name\":\"Beauty Institute\",\"description\":\"CNC Cosmetic ametlik maaletooja ja edasim\u00fc\u00fcja Eestis, Soomes, L\u00e4tis. Aparaadikosmeetika, koolitused, kosmeetikatooted.\",\"potentialAction\":[{\"@type\":\"SearchAction\",\"target\":{\"@type\":\"EntryPoint\",\"urlTemplate\":\"https:\/\/beautyinstitute.ee\/?s={search_term_string}\"},\"query-input\":{\"@type\":\"PropertyValueSpecification\",\"valueRequired\":true,\"valueName\":\"search_term_string\"}}],\"inLanguage\":\"ru-RU\"}]}<\/script>\n<!-- \/ Yoast SEO plugin. -->","yoast_head_json":{"title":"Pinguldav Mask, K\u00fcpsele Nahale 150Ml - Beauty Institute","robots":{"index":"index","follow":"follow","max-snippet":"max-snippet:-1","max-image-preview":"max-image-preview:large","max-video-preview":"max-video-preview:-1"},"canonical":"https:\/\/beautyinstitute.ee\/toode\/mask-straffung-150ml-baehr\/","og_locale":"ru_RU","og_type":"article","og_title":"Pinguldav Mask, K\u00fcpsele Nahale 150Ml - Beauty Institute","og_description":"Rikkalik mask on optimaalselt kohandatud vastavalt naha vajadustele, tagavad t\u00e4iusliku hoolduse ja v\u00e4rskendatud, l\u00f5\u00f5gastunud naha. Pinguldav, vananemisvastane mask. Hoolitseb k\u00fcpse ,n\u00f5udliku nahka eest, nahk on koheselt siledam. Kaerasuhkrud kohanduvad oma 3D-struktuuri abil naha mikroreljeefiga, aidates n\u00e4htavalt siluda kortsukesi. Gl\u00fctseriin ja k\u00f5rgmolekulaarne h\u00fcaluroonhape niisutavad nahka, v\u00e4hendades kortsude ilmnemist. Kasutamine: kandke keskmise paksusega kiht n\u00e4ole ja kaelale [&hellip;]","og_url":"https:\/\/beautyinstitute.ee\/toode\/mask-straffung-150ml-baehr\/","og_site_name":"Beauty Institute","article_modified_time":"2026-01-29T08:06:24+00:00","og_image":[{"width":2375,"height":2375,"url":"https:\/\/beautyinstitute.ee\/wp-content\/uploads\/2023\/08\/maske-straffung_25139_1280x1280@2x.png","type":"image\/png"}],"twitter_card":"summary_large_image","twitter_site":"@Beauty_Eesti","twitter_misc":{"\u041f\u0440\u0438\u043c\u0435\u0440\u043d\u043e\u0435 \u0432\u0440\u0435\u043c\u044f \u0434\u043b\u044f \u0447\u0442\u0435\u043d\u0438\u044f":"1 \u043c\u0438\u043d\u0443\u0442\u0430"},"schema":{"@context":"https:\/\/schema.org","@graph":[{"@type":"WebPage","@id":"https:\/\/beautyinstitute.ee\/toode\/mask-straffung-150ml-baehr\/","url":"https:\/\/beautyinstitute.ee\/toode\/mask-straffung-150ml-baehr\/","name":"Pinguldav Mask, K\u00fcpsele Nahale 150Ml - Beauty Institute","isPartOf":{"@id":"https:\/\/beautyinstitute.ee\/#website"},"primaryImageOfPage":{"@id":"https:\/\/beautyinstitute.ee\/toode\/mask-straffung-150ml-baehr\/#primaryimage"},"image":{"@id":"https:\/\/beautyinstitute.ee\/toode\/mask-straffung-150ml-baehr\/#primaryimage"},"thumbnailUrl":"https:\/\/beautyinstitute.ee\/wp-content\/uploads\/2023\/08\/maske-straffung_25139_1280x1280@2x.png","datePublished":"2023-08-02T11:02:44+00:00","dateModified":"2026-01-29T08:06:24+00:00","breadcrumb":{"@id":"https:\/\/beautyinstitute.ee\/toode\/mask-straffung-150ml-baehr\/#breadcrumb"},"inLanguage":"ru-RU","potentialAction":[{"@type":"ReadAction","target":["https:\/\/beautyinstitute.ee\/toode\/mask-straffung-150ml-baehr\/"]}]},{"@type":"ImageObject","inLanguage":"ru-RU","@id":"https:\/\/beautyinstitute.ee\/toode\/mask-straffung-150ml-baehr\/#primaryimage","url":"https:\/\/beautyinstitute.ee\/wp-content\/uploads\/2023\/08\/maske-straffung_25139_1280x1280@2x.png","contentUrl":"https:\/\/beautyinstitute.ee\/wp-content\/uploads\/2023\/08\/maske-straffung_25139_1280x1280@2x.png","width":2375,"height":2375},{"@type":"BreadcrumbList","@id":"https:\/\/beautyinstitute.ee\/toode\/mask-straffung-150ml-baehr\/#breadcrumb","itemListElement":[{"@type":"ListItem","position":1,"name":"Home","item":"https:\/\/beautyinstitute.ee\/ru\/"},{"@type":"ListItem","position":2,"name":"E-pood","item":"https:\/\/beautyinstitute.ee\/e-pood\/"},{"@type":"ListItem","position":3,"name":"Pinguldav Mask, K\u00fcpsele Nahale 150Ml"}]},{"@type":"WebSite","@id":"https:\/\/beautyinstitute.ee\/#website","url":"https:\/\/beautyinstitute.ee\/","name":"Beauty Institute","description":"CNC Cosmetic ametlik maaletooja ja edasim\u00fc\u00fcja Eestis, Soomes, L\u00e4tis. Aparaadikosmeetika, koolitused, kosmeetikatooted.","potentialAction":[{"@type":"SearchAction","target":{"@type":"EntryPoint","urlTemplate":"https:\/\/beautyinstitute.ee\/?s={search_term_string}"},"query-input":{"@type":"PropertyValueSpecification","valueRequired":true,"valueName":"search_term_string"}}],"inLanguage":"ru-RU"}]}},"_links":{"self":[{"href":"https:\/\/beautyinstitute.ee\/ru\/wp-json\/wp\/v2\/product\/24405","targetHints":{"allow":["GET"]}}],"collection":[{"href":"https:\/\/beautyinstitute.ee\/ru\/wp-json\/wp\/v2\/product"}],"about":[{"href":"https:\/\/beautyinstitute.ee\/ru\/wp-json\/wp\/v2\/types\/product"}],"wp:featuredmedia":[{"embeddable":true,"href":"https:\/\/beautyinstitute.ee\/ru\/wp-json\/wp\/v2\/media\/24406"}],"wp:attachment":[{"href":"https:\/\/beautyinstitute.ee\/ru\/wp-json\/wp\/v2\/media?parent=24405"}],"wp:term":[{"taxonomy":"product_cat","embeddable":true,"href":"https:\/\/beautyinstitute.ee\/ru\/wp-json\/wp\/v2\/product_cat?post=24405"},{"taxonomy":"product_tag","embeddable":true,"href":"https:\/\/beautyinstitute.ee\/ru\/wp-json\/wp\/v2\/product_tag?post=24405"}],"curies":[{"name":"wp","href":"https:\/\/api.w.org\/{rel}","templated":true}]}}