{"id":24409,"date":"2023-08-02T13:59:47","date_gmt":"2023-08-02T10:59:47","guid":{"rendered":"https:\/\/beautyinstitute.ee\/?post_type=product&#038;p=24409"},"modified":"2026-03-31T13:22:17","modified_gmt":"2026-03-31T10:22:17","slug":"hyaluron-body-lotion-100ml-baehr","status":"publish","type":"product","link":"https:\/\/beautyinstitute.ee\/ru\/toode\/hyaluron-body-lotion-100ml-baehr\/","title":{"rendered":"Hyaluron+ Body Lotion 100Ml Baehr"},"content":{"rendered":"<p>Hyaluron+ kehakreem on ideaalne iluhooldus. Kreem pakub intensiivset niisutust ja tagab nooruslikult pinguldatud, \u00fchtlase naha. V\u00e4rske l\u00f5hn, kiiresti imenduv tekstuur, niisutab nahka optimaalselt, j\u00e4tab selle kogu p\u00e4evaks niisutatuks ja siledaks.<br \/>\nNiisutav \u00a0kehakreem on ideaalne pinguldatud kehakontuuri saavutamiseks. V\u00e4\u00e4rtuslik h\u00fcaluroonhape tagab intensiivse niisutuse ja nooruslikult pinguldatud naha.<\/p>\n<p><strong>Kasutamine: \u00a0<\/strong>igap\u00e4evaselt, \u00a0masseerida \u00f5rnalt.<\/p>\n","protected":false},"excerpt":{"rendered":"<p>Hyaluron+ kehakreem on ideaalne iluhooldus. Kreem pakub intensiivset niisutust ja tagab nooruslikult pinguldatud, \u00fchtlase naha. V\u00e4rske l\u00f5hn, kiiresti imenduv tekstuur, niisutab nahka optimaalselt, j\u00e4tab selle kogu p\u00e4evaks niisutatuks ja siledaks. Niisutav \u00a0kehakreem on ideaalne pinguldatud kehakontuuri saavutamiseks. V\u00e4\u00e4rtuslik h\u00fcaluroonhape tagab intensiivse niisutuse ja nooruslikult pinguldatud naha. Kasutamine: \u00a0igap\u00e4evaselt, \u00a0masseerida \u00f5rnalt.<\/p>\n","protected":false},"featured_media":24410,"template":"","meta":{"_acf_changed":false},"product_cat":[291,256],"product_tag":[],"class_list":["post-24409","product","type-product","status-publish","has-post-thumbnail","hentry","product_cat-baehr-cosmetic","product_cat-kehahooldustooted"],"acf":[],"yoast_head":"<!-- This site is optimized with the Yoast SEO plugin v25.4 - https:\/\/yoast.com\/wordpress\/plugins\/seo\/ -->\n<title>Hyaluron+ Body Lotion 100Ml Baehr - Beauty Institute<\/title>\n<meta name=\"robots\" content=\"index, follow, max-snippet:-1, max-image-preview:large, max-video-preview:-1\" \/>\n<link rel=\"canonical\" href=\"https:\/\/beautyinstitute.ee\/toode\/hyaluron-body-lotion-100ml-baehr\/\" \/>\n<meta property=\"og:locale\" content=\"ru_RU\" \/>\n<meta property=\"og:type\" content=\"article\" \/>\n<meta property=\"og:title\" content=\"Hyaluron+ Body Lotion 100Ml Baehr - Beauty Institute\" \/>\n<meta property=\"og:description\" content=\"Hyaluron+ kehakreem on ideaalne iluhooldus. Kreem pakub intensiivset niisutust ja tagab nooruslikult pinguldatud, \u00fchtlase naha. V\u00e4rske l\u00f5hn, kiiresti imenduv tekstuur, niisutab nahka optimaalselt, j\u00e4tab selle kogu p\u00e4evaks niisutatuks ja siledaks. Niisutav \u00a0kehakreem on ideaalne pinguldatud kehakontuuri saavutamiseks. V\u00e4\u00e4rtuslik h\u00fcaluroonhape tagab intensiivse niisutuse ja nooruslikult pinguldatud naha. Kasutamine: \u00a0igap\u00e4evaselt, \u00a0masseerida \u00f5rnalt.\" \/>\n<meta property=\"og:url\" content=\"https:\/\/beautyinstitute.ee\/toode\/hyaluron-body-lotion-100ml-baehr\/\" \/>\n<meta property=\"og:site_name\" content=\"Beauty Institute\" \/>\n<meta property=\"article:modified_time\" content=\"2026-03-31T10:22:17+00:00\" \/>\n<meta property=\"og:image\" content=\"https:\/\/beautyinstitute.ee\/wp-content\/uploads\/2023\/08\/hyaluron-body-lotion-100-ml_25268o3OMBS0Lo5LHR_1280x1280@2x.png\" \/>\n\t<meta property=\"og:image:width\" content=\"2500\" \/>\n\t<meta property=\"og:image:height\" content=\"2500\" \/>\n\t<meta property=\"og:image:type\" content=\"image\/png\" \/>\n<meta name=\"twitter:card\" content=\"summary_large_image\" \/>\n<meta name=\"twitter:site\" content=\"@Beauty_Eesti\" \/>\n<meta name=\"twitter:label1\" content=\"\u041f\u0440\u0438\u043c\u0435\u0440\u043d\u043e\u0435 \u0432\u0440\u0435\u043c\u044f \u0434\u043b\u044f \u0447\u0442\u0435\u043d\u0438\u044f\" \/>\n\t<meta name=\"twitter:data1\" content=\"1 \u043c\u0438\u043d\u0443\u0442\u0430\" \/>\n<script type=\"application\/ld+json\" class=\"yoast-schema-graph\">{\"@context\":\"https:\/\/schema.org\",\"@graph\":[{\"@type\":\"WebPage\",\"@id\":\"https:\/\/beautyinstitute.ee\/toode\/hyaluron-body-lotion-100ml-baehr\/\",\"url\":\"https:\/\/beautyinstitute.ee\/toode\/hyaluron-body-lotion-100ml-baehr\/\",\"name\":\"Hyaluron+ Body Lotion 100Ml Baehr - Beauty Institute\",\"isPartOf\":{\"@id\":\"https:\/\/beautyinstitute.ee\/#website\"},\"primaryImageOfPage\":{\"@id\":\"https:\/\/beautyinstitute.ee\/toode\/hyaluron-body-lotion-100ml-baehr\/#primaryimage\"},\"image\":{\"@id\":\"https:\/\/beautyinstitute.ee\/toode\/hyaluron-body-lotion-100ml-baehr\/#primaryimage\"},\"thumbnailUrl\":\"https:\/\/beautyinstitute.ee\/wp-content\/uploads\/2023\/08\/hyaluron-body-lotion-100-ml_25268o3OMBS0Lo5LHR_1280x1280@2x.png\",\"datePublished\":\"2023-08-02T10:59:47+00:00\",\"dateModified\":\"2026-03-31T10:22:17+00:00\",\"breadcrumb\":{\"@id\":\"https:\/\/beautyinstitute.ee\/toode\/hyaluron-body-lotion-100ml-baehr\/#breadcrumb\"},\"inLanguage\":\"ru-RU\",\"potentialAction\":[{\"@type\":\"ReadAction\",\"target\":[\"https:\/\/beautyinstitute.ee\/toode\/hyaluron-body-lotion-100ml-baehr\/\"]}]},{\"@type\":\"ImageObject\",\"inLanguage\":\"ru-RU\",\"@id\":\"https:\/\/beautyinstitute.ee\/toode\/hyaluron-body-lotion-100ml-baehr\/#primaryimage\",\"url\":\"https:\/\/beautyinstitute.ee\/wp-content\/uploads\/2023\/08\/hyaluron-body-lotion-100-ml_25268o3OMBS0Lo5LHR_1280x1280@2x.png\",\"contentUrl\":\"https:\/\/beautyinstitute.ee\/wp-content\/uploads\/2023\/08\/hyaluron-body-lotion-100-ml_25268o3OMBS0Lo5LHR_1280x1280@2x.png\",\"width\":2500,\"height\":2500},{\"@type\":\"BreadcrumbList\",\"@id\":\"https:\/\/beautyinstitute.ee\/toode\/hyaluron-body-lotion-100ml-baehr\/#breadcrumb\",\"itemListElement\":[{\"@type\":\"ListItem\",\"position\":1,\"name\":\"Home\",\"item\":\"https:\/\/beautyinstitute.ee\/ru\/\"},{\"@type\":\"ListItem\",\"position\":2,\"name\":\"E-pood\",\"item\":\"https:\/\/beautyinstitute.ee\/e-pood\/\"},{\"@type\":\"ListItem\",\"position\":3,\"name\":\"Hyaluron+ Body Lotion 100Ml Baehr\"}]},{\"@type\":\"WebSite\",\"@id\":\"https:\/\/beautyinstitute.ee\/#website\",\"url\":\"https:\/\/beautyinstitute.ee\/\",\"name\":\"Beauty Institute\",\"description\":\"CNC Cosmetic ametlik maaletooja ja edasim\u00fc\u00fcja Eestis, Soomes, L\u00e4tis. Aparaadikosmeetika, koolitused, kosmeetikatooted.\",\"potentialAction\":[{\"@type\":\"SearchAction\",\"target\":{\"@type\":\"EntryPoint\",\"urlTemplate\":\"https:\/\/beautyinstitute.ee\/?s={search_term_string}\"},\"query-input\":{\"@type\":\"PropertyValueSpecification\",\"valueRequired\":true,\"valueName\":\"search_term_string\"}}],\"inLanguage\":\"ru-RU\"}]}<\/script>\n<!-- \/ Yoast SEO plugin. -->","yoast_head_json":{"title":"Hyaluron+ Body Lotion 100Ml Baehr - Beauty Institute","robots":{"index":"index","follow":"follow","max-snippet":"max-snippet:-1","max-image-preview":"max-image-preview:large","max-video-preview":"max-video-preview:-1"},"canonical":"https:\/\/beautyinstitute.ee\/toode\/hyaluron-body-lotion-100ml-baehr\/","og_locale":"ru_RU","og_type":"article","og_title":"Hyaluron+ Body Lotion 100Ml Baehr - Beauty Institute","og_description":"Hyaluron+ kehakreem on ideaalne iluhooldus. Kreem pakub intensiivset niisutust ja tagab nooruslikult pinguldatud, \u00fchtlase naha. V\u00e4rske l\u00f5hn, kiiresti imenduv tekstuur, niisutab nahka optimaalselt, j\u00e4tab selle kogu p\u00e4evaks niisutatuks ja siledaks. Niisutav \u00a0kehakreem on ideaalne pinguldatud kehakontuuri saavutamiseks. V\u00e4\u00e4rtuslik h\u00fcaluroonhape tagab intensiivse niisutuse ja nooruslikult pinguldatud naha. Kasutamine: \u00a0igap\u00e4evaselt, \u00a0masseerida \u00f5rnalt.","og_url":"https:\/\/beautyinstitute.ee\/toode\/hyaluron-body-lotion-100ml-baehr\/","og_site_name":"Beauty Institute","article_modified_time":"2026-03-31T10:22:17+00:00","og_image":[{"width":2500,"height":2500,"url":"https:\/\/beautyinstitute.ee\/wp-content\/uploads\/2023\/08\/hyaluron-body-lotion-100-ml_25268o3OMBS0Lo5LHR_1280x1280@2x.png","type":"image\/png"}],"twitter_card":"summary_large_image","twitter_site":"@Beauty_Eesti","twitter_misc":{"\u041f\u0440\u0438\u043c\u0435\u0440\u043d\u043e\u0435 \u0432\u0440\u0435\u043c\u044f \u0434\u043b\u044f \u0447\u0442\u0435\u043d\u0438\u044f":"1 \u043c\u0438\u043d\u0443\u0442\u0430"},"schema":{"@context":"https:\/\/schema.org","@graph":[{"@type":"WebPage","@id":"https:\/\/beautyinstitute.ee\/toode\/hyaluron-body-lotion-100ml-baehr\/","url":"https:\/\/beautyinstitute.ee\/toode\/hyaluron-body-lotion-100ml-baehr\/","name":"Hyaluron+ Body Lotion 100Ml Baehr - Beauty Institute","isPartOf":{"@id":"https:\/\/beautyinstitute.ee\/#website"},"primaryImageOfPage":{"@id":"https:\/\/beautyinstitute.ee\/toode\/hyaluron-body-lotion-100ml-baehr\/#primaryimage"},"image":{"@id":"https:\/\/beautyinstitute.ee\/toode\/hyaluron-body-lotion-100ml-baehr\/#primaryimage"},"thumbnailUrl":"https:\/\/beautyinstitute.ee\/wp-content\/uploads\/2023\/08\/hyaluron-body-lotion-100-ml_25268o3OMBS0Lo5LHR_1280x1280@2x.png","datePublished":"2023-08-02T10:59:47+00:00","dateModified":"2026-03-31T10:22:17+00:00","breadcrumb":{"@id":"https:\/\/beautyinstitute.ee\/toode\/hyaluron-body-lotion-100ml-baehr\/#breadcrumb"},"inLanguage":"ru-RU","potentialAction":[{"@type":"ReadAction","target":["https:\/\/beautyinstitute.ee\/toode\/hyaluron-body-lotion-100ml-baehr\/"]}]},{"@type":"ImageObject","inLanguage":"ru-RU","@id":"https:\/\/beautyinstitute.ee\/toode\/hyaluron-body-lotion-100ml-baehr\/#primaryimage","url":"https:\/\/beautyinstitute.ee\/wp-content\/uploads\/2023\/08\/hyaluron-body-lotion-100-ml_25268o3OMBS0Lo5LHR_1280x1280@2x.png","contentUrl":"https:\/\/beautyinstitute.ee\/wp-content\/uploads\/2023\/08\/hyaluron-body-lotion-100-ml_25268o3OMBS0Lo5LHR_1280x1280@2x.png","width":2500,"height":2500},{"@type":"BreadcrumbList","@id":"https:\/\/beautyinstitute.ee\/toode\/hyaluron-body-lotion-100ml-baehr\/#breadcrumb","itemListElement":[{"@type":"ListItem","position":1,"name":"Home","item":"https:\/\/beautyinstitute.ee\/ru\/"},{"@type":"ListItem","position":2,"name":"E-pood","item":"https:\/\/beautyinstitute.ee\/e-pood\/"},{"@type":"ListItem","position":3,"name":"Hyaluron+ Body Lotion 100Ml Baehr"}]},{"@type":"WebSite","@id":"https:\/\/beautyinstitute.ee\/#website","url":"https:\/\/beautyinstitute.ee\/","name":"Beauty Institute","description":"CNC Cosmetic ametlik maaletooja ja edasim\u00fc\u00fcja Eestis, Soomes, L\u00e4tis. Aparaadikosmeetika, koolitused, kosmeetikatooted.","potentialAction":[{"@type":"SearchAction","target":{"@type":"EntryPoint","urlTemplate":"https:\/\/beautyinstitute.ee\/?s={search_term_string}"},"query-input":{"@type":"PropertyValueSpecification","valueRequired":true,"valueName":"search_term_string"}}],"inLanguage":"ru-RU"}]}},"_links":{"self":[{"href":"https:\/\/beautyinstitute.ee\/ru\/wp-json\/wp\/v2\/product\/24409","targetHints":{"allow":["GET"]}}],"collection":[{"href":"https:\/\/beautyinstitute.ee\/ru\/wp-json\/wp\/v2\/product"}],"about":[{"href":"https:\/\/beautyinstitute.ee\/ru\/wp-json\/wp\/v2\/types\/product"}],"wp:featuredmedia":[{"embeddable":true,"href":"https:\/\/beautyinstitute.ee\/ru\/wp-json\/wp\/v2\/media\/24410"}],"wp:attachment":[{"href":"https:\/\/beautyinstitute.ee\/ru\/wp-json\/wp\/v2\/media?parent=24409"}],"wp:term":[{"taxonomy":"product_cat","embeddable":true,"href":"https:\/\/beautyinstitute.ee\/ru\/wp-json\/wp\/v2\/product_cat?post=24409"},{"taxonomy":"product_tag","embeddable":true,"href":"https:\/\/beautyinstitute.ee\/ru\/wp-json\/wp\/v2\/product_tag?post=24409"}],"curies":[{"name":"wp","href":"https:\/\/api.w.org\/{rel}","templated":true}]}}