{"id":24434,"date":"2023-08-02T15:31:34","date_gmt":"2023-08-02T12:31:34","guid":{"rendered":"https:\/\/beautyinstitute.ee\/?post_type=product&#038;p=24434"},"modified":"2026-04-24T09:13:53","modified_gmt":"2026-04-24T06:13:53","slug":"ampullid-tostva-efektiga-lifting-52ml-baehr","status":"publish","type":"product","link":"https:\/\/beautyinstitute.ee\/ru\/toode\/ampullid-tostva-efektiga-lifting-52ml-baehr\/","title":{"rendered":"Ampullid T\u00f5stva Efektiga Lifting 5*2Ml"},"content":{"rendered":"<ul>\n<li><span class=\"Y2IQFc\" lang=\"et\">Kohese toimega &#8220;Turbo Ampull&#8221; siledama v\u00e4limuse ja kuiva naha niisutamiseks<\/span><\/li>\n<li class=\"tw-data-text tw-text-large tw-ta\" dir=\"ltr\" data-placeholder=\"T\u00f5lge\"><span class=\"Y2IQFc\" lang=\"et\">Suures annuses h\u00fcaluroonhape annab koheselt s\u00e4ravalt noorenenud v\u00e4limuse ning muudab n\u00e4ojooned v\u00e4rskendatuks ja siledaks <\/span><\/li>\n<li class=\"tw-data-text tw-text-large tw-ta\" dir=\"ltr\" data-placeholder=\"T\u00f5lge\"><span class=\"Y2IQFc\" lang=\"et\">Ideaalne k\u00f5rgendatud niiskusvajadusega nahale<\/span><\/li>\n<\/ul>\n<p>&nbsp;<\/p>\n<p><span class=\"Y2IQFc\" lang=\"et\"><strong>Kasutamine:<\/strong> Kandke puhastatud nahale ja patsutage \u00f5rnalt, peale kreem.<\/span><\/p>\n","protected":false},"excerpt":{"rendered":"<p>Kohese toimega &#8220;Turbo Ampull&#8221; siledama v\u00e4limuse ja kuiva naha niisutamiseks Suures annuses h\u00fcaluroonhape annab koheselt s\u00e4ravalt noorenenud v\u00e4limuse ning muudab n\u00e4ojooned v\u00e4rskendatuks ja siledaks Ideaalne k\u00f5rgendatud niiskusvajadusega nahale &nbsp; Kasutamine: Kandke puhastatud nahale ja patsutage \u00f5rnalt, peale kreem.<\/p>\n","protected":false},"featured_media":24435,"template":"","meta":{"_acf_changed":false},"product_cat":[291,150],"product_tag":[],"class_list":["post-24434","product","type-product","status-publish","has-post-thumbnail","hentry","product_cat-baehr-cosmetic","product_cat-ampullikontsentraadid"],"acf":[],"yoast_head":"<!-- This site is optimized with the Yoast SEO plugin v25.4 - https:\/\/yoast.com\/wordpress\/plugins\/seo\/ -->\n<title>Ampullid T\u00f5stva Efektiga Lifting 5*2Ml - Beauty Institute<\/title>\n<meta name=\"robots\" content=\"index, follow, max-snippet:-1, max-image-preview:large, max-video-preview:-1\" \/>\n<link rel=\"canonical\" href=\"https:\/\/beautyinstitute.ee\/toode\/ampullid-tostva-efektiga-lifting-52ml-baehr\/\" \/>\n<meta property=\"og:locale\" content=\"ru_RU\" \/>\n<meta property=\"og:type\" content=\"article\" \/>\n<meta property=\"og:title\" content=\"Ampullid T\u00f5stva Efektiga Lifting 5*2Ml - Beauty Institute\" \/>\n<meta property=\"og:description\" content=\"Kohese toimega &#8220;Turbo Ampull&#8221; siledama v\u00e4limuse ja kuiva naha niisutamiseks Suures annuses h\u00fcaluroonhape annab koheselt s\u00e4ravalt noorenenud v\u00e4limuse ning muudab n\u00e4ojooned v\u00e4rskendatuks ja siledaks Ideaalne k\u00f5rgendatud niiskusvajadusega nahale &nbsp; Kasutamine: Kandke puhastatud nahale ja patsutage \u00f5rnalt, peale kreem.\" \/>\n<meta property=\"og:url\" content=\"https:\/\/beautyinstitute.ee\/toode\/ampullid-tostva-efektiga-lifting-52ml-baehr\/\" \/>\n<meta property=\"og:site_name\" content=\"Beauty Institute\" \/>\n<meta property=\"article:modified_time\" content=\"2026-04-24T06:13:53+00:00\" \/>\n<meta property=\"og:image\" content=\"https:\/\/beautyinstitute.ee\/wp-content\/uploads\/2023\/08\/ampullen-set-lifting_25175_1m44jYvFFfnxTg_1280x1280@2x-1024x1024.png\" \/>\n\t<meta property=\"og:image:width\" content=\"1024\" \/>\n\t<meta property=\"og:image:height\" content=\"1024\" \/>\n\t<meta property=\"og:image:type\" content=\"image\/png\" \/>\n<meta name=\"twitter:card\" content=\"summary_large_image\" \/>\n<meta name=\"twitter:site\" content=\"@Beauty_Eesti\" \/>\n<meta name=\"twitter:label1\" content=\"\u041f\u0440\u0438\u043c\u0435\u0440\u043d\u043e\u0435 \u0432\u0440\u0435\u043c\u044f \u0434\u043b\u044f \u0447\u0442\u0435\u043d\u0438\u044f\" \/>\n\t<meta name=\"twitter:data1\" content=\"1 \u043c\u0438\u043d\u0443\u0442\u0430\" \/>\n<script type=\"application\/ld+json\" class=\"yoast-schema-graph\">{\"@context\":\"https:\/\/schema.org\",\"@graph\":[{\"@type\":\"WebPage\",\"@id\":\"https:\/\/beautyinstitute.ee\/toode\/ampullid-tostva-efektiga-lifting-52ml-baehr\/\",\"url\":\"https:\/\/beautyinstitute.ee\/toode\/ampullid-tostva-efektiga-lifting-52ml-baehr\/\",\"name\":\"Ampullid T\u00f5stva Efektiga Lifting 5*2Ml - Beauty Institute\",\"isPartOf\":{\"@id\":\"https:\/\/beautyinstitute.ee\/#website\"},\"primaryImageOfPage\":{\"@id\":\"https:\/\/beautyinstitute.ee\/toode\/ampullid-tostva-efektiga-lifting-52ml-baehr\/#primaryimage\"},\"image\":{\"@id\":\"https:\/\/beautyinstitute.ee\/toode\/ampullid-tostva-efektiga-lifting-52ml-baehr\/#primaryimage\"},\"thumbnailUrl\":\"https:\/\/beautyinstitute.ee\/wp-content\/uploads\/2023\/08\/ampullen-set-lifting_25175_1m44jYvFFfnxTg_1280x1280@2x.png\",\"datePublished\":\"2023-08-02T12:31:34+00:00\",\"dateModified\":\"2026-04-24T06:13:53+00:00\",\"breadcrumb\":{\"@id\":\"https:\/\/beautyinstitute.ee\/toode\/ampullid-tostva-efektiga-lifting-52ml-baehr\/#breadcrumb\"},\"inLanguage\":\"ru-RU\",\"potentialAction\":[{\"@type\":\"ReadAction\",\"target\":[\"https:\/\/beautyinstitute.ee\/toode\/ampullid-tostva-efektiga-lifting-52ml-baehr\/\"]}]},{\"@type\":\"ImageObject\",\"inLanguage\":\"ru-RU\",\"@id\":\"https:\/\/beautyinstitute.ee\/toode\/ampullid-tostva-efektiga-lifting-52ml-baehr\/#primaryimage\",\"url\":\"https:\/\/beautyinstitute.ee\/wp-content\/uploads\/2023\/08\/ampullen-set-lifting_25175_1m44jYvFFfnxTg_1280x1280@2x.png\",\"contentUrl\":\"https:\/\/beautyinstitute.ee\/wp-content\/uploads\/2023\/08\/ampullen-set-lifting_25175_1m44jYvFFfnxTg_1280x1280@2x.png\",\"width\":2560,\"height\":2560},{\"@type\":\"BreadcrumbList\",\"@id\":\"https:\/\/beautyinstitute.ee\/toode\/ampullid-tostva-efektiga-lifting-52ml-baehr\/#breadcrumb\",\"itemListElement\":[{\"@type\":\"ListItem\",\"position\":1,\"name\":\"Home\",\"item\":\"https:\/\/beautyinstitute.ee\/ru\/\"},{\"@type\":\"ListItem\",\"position\":2,\"name\":\"E-pood\",\"item\":\"https:\/\/beautyinstitute.ee\/e-pood\/\"},{\"@type\":\"ListItem\",\"position\":3,\"name\":\"Ampullid T\u00f5stva Efektiga Lifting 5*2Ml\"}]},{\"@type\":\"WebSite\",\"@id\":\"https:\/\/beautyinstitute.ee\/#website\",\"url\":\"https:\/\/beautyinstitute.ee\/\",\"name\":\"Beauty Institute\",\"description\":\"CNC Cosmetic ametlik maaletooja ja edasim\u00fc\u00fcja Eestis, Soomes, L\u00e4tis. Aparaadikosmeetika, koolitused, kosmeetikatooted.\",\"potentialAction\":[{\"@type\":\"SearchAction\",\"target\":{\"@type\":\"EntryPoint\",\"urlTemplate\":\"https:\/\/beautyinstitute.ee\/?s={search_term_string}\"},\"query-input\":{\"@type\":\"PropertyValueSpecification\",\"valueRequired\":true,\"valueName\":\"search_term_string\"}}],\"inLanguage\":\"ru-RU\"}]}<\/script>\n<!-- \/ Yoast SEO plugin. -->","yoast_head_json":{"title":"Ampullid T\u00f5stva Efektiga Lifting 5*2Ml - Beauty Institute","robots":{"index":"index","follow":"follow","max-snippet":"max-snippet:-1","max-image-preview":"max-image-preview:large","max-video-preview":"max-video-preview:-1"},"canonical":"https:\/\/beautyinstitute.ee\/toode\/ampullid-tostva-efektiga-lifting-52ml-baehr\/","og_locale":"ru_RU","og_type":"article","og_title":"Ampullid T\u00f5stva Efektiga Lifting 5*2Ml - Beauty Institute","og_description":"Kohese toimega &#8220;Turbo Ampull&#8221; siledama v\u00e4limuse ja kuiva naha niisutamiseks Suures annuses h\u00fcaluroonhape annab koheselt s\u00e4ravalt noorenenud v\u00e4limuse ning muudab n\u00e4ojooned v\u00e4rskendatuks ja siledaks Ideaalne k\u00f5rgendatud niiskusvajadusega nahale &nbsp; Kasutamine: Kandke puhastatud nahale ja patsutage \u00f5rnalt, peale kreem.","og_url":"https:\/\/beautyinstitute.ee\/toode\/ampullid-tostva-efektiga-lifting-52ml-baehr\/","og_site_name":"Beauty Institute","article_modified_time":"2026-04-24T06:13:53+00:00","og_image":[{"width":1024,"height":1024,"url":"https:\/\/beautyinstitute.ee\/wp-content\/uploads\/2023\/08\/ampullen-set-lifting_25175_1m44jYvFFfnxTg_1280x1280@2x-1024x1024.png","type":"image\/png"}],"twitter_card":"summary_large_image","twitter_site":"@Beauty_Eesti","twitter_misc":{"\u041f\u0440\u0438\u043c\u0435\u0440\u043d\u043e\u0435 \u0432\u0440\u0435\u043c\u044f \u0434\u043b\u044f \u0447\u0442\u0435\u043d\u0438\u044f":"1 \u043c\u0438\u043d\u0443\u0442\u0430"},"schema":{"@context":"https:\/\/schema.org","@graph":[{"@type":"WebPage","@id":"https:\/\/beautyinstitute.ee\/toode\/ampullid-tostva-efektiga-lifting-52ml-baehr\/","url":"https:\/\/beautyinstitute.ee\/toode\/ampullid-tostva-efektiga-lifting-52ml-baehr\/","name":"Ampullid T\u00f5stva Efektiga Lifting 5*2Ml - Beauty Institute","isPartOf":{"@id":"https:\/\/beautyinstitute.ee\/#website"},"primaryImageOfPage":{"@id":"https:\/\/beautyinstitute.ee\/toode\/ampullid-tostva-efektiga-lifting-52ml-baehr\/#primaryimage"},"image":{"@id":"https:\/\/beautyinstitute.ee\/toode\/ampullid-tostva-efektiga-lifting-52ml-baehr\/#primaryimage"},"thumbnailUrl":"https:\/\/beautyinstitute.ee\/wp-content\/uploads\/2023\/08\/ampullen-set-lifting_25175_1m44jYvFFfnxTg_1280x1280@2x.png","datePublished":"2023-08-02T12:31:34+00:00","dateModified":"2026-04-24T06:13:53+00:00","breadcrumb":{"@id":"https:\/\/beautyinstitute.ee\/toode\/ampullid-tostva-efektiga-lifting-52ml-baehr\/#breadcrumb"},"inLanguage":"ru-RU","potentialAction":[{"@type":"ReadAction","target":["https:\/\/beautyinstitute.ee\/toode\/ampullid-tostva-efektiga-lifting-52ml-baehr\/"]}]},{"@type":"ImageObject","inLanguage":"ru-RU","@id":"https:\/\/beautyinstitute.ee\/toode\/ampullid-tostva-efektiga-lifting-52ml-baehr\/#primaryimage","url":"https:\/\/beautyinstitute.ee\/wp-content\/uploads\/2023\/08\/ampullen-set-lifting_25175_1m44jYvFFfnxTg_1280x1280@2x.png","contentUrl":"https:\/\/beautyinstitute.ee\/wp-content\/uploads\/2023\/08\/ampullen-set-lifting_25175_1m44jYvFFfnxTg_1280x1280@2x.png","width":2560,"height":2560},{"@type":"BreadcrumbList","@id":"https:\/\/beautyinstitute.ee\/toode\/ampullid-tostva-efektiga-lifting-52ml-baehr\/#breadcrumb","itemListElement":[{"@type":"ListItem","position":1,"name":"Home","item":"https:\/\/beautyinstitute.ee\/ru\/"},{"@type":"ListItem","position":2,"name":"E-pood","item":"https:\/\/beautyinstitute.ee\/e-pood\/"},{"@type":"ListItem","position":3,"name":"Ampullid T\u00f5stva Efektiga Lifting 5*2Ml"}]},{"@type":"WebSite","@id":"https:\/\/beautyinstitute.ee\/#website","url":"https:\/\/beautyinstitute.ee\/","name":"Beauty Institute","description":"CNC Cosmetic ametlik maaletooja ja edasim\u00fc\u00fcja Eestis, Soomes, L\u00e4tis. Aparaadikosmeetika, koolitused, kosmeetikatooted.","potentialAction":[{"@type":"SearchAction","target":{"@type":"EntryPoint","urlTemplate":"https:\/\/beautyinstitute.ee\/?s={search_term_string}"},"query-input":{"@type":"PropertyValueSpecification","valueRequired":true,"valueName":"search_term_string"}}],"inLanguage":"ru-RU"}]}},"_links":{"self":[{"href":"https:\/\/beautyinstitute.ee\/ru\/wp-json\/wp\/v2\/product\/24434","targetHints":{"allow":["GET"]}}],"collection":[{"href":"https:\/\/beautyinstitute.ee\/ru\/wp-json\/wp\/v2\/product"}],"about":[{"href":"https:\/\/beautyinstitute.ee\/ru\/wp-json\/wp\/v2\/types\/product"}],"wp:featuredmedia":[{"embeddable":true,"href":"https:\/\/beautyinstitute.ee\/ru\/wp-json\/wp\/v2\/media\/24435"}],"wp:attachment":[{"href":"https:\/\/beautyinstitute.ee\/ru\/wp-json\/wp\/v2\/media?parent=24434"}],"wp:term":[{"taxonomy":"product_cat","embeddable":true,"href":"https:\/\/beautyinstitute.ee\/ru\/wp-json\/wp\/v2\/product_cat?post=24434"},{"taxonomy":"product_tag","embeddable":true,"href":"https:\/\/beautyinstitute.ee\/ru\/wp-json\/wp\/v2\/product_tag?post=24434"}],"curies":[{"name":"wp","href":"https:\/\/api.w.org\/{rel}","templated":true}]}}