{"id":24438,"date":"2023-08-02T16:06:58","date_gmt":"2023-08-02T13:06:58","guid":{"rendered":"https:\/\/beautyinstitute.ee\/?post_type=product&#038;p=24438"},"modified":"2026-04-23T13:18:33","modified_gmt":"2026-04-23T10:18:33","slug":"aloe-vera-anti-aging-serum-detox-30ml-baehr","status":"publish","type":"product","link":"https:\/\/beautyinstitute.ee\/ru\/toode\/aloe-vera-anti-aging-serum-detox-30ml-baehr\/","title":{"rendered":"Aloe Vera Anti-Aging Serum Detox 30Ml"},"content":{"rendered":"<ul>\n<li id=\"tw-target-text\" class=\"tw-data-text tw-text-large tw-ta\" dir=\"ltr\" data-placeholder=\"T\u00f5lge\"><span class=\"Y2IQFc\" lang=\"et\">Aloe Vera Anti-Aging Serum Detox tugevdab naha kaitsebarj\u00e4\u00e4ri, annab nahale uut elastsust, eluj\u00f5udu ja tugevust. <\/span><\/li>\n<li class=\"tw-data-text tw-text-large tw-ta\" dir=\"ltr\" data-placeholder=\"T\u00f5lge\"><span class=\"Y2IQFc\" lang=\"et\">Rohelised aloe vera helmekesed ja aktiivsete koostisosade valged p\u00e4rlid moodustavad v\u00f5imsa kaitse kahjulike keskonnam\u00f5jude eest, mis kombineeruvad ja aktiveeruvad pumpamise ajal<\/span><\/li>\n<li class=\"tw-data-text tw-text-large tw-ta\" dir=\"ltr\" data-placeholder=\"T\u00f5lge\"><span class=\"Y2IQFc\" lang=\"et\">Jaapani verihein, kaaviari ekstrakt ning madal- ja k\u00f5rgmolekulaarne h\u00fcaluroonhape pakuvad tugevat niisutust.<\/span><\/li>\n<li class=\"tw-data-text tw-text-large tw-ta\" dir=\"ltr\" data-placeholder=\"T\u00f5lge\"><span class=\"Y2IQFc\" lang=\"et\">Valge lupiini valgud toetavad naha kaitsebarj\u00e4\u00e4ri taastumist ja piiravad niiskuskadu. <\/span><\/li>\n<\/ul>\n<p class=\"tw-data-text tw-text-large tw-ta\" dir=\"ltr\" data-placeholder=\"T\u00f5lge\"><span class=\"Y2IQFc\" lang=\"et\"><strong>Kasutamine:<\/strong> Kandke hommikuti ja \u00f5htuti puhastatud n\u00e4onahale ja masseerige sisse.<\/span><\/p>\n","protected":false},"excerpt":{"rendered":"<p>Aloe Vera Anti-Aging Serum Detox tugevdab naha kaitsebarj\u00e4\u00e4ri, annab nahale uut elastsust, eluj\u00f5udu ja tugevust. Rohelised aloe vera helmekesed ja aktiivsete koostisosade valged p\u00e4rlid moodustavad v\u00f5imsa kaitse kahjulike keskonnam\u00f5jude eest, mis kombineeruvad ja aktiveeruvad pumpamise ajal Jaapani verihein, kaaviari ekstrakt ning madal- ja k\u00f5rgmolekulaarne h\u00fcaluroonhape pakuvad tugevat niisutust. Valge lupiini valgud toetavad naha kaitsebarj\u00e4\u00e4ri taastumist [&hellip;]<\/p>\n","protected":false},"featured_media":24442,"template":"","meta":{"_acf_changed":false},"product_cat":[291,249],"product_tag":[],"class_list":["post-24438","product","type-product","status-publish","has-post-thumbnail","hentry","product_cat-baehr-cosmetic","product_cat-seerumid-2"],"acf":[],"yoast_head":"<!-- This site is optimized with the Yoast SEO plugin v25.4 - https:\/\/yoast.com\/wordpress\/plugins\/seo\/ -->\n<title>Aloe Vera Anti-Aging Serum Detox 30Ml - Beauty Institute<\/title>\n<meta name=\"robots\" content=\"index, follow, max-snippet:-1, max-image-preview:large, max-video-preview:-1\" \/>\n<link rel=\"canonical\" href=\"https:\/\/beautyinstitute.ee\/toode\/aloe-vera-anti-aging-serum-detox-30ml-baehr\/\" \/>\n<meta property=\"og:locale\" content=\"ru_RU\" \/>\n<meta property=\"og:type\" content=\"article\" \/>\n<meta property=\"og:title\" content=\"Aloe Vera Anti-Aging Serum Detox 30Ml - Beauty Institute\" \/>\n<meta property=\"og:description\" content=\"Aloe Vera Anti-Aging Serum Detox tugevdab naha kaitsebarj\u00e4\u00e4ri, annab nahale uut elastsust, eluj\u00f5udu ja tugevust. Rohelised aloe vera helmekesed ja aktiivsete koostisosade valged p\u00e4rlid moodustavad v\u00f5imsa kaitse kahjulike keskonnam\u00f5jude eest, mis kombineeruvad ja aktiveeruvad pumpamise ajal Jaapani verihein, kaaviari ekstrakt ning madal- ja k\u00f5rgmolekulaarne h\u00fcaluroonhape pakuvad tugevat niisutust. Valge lupiini valgud toetavad naha kaitsebarj\u00e4\u00e4ri taastumist [&hellip;]\" \/>\n<meta property=\"og:url\" content=\"https:\/\/beautyinstitute.ee\/toode\/aloe-vera-anti-aging-serum-detox-30ml-baehr\/\" \/>\n<meta property=\"og:site_name\" content=\"Beauty Institute\" \/>\n<meta property=\"article:modified_time\" content=\"2026-04-23T10:18:33+00:00\" \/>\n<meta property=\"og:image\" content=\"https:\/\/beautyinstitute.ee\/wp-content\/uploads\/2023\/08\/aloe-vera-anti-aging-serum-detox-2.png\" \/>\n\t<meta property=\"og:image:width\" content=\"2500\" \/>\n\t<meta property=\"og:image:height\" content=\"2500\" \/>\n\t<meta property=\"og:image:type\" content=\"image\/png\" \/>\n<meta name=\"twitter:card\" content=\"summary_large_image\" \/>\n<meta name=\"twitter:site\" content=\"@Beauty_Eesti\" \/>\n<meta name=\"twitter:label1\" content=\"\u041f\u0440\u0438\u043c\u0435\u0440\u043d\u043e\u0435 \u0432\u0440\u0435\u043c\u044f \u0434\u043b\u044f \u0447\u0442\u0435\u043d\u0438\u044f\" \/>\n\t<meta name=\"twitter:data1\" content=\"1 \u043c\u0438\u043d\u0443\u0442\u0430\" \/>\n<script type=\"application\/ld+json\" class=\"yoast-schema-graph\">{\"@context\":\"https:\/\/schema.org\",\"@graph\":[{\"@type\":\"WebPage\",\"@id\":\"https:\/\/beautyinstitute.ee\/toode\/aloe-vera-anti-aging-serum-detox-30ml-baehr\/\",\"url\":\"https:\/\/beautyinstitute.ee\/toode\/aloe-vera-anti-aging-serum-detox-30ml-baehr\/\",\"name\":\"Aloe Vera Anti-Aging Serum Detox 30Ml - Beauty Institute\",\"isPartOf\":{\"@id\":\"https:\/\/beautyinstitute.ee\/#website\"},\"primaryImageOfPage\":{\"@id\":\"https:\/\/beautyinstitute.ee\/toode\/aloe-vera-anti-aging-serum-detox-30ml-baehr\/#primaryimage\"},\"image\":{\"@id\":\"https:\/\/beautyinstitute.ee\/toode\/aloe-vera-anti-aging-serum-detox-30ml-baehr\/#primaryimage\"},\"thumbnailUrl\":\"https:\/\/beautyinstitute.ee\/wp-content\/uploads\/2023\/08\/aloe-vera-anti-aging-serum-detox-2.png\",\"datePublished\":\"2023-08-02T13:06:58+00:00\",\"dateModified\":\"2026-04-23T10:18:33+00:00\",\"breadcrumb\":{\"@id\":\"https:\/\/beautyinstitute.ee\/toode\/aloe-vera-anti-aging-serum-detox-30ml-baehr\/#breadcrumb\"},\"inLanguage\":\"ru-RU\",\"potentialAction\":[{\"@type\":\"ReadAction\",\"target\":[\"https:\/\/beautyinstitute.ee\/toode\/aloe-vera-anti-aging-serum-detox-30ml-baehr\/\"]}]},{\"@type\":\"ImageObject\",\"inLanguage\":\"ru-RU\",\"@id\":\"https:\/\/beautyinstitute.ee\/toode\/aloe-vera-anti-aging-serum-detox-30ml-baehr\/#primaryimage\",\"url\":\"https:\/\/beautyinstitute.ee\/wp-content\/uploads\/2023\/08\/aloe-vera-anti-aging-serum-detox-2.png\",\"contentUrl\":\"https:\/\/beautyinstitute.ee\/wp-content\/uploads\/2023\/08\/aloe-vera-anti-aging-serum-detox-2.png\",\"width\":2500,\"height\":2500},{\"@type\":\"BreadcrumbList\",\"@id\":\"https:\/\/beautyinstitute.ee\/toode\/aloe-vera-anti-aging-serum-detox-30ml-baehr\/#breadcrumb\",\"itemListElement\":[{\"@type\":\"ListItem\",\"position\":1,\"name\":\"Home\",\"item\":\"https:\/\/beautyinstitute.ee\/ru\/\"},{\"@type\":\"ListItem\",\"position\":2,\"name\":\"E-pood\",\"item\":\"https:\/\/beautyinstitute.ee\/e-pood\/\"},{\"@type\":\"ListItem\",\"position\":3,\"name\":\"Aloe Vera Anti-Aging Serum Detox 30Ml\"}]},{\"@type\":\"WebSite\",\"@id\":\"https:\/\/beautyinstitute.ee\/#website\",\"url\":\"https:\/\/beautyinstitute.ee\/\",\"name\":\"Beauty Institute\",\"description\":\"CNC Cosmetic ametlik maaletooja ja edasim\u00fc\u00fcja Eestis, Soomes, L\u00e4tis. Aparaadikosmeetika, koolitused, kosmeetikatooted.\",\"potentialAction\":[{\"@type\":\"SearchAction\",\"target\":{\"@type\":\"EntryPoint\",\"urlTemplate\":\"https:\/\/beautyinstitute.ee\/?s={search_term_string}\"},\"query-input\":{\"@type\":\"PropertyValueSpecification\",\"valueRequired\":true,\"valueName\":\"search_term_string\"}}],\"inLanguage\":\"ru-RU\"}]}<\/script>\n<!-- \/ Yoast SEO plugin. -->","yoast_head_json":{"title":"Aloe Vera Anti-Aging Serum Detox 30Ml - Beauty Institute","robots":{"index":"index","follow":"follow","max-snippet":"max-snippet:-1","max-image-preview":"max-image-preview:large","max-video-preview":"max-video-preview:-1"},"canonical":"https:\/\/beautyinstitute.ee\/toode\/aloe-vera-anti-aging-serum-detox-30ml-baehr\/","og_locale":"ru_RU","og_type":"article","og_title":"Aloe Vera Anti-Aging Serum Detox 30Ml - Beauty Institute","og_description":"Aloe Vera Anti-Aging Serum Detox tugevdab naha kaitsebarj\u00e4\u00e4ri, annab nahale uut elastsust, eluj\u00f5udu ja tugevust. Rohelised aloe vera helmekesed ja aktiivsete koostisosade valged p\u00e4rlid moodustavad v\u00f5imsa kaitse kahjulike keskonnam\u00f5jude eest, mis kombineeruvad ja aktiveeruvad pumpamise ajal Jaapani verihein, kaaviari ekstrakt ning madal- ja k\u00f5rgmolekulaarne h\u00fcaluroonhape pakuvad tugevat niisutust. Valge lupiini valgud toetavad naha kaitsebarj\u00e4\u00e4ri taastumist [&hellip;]","og_url":"https:\/\/beautyinstitute.ee\/toode\/aloe-vera-anti-aging-serum-detox-30ml-baehr\/","og_site_name":"Beauty Institute","article_modified_time":"2026-04-23T10:18:33+00:00","og_image":[{"width":2500,"height":2500,"url":"https:\/\/beautyinstitute.ee\/wp-content\/uploads\/2023\/08\/aloe-vera-anti-aging-serum-detox-2.png","type":"image\/png"}],"twitter_card":"summary_large_image","twitter_site":"@Beauty_Eesti","twitter_misc":{"\u041f\u0440\u0438\u043c\u0435\u0440\u043d\u043e\u0435 \u0432\u0440\u0435\u043c\u044f \u0434\u043b\u044f \u0447\u0442\u0435\u043d\u0438\u044f":"1 \u043c\u0438\u043d\u0443\u0442\u0430"},"schema":{"@context":"https:\/\/schema.org","@graph":[{"@type":"WebPage","@id":"https:\/\/beautyinstitute.ee\/toode\/aloe-vera-anti-aging-serum-detox-30ml-baehr\/","url":"https:\/\/beautyinstitute.ee\/toode\/aloe-vera-anti-aging-serum-detox-30ml-baehr\/","name":"Aloe Vera Anti-Aging Serum Detox 30Ml - Beauty Institute","isPartOf":{"@id":"https:\/\/beautyinstitute.ee\/#website"},"primaryImageOfPage":{"@id":"https:\/\/beautyinstitute.ee\/toode\/aloe-vera-anti-aging-serum-detox-30ml-baehr\/#primaryimage"},"image":{"@id":"https:\/\/beautyinstitute.ee\/toode\/aloe-vera-anti-aging-serum-detox-30ml-baehr\/#primaryimage"},"thumbnailUrl":"https:\/\/beautyinstitute.ee\/wp-content\/uploads\/2023\/08\/aloe-vera-anti-aging-serum-detox-2.png","datePublished":"2023-08-02T13:06:58+00:00","dateModified":"2026-04-23T10:18:33+00:00","breadcrumb":{"@id":"https:\/\/beautyinstitute.ee\/toode\/aloe-vera-anti-aging-serum-detox-30ml-baehr\/#breadcrumb"},"inLanguage":"ru-RU","potentialAction":[{"@type":"ReadAction","target":["https:\/\/beautyinstitute.ee\/toode\/aloe-vera-anti-aging-serum-detox-30ml-baehr\/"]}]},{"@type":"ImageObject","inLanguage":"ru-RU","@id":"https:\/\/beautyinstitute.ee\/toode\/aloe-vera-anti-aging-serum-detox-30ml-baehr\/#primaryimage","url":"https:\/\/beautyinstitute.ee\/wp-content\/uploads\/2023\/08\/aloe-vera-anti-aging-serum-detox-2.png","contentUrl":"https:\/\/beautyinstitute.ee\/wp-content\/uploads\/2023\/08\/aloe-vera-anti-aging-serum-detox-2.png","width":2500,"height":2500},{"@type":"BreadcrumbList","@id":"https:\/\/beautyinstitute.ee\/toode\/aloe-vera-anti-aging-serum-detox-30ml-baehr\/#breadcrumb","itemListElement":[{"@type":"ListItem","position":1,"name":"Home","item":"https:\/\/beautyinstitute.ee\/ru\/"},{"@type":"ListItem","position":2,"name":"E-pood","item":"https:\/\/beautyinstitute.ee\/e-pood\/"},{"@type":"ListItem","position":3,"name":"Aloe Vera Anti-Aging Serum Detox 30Ml"}]},{"@type":"WebSite","@id":"https:\/\/beautyinstitute.ee\/#website","url":"https:\/\/beautyinstitute.ee\/","name":"Beauty Institute","description":"CNC Cosmetic ametlik maaletooja ja edasim\u00fc\u00fcja Eestis, Soomes, L\u00e4tis. Aparaadikosmeetika, koolitused, kosmeetikatooted.","potentialAction":[{"@type":"SearchAction","target":{"@type":"EntryPoint","urlTemplate":"https:\/\/beautyinstitute.ee\/?s={search_term_string}"},"query-input":{"@type":"PropertyValueSpecification","valueRequired":true,"valueName":"search_term_string"}}],"inLanguage":"ru-RU"}]}},"_links":{"self":[{"href":"https:\/\/beautyinstitute.ee\/ru\/wp-json\/wp\/v2\/product\/24438","targetHints":{"allow":["GET"]}}],"collection":[{"href":"https:\/\/beautyinstitute.ee\/ru\/wp-json\/wp\/v2\/product"}],"about":[{"href":"https:\/\/beautyinstitute.ee\/ru\/wp-json\/wp\/v2\/types\/product"}],"wp:featuredmedia":[{"embeddable":true,"href":"https:\/\/beautyinstitute.ee\/ru\/wp-json\/wp\/v2\/media\/24442"}],"wp:attachment":[{"href":"https:\/\/beautyinstitute.ee\/ru\/wp-json\/wp\/v2\/media?parent=24438"}],"wp:term":[{"taxonomy":"product_cat","embeddable":true,"href":"https:\/\/beautyinstitute.ee\/ru\/wp-json\/wp\/v2\/product_cat?post=24438"},{"taxonomy":"product_tag","embeddable":true,"href":"https:\/\/beautyinstitute.ee\/ru\/wp-json\/wp\/v2\/product_tag?post=24438"}],"curies":[{"name":"wp","href":"https:\/\/api.w.org\/{rel}","templated":true}]}}