{"id":2470,"date":"2019-01-21T11:08:28","date_gmt":"2019-01-21T11:08:28","guid":{"rendered":"https:\/\/beautyinstitute.ee\/?post_type=product&#038;p=2470"},"modified":"2026-04-28T10:02:33","modified_gmt":"2026-04-28T07:02:33","slug":"couperose-kreem","status":"publish","type":"product","link":"https:\/\/beautyinstitute.ee\/ru\/toode\/couperose-kreem\/","title":{"rendered":"Couperose Kreem"},"content":{"rendered":"<p><strong>Intensiivravi\u00a0 kreem kuperoossele nahale.<\/strong><\/p>\n<p>Tugevdab tundlikke kapillaare ja veresoonte seinu\u00a0 ning ravib punetust.\u00a0 Kaitseb naha immuuns\u00fcsteemi ja niisutab intensiivselt.<\/p>\n<p><strong>Eelised:<\/strong><\/p>\n<ul>\n<li>hoiab \u00e4ra punetuse<\/li>\n<li>tugevdab kapillaare<\/li>\n<li>parandab naha niiskustaset<\/li>\n<\/ul>\n<p><strong>Sobilik:<\/strong> kuperoossele nahale.<\/p>\n<p><strong>Toimeained:<\/strong> mustikaekstrakt, rutiin, arnikaekstrakt, k\u00fcpressiekstrakt, vitamiin F, panthenol,\u00a0 allantoiin.<\/p>\n","protected":false},"excerpt":{"rendered":"<p>Intensiivravi\u00a0 kreem kuperoossele nahale. Tugevdab tundlikke kapillaare ja veresoonte seinu\u00a0 ning ravib punetust.\u00a0 Kaitseb naha immuuns\u00fcsteemi ja niisutab intensiivselt. Eelised: hoiab \u00e4ra punetuse tugevdab kapillaare parandab naha niiskustaset Sobilik: kuperoossele nahale. Toimeained: mustikaekstrakt, rutiin, arnikaekstrakt, k\u00fcpressiekstrakt, vitamiin F, panthenol,\u00a0 allantoiin.<\/p>\n","protected":false},"featured_media":2473,"template":"","meta":{"_acf_changed":false},"product_cat":[250,114,121],"product_tag":[],"class_list":["post-2470","product","type-product","status-publish","has-post-thumbnail","hentry","product_cat-naokreemid","product_cat-tootesarjad","product_cat-couperose-reducing"],"acf":[],"yoast_head":"<!-- This site is optimized with the Yoast SEO plugin v25.4 - https:\/\/yoast.com\/wordpress\/plugins\/seo\/ -->\n<title>Couperose Kreem - Beauty Institute<\/title>\n<meta name=\"robots\" content=\"index, follow, max-snippet:-1, max-image-preview:large, max-video-preview:-1\" \/>\n<link rel=\"canonical\" href=\"https:\/\/beautyinstitute.ee\/toode\/couperose-kreem\/\" \/>\n<meta property=\"og:locale\" content=\"ru_RU\" \/>\n<meta property=\"og:type\" content=\"article\" \/>\n<meta property=\"og:title\" content=\"Couperose Kreem - Beauty Institute\" \/>\n<meta property=\"og:description\" content=\"Intensiivravi\u00a0 kreem kuperoossele nahale. Tugevdab tundlikke kapillaare ja veresoonte seinu\u00a0 ning ravib punetust.\u00a0 Kaitseb naha immuuns\u00fcsteemi ja niisutab intensiivselt. Eelised: hoiab \u00e4ra punetuse tugevdab kapillaare parandab naha niiskustaset Sobilik: kuperoossele nahale. Toimeained: mustikaekstrakt, rutiin, arnikaekstrakt, k\u00fcpressiekstrakt, vitamiin F, panthenol,\u00a0 allantoiin.\" \/>\n<meta property=\"og:url\" content=\"https:\/\/beautyinstitute.ee\/toode\/couperose-kreem\/\" \/>\n<meta property=\"og:site_name\" content=\"Beauty Institute\" \/>\n<meta property=\"article:modified_time\" content=\"2026-04-28T07:02:33+00:00\" \/>\n<meta property=\"og:image\" content=\"https:\/\/beautyinstitute.ee\/wp-content\/uploads\/2019\/01\/cup-kreem.jpg\" \/>\n\t<meta property=\"og:image:width\" content=\"750\" \/>\n\t<meta property=\"og:image:height\" content=\"711\" \/>\n\t<meta property=\"og:image:type\" content=\"image\/jpeg\" \/>\n<meta name=\"twitter:card\" content=\"summary_large_image\" \/>\n<meta name=\"twitter:site\" content=\"@Beauty_Eesti\" \/>\n<script type=\"application\/ld+json\" class=\"yoast-schema-graph\">{\"@context\":\"https:\/\/schema.org\",\"@graph\":[{\"@type\":\"WebPage\",\"@id\":\"https:\/\/beautyinstitute.ee\/toode\/couperose-kreem\/\",\"url\":\"https:\/\/beautyinstitute.ee\/toode\/couperose-kreem\/\",\"name\":\"Couperose Kreem - Beauty Institute\",\"isPartOf\":{\"@id\":\"https:\/\/beautyinstitute.ee\/#website\"},\"primaryImageOfPage\":{\"@id\":\"https:\/\/beautyinstitute.ee\/toode\/couperose-kreem\/#primaryimage\"},\"image\":{\"@id\":\"https:\/\/beautyinstitute.ee\/toode\/couperose-kreem\/#primaryimage\"},\"thumbnailUrl\":\"https:\/\/beautyinstitute.ee\/wp-content\/uploads\/2019\/01\/cup-kreem.jpg\",\"datePublished\":\"2019-01-21T11:08:28+00:00\",\"dateModified\":\"2026-04-28T07:02:33+00:00\",\"breadcrumb\":{\"@id\":\"https:\/\/beautyinstitute.ee\/toode\/couperose-kreem\/#breadcrumb\"},\"inLanguage\":\"ru-RU\",\"potentialAction\":[{\"@type\":\"ReadAction\",\"target\":[\"https:\/\/beautyinstitute.ee\/toode\/couperose-kreem\/\"]}]},{\"@type\":\"ImageObject\",\"inLanguage\":\"ru-RU\",\"@id\":\"https:\/\/beautyinstitute.ee\/toode\/couperose-kreem\/#primaryimage\",\"url\":\"https:\/\/beautyinstitute.ee\/wp-content\/uploads\/2019\/01\/cup-kreem.jpg\",\"contentUrl\":\"https:\/\/beautyinstitute.ee\/wp-content\/uploads\/2019\/01\/cup-kreem.jpg\",\"width\":750,\"height\":711},{\"@type\":\"BreadcrumbList\",\"@id\":\"https:\/\/beautyinstitute.ee\/toode\/couperose-kreem\/#breadcrumb\",\"itemListElement\":[{\"@type\":\"ListItem\",\"position\":1,\"name\":\"Home\",\"item\":\"https:\/\/beautyinstitute.ee\/ru\/\"},{\"@type\":\"ListItem\",\"position\":2,\"name\":\"E-pood\",\"item\":\"https:\/\/beautyinstitute.ee\/e-pood\/\"},{\"@type\":\"ListItem\",\"position\":3,\"name\":\"Couperose Kreem\"}]},{\"@type\":\"WebSite\",\"@id\":\"https:\/\/beautyinstitute.ee\/#website\",\"url\":\"https:\/\/beautyinstitute.ee\/\",\"name\":\"Beauty Institute\",\"description\":\"CNC Cosmetic ametlik maaletooja ja edasim\u00fc\u00fcja Eestis, Soomes, L\u00e4tis. Aparaadikosmeetika, koolitused, kosmeetikatooted.\",\"potentialAction\":[{\"@type\":\"SearchAction\",\"target\":{\"@type\":\"EntryPoint\",\"urlTemplate\":\"https:\/\/beautyinstitute.ee\/?s={search_term_string}\"},\"query-input\":{\"@type\":\"PropertyValueSpecification\",\"valueRequired\":true,\"valueName\":\"search_term_string\"}}],\"inLanguage\":\"ru-RU\"}]}<\/script>\n<!-- \/ Yoast SEO plugin. -->","yoast_head_json":{"title":"Couperose Kreem - Beauty Institute","robots":{"index":"index","follow":"follow","max-snippet":"max-snippet:-1","max-image-preview":"max-image-preview:large","max-video-preview":"max-video-preview:-1"},"canonical":"https:\/\/beautyinstitute.ee\/toode\/couperose-kreem\/","og_locale":"ru_RU","og_type":"article","og_title":"Couperose Kreem - Beauty Institute","og_description":"Intensiivravi\u00a0 kreem kuperoossele nahale. Tugevdab tundlikke kapillaare ja veresoonte seinu\u00a0 ning ravib punetust.\u00a0 Kaitseb naha immuuns\u00fcsteemi ja niisutab intensiivselt. Eelised: hoiab \u00e4ra punetuse tugevdab kapillaare parandab naha niiskustaset Sobilik: kuperoossele nahale. Toimeained: mustikaekstrakt, rutiin, arnikaekstrakt, k\u00fcpressiekstrakt, vitamiin F, panthenol,\u00a0 allantoiin.","og_url":"https:\/\/beautyinstitute.ee\/toode\/couperose-kreem\/","og_site_name":"Beauty Institute","article_modified_time":"2026-04-28T07:02:33+00:00","og_image":[{"width":750,"height":711,"url":"https:\/\/beautyinstitute.ee\/wp-content\/uploads\/2019\/01\/cup-kreem.jpg","type":"image\/jpeg"}],"twitter_card":"summary_large_image","twitter_site":"@Beauty_Eesti","schema":{"@context":"https:\/\/schema.org","@graph":[{"@type":"WebPage","@id":"https:\/\/beautyinstitute.ee\/toode\/couperose-kreem\/","url":"https:\/\/beautyinstitute.ee\/toode\/couperose-kreem\/","name":"Couperose Kreem - Beauty Institute","isPartOf":{"@id":"https:\/\/beautyinstitute.ee\/#website"},"primaryImageOfPage":{"@id":"https:\/\/beautyinstitute.ee\/toode\/couperose-kreem\/#primaryimage"},"image":{"@id":"https:\/\/beautyinstitute.ee\/toode\/couperose-kreem\/#primaryimage"},"thumbnailUrl":"https:\/\/beautyinstitute.ee\/wp-content\/uploads\/2019\/01\/cup-kreem.jpg","datePublished":"2019-01-21T11:08:28+00:00","dateModified":"2026-04-28T07:02:33+00:00","breadcrumb":{"@id":"https:\/\/beautyinstitute.ee\/toode\/couperose-kreem\/#breadcrumb"},"inLanguage":"ru-RU","potentialAction":[{"@type":"ReadAction","target":["https:\/\/beautyinstitute.ee\/toode\/couperose-kreem\/"]}]},{"@type":"ImageObject","inLanguage":"ru-RU","@id":"https:\/\/beautyinstitute.ee\/toode\/couperose-kreem\/#primaryimage","url":"https:\/\/beautyinstitute.ee\/wp-content\/uploads\/2019\/01\/cup-kreem.jpg","contentUrl":"https:\/\/beautyinstitute.ee\/wp-content\/uploads\/2019\/01\/cup-kreem.jpg","width":750,"height":711},{"@type":"BreadcrumbList","@id":"https:\/\/beautyinstitute.ee\/toode\/couperose-kreem\/#breadcrumb","itemListElement":[{"@type":"ListItem","position":1,"name":"Home","item":"https:\/\/beautyinstitute.ee\/ru\/"},{"@type":"ListItem","position":2,"name":"E-pood","item":"https:\/\/beautyinstitute.ee\/e-pood\/"},{"@type":"ListItem","position":3,"name":"Couperose Kreem"}]},{"@type":"WebSite","@id":"https:\/\/beautyinstitute.ee\/#website","url":"https:\/\/beautyinstitute.ee\/","name":"Beauty Institute","description":"CNC Cosmetic ametlik maaletooja ja edasim\u00fc\u00fcja Eestis, Soomes, L\u00e4tis. Aparaadikosmeetika, koolitused, kosmeetikatooted.","potentialAction":[{"@type":"SearchAction","target":{"@type":"EntryPoint","urlTemplate":"https:\/\/beautyinstitute.ee\/?s={search_term_string}"},"query-input":{"@type":"PropertyValueSpecification","valueRequired":true,"valueName":"search_term_string"}}],"inLanguage":"ru-RU"}]}},"_links":{"self":[{"href":"https:\/\/beautyinstitute.ee\/ru\/wp-json\/wp\/v2\/product\/2470","targetHints":{"allow":["GET"]}}],"collection":[{"href":"https:\/\/beautyinstitute.ee\/ru\/wp-json\/wp\/v2\/product"}],"about":[{"href":"https:\/\/beautyinstitute.ee\/ru\/wp-json\/wp\/v2\/types\/product"}],"wp:featuredmedia":[{"embeddable":true,"href":"https:\/\/beautyinstitute.ee\/ru\/wp-json\/wp\/v2\/media\/2473"}],"wp:attachment":[{"href":"https:\/\/beautyinstitute.ee\/ru\/wp-json\/wp\/v2\/media?parent=2470"}],"wp:term":[{"taxonomy":"product_cat","embeddable":true,"href":"https:\/\/beautyinstitute.ee\/ru\/wp-json\/wp\/v2\/product_cat?post=2470"},{"taxonomy":"product_tag","embeddable":true,"href":"https:\/\/beautyinstitute.ee\/ru\/wp-json\/wp\/v2\/product_tag?post=2470"}],"curies":[{"name":"wp","href":"https:\/\/api.w.org\/{rel}","templated":true}]}}