{"id":24719,"date":"2023-08-28T13:27:06","date_gmt":"2023-08-28T10:27:06","guid":{"rendered":"https:\/\/beautyinstitute.ee\/?post_type=product&#038;p=24719"},"modified":"2026-04-02T13:03:42","modified_gmt":"2026-04-02T10:03:42","slug":"katekreem-passionviljaga-30-ml","status":"publish","type":"product","link":"https:\/\/beautyinstitute.ee\/ru\/toode\/katekreem-passionviljaga-30-ml\/","title":{"rendered":"K\u00e4tekreem Passionviljaga 30 Ml"},"content":{"rendered":"<ul>\n<li dir=\"ltr\" data-placeholder=\"T\u00f5lge\">Rikkalik intensiivhooldus sametiselt pehmete k\u00e4te jaoks<\/li>\n<li id=\"tw-target-text\" class=\"tw-data-text tw-text-large tw-ta\" dir=\"ltr\" data-placeholder=\"T\u00f5lge\">Vitaliseeriv k\u00e4tekreem v\u00e4\u00e4rtusliku kannatuslille\u00f5li ja karbamiidiga toidab ja hooldab kuiva, karedat ja l\u00f5henenud nahka<\/li>\n<li id=\"tw-target-text\" class=\"tw-data-text tw-text-large tw-ta\" dir=\"ltr\" data-placeholder=\"T\u00f5lge\"><span class=\"Y2IQFc\" lang=\"et\">Uurea niisutab <\/span><\/li>\n<li>Surnumere sool m\u00f5jub rahustavalt ja on rikas v\u00e4\u00e4rtuslike mineraalide poolest.<\/li>\n<li><span class=\"Y2IQFc\" lang=\"et\">Dermatoloogiliselt testitud\u00a0<\/span><\/li>\n<\/ul>\n<p id=\"tw-target-text\" class=\"tw-data-text tw-text-large tw-ta\" dir=\"ltr\" data-placeholder=\"T\u00f5lge\">Kasutamine: Kandke k\u00e4tekreem kaks korda p\u00e4evas k\u00e4tele ja masseerige sisse.<\/p>\n","protected":false},"excerpt":{"rendered":"<p>Rikkalik intensiivhooldus sametiselt pehmete k\u00e4te jaoks Vitaliseeriv k\u00e4tekreem v\u00e4\u00e4rtusliku kannatuslille\u00f5li ja karbamiidiga toidab ja hooldab kuiva, karedat ja l\u00f5henenud nahka Uurea niisutab Surnumere sool m\u00f5jub rahustavalt ja on rikas v\u00e4\u00e4rtuslike mineraalide poolest. Dermatoloogiliselt testitud\u00a0 Kasutamine: Kandke k\u00e4tekreem kaks korda p\u00e4evas k\u00e4tele ja masseerige sisse.<\/p>\n","protected":false},"featured_media":24722,"template":"","meta":{"_acf_changed":false},"product_cat":[291,254],"product_tag":[],"class_list":["post-24719","product","type-product","status-publish","has-post-thumbnail","hentry","product_cat-baehr-cosmetic","product_cat-katehooldustooted"],"acf":[],"yoast_head":"<!-- This site is optimized with the Yoast SEO plugin v25.4 - https:\/\/yoast.com\/wordpress\/plugins\/seo\/ -->\n<title>K\u00e4tekreem Passionviljaga 30 Ml - Beauty Institute<\/title>\n<meta name=\"robots\" content=\"index, follow, max-snippet:-1, max-image-preview:large, max-video-preview:-1\" \/>\n<link rel=\"canonical\" href=\"https:\/\/beautyinstitute.ee\/toode\/katekreem-passionviljaga-30-ml\/\" \/>\n<meta property=\"og:locale\" content=\"ru_RU\" \/>\n<meta property=\"og:type\" content=\"article\" \/>\n<meta property=\"og:title\" content=\"K\u00e4tekreem Passionviljaga 30 Ml - Beauty Institute\" \/>\n<meta property=\"og:description\" content=\"Rikkalik intensiivhooldus sametiselt pehmete k\u00e4te jaoks Vitaliseeriv k\u00e4tekreem v\u00e4\u00e4rtusliku kannatuslille\u00f5li ja karbamiidiga toidab ja hooldab kuiva, karedat ja l\u00f5henenud nahka Uurea niisutab Surnumere sool m\u00f5jub rahustavalt ja on rikas v\u00e4\u00e4rtuslike mineraalide poolest. Dermatoloogiliselt testitud\u00a0 Kasutamine: Kandke k\u00e4tekreem kaks korda p\u00e4evas k\u00e4tele ja masseerige sisse.\" \/>\n<meta property=\"og:url\" content=\"https:\/\/beautyinstitute.ee\/toode\/katekreem-passionviljaga-30-ml\/\" \/>\n<meta property=\"og:site_name\" content=\"Beauty Institute\" \/>\n<meta property=\"article:modified_time\" content=\"2026-04-02T10:03:42+00:00\" \/>\n<meta property=\"og:image\" content=\"https:\/\/beautyinstitute.ee\/wp-content\/uploads\/2023\/08\/passion.png\" \/>\n\t<meta property=\"og:image:width\" content=\"1280\" \/>\n\t<meta property=\"og:image:height\" content=\"1280\" \/>\n\t<meta property=\"og:image:type\" content=\"image\/png\" \/>\n<meta name=\"twitter:card\" content=\"summary_large_image\" \/>\n<meta name=\"twitter:site\" content=\"@Beauty_Eesti\" \/>\n<meta name=\"twitter:label1\" content=\"\u041f\u0440\u0438\u043c\u0435\u0440\u043d\u043e\u0435 \u0432\u0440\u0435\u043c\u044f \u0434\u043b\u044f \u0447\u0442\u0435\u043d\u0438\u044f\" \/>\n\t<meta name=\"twitter:data1\" content=\"1 \u043c\u0438\u043d\u0443\u0442\u0430\" \/>\n<script type=\"application\/ld+json\" class=\"yoast-schema-graph\">{\"@context\":\"https:\/\/schema.org\",\"@graph\":[{\"@type\":\"WebPage\",\"@id\":\"https:\/\/beautyinstitute.ee\/toode\/katekreem-passionviljaga-30-ml\/\",\"url\":\"https:\/\/beautyinstitute.ee\/toode\/katekreem-passionviljaga-30-ml\/\",\"name\":\"K\u00e4tekreem Passionviljaga 30 Ml - Beauty Institute\",\"isPartOf\":{\"@id\":\"https:\/\/beautyinstitute.ee\/#website\"},\"primaryImageOfPage\":{\"@id\":\"https:\/\/beautyinstitute.ee\/toode\/katekreem-passionviljaga-30-ml\/#primaryimage\"},\"image\":{\"@id\":\"https:\/\/beautyinstitute.ee\/toode\/katekreem-passionviljaga-30-ml\/#primaryimage\"},\"thumbnailUrl\":\"https:\/\/beautyinstitute.ee\/wp-content\/uploads\/2023\/08\/passion.png\",\"datePublished\":\"2023-08-28T10:27:06+00:00\",\"dateModified\":\"2026-04-02T10:03:42+00:00\",\"breadcrumb\":{\"@id\":\"https:\/\/beautyinstitute.ee\/toode\/katekreem-passionviljaga-30-ml\/#breadcrumb\"},\"inLanguage\":\"ru-RU\",\"potentialAction\":[{\"@type\":\"ReadAction\",\"target\":[\"https:\/\/beautyinstitute.ee\/toode\/katekreem-passionviljaga-30-ml\/\"]}]},{\"@type\":\"ImageObject\",\"inLanguage\":\"ru-RU\",\"@id\":\"https:\/\/beautyinstitute.ee\/toode\/katekreem-passionviljaga-30-ml\/#primaryimage\",\"url\":\"https:\/\/beautyinstitute.ee\/wp-content\/uploads\/2023\/08\/passion.png\",\"contentUrl\":\"https:\/\/beautyinstitute.ee\/wp-content\/uploads\/2023\/08\/passion.png\",\"width\":1280,\"height\":1280},{\"@type\":\"BreadcrumbList\",\"@id\":\"https:\/\/beautyinstitute.ee\/toode\/katekreem-passionviljaga-30-ml\/#breadcrumb\",\"itemListElement\":[{\"@type\":\"ListItem\",\"position\":1,\"name\":\"Home\",\"item\":\"https:\/\/beautyinstitute.ee\/ru\/\"},{\"@type\":\"ListItem\",\"position\":2,\"name\":\"E-pood\",\"item\":\"https:\/\/beautyinstitute.ee\/e-pood\/\"},{\"@type\":\"ListItem\",\"position\":3,\"name\":\"K\u00e4tekreem Passionviljaga 30 Ml\"}]},{\"@type\":\"WebSite\",\"@id\":\"https:\/\/beautyinstitute.ee\/#website\",\"url\":\"https:\/\/beautyinstitute.ee\/\",\"name\":\"Beauty Institute\",\"description\":\"CNC Cosmetic ametlik maaletooja ja edasim\u00fc\u00fcja Eestis, Soomes, L\u00e4tis. Aparaadikosmeetika, koolitused, kosmeetikatooted.\",\"potentialAction\":[{\"@type\":\"SearchAction\",\"target\":{\"@type\":\"EntryPoint\",\"urlTemplate\":\"https:\/\/beautyinstitute.ee\/?s={search_term_string}\"},\"query-input\":{\"@type\":\"PropertyValueSpecification\",\"valueRequired\":true,\"valueName\":\"search_term_string\"}}],\"inLanguage\":\"ru-RU\"}]}<\/script>\n<!-- \/ Yoast SEO plugin. -->","yoast_head_json":{"title":"K\u00e4tekreem Passionviljaga 30 Ml - Beauty Institute","robots":{"index":"index","follow":"follow","max-snippet":"max-snippet:-1","max-image-preview":"max-image-preview:large","max-video-preview":"max-video-preview:-1"},"canonical":"https:\/\/beautyinstitute.ee\/toode\/katekreem-passionviljaga-30-ml\/","og_locale":"ru_RU","og_type":"article","og_title":"K\u00e4tekreem Passionviljaga 30 Ml - Beauty Institute","og_description":"Rikkalik intensiivhooldus sametiselt pehmete k\u00e4te jaoks Vitaliseeriv k\u00e4tekreem v\u00e4\u00e4rtusliku kannatuslille\u00f5li ja karbamiidiga toidab ja hooldab kuiva, karedat ja l\u00f5henenud nahka Uurea niisutab Surnumere sool m\u00f5jub rahustavalt ja on rikas v\u00e4\u00e4rtuslike mineraalide poolest. Dermatoloogiliselt testitud\u00a0 Kasutamine: Kandke k\u00e4tekreem kaks korda p\u00e4evas k\u00e4tele ja masseerige sisse.","og_url":"https:\/\/beautyinstitute.ee\/toode\/katekreem-passionviljaga-30-ml\/","og_site_name":"Beauty Institute","article_modified_time":"2026-04-02T10:03:42+00:00","og_image":[{"width":1280,"height":1280,"url":"https:\/\/beautyinstitute.ee\/wp-content\/uploads\/2023\/08\/passion.png","type":"image\/png"}],"twitter_card":"summary_large_image","twitter_site":"@Beauty_Eesti","twitter_misc":{"\u041f\u0440\u0438\u043c\u0435\u0440\u043d\u043e\u0435 \u0432\u0440\u0435\u043c\u044f \u0434\u043b\u044f \u0447\u0442\u0435\u043d\u0438\u044f":"1 \u043c\u0438\u043d\u0443\u0442\u0430"},"schema":{"@context":"https:\/\/schema.org","@graph":[{"@type":"WebPage","@id":"https:\/\/beautyinstitute.ee\/toode\/katekreem-passionviljaga-30-ml\/","url":"https:\/\/beautyinstitute.ee\/toode\/katekreem-passionviljaga-30-ml\/","name":"K\u00e4tekreem Passionviljaga 30 Ml - Beauty Institute","isPartOf":{"@id":"https:\/\/beautyinstitute.ee\/#website"},"primaryImageOfPage":{"@id":"https:\/\/beautyinstitute.ee\/toode\/katekreem-passionviljaga-30-ml\/#primaryimage"},"image":{"@id":"https:\/\/beautyinstitute.ee\/toode\/katekreem-passionviljaga-30-ml\/#primaryimage"},"thumbnailUrl":"https:\/\/beautyinstitute.ee\/wp-content\/uploads\/2023\/08\/passion.png","datePublished":"2023-08-28T10:27:06+00:00","dateModified":"2026-04-02T10:03:42+00:00","breadcrumb":{"@id":"https:\/\/beautyinstitute.ee\/toode\/katekreem-passionviljaga-30-ml\/#breadcrumb"},"inLanguage":"ru-RU","potentialAction":[{"@type":"ReadAction","target":["https:\/\/beautyinstitute.ee\/toode\/katekreem-passionviljaga-30-ml\/"]}]},{"@type":"ImageObject","inLanguage":"ru-RU","@id":"https:\/\/beautyinstitute.ee\/toode\/katekreem-passionviljaga-30-ml\/#primaryimage","url":"https:\/\/beautyinstitute.ee\/wp-content\/uploads\/2023\/08\/passion.png","contentUrl":"https:\/\/beautyinstitute.ee\/wp-content\/uploads\/2023\/08\/passion.png","width":1280,"height":1280},{"@type":"BreadcrumbList","@id":"https:\/\/beautyinstitute.ee\/toode\/katekreem-passionviljaga-30-ml\/#breadcrumb","itemListElement":[{"@type":"ListItem","position":1,"name":"Home","item":"https:\/\/beautyinstitute.ee\/ru\/"},{"@type":"ListItem","position":2,"name":"E-pood","item":"https:\/\/beautyinstitute.ee\/e-pood\/"},{"@type":"ListItem","position":3,"name":"K\u00e4tekreem Passionviljaga 30 Ml"}]},{"@type":"WebSite","@id":"https:\/\/beautyinstitute.ee\/#website","url":"https:\/\/beautyinstitute.ee\/","name":"Beauty Institute","description":"CNC Cosmetic ametlik maaletooja ja edasim\u00fc\u00fcja Eestis, Soomes, L\u00e4tis. Aparaadikosmeetika, koolitused, kosmeetikatooted.","potentialAction":[{"@type":"SearchAction","target":{"@type":"EntryPoint","urlTemplate":"https:\/\/beautyinstitute.ee\/?s={search_term_string}"},"query-input":{"@type":"PropertyValueSpecification","valueRequired":true,"valueName":"search_term_string"}}],"inLanguage":"ru-RU"}]}},"_links":{"self":[{"href":"https:\/\/beautyinstitute.ee\/ru\/wp-json\/wp\/v2\/product\/24719","targetHints":{"allow":["GET"]}}],"collection":[{"href":"https:\/\/beautyinstitute.ee\/ru\/wp-json\/wp\/v2\/product"}],"about":[{"href":"https:\/\/beautyinstitute.ee\/ru\/wp-json\/wp\/v2\/types\/product"}],"wp:featuredmedia":[{"embeddable":true,"href":"https:\/\/beautyinstitute.ee\/ru\/wp-json\/wp\/v2\/media\/24722"}],"wp:attachment":[{"href":"https:\/\/beautyinstitute.ee\/ru\/wp-json\/wp\/v2\/media?parent=24719"}],"wp:term":[{"taxonomy":"product_cat","embeddable":true,"href":"https:\/\/beautyinstitute.ee\/ru\/wp-json\/wp\/v2\/product_cat?post=24719"},{"taxonomy":"product_tag","embeddable":true,"href":"https:\/\/beautyinstitute.ee\/ru\/wp-json\/wp\/v2\/product_tag?post=24719"}],"curies":[{"name":"wp","href":"https:\/\/api.w.org\/{rel}","templated":true}]}}