{"id":24739,"date":"2023-08-29T10:35:36","date_gmt":"2023-08-29T07:35:36","guid":{"rendered":"https:\/\/beautyinstitute.ee\/?post_type=product&#038;p=24739"},"modified":"2026-04-23T13:39:42","modified_gmt":"2026-04-23T10:39:42","slug":"katekreem-johvikas-30ml","status":"publish","type":"product","link":"https:\/\/beautyinstitute.ee\/ru\/toode\/katekreem-johvikas-30ml\/","title":{"rendered":"K\u00e4tekreem J\u00f5hvikas 30Ml"},"content":{"rendered":"<p>Supertoit nahale: j\u00f5hvikakreem j\u00f5hvikaekstrakti ja karbamiidiga.<\/p>\n<ul>\n<li>vastupandamatu l\u00f5hnaga puuviljane k\u00e4tekreem<\/li>\n<li>muudab naha m\u00e4rgatavalt elastseks<\/li>\n<li>antioks\u00fcdantsed ja rahustavad koostisained nagu j\u00f5hvikaekstrakt, E-vitamiin ja bisabolool kaitsevad ja hooldavad nahka<\/li>\n<li>uurea, gl\u00fctseriin ja sorbitool niisutavad nahka<\/li>\n<li>j\u00f5hvika puuviljal\u00f5hn ja vihje mandlile pakuvad imelist l\u00f5hna- ja hoolduskogemust<\/li>\n<li style=\"text-align: left;\">dermatoloogiliselt testitud<\/li>\n<\/ul>\n<p><strong>Kasutamine:\u00a0<\/strong>Kandke k\u00e4tele ja masseerige sisse.<\/p>\n","protected":false},"excerpt":{"rendered":"<p>Supertoit nahale: j\u00f5hvikakreem j\u00f5hvikaekstrakti ja karbamiidiga. vastupandamatu l\u00f5hnaga puuviljane k\u00e4tekreem muudab naha m\u00e4rgatavalt elastseks antioks\u00fcdantsed ja rahustavad koostisained nagu j\u00f5hvikaekstrakt, E-vitamiin ja bisabolool kaitsevad ja hooldavad nahka uurea, gl\u00fctseriin ja sorbitool niisutavad nahka j\u00f5hvika puuviljal\u00f5hn ja vihje mandlile pakuvad imelist l\u00f5hna- ja hoolduskogemust dermatoloogiliselt testitud Kasutamine:\u00a0Kandke k\u00e4tele ja masseerige sisse.<\/p>\n","protected":false},"featured_media":24741,"template":"","meta":{"_acf_changed":false},"product_cat":[291,254],"product_tag":[],"class_list":["post-24739","product","type-product","status-publish","has-post-thumbnail","hentry","product_cat-baehr-cosmetic","product_cat-katehooldustooted"],"acf":[],"yoast_head":"<!-- This site is optimized with the Yoast SEO plugin v25.4 - https:\/\/yoast.com\/wordpress\/plugins\/seo\/ -->\n<title>K\u00e4tekreem J\u00f5hvikas 30Ml - Beauty Institute<\/title>\n<meta name=\"robots\" content=\"index, follow, max-snippet:-1, max-image-preview:large, max-video-preview:-1\" \/>\n<link rel=\"canonical\" href=\"https:\/\/beautyinstitute.ee\/toode\/katekreem-johvikas-30ml\/\" \/>\n<meta property=\"og:locale\" content=\"ru_RU\" \/>\n<meta property=\"og:type\" content=\"article\" \/>\n<meta property=\"og:title\" content=\"K\u00e4tekreem J\u00f5hvikas 30Ml - Beauty Institute\" \/>\n<meta property=\"og:description\" content=\"Supertoit nahale: j\u00f5hvikakreem j\u00f5hvikaekstrakti ja karbamiidiga. vastupandamatu l\u00f5hnaga puuviljane k\u00e4tekreem muudab naha m\u00e4rgatavalt elastseks antioks\u00fcdantsed ja rahustavad koostisained nagu j\u00f5hvikaekstrakt, E-vitamiin ja bisabolool kaitsevad ja hooldavad nahka uurea, gl\u00fctseriin ja sorbitool niisutavad nahka j\u00f5hvika puuviljal\u00f5hn ja vihje mandlile pakuvad imelist l\u00f5hna- ja hoolduskogemust dermatoloogiliselt testitud Kasutamine:\u00a0Kandke k\u00e4tele ja masseerige sisse.\" \/>\n<meta property=\"og:url\" content=\"https:\/\/beautyinstitute.ee\/toode\/katekreem-johvikas-30ml\/\" \/>\n<meta property=\"og:site_name\" content=\"Beauty Institute\" \/>\n<meta property=\"article:modified_time\" content=\"2026-04-23T10:39:42+00:00\" \/>\n<meta property=\"og:image\" content=\"https:\/\/beautyinstitute.ee\/wp-content\/uploads\/2023\/08\/handcreme-cranberry_11726_1280x1280@2x.png\" \/>\n\t<meta property=\"og:image:width\" content=\"2560\" \/>\n\t<meta property=\"og:image:height\" content=\"2560\" \/>\n\t<meta property=\"og:image:type\" content=\"image\/png\" \/>\n<meta name=\"twitter:card\" content=\"summary_large_image\" \/>\n<meta name=\"twitter:site\" content=\"@Beauty_Eesti\" \/>\n<meta name=\"twitter:label1\" content=\"\u041f\u0440\u0438\u043c\u0435\u0440\u043d\u043e\u0435 \u0432\u0440\u0435\u043c\u044f \u0434\u043b\u044f \u0447\u0442\u0435\u043d\u0438\u044f\" \/>\n\t<meta name=\"twitter:data1\" content=\"1 \u043c\u0438\u043d\u0443\u0442\u0430\" \/>\n<script type=\"application\/ld+json\" class=\"yoast-schema-graph\">{\"@context\":\"https:\/\/schema.org\",\"@graph\":[{\"@type\":\"WebPage\",\"@id\":\"https:\/\/beautyinstitute.ee\/toode\/katekreem-johvikas-30ml\/\",\"url\":\"https:\/\/beautyinstitute.ee\/toode\/katekreem-johvikas-30ml\/\",\"name\":\"K\u00e4tekreem J\u00f5hvikas 30Ml - Beauty Institute\",\"isPartOf\":{\"@id\":\"https:\/\/beautyinstitute.ee\/#website\"},\"primaryImageOfPage\":{\"@id\":\"https:\/\/beautyinstitute.ee\/toode\/katekreem-johvikas-30ml\/#primaryimage\"},\"image\":{\"@id\":\"https:\/\/beautyinstitute.ee\/toode\/katekreem-johvikas-30ml\/#primaryimage\"},\"thumbnailUrl\":\"https:\/\/beautyinstitute.ee\/wp-content\/uploads\/2023\/08\/handcreme-cranberry_11726_1280x1280@2x.png\",\"datePublished\":\"2023-08-29T07:35:36+00:00\",\"dateModified\":\"2026-04-23T10:39:42+00:00\",\"breadcrumb\":{\"@id\":\"https:\/\/beautyinstitute.ee\/toode\/katekreem-johvikas-30ml\/#breadcrumb\"},\"inLanguage\":\"ru-RU\",\"potentialAction\":[{\"@type\":\"ReadAction\",\"target\":[\"https:\/\/beautyinstitute.ee\/toode\/katekreem-johvikas-30ml\/\"]}]},{\"@type\":\"ImageObject\",\"inLanguage\":\"ru-RU\",\"@id\":\"https:\/\/beautyinstitute.ee\/toode\/katekreem-johvikas-30ml\/#primaryimage\",\"url\":\"https:\/\/beautyinstitute.ee\/wp-content\/uploads\/2023\/08\/handcreme-cranberry_11726_1280x1280@2x.png\",\"contentUrl\":\"https:\/\/beautyinstitute.ee\/wp-content\/uploads\/2023\/08\/handcreme-cranberry_11726_1280x1280@2x.png\",\"width\":2560,\"height\":2560},{\"@type\":\"BreadcrumbList\",\"@id\":\"https:\/\/beautyinstitute.ee\/toode\/katekreem-johvikas-30ml\/#breadcrumb\",\"itemListElement\":[{\"@type\":\"ListItem\",\"position\":1,\"name\":\"Home\",\"item\":\"https:\/\/beautyinstitute.ee\/ru\/\"},{\"@type\":\"ListItem\",\"position\":2,\"name\":\"E-pood\",\"item\":\"https:\/\/beautyinstitute.ee\/e-pood\/\"},{\"@type\":\"ListItem\",\"position\":3,\"name\":\"K\u00e4tekreem J\u00f5hvikas 30Ml\"}]},{\"@type\":\"WebSite\",\"@id\":\"https:\/\/beautyinstitute.ee\/#website\",\"url\":\"https:\/\/beautyinstitute.ee\/\",\"name\":\"Beauty Institute\",\"description\":\"CNC Cosmetic ametlik maaletooja ja edasim\u00fc\u00fcja Eestis, Soomes, L\u00e4tis. Aparaadikosmeetika, koolitused, kosmeetikatooted.\",\"potentialAction\":[{\"@type\":\"SearchAction\",\"target\":{\"@type\":\"EntryPoint\",\"urlTemplate\":\"https:\/\/beautyinstitute.ee\/?s={search_term_string}\"},\"query-input\":{\"@type\":\"PropertyValueSpecification\",\"valueRequired\":true,\"valueName\":\"search_term_string\"}}],\"inLanguage\":\"ru-RU\"}]}<\/script>\n<!-- \/ Yoast SEO plugin. -->","yoast_head_json":{"title":"K\u00e4tekreem J\u00f5hvikas 30Ml - Beauty Institute","robots":{"index":"index","follow":"follow","max-snippet":"max-snippet:-1","max-image-preview":"max-image-preview:large","max-video-preview":"max-video-preview:-1"},"canonical":"https:\/\/beautyinstitute.ee\/toode\/katekreem-johvikas-30ml\/","og_locale":"ru_RU","og_type":"article","og_title":"K\u00e4tekreem J\u00f5hvikas 30Ml - Beauty Institute","og_description":"Supertoit nahale: j\u00f5hvikakreem j\u00f5hvikaekstrakti ja karbamiidiga. vastupandamatu l\u00f5hnaga puuviljane k\u00e4tekreem muudab naha m\u00e4rgatavalt elastseks antioks\u00fcdantsed ja rahustavad koostisained nagu j\u00f5hvikaekstrakt, E-vitamiin ja bisabolool kaitsevad ja hooldavad nahka uurea, gl\u00fctseriin ja sorbitool niisutavad nahka j\u00f5hvika puuviljal\u00f5hn ja vihje mandlile pakuvad imelist l\u00f5hna- ja hoolduskogemust dermatoloogiliselt testitud Kasutamine:\u00a0Kandke k\u00e4tele ja masseerige sisse.","og_url":"https:\/\/beautyinstitute.ee\/toode\/katekreem-johvikas-30ml\/","og_site_name":"Beauty Institute","article_modified_time":"2026-04-23T10:39:42+00:00","og_image":[{"width":2560,"height":2560,"url":"https:\/\/beautyinstitute.ee\/wp-content\/uploads\/2023\/08\/handcreme-cranberry_11726_1280x1280@2x.png","type":"image\/png"}],"twitter_card":"summary_large_image","twitter_site":"@Beauty_Eesti","twitter_misc":{"\u041f\u0440\u0438\u043c\u0435\u0440\u043d\u043e\u0435 \u0432\u0440\u0435\u043c\u044f \u0434\u043b\u044f \u0447\u0442\u0435\u043d\u0438\u044f":"1 \u043c\u0438\u043d\u0443\u0442\u0430"},"schema":{"@context":"https:\/\/schema.org","@graph":[{"@type":"WebPage","@id":"https:\/\/beautyinstitute.ee\/toode\/katekreem-johvikas-30ml\/","url":"https:\/\/beautyinstitute.ee\/toode\/katekreem-johvikas-30ml\/","name":"K\u00e4tekreem J\u00f5hvikas 30Ml - Beauty Institute","isPartOf":{"@id":"https:\/\/beautyinstitute.ee\/#website"},"primaryImageOfPage":{"@id":"https:\/\/beautyinstitute.ee\/toode\/katekreem-johvikas-30ml\/#primaryimage"},"image":{"@id":"https:\/\/beautyinstitute.ee\/toode\/katekreem-johvikas-30ml\/#primaryimage"},"thumbnailUrl":"https:\/\/beautyinstitute.ee\/wp-content\/uploads\/2023\/08\/handcreme-cranberry_11726_1280x1280@2x.png","datePublished":"2023-08-29T07:35:36+00:00","dateModified":"2026-04-23T10:39:42+00:00","breadcrumb":{"@id":"https:\/\/beautyinstitute.ee\/toode\/katekreem-johvikas-30ml\/#breadcrumb"},"inLanguage":"ru-RU","potentialAction":[{"@type":"ReadAction","target":["https:\/\/beautyinstitute.ee\/toode\/katekreem-johvikas-30ml\/"]}]},{"@type":"ImageObject","inLanguage":"ru-RU","@id":"https:\/\/beautyinstitute.ee\/toode\/katekreem-johvikas-30ml\/#primaryimage","url":"https:\/\/beautyinstitute.ee\/wp-content\/uploads\/2023\/08\/handcreme-cranberry_11726_1280x1280@2x.png","contentUrl":"https:\/\/beautyinstitute.ee\/wp-content\/uploads\/2023\/08\/handcreme-cranberry_11726_1280x1280@2x.png","width":2560,"height":2560},{"@type":"BreadcrumbList","@id":"https:\/\/beautyinstitute.ee\/toode\/katekreem-johvikas-30ml\/#breadcrumb","itemListElement":[{"@type":"ListItem","position":1,"name":"Home","item":"https:\/\/beautyinstitute.ee\/ru\/"},{"@type":"ListItem","position":2,"name":"E-pood","item":"https:\/\/beautyinstitute.ee\/e-pood\/"},{"@type":"ListItem","position":3,"name":"K\u00e4tekreem J\u00f5hvikas 30Ml"}]},{"@type":"WebSite","@id":"https:\/\/beautyinstitute.ee\/#website","url":"https:\/\/beautyinstitute.ee\/","name":"Beauty Institute","description":"CNC Cosmetic ametlik maaletooja ja edasim\u00fc\u00fcja Eestis, Soomes, L\u00e4tis. Aparaadikosmeetika, koolitused, kosmeetikatooted.","potentialAction":[{"@type":"SearchAction","target":{"@type":"EntryPoint","urlTemplate":"https:\/\/beautyinstitute.ee\/?s={search_term_string}"},"query-input":{"@type":"PropertyValueSpecification","valueRequired":true,"valueName":"search_term_string"}}],"inLanguage":"ru-RU"}]}},"_links":{"self":[{"href":"https:\/\/beautyinstitute.ee\/ru\/wp-json\/wp\/v2\/product\/24739","targetHints":{"allow":["GET"]}}],"collection":[{"href":"https:\/\/beautyinstitute.ee\/ru\/wp-json\/wp\/v2\/product"}],"about":[{"href":"https:\/\/beautyinstitute.ee\/ru\/wp-json\/wp\/v2\/types\/product"}],"wp:featuredmedia":[{"embeddable":true,"href":"https:\/\/beautyinstitute.ee\/ru\/wp-json\/wp\/v2\/media\/24741"}],"wp:attachment":[{"href":"https:\/\/beautyinstitute.ee\/ru\/wp-json\/wp\/v2\/media?parent=24739"}],"wp:term":[{"taxonomy":"product_cat","embeddable":true,"href":"https:\/\/beautyinstitute.ee\/ru\/wp-json\/wp\/v2\/product_cat?post=24739"},{"taxonomy":"product_tag","embeddable":true,"href":"https:\/\/beautyinstitute.ee\/ru\/wp-json\/wp\/v2\/product_tag?post=24739"}],"curies":[{"name":"wp","href":"https:\/\/api.w.org\/{rel}","templated":true}]}}