{"id":24751,"date":"2023-08-29T11:19:11","date_gmt":"2023-08-29T08:19:11","guid":{"rendered":"https:\/\/beautyinstitute.ee\/?post_type=product&#038;p=24751"},"modified":"2026-04-16T11:43:38","modified_gmt":"2026-04-16T08:43:38","slug":"geel-ookreem-50-ml-baehr","status":"publish","type":"product","link":"https:\/\/beautyinstitute.ee\/ru\/toode\/geel-ookreem-50-ml-baehr\/","title":{"rendered":"Geel-\u00d6\u00f6kreem 50 Ml Baehr"},"content":{"rendered":"<p>Vananemisvastase toimega \u00f6\u00f6kreem niisutab ja pehmendab nahka v\u00e4\u00e4rtuslike koostisainete, n\u00e4iteks kirsi\u00f5ie ekstrakti, karbamiidi ja senna ekstrakti abil. Kerge tekstuur j\u00e4tab nahale hommikul puhanud ja l\u00f5\u00f5gastunud tunde. Nahk on tugevam ja eluj\u00f5ulisem. P\u00e4ev v\u00f5ib alata.<\/p>\n<p><strong>Kasutamine:<\/strong> Kandke \u00f5htuti n\u00e4ole ja kaelale.<br \/>\nToode sisaldab looduslikke koostisosi, mis v\u00f5ivad p\u00f5hjustada v\u00e4rvimuutusi, ilma et see m\u00f5jutaks toote kvaliteeti.<\/p>\n","protected":false},"excerpt":{"rendered":"<p>Vananemisvastase toimega \u00f6\u00f6kreem niisutab ja pehmendab nahka v\u00e4\u00e4rtuslike koostisainete, n\u00e4iteks kirsi\u00f5ie ekstrakti, karbamiidi ja senna ekstrakti abil. Kerge tekstuur j\u00e4tab nahale hommikul puhanud ja l\u00f5\u00f5gastunud tunde. Nahk on tugevam ja eluj\u00f5ulisem. P\u00e4ev v\u00f5ib alata. Kasutamine: Kandke \u00f5htuti n\u00e4ole ja kaelale. Toode sisaldab looduslikke koostisosi, mis v\u00f5ivad p\u00f5hjustada v\u00e4rvimuutusi, ilma et see m\u00f5jutaks toote kvaliteeti.<\/p>\n","protected":false},"featured_media":24753,"template":"","meta":{"_acf_changed":false},"product_cat":[291,250],"product_tag":[],"class_list":["post-24751","product","type-product","status-publish","has-post-thumbnail","hentry","product_cat-baehr-cosmetic","product_cat-naokreemid"],"acf":[],"yoast_head":"<!-- This site is optimized with the Yoast SEO plugin v25.4 - https:\/\/yoast.com\/wordpress\/plugins\/seo\/ -->\n<title>Geel-\u00d6\u00f6kreem 50 Ml Baehr - Beauty Institute<\/title>\n<meta name=\"robots\" content=\"index, follow, max-snippet:-1, max-image-preview:large, max-video-preview:-1\" \/>\n<link rel=\"canonical\" href=\"https:\/\/beautyinstitute.ee\/toode\/geel-ookreem-50-ml-baehr\/\" \/>\n<meta property=\"og:locale\" content=\"ru_RU\" \/>\n<meta property=\"og:type\" content=\"article\" \/>\n<meta property=\"og:title\" content=\"Geel-\u00d6\u00f6kreem 50 Ml Baehr - Beauty Institute\" \/>\n<meta property=\"og:description\" content=\"Vananemisvastase toimega \u00f6\u00f6kreem niisutab ja pehmendab nahka v\u00e4\u00e4rtuslike koostisainete, n\u00e4iteks kirsi\u00f5ie ekstrakti, karbamiidi ja senna ekstrakti abil. Kerge tekstuur j\u00e4tab nahale hommikul puhanud ja l\u00f5\u00f5gastunud tunde. Nahk on tugevam ja eluj\u00f5ulisem. P\u00e4ev v\u00f5ib alata. Kasutamine: Kandke \u00f5htuti n\u00e4ole ja kaelale. Toode sisaldab looduslikke koostisosi, mis v\u00f5ivad p\u00f5hjustada v\u00e4rvimuutusi, ilma et see m\u00f5jutaks toote kvaliteeti.\" \/>\n<meta property=\"og:url\" content=\"https:\/\/beautyinstitute.ee\/toode\/geel-ookreem-50-ml-baehr\/\" \/>\n<meta property=\"og:site_name\" content=\"Beauty Institute\" \/>\n<meta property=\"article:modified_time\" content=\"2026-04-16T08:43:38+00:00\" \/>\n<meta property=\"og:image\" content=\"https:\/\/beautyinstitute.ee\/wp-content\/uploads\/2023\/08\/gel-nachtcreme-anti-aging_25186_1280x1280@2x.png\" \/>\n\t<meta property=\"og:image:width\" content=\"2095\" \/>\n\t<meta property=\"og:image:height\" content=\"2095\" \/>\n\t<meta property=\"og:image:type\" content=\"image\/png\" \/>\n<meta name=\"twitter:card\" content=\"summary_large_image\" \/>\n<meta name=\"twitter:site\" content=\"@Beauty_Eesti\" \/>\n<meta name=\"twitter:label1\" content=\"\u041f\u0440\u0438\u043c\u0435\u0440\u043d\u043e\u0435 \u0432\u0440\u0435\u043c\u044f \u0434\u043b\u044f \u0447\u0442\u0435\u043d\u0438\u044f\" \/>\n\t<meta name=\"twitter:data1\" content=\"1 \u043c\u0438\u043d\u0443\u0442\u0430\" \/>\n<script type=\"application\/ld+json\" class=\"yoast-schema-graph\">{\"@context\":\"https:\/\/schema.org\",\"@graph\":[{\"@type\":\"WebPage\",\"@id\":\"https:\/\/beautyinstitute.ee\/toode\/geel-ookreem-50-ml-baehr\/\",\"url\":\"https:\/\/beautyinstitute.ee\/toode\/geel-ookreem-50-ml-baehr\/\",\"name\":\"Geel-\u00d6\u00f6kreem 50 Ml Baehr - Beauty Institute\",\"isPartOf\":{\"@id\":\"https:\/\/beautyinstitute.ee\/#website\"},\"primaryImageOfPage\":{\"@id\":\"https:\/\/beautyinstitute.ee\/toode\/geel-ookreem-50-ml-baehr\/#primaryimage\"},\"image\":{\"@id\":\"https:\/\/beautyinstitute.ee\/toode\/geel-ookreem-50-ml-baehr\/#primaryimage\"},\"thumbnailUrl\":\"https:\/\/beautyinstitute.ee\/wp-content\/uploads\/2023\/08\/gel-nachtcreme-anti-aging_25186_1280x1280@2x.png\",\"datePublished\":\"2023-08-29T08:19:11+00:00\",\"dateModified\":\"2026-04-16T08:43:38+00:00\",\"breadcrumb\":{\"@id\":\"https:\/\/beautyinstitute.ee\/toode\/geel-ookreem-50-ml-baehr\/#breadcrumb\"},\"inLanguage\":\"ru-RU\",\"potentialAction\":[{\"@type\":\"ReadAction\",\"target\":[\"https:\/\/beautyinstitute.ee\/toode\/geel-ookreem-50-ml-baehr\/\"]}]},{\"@type\":\"ImageObject\",\"inLanguage\":\"ru-RU\",\"@id\":\"https:\/\/beautyinstitute.ee\/toode\/geel-ookreem-50-ml-baehr\/#primaryimage\",\"url\":\"https:\/\/beautyinstitute.ee\/wp-content\/uploads\/2023\/08\/gel-nachtcreme-anti-aging_25186_1280x1280@2x.png\",\"contentUrl\":\"https:\/\/beautyinstitute.ee\/wp-content\/uploads\/2023\/08\/gel-nachtcreme-anti-aging_25186_1280x1280@2x.png\",\"width\":2095,\"height\":2095},{\"@type\":\"BreadcrumbList\",\"@id\":\"https:\/\/beautyinstitute.ee\/toode\/geel-ookreem-50-ml-baehr\/#breadcrumb\",\"itemListElement\":[{\"@type\":\"ListItem\",\"position\":1,\"name\":\"Home\",\"item\":\"https:\/\/beautyinstitute.ee\/ru\/\"},{\"@type\":\"ListItem\",\"position\":2,\"name\":\"E-pood\",\"item\":\"https:\/\/beautyinstitute.ee\/e-pood\/\"},{\"@type\":\"ListItem\",\"position\":3,\"name\":\"Geel-\u00d6\u00f6kreem 50 Ml Baehr\"}]},{\"@type\":\"WebSite\",\"@id\":\"https:\/\/beautyinstitute.ee\/#website\",\"url\":\"https:\/\/beautyinstitute.ee\/\",\"name\":\"Beauty Institute\",\"description\":\"CNC Cosmetic ametlik maaletooja ja edasim\u00fc\u00fcja Eestis, Soomes, L\u00e4tis. Aparaadikosmeetika, koolitused, kosmeetikatooted.\",\"potentialAction\":[{\"@type\":\"SearchAction\",\"target\":{\"@type\":\"EntryPoint\",\"urlTemplate\":\"https:\/\/beautyinstitute.ee\/?s={search_term_string}\"},\"query-input\":{\"@type\":\"PropertyValueSpecification\",\"valueRequired\":true,\"valueName\":\"search_term_string\"}}],\"inLanguage\":\"ru-RU\"}]}<\/script>\n<!-- \/ Yoast SEO plugin. -->","yoast_head_json":{"title":"Geel-\u00d6\u00f6kreem 50 Ml Baehr - Beauty Institute","robots":{"index":"index","follow":"follow","max-snippet":"max-snippet:-1","max-image-preview":"max-image-preview:large","max-video-preview":"max-video-preview:-1"},"canonical":"https:\/\/beautyinstitute.ee\/toode\/geel-ookreem-50-ml-baehr\/","og_locale":"ru_RU","og_type":"article","og_title":"Geel-\u00d6\u00f6kreem 50 Ml Baehr - Beauty Institute","og_description":"Vananemisvastase toimega \u00f6\u00f6kreem niisutab ja pehmendab nahka v\u00e4\u00e4rtuslike koostisainete, n\u00e4iteks kirsi\u00f5ie ekstrakti, karbamiidi ja senna ekstrakti abil. Kerge tekstuur j\u00e4tab nahale hommikul puhanud ja l\u00f5\u00f5gastunud tunde. Nahk on tugevam ja eluj\u00f5ulisem. P\u00e4ev v\u00f5ib alata. Kasutamine: Kandke \u00f5htuti n\u00e4ole ja kaelale. Toode sisaldab looduslikke koostisosi, mis v\u00f5ivad p\u00f5hjustada v\u00e4rvimuutusi, ilma et see m\u00f5jutaks toote kvaliteeti.","og_url":"https:\/\/beautyinstitute.ee\/toode\/geel-ookreem-50-ml-baehr\/","og_site_name":"Beauty Institute","article_modified_time":"2026-04-16T08:43:38+00:00","og_image":[{"width":2095,"height":2095,"url":"https:\/\/beautyinstitute.ee\/wp-content\/uploads\/2023\/08\/gel-nachtcreme-anti-aging_25186_1280x1280@2x.png","type":"image\/png"}],"twitter_card":"summary_large_image","twitter_site":"@Beauty_Eesti","twitter_misc":{"\u041f\u0440\u0438\u043c\u0435\u0440\u043d\u043e\u0435 \u0432\u0440\u0435\u043c\u044f \u0434\u043b\u044f \u0447\u0442\u0435\u043d\u0438\u044f":"1 \u043c\u0438\u043d\u0443\u0442\u0430"},"schema":{"@context":"https:\/\/schema.org","@graph":[{"@type":"WebPage","@id":"https:\/\/beautyinstitute.ee\/toode\/geel-ookreem-50-ml-baehr\/","url":"https:\/\/beautyinstitute.ee\/toode\/geel-ookreem-50-ml-baehr\/","name":"Geel-\u00d6\u00f6kreem 50 Ml Baehr - Beauty Institute","isPartOf":{"@id":"https:\/\/beautyinstitute.ee\/#website"},"primaryImageOfPage":{"@id":"https:\/\/beautyinstitute.ee\/toode\/geel-ookreem-50-ml-baehr\/#primaryimage"},"image":{"@id":"https:\/\/beautyinstitute.ee\/toode\/geel-ookreem-50-ml-baehr\/#primaryimage"},"thumbnailUrl":"https:\/\/beautyinstitute.ee\/wp-content\/uploads\/2023\/08\/gel-nachtcreme-anti-aging_25186_1280x1280@2x.png","datePublished":"2023-08-29T08:19:11+00:00","dateModified":"2026-04-16T08:43:38+00:00","breadcrumb":{"@id":"https:\/\/beautyinstitute.ee\/toode\/geel-ookreem-50-ml-baehr\/#breadcrumb"},"inLanguage":"ru-RU","potentialAction":[{"@type":"ReadAction","target":["https:\/\/beautyinstitute.ee\/toode\/geel-ookreem-50-ml-baehr\/"]}]},{"@type":"ImageObject","inLanguage":"ru-RU","@id":"https:\/\/beautyinstitute.ee\/toode\/geel-ookreem-50-ml-baehr\/#primaryimage","url":"https:\/\/beautyinstitute.ee\/wp-content\/uploads\/2023\/08\/gel-nachtcreme-anti-aging_25186_1280x1280@2x.png","contentUrl":"https:\/\/beautyinstitute.ee\/wp-content\/uploads\/2023\/08\/gel-nachtcreme-anti-aging_25186_1280x1280@2x.png","width":2095,"height":2095},{"@type":"BreadcrumbList","@id":"https:\/\/beautyinstitute.ee\/toode\/geel-ookreem-50-ml-baehr\/#breadcrumb","itemListElement":[{"@type":"ListItem","position":1,"name":"Home","item":"https:\/\/beautyinstitute.ee\/ru\/"},{"@type":"ListItem","position":2,"name":"E-pood","item":"https:\/\/beautyinstitute.ee\/e-pood\/"},{"@type":"ListItem","position":3,"name":"Geel-\u00d6\u00f6kreem 50 Ml Baehr"}]},{"@type":"WebSite","@id":"https:\/\/beautyinstitute.ee\/#website","url":"https:\/\/beautyinstitute.ee\/","name":"Beauty Institute","description":"CNC Cosmetic ametlik maaletooja ja edasim\u00fc\u00fcja Eestis, Soomes, L\u00e4tis. Aparaadikosmeetika, koolitused, kosmeetikatooted.","potentialAction":[{"@type":"SearchAction","target":{"@type":"EntryPoint","urlTemplate":"https:\/\/beautyinstitute.ee\/?s={search_term_string}"},"query-input":{"@type":"PropertyValueSpecification","valueRequired":true,"valueName":"search_term_string"}}],"inLanguage":"ru-RU"}]}},"_links":{"self":[{"href":"https:\/\/beautyinstitute.ee\/ru\/wp-json\/wp\/v2\/product\/24751","targetHints":{"allow":["GET"]}}],"collection":[{"href":"https:\/\/beautyinstitute.ee\/ru\/wp-json\/wp\/v2\/product"}],"about":[{"href":"https:\/\/beautyinstitute.ee\/ru\/wp-json\/wp\/v2\/types\/product"}],"wp:featuredmedia":[{"embeddable":true,"href":"https:\/\/beautyinstitute.ee\/ru\/wp-json\/wp\/v2\/media\/24753"}],"wp:attachment":[{"href":"https:\/\/beautyinstitute.ee\/ru\/wp-json\/wp\/v2\/media?parent=24751"}],"wp:term":[{"taxonomy":"product_cat","embeddable":true,"href":"https:\/\/beautyinstitute.ee\/ru\/wp-json\/wp\/v2\/product_cat?post=24751"},{"taxonomy":"product_tag","embeddable":true,"href":"https:\/\/beautyinstitute.ee\/ru\/wp-json\/wp\/v2\/product_tag?post=24751"}],"curies":[{"name":"wp","href":"https:\/\/api.w.org\/{rel}","templated":true}]}}